{"id":3256,"date":"2023-08-11T09:27:06","date_gmt":"2023-08-11T09:27:06","guid":{"rendered":"https:\/\/idckohtao.com\/night-diver-instructor-specialty\/"},"modified":"2026-01-01T09:05:25","modified_gmt":"2026-01-01T09:05:25","slug":"night-diver-instructor-specialty","status":"publish","type":"page","link":"https:\/\/idckohtao.com\/es\/pro-level-courses\/night-diver-instructor-specialty\/","title":{"rendered":"Buceador Nocturno Instructor Specialty"},"content":{"rendered":"<div class=\"wpb-content-wrapper\"><p>[vc_row][vc_column][vc_column_text css=\u00bb\u00bb]<\/p>\n<h2>Curso de Instructor PADI de especialidad en Koh Tao<\/h2>\n<p>\u00bfAlguna vez se ha preguntado qu\u00e9 es lo m\u00e1s fascinante de bucear de noche? \u00bfD\u00f3nde se va a dormir toda la vida marina? \u00bfQu\u00e9 sucede debajo del agua cuando se apaga la luz? Sea cual sea tu raz\u00f3n, bucear por la noche abre una nueva puerta con el mundo submarino y es un curso muy popular de los PADI Specialty.<\/p>\n<p>Hay muchas razones por las que los buceadores quieren bucear por la noche. Como instructor de especialidad de PADI Night Diver, puedes ense\u00f1ar a buceadores estudiantes c\u00f3mo explorar de forma segura el mundo submarino con una luz de buceo y ver c\u00f3mo cobra vida la noche.<\/p>\n<p>Puede mostrar con seguridad a sus alumnos c\u00f3mo cambia la escena por la noche, revelando criaturas y organismos que est\u00e1n ocultos durante el d\u00eda y que estallan en la vida por la noche.<\/p>\n<p><img decoding=\"async\" class=\"alignnone wp-image-1003 size-large\" src=\"https:\/\/idckohtao.com\/wp-content\/uploads\/2023\/08\/idc-koh-tao-padi-night-diver-instructor-specialty-course-koh-tao-1024x640.jpg\" alt=\"idc-koh-tao-padi-night-diver-instructor-specialty-course-koh-tao\" width=\"1024\" height=\"640\" srcset=\"https:\/\/idckohtao.com\/wp-content\/uploads\/2023\/08\/idc-koh-tao-padi-night-diver-instructor-specialty-course-koh-tao-1024x640.jpg 1024w, https:\/\/idckohtao.com\/wp-content\/uploads\/2023\/08\/idc-koh-tao-padi-night-diver-instructor-specialty-course-koh-tao-300x188.jpg 300w, https:\/\/idckohtao.com\/wp-content\/uploads\/2023\/08\/idc-koh-tao-padi-night-diver-instructor-specialty-course-koh-tao-768x480.jpg 768w, https:\/\/idckohtao.com\/wp-content\/uploads\/2023\/08\/idc-koh-tao-padi-night-diver-instructor-specialty-course-koh-tao.jpg 1080w\" sizes=\"(max-width: 1024px) 100vw, 1024px\" \/><\/p>\n<h2>Buceo nocturno alrededor de Koh Tao<\/h2>\n<p>Los sitios de buceo alrededor de Koh Tao son un excelente campo de entrenamiento para realizar inmersiones nocturnas. Como Instructor Especial PADI Night Diver, podr\u00e1s ense\u00f1ar a los alumnos la importancia del equipo especializado de buceo nocturno, c\u00f3mo evaluar las condiciones de buceo, las t\u00e9cnicas de navegaci\u00f3n y c\u00f3mo usar y mantener las luces de buceo.<\/p>\n<p>Sus estudiantes de buceo aprender\u00e1n los procedimientos de buceo nocturno y c\u00f3mo aplicarlos dentro de los l\u00edmites recreativos mientras que comprenden c\u00f3mo interactuar de manera responsable y evitar perturbar la vida marina sensible.<\/p>\n<h3>\u00bfQui\u00e9n puede inscribirse en el curso PADI Night Diver Specialty Instructor?<\/h3>\n<p>Un\u00a0<a href=\"https:\/\/idckohtao.com\/es\/pro-level-courses\/padi-instructor-development-course\/\">PADI Open Water Scuba Instructor activo para la ense\u00f1anza (OWSI)<\/a><\/p>\n<p>Nota: Los candidatos de IDC \/ OWSI pueden participar en el curso de capacitaci\u00f3n PADI Night Diver Specialty Instructor, pero solo pueden solicitar la certificaci\u00f3n de Specialty Instructor despues de aprobar un IE.<\/p>\n<p>Los instructores especializados de PADI Night Diver deben haber asistido a un curso de capacitaci\u00f3n tomado por un Director de curso PADI y haber demostrado una prueba de experiencia previa a la certificaci\u00f3n. Este es un requisito de salida del curso.<\/p>\n<h2>Que aprenderas ?<\/h2>\n<p>Usted participar\u00e1 en las siguientes sesiones:<\/p>\n<ul>\n<li>Presentar y ser evaluado en una presentaci\u00f3n prescriptiva de la revisi\u00f3n del conocimiento del curso de especialidad PADI Night Diver.<\/li>\n<li>Est\u00e1ndares, procedimientos y el plan de estudios del curso PADI Night Diver Specialty<\/li>\n<li>C\u00f3mo organizar y dirigir el curso de especialidad PADI Night Diver<\/li>\n<li>Sesiones de desarrolo de habilidades en mar abierto: donde aprender\u00e1 c\u00f3mo demostrar, ejecutar y evaluar las habilidades a nivel de su estudiante del curso de especialidad PADI Night Diver.<\/li>\n<\/ul>\n<p><img decoding=\"async\" class=\"alignnone wp-image-1001 size-large\" src=\"https:\/\/idckohtao.com\/wp-content\/uploads\/2023\/08\/padi-night-diver-instructor-specialty-course-1024x512.jpg\" alt=\"padi-night-diver-instructor-specialty-course\" width=\"1024\" height=\"512\" srcset=\"https:\/\/idckohtao.com\/wp-content\/uploads\/2023\/08\/padi-night-diver-instructor-specialty-course-1024x512.jpg 1024w, https:\/\/idckohtao.com\/wp-content\/uploads\/2023\/08\/padi-night-diver-instructor-specialty-course-300x150.jpg 300w, https:\/\/idckohtao.com\/wp-content\/uploads\/2023\/08\/padi-night-diver-instructor-specialty-course-768x384.jpg 768w, https:\/\/idckohtao.com\/wp-content\/uploads\/2023\/08\/padi-night-diver-instructor-specialty-course.jpg 1080w\" sizes=\"(max-width: 1024px) 100vw, 1024px\" \/><\/p>\n<p>Completar\u00e1 las inmersiones de entrenamiento de aguas abiertas en uno de los sitios de buceo locales adecuados para esta capacitaci\u00f3n.<\/p>\n<p>Como Instructor Especial PADI Night Diver, est\u00e1s certificado para ense\u00f1ar de forma independiente el <strong>Curso Especializado PADI Night Diver<\/strong>[\/vc_column_text]<div class=\"text-left\"><div class=\"bt-course-price\"><h4>Precio del curso: 4,000 THB<\/h4><a href=\"https:\/\/idckohtao.com\/es\/packages-prices\" class=\"button\">RESERVA AHORA<\/a><\/div><\/div>[vc_column_text css=\u00bb\u00bb]<\/p>\n<h2>Materiales PADI:<\/h2>\n<p><i>Por favor traiga su\u00a0<\/i>Manual PADI Specialty Course Instructor<i>. Que Recibi\u00f3 como parte del paquete IDC Crew Pack durante su IDC.<\/i><\/p>\n<p>Adem\u00e1s, tambi\u00e9n necesitar\u00e1 una copia del Manual del instructor PADI. del 2010, el manual del Instructor est\u00e1 disponible como descarga gratuita para todos los miembros PADI que se renueven desde <a href=\"https:\/\/www.padi.com\/mypadi\/\" target=\"_blank\" rel=\"noopener\">www.padi.com\/mypadi<\/a><\/p>\n<h3>PADI TAXAS<\/h3>\n<p>Tarifa de solicitud PADI Buceo Nocturno Specialty Instructor: <strong>145 AUD$<\/strong>[\/vc_column_text][\/vc_column][\/vc_row]<\/p>\n<\/div>","protected":false},"excerpt":{"rendered":"<p>[vc_row][vc_column][vc_column_text css=\u00bb\u00bb] Curso de Instructor PADI de especialidad en Koh Tao \u00bfAlguna vez se ha preguntado qu\u00e9 es lo m\u00e1s fascinante de bucear de noche? \u00bfD\u00f3nde se va a dormir toda la vida marina? \u00bfQu\u00e9 sucede debajo del agua cuando se apaga la luz? Sea cual sea tu raz\u00f3n, bucear por la noche abre una [&hellip;]<\/p>\n","protected":false},"author":1,"featured_media":5096,"parent":7936,"menu_order":0,"comment_status":"closed","ping_status":"closed","template":"","meta":{"_acf_changed":false,"footnotes":""},"class_list":["post-3256","page","type-page","status-publish","has-post-thumbnail","hentry"],"acf":[],"yoast_head":"<!-- This site is optimized with the Yoast SEO Premium plugin v27.5 (Yoast SEO v27.5) - https:\/\/yoast.com\/product\/yoast-seo-premium-wordpress\/ -->\n<title>Curso de Instructor Especializado Buceo Nocturno PADI<\/title>\n<meta name=\"description\" content=\"El curso de instructor de especialidad de buceo nocturno PADI en Koh Tao lo certifica como instructor especializado de buceo nocturno y puede ense\u00f1ar a los estudiantes a bucear de manera segura por la noche\" \/>\n<meta name=\"robots\" content=\"index, follow, max-snippet:-1, max-image-preview:large, max-video-preview:-1\" \/>\n<link rel=\"canonical\" href=\"https:\/\/idckohtao.com\/es\/pro-level-courses\/night-diver-instructor-specialty\/\" \/>\n<meta property=\"og:locale\" content=\"es_ES\" \/>\n<meta property=\"og:type\" content=\"article\" \/>\n<meta property=\"og:title\" content=\"IDC Koh Tao | Curso de Instructor Especializado Buceo Nocturno PADI\" \/>\n<meta property=\"og:description\" content=\"El curso de instructor de especialidad de buceo nocturno PADI en Koh Tao lo certifica como instructor especializado de buceo nocturno y puede ense\u00f1ar a los estudiantes a bucear de manera segura por la noche\" \/>\n<meta property=\"og:url\" content=\"https:\/\/idckohtao.com\/es\/pro-level-courses\/night-diver-instructor-specialty\/\" \/>\n<meta property=\"og:site_name\" content=\"IDC Koh Tao\" \/>\n<meta property=\"article:publisher\" content=\"https:\/\/www.facebook.com\/GoProIDCKohTao\" \/>\n<meta property=\"article:modified_time\" content=\"2026-01-01T09:05:25+00:00\" \/>\n<meta property=\"og:image\" content=\"https:\/\/idckohtao.com\/wp-content\/uploads\/2023\/09\/idckohtao.com-night-diver-instructor-specialty-courses-in-koh-tao.jpg\" \/>\n\t<meta property=\"og:image:width\" content=\"1200\" \/>\n\t<meta property=\"og:image:height\" content=\"800\" \/>\n\t<meta property=\"og:image:type\" content=\"image\/jpeg\" \/>\n<meta name=\"twitter:card\" content=\"summary_large_image\" \/>\n<meta name=\"twitter:title\" content=\"IDC Koh Tao | Curso de Instructor Especializado Buceo Nocturno PADI\" \/>\n<meta name=\"twitter:description\" content=\"El curso de instructor de especialidad de buceo nocturno PADI en Koh Tao lo certifica como instructor especializado de buceo nocturno y puede ense\u00f1ar a los estudiantes a bucear de manera segura por la noche\" \/>\n<meta name=\"twitter:site\" content=\"@GoProIDCKohTao\" \/>\n<!-- \/ Yoast SEO Premium plugin. -->","yoast_head_json":{"title":"Curso de Instructor Especializado Buceo Nocturno PADI","description":"El curso de instructor de especialidad de buceo nocturno PADI en Koh Tao lo certifica como instructor especializado de buceo nocturno y puede ense\u00f1ar a los estudiantes a bucear de manera segura por la noche","robots":{"index":"index","follow":"follow","max-snippet":"max-snippet:-1","max-image-preview":"max-image-preview:large","max-video-preview":"max-video-preview:-1"},"canonical":"https:\/\/idckohtao.com\/es\/pro-level-courses\/night-diver-instructor-specialty\/","og_locale":"es_ES","og_type":"article","og_title":"IDC Koh Tao | Curso de Instructor Especializado Buceo Nocturno PADI","og_description":"El curso de instructor de especialidad de buceo nocturno PADI en Koh Tao lo certifica como instructor especializado de buceo nocturno y puede ense\u00f1ar a los estudiantes a bucear de manera segura por la noche","og_url":"https:\/\/idckohtao.com\/es\/pro-level-courses\/night-diver-instructor-specialty\/","og_site_name":"IDC Koh Tao","article_publisher":"https:\/\/www.facebook.com\/GoProIDCKohTao","article_modified_time":"2026-01-01T09:05:25+00:00","og_image":[{"width":1200,"height":800,"url":"https:\/\/idckohtao.com\/wp-content\/uploads\/2023\/09\/idckohtao.com-night-diver-instructor-specialty-courses-in-koh-tao.jpg","type":"image\/jpeg"}],"twitter_card":"summary_large_image","twitter_title":"IDC Koh Tao | Curso de Instructor Especializado Buceo Nocturno PADI","twitter_description":"El curso de instructor de especialidad de buceo nocturno PADI en Koh Tao lo certifica como instructor especializado de buceo nocturno y puede ense\u00f1ar a los estudiantes a bucear de manera segura por la noche","twitter_site":"@GoProIDCKohTao","schema":{"@context":"https:\/\/schema.org","@graph":[{"@type":"NewsArticle","@id":"https:\/\/idckohtao.com\/es\/pro-level-courses\/night-diver-instructor-specialty\/#article","isPartOf":{"@id":"https:\/\/idckohtao.com\/es\/pro-level-courses\/night-diver-instructor-specialty\/"},"author":{"name":"ojasya","@id":"https:\/\/idckohtao.com\/es\/#\/schema\/person\/d08d557cbfdbc171f824052dae697b02"},"headline":"Buceador Nocturno Instructor Specialty","datePublished":"2023-08-11T09:27:06+00:00","dateModified":"2026-01-01T09:05:25+00:00","mainEntityOfPage":{"@id":"https:\/\/idckohtao.com\/es\/pro-level-courses\/night-diver-instructor-specialty\/"},"wordCount":593,"publisher":{"@id":"https:\/\/idckohtao.com\/es\/#organization"},"image":{"@id":"https:\/\/idckohtao.com\/es\/pro-level-courses\/night-diver-instructor-specialty\/#primaryimage"},"thumbnailUrl":"https:\/\/idckohtao.com\/wp-content\/uploads\/2023\/09\/idckohtao.com-night-diver-instructor-specialty-courses-in-koh-tao.jpg","inLanguage":"es"},{"@type":"WebPage","@id":"https:\/\/idckohtao.com\/es\/pro-level-courses\/night-diver-instructor-specialty\/","url":"https:\/\/idckohtao.com\/es\/pro-level-courses\/night-diver-instructor-specialty\/","name":"Curso de Instructor Especializado Buceo Nocturno PADI","isPartOf":{"@id":"https:\/\/idckohtao.com\/es\/#website"},"primaryImageOfPage":{"@id":"https:\/\/idckohtao.com\/es\/pro-level-courses\/night-diver-instructor-specialty\/#primaryimage"},"image":{"@id":"https:\/\/idckohtao.com\/es\/pro-level-courses\/night-diver-instructor-specialty\/#primaryimage"},"thumbnailUrl":"https:\/\/idckohtao.com\/wp-content\/uploads\/2023\/09\/idckohtao.com-night-diver-instructor-specialty-courses-in-koh-tao.jpg","datePublished":"2023-08-11T09:27:06+00:00","dateModified":"2026-01-01T09:05:25+00:00","description":"El curso de instructor de especialidad de buceo nocturno PADI en Koh Tao lo certifica como instructor especializado de buceo nocturno y puede ense\u00f1ar a los estudiantes a bucear de manera segura por la noche","breadcrumb":{"@id":"https:\/\/idckohtao.com\/es\/pro-level-courses\/night-diver-instructor-specialty\/#breadcrumb"},"inLanguage":"es","potentialAction":[{"@type":"ReadAction","target":["https:\/\/idckohtao.com\/es\/pro-level-courses\/night-diver-instructor-specialty\/"]}]},{"@type":"ImageObject","inLanguage":"es","@id":"https:\/\/idckohtao.com\/es\/pro-level-courses\/night-diver-instructor-specialty\/#primaryimage","url":"https:\/\/idckohtao.com\/wp-content\/uploads\/2023\/09\/idckohtao.com-night-diver-instructor-specialty-courses-in-koh-tao.jpg","contentUrl":"https:\/\/idckohtao.com\/wp-content\/uploads\/2023\/09\/idckohtao.com-night-diver-instructor-specialty-courses-in-koh-tao.jpg","width":1200,"height":800,"caption":"Night Diver Instructor Specialty Course in Koh Tao"},{"@type":"BreadcrumbList","@id":"https:\/\/idckohtao.com\/es\/pro-level-courses\/night-diver-instructor-specialty\/#breadcrumb","itemListElement":[{"@type":"ListItem","position":1,"name":"Home","item":"https:\/\/idckohtao.com\/es\/"},{"@type":"ListItem","position":2,"name":"Pro level","item":"https:\/\/idckohtao.com\/es\/pro-level-courses\/"},{"@type":"ListItem","position":3,"name":"Buceador Nocturno Instructor Specialty"}]},{"@type":"WebSite","@id":"https:\/\/idckohtao.com\/es\/#website","url":"https:\/\/idckohtao.com\/es\/","name":"IDC Koh Tao","description":"PADI IDC 5 Star Diving Center in Koh Tao - Thailand","publisher":{"@id":"https:\/\/idckohtao.com\/es\/#organization"},"alternateName":"IDC Koh Tao in Thailand","potentialAction":[{"@type":"SearchAction","target":{"@type":"EntryPoint","urlTemplate":"https:\/\/idckohtao.com\/es\/?s={search_term_string}"},"query-input":{"@type":"PropertyValueSpecification","valueRequired":true,"valueName":"search_term_string"}}],"inLanguage":"es"},{"@type":"Organization","@id":"https:\/\/idckohtao.com\/es\/#organization","name":"IDC Koh Tao","alternateName":"IDC Koh Tao | Divemaster & Diving Instructor","url":"https:\/\/idckohtao.com\/es\/","logo":{"@type":"ImageObject","inLanguage":"es","@id":"https:\/\/idckohtao.com\/es\/#\/schema\/logo\/image\/","url":"https:\/\/idckohtao.com\/wp-content\/uploads\/2023\/09\/idckohtao.com-padi-diving-center-in-koh-tao-thailand.png","contentUrl":"https:\/\/idckohtao.com\/wp-content\/uploads\/2023\/09\/idckohtao.com-padi-diving-center-in-koh-tao-thailand.png","width":400,"height":300,"caption":"IDC Koh Tao"},"image":{"@id":"https:\/\/idckohtao.com\/es\/#\/schema\/logo\/image\/"},"sameAs":["https:\/\/www.facebook.com\/GoProIDCKohTao","https:\/\/x.com\/GoProIDCKohTao","https:\/\/www.youtube.com\/idckohtao","https:\/\/www.instagram.com\/idc.kohtao\/"],"description":"IDC Koh Tao is a part of the Black Turtle Dive pro level training team with three PADI Course Directors being led by Award Winning PADI Course Director Matt Bolton. Our full range of pro and recreational PADI Diving Courses provides aspiring scuba divers with education, fun, excitement, adventure, and a change of lifestyle or an opportunity to pursue a new career.","email":"info@idckohtao.com","legalName":"IDC Koh Tao","foundingDate":"2004-01-04","numberOfEmployees":{"@type":"QuantitativeValue","minValue":"1","maxValue":"10"},"correctionsPolicy":"https:\/\/idckohtao.com\/privacy-policy\/","ethicsPolicy":"https:\/\/idckohtao.com\/terms\/"},{"@type":"Person","@id":"https:\/\/idckohtao.com\/es\/#\/schema\/person\/d08d557cbfdbc171f824052dae697b02","name":"ojasya","image":{"@type":"ImageObject","inLanguage":"es","@id":"https:\/\/secure.gravatar.com\/avatar\/6fb34e36d09053a6545fc21d344613321bb1933f185132488f38052166f5a001?s=96&d=mm&r=g","url":"https:\/\/secure.gravatar.com\/avatar\/6fb34e36d09053a6545fc21d344613321bb1933f185132488f38052166f5a001?s=96&d=mm&r=g","contentUrl":"https:\/\/secure.gravatar.com\/avatar\/6fb34e36d09053a6545fc21d344613321bb1933f185132488f38052166f5a001?s=96&d=mm&r=g","caption":"ojasya"},"sameAs":["https:\/\/idckohtao.com"],"url":"https:\/\/idckohtao.com\/es\/blog\/author\/ojasya\/"}]}},"_links":{"self":[{"href":"https:\/\/idckohtao.com\/es\/wp-json\/wp\/v2\/pages\/3256","targetHints":{"allow":["GET"]}}],"collection":[{"href":"https:\/\/idckohtao.com\/es\/wp-json\/wp\/v2\/pages"}],"about":[{"href":"https:\/\/idckohtao.com\/es\/wp-json\/wp\/v2\/types\/page"}],"author":[{"embeddable":true,"href":"https:\/\/idckohtao.com\/es\/wp-json\/wp\/v2\/users\/1"}],"replies":[{"embeddable":true,"href":"https:\/\/idckohtao.com\/es\/wp-json\/wp\/v2\/comments?post=3256"}],"version-history":[{"count":3,"href":"https:\/\/idckohtao.com\/es\/wp-json\/wp\/v2\/pages\/3256\/revisions"}],"predecessor-version":[{"id":7561,"href":"https:\/\/idckohtao.com\/es\/wp-json\/wp\/v2\/pages\/3256\/revisions\/7561"}],"up":[{"embeddable":true,"href":"https:\/\/idckohtao.com\/es\/wp-json\/wp\/v2\/pages\/7936"}],"wp:featuredmedia":[{"embeddable":true,"href":"https:\/\/idckohtao.com\/es\/wp-json\/wp\/v2\/media\/5096"}],"wp:attachment":[{"href":"https:\/\/idckohtao.com\/es\/wp-json\/wp\/v2\/media?parent=3256"}],"curies":[{"name":"wp","href":"https:\/\/api.w.org\/{rel}","templated":true}]}}