{"id":3259,"date":"2023-08-10T13:37:15","date_gmt":"2023-08-10T13:37:15","guid":{"rendered":"https:\/\/idckohtao.com\/nitrox-instructor-specialty\/"},"modified":"2026-01-01T09:18:06","modified_gmt":"2026-01-01T09:18:06","slug":"nitrox-instructor-specialty","status":"publish","type":"page","link":"https:\/\/idckohtao.com\/es\/pro-level-courses\/nitrox-instructor-specialty\/","title":{"rendered":"Instructor de Especialidad Nitrox"},"content":{"rendered":"<div class=\"wpb-content-wrapper\"><p>[vc_row][vc_column][vc_column_text css=\u00bb\u00bb]<\/p>\n<h2>Curso de Instructor de especialidad PADI in Koh Tao<\/h2>\n<p>El curso PADI Enriched Air Diver (Nitrox) es el curso de especialidad PADI m\u00e1s popular del mundo y una certificaci\u00f3n \u201cobligatoria\u201d para cualquier instructor PADI. Los instructores especializados de Nitrox pueden ofrecer a sus alumnos buceado-res opciones m\u00e1ximas y, al hacerlo, un excelente servicio al cliente.<\/p>\n<p>Para cuando cada nuevo buceador haya completado su curso de nivel de entrada, todos habr\u00e1n o\u00eddo hablar de bucear en Enriched Air o \u201cNitrox\u201d como se conoce com\u00fanmente. Querr\u00e1n esa flexibilidad adicional de tiempos de fondo m\u00e1s largos e intervalos de superficie m\u00e1s cortos que proporciona el buceo con Nitrox.<\/p>\n<p><b>Permanecer m\u00e1s tiempo bajo el agua buceando alrededor de Koh Tao<\/b><\/p>\n<p>\u00a1Una de las razones principales para tomar el PADI Nitrox Enriched Air Diver Spe-cialty es poder pasar m\u00e1s tiempo bajo el agua y Koh Tao cuenta con una gran se-lecci\u00f3n de sitios de buceo adecuados para que los buceadores puedan ampliar sus l\u00edmites! Los sitios de buceo como Chumphon pinnacle, Southwest, Hin Wong Pin-nacles, Green Rock, White Rock y Sail Rock son ideales para realizar el entrena-miento con buzos de Nitrox Enriched Air.<\/p>\n<p>Esto le permitir\u00e1 guiar a sus estudiantes en sus primeras inmersiones de Enriched Air mientras exploran los sitios de buceo durante el per\u00edodo prolongado que permi-te el buceo en Enriched Air.<\/p>\n<p><b>\u00bfQui\u00e9n puede inscribirse en el curso PADI Nitrox Enriched Air Instructor?<\/b><\/p>\n<p>Un renovado <a href=\"https:\/\/idckohtao.com\/pro-level-courses\/padi-instructor-development-course\/\"><strong>PADI Open Water Scuba Instructor (OWSI)<\/strong><\/a><\/p>\n<p>Ser un buceador de aire enriquecido con PADI o equivalente<\/p>\n<p>Nota: los candidatos de IDC \/ OWSI pueden participar en el curso de capacitaci\u00f3n para instructores especializados en buceo con aire enriquecido PADI, pero solo pueden solicitar la certificaci\u00f3n de instructores especializados despu\u00e9s de pasar un IE.<\/p>\n<p>PADI Enriched Air Diver Los instructores especializados deben tener un m\u00ednimo de 10 inmersiones en aire enriquecido antes de la certificaci\u00f3n. Este es un requisito para salir del curso y las inmersiones se pueden completar despu\u00e9s del curso de capacitaci\u00f3n para instructores.<\/p>\n<p><img decoding=\"async\" class=\"alignnone wp-image-903 size-large\" src=\"https:\/\/idckohtao.com\/wp-content\/uploads\/2023\/08\/idckohtao.com-padi-nitrox-instructor-specialties-1024x640.jpg\" alt=\"\" width=\"1024\" height=\"640\" srcset=\"https:\/\/idckohtao.com\/wp-content\/uploads\/2023\/08\/idckohtao.com-padi-nitrox-instructor-specialties-1024x640.jpg 1024w, https:\/\/idckohtao.com\/wp-content\/uploads\/2023\/08\/idckohtao.com-padi-nitrox-instructor-specialties-300x188.jpg 300w, https:\/\/idckohtao.com\/wp-content\/uploads\/2023\/08\/idckohtao.com-padi-nitrox-instructor-specialties-768x480.jpg 768w, https:\/\/idckohtao.com\/wp-content\/uploads\/2023\/08\/idckohtao.com-padi-nitrox-instructor-specialties.jpg 1080w\" sizes=\"(max-width: 1024px) 100vw, 1024px\" \/><\/p>\n<h2><b>\u00bfQue aprender\u00e1s?<\/b><\/h2>\n<p>Participar\u00e1s en las siguientes sesiones:<\/p>\n<ul>\n<li>Presente y sea evaluado en una presentaci\u00f3n prescriptiva de la revisi\u00f3n de conocimientos de Nitrox Enriched Air Specialty<\/li>\n<li>Est\u00e1ndares, procedimientos y el plan de estudios de PADI Nitrox Enriched Air Specialty<\/li>\n<li>C\u00f3mo organizar, llevar a cabo y comercializar el curso PADI Nitrox Enriched Air Spe-cialty<\/li>\n<li>Sesiones de capacitaci\u00f3n en habilidades pr\u00e1cticas: en las que aprender\u00e1 a demostrar, ejecutar y evaluar las habilidades pr\u00e1cticas a nivel de estudiante del curso de especialidad de aire enriquecido PADI Nitrox<\/li>\n<li>Buceo opcional en aguas abiertas \u2013 2 inmersiones con aire enriquecido<\/li>\n<\/ul>\n<p>Completar\u00e1 la inmersi\u00f3n de entrenamiento en aguas abiertas en uno de los varios sitios de buceo locales adecuados para esta capacitaci\u00f3n.<\/p>\n<p>Como instructor de identificaci\u00f3n de peces PADI, usted est\u00e1 certificado para ense-\u00f1ar de forma independiente el <strong>curso de especialidad Nitrox PADI<\/strong>[\/vc_column_text]<div class=\"text-left\"><div class=\"bt-course-price\"><h4>Precio del curso: 4,000 THB<\/h4><a href=\"https:\/\/idckohtao.com\/de\/packages-prices\" class=\"button\">RESERVALO AHORA<\/a><\/div><\/div>[vc_column_text css=\u00bb\u00bb]<b>Materiales PADI:<\/b><\/p>\n<p><i>Por favor traiga su\u00a0Manual PADI Specialty Course Instructor. Que Recibi\u00f3 como parte del paquete IDC Crew Pack durante su IDC.<\/i><\/p>\n<p>Adem\u00e1s, tambi\u00e9n necesitar\u00e1 una copia del Manual del instructor de PADI. A partir de 2010, el manual del instructor est\u00e1 disponible como descarga gratuita para to-dos los miembros de PADI que se renueven de\u00a0<a href=\"https:\/\/www.padi.com\/mypadi\/\" target=\"_blank\" rel=\"noopener\">www.padi.com\/mypadi\/<\/a><\/p>\n<p><b>TAXAS PADI\u00a0<\/b><\/p>\n<p>PADI Nitrox Specialty Instructor Cargo de solicitud:\u00a0\u00a0<b>AUD$ 145<\/b><\/p>\n<p>[\/vc_column_text][\/vc_column][\/vc_row]<\/p>\n<\/div>","protected":false},"excerpt":{"rendered":"<p>[vc_row][vc_column][vc_column_text css=\u00bb\u00bb] Curso de Instructor de especialidad PADI in Koh Tao El curso PADI Enriched Air Diver (Nitrox) es el curso de especialidad PADI m\u00e1s popular del mundo y una certificaci\u00f3n \u201cobligatoria\u201d para cualquier instructor PADI. Los instructores especializados de Nitrox pueden ofrecer a sus alumnos buceado-res opciones m\u00e1ximas y, al hacerlo, un excelente servicio [&hellip;]<\/p>\n","protected":false},"author":1,"featured_media":4620,"parent":7936,"menu_order":0,"comment_status":"closed","ping_status":"closed","template":"","meta":{"_acf_changed":false,"footnotes":""},"class_list":["post-3259","page","type-page","status-publish","has-post-thumbnail","hentry"],"acf":[],"yoast_head":"<!-- This site is optimized with the Yoast SEO Premium plugin v27.5 (Yoast SEO v27.5) - https:\/\/yoast.com\/product\/yoast-seo-premium-wordpress\/ -->\n<title>IDC Koh Tao | MSDT Curso PADI De Instructor especializado en Nitrox<\/title>\n<meta name=\"description\" content=\"\u00a1Nuestro curso de instructor especializado en nitrox MSDT PADI en Koh Tao lo certifica como instructor especializado nitrox para ense\u00f1ar a los estudiantes c\u00f3mo extender sus l\u00edmites de manera segura!\" \/>\n<meta name=\"robots\" content=\"index, follow, max-snippet:-1, max-image-preview:large, max-video-preview:-1\" \/>\n<link rel=\"canonical\" href=\"https:\/\/idckohtao.com\/es\/pro-level-courses\/nitrox-instructor-specialty\/\" \/>\n<meta property=\"og:locale\" content=\"es_ES\" \/>\n<meta property=\"og:type\" content=\"article\" \/>\n<meta property=\"og:title\" content=\"IDC Koh Tao | MSDT Curso PADI De Instructor especializado en Nitrox\" \/>\n<meta property=\"og:description\" content=\"\u00a1Nuestro curso de instructor especializado en nitrox MSDT PADI en Koh Tao lo certifica como instructor especializado nitrox para ense\u00f1ar a los estudiantes c\u00f3mo extender sus l\u00edmites de manera segura!\" \/>\n<meta property=\"og:url\" content=\"https:\/\/idckohtao.com\/es\/pro-level-courses\/nitrox-instructor-specialty\/\" \/>\n<meta property=\"og:site_name\" content=\"IDC Koh Tao\" \/>\n<meta property=\"article:publisher\" content=\"https:\/\/www.facebook.com\/GoProIDCKohTao\" \/>\n<meta property=\"article:modified_time\" content=\"2026-01-01T09:18:06+00:00\" \/>\n<meta property=\"og:image\" content=\"https:\/\/idckohtao.com\/wp-content\/uploads\/2023\/09\/idckohtao.com-best-padi-enriched-air-nitrox-diver-specialty-course-koh-tao.jpeg\" \/>\n\t<meta property=\"og:image:width\" content=\"1000\" \/>\n\t<meta property=\"og:image:height\" content=\"564\" \/>\n\t<meta property=\"og:image:type\" content=\"image\/jpeg\" \/>\n<meta name=\"twitter:card\" content=\"summary_large_image\" \/>\n<meta name=\"twitter:title\" content=\"IDC Koh Tao | MSDT Curso PADI De Instructor especializado en Nitrox\" \/>\n<meta name=\"twitter:description\" content=\"\u00a1Nuestro curso de instructor especializado en nitrox MSDT PADI en Koh Tao lo certifica como instructor especializado nitrox para ense\u00f1ar a los estudiantes c\u00f3mo extender sus l\u00edmites de manera segura!\" \/>\n<meta name=\"twitter:site\" content=\"@GoProIDCKohTao\" \/>\n<!-- \/ Yoast SEO Premium plugin. -->","yoast_head_json":{"title":"IDC Koh Tao | MSDT Curso PADI De Instructor especializado en Nitrox","description":"\u00a1Nuestro curso de instructor especializado en nitrox MSDT PADI en Koh Tao lo certifica como instructor especializado nitrox para ense\u00f1ar a los estudiantes c\u00f3mo extender sus l\u00edmites de manera segura!","robots":{"index":"index","follow":"follow","max-snippet":"max-snippet:-1","max-image-preview":"max-image-preview:large","max-video-preview":"max-video-preview:-1"},"canonical":"https:\/\/idckohtao.com\/es\/pro-level-courses\/nitrox-instructor-specialty\/","og_locale":"es_ES","og_type":"article","og_title":"IDC Koh Tao | MSDT Curso PADI De Instructor especializado en Nitrox","og_description":"\u00a1Nuestro curso de instructor especializado en nitrox MSDT PADI en Koh Tao lo certifica como instructor especializado nitrox para ense\u00f1ar a los estudiantes c\u00f3mo extender sus l\u00edmites de manera segura!","og_url":"https:\/\/idckohtao.com\/es\/pro-level-courses\/nitrox-instructor-specialty\/","og_site_name":"IDC Koh Tao","article_publisher":"https:\/\/www.facebook.com\/GoProIDCKohTao","article_modified_time":"2026-01-01T09:18:06+00:00","og_image":[{"width":1000,"height":564,"url":"https:\/\/idckohtao.com\/wp-content\/uploads\/2023\/09\/idckohtao.com-best-padi-enriched-air-nitrox-diver-specialty-course-koh-tao.jpeg","type":"image\/jpeg"}],"twitter_card":"summary_large_image","twitter_title":"IDC Koh Tao | MSDT Curso PADI De Instructor especializado en Nitrox","twitter_description":"\u00a1Nuestro curso de instructor especializado en nitrox MSDT PADI en Koh Tao lo certifica como instructor especializado nitrox para ense\u00f1ar a los estudiantes c\u00f3mo extender sus l\u00edmites de manera segura!","twitter_site":"@GoProIDCKohTao","schema":{"@context":"https:\/\/schema.org","@graph":[{"@type":"NewsArticle","@id":"https:\/\/idckohtao.com\/es\/pro-level-courses\/nitrox-instructor-specialty\/#article","isPartOf":{"@id":"https:\/\/idckohtao.com\/es\/pro-level-courses\/nitrox-instructor-specialty\/"},"author":{"name":"ojasya","@id":"https:\/\/idckohtao.com\/es\/#\/schema\/person\/d08d557cbfdbc171f824052dae697b02"},"headline":"Instructor de Especialidad Nitrox","datePublished":"2023-08-10T13:37:15+00:00","dateModified":"2026-01-01T09:18:06+00:00","mainEntityOfPage":{"@id":"https:\/\/idckohtao.com\/es\/pro-level-courses\/nitrox-instructor-specialty\/"},"wordCount":600,"publisher":{"@id":"https:\/\/idckohtao.com\/es\/#organization"},"image":{"@id":"https:\/\/idckohtao.com\/es\/pro-level-courses\/nitrox-instructor-specialty\/#primaryimage"},"thumbnailUrl":"https:\/\/idckohtao.com\/wp-content\/uploads\/2023\/09\/idckohtao.com-best-padi-enriched-air-nitrox-diver-specialty-course-koh-tao.jpeg","inLanguage":"es"},{"@type":"WebPage","@id":"https:\/\/idckohtao.com\/es\/pro-level-courses\/nitrox-instructor-specialty\/","url":"https:\/\/idckohtao.com\/es\/pro-level-courses\/nitrox-instructor-specialty\/","name":"IDC Koh Tao | MSDT Curso PADI De Instructor especializado en Nitrox","isPartOf":{"@id":"https:\/\/idckohtao.com\/es\/#website"},"primaryImageOfPage":{"@id":"https:\/\/idckohtao.com\/es\/pro-level-courses\/nitrox-instructor-specialty\/#primaryimage"},"image":{"@id":"https:\/\/idckohtao.com\/es\/pro-level-courses\/nitrox-instructor-specialty\/#primaryimage"},"thumbnailUrl":"https:\/\/idckohtao.com\/wp-content\/uploads\/2023\/09\/idckohtao.com-best-padi-enriched-air-nitrox-diver-specialty-course-koh-tao.jpeg","datePublished":"2023-08-10T13:37:15+00:00","dateModified":"2026-01-01T09:18:06+00:00","description":"\u00a1Nuestro curso de instructor especializado en nitrox MSDT PADI en Koh Tao lo certifica como instructor especializado nitrox para ense\u00f1ar a los estudiantes c\u00f3mo extender sus l\u00edmites de manera segura!","breadcrumb":{"@id":"https:\/\/idckohtao.com\/es\/pro-level-courses\/nitrox-instructor-specialty\/#breadcrumb"},"inLanguage":"es","potentialAction":[{"@type":"ReadAction","target":["https:\/\/idckohtao.com\/es\/pro-level-courses\/nitrox-instructor-specialty\/"]}]},{"@type":"ImageObject","inLanguage":"es","@id":"https:\/\/idckohtao.com\/es\/pro-level-courses\/nitrox-instructor-specialty\/#primaryimage","url":"https:\/\/idckohtao.com\/wp-content\/uploads\/2023\/09\/idckohtao.com-best-padi-enriched-air-nitrox-diver-specialty-course-koh-tao.jpeg","contentUrl":"https:\/\/idckohtao.com\/wp-content\/uploads\/2023\/09\/idckohtao.com-best-padi-enriched-air-nitrox-diver-specialty-course-koh-tao.jpeg","width":1000,"height":564,"caption":"Scuba Diver Using A Nitrox Gas Blend"},{"@type":"BreadcrumbList","@id":"https:\/\/idckohtao.com\/es\/pro-level-courses\/nitrox-instructor-specialty\/#breadcrumb","itemListElement":[{"@type":"ListItem","position":1,"name":"Home","item":"https:\/\/idckohtao.com\/es\/"},{"@type":"ListItem","position":2,"name":"Pro level","item":"https:\/\/idckohtao.com\/es\/pro-level-courses\/"},{"@type":"ListItem","position":3,"name":"Instructor de Especialidad Nitrox"}]},{"@type":"WebSite","@id":"https:\/\/idckohtao.com\/es\/#website","url":"https:\/\/idckohtao.com\/es\/","name":"IDC Koh Tao","description":"PADI IDC 5 Star Diving Center in Koh Tao - Thailand","publisher":{"@id":"https:\/\/idckohtao.com\/es\/#organization"},"alternateName":"IDC Koh Tao in Thailand","potentialAction":[{"@type":"SearchAction","target":{"@type":"EntryPoint","urlTemplate":"https:\/\/idckohtao.com\/es\/?s={search_term_string}"},"query-input":{"@type":"PropertyValueSpecification","valueRequired":true,"valueName":"search_term_string"}}],"inLanguage":"es"},{"@type":"Organization","@id":"https:\/\/idckohtao.com\/es\/#organization","name":"IDC Koh Tao","alternateName":"IDC Koh Tao | Divemaster & Diving Instructor","url":"https:\/\/idckohtao.com\/es\/","logo":{"@type":"ImageObject","inLanguage":"es","@id":"https:\/\/idckohtao.com\/es\/#\/schema\/logo\/image\/","url":"https:\/\/idckohtao.com\/wp-content\/uploads\/2023\/09\/idckohtao.com-padi-diving-center-in-koh-tao-thailand.png","contentUrl":"https:\/\/idckohtao.com\/wp-content\/uploads\/2023\/09\/idckohtao.com-padi-diving-center-in-koh-tao-thailand.png","width":400,"height":300,"caption":"IDC Koh Tao"},"image":{"@id":"https:\/\/idckohtao.com\/es\/#\/schema\/logo\/image\/"},"sameAs":["https:\/\/www.facebook.com\/GoProIDCKohTao","https:\/\/x.com\/GoProIDCKohTao","https:\/\/www.youtube.com\/idckohtao","https:\/\/www.instagram.com\/idc.kohtao\/"],"description":"IDC Koh Tao is a part of the Black Turtle Dive pro level training team with three PADI Course Directors being led by Award Winning PADI Course Director Matt Bolton. Our full range of pro and recreational PADI Diving Courses provides aspiring scuba divers with education, fun, excitement, adventure, and a change of lifestyle or an opportunity to pursue a new career.","email":"info@idckohtao.com","legalName":"IDC Koh Tao","foundingDate":"2004-01-04","numberOfEmployees":{"@type":"QuantitativeValue","minValue":"1","maxValue":"10"},"correctionsPolicy":"https:\/\/idckohtao.com\/privacy-policy\/","ethicsPolicy":"https:\/\/idckohtao.com\/terms\/"},{"@type":"Person","@id":"https:\/\/idckohtao.com\/es\/#\/schema\/person\/d08d557cbfdbc171f824052dae697b02","name":"ojasya","image":{"@type":"ImageObject","inLanguage":"es","@id":"https:\/\/secure.gravatar.com\/avatar\/6fb34e36d09053a6545fc21d344613321bb1933f185132488f38052166f5a001?s=96&d=mm&r=g","url":"https:\/\/secure.gravatar.com\/avatar\/6fb34e36d09053a6545fc21d344613321bb1933f185132488f38052166f5a001?s=96&d=mm&r=g","contentUrl":"https:\/\/secure.gravatar.com\/avatar\/6fb34e36d09053a6545fc21d344613321bb1933f185132488f38052166f5a001?s=96&d=mm&r=g","caption":"ojasya"},"sameAs":["https:\/\/idckohtao.com"],"url":"https:\/\/idckohtao.com\/es\/blog\/author\/ojasya\/"}]}},"_links":{"self":[{"href":"https:\/\/idckohtao.com\/es\/wp-json\/wp\/v2\/pages\/3259","targetHints":{"allow":["GET"]}}],"collection":[{"href":"https:\/\/idckohtao.com\/es\/wp-json\/wp\/v2\/pages"}],"about":[{"href":"https:\/\/idckohtao.com\/es\/wp-json\/wp\/v2\/types\/page"}],"author":[{"embeddable":true,"href":"https:\/\/idckohtao.com\/es\/wp-json\/wp\/v2\/users\/1"}],"replies":[{"embeddable":true,"href":"https:\/\/idckohtao.com\/es\/wp-json\/wp\/v2\/comments?post=3259"}],"version-history":[{"count":2,"href":"https:\/\/idckohtao.com\/es\/wp-json\/wp\/v2\/pages\/3259\/revisions"}],"predecessor-version":[{"id":7566,"href":"https:\/\/idckohtao.com\/es\/wp-json\/wp\/v2\/pages\/3259\/revisions\/7566"}],"up":[{"embeddable":true,"href":"https:\/\/idckohtao.com\/es\/wp-json\/wp\/v2\/pages\/7936"}],"wp:featuredmedia":[{"embeddable":true,"href":"https:\/\/idckohtao.com\/es\/wp-json\/wp\/v2\/media\/4620"}],"wp:attachment":[{"href":"https:\/\/idckohtao.com\/es\/wp-json\/wp\/v2\/media?parent=3259"}],"curies":[{"name":"wp","href":"https:\/\/api.w.org\/{rel}","templated":true}]}}