{"id":3262,"date":"2023-08-06T15:30:53","date_gmt":"2023-08-06T15:30:53","guid":{"rendered":"https:\/\/idckohtao.com\/open-water-course\/"},"modified":"2026-04-22T04:58:43","modified_gmt":"2026-04-22T04:58:43","slug":"open-water-course","status":"publish","type":"page","link":"https:\/\/idckohtao.com\/es\/open-water-course\/","title":{"rendered":"CURSO OPEN WATER"},"content":{"rendered":"<div class=\"wpb-content-wrapper\"><p>[vc_row][vc_column][vc_column_text]<\/p>\n<h2>PADI Open Water Course \u2013 Curso de nivel de entrada para principiantes<\/h2>\n<p>Ubicado en el\u00a0<a href=\"https:\/\/www.blackturtledive.com\/\" target=\"_blank\" rel=\"noopener noreferrer\">centro de buceo Black Turtle Dive<\/a>, IDC Koh Tao es reconocido dentro de la industria por la calidad y los est\u00e1ndares de entrenamiento de sus\u00a0<a href=\"https:\/\/idckohtao.com\/es\/padi-diving-courses\/\">cursos de buceo<\/a>\u00a0tanto de nivel de entrada como de nivel profesional.<\/p>\n<p>El curso PADI Open Water es un punto de entrada ideal para los buceadores que desean aprender a bucear y experimentar el incre\u00edble entorno submarino.<\/p>\n<p>Con nuestro curso PADI Open Water te convertir\u00e1s en un buceador competente, un protector de los mares y un futuro defensor de los oc\u00e9anos.<\/p>\n<p>Aprende a bucear de forma segura y obt\u00e9n tu licencia PADI Open Water en la\u00a0<a href=\"https:\/\/idckohtao.com\/es\/why-choose-koh-tao\/\">tropical isla de Koh Tao<\/a>,que te certifica para bucear a una profundidad m\u00e1xima de 18 metros en cualquier parte del mundo.<\/p>\n<p><img decoding=\"async\" class=\"alignnone wp-image-252 size-large\" src=\"https:\/\/idckohtao.com\/wp-content\/uploads\/2023\/08\/idckohtao.com-divemaster-skills-circuit-koh-tao-1-1024x576.jpg\" alt=\"idckohtao.com-divemaster-skills-circuit-koh-tao\" width=\"1024\" height=\"576\" srcset=\"https:\/\/idckohtao.com\/wp-content\/uploads\/2023\/08\/idckohtao.com-divemaster-skills-circuit-koh-tao-1-1024x576.jpg 1024w, https:\/\/idckohtao.com\/wp-content\/uploads\/2023\/08\/idckohtao.com-divemaster-skills-circuit-koh-tao-1-300x169.jpg 300w, https:\/\/idckohtao.com\/wp-content\/uploads\/2023\/08\/idckohtao.com-divemaster-skills-circuit-koh-tao-1-768x432.jpg 768w, https:\/\/idckohtao.com\/wp-content\/uploads\/2023\/08\/idckohtao.com-divemaster-skills-circuit-koh-tao-1.jpg 1280w\" sizes=\"(max-width: 1024px) 100vw, 1024px\" \/><\/p>\n<h3>OBTEN TU PADI<\/h3>\n<p>Koh Tao es el destino m\u00e1s popular del mundo para que las personas aprendan a bucear y obtengan la\u00a0<a href=\"https:\/\/www.thefunkyturtle.com\/diving-courses\/open-water-course\/\" target=\"_blank\" rel=\"noopener\">certificaci\u00f3n PADI Open Water<\/a>, la licencia de buceo completo m\u00e1s popular del mundo y reconocida internacionalmente.<\/p>\n<p>El curso PADI Open Water consta de tres secciones; Desarrollo de conocimientos, formaci\u00f3n en aguas confinadas y inmersiones en aguas abiertas.<\/p>\n<h3>Curso Open Water Desarrollo de conocimiento<\/h3>\n<p>Recibir\u00e1 el manual PADI Open Water Diver en l\u00ednea y deber\u00e1 usar el manual como referencia mientras completa la secci\u00f3n de desarrollo de conocimiento que se divide en 5 m\u00f3dulos.<\/p>\n<p>Esta secci\u00f3n implica completar 5 repasos de conocimiento a libro abierto y necesita ver 5 videos cortos. El manual tiene una serie de cuestionarios r\u00e1pidos que eval\u00faan su conocimiento a medida que avanza.<\/p>\n<p>Su\u00a0<a href=\"https:\/\/idckohtao.com\/es\/pro-level-courses\/padi-instructor-development-course\/\">instructor revisar\u00e1<\/a>\u00a0los repasos de conocimiento y desarrollar\u00e1 cualquier informaci\u00f3n que no comprenda antes de administrar un cuestionario de 10 preguntas despu\u00e9s de las primeras 4 secciones.<\/p>\n<p>Una vez que haya pagado un dep\u00f3sito, le enviaremos su manual PADI Open Water Diver en l\u00ednea y podr\u00e1 comenzar HOY MISMO.<\/p>\n<p>Para ahorrar tiempo, puede optar por completar la opci\u00f3n \u00fanica de aprendizaje electr\u00f3nico que le permite hacer todo antes de su llegada.<\/p>\n<p>Todo lo que necesita hacer cuando llegue es una revisi\u00f3n de 20 preguntas para asegurarse de que realmente realiz\u00f3 el e-Learning usted mismo y que estamos listos para llevarlo al agua.<\/p>\n<p><img decoding=\"async\" class=\"alignnone wp-image-254 size-large\" src=\"https:\/\/idckohtao.com\/wp-content\/uploads\/2023\/08\/idckohtao.com-best-instructor-courses-koh-tao-thailand-1024x576.jpg\" alt=\"idckohtao.com-best-instructor-courses-koh-tao-thailand\" width=\"1024\" height=\"576\" srcset=\"https:\/\/idckohtao.com\/wp-content\/uploads\/2023\/08\/idckohtao.com-best-instructor-courses-koh-tao-thailand-1024x576.jpg 1024w, https:\/\/idckohtao.com\/wp-content\/uploads\/2023\/08\/idckohtao.com-best-instructor-courses-koh-tao-thailand-300x169.jpg 300w, https:\/\/idckohtao.com\/wp-content\/uploads\/2023\/08\/idckohtao.com-best-instructor-courses-koh-tao-thailand-768x432.jpg 768w, https:\/\/idckohtao.com\/wp-content\/uploads\/2023\/08\/idckohtao.com-best-instructor-courses-koh-tao-thailand-1536x864.jpg 1536w, https:\/\/idckohtao.com\/wp-content\/uploads\/2023\/08\/idckohtao.com-best-instructor-courses-koh-tao-thailand.jpg 1920w\" sizes=\"(max-width: 1024px) 100vw, 1024px\" \/><\/p>\n<h3>Curso Open Water inmersiones de entrenamiento en aguas confinadas<\/h3>\n<p><strong>Ahora es el momento de que empiece la diversi\u00f3n.<\/strong><\/p>\n<p>En aguas suficientemente profundas como para que puedas pararte, te presentaremos lentamente las habilidades b\u00e1sicas que necesitar\u00e1s para bucear de manera segura.<\/p>\n<p>Las inmersiones en aguas confinadas incluyen habilidades como limpieza de m\u00e1scaras, limpieza de reguladores, diversas habilidades de flotabilidad y t\u00e9cnicas de nataci\u00f3n.<\/p>\n<p>Aprender lo b\u00e1sico en aguas poco profundas inicialmente le permite aumentar c\u00f3modamente su nivel de habilidad y confianza en un entorno controlado sin distracciones.<\/p>\n<p>Las sesiones de entrenamiento en aguas confinadas duran de 3 a 6 horas, dependiendo del tama\u00f1o de la clase, de lo f\u00e1cil que le sea dominar las habilidades y de lo c\u00f3modo que se sienta en el agua.<\/p>\n<p>Recuerde, es un curso basado en el rendimiento, por lo que siempre vamos a su ritmo y esto a menudo puede incluir varias sesiones para completar esta secci\u00f3n.<\/p>\n<h3>Curso Open Water Buceos de entrenamiento en aguas abiertas<\/h3>\n<p><strong>Y dejamos lo mejor para el final.<\/strong><\/p>\n<p>Cuatro inmersiones de entrenamiento en aguas abiertas, realizadas en cuatro grandes\u00a0<a href=\"https:\/\/idckohtao.com\/es\/fun-diving-koh-tao\/\">sitios de buceo alrededor de Koh Tao<\/a>, programadas en dos d\u00edas.<\/p>\n<p>Tendr\u00e1 la oportunidad de reunir todas sus habilidades de aprendizaje, practicar algunas de las habilidades que ya ha dominado, esta vez adapt\u00e1ndolas a un entorno de aguas abiertas.<\/p>\n<p>El resto de las inmersiones har\u00e1 exactamente lo que se inscribi\u00f3 para hacer \u2026 bucear.<\/p>\n<p>Explore los arrecifes de coral bajo el agua, rodeado por un caleidoscopio de colores deslumbrantes y una gran cantidad de\u00a0<a href=\"https:\/\/idckohtao.com\/es\/marine-conservation\/\">diferentes animales marinos<\/a>.<\/p>\n<p>Una cosa que garantizamos es que no querr\u00e1s que el buceo finalice .<\/p>\n<p>Al completar todos los requisitos del curso, estar\u00e1s certificado como PADI Open Water Diver y estar\u00e1s calificado para bucear independientemente de un\u00a0<a href=\"https:\/\/idckohtao.com\/es\/pro-level-courses\/padi-divemaster-course\/\">PADI Dive Professional<\/a>\u00a0hasta una profundidad de 18 m.<\/p>\n<h3>Cronograma del Curso Open Water E-Learning<\/h3>\n<p><strong>D\u00eda 1:<\/strong>\u00a0Revise el repaso de conocimiento del aprendizaje electr\u00f3nico<\/p>\n<p>Buceo de aguas confinadas inmersiones 1 -5<\/p>\n<p><strong>D\u00eda 2:<\/strong><\/p>\n<p>Buceo de entrenamiento en aguas abiertas 1 y 2<\/p>\n<p><strong>D\u00eda 3:<\/strong>\u00a0Review e-learning online quick review<\/p>\n<p>Buceo en aguas abiertas inmersiones 3 y 4<\/p>\n<h3>El curso PADI Open Water incluye:<\/h3>\n<ul>\n<li>E-learning en l\u00ednea PADI Open Water diver manual y certificaci\u00f3n PADI<\/li>\n<li>Honorarios del PADI Instructor<\/li>\n<li>Seguro<\/li>\n<li>Libro de registro<\/li>\n<li>Alquiler de equipos<\/li>\n<li>Computador de buceo<\/li>\n<\/ul>\n<h3>OBTEN TU PADI AQU<\/h3>\n<p>[\/vc_column_text]<div class=\"text-left\"><h3 class=\"section-title\">Convi\u00e9rtete en un candidato en nuestro curso de maestro en Koh Tao<\/h3><div class=\"bt-course-price\"><h4>12,950<\/h4><a href=\"https:\/\/idckohtao.com\/es\/packages-prices\/\" class=\"button\">RESERVALO AHORA<\/a><\/div><\/div>[\/vc_column][\/vc_row]<\/p>\n<\/div>","protected":false},"excerpt":{"rendered":"<p>[vc_row][vc_column][vc_column_text] PADI Open Water Course \u2013 Curso de nivel de entrada para principiantes Ubicado en el\u00a0centro de buceo Black Turtle Dive, IDC Koh Tao es reconocido dentro de la industria por la calidad y los est\u00e1ndares de entrenamiento de sus\u00a0cursos de buceo\u00a0tanto de nivel de entrada como de nivel profesional. El curso PADI Open Water [&hellip;]<\/p>\n","protected":false},"author":1,"featured_media":5029,"parent":0,"menu_order":0,"comment_status":"closed","ping_status":"closed","template":"","meta":{"_acf_changed":false,"footnotes":""},"class_list":["post-3262","page","type-page","status-publish","has-post-thumbnail","hentry"],"acf":[],"yoast_head":"<!-- This site is optimized with the Yoast SEO Premium plugin v27.5 (Yoast SEO v27.5) - https:\/\/yoast.com\/product\/yoast-seo-premium-wordpress\/ -->\n<title>Curso PADI Open Water en Koh Tao | IDC Koh Tao<\/title>\n<meta name=\"description\" content=\"Aprende a bucear de forma segura y obt\u017dn tu licencia PADI Open Water en Koh Tao, que te certifica para bucear a una profundidad m\u2021xima de 18 metros en cualquier parte del mundo.\" \/>\n<meta name=\"robots\" content=\"index, follow, max-snippet:-1, max-image-preview:large, max-video-preview:-1\" \/>\n<link rel=\"canonical\" href=\"https:\/\/idckohtao.com\/es\/open-water-course\/\" \/>\n<meta property=\"og:locale\" content=\"es_ES\" \/>\n<meta property=\"og:type\" content=\"article\" \/>\n<meta property=\"og:title\" content=\"Curso PADI Open Water en Koh Tao | IDC Koh Tao\" \/>\n<meta property=\"og:description\" content=\"Aprende a bucear de forma segura y obt\u017dn tu licencia PADI Open Water en Koh Tao, que te certifica para bucear a una profundidad m\u2021xima de 18 metros en cualquier parte del mundo.\" \/>\n<meta property=\"og:url\" content=\"https:\/\/idckohtao.com\/es\/open-water-course\/\" \/>\n<meta property=\"og:site_name\" content=\"IDC Koh Tao\" \/>\n<meta property=\"article:publisher\" content=\"https:\/\/www.facebook.com\/GoProIDCKohTao\" \/>\n<meta property=\"article:modified_time\" content=\"2026-04-22T04:58:43+00:00\" \/>\n<meta property=\"og:image\" content=\"https:\/\/idckohtao.com\/wp-content\/uploads\/2023\/08\/idckohtao.com-padi-instructor-development-course-at-crystal-dive-kohtao.jpg\" \/>\n\t<meta property=\"og:image:width\" content=\"2000\" \/>\n\t<meta property=\"og:image:height\" content=\"1125\" \/>\n\t<meta property=\"og:image:type\" content=\"image\/jpeg\" \/>\n<meta name=\"twitter:card\" content=\"summary_large_image\" \/>\n<meta name=\"twitter:title\" content=\"Curso PADI Open Water en Koh Tao | IDC Koh Tao\" \/>\n<meta name=\"twitter:description\" content=\"Aprende a bucear de forma segura y obt\u017dn tu licencia PADI Open Water en Koh Tao, que te certifica para bucear a una profundidad m\u2021xima de 18 metros en cualquier parte del mundo.\" \/>\n<meta name=\"twitter:image\" content=\"https:\/\/idckohtao.com\/wp-content\/uploads\/2023\/08\/idckohtao.com-padi-instructor-development-course-at-crystal-dive-kohtao.jpg\" \/>\n<meta name=\"twitter:site\" content=\"@GoProIDCKohTao\" \/>\n<!-- \/ Yoast SEO Premium plugin. -->","yoast_head_json":{"title":"Curso PADI Open Water en Koh Tao | IDC Koh Tao","description":"Aprende a bucear de forma segura y obt\u017dn tu licencia PADI Open Water en Koh Tao, que te certifica para bucear a una profundidad m\u2021xima de 18 metros en cualquier parte del mundo.","robots":{"index":"index","follow":"follow","max-snippet":"max-snippet:-1","max-image-preview":"max-image-preview:large","max-video-preview":"max-video-preview:-1"},"canonical":"https:\/\/idckohtao.com\/es\/open-water-course\/","og_locale":"es_ES","og_type":"article","og_title":"Curso PADI Open Water en Koh Tao | IDC Koh Tao","og_description":"Aprende a bucear de forma segura y obt\u017dn tu licencia PADI Open Water en Koh Tao, que te certifica para bucear a una profundidad m\u2021xima de 18 metros en cualquier parte del mundo.","og_url":"https:\/\/idckohtao.com\/es\/open-water-course\/","og_site_name":"IDC Koh Tao","article_publisher":"https:\/\/www.facebook.com\/GoProIDCKohTao","article_modified_time":"2026-04-22T04:58:43+00:00","og_image":[{"width":2000,"height":1125,"url":"https:\/\/idckohtao.com\/wp-content\/uploads\/2023\/08\/idckohtao.com-padi-instructor-development-course-at-crystal-dive-kohtao.jpg","type":"image\/jpeg"}],"twitter_card":"summary_large_image","twitter_title":"Curso PADI Open Water en Koh Tao | IDC Koh Tao","twitter_description":"Aprende a bucear de forma segura y obt\u017dn tu licencia PADI Open Water en Koh Tao, que te certifica para bucear a una profundidad m\u2021xima de 18 metros en cualquier parte del mundo.","twitter_image":"https:\/\/idckohtao.com\/wp-content\/uploads\/2023\/08\/idckohtao.com-padi-instructor-development-course-at-crystal-dive-kohtao.jpg","twitter_site":"@GoProIDCKohTao","schema":{"@context":"https:\/\/schema.org","@graph":[{"@type":"NewsArticle","@id":"https:\/\/idckohtao.com\/es\/open-water-course\/#article","isPartOf":{"@id":"https:\/\/idckohtao.com\/es\/open-water-course\/"},"author":{"name":"ojasya","@id":"https:\/\/idckohtao.com\/es\/#\/schema\/person\/d08d557cbfdbc171f824052dae697b02"},"headline":"CURSO OPEN WATER","datePublished":"2023-08-06T15:30:53+00:00","dateModified":"2026-04-22T04:58:43+00:00","mainEntityOfPage":{"@id":"https:\/\/idckohtao.com\/es\/open-water-course\/"},"wordCount":831,"publisher":{"@id":"https:\/\/idckohtao.com\/es\/#organization"},"image":{"@id":"https:\/\/idckohtao.com\/es\/open-water-course\/#primaryimage"},"thumbnailUrl":"https:\/\/idckohtao.com\/wp-content\/uploads\/2023\/09\/idckohtao.com-fun-diving-trips-on-koh-tao-island.jpeg","inLanguage":"es"},{"@type":"WebPage","@id":"https:\/\/idckohtao.com\/es\/open-water-course\/","url":"https:\/\/idckohtao.com\/es\/open-water-course\/","name":"Curso PADI Open Water en Koh Tao | IDC Koh Tao","isPartOf":{"@id":"https:\/\/idckohtao.com\/es\/#website"},"primaryImageOfPage":{"@id":"https:\/\/idckohtao.com\/es\/open-water-course\/#primaryimage"},"image":{"@id":"https:\/\/idckohtao.com\/es\/open-water-course\/#primaryimage"},"thumbnailUrl":"https:\/\/idckohtao.com\/wp-content\/uploads\/2023\/09\/idckohtao.com-fun-diving-trips-on-koh-tao-island.jpeg","datePublished":"2023-08-06T15:30:53+00:00","dateModified":"2026-04-22T04:58:43+00:00","description":"Aprende a bucear de forma segura y obt\u017dn tu licencia PADI Open Water en Koh Tao, que te certifica para bucear a una profundidad m\u2021xima de 18 metros en cualquier parte del mundo.","breadcrumb":{"@id":"https:\/\/idckohtao.com\/es\/open-water-course\/#breadcrumb"},"inLanguage":"es","potentialAction":[{"@type":"ReadAction","target":["https:\/\/idckohtao.com\/es\/open-water-course\/"]}]},{"@type":"ImageObject","inLanguage":"es","@id":"https:\/\/idckohtao.com\/es\/open-water-course\/#primaryimage","url":"https:\/\/idckohtao.com\/wp-content\/uploads\/2023\/09\/idckohtao.com-fun-diving-trips-on-koh-tao-island.jpeg","contentUrl":"https:\/\/idckohtao.com\/wp-content\/uploads\/2023\/09\/idckohtao.com-fun-diving-trips-on-koh-tao-island.jpeg","width":1200,"height":770,"caption":"PADI Open Water course certification in Thailand"},{"@type":"BreadcrumbList","@id":"https:\/\/idckohtao.com\/es\/open-water-course\/#breadcrumb","itemListElement":[{"@type":"ListItem","position":1,"name":"Home","item":"https:\/\/idckohtao.com\/es\/"},{"@type":"ListItem","position":2,"name":"CURSO OPEN WATER"}]},{"@type":"WebSite","@id":"https:\/\/idckohtao.com\/es\/#website","url":"https:\/\/idckohtao.com\/es\/","name":"IDC Koh Tao","description":"PADI IDC 5 Star Diving Center in Koh Tao - Thailand","publisher":{"@id":"https:\/\/idckohtao.com\/es\/#organization"},"alternateName":"IDC Koh Tao in Thailand","potentialAction":[{"@type":"SearchAction","target":{"@type":"EntryPoint","urlTemplate":"https:\/\/idckohtao.com\/es\/?s={search_term_string}"},"query-input":{"@type":"PropertyValueSpecification","valueRequired":true,"valueName":"search_term_string"}}],"inLanguage":"es"},{"@type":"Organization","@id":"https:\/\/idckohtao.com\/es\/#organization","name":"IDC Koh Tao","alternateName":"IDC Koh Tao | Divemaster & Diving Instructor","url":"https:\/\/idckohtao.com\/es\/","logo":{"@type":"ImageObject","inLanguage":"es","@id":"https:\/\/idckohtao.com\/es\/#\/schema\/logo\/image\/","url":"https:\/\/idckohtao.com\/wp-content\/uploads\/2023\/09\/idckohtao.com-padi-diving-center-in-koh-tao-thailand.png","contentUrl":"https:\/\/idckohtao.com\/wp-content\/uploads\/2023\/09\/idckohtao.com-padi-diving-center-in-koh-tao-thailand.png","width":400,"height":300,"caption":"IDC Koh Tao"},"image":{"@id":"https:\/\/idckohtao.com\/es\/#\/schema\/logo\/image\/"},"sameAs":["https:\/\/www.facebook.com\/GoProIDCKohTao","https:\/\/x.com\/GoProIDCKohTao","https:\/\/www.youtube.com\/idckohtao","https:\/\/www.instagram.com\/idc.kohtao\/"],"description":"IDC Koh Tao is a part of the Black Turtle Dive pro level training team with three PADI Course Directors being led by Award Winning PADI Course Director Matt Bolton. Our full range of pro and recreational PADI Diving Courses provides aspiring scuba divers with education, fun, excitement, adventure, and a change of lifestyle or an opportunity to pursue a new career.","email":"info@idckohtao.com","legalName":"IDC Koh Tao","foundingDate":"2004-01-04","numberOfEmployees":{"@type":"QuantitativeValue","minValue":"1","maxValue":"10"},"correctionsPolicy":"https:\/\/idckohtao.com\/privacy-policy\/","ethicsPolicy":"https:\/\/idckohtao.com\/terms\/"},{"@type":"Person","@id":"https:\/\/idckohtao.com\/es\/#\/schema\/person\/d08d557cbfdbc171f824052dae697b02","name":"ojasya","image":{"@type":"ImageObject","inLanguage":"es","@id":"https:\/\/secure.gravatar.com\/avatar\/6fb34e36d09053a6545fc21d344613321bb1933f185132488f38052166f5a001?s=96&d=mm&r=g","url":"https:\/\/secure.gravatar.com\/avatar\/6fb34e36d09053a6545fc21d344613321bb1933f185132488f38052166f5a001?s=96&d=mm&r=g","contentUrl":"https:\/\/secure.gravatar.com\/avatar\/6fb34e36d09053a6545fc21d344613321bb1933f185132488f38052166f5a001?s=96&d=mm&r=g","caption":"ojasya"},"sameAs":["https:\/\/idckohtao.com"],"url":"https:\/\/idckohtao.com\/es\/blog\/author\/ojasya\/"}]}},"_links":{"self":[{"href":"https:\/\/idckohtao.com\/es\/wp-json\/wp\/v2\/pages\/3262","targetHints":{"allow":["GET"]}}],"collection":[{"href":"https:\/\/idckohtao.com\/es\/wp-json\/wp\/v2\/pages"}],"about":[{"href":"https:\/\/idckohtao.com\/es\/wp-json\/wp\/v2\/types\/page"}],"author":[{"embeddable":true,"href":"https:\/\/idckohtao.com\/es\/wp-json\/wp\/v2\/users\/1"}],"replies":[{"embeddable":true,"href":"https:\/\/idckohtao.com\/es\/wp-json\/wp\/v2\/comments?post=3262"}],"version-history":[{"count":1,"href":"https:\/\/idckohtao.com\/es\/wp-json\/wp\/v2\/pages\/3262\/revisions"}],"predecessor-version":[{"id":7708,"href":"https:\/\/idckohtao.com\/es\/wp-json\/wp\/v2\/pages\/3262\/revisions\/7708"}],"wp:featuredmedia":[{"embeddable":true,"href":"https:\/\/idckohtao.com\/es\/wp-json\/wp\/v2\/media\/5029"}],"wp:attachment":[{"href":"https:\/\/idckohtao.com\/es\/wp-json\/wp\/v2\/media?parent=3262"}],"curies":[{"name":"wp","href":"https:\/\/api.w.org\/{rel}","templated":true}]}}