{"id":3269,"date":"2023-08-09T17:14:39","date_gmt":"2023-08-09T17:14:39","guid":{"rendered":"https:\/\/idckohtao.com\/assistant-instructor\/"},"modified":"2026-01-02T06:20:46","modified_gmt":"2026-01-02T06:20:46","slug":"assistant-instructor","status":"publish","type":"page","link":"https:\/\/idckohtao.com\/es\/pro-level-courses\/assistant-instructor\/","title":{"rendered":"PADI Assistant Instructor Course (AI)"},"content":{"rendered":"<div class=\"wpb-content-wrapper\"><p>[vc_row][vc_column][vc_column_text css=\u00bb\u00bb]<\/p>\n<h2>La primera parte del curso de desarrollo de instructores PADI (IDC)<\/h2>\n<p>El curso PADI Assistant Instructor brinda a los PADI Divemasters y a los profesionales de buceo el nivel de liderazgo de otras organizaciones de capacitaci\u00f3n la oportunidad de mejorar su capacitaci\u00f3n como asistente de instrucci\u00f3n y educadores de buceo.<\/p>\n<ul>\n<li>Programa dura 6 d\u00edas en Koh Tao<\/li>\n<li>Curso de preparaci\u00f3n opcional de 2 d\u00edas (revisiones de teor\u00eda y habilidad)<\/li>\n<\/ul>\n<p>El curso PADI Assistant Instructor es la primera parte del\u00a0<a href=\"https:\/\/idckohtao.com\/es\/pro-level-courses\/padi-instructor-development-course\/\">Curso de Desarrollo de Instructor PADI (IDC)<\/a>. La finalizaci\u00f3n exitosa le permite a un candidato comenzar la Parte 2, el curso PADI Open Water Scuba Instructor (OWSI).<\/p>\n<h3>\u00bfQue aprender\u00e1s?<\/h3>\n<p>Aprovechando las habilidades para organizar y supervisar las actividades de buceo, durante el curso de Asistente de instructor nos enfocaremos en desarrollar habilidades de ense\u00f1anza.<\/p>\n<p>Algunas de las cosas que cubriremos incluyen:<\/p>\n<ul>\n<li>Teor\u00eda de inmersi\u00f3n a nivel de instructor<\/li>\n<li>Capacidades de calidad de demostraci\u00f3n a nivel de instructor<\/li>\n<li>Instrucci\u00f3n de aprendizaje y el sistema PADI<\/li>\n<li>C\u00f3mo ense\u00f1ar en el aula, la piscina y el agua abierta<\/li>\n<li>Normas y procedimientos generales para los cursos y programas que un Instructor Asistente de PADI est\u00e1 certificado para ense\u00f1ar<\/li>\n<\/ul>\n<p><img decoding=\"async\" class=\"alignnone wp-image-765 size-large\" src=\"https:\/\/idckohtao.com\/wp-content\/uploads\/2023\/08\/idc-koh-tao-confined-water-sessions-candidates-1024x579.jpg\" alt=\"idc-koh-tao-confined-water-sessions-candidates\" width=\"1024\" height=\"579\" srcset=\"https:\/\/idckohtao.com\/wp-content\/uploads\/2023\/08\/idc-koh-tao-confined-water-sessions-candidates-1024x579.jpg 1024w, https:\/\/idckohtao.com\/wp-content\/uploads\/2023\/08\/idc-koh-tao-confined-water-sessions-candidates-300x170.jpg 300w, https:\/\/idckohtao.com\/wp-content\/uploads\/2023\/08\/idc-koh-tao-confined-water-sessions-candidates-768x434.jpg 768w, https:\/\/idckohtao.com\/wp-content\/uploads\/2023\/08\/idc-koh-tao-confined-water-sessions-candidates.jpg 1080w\" sizes=\"(max-width: 1024px) 100vw, 1024px\" \/><\/p>\n<h3>\u00bfQu\u00e9 puedes ense\u00f1ar?<\/h3>\n<p>Adem\u00e1s de las responsabilidades y obligaciones que ya tiene como\u00a0<a href=\"https:\/\/idckohtao.com\/es\/pro-level-courses\/padi-divemaster-course\/\">Divemaster PADI<\/a>, como Instructor Asistente PADI certificado, puede:<\/p>\n<ul>\n<li>Ense\u00f1ar presentaciones acad\u00e9micas (bajo la supervisi\u00f3n indirecta de un PADI Instructor)<\/li>\n<li>Presentar capacitaci\u00f3n inicial de habilidades durante el entrenamiento en aguas confinadas (bajo la supervisi\u00f3n directa de un Instructor PADI)<\/li>\n<li>Evaluar las habilidades superficiales del curso de buzo Open Water (bajo la supervisi\u00f3n indirecta de un Instructor PADI)<\/li>\n<li>Ense\u00f1ar y certificar PADI Peak Performance Buoyancy Specialty Divers (bajo la direcci\u00f3n de un Instructor PADI)<\/li>\n<li>Ense\u00f1ar cursos de especializaci\u00f3n AWARE Coral Reef Conservation<\/li>\n<li>Llevar a cabo la experiencia de PADI Discover Scuba Diver en una piscina o en un entorno abierto de aguas confinadas<\/li>\n<li>Llevar a cabo Misiones del programa PADI Seal Team Aqua<\/li>\n<li>Ense\u00f1e el curso especial de Fotograf\u00eda Digital Subacu\u00e1tica PADI (bajo la direcci\u00f3n de un Instructor PADI) despu\u00e9s de obtener la calificaci\u00f3n PADI de Especialista en Fotograf\u00eda Digital Subacu\u00e1tica<\/li>\n<\/ul>\n<p><img decoding=\"async\" class=\"alignnone wp-image-766 size-large\" src=\"https:\/\/idckohtao.com\/wp-content\/uploads\/2023\/08\/padi-idc-koh-tao-open-water-presentation-course-director-1024x683.jpg\" alt=\"padi-idc-koh-tao-open-water-presentation-course-director\" width=\"1024\" height=\"683\" srcset=\"https:\/\/idckohtao.com\/wp-content\/uploads\/2023\/08\/padi-idc-koh-tao-open-water-presentation-course-director-1024x683.jpg 1024w, https:\/\/idckohtao.com\/wp-content\/uploads\/2023\/08\/padi-idc-koh-tao-open-water-presentation-course-director-300x200.jpg 300w, https:\/\/idckohtao.com\/wp-content\/uploads\/2023\/08\/padi-idc-koh-tao-open-water-presentation-course-director-768x512.jpg 768w, https:\/\/idckohtao.com\/wp-content\/uploads\/2023\/08\/padi-idc-koh-tao-open-water-presentation-course-director.jpg 1080w\" sizes=\"(max-width: 1024px) 100vw, 1024px\" \/><\/p>\n<h3>PADI Tasas<\/h3>\n<p>La tarifa de solicitud para el curso PADI Assistant Instructor es de <strong>$ AUS 152<\/strong>. Esto es pagado por el candidato, directamente a PADI mediante tarjeta de cr\u00e9dito.<\/p>\n<h3>Materiales PADI<\/h3>\n<p>Para su propio conjunto de manuales y materiales para instructores PADI, puede comprar nuestro \u201cpaquete de equipo\u201d de IDC..<\/p>\n<p><strong>Precio: 25,000 THB (Inc EFR materials)<\/strong><\/p>\n<p>El paquete de equipo PADI IDC incluye:<\/p>\n<ul>\n<li>Mochila PADI<\/li>\n<li>Gu\u00eda PADI para la ense\u00f1anza (versi\u00f3n en papel y CD-ROM)<\/li>\n<li>Libro de conocimientos de buceo<\/li>\n<li>Cuestionarios PADI y folletos de examen [Open Water, Rescue Diver, Divemaster]<\/li>\n<li>PADI Specialty Course Manual del instructor (CD-Rom)<\/li>\n<li>Manual del Instructor de Flotabilidad Peak Performance<\/li>\n<li>PADI Open Water curso Gu\u00edas de lecciones prescriptivas (CD-Rom)<\/li>\n<li>Enfoque positivo de venta (DVD)<\/li>\n<li>Plan de lecci\u00f3n de buceo [agua confinada y abierta)<\/li>\n<li>Tablillas subacu\u00e1ticas Open Water, Advanced, Rescue Diver, Divemaster course Instructor<\/li>\n<li>Calcoman\u00eda de holograma<\/li>\n<li>Informaci\u00f3n del candidato del instructor<\/li>\n<li>PADI Dive Planning &amp; Skill Practice Slate<\/li>\n<\/ul>\n<p>[\/vc_column_text][\/vc_column][\/vc_row]<\/p>\n<\/div>","protected":false},"excerpt":{"rendered":"<p>[vc_row][vc_column][vc_column_text css=\u00bb\u00bb] La primera parte del curso de desarrollo de instructores PADI (IDC) El curso PADI Assistant Instructor brinda a los PADI Divemasters y a los profesionales de buceo el nivel de liderazgo de otras organizaciones de capacitaci\u00f3n la oportunidad de mejorar su capacitaci\u00f3n como asistente de instrucci\u00f3n y educadores de buceo. Programa dura 6 [&hellip;]<\/p>\n","protected":false},"author":1,"featured_media":2978,"parent":7936,"menu_order":0,"comment_status":"closed","ping_status":"closed","template":"","meta":{"_acf_changed":false,"footnotes":""},"class_list":["post-3269","page","type-page","status-publish","has-post-thumbnail","hentry"],"acf":[],"yoast_head":"<!-- This site is optimized with the Yoast SEO Premium plugin v27.5 (Yoast SEO v27.5) - https:\/\/yoast.com\/product\/yoast-seo-premium-wordpress\/ -->\n<title>IDC Koh Tao \u2022 Curso PADI Assistant Instructor Koh Tao<\/title>\n<meta name=\"description\" content=\"El curso PADI Assistant Instructor es la primera parte del curso PADI Instructor Development IDC\" \/>\n<meta name=\"robots\" content=\"index, follow, max-snippet:-1, max-image-preview:large, max-video-preview:-1\" \/>\n<link rel=\"canonical\" href=\"https:\/\/idckohtao.com\/es\/pro-level-courses\/assistant-instructor\/\" \/>\n<meta property=\"og:locale\" content=\"es_ES\" \/>\n<meta property=\"og:type\" content=\"article\" \/>\n<meta property=\"og:title\" content=\"IDC Koh Tao \u2022 Curso PADI Assistant Instructor Koh Tao\" \/>\n<meta property=\"og:description\" content=\"El curso PADI Assistant Instructor es la primera parte del curso PADI Instructor Development IDC\" \/>\n<meta property=\"og:url\" content=\"https:\/\/idckohtao.com\/es\/pro-level-courses\/assistant-instructor\/\" \/>\n<meta property=\"og:site_name\" content=\"IDC Koh Tao\" \/>\n<meta property=\"article:publisher\" content=\"https:\/\/www.facebook.com\/GoProIDCKohTao\" \/>\n<meta property=\"article:modified_time\" content=\"2026-01-02T06:20:46+00:00\" \/>\n<meta property=\"og:image\" content=\"https:\/\/idckohtao.com\/wp-content\/uploads\/2023\/08\/idc-koh-tao-confined-water-presentations-at-regal-pool.jpg\" \/>\n\t<meta property=\"og:image:width\" content=\"1080\" \/>\n\t<meta property=\"og:image:height\" content=\"810\" \/>\n\t<meta property=\"og:image:type\" content=\"image\/jpeg\" \/>\n<meta name=\"twitter:card\" content=\"summary_large_image\" \/>\n<meta name=\"twitter:title\" content=\"IDC Koh Tao \u2022 Curso PADI Assistant Instructor Koh Tao\" \/>\n<meta name=\"twitter:description\" content=\"El curso PADI Assistant Instructor es la primera parte del curso PADI Instructor Development IDC\" \/>\n<meta name=\"twitter:site\" content=\"@GoProIDCKohTao\" \/>\n<!-- \/ Yoast SEO Premium plugin. -->","yoast_head_json":{"title":"IDC Koh Tao \u2022 Curso PADI Assistant Instructor Koh Tao","description":"El curso PADI Assistant Instructor es la primera parte del curso PADI Instructor Development IDC","robots":{"index":"index","follow":"follow","max-snippet":"max-snippet:-1","max-image-preview":"max-image-preview:large","max-video-preview":"max-video-preview:-1"},"canonical":"https:\/\/idckohtao.com\/es\/pro-level-courses\/assistant-instructor\/","og_locale":"es_ES","og_type":"article","og_title":"IDC Koh Tao \u2022 Curso PADI Assistant Instructor Koh Tao","og_description":"El curso PADI Assistant Instructor es la primera parte del curso PADI Instructor Development IDC","og_url":"https:\/\/idckohtao.com\/es\/pro-level-courses\/assistant-instructor\/","og_site_name":"IDC Koh Tao","article_publisher":"https:\/\/www.facebook.com\/GoProIDCKohTao","article_modified_time":"2026-01-02T06:20:46+00:00","og_image":[{"width":1080,"height":810,"url":"https:\/\/idckohtao.com\/wp-content\/uploads\/2023\/08\/idc-koh-tao-confined-water-presentations-at-regal-pool.jpg","type":"image\/jpeg"}],"twitter_card":"summary_large_image","twitter_title":"IDC Koh Tao \u2022 Curso PADI Assistant Instructor Koh Tao","twitter_description":"El curso PADI Assistant Instructor es la primera parte del curso PADI Instructor Development IDC","twitter_site":"@GoProIDCKohTao","schema":{"@context":"https:\/\/schema.org","@graph":[{"@type":"NewsArticle","@id":"https:\/\/idckohtao.com\/es\/pro-level-courses\/assistant-instructor\/#article","isPartOf":{"@id":"https:\/\/idckohtao.com\/es\/pro-level-courses\/assistant-instructor\/"},"author":{"name":"ojasya","@id":"https:\/\/idckohtao.com\/es\/#\/schema\/person\/d08d557cbfdbc171f824052dae697b02"},"headline":"PADI Assistant Instructor Course (AI)","datePublished":"2023-08-09T17:14:39+00:00","dateModified":"2026-01-02T06:20:46+00:00","mainEntityOfPage":{"@id":"https:\/\/idckohtao.com\/es\/pro-level-courses\/assistant-instructor\/"},"wordCount":559,"publisher":{"@id":"https:\/\/idckohtao.com\/es\/#organization"},"image":{"@id":"https:\/\/idckohtao.com\/es\/pro-level-courses\/assistant-instructor\/#primaryimage"},"thumbnailUrl":"https:\/\/idckohtao.com\/wp-content\/uploads\/2023\/08\/idc-koh-tao-confined-water-presentations-at-regal-pool.jpg","inLanguage":"es"},{"@type":"WebPage","@id":"https:\/\/idckohtao.com\/es\/pro-level-courses\/assistant-instructor\/","url":"https:\/\/idckohtao.com\/es\/pro-level-courses\/assistant-instructor\/","name":"IDC Koh Tao \u2022 Curso PADI Assistant Instructor Koh Tao","isPartOf":{"@id":"https:\/\/idckohtao.com\/es\/#website"},"primaryImageOfPage":{"@id":"https:\/\/idckohtao.com\/es\/pro-level-courses\/assistant-instructor\/#primaryimage"},"image":{"@id":"https:\/\/idckohtao.com\/es\/pro-level-courses\/assistant-instructor\/#primaryimage"},"thumbnailUrl":"https:\/\/idckohtao.com\/wp-content\/uploads\/2023\/08\/idc-koh-tao-confined-water-presentations-at-regal-pool.jpg","datePublished":"2023-08-09T17:14:39+00:00","dateModified":"2026-01-02T06:20:46+00:00","description":"El curso PADI Assistant Instructor es la primera parte del curso PADI Instructor Development IDC","breadcrumb":{"@id":"https:\/\/idckohtao.com\/es\/pro-level-courses\/assistant-instructor\/#breadcrumb"},"inLanguage":"es","potentialAction":[{"@type":"ReadAction","target":["https:\/\/idckohtao.com\/es\/pro-level-courses\/assistant-instructor\/"]}]},{"@type":"ImageObject","inLanguage":"es","@id":"https:\/\/idckohtao.com\/es\/pro-level-courses\/assistant-instructor\/#primaryimage","url":"https:\/\/idckohtao.com\/wp-content\/uploads\/2023\/08\/idc-koh-tao-confined-water-presentations-at-regal-pool.jpg","contentUrl":"https:\/\/idckohtao.com\/wp-content\/uploads\/2023\/08\/idc-koh-tao-confined-water-presentations-at-regal-pool.jpg","width":1080,"height":810},{"@type":"BreadcrumbList","@id":"https:\/\/idckohtao.com\/es\/pro-level-courses\/assistant-instructor\/#breadcrumb","itemListElement":[{"@type":"ListItem","position":1,"name":"Home","item":"https:\/\/idckohtao.com\/es\/"},{"@type":"ListItem","position":2,"name":"Pro level","item":"https:\/\/idckohtao.com\/es\/pro-level-courses\/"},{"@type":"ListItem","position":3,"name":"PADI Assistant Instructor Course (AI)"}]},{"@type":"WebSite","@id":"https:\/\/idckohtao.com\/es\/#website","url":"https:\/\/idckohtao.com\/es\/","name":"IDC Koh Tao","description":"PADI IDC 5 Star Diving Center in Koh Tao - Thailand","publisher":{"@id":"https:\/\/idckohtao.com\/es\/#organization"},"alternateName":"IDC Koh Tao in Thailand","potentialAction":[{"@type":"SearchAction","target":{"@type":"EntryPoint","urlTemplate":"https:\/\/idckohtao.com\/es\/?s={search_term_string}"},"query-input":{"@type":"PropertyValueSpecification","valueRequired":true,"valueName":"search_term_string"}}],"inLanguage":"es"},{"@type":"Organization","@id":"https:\/\/idckohtao.com\/es\/#organization","name":"IDC Koh Tao","alternateName":"IDC Koh Tao | Divemaster & Diving Instructor","url":"https:\/\/idckohtao.com\/es\/","logo":{"@type":"ImageObject","inLanguage":"es","@id":"https:\/\/idckohtao.com\/es\/#\/schema\/logo\/image\/","url":"https:\/\/idckohtao.com\/wp-content\/uploads\/2023\/09\/idckohtao.com-padi-diving-center-in-koh-tao-thailand.png","contentUrl":"https:\/\/idckohtao.com\/wp-content\/uploads\/2023\/09\/idckohtao.com-padi-diving-center-in-koh-tao-thailand.png","width":400,"height":300,"caption":"IDC Koh Tao"},"image":{"@id":"https:\/\/idckohtao.com\/es\/#\/schema\/logo\/image\/"},"sameAs":["https:\/\/www.facebook.com\/GoProIDCKohTao","https:\/\/x.com\/GoProIDCKohTao","https:\/\/www.youtube.com\/idckohtao","https:\/\/www.instagram.com\/idc.kohtao\/"],"description":"IDC Koh Tao is a part of the Black Turtle Dive pro level training team with three PADI Course Directors being led by Award Winning PADI Course Director Matt Bolton. Our full range of pro and recreational PADI Diving Courses provides aspiring scuba divers with education, fun, excitement, adventure, and a change of lifestyle or an opportunity to pursue a new career.","email":"info@idckohtao.com","legalName":"IDC Koh Tao","foundingDate":"2004-01-04","numberOfEmployees":{"@type":"QuantitativeValue","minValue":"1","maxValue":"10"},"correctionsPolicy":"https:\/\/idckohtao.com\/privacy-policy\/","ethicsPolicy":"https:\/\/idckohtao.com\/terms\/"},{"@type":"Person","@id":"https:\/\/idckohtao.com\/es\/#\/schema\/person\/d08d557cbfdbc171f824052dae697b02","name":"ojasya","image":{"@type":"ImageObject","inLanguage":"es","@id":"https:\/\/secure.gravatar.com\/avatar\/6fb34e36d09053a6545fc21d344613321bb1933f185132488f38052166f5a001?s=96&d=mm&r=g","url":"https:\/\/secure.gravatar.com\/avatar\/6fb34e36d09053a6545fc21d344613321bb1933f185132488f38052166f5a001?s=96&d=mm&r=g","contentUrl":"https:\/\/secure.gravatar.com\/avatar\/6fb34e36d09053a6545fc21d344613321bb1933f185132488f38052166f5a001?s=96&d=mm&r=g","caption":"ojasya"},"sameAs":["https:\/\/idckohtao.com"],"url":"https:\/\/idckohtao.com\/es\/blog\/author\/ojasya\/"}]}},"_links":{"self":[{"href":"https:\/\/idckohtao.com\/es\/wp-json\/wp\/v2\/pages\/3269","targetHints":{"allow":["GET"]}}],"collection":[{"href":"https:\/\/idckohtao.com\/es\/wp-json\/wp\/v2\/pages"}],"about":[{"href":"https:\/\/idckohtao.com\/es\/wp-json\/wp\/v2\/types\/page"}],"author":[{"embeddable":true,"href":"https:\/\/idckohtao.com\/es\/wp-json\/wp\/v2\/users\/1"}],"replies":[{"embeddable":true,"href":"https:\/\/idckohtao.com\/es\/wp-json\/wp\/v2\/comments?post=3269"}],"version-history":[{"count":1,"href":"https:\/\/idckohtao.com\/es\/wp-json\/wp\/v2\/pages\/3269\/revisions"}],"predecessor-version":[{"id":7600,"href":"https:\/\/idckohtao.com\/es\/wp-json\/wp\/v2\/pages\/3269\/revisions\/7600"}],"up":[{"embeddable":true,"href":"https:\/\/idckohtao.com\/es\/wp-json\/wp\/v2\/pages\/7936"}],"wp:featuredmedia":[{"embeddable":true,"href":"https:\/\/idckohtao.com\/es\/wp-json\/wp\/v2\/media\/2978"}],"wp:attachment":[{"href":"https:\/\/idckohtao.com\/es\/wp-json\/wp\/v2\/media?parent=3269"}],"curies":[{"name":"wp","href":"https:\/\/api.w.org\/{rel}","templated":true}]}}