{"id":3273,"date":"2023-08-05T08:27:22","date_gmt":"2023-08-05T08:27:22","guid":{"rendered":"https:\/\/idckohtao.com\/padi-course-director-andrea-warren\/"},"modified":"2023-09-16T22:10:26","modified_gmt":"2023-09-16T22:10:26","slug":"padi-course-director-andrea-warren","status":"publish","type":"page","link":"https:\/\/idckohtao.com\/es\/padi-course-director-andrea-warren\/","title":{"rendered":"Directora de curso PADI Andrea Warren"},"content":{"rendered":"<div class=\"wpb-content-wrapper\"><p>[vc_row][vc_column][vc_column_text]<\/p>\n<h2>Koh Tao Multi Platinum PADI Course Director Andrea Warren<\/h2>\n<h2>Andrea Warren<\/h2>\n<h4>Directora de Curso Platino #<strong>339920<\/strong><\/h4>\n<p>Andrea reserv\u00f3 un curso de buceo que cambiar\u00eda no solo el resultado de sus vacaciones, sino tambi\u00e9n el resultado de\u00a0<a href=\"https:\/\/idckohtao.com\/es\/lifestyle-packages\/\">todo su futuro<\/a>.<\/p>\n<p>Despu\u00e9s de completar su\u00a0<a href=\"https:\/\/idckohtao.com\/es\/open-water-course\/\">curso PADI Open Water<\/a>, se vio inmediatamente expuesta a un mundo completamente nuevo.<\/p>\n<p>No solo el mundo submarino, sino el reino de convertirse en un buzo profesional y lo que realmente tiene para ofrecer.<\/p>\n<p>Inmediatamente comenz\u00f3 a trabajar hacia un\u00a0<a href=\"https:\/\/idckohtao.com\/es\/padi-divemaster-course\/\">nivel profesional<\/a>\u00a0y disfrut\u00f3 de los desaf\u00edos y las lecciones que esto conlleva.<\/p>\n<p>Andrea lleva m\u00e1s de 7 a\u00f1os trabajando con buceadores a nivel profesional. Muchos de sus estudiantes trabajan en todo el mundo como instructores de buceo.<\/p>\n<p>Ella tambi\u00e9n est\u00e1 entrenada en buceo t\u00e9cnico y est\u00e1 constantemente entrenando y continua creciendo como buzo.<\/p>\n<p>Antes de ser directora del curso PADI, Andrea era bailarina y profesora de danza con formaci\u00f3n profesional en la Asociaci\u00f3n Brit\u00e1nica de Danza.<\/p>\n<p>Ella cree que su experiencia en el baile le dio la disciplina para trabajar duro y los fundamentos para tener \u00e9xito.<\/p>\n<p><em>\u201cAhora puedo ense\u00f1ar en un aula completamente nueva, que me inspira constantemente todos los d\u00edas. A uno de mis alumnos le dijeron: \u201csus demostraciones fueron tan claras y exageradas, es como si hubiera ido a una escuela de baile\u201d.<br \/>\n<\/em><\/p>\n<p><em>Creo que encontr\u00e9 una forma de combinar mis dos pasiones en una sola. S\u00e9 que como PADI Course Director dedicar\u00e9 todo, para asegurar que mis candidatos est\u00e9n m\u00e1s que preparados. No solo para el examen de Instructor, sino para todo lo que viene despu\u00e9s\u201d.<\/em><\/p>\n<p><img decoding=\"async\" class=\"alignnone wp-image-172 size-large\" src=\"https:\/\/idckohtao.com\/wp-content\/uploads\/2023\/08\/idckohtao.com-andrea-warren-padi-course-director-neutral-buoyancy-1024x650.jpg\" alt=\"idckohtao.com-andrea-warren-padi-course-director-neutral-buoyancy\" width=\"1024\" height=\"650\" srcset=\"https:\/\/idckohtao.com\/wp-content\/uploads\/2023\/08\/idckohtao.com-andrea-warren-padi-course-director-neutral-buoyancy-1024x650.jpg 1024w, https:\/\/idckohtao.com\/wp-content\/uploads\/2023\/08\/idckohtao.com-andrea-warren-padi-course-director-neutral-buoyancy-300x191.jpg 300w, https:\/\/idckohtao.com\/wp-content\/uploads\/2023\/08\/idckohtao.com-andrea-warren-padi-course-director-neutral-buoyancy-768x488.jpg 768w, https:\/\/idckohtao.com\/wp-content\/uploads\/2023\/08\/idckohtao.com-andrea-warren-padi-course-director-neutral-buoyancy.jpg 1200w\" sizes=\"(max-width: 1024px) 100vw, 1024px\" \/><\/p>\n<p>Andrea ha trabajado como directora de curso durante casi cuatro a\u00f1os. Ella est\u00e1 muy involucrada en lo que respecta al desarrollo profesional y est\u00e1 trabajando directamente junto al\u00a0<a href=\"https:\/\/idckohtao.com\/es\/padi-course-director-matt-bolton\/\">Director de Curso Platino, Matt Bolton<\/a>.<\/p>\n<p>El principal foco de atenci\u00f3n actual de Andrea es el\u00a0<a href=\"https:\/\/idckohtao.com\/es\/padi-instructor-development-course\/\">curso de desarrollo de instructores<\/a>\u00a0PADI y los candidatos al\u00a0<a href=\"https:\/\/idckohtao.com\/es\/blog\/divemaster-to-a-scuba-diving-instructor\/\">curso Divemaster<\/a>.<\/p>\n<p>Andrea tiene el objetivo de cerrar la brecha entre los programas de capacitaci\u00f3n profesional y producir los mejores profesionales de buceo posibles.<\/p>\n<p>Ella se dedica a entrenar a sus candidatos de nivel profesional lo mejor que puede y es una gran defensora de la capacitaci\u00f3n en flotabilidad neutra.<\/p>\n<p>Su objetivo n\u00famero uno es preparar a sus candidatos para tener \u00e9xito en la industria del buceo y lograr cualquier objetivo que se hayan fijado.<\/p>\n<p>Cuando no est\u00e1 ense\u00f1ando cursos de desarrollo de instructores, Andrea se enfoca en cursos de especialidad de instructores.<\/p>\n<p><img decoding=\"async\" class=\"alignnone wp-image-170 size-large\" src=\"https:\/\/idckohtao.com\/wp-content\/uploads\/2023\/08\/idckohtao.com-andrea-warren-padi-course-director-1024x1024.jpg\" alt=\"idckohtao.com-andrea-warren-padi-course-director\" width=\"1024\" height=\"1024\" srcset=\"https:\/\/idckohtao.com\/wp-content\/uploads\/2023\/08\/idckohtao.com-andrea-warren-padi-course-director-1024x1024.jpg 1024w, https:\/\/idckohtao.com\/wp-content\/uploads\/2023\/08\/idckohtao.com-andrea-warren-padi-course-director-150x150.jpg 150w, https:\/\/idckohtao.com\/wp-content\/uploads\/2023\/08\/idckohtao.com-andrea-warren-padi-course-director-300x300.jpg 300w, https:\/\/idckohtao.com\/wp-content\/uploads\/2023\/08\/idckohtao.com-andrea-warren-padi-course-director-768x768.jpg 768w, https:\/\/idckohtao.com\/wp-content\/uploads\/2023\/08\/idckohtao.com-andrea-warren-padi-course-director.jpg 1080w\" sizes=\"(max-width: 1024px) 100vw, 1024px\" \/><\/p>\n<h3>Teaching Sidemount &amp; Tec40 Diving Courses Koh Tao<\/h3>\n<p>En su tiempo libre, le encanta\u00a0<a href=\"https:\/\/idckohtao.com\/es\/sidemount-instructor-specialty\/\">ense\u00f1ar cursos de Sidemount<\/a>\u00a0y Tec40. Ella est\u00e1 trabajando para desarrollar a\u00fan m\u00e1s sus habilidades y eventualmente convertirse en una instructora completa de Tec Deep.<\/p>\n<p>A Andrea le encanta ense\u00f1ar, pero igualmente le encanta ser estudiante. Su amor por el aprendizaje es ciertamente contagioso y, como instructora, te mantendr\u00e1 alerta.<\/p>\n<p>Andrea se enfoca en llegar a la demograf\u00eda femenina con la esperanza de que las ni\u00f1as puedan admirar sus logros y decir: \u201cYo tambi\u00e9n puedo hacer esto\u201d.<\/p>\n<p>A ella le gustar\u00eda inspirar, alentar y tiene una pasi\u00f3n por una mayor representaci\u00f3n femenina en el mundo del\u00a0<a href=\"https:\/\/idckohtao.com\/es\/\">buceo<\/a>.<\/p>\n<p>Estar en una posici\u00f3n de liderazgo como Directora de Curso PADI es la manera perfecta para que ella alcance y desarrolle buceadoras hasta el nivel profesional.<\/p>\n<p>Andrea es un modelo a seguir, liderando con el ejemplo y quisiera alentar a m\u00e1s mujeres a involucrarse en Sidemount y Technical Diving.<\/p>\n<p>Ella cree que cuando otras mujeres la vean asumiendo las tareas que el buceo t\u00e9cnico puede traer, las animar\u00e1 a salir de sus zonas de confort y asumir nuevos desaf\u00edos.<\/p>\n<p><img decoding=\"async\" class=\"alignnone wp-image-173 size-large\" src=\"https:\/\/idckohtao.com\/wp-content\/uploads\/2023\/08\/idckohtao.com-andrea-warren-padi-course-director-sidemount-819x1024.jpg\" alt=\"idckohtao.com-andrea-warren-padi-course-director-sidemount\" width=\"819\" height=\"1024\" srcset=\"https:\/\/idckohtao.com\/wp-content\/uploads\/2023\/08\/idckohtao.com-andrea-warren-padi-course-director-sidemount-819x1024.jpg 819w, https:\/\/idckohtao.com\/wp-content\/uploads\/2023\/08\/idckohtao.com-andrea-warren-padi-course-director-sidemount-240x300.jpg 240w, https:\/\/idckohtao.com\/wp-content\/uploads\/2023\/08\/idckohtao.com-andrea-warren-padi-course-director-sidemount-768x960.jpg 768w, https:\/\/idckohtao.com\/wp-content\/uploads\/2023\/08\/idckohtao.com-andrea-warren-padi-course-director-sidemount.jpg 850w\" sizes=\"(max-width: 819px) 100vw, 819px\" \/><\/p>\n<p>Ella espera usar su influyente alcance en las redes sociales para promover una presencia femenina m\u00e1s fuerte dentro de los programas PADI TecRec.<\/p>\n<p>Andrea apareci\u00f3 en el video Go Beyond with PADI TecRec lanzado en 2019, que puedes encontrar en YouTube o en la cuenta de Instagram de Andrea.<\/p>\n<p><em>\u201cMi padre dijo una vez:\u201d Si encuentras un trabajo que amas, nunca trabajar\u00e1s un d\u00eda en tu vida \u201c.<br \/>\n<\/em><\/p>\n<p><em>Creo que este fue el mejor consejo que podr\u00eda haber recibido y lo utilic\u00e9 como catalizador para encontrar el trabajo de mis sue\u00f1os como\u00a0<a href=\"https:\/\/idckohtao.com\/es\/why-choose-koh-tao\/\">Directora de Curso en el para\u00edso<\/a>.<br \/>\n<\/em><\/p>\n<p><em>Ahora mi objetivo es compartir esta sabidur\u00eda y alentar a otros a hacer lo mismo. Todav\u00eda tengo mucho que aprender cuando se trata de esta industria.<br \/>\n<\/em><\/p>\n<p><em>Creo que esa es la mejor parte. Saber que tengo mucho m\u00e1s espacio para crecer y desarrollarme\u201d.<\/em><\/p>\n<p><strong>CALIFICACIONES DE ANDREA<br \/>\n<\/strong><\/p>\n<p>Directora de curso PADI<br \/>\nEFR Instructora de Instructores de Atenci\u00f3n Primaria, Secundaria y Cuidado de Ni\u00f1os<br \/>\nINSTRUCTORA TEC<br \/>\nAsesora de equipos profesionales \u2013 Scubapro<\/p>\n<p><strong>ENTRENADORA DE INSTRUCTORES<br \/>\n<\/strong><\/p>\n<p><a href=\"https:\/\/idckohtao.com\/es\/sidemount-instructor-specialty\/\">Sidemount<\/a><br \/>\nBuzo Autosuficiente<br \/>\nAire enriquecido Nitrox<br \/>\nBuzo profundo<br \/>\nB\u00fasqueda y recuperaci\u00f3n<br \/>\nNavegaci\u00f3n<br \/>\nNocturno<br \/>\nEspecialista en equipamiento<br \/>\nBuceador de naufragios<br \/>\nVeh\u00edculo de propulsi\u00f3n de buzo<br \/>\nNaturalista subacu\u00e1tico<br \/>\nProveedor de ox\u00edgeno de emergencia<br \/>\nT\u00e9cnicas adaptativas (para personas con discapacidades)<\/p>\n<p><strong>Premios<\/strong><\/p>\n<p><a href=\"https:\/\/idckohtao.com\/es\/why-choose-padi\/\">Directora de curso<\/a>\u00a0de platino 2019-2020<br \/>\nDirectora de curso de platino 2018-2019<br \/>\nDirectora de curso de oro 2017-2018[\/vc_column_text][\/vc_column][\/vc_row]<\/p>\n<\/div>","protected":false},"excerpt":{"rendered":"<p>[vc_row][vc_column][vc_column_text] Koh Tao Multi Platinum PADI Course Director Andrea Warren Andrea Warren Directora de Curso Platino #339920 Andrea reserv\u00f3 un curso de buceo que cambiar\u00eda no solo el resultado de sus vacaciones, sino tambi\u00e9n el resultado de\u00a0todo su futuro. Despu\u00e9s de completar su\u00a0curso PADI Open Water, se vio inmediatamente expuesta a un mundo completamente nuevo. [&hellip;]<\/p>\n","protected":false},"author":1,"featured_media":2181,"parent":0,"menu_order":0,"comment_status":"closed","ping_status":"closed","template":"","meta":{"_acf_changed":false,"footnotes":""},"class_list":["post-3273","page","type-page","status-publish","has-post-thumbnail","hentry"],"acf":[],"yoast_head":"<!-- This site is optimized with the Yoast SEO Premium plugin v27.5 (Yoast SEO v27.5) - https:\/\/yoast.com\/product\/yoast-seo-premium-wordpress\/ -->\n<title>Directora de Curso Platino PADI Andrea Warren | IDC Koh Tao<\/title>\n<meta name=\"description\" content=\"Andrea ha trabajado con buceadores a nivel profesional durante m\u2021s de 6 a\u2013os con muchos de sus estudiantes trabajando en todo el mundo como instructores de buceo.\" \/>\n<meta name=\"robots\" content=\"index, follow, max-snippet:-1, max-image-preview:large, max-video-preview:-1\" \/>\n<link rel=\"canonical\" href=\"https:\/\/idckohtao.com\/es\/padi-course-director-andrea-warren\/\" \/>\n<meta property=\"og:locale\" content=\"es_ES\" \/>\n<meta property=\"og:type\" content=\"article\" \/>\n<meta property=\"og:title\" content=\"Directora de Curso Platino PADI Andrea Warren | IDC Koh Tao\" \/>\n<meta property=\"og:description\" content=\"Andrea ha trabajado con buceadores a nivel profesional durante m\u2021s de 6 a\u2013os con muchos de sus estudiantes trabajando en todo el mundo como instructores de buceo.\" \/>\n<meta property=\"og:url\" content=\"https:\/\/idckohtao.com\/es\/padi-course-director-andrea-warren\/\" \/>\n<meta property=\"og:site_name\" content=\"IDC Koh Tao\" \/>\n<meta property=\"article:publisher\" content=\"https:\/\/www.facebook.com\/GoProIDCKohTao\" \/>\n<meta property=\"article:modified_time\" content=\"2023-09-16T22:10:26+00:00\" \/>\n<meta property=\"og:image\" content=\"https:\/\/idckohtao.com\/wp-content\/uploads\/2023\/08\/idckohtao.com-womens-day-andrea-warren-course-director.jpg\" \/>\n\t<meta property=\"og:image:width\" content=\"1500\" \/>\n\t<meta property=\"og:image:height\" content=\"1200\" \/>\n\t<meta property=\"og:image:type\" content=\"image\/jpeg\" \/>\n<meta name=\"twitter:card\" content=\"summary_large_image\" \/>\n<meta name=\"twitter:title\" content=\"Directora de Curso Platino PADI Andrea Warren | IDC Koh Tao\" \/>\n<meta name=\"twitter:description\" content=\"Andrea ha trabajado con buceadores a nivel profesional durante m\u2021s de 6 a\u2013os con muchos de sus estudiantes trabajando en todo el mundo como instructores de buceo.\" \/>\n<meta name=\"twitter:image\" content=\"https:\/\/idckohtao.com\/wp-content\/uploads\/2023\/08\/idckohtao.com-womens-day-andrea-warren-course-director.jpg\" \/>\n<meta name=\"twitter:site\" content=\"@GoProIDCKohTao\" \/>\n<!-- \/ Yoast SEO Premium plugin. -->","yoast_head_json":{"title":"Directora de Curso Platino PADI Andrea Warren | IDC Koh Tao","description":"Andrea ha trabajado con buceadores a nivel profesional durante m\u2021s de 6 a\u2013os con muchos de sus estudiantes trabajando en todo el mundo como instructores de buceo.","robots":{"index":"index","follow":"follow","max-snippet":"max-snippet:-1","max-image-preview":"max-image-preview:large","max-video-preview":"max-video-preview:-1"},"canonical":"https:\/\/idckohtao.com\/es\/padi-course-director-andrea-warren\/","og_locale":"es_ES","og_type":"article","og_title":"Directora de Curso Platino PADI Andrea Warren | IDC Koh Tao","og_description":"Andrea ha trabajado con buceadores a nivel profesional durante m\u2021s de 6 a\u2013os con muchos de sus estudiantes trabajando en todo el mundo como instructores de buceo.","og_url":"https:\/\/idckohtao.com\/es\/padi-course-director-andrea-warren\/","og_site_name":"IDC Koh Tao","article_publisher":"https:\/\/www.facebook.com\/GoProIDCKohTao","article_modified_time":"2023-09-16T22:10:26+00:00","og_image":[{"width":1500,"height":1200,"url":"https:\/\/idckohtao.com\/wp-content\/uploads\/2023\/08\/idckohtao.com-womens-day-andrea-warren-course-director.jpg","type":"image\/jpeg"}],"twitter_card":"summary_large_image","twitter_title":"Directora de Curso Platino PADI Andrea Warren | IDC Koh Tao","twitter_description":"Andrea ha trabajado con buceadores a nivel profesional durante m\u2021s de 6 a\u2013os con muchos de sus estudiantes trabajando en todo el mundo como instructores de buceo.","twitter_image":"https:\/\/idckohtao.com\/wp-content\/uploads\/2023\/08\/idckohtao.com-womens-day-andrea-warren-course-director.jpg","twitter_site":"@GoProIDCKohTao","schema":{"@context":"https:\/\/schema.org","@graph":[{"@type":"NewsArticle","@id":"https:\/\/idckohtao.com\/es\/padi-course-director-andrea-warren\/#article","isPartOf":{"@id":"https:\/\/idckohtao.com\/es\/padi-course-director-andrea-warren\/"},"author":{"name":"ojasya","@id":"https:\/\/idckohtao.com\/es\/#\/schema\/person\/d08d557cbfdbc171f824052dae697b02"},"headline":"Directora de curso PADI Andrea Warren","datePublished":"2023-08-05T08:27:22+00:00","dateModified":"2023-09-16T22:10:26+00:00","mainEntityOfPage":{"@id":"https:\/\/idckohtao.com\/es\/padi-course-director-andrea-warren\/"},"wordCount":898,"publisher":{"@id":"https:\/\/idckohtao.com\/es\/#organization"},"image":{"@id":"https:\/\/idckohtao.com\/es\/padi-course-director-andrea-warren\/#primaryimage"},"thumbnailUrl":"https:\/\/idckohtao.com\/wp-content\/uploads\/2023\/08\/idckohtao.com-andrea-warren-padi-course-director-sidemount-instructor.jpg","inLanguage":"es"},{"@type":"WebPage","@id":"https:\/\/idckohtao.com\/es\/padi-course-director-andrea-warren\/","url":"https:\/\/idckohtao.com\/es\/padi-course-director-andrea-warren\/","name":"Directora de Curso Platino PADI Andrea Warren | IDC Koh Tao","isPartOf":{"@id":"https:\/\/idckohtao.com\/es\/#website"},"primaryImageOfPage":{"@id":"https:\/\/idckohtao.com\/es\/padi-course-director-andrea-warren\/#primaryimage"},"image":{"@id":"https:\/\/idckohtao.com\/es\/padi-course-director-andrea-warren\/#primaryimage"},"thumbnailUrl":"https:\/\/idckohtao.com\/wp-content\/uploads\/2023\/08\/idckohtao.com-andrea-warren-padi-course-director-sidemount-instructor.jpg","datePublished":"2023-08-05T08:27:22+00:00","dateModified":"2023-09-16T22:10:26+00:00","description":"Andrea ha trabajado con buceadores a nivel profesional durante m\u2021s de 6 a\u2013os con muchos de sus estudiantes trabajando en todo el mundo como instructores de buceo.","breadcrumb":{"@id":"https:\/\/idckohtao.com\/es\/padi-course-director-andrea-warren\/#breadcrumb"},"inLanguage":"es","potentialAction":[{"@type":"ReadAction","target":["https:\/\/idckohtao.com\/es\/padi-course-director-andrea-warren\/"]}]},{"@type":"ImageObject","inLanguage":"es","@id":"https:\/\/idckohtao.com\/es\/padi-course-director-andrea-warren\/#primaryimage","url":"https:\/\/idckohtao.com\/wp-content\/uploads\/2023\/08\/idckohtao.com-andrea-warren-padi-course-director-sidemount-instructor.jpg","contentUrl":"https:\/\/idckohtao.com\/wp-content\/uploads\/2023\/08\/idckohtao.com-andrea-warren-padi-course-director-sidemount-instructor.jpg","width":1200,"height":960},{"@type":"BreadcrumbList","@id":"https:\/\/idckohtao.com\/es\/padi-course-director-andrea-warren\/#breadcrumb","itemListElement":[{"@type":"ListItem","position":1,"name":"Home","item":"https:\/\/idckohtao.com\/es\/"},{"@type":"ListItem","position":2,"name":"Directora de curso PADI Andrea Warren"}]},{"@type":"WebSite","@id":"https:\/\/idckohtao.com\/es\/#website","url":"https:\/\/idckohtao.com\/es\/","name":"IDC Koh Tao","description":"PADI IDC 5 Star Diving Center in Koh Tao - Thailand","publisher":{"@id":"https:\/\/idckohtao.com\/es\/#organization"},"alternateName":"IDC Koh Tao in Thailand","potentialAction":[{"@type":"SearchAction","target":{"@type":"EntryPoint","urlTemplate":"https:\/\/idckohtao.com\/es\/?s={search_term_string}"},"query-input":{"@type":"PropertyValueSpecification","valueRequired":true,"valueName":"search_term_string"}}],"inLanguage":"es"},{"@type":"Organization","@id":"https:\/\/idckohtao.com\/es\/#organization","name":"IDC Koh Tao","alternateName":"IDC Koh Tao | Divemaster & Diving Instructor","url":"https:\/\/idckohtao.com\/es\/","logo":{"@type":"ImageObject","inLanguage":"es","@id":"https:\/\/idckohtao.com\/es\/#\/schema\/logo\/image\/","url":"https:\/\/idckohtao.com\/wp-content\/uploads\/2023\/09\/idckohtao.com-padi-diving-center-in-koh-tao-thailand.png","contentUrl":"https:\/\/idckohtao.com\/wp-content\/uploads\/2023\/09\/idckohtao.com-padi-diving-center-in-koh-tao-thailand.png","width":400,"height":300,"caption":"IDC Koh Tao"},"image":{"@id":"https:\/\/idckohtao.com\/es\/#\/schema\/logo\/image\/"},"sameAs":["https:\/\/www.facebook.com\/GoProIDCKohTao","https:\/\/x.com\/GoProIDCKohTao","https:\/\/www.youtube.com\/idckohtao","https:\/\/www.instagram.com\/idc.kohtao\/"],"description":"IDC Koh Tao is a part of the Black Turtle Dive pro level training team with three PADI Course Directors being led by Award Winning PADI Course Director Matt Bolton. Our full range of pro and recreational PADI Diving Courses provides aspiring scuba divers with education, fun, excitement, adventure, and a change of lifestyle or an opportunity to pursue a new career.","email":"info@idckohtao.com","legalName":"IDC Koh Tao","foundingDate":"2004-01-04","numberOfEmployees":{"@type":"QuantitativeValue","minValue":"1","maxValue":"10"},"correctionsPolicy":"https:\/\/idckohtao.com\/privacy-policy\/","ethicsPolicy":"https:\/\/idckohtao.com\/terms\/"},{"@type":"Person","@id":"https:\/\/idckohtao.com\/es\/#\/schema\/person\/d08d557cbfdbc171f824052dae697b02","name":"ojasya","image":{"@type":"ImageObject","inLanguage":"es","@id":"https:\/\/secure.gravatar.com\/avatar\/6fb34e36d09053a6545fc21d344613321bb1933f185132488f38052166f5a001?s=96&d=mm&r=g","url":"https:\/\/secure.gravatar.com\/avatar\/6fb34e36d09053a6545fc21d344613321bb1933f185132488f38052166f5a001?s=96&d=mm&r=g","contentUrl":"https:\/\/secure.gravatar.com\/avatar\/6fb34e36d09053a6545fc21d344613321bb1933f185132488f38052166f5a001?s=96&d=mm&r=g","caption":"ojasya"},"sameAs":["https:\/\/idckohtao.com"],"url":"https:\/\/idckohtao.com\/es\/blog\/author\/ojasya\/"}]}},"_links":{"self":[{"href":"https:\/\/idckohtao.com\/es\/wp-json\/wp\/v2\/pages\/3273","targetHints":{"allow":["GET"]}}],"collection":[{"href":"https:\/\/idckohtao.com\/es\/wp-json\/wp\/v2\/pages"}],"about":[{"href":"https:\/\/idckohtao.com\/es\/wp-json\/wp\/v2\/types\/page"}],"author":[{"embeddable":true,"href":"https:\/\/idckohtao.com\/es\/wp-json\/wp\/v2\/users\/1"}],"replies":[{"embeddable":true,"href":"https:\/\/idckohtao.com\/es\/wp-json\/wp\/v2\/comments?post=3273"}],"version-history":[{"count":0,"href":"https:\/\/idckohtao.com\/es\/wp-json\/wp\/v2\/pages\/3273\/revisions"}],"wp:featuredmedia":[{"embeddable":true,"href":"https:\/\/idckohtao.com\/es\/wp-json\/wp\/v2\/media\/2181"}],"wp:attachment":[{"href":"https:\/\/idckohtao.com\/es\/wp-json\/wp\/v2\/media?parent=3273"}],"curies":[{"name":"wp","href":"https:\/\/api.w.org\/{rel}","templated":true}]}}