{"id":3283,"date":"2023-08-08T12:57:54","date_gmt":"2023-08-08T12:57:54","guid":{"rendered":"https:\/\/idckohtao.com\/padi-education-materials\/"},"modified":"2026-04-23T08:34:33","modified_gmt":"2026-04-23T08:34:33","slug":"padi-education-materials","status":"publish","type":"page","link":"https:\/\/idckohtao.com\/es\/padi-education-materials\/","title":{"rendered":"PADI Education Materials"},"content":{"rendered":"<div class=\"wpb-content-wrapper\"><p>[vc_row][vc_column][vc_column_text css=\u00bb\u00bb]<\/p>\n<h2>PADI Divemaster Digital Crewpak con Pizarras Digitales \u2013 Precio: 8,000THB<\/h2>\n<ul>\n<li>Crewpak Digital PADI Divemaster\n<ul>\n<li>Divemaster e-Learning<\/li>\n<li>Enciclopedia de Buceo Recreacional<\/li>\n<li>Planificador Electr\u00f3nico de Buceo (e-RDPML)<\/li>\n<li>ReActivate e-Learning<\/li>\n<\/ul>\n<\/li>\n<li>Crewpak F\u00edsico PADI Divemaster\n<ul>\n<li>Bolsa de port\u00e1til PADI Pro<\/li>\n<li>Manual de Instructor PADI con cuaderno de anillas<\/li>\n<li>Slates de Divemaster<\/li>\n<li>DSD Cue Card<\/li>\n<li>Bit\u00e1cora<\/li>\n<\/ul>\n<\/li>\n<\/ul>\n<p><img decoding=\"async\" class=\"alignnone wp-image-365 size-full\" src=\"https:\/\/idckohtao.com\/wp-content\/uploads\/2023\/08\/new_pix_dm_crewpack.jpg\" alt=\"new_pix_dm_crewpack\" width=\"335\" height=\"216\" srcset=\"https:\/\/idckohtao.com\/wp-content\/uploads\/2023\/08\/new_pix_dm_crewpack.jpg 335w, https:\/\/idckohtao.com\/wp-content\/uploads\/2023\/08\/new_pix_dm_crewpack-300x193.jpg 300w\" sizes=\"(max-width: 335px) 100vw, 335px\" \/><\/p>\n<h2>Manual del instructor Emergency First Responder \u2013 Precio: 5,000 THB<\/h2>\n<p>Manual para el instructor Emergency First Response de Primaria, Secundaria y Cuidado de Ni\u00f1os (Digital)<\/p>\n<p><img decoding=\"async\" class=\"alignnone wp-image-366 size-full\" src=\"https:\/\/idckohtao.com\/wp-content\/uploads\/2023\/08\/materials-efri.jpg\" alt=\"materials-efri\" width=\"335\" height=\"235\" srcset=\"https:\/\/idckohtao.com\/wp-content\/uploads\/2023\/08\/materials-efri.jpg 335w, https:\/\/idckohtao.com\/wp-content\/uploads\/2023\/08\/materials-efri-300x210.jpg 300w\" sizes=\"(max-width: 335px) 100vw, 335px\" \/><\/p>\n<div class=\"et_pb_module et_pb_text et_pb_text_18 et_pb_bg_layout_light et_pb_text_align_center\">\n<div class=\"et_pb_text_inner\">\n<h2>PADI IDC Crew Pack \u2013 Precio: 25,000 THB<\/h2>\n<\/div>\n<\/div>\n<ul>\n<li>Crewpak Digital PADI IDC\n<ul>\n<li>IDC e-learning<\/li>\n<li>Gu\u00eda de ense\u00f1anza PADI<\/li>\n<li>Cuaderno de Conocimientos de Buceo<\/li>\n<li>Cuadernillos de Tests y Ex\u00e1menes PADI (Open Water, Rescue Diver, Divemaster)<\/li>\n<li>Gu\u00eda del Instructor Project AWARE<\/li>\n<li>Tutorial sobre recursos de IDC y Online Processing Center<\/li>\n<li>Gu\u00eda del Instructor Peak Performance Buoyancy Speciality<\/li>\n<li>PADI Open Water Course Prescriptive Lesson Guides<\/li>\n<\/ul>\n<\/li>\n<li>Crewpak F\u00edsico PADI IDC\n<ul>\n<li>Mochila PADI<\/li>\n<li>Pizarras de planificaci\u00f3n de ense\u00f1anza (Confinadas y Aguas Abiertas)<\/li>\n<li>Pizarra de planificaci\u00f3n de buceo y de pr\u00e1ctica de habilidades<\/li>\n<li>Cue Cards para los cursos Open Water, Advanced, Rescue Diver y Divemaster<\/li>\n<\/ul>\n<\/li>\n<\/ul>\n<p><img decoding=\"async\" class=\"alignnone wp-image-367 size-full\" src=\"https:\/\/idckohtao.com\/wp-content\/uploads\/2023\/08\/new_pix_idc_crewpack.jpg\" alt=\"new_pix_idc_crewpack\" width=\"450\" height=\"268\" srcset=\"https:\/\/idckohtao.com\/wp-content\/uploads\/2023\/08\/new_pix_idc_crewpack.jpg 450w, https:\/\/idckohtao.com\/wp-content\/uploads\/2023\/08\/new_pix_idc_crewpack-300x179.jpg 300w\" sizes=\"(max-width: 450px) 100vw, 450px\" \/><\/p>\n<h2>PADI IDC Staff Instructor \u2013 Precio: 13,000 THB<\/h2>\n<ul>\n<li>Manual PADI Course Director (Digital)<\/li>\n<li>Pizarra de evaluaci\u00f3n de presentaci\u00f3n de aguas abiertas<\/li>\n<li>Pizarra de evaluaci\u00f3n de presentaci\u00f3n de aguas confinadas PADI Course Director Manual (CD-Rom)<\/li>\n<\/ul>\n<p><img decoding=\"async\" class=\"alignnone wp-image-368 size-full\" src=\"https:\/\/idckohtao.com\/wp-content\/uploads\/2023\/08\/materials-cd.jpg\" alt=\"materials-cd\" width=\"335\" height=\"401\" srcset=\"https:\/\/idckohtao.com\/wp-content\/uploads\/2023\/08\/materials-cd.jpg 335w, https:\/\/idckohtao.com\/wp-content\/uploads\/2023\/08\/materials-cd-251x300.jpg 251w\" sizes=\"(max-width: 335px) 100vw, 335px\" \/>[\/vc_column_text][\/vc_column][\/vc_row]<\/p>\n<\/div>","protected":false},"excerpt":{"rendered":"<p>[vc_row][vc_column][vc_column_text css=\u00bb\u00bb] PADI Divemaster Digital Crewpak con Pizarras Digitales \u2013 Precio: 8,000THB Crewpak Digital PADI Divemaster Divemaster e-Learning Enciclopedia de Buceo Recreacional Planificador Electr\u00f3nico de Buceo (e-RDPML) ReActivate e-Learning Crewpak F\u00edsico PADI Divemaster Bolsa de port\u00e1til PADI Pro Manual de Instructor PADI con cuaderno de anillas Slates de Divemaster DSD Cue Card Bit\u00e1cora Manual del [&hellip;]<\/p>\n","protected":false},"author":1,"featured_media":2625,"parent":0,"menu_order":0,"comment_status":"closed","ping_status":"closed","template":"","meta":{"_acf_changed":false,"footnotes":""},"class_list":["post-3283","page","type-page","status-publish","has-post-thumbnail","hentry"],"acf":[],"yoast_head":"<!-- This site is optimized with the Yoast SEO Premium plugin v27.5 (Yoast SEO v27.5) - https:\/\/yoast.com\/product\/yoast-seo-premium-wordpress\/ -->\n<title>IDC Koh Tao \u2022 Materiales PADI Educacionales<\/title>\n<meta name=\"description\" content=\"IDC Koh Tao incluye todos los materiales educativos PADI con pr\u00e1cticas de buceo y paquetes de estilo de vida\" \/>\n<meta name=\"robots\" content=\"index, follow, max-snippet:-1, max-image-preview:large, max-video-preview:-1\" \/>\n<link rel=\"canonical\" href=\"https:\/\/idckohtao.com\/es\/padi-education-materials\/\" \/>\n<meta property=\"og:locale\" content=\"es_ES\" \/>\n<meta property=\"og:type\" content=\"article\" \/>\n<meta property=\"og:title\" content=\"IDC Koh Tao \u2022 Materiales PADI Educacionales\" \/>\n<meta property=\"og:description\" content=\"IDC Koh Tao incluye todos los materiales educativos PADI con pr\u00e1cticas de buceo y paquetes de estilo de vida\" \/>\n<meta property=\"og:url\" content=\"https:\/\/idckohtao.com\/es\/padi-education-materials\/\" \/>\n<meta property=\"og:site_name\" content=\"IDC Koh Tao\" \/>\n<meta property=\"article:publisher\" content=\"https:\/\/www.facebook.com\/GoProIDCKohTao\" \/>\n<meta property=\"article:modified_time\" content=\"2026-04-23T08:34:33+00:00\" \/>\n<meta property=\"og:image\" content=\"https:\/\/idckohtao.com\/wp-content\/uploads\/2023\/08\/idc-koh-tao-knowledge-development-presentation-padi-materials.jpg\" \/>\n\t<meta property=\"og:image:width\" content=\"1080\" \/>\n\t<meta property=\"og:image:height\" content=\"608\" \/>\n\t<meta property=\"og:image:type\" content=\"image\/jpeg\" \/>\n<meta name=\"twitter:card\" content=\"summary_large_image\" \/>\n<meta name=\"twitter:title\" content=\"IDC Koh Tao \u2022 Materiales PADI Educacionales\" \/>\n<meta name=\"twitter:description\" content=\"IDC Koh Tao incluye todos los materiales educativos PADI con pr\u00e1cticas de buceo y paquetes de estilo de vida\" \/>\n<meta name=\"twitter:site\" content=\"@GoProIDCKohTao\" \/>\n<!-- \/ Yoast SEO Premium plugin. -->","yoast_head_json":{"title":"IDC Koh Tao \u2022 Materiales PADI Educacionales","description":"IDC Koh Tao incluye todos los materiales educativos PADI con pr\u00e1cticas de buceo y paquetes de estilo de vida","robots":{"index":"index","follow":"follow","max-snippet":"max-snippet:-1","max-image-preview":"max-image-preview:large","max-video-preview":"max-video-preview:-1"},"canonical":"https:\/\/idckohtao.com\/es\/padi-education-materials\/","og_locale":"es_ES","og_type":"article","og_title":"IDC Koh Tao \u2022 Materiales PADI Educacionales","og_description":"IDC Koh Tao incluye todos los materiales educativos PADI con pr\u00e1cticas de buceo y paquetes de estilo de vida","og_url":"https:\/\/idckohtao.com\/es\/padi-education-materials\/","og_site_name":"IDC Koh Tao","article_publisher":"https:\/\/www.facebook.com\/GoProIDCKohTao","article_modified_time":"2026-04-23T08:34:33+00:00","og_image":[{"width":1080,"height":608,"url":"https:\/\/idckohtao.com\/wp-content\/uploads\/2023\/08\/idc-koh-tao-knowledge-development-presentation-padi-materials.jpg","type":"image\/jpeg"}],"twitter_card":"summary_large_image","twitter_title":"IDC Koh Tao \u2022 Materiales PADI Educacionales","twitter_description":"IDC Koh Tao incluye todos los materiales educativos PADI con pr\u00e1cticas de buceo y paquetes de estilo de vida","twitter_site":"@GoProIDCKohTao","schema":{"@context":"https:\/\/schema.org","@graph":[{"@type":"NewsArticle","@id":"https:\/\/idckohtao.com\/es\/padi-education-materials\/#article","isPartOf":{"@id":"https:\/\/idckohtao.com\/es\/padi-education-materials\/"},"author":{"name":"ojasya","@id":"https:\/\/idckohtao.com\/es\/#\/schema\/person\/d08d557cbfdbc171f824052dae697b02"},"headline":"PADI Education Materials","datePublished":"2023-08-08T12:57:54+00:00","dateModified":"2026-04-23T08:34:33+00:00","mainEntityOfPage":{"@id":"https:\/\/idckohtao.com\/es\/padi-education-materials\/"},"wordCount":239,"publisher":{"@id":"https:\/\/idckohtao.com\/es\/#organization"},"image":{"@id":"https:\/\/idckohtao.com\/es\/padi-education-materials\/#primaryimage"},"thumbnailUrl":"https:\/\/idckohtao.com\/wp-content\/uploads\/2023\/08\/idc-koh-tao-knowledge-development-presentation-padi-materials.jpg","inLanguage":"es"},{"@type":"WebPage","@id":"https:\/\/idckohtao.com\/es\/padi-education-materials\/","url":"https:\/\/idckohtao.com\/es\/padi-education-materials\/","name":"IDC Koh Tao \u2022 Materiales PADI Educacionales","isPartOf":{"@id":"https:\/\/idckohtao.com\/es\/#website"},"primaryImageOfPage":{"@id":"https:\/\/idckohtao.com\/es\/padi-education-materials\/#primaryimage"},"image":{"@id":"https:\/\/idckohtao.com\/es\/padi-education-materials\/#primaryimage"},"thumbnailUrl":"https:\/\/idckohtao.com\/wp-content\/uploads\/2023\/08\/idc-koh-tao-knowledge-development-presentation-padi-materials.jpg","datePublished":"2023-08-08T12:57:54+00:00","dateModified":"2026-04-23T08:34:33+00:00","description":"IDC Koh Tao incluye todos los materiales educativos PADI con pr\u00e1cticas de buceo y paquetes de estilo de vida","breadcrumb":{"@id":"https:\/\/idckohtao.com\/es\/padi-education-materials\/#breadcrumb"},"inLanguage":"es","potentialAction":[{"@type":"ReadAction","target":["https:\/\/idckohtao.com\/es\/padi-education-materials\/"]}]},{"@type":"ImageObject","inLanguage":"es","@id":"https:\/\/idckohtao.com\/es\/padi-education-materials\/#primaryimage","url":"https:\/\/idckohtao.com\/wp-content\/uploads\/2023\/08\/idc-koh-tao-knowledge-development-presentation-padi-materials.jpg","contentUrl":"https:\/\/idckohtao.com\/wp-content\/uploads\/2023\/08\/idc-koh-tao-knowledge-development-presentation-padi-materials.jpg","width":1080,"height":608},{"@type":"BreadcrumbList","@id":"https:\/\/idckohtao.com\/es\/padi-education-materials\/#breadcrumb","itemListElement":[{"@type":"ListItem","position":1,"name":"Home","item":"https:\/\/idckohtao.com\/es\/"},{"@type":"ListItem","position":2,"name":"PADI Education Materials"}]},{"@type":"WebSite","@id":"https:\/\/idckohtao.com\/es\/#website","url":"https:\/\/idckohtao.com\/es\/","name":"IDC Koh Tao","description":"PADI IDC 5 Star Diving Center in Koh Tao - Thailand","publisher":{"@id":"https:\/\/idckohtao.com\/es\/#organization"},"alternateName":"IDC Koh Tao in Thailand","potentialAction":[{"@type":"SearchAction","target":{"@type":"EntryPoint","urlTemplate":"https:\/\/idckohtao.com\/es\/?s={search_term_string}"},"query-input":{"@type":"PropertyValueSpecification","valueRequired":true,"valueName":"search_term_string"}}],"inLanguage":"es"},{"@type":"Organization","@id":"https:\/\/idckohtao.com\/es\/#organization","name":"IDC Koh Tao","alternateName":"IDC Koh Tao | Divemaster & Diving Instructor","url":"https:\/\/idckohtao.com\/es\/","logo":{"@type":"ImageObject","inLanguage":"es","@id":"https:\/\/idckohtao.com\/es\/#\/schema\/logo\/image\/","url":"https:\/\/idckohtao.com\/wp-content\/uploads\/2023\/09\/idckohtao.com-padi-diving-center-in-koh-tao-thailand.png","contentUrl":"https:\/\/idckohtao.com\/wp-content\/uploads\/2023\/09\/idckohtao.com-padi-diving-center-in-koh-tao-thailand.png","width":400,"height":300,"caption":"IDC Koh Tao"},"image":{"@id":"https:\/\/idckohtao.com\/es\/#\/schema\/logo\/image\/"},"sameAs":["https:\/\/www.facebook.com\/GoProIDCKohTao","https:\/\/x.com\/GoProIDCKohTao","https:\/\/www.youtube.com\/idckohtao","https:\/\/www.instagram.com\/idc.kohtao\/"],"description":"IDC Koh Tao is a part of the Black Turtle Dive pro level training team with three PADI Course Directors being led by Award Winning PADI Course Director Matt Bolton. Our full range of pro and recreational PADI Diving Courses provides aspiring scuba divers with education, fun, excitement, adventure, and a change of lifestyle or an opportunity to pursue a new career.","email":"info@idckohtao.com","legalName":"IDC Koh Tao","foundingDate":"2004-01-04","numberOfEmployees":{"@type":"QuantitativeValue","minValue":"1","maxValue":"10"},"correctionsPolicy":"https:\/\/idckohtao.com\/privacy-policy\/","ethicsPolicy":"https:\/\/idckohtao.com\/terms\/"},{"@type":"Person","@id":"https:\/\/idckohtao.com\/es\/#\/schema\/person\/d08d557cbfdbc171f824052dae697b02","name":"ojasya","image":{"@type":"ImageObject","inLanguage":"es","@id":"https:\/\/secure.gravatar.com\/avatar\/6fb34e36d09053a6545fc21d344613321bb1933f185132488f38052166f5a001?s=96&d=mm&r=g","url":"https:\/\/secure.gravatar.com\/avatar\/6fb34e36d09053a6545fc21d344613321bb1933f185132488f38052166f5a001?s=96&d=mm&r=g","contentUrl":"https:\/\/secure.gravatar.com\/avatar\/6fb34e36d09053a6545fc21d344613321bb1933f185132488f38052166f5a001?s=96&d=mm&r=g","caption":"ojasya"},"sameAs":["https:\/\/idckohtao.com"],"url":"https:\/\/idckohtao.com\/es\/blog\/author\/ojasya\/"}]}},"_links":{"self":[{"href":"https:\/\/idckohtao.com\/es\/wp-json\/wp\/v2\/pages\/3283","targetHints":{"allow":["GET"]}}],"collection":[{"href":"https:\/\/idckohtao.com\/es\/wp-json\/wp\/v2\/pages"}],"about":[{"href":"https:\/\/idckohtao.com\/es\/wp-json\/wp\/v2\/types\/page"}],"author":[{"embeddable":true,"href":"https:\/\/idckohtao.com\/es\/wp-json\/wp\/v2\/users\/1"}],"replies":[{"embeddable":true,"href":"https:\/\/idckohtao.com\/es\/wp-json\/wp\/v2\/comments?post=3283"}],"version-history":[{"count":2,"href":"https:\/\/idckohtao.com\/es\/wp-json\/wp\/v2\/pages\/3283\/revisions"}],"predecessor-version":[{"id":7782,"href":"https:\/\/idckohtao.com\/es\/wp-json\/wp\/v2\/pages\/3283\/revisions\/7782"}],"wp:featuredmedia":[{"embeddable":true,"href":"https:\/\/idckohtao.com\/es\/wp-json\/wp\/v2\/media\/2625"}],"wp:attachment":[{"href":"https:\/\/idckohtao.com\/es\/wp-json\/wp\/v2\/media?parent=3283"}],"curies":[{"name":"wp","href":"https:\/\/api.w.org\/{rel}","templated":true}]}}