{"id":3286,"date":"2023-08-07T11:47:56","date_gmt":"2023-08-07T11:47:56","guid":{"rendered":"https:\/\/idckohtao.com\/padi-emergency-o2-provider-specialty-instructor-course\/"},"modified":"2024-12-21T09:18:53","modified_gmt":"2024-12-21T09:18:53","slug":"padi-emergency-o2-provider-specialty-instructor-course","status":"publish","type":"page","link":"https:\/\/idckohtao.com\/es\/pro-level-courses\/padi-emergency-o2-provider-specialty-instructor-course\/","title":{"rendered":"PADI Emergency O2 Provider Specialty Instructor course"},"content":{"rendered":"<div class=\"wpb-content-wrapper\"><p>[vc_row][vc_column][vc_column_text css=\u00bb\u00bb]<\/p>\n<h2>Curso de Instructor Especializado en PADI Emergency O2 en KOH TAO, Thailand<\/h2>\n<p><b>Aprenda a ense\u00f1ar a sus buceadores a respirar en caso de una emergencia.<\/b><\/p>\n<p>Como buceador, y especialmente uno que es nivel de rescate o superior, es imprescindible que est\u00e9 capacitado en el uso de ox\u00edgeno de emergencia. Lo que significa que pueden ser el mejor amigo posible en caso de accidente.<\/p>\n<p>Como instructor de proveedores de ox\u00edgeno de emergencia, podr\u00e1 ense\u00f1ar a sus buceadores a reconocer y tratar las condiciones que requieren la provisi\u00f3n de ox\u00edgeno, lo que significa que pueden ser el mejor amigo posible en caso de accidente.<\/p>\n<p><b>Como instructor de especialidad de EOP, algunas de las cosas que ense\u00f1ar\u00e1 a sus alumnos incluyen:<\/b><\/p>\n<ul>\n<li>C\u00f3mo reconocer las enfermedades de buceo tratables con ox\u00edgeno<\/li>\n<li>Montar y desmontar el equipo de ox\u00edgeno de emergencia<\/li>\n<li>Use una m\u00e1scara de bolsillo en un buzo sin respiraci\u00f3n<\/li>\n<li>Implementar una m\u00e1scara par un paciente que no respira y una v\u00e1lvula de inhalaci\u00f3n de demanda en un buzo de respiraci\u00f3n<\/li>\n<li>Los peligros de usar ox\u00edgeno<\/li>\n<\/ul>\n<p><img decoding=\"async\" class=\"alignnone wp-image-302 size-large\" src=\"https:\/\/idckohtao.com\/wp-content\/uploads\/2023\/08\/idckohtao.com-emergency-o2-provider-instructor-specialty-1024x835.jpg\" alt=\"idckohtao.com-emergency-o2-provider-instructor-specialty\" width=\"1024\" height=\"835\" srcset=\"https:\/\/idckohtao.com\/wp-content\/uploads\/2023\/08\/idckohtao.com-emergency-o2-provider-instructor-specialty-1024x835.jpg 1024w, https:\/\/idckohtao.com\/wp-content\/uploads\/2023\/08\/idckohtao.com-emergency-o2-provider-instructor-specialty-300x245.jpg 300w, https:\/\/idckohtao.com\/wp-content\/uploads\/2023\/08\/idckohtao.com-emergency-o2-provider-instructor-specialty-768x626.jpg 768w, https:\/\/idckohtao.com\/wp-content\/uploads\/2023\/08\/idckohtao.com-emergency-o2-provider-instructor-specialty.jpg 1080w\" sizes=\"(max-width: 1024px) 100vw, 1024px\" \/><\/p>\n<p>Adem\u00e1s de los buceadores y Divemasters que entrenaras, a los capitanes de barcos, los tripulantes de cubierta y los socorristas, as\u00ed como el resto del personal que trabaja en el centro de buceo, te buscar\u00e1n para mantener sus habilidades de primeros auxilios, RCP y O2 en forma. Y con la ventaja adicional de que no hay prerrequisitos, restricciones de edad o sesiones de agua involucradas en este curso, est\u00e1 abriendo un mundo de nuevas oportunidades de capacitaci\u00f3n.<\/p>\n<p><b>\u00bfQui\u00e9n puede inscribirse en el curso PADI Emergency O2 Provider Specialty Instructor?<\/b><\/p>\n<p>Un Divemaster\u00a0<strong>PADI renovado, Instructor Asistente<\/strong>\u00a0o\u00a0<a href=\"https:\/\/idckohtao.com\/es\/pro-level-courses\/padi-instructor-development-course\/\"><strong>Instructor de Buceo en Aguas Abiertas (OWSI)<\/strong>\u00a0<\/a><\/p>\n<p><b>\u00bfQue aprender\u00e1s?<\/b><\/p>\n<p>Usted participar\u00e1 en las siguientes sesiones:<\/p>\n<ul>\n<li>Presentar y sea evaluado en una presentaci\u00f3n prescriptiva del Proveedor de Ox\u00edgeno de Emergencia. Revisi\u00f3n de conocimiento especializado.<\/li>\n<li>Instructor de proveedor de ox\u00edgeno de emergencia PADI Est\u00e1ndares, procedimientos y plan de estudios especializados<\/li>\n<li>C\u00f3mo organizar, conducir y comercializar el curso de Instructor Especialista en Ox\u00edgeno de Emergencia PADI<\/li>\n<li>Sesi\u00f3n pr\u00e1ctica: donde aprender\u00e1 a demostrar, ejecutar y evaluar las habilidades de sus alumnos del curso Instructor proovedor de ox\u00edgeno de emergencia PADI<\/li>\n<\/ul>\n<p>Como Instructor Especialista en Instructor de Ox\u00edgeno de Emergencia PADI, est\u00e1 certificado para ense\u00f1ar de forma independiente el <strong>Curso Especializado de Proveedor de Ox\u00edgeno de Emergencia PADI<\/strong><\/p>\n<p><b>Materiales PADI<\/b><\/p>\n<p><i>Por favor traiga los siguientes materiales con su Manual del instructor PADI Specialty Course. Recibi\u00f3 estos como parte del paquete IDC Crew Pack durante su IDC.<\/i><\/p>\n<p>Adem\u00e1s, tambi\u00e9n necesitar\u00e1 una copia del Manual del instructor PADI. del 2010, el manual del Instructor est\u00e1 disponible como descarga gratuita para todos los miembros PADI que se renueven desde\u00a0\u00a0<a href=\"https:\/\/www.padi.com\/mypadi\/\" target=\"_blank\" rel=\"noopener\">www.padi.com\/mypadi<\/a><\/p>\n<p><b>PADI Fees \u00a0<\/b><\/p>\n<p>Precio de solicitud del curso PADI o2 provider Specialty Instructor:\u00a0<b>AUD$ 145<\/b>[\/vc_column_text]<div class=\"text-left\"><div class=\"bt-course-price\"><h4>Precio del curso: 3,000 THB<\/h4><a href=\"https:\/\/idckohtao.com\/es\/packages-prices\/\" class=\"button\">RESERVALO AHORA<\/a><\/div><\/div>[\/vc_column][\/vc_row]<\/p>\n<\/div>","protected":false},"excerpt":{"rendered":"<p>[vc_row][vc_column][vc_column_text css=\u00bb\u00bb] Curso de Instructor Especializado en PADI Emergency O2 en KOH TAO, Thailand Aprenda a ense\u00f1ar a sus buceadores a respirar en caso de una emergencia. Como buceador, y especialmente uno que es nivel de rescate o superior, es imprescindible que est\u00e9 capacitado en el uso de ox\u00edgeno de emergencia. Lo que significa que [&hellip;]<\/p>\n","protected":false},"author":1,"featured_media":4741,"parent":7936,"menu_order":0,"comment_status":"closed","ping_status":"closed","template":"","meta":{"_acf_changed":false,"footnotes":""},"class_list":["post-3286","page","type-page","status-publish","has-post-thumbnail","hentry"],"acf":[],"yoast_head":"<!-- This site is optimized with the Yoast SEO Premium plugin v27.5 (Yoast SEO v27.5) - https:\/\/yoast.com\/product\/yoast-seo-premium-wordpress\/ -->\n<title>IDC Koh Tao | Curso Instructor PADI Proveedor De O2 De Emergencia<\/title>\n<meta name=\"description\" content=\"Nuestro curso de instructor especializado en PADI Emergency O2 en Koh Tao lo certifica como instructor y abre un mundo de nuevas oportunidades para su carrera\" \/>\n<meta name=\"robots\" content=\"index, follow, max-snippet:-1, max-image-preview:large, max-video-preview:-1\" \/>\n<link rel=\"canonical\" href=\"https:\/\/idckohtao.com\/es\/pro-level-courses\/padi-emergency-o2-provider-specialty-instructor-course\/\" \/>\n<meta property=\"og:locale\" content=\"es_ES\" \/>\n<meta property=\"og:type\" content=\"article\" \/>\n<meta property=\"og:title\" content=\"IDC Koh Tao | Curso Instructor PADI Proveedor De O2 De Emergencia\" \/>\n<meta property=\"og:description\" content=\"Nuestro curso de instructor especializado en PADI Emergency O2 en Koh Tao lo certifica como instructor y abre un mundo de nuevas oportunidades para su carrera\" \/>\n<meta property=\"og:url\" content=\"https:\/\/idckohtao.com\/es\/pro-level-courses\/padi-emergency-o2-provider-specialty-instructor-course\/\" \/>\n<meta property=\"og:site_name\" content=\"IDC Koh Tao\" \/>\n<meta property=\"article:publisher\" content=\"https:\/\/www.facebook.com\/GoProIDCKohTao\" \/>\n<meta property=\"article:modified_time\" content=\"2024-12-21T09:18:53+00:00\" \/>\n<meta property=\"og:image\" content=\"https:\/\/idckohtao.com\/wp-content\/uploads\/2023\/09\/idckohtao.com-emergency-o2-provider-course-for-diving-instructors-in-thailand.jpeg\" \/>\n\t<meta property=\"og:image:width\" content=\"1200\" \/>\n\t<meta property=\"og:image:height\" content=\"900\" \/>\n\t<meta property=\"og:image:type\" content=\"image\/jpeg\" \/>\n<meta name=\"twitter:card\" content=\"summary_large_image\" \/>\n<meta name=\"twitter:title\" content=\"IDC Koh Tao | Curso Instructor PADI Proveedor De O2 De Emergencia\" \/>\n<meta name=\"twitter:description\" content=\"Nuestro curso de instructor especializado en PADI Emergency O2 en Koh Tao lo certifica como instructor y abre un mundo de nuevas oportunidades para su carrera\" \/>\n<meta name=\"twitter:site\" content=\"@GoProIDCKohTao\" \/>\n<!-- \/ Yoast SEO Premium plugin. -->","yoast_head_json":{"title":"IDC Koh Tao | Curso Instructor PADI Proveedor De O2 De Emergencia","description":"Nuestro curso de instructor especializado en PADI Emergency O2 en Koh Tao lo certifica como instructor y abre un mundo de nuevas oportunidades para su carrera","robots":{"index":"index","follow":"follow","max-snippet":"max-snippet:-1","max-image-preview":"max-image-preview:large","max-video-preview":"max-video-preview:-1"},"canonical":"https:\/\/idckohtao.com\/es\/pro-level-courses\/padi-emergency-o2-provider-specialty-instructor-course\/","og_locale":"es_ES","og_type":"article","og_title":"IDC Koh Tao | Curso Instructor PADI Proveedor De O2 De Emergencia","og_description":"Nuestro curso de instructor especializado en PADI Emergency O2 en Koh Tao lo certifica como instructor y abre un mundo de nuevas oportunidades para su carrera","og_url":"https:\/\/idckohtao.com\/es\/pro-level-courses\/padi-emergency-o2-provider-specialty-instructor-course\/","og_site_name":"IDC Koh Tao","article_publisher":"https:\/\/www.facebook.com\/GoProIDCKohTao","article_modified_time":"2024-12-21T09:18:53+00:00","og_image":[{"width":1200,"height":900,"url":"https:\/\/idckohtao.com\/wp-content\/uploads\/2023\/09\/idckohtao.com-emergency-o2-provider-course-for-diving-instructors-in-thailand.jpeg","type":"image\/jpeg"}],"twitter_card":"summary_large_image","twitter_title":"IDC Koh Tao | Curso Instructor PADI Proveedor De O2 De Emergencia","twitter_description":"Nuestro curso de instructor especializado en PADI Emergency O2 en Koh Tao lo certifica como instructor y abre un mundo de nuevas oportunidades para su carrera","twitter_site":"@GoProIDCKohTao","schema":{"@context":"https:\/\/schema.org","@graph":[{"@type":"NewsArticle","@id":"https:\/\/idckohtao.com\/es\/pro-level-courses\/padi-emergency-o2-provider-specialty-instructor-course\/#article","isPartOf":{"@id":"https:\/\/idckohtao.com\/es\/pro-level-courses\/padi-emergency-o2-provider-specialty-instructor-course\/"},"author":{"name":"ojasya","@id":"https:\/\/idckohtao.com\/es\/#\/schema\/person\/d08d557cbfdbc171f824052dae697b02"},"headline":"PADI Emergency O2 Provider Specialty Instructor course","datePublished":"2023-08-07T11:47:56+00:00","dateModified":"2024-12-21T09:18:53+00:00","mainEntityOfPage":{"@id":"https:\/\/idckohtao.com\/es\/pro-level-courses\/padi-emergency-o2-provider-specialty-instructor-course\/"},"wordCount":521,"publisher":{"@id":"https:\/\/idckohtao.com\/es\/#organization"},"image":{"@id":"https:\/\/idckohtao.com\/es\/pro-level-courses\/padi-emergency-o2-provider-specialty-instructor-course\/#primaryimage"},"thumbnailUrl":"https:\/\/idckohtao.com\/wp-content\/uploads\/2023\/09\/idckohtao.com-emergency-o2-provider-course-for-diving-instructors-in-thailand.jpeg","inLanguage":"es"},{"@type":"WebPage","@id":"https:\/\/idckohtao.com\/es\/pro-level-courses\/padi-emergency-o2-provider-specialty-instructor-course\/","url":"https:\/\/idckohtao.com\/es\/pro-level-courses\/padi-emergency-o2-provider-specialty-instructor-course\/","name":"IDC Koh Tao | Curso Instructor PADI Proveedor De O2 De Emergencia","isPartOf":{"@id":"https:\/\/idckohtao.com\/es\/#website"},"primaryImageOfPage":{"@id":"https:\/\/idckohtao.com\/es\/pro-level-courses\/padi-emergency-o2-provider-specialty-instructor-course\/#primaryimage"},"image":{"@id":"https:\/\/idckohtao.com\/es\/pro-level-courses\/padi-emergency-o2-provider-specialty-instructor-course\/#primaryimage"},"thumbnailUrl":"https:\/\/idckohtao.com\/wp-content\/uploads\/2023\/09\/idckohtao.com-emergency-o2-provider-course-for-diving-instructors-in-thailand.jpeg","datePublished":"2023-08-07T11:47:56+00:00","dateModified":"2024-12-21T09:18:53+00:00","description":"Nuestro curso de instructor especializado en PADI Emergency O2 en Koh Tao lo certifica como instructor y abre un mundo de nuevas oportunidades para su carrera","breadcrumb":{"@id":"https:\/\/idckohtao.com\/es\/pro-level-courses\/padi-emergency-o2-provider-specialty-instructor-course\/#breadcrumb"},"inLanguage":"es","potentialAction":[{"@type":"ReadAction","target":["https:\/\/idckohtao.com\/es\/pro-level-courses\/padi-emergency-o2-provider-specialty-instructor-course\/"]}]},{"@type":"ImageObject","inLanguage":"es","@id":"https:\/\/idckohtao.com\/es\/pro-level-courses\/padi-emergency-o2-provider-specialty-instructor-course\/#primaryimage","url":"https:\/\/idckohtao.com\/wp-content\/uploads\/2023\/09\/idckohtao.com-emergency-o2-provider-course-for-diving-instructors-in-thailand.jpeg","contentUrl":"https:\/\/idckohtao.com\/wp-content\/uploads\/2023\/09\/idckohtao.com-emergency-o2-provider-course-for-diving-instructors-in-thailand.jpeg","width":1200,"height":900,"caption":"Emergency O2 Provider Instructor Demonstration"},{"@type":"BreadcrumbList","@id":"https:\/\/idckohtao.com\/es\/pro-level-courses\/padi-emergency-o2-provider-specialty-instructor-course\/#breadcrumb","itemListElement":[{"@type":"ListItem","position":1,"name":"Home","item":"https:\/\/idckohtao.com\/es\/"},{"@type":"ListItem","position":2,"name":"Pro level","item":"https:\/\/idckohtao.com\/es\/pro-level-courses\/"},{"@type":"ListItem","position":3,"name":"PADI Emergency O2 Provider Specialty Instructor course"}]},{"@type":"WebSite","@id":"https:\/\/idckohtao.com\/es\/#website","url":"https:\/\/idckohtao.com\/es\/","name":"IDC Koh Tao","description":"PADI IDC 5 Star Diving Center in Koh Tao - Thailand","publisher":{"@id":"https:\/\/idckohtao.com\/es\/#organization"},"alternateName":"IDC Koh Tao in Thailand","potentialAction":[{"@type":"SearchAction","target":{"@type":"EntryPoint","urlTemplate":"https:\/\/idckohtao.com\/es\/?s={search_term_string}"},"query-input":{"@type":"PropertyValueSpecification","valueRequired":true,"valueName":"search_term_string"}}],"inLanguage":"es"},{"@type":"Organization","@id":"https:\/\/idckohtao.com\/es\/#organization","name":"IDC Koh Tao","alternateName":"IDC Koh Tao | Divemaster & Diving Instructor","url":"https:\/\/idckohtao.com\/es\/","logo":{"@type":"ImageObject","inLanguage":"es","@id":"https:\/\/idckohtao.com\/es\/#\/schema\/logo\/image\/","url":"https:\/\/idckohtao.com\/wp-content\/uploads\/2023\/09\/idckohtao.com-padi-diving-center-in-koh-tao-thailand.png","contentUrl":"https:\/\/idckohtao.com\/wp-content\/uploads\/2023\/09\/idckohtao.com-padi-diving-center-in-koh-tao-thailand.png","width":400,"height":300,"caption":"IDC Koh Tao"},"image":{"@id":"https:\/\/idckohtao.com\/es\/#\/schema\/logo\/image\/"},"sameAs":["https:\/\/www.facebook.com\/GoProIDCKohTao","https:\/\/x.com\/GoProIDCKohTao","https:\/\/www.youtube.com\/idckohtao","https:\/\/www.instagram.com\/idc.kohtao\/"],"description":"IDC Koh Tao is a part of the Black Turtle Dive pro level training team with three PADI Course Directors being led by Award Winning PADI Course Director Matt Bolton. Our full range of pro and recreational PADI Diving Courses provides aspiring scuba divers with education, fun, excitement, adventure, and a change of lifestyle or an opportunity to pursue a new career.","email":"info@idckohtao.com","legalName":"IDC Koh Tao","foundingDate":"2004-01-04","numberOfEmployees":{"@type":"QuantitativeValue","minValue":"1","maxValue":"10"},"correctionsPolicy":"https:\/\/idckohtao.com\/privacy-policy\/","ethicsPolicy":"https:\/\/idckohtao.com\/terms\/"},{"@type":"Person","@id":"https:\/\/idckohtao.com\/es\/#\/schema\/person\/d08d557cbfdbc171f824052dae697b02","name":"ojasya","image":{"@type":"ImageObject","inLanguage":"es","@id":"https:\/\/secure.gravatar.com\/avatar\/6fb34e36d09053a6545fc21d344613321bb1933f185132488f38052166f5a001?s=96&d=mm&r=g","url":"https:\/\/secure.gravatar.com\/avatar\/6fb34e36d09053a6545fc21d344613321bb1933f185132488f38052166f5a001?s=96&d=mm&r=g","contentUrl":"https:\/\/secure.gravatar.com\/avatar\/6fb34e36d09053a6545fc21d344613321bb1933f185132488f38052166f5a001?s=96&d=mm&r=g","caption":"ojasya"},"sameAs":["https:\/\/idckohtao.com"],"url":"https:\/\/idckohtao.com\/es\/blog\/author\/ojasya\/"}]}},"_links":{"self":[{"href":"https:\/\/idckohtao.com\/es\/wp-json\/wp\/v2\/pages\/3286","targetHints":{"allow":["GET"]}}],"collection":[{"href":"https:\/\/idckohtao.com\/es\/wp-json\/wp\/v2\/pages"}],"about":[{"href":"https:\/\/idckohtao.com\/es\/wp-json\/wp\/v2\/types\/page"}],"author":[{"embeddable":true,"href":"https:\/\/idckohtao.com\/es\/wp-json\/wp\/v2\/users\/1"}],"replies":[{"embeddable":true,"href":"https:\/\/idckohtao.com\/es\/wp-json\/wp\/v2\/comments?post=3286"}],"version-history":[{"count":1,"href":"https:\/\/idckohtao.com\/es\/wp-json\/wp\/v2\/pages\/3286\/revisions"}],"predecessor-version":[{"id":7015,"href":"https:\/\/idckohtao.com\/es\/wp-json\/wp\/v2\/pages\/3286\/revisions\/7015"}],"up":[{"embeddable":true,"href":"https:\/\/idckohtao.com\/es\/wp-json\/wp\/v2\/pages\/7936"}],"wp:featuredmedia":[{"embeddable":true,"href":"https:\/\/idckohtao.com\/es\/wp-json\/wp\/v2\/media\/4741"}],"wp:attachment":[{"href":"https:\/\/idckohtao.com\/es\/wp-json\/wp\/v2\/media?parent=3286"}],"curies":[{"name":"wp","href":"https:\/\/api.w.org\/{rel}","templated":true}]}}