{"id":3293,"date":"2023-08-10T10:41:02","date_gmt":"2023-08-10T10:41:02","guid":{"rendered":"https:\/\/idckohtao.com\/padi-ie\/"},"modified":"2023-09-16T22:10:30","modified_gmt":"2023-09-16T22:10:30","slug":"padi-ie","status":"publish","type":"page","link":"https:\/\/idckohtao.com\/es\/pro-level-courses\/padi-ie\/","title":{"rendered":"PADI Instructor Examinations"},"content":{"rendered":"<h2>IDC Koh Tao \u2022 PADI IE (ex\u00e1menes de instructor)<\/h2>\n<p>Despu\u00e9s de haber completado con \u00e9xito todos los requisitos de rendimiento del curso de desarrollo de instructores PADI, ya casi est\u00e1 all\u00ed. Solo hay un \u00faltimo paso importante \u2026<\/p>\n<p><strong>Los ex\u00e1menes de instructor PADI<\/strong>, o \u2018IE\u2019 como se lo conoce.<\/p>\n<p>El PADI IE se lleva a cabo en Koh Tao por examinadores de la sede central de PADI Asia Pacific en Australia. Hay 12 examenes de instructor (IE\u2019s) en Koh Tao durante todo el a\u00f1o que est\u00e1n programados para ejecutarse inmediatamente despu\u00e9s de que se complete el IDC.<\/p>\n<div class=\"et_pb_module et_pb_text et_pb_text_10 et_pb_bg_layout_light  et_pb_text_align_left\">\n<div class=\"et_pb_text_inner\">\n<p>Entonces, si nuestro IDC es un programa de 14 d\u00edas, el IE comienza el d\u00eda 15.<\/p>\n<\/div>\n<\/div>\n<div class=\"et_pb_module et_pb_text et_pb_text_11 et_pb_bg_layout_light  et_pb_text_align_left\">\n<div class=\"et_pb_text_inner\">\n<p>El horario se ve as\u00ed.<\/p>\n<\/div>\n<\/div>\n<p><strong>D\u00eda 1<\/strong><\/p>\n<p>AM: Orientaci\u00f3n al examen del instructor PADI<br \/>\nAM: Examen de examen de sistemas, normas y procedimientos (90 minutos)<br \/>\nAM: Examenes de teoria de buceo D (90mins)<\/p>\n<p>AM: Almuerzo<\/p>\n<p>PM: presentaciones de ense\u00f1anza de aguas confinadas (piscina)<\/p>\n<p><strong>Dia 2<\/strong><\/p>\n<p>AM: presentaciones de desarrollo del conocimiento (aula)<\/p>\n<p>AM: Almuerzo<\/p>\n<p>PM: Presentaciones de ense\u00f1anza de agua abierta (sitio de buceo local)<br \/>\nPM: PADI Examen de Instructor Ceremonia de clausura y presentaci\u00f3n<\/p>\n<p>Despues, por supuesto, despu\u00e9s de la ceremonia de clausura y la presentaci\u00f3n es el momento de las celebraciones y de la Fiesta IE.<\/p>\n<p><img decoding=\"async\" class=\"alignnone wp-image-883 size-large\" src=\"https:\/\/idckohtao.com\/wp-content\/uploads\/2023\/08\/idc-koh-tao-instructor-examinations-padi-ie-crystal-dive-koh-tao-1024x768.jpg\" alt=\"idc-koh-tao-instructor-examinations-padi-ie-crystal-dive-koh-tao\" width=\"1024\" height=\"768\" srcset=\"https:\/\/idckohtao.com\/wp-content\/uploads\/2023\/08\/idc-koh-tao-instructor-examinations-padi-ie-crystal-dive-koh-tao-1024x768.jpg 1024w, https:\/\/idckohtao.com\/wp-content\/uploads\/2023\/08\/idc-koh-tao-instructor-examinations-padi-ie-crystal-dive-koh-tao-300x225.jpg 300w, https:\/\/idckohtao.com\/wp-content\/uploads\/2023\/08\/idc-koh-tao-instructor-examinations-padi-ie-crystal-dive-koh-tao-768x576.jpg 768w, https:\/\/idckohtao.com\/wp-content\/uploads\/2023\/08\/idc-koh-tao-instructor-examinations-padi-ie-crystal-dive-koh-tao.jpg 1080w\" sizes=\"(max-width: 1024px) 100vw, 1024px\" \/><\/p>\n","protected":false},"excerpt":{"rendered":"<p>IDC Koh Tao \u2022 PADI IE (ex\u00e1menes de instructor) Despu\u00e9s de haber completado con \u00e9xito todos los requisitos de rendimiento del curso de desarrollo de instructores PADI, ya casi est\u00e1 all\u00ed. Solo hay un \u00faltimo paso importante \u2026 Los ex\u00e1menes de instructor PADI, o \u2018IE\u2019 como se lo conoce. El PADI IE se lleva a [&hellip;]<\/p>\n","protected":false},"author":1,"featured_media":4700,"parent":7936,"menu_order":0,"comment_status":"closed","ping_status":"closed","template":"","meta":{"_acf_changed":false,"footnotes":""},"class_list":["post-3293","page","type-page","status-publish","has-post-thumbnail","hentry"],"acf":[],"yoast_head":"<!-- This site is optimized with the Yoast SEO Premium plugin v27.5 (Yoast SEO v27.5) - https:\/\/yoast.com\/product\/yoast-seo-premium-wordpress\/ -->\n<title>IDC Koh Tao | PADI EI Examen de Instructor | Crystal Dive<\/title>\n<meta name=\"description\" content=\"Descargue el calendario completo de PADI IE y las fechas en IDC Koh Tao Tailandia. Cada mes en Crystal Dive, recibimos el PADI IE para los aspirantes a profesionales del buceo.\" \/>\n<meta name=\"robots\" content=\"index, follow, max-snippet:-1, max-image-preview:large, max-video-preview:-1\" \/>\n<link rel=\"canonical\" href=\"https:\/\/idckohtao.com\/es\/pro-level-courses\/padi-ie\/\" \/>\n<meta property=\"og:locale\" content=\"es_ES\" \/>\n<meta property=\"og:type\" content=\"article\" \/>\n<meta property=\"og:title\" content=\"IDC Koh Tao | PADI EI Examen de Instructor | Crystal Dive\" \/>\n<meta property=\"og:description\" content=\"Descargue el calendario completo de PADI IE y las fechas en IDC Koh Tao Tailandia. Cada mes en Crystal Dive, recibimos el PADI IE para los aspirantes a profesionales del buceo.\" \/>\n<meta property=\"og:url\" content=\"https:\/\/idckohtao.com\/es\/pro-level-courses\/padi-ie\/\" \/>\n<meta property=\"og:site_name\" content=\"IDC Koh Tao\" \/>\n<meta property=\"article:publisher\" content=\"https:\/\/www.facebook.com\/GoProIDCKohTao\" \/>\n<meta property=\"article:modified_time\" content=\"2023-09-16T22:10:30+00:00\" \/>\n<meta property=\"og:image\" content=\"https:\/\/idckohtao.com\/wp-content\/uploads\/2023\/09\/idckohtao.com-padi-idc-instructor-examinations-in-thailand.jpeg\" \/>\n\t<meta property=\"og:image:width\" content=\"1200\" \/>\n\t<meta property=\"og:image:height\" content=\"900\" \/>\n\t<meta property=\"og:image:type\" content=\"image\/jpeg\" \/>\n<meta name=\"twitter:card\" content=\"summary_large_image\" \/>\n<meta name=\"twitter:title\" content=\"IDC Koh Tao | PADI EI Examen de Instructor | Crystal Dive\" \/>\n<meta name=\"twitter:description\" content=\"Descargue el calendario completo de PADI IE y las fechas en IDC Koh Tao Tailandia. Cada mes en Crystal Dive, recibimos el PADI IE para los aspirantes a profesionales del buceo.\" \/>\n<meta name=\"twitter:site\" content=\"@GoProIDCKohTao\" \/>\n<!-- \/ Yoast SEO Premium plugin. -->","yoast_head_json":{"title":"IDC Koh Tao | PADI EI Examen de Instructor | Crystal Dive","description":"Descargue el calendario completo de PADI IE y las fechas en IDC Koh Tao Tailandia. Cada mes en Crystal Dive, recibimos el PADI IE para los aspirantes a profesionales del buceo.","robots":{"index":"index","follow":"follow","max-snippet":"max-snippet:-1","max-image-preview":"max-image-preview:large","max-video-preview":"max-video-preview:-1"},"canonical":"https:\/\/idckohtao.com\/es\/pro-level-courses\/padi-ie\/","og_locale":"es_ES","og_type":"article","og_title":"IDC Koh Tao | PADI EI Examen de Instructor | Crystal Dive","og_description":"Descargue el calendario completo de PADI IE y las fechas en IDC Koh Tao Tailandia. Cada mes en Crystal Dive, recibimos el PADI IE para los aspirantes a profesionales del buceo.","og_url":"https:\/\/idckohtao.com\/es\/pro-level-courses\/padi-ie\/","og_site_name":"IDC Koh Tao","article_publisher":"https:\/\/www.facebook.com\/GoProIDCKohTao","article_modified_time":"2023-09-16T22:10:30+00:00","og_image":[{"width":1200,"height":900,"url":"https:\/\/idckohtao.com\/wp-content\/uploads\/2023\/09\/idckohtao.com-padi-idc-instructor-examinations-in-thailand.jpeg","type":"image\/jpeg"}],"twitter_card":"summary_large_image","twitter_title":"IDC Koh Tao | PADI EI Examen de Instructor | Crystal Dive","twitter_description":"Descargue el calendario completo de PADI IE y las fechas en IDC Koh Tao Tailandia. Cada mes en Crystal Dive, recibimos el PADI IE para los aspirantes a profesionales del buceo.","twitter_site":"@GoProIDCKohTao","schema":{"@context":"https:\/\/schema.org","@graph":[{"@type":"NewsArticle","@id":"https:\/\/idckohtao.com\/es\/pro-level-courses\/padi-ie\/#article","isPartOf":{"@id":"https:\/\/idckohtao.com\/es\/pro-level-courses\/padi-ie\/"},"author":{"name":"ojasya","@id":"https:\/\/idckohtao.com\/es\/#\/schema\/person\/d08d557cbfdbc171f824052dae697b02"},"headline":"PADI Instructor Examinations","datePublished":"2023-08-10T10:41:02+00:00","dateModified":"2023-09-16T22:10:30+00:00","mainEntityOfPage":{"@id":"https:\/\/idckohtao.com\/es\/pro-level-courses\/padi-ie\/"},"wordCount":222,"publisher":{"@id":"https:\/\/idckohtao.com\/es\/#organization"},"image":{"@id":"https:\/\/idckohtao.com\/es\/pro-level-courses\/padi-ie\/#primaryimage"},"thumbnailUrl":"https:\/\/idckohtao.com\/wp-content\/uploads\/2023\/09\/idckohtao.com-padi-idc-instructor-examinations-in-thailand.jpeg","inLanguage":"es"},{"@type":"WebPage","@id":"https:\/\/idckohtao.com\/es\/pro-level-courses\/padi-ie\/","url":"https:\/\/idckohtao.com\/es\/pro-level-courses\/padi-ie\/","name":"IDC Koh Tao | PADI EI Examen de Instructor | Crystal Dive","isPartOf":{"@id":"https:\/\/idckohtao.com\/es\/#website"},"primaryImageOfPage":{"@id":"https:\/\/idckohtao.com\/es\/pro-level-courses\/padi-ie\/#primaryimage"},"image":{"@id":"https:\/\/idckohtao.com\/es\/pro-level-courses\/padi-ie\/#primaryimage"},"thumbnailUrl":"https:\/\/idckohtao.com\/wp-content\/uploads\/2023\/09\/idckohtao.com-padi-idc-instructor-examinations-in-thailand.jpeg","datePublished":"2023-08-10T10:41:02+00:00","dateModified":"2023-09-16T22:10:30+00:00","description":"Descargue el calendario completo de PADI IE y las fechas en IDC Koh Tao Tailandia. Cada mes en Crystal Dive, recibimos el PADI IE para los aspirantes a profesionales del buceo.","breadcrumb":{"@id":"https:\/\/idckohtao.com\/es\/pro-level-courses\/padi-ie\/#breadcrumb"},"inLanguage":"es","potentialAction":[{"@type":"ReadAction","target":["https:\/\/idckohtao.com\/es\/pro-level-courses\/padi-ie\/"]}]},{"@type":"ImageObject","inLanguage":"es","@id":"https:\/\/idckohtao.com\/es\/pro-level-courses\/padi-ie\/#primaryimage","url":"https:\/\/idckohtao.com\/wp-content\/uploads\/2023\/09\/idckohtao.com-padi-idc-instructor-examinations-in-thailand.jpeg","contentUrl":"https:\/\/idckohtao.com\/wp-content\/uploads\/2023\/09\/idckohtao.com-padi-idc-instructor-examinations-in-thailand.jpeg","width":1200,"height":900,"caption":"padi ie - diving instructor examinations on koh tao in thailand"},{"@type":"BreadcrumbList","@id":"https:\/\/idckohtao.com\/es\/pro-level-courses\/padi-ie\/#breadcrumb","itemListElement":[{"@type":"ListItem","position":1,"name":"Home","item":"https:\/\/idckohtao.com\/es\/"},{"@type":"ListItem","position":2,"name":"Pro level","item":"https:\/\/idckohtao.com\/es\/pro-level-courses\/"},{"@type":"ListItem","position":3,"name":"PADI Instructor Examinations"}]},{"@type":"WebSite","@id":"https:\/\/idckohtao.com\/es\/#website","url":"https:\/\/idckohtao.com\/es\/","name":"IDC Koh Tao","description":"PADI IDC 5 Star Diving Center in Koh Tao - Thailand","publisher":{"@id":"https:\/\/idckohtao.com\/es\/#organization"},"alternateName":"IDC Koh Tao in Thailand","potentialAction":[{"@type":"SearchAction","target":{"@type":"EntryPoint","urlTemplate":"https:\/\/idckohtao.com\/es\/?s={search_term_string}"},"query-input":{"@type":"PropertyValueSpecification","valueRequired":true,"valueName":"search_term_string"}}],"inLanguage":"es"},{"@type":"Organization","@id":"https:\/\/idckohtao.com\/es\/#organization","name":"IDC Koh Tao","alternateName":"IDC Koh Tao | Divemaster & Diving Instructor","url":"https:\/\/idckohtao.com\/es\/","logo":{"@type":"ImageObject","inLanguage":"es","@id":"https:\/\/idckohtao.com\/es\/#\/schema\/logo\/image\/","url":"https:\/\/idckohtao.com\/wp-content\/uploads\/2023\/09\/idckohtao.com-padi-diving-center-in-koh-tao-thailand.png","contentUrl":"https:\/\/idckohtao.com\/wp-content\/uploads\/2023\/09\/idckohtao.com-padi-diving-center-in-koh-tao-thailand.png","width":400,"height":300,"caption":"IDC Koh Tao"},"image":{"@id":"https:\/\/idckohtao.com\/es\/#\/schema\/logo\/image\/"},"sameAs":["https:\/\/www.facebook.com\/GoProIDCKohTao","https:\/\/x.com\/GoProIDCKohTao","https:\/\/www.youtube.com\/idckohtao","https:\/\/www.instagram.com\/idc.kohtao\/"],"description":"IDC Koh Tao is a part of the Black Turtle Dive pro level training team with three PADI Course Directors being led by Award Winning PADI Course Director Matt Bolton. Our full range of pro and recreational PADI Diving Courses provides aspiring scuba divers with education, fun, excitement, adventure, and a change of lifestyle or an opportunity to pursue a new career.","email":"info@idckohtao.com","legalName":"IDC Koh Tao","foundingDate":"2004-01-04","numberOfEmployees":{"@type":"QuantitativeValue","minValue":"1","maxValue":"10"},"correctionsPolicy":"https:\/\/idckohtao.com\/privacy-policy\/","ethicsPolicy":"https:\/\/idckohtao.com\/terms\/"},{"@type":"Person","@id":"https:\/\/idckohtao.com\/es\/#\/schema\/person\/d08d557cbfdbc171f824052dae697b02","name":"ojasya","image":{"@type":"ImageObject","inLanguage":"es","@id":"https:\/\/secure.gravatar.com\/avatar\/6fb34e36d09053a6545fc21d344613321bb1933f185132488f38052166f5a001?s=96&d=mm&r=g","url":"https:\/\/secure.gravatar.com\/avatar\/6fb34e36d09053a6545fc21d344613321bb1933f185132488f38052166f5a001?s=96&d=mm&r=g","contentUrl":"https:\/\/secure.gravatar.com\/avatar\/6fb34e36d09053a6545fc21d344613321bb1933f185132488f38052166f5a001?s=96&d=mm&r=g","caption":"ojasya"},"sameAs":["https:\/\/idckohtao.com"],"url":"https:\/\/idckohtao.com\/es\/blog\/author\/ojasya\/"}]}},"_links":{"self":[{"href":"https:\/\/idckohtao.com\/es\/wp-json\/wp\/v2\/pages\/3293","targetHints":{"allow":["GET"]}}],"collection":[{"href":"https:\/\/idckohtao.com\/es\/wp-json\/wp\/v2\/pages"}],"about":[{"href":"https:\/\/idckohtao.com\/es\/wp-json\/wp\/v2\/types\/page"}],"author":[{"embeddable":true,"href":"https:\/\/idckohtao.com\/es\/wp-json\/wp\/v2\/users\/1"}],"replies":[{"embeddable":true,"href":"https:\/\/idckohtao.com\/es\/wp-json\/wp\/v2\/comments?post=3293"}],"version-history":[{"count":0,"href":"https:\/\/idckohtao.com\/es\/wp-json\/wp\/v2\/pages\/3293\/revisions"}],"up":[{"embeddable":true,"href":"https:\/\/idckohtao.com\/es\/wp-json\/wp\/v2\/pages\/7936"}],"wp:featuredmedia":[{"embeddable":true,"href":"https:\/\/idckohtao.com\/es\/wp-json\/wp\/v2\/media\/4700"}],"wp:attachment":[{"href":"https:\/\/idckohtao.com\/es\/wp-json\/wp\/v2\/media?parent=3293"}],"curies":[{"name":"wp","href":"https:\/\/api.w.org\/{rel}","templated":true}]}}