{"id":3299,"date":"2023-08-05T17:20:18","date_gmt":"2023-08-05T17:20:18","guid":{"rendered":"https:\/\/idckohtao.com\/rescue-diver-course\/"},"modified":"2026-04-22T05:45:54","modified_gmt":"2026-04-22T05:45:54","slug":"rescue-diver-course","status":"publish","type":"page","link":"https:\/\/idckohtao.com\/es\/rescue-diver-course\/","title":{"rendered":"Rescue Diver Course"},"content":{"rendered":"<div class=\"wpb-content-wrapper\"><p>[vc_row][vc_column][vc_column_text]<\/p>\n<h2>Convi\u00e9rtete en un PADI Rescue Diver en Koh Tao: \u00bfest\u00e1s listo para el rescate?<\/h2>\n<p>Aprenda a prevenir, identificar y manejar problemas al bucear. Sea m\u00e1s seguro y competente en el agua.<\/p>\n<p>Es un desaf\u00edo. Pero vale la pena.<\/p>\n<h3>\u00bfEst\u00e1s listo para el rescate?<\/h3>\n<p>El curso PADI Rescue Diver lo prepara para anticipar problemas, ayudar a buzos en apuros y manejar escenas de accidentes.<\/p>\n<p>El curso consiste en una serie de desarrollos de conocimiento, sesiones de entrenamiento en aguas confinadas y abiertas.<\/p>\n<h3>Rescue Diver Course Desarrollo del conocimiento<\/h3>\n<p>La secci\u00f3n de desarrollo del conocimiento consta de 5 secciones y cubre una amplia gama de temas que incluyen:<\/p>\n<ul>\n<li>Reconocer el estr\u00e9s del buzo.<\/li>\n<li>Gesti\u00f3n de accidentes<\/li>\n<li>Estar preparado para una emergencia de buceo<\/li>\n<li>Problemas comunes del equipo<\/li>\n<li>Responder a emergencias de buzos<\/li>\n<li>Procedimientos para localizar buceadores perdidos<\/li>\n<li>La psicolog\u00eda del rescate de buzos.<\/li>\n<li>Procedimientos de rescate de buceadores.<\/li>\n<\/ul>\n<p>Comience ahora e inscr\u00edbase en el e-learning Rescue Diver y llegue con todo el desarrollo de conocimiento completado.<\/p>\n<p>Una vez que llegue, chequearemos la revisi\u00f3n r\u00e1pida en l\u00ednea de Rescue Diver y lo llevaremos directamente al agua.<\/p>\n<p>Deber\u00e1 preparar un plan de asistencia de emergencia (EAP) para el sitio de buceo en el que realizaremos el escenario final del curso de buceo de rescate.<\/p>\n<p><img decoding=\"async\" class=\"alignnone wp-image-223 size-large\" src=\"https:\/\/idckohtao.com\/wp-content\/uploads\/2023\/08\/idc-koh-tao-day-2-pool-candidates-rescue-6-1024x768.jpg\" alt=\"idc-koh-tao-day-2-pool-candidates-rescue-6\" width=\"1024\" height=\"768\" srcset=\"https:\/\/idckohtao.com\/wp-content\/uploads\/2023\/08\/idc-koh-tao-day-2-pool-candidates-rescue-6-1024x768.jpg 1024w, https:\/\/idckohtao.com\/wp-content\/uploads\/2023\/08\/idc-koh-tao-day-2-pool-candidates-rescue-6-300x225.jpg 300w, https:\/\/idckohtao.com\/wp-content\/uploads\/2023\/08\/idc-koh-tao-day-2-pool-candidates-rescue-6-768x576.jpg 768w, https:\/\/idckohtao.com\/wp-content\/uploads\/2023\/08\/idc-koh-tao-day-2-pool-candidates-rescue-6.jpg 1080w\" sizes=\"(max-width: 1024px) 100vw, 1024px\" \/><\/p>\n<h3>Entrenamiento de Rescue Diver Course en aguas confinadas y abiertas<\/h3>\n<p>Hay una revisi\u00f3n de habilidades de auto-rescate para todos los estudiantes de buceo que deben completar antes de presentarles los 10 ejercicios principales de rescate.<\/p>\n<p><a href=\"https:\/\/idckohtao.com\/es\/pro-level-courses\/padi-instructor-development-course\/\">Su instructor<\/a>\u00a0le demostrar\u00e1 cada habilidad, le dar\u00e1 mucha pr\u00e1ctica y luego evaluar\u00e1 su dominio de cada habilidad.<\/p>\n<p>Practicaremos estas habilidades en aguas confinadas antes de ir a aguas m\u00e1s profundas.[\/vc_column_text]<div class=\"text-left\"><div class=\"bt-course-price\"><h4>Precio del Curso: 18,000 THB (EFR & Rescue)<\/h4><a href=\"https:\/\/www.paypal.com\/cgi-bin\/webscr?cmd=_s-xclick&hosted_button_id=9KF6SUE4P87KN\" class=\"button\">RESERVALO AHORA<\/a><\/div><\/div>[vc_column_text]<\/p>\n<h3>Revisi\u00f3n de habilidades de auto-rescate<\/h3>\n<p><strong>Ejercicio 1<\/strong>\u00a0\u2014 Buceador cansado.<\/p>\n<p><strong>Ejercicio 2<\/strong>\u00a0\u2014 Buceador en p\u00e1nico.<\/p>\n<p><strong>Ejercicio 3<\/strong>\u00a0\u2014 Ayuda a un buzo consciente en apuros desde la orilla, el barco o el muelle.<\/p>\n<p><strong>Ejercicio 4<\/strong>\u00a0\u2014 Buceador en p\u00e1nico bajo el agua que incluyen sobreesfuerzo, situaciones de p\u00e1nico y sin aire.<\/p>\n<p><strong>Ejercicio 5<\/strong>\u00a0\u2014 Buzo perdido: busque y ubique de manera r\u00e1pida y eficiente a un buzo perdido utilizando un patr\u00f3n de b\u00fasqueda submarino..<\/p>\n<p><strong>Ejercicio 6<\/strong>\u00a0\u2014 llevar a la superficie a un buzo que no responde.<\/p>\n<p><strong>Ejercicio 7<\/strong>\u00a0\u2014 Buceador que no responde en la superficie, incluida la respiraci\u00f3n de rescate en el agua con una m\u00e1scara de bolsillo, boca a boca, remover el equipo (v\u00edctima y rescatador) mientras arrastra al buzo hacia una salida.<\/p>\n<p><strong>Ejercicio 8<\/strong>\u00a0\u2014 Sacar a un buzo que no responde fuera del agua.<\/p>\n<p><strong>Ejercicio 9<\/strong>\u00a0\u2014 Primeros auxilios para lesiones relacionadas con la presi\u00f3n y administraci\u00f3n de ox\u00edgeno<\/p>\n<p><strong>Ejercicio 10<\/strong>\u00a0\u2014Responda a una emergencia que requiera atender a un buzo que no respira y no responde en la superficie, respiraciones de rescate en el agua, sacarlo fuera del agua y luego\u00a0<a href=\"https:\/\/idckohtao.com\/es\/emergency-first-response-course\/\">proporcione RCP<\/a>.<\/p>\n<p><img decoding=\"async\" class=\"alignnone wp-image-224 size-large\" src=\"https:\/\/idckohtao.com\/wp-content\/uploads\/2023\/08\/idckohtao.com-padi-instructor-internships-rescue-exercise-kohtao-1024x768.jpg\" alt=\"idckohtao.com-padi-instructor-internships-rescue-exercise-kohtao\" width=\"1024\" height=\"768\" srcset=\"https:\/\/idckohtao.com\/wp-content\/uploads\/2023\/08\/idckohtao.com-padi-instructor-internships-rescue-exercise-kohtao-1024x768.jpg 1024w, https:\/\/idckohtao.com\/wp-content\/uploads\/2023\/08\/idckohtao.com-padi-instructor-internships-rescue-exercise-kohtao-300x225.jpg 300w, https:\/\/idckohtao.com\/wp-content\/uploads\/2023\/08\/idckohtao.com-padi-instructor-internships-rescue-exercise-kohtao-768x576.jpg 768w, https:\/\/idckohtao.com\/wp-content\/uploads\/2023\/08\/idckohtao.com-padi-instructor-internships-rescue-exercise-kohtao.jpg 1080w\" sizes=\"(max-width: 1024px) 100vw, 1024px\" \/><\/p>\n<h3>Entrenamiento en aguas abiertas y escenario final<\/h3>\n<p><strong>Debes completar ambos para convertirte en Rescue Diver certificado.<\/strong><\/p>\n<p><strong>Escenario 1<\/strong>\u00a0\u2014\u00a0 Buceador que no responde bajo el agua.<\/p>\n<p><em>Busque y ubique a un buzo perdido durante una simulaci\u00f3n de accidente.<\/em><\/p>\n<p><strong>Escenario 2<\/strong>\u00a0\u2014 Buceador que no responde en la superficie.<\/p>\n<p><em>Responde eficazmente a un buzo que no responde y no respira durante una simulaci\u00f3n de accidente y lo remolca de regreso al bote mientras administra las respiraciones de rescate.<\/em><\/p>\n<h3>E-Learning Rescue Diver Course:<\/h3>\n<p><strong>D\u00eda 1:<\/strong>\u00a0Correcci\u00f3n la revisi\u00f3n r\u00e1pida en l\u00ednea.<\/p>\n<p>Ejercicios de entrenamiento de Rescate en aguas confinadas 1-10.<\/p>\n<p><strong>D\u00eda 2:<\/strong><\/p>\n<p>Ejercicios de entrenamiento de rescate en aguas abiertas 1-10.<\/p>\n<p><strong>D\u00eda 3:<\/strong><\/p>\n<p>Entrenamiento en aguas abiertas.<\/p>\n<h3>Entrenamiento en aguas abiertas y escenarios finales<\/h3>\n<p>El curso de Rescue Diver incluye:<\/p>\n<ul>\n<li>E-learning en l\u00ednea, manual PADI Rescue diver y certificaci\u00f3n PADI<\/li>\n<li>Honorarios de instructor PADI<\/li>\n<li>seguro<\/li>\n<li>Libro de registro<\/li>\n<li>Renta de equipo<\/li>\n<li>computadora de buceo<\/li>\n<\/ul>\n<p>Convierte en un\u00a0<a href=\"https:\/\/idckohtao.com\/es\/\">buzo de rescate<\/a>\u00a0aqu\u00ed![\/vc_column_text][\/vc_column][\/vc_row][vc_row][vc_column]<div class=\"text-left\"><h3 class=\"section-title\">BOOK NOW<\/h3><div class=\"bt-course-price\"><h4>18,000 THB (EFR &amp; Rescue)<\/h4><a href=\"https:\/\/idckohtao.com\/es\/packages-prices\/\" class=\"button\">RESERVALO AHORA<\/a><\/div><\/div>[\/vc_column][\/vc_row]<\/p>\n<\/div>","protected":false},"excerpt":{"rendered":"<p>[vc_row][vc_column][vc_column_text] Convi\u00e9rtete en un PADI Rescue Diver en Koh Tao: \u00bfest\u00e1s listo para el rescate? Aprenda a prevenir, identificar y manejar problemas al bucear. Sea m\u00e1s seguro y competente en el agua. Es un desaf\u00edo. Pero vale la pena. \u00bfEst\u00e1s listo para el rescate? El curso PADI Rescue Diver lo prepara para anticipar problemas, ayudar [&hellip;]<\/p>\n","protected":false},"author":1,"featured_media":5057,"parent":0,"menu_order":0,"comment_status":"closed","ping_status":"closed","template":"","meta":{"_acf_changed":false,"footnotes":""},"class_list":["post-3299","page","type-page","status-publish","has-post-thumbnail","hentry"],"acf":[],"yoast_head":"<!-- This site is optimized with the Yoast SEO Premium plugin v27.5 (Yoast SEO v27.5) - https:\/\/yoast.com\/product\/yoast-seo-premium-wordpress\/ -->\n<title>Curso PADI de Rescate en Koh Tao | IDC Koh Tao<\/title>\n<meta name=\"description\" content=\"El curso de Rescate PADI lo prepara para anticipar problemas, ayudar con buzos en apuros y manejar escenas de accidentes. Es un desaf\u2019o y vale la pena.\" \/>\n<meta name=\"robots\" content=\"index, follow, max-snippet:-1, max-image-preview:large, max-video-preview:-1\" \/>\n<link rel=\"canonical\" href=\"https:\/\/idckohtao.com\/es\/rescue-diver-course\/\" \/>\n<meta property=\"og:locale\" content=\"es_ES\" \/>\n<meta property=\"og:type\" content=\"article\" \/>\n<meta property=\"og:title\" content=\"Curso PADI de Rescate en Koh Tao | IDC Koh Tao\" \/>\n<meta property=\"og:description\" content=\"El curso de Rescate PADI lo prepara para anticipar problemas, ayudar con buzos en apuros y manejar escenas de accidentes. Es un desaf\u2019o y vale la pena.\" \/>\n<meta property=\"og:url\" content=\"https:\/\/idckohtao.com\/es\/rescue-diver-course\/\" \/>\n<meta property=\"og:site_name\" content=\"IDC Koh Tao\" \/>\n<meta property=\"article:publisher\" content=\"https:\/\/www.facebook.com\/GoProIDCKohTao\" \/>\n<meta property=\"article:modified_time\" content=\"2026-04-22T05:45:54+00:00\" \/>\n<meta property=\"og:image\" content=\"https:\/\/idckohtao.com\/wp-content\/uploads\/2023\/08\/idckohtao.com-koh-tao-diving-confined-water-presentations-rescue.jpg\" \/>\n\t<meta property=\"og:image:width\" content=\"1536\" \/>\n\t<meta property=\"og:image:height\" content=\"1024\" \/>\n\t<meta property=\"og:image:type\" content=\"image\/jpeg\" \/>\n<meta name=\"twitter:card\" content=\"summary_large_image\" \/>\n<meta name=\"twitter:title\" content=\"Curso PADI de Rescate en Koh Tao | IDC Koh Tao\" \/>\n<meta name=\"twitter:description\" content=\"El curso de Rescate PADI lo prepara para anticipar problemas, ayudar con buzos en apuros y manejar escenas de accidentes. Es un desaf\u2019o y vale la pena.\" \/>\n<meta name=\"twitter:image\" content=\"https:\/\/idckohtao.com\/wp-content\/uploads\/2023\/08\/idckohtao.com-koh-tao-diving-confined-water-presentations-rescue.jpg\" \/>\n<meta name=\"twitter:site\" content=\"@GoProIDCKohTao\" \/>\n<!-- \/ Yoast SEO Premium plugin. -->","yoast_head_json":{"title":"Curso PADI de Rescate en Koh Tao | IDC Koh Tao","description":"El curso de Rescate PADI lo prepara para anticipar problemas, ayudar con buzos en apuros y manejar escenas de accidentes. Es un desaf\u2019o y vale la pena.","robots":{"index":"index","follow":"follow","max-snippet":"max-snippet:-1","max-image-preview":"max-image-preview:large","max-video-preview":"max-video-preview:-1"},"canonical":"https:\/\/idckohtao.com\/es\/rescue-diver-course\/","og_locale":"es_ES","og_type":"article","og_title":"Curso PADI de Rescate en Koh Tao | IDC Koh Tao","og_description":"El curso de Rescate PADI lo prepara para anticipar problemas, ayudar con buzos en apuros y manejar escenas de accidentes. Es un desaf\u2019o y vale la pena.","og_url":"https:\/\/idckohtao.com\/es\/rescue-diver-course\/","og_site_name":"IDC Koh Tao","article_publisher":"https:\/\/www.facebook.com\/GoProIDCKohTao","article_modified_time":"2026-04-22T05:45:54+00:00","og_image":[{"width":1536,"height":1024,"url":"https:\/\/idckohtao.com\/wp-content\/uploads\/2023\/08\/idckohtao.com-koh-tao-diving-confined-water-presentations-rescue.jpg","type":"image\/jpeg"}],"twitter_card":"summary_large_image","twitter_title":"Curso PADI de Rescate en Koh Tao | IDC Koh Tao","twitter_description":"El curso de Rescate PADI lo prepara para anticipar problemas, ayudar con buzos en apuros y manejar escenas de accidentes. Es un desaf\u2019o y vale la pena.","twitter_image":"https:\/\/idckohtao.com\/wp-content\/uploads\/2023\/08\/idckohtao.com-koh-tao-diving-confined-water-presentations-rescue.jpg","twitter_site":"@GoProIDCKohTao","schema":{"@context":"https:\/\/schema.org","@graph":[{"@type":"NewsArticle","@id":"https:\/\/idckohtao.com\/es\/rescue-diver-course\/#article","isPartOf":{"@id":"https:\/\/idckohtao.com\/es\/rescue-diver-course\/"},"author":{"name":"ojasya","@id":"https:\/\/idckohtao.com\/es\/#\/schema\/person\/d08d557cbfdbc171f824052dae697b02"},"headline":"Rescue Diver Course","datePublished":"2023-08-05T17:20:18+00:00","dateModified":"2026-04-22T05:45:54+00:00","mainEntityOfPage":{"@id":"https:\/\/idckohtao.com\/es\/rescue-diver-course\/"},"wordCount":701,"publisher":{"@id":"https:\/\/idckohtao.com\/es\/#organization"},"image":{"@id":"https:\/\/idckohtao.com\/es\/rescue-diver-course\/#primaryimage"},"thumbnailUrl":"https:\/\/idckohtao.com\/wp-content\/uploads\/2023\/09\/idckohtao.com-padi-rescue-diver-course-in-koh-tao-in-thailand.jpeg","inLanguage":"es"},{"@type":"WebPage","@id":"https:\/\/idckohtao.com\/es\/rescue-diver-course\/","url":"https:\/\/idckohtao.com\/es\/rescue-diver-course\/","name":"Curso PADI de Rescate en Koh Tao | IDC Koh Tao","isPartOf":{"@id":"https:\/\/idckohtao.com\/es\/#website"},"primaryImageOfPage":{"@id":"https:\/\/idckohtao.com\/es\/rescue-diver-course\/#primaryimage"},"image":{"@id":"https:\/\/idckohtao.com\/es\/rescue-diver-course\/#primaryimage"},"thumbnailUrl":"https:\/\/idckohtao.com\/wp-content\/uploads\/2023\/09\/idckohtao.com-padi-rescue-diver-course-in-koh-tao-in-thailand.jpeg","datePublished":"2023-08-05T17:20:18+00:00","dateModified":"2026-04-22T05:45:54+00:00","description":"El curso de Rescate PADI lo prepara para anticipar problemas, ayudar con buzos en apuros y manejar escenas de accidentes. Es un desaf\u2019o y vale la pena.","breadcrumb":{"@id":"https:\/\/idckohtao.com\/es\/rescue-diver-course\/#breadcrumb"},"inLanguage":"es","potentialAction":[{"@type":"ReadAction","target":["https:\/\/idckohtao.com\/es\/rescue-diver-course\/"]}]},{"@type":"ImageObject","inLanguage":"es","@id":"https:\/\/idckohtao.com\/es\/rescue-diver-course\/#primaryimage","url":"https:\/\/idckohtao.com\/wp-content\/uploads\/2023\/09\/idckohtao.com-padi-rescue-diver-course-in-koh-tao-in-thailand.jpeg","contentUrl":"https:\/\/idckohtao.com\/wp-content\/uploads\/2023\/09\/idckohtao.com-padi-rescue-diver-course-in-koh-tao-in-thailand.jpeg","width":1200,"height":900,"caption":"PADI Rescue Diver course in Koh Tao, Thailand"},{"@type":"BreadcrumbList","@id":"https:\/\/idckohtao.com\/es\/rescue-diver-course\/#breadcrumb","itemListElement":[{"@type":"ListItem","position":1,"name":"Home","item":"https:\/\/idckohtao.com\/es\/"},{"@type":"ListItem","position":2,"name":"Rescue Diver Course"}]},{"@type":"WebSite","@id":"https:\/\/idckohtao.com\/es\/#website","url":"https:\/\/idckohtao.com\/es\/","name":"IDC Koh Tao","description":"PADI IDC 5 Star Diving Center in Koh Tao - Thailand","publisher":{"@id":"https:\/\/idckohtao.com\/es\/#organization"},"alternateName":"IDC Koh Tao in Thailand","potentialAction":[{"@type":"SearchAction","target":{"@type":"EntryPoint","urlTemplate":"https:\/\/idckohtao.com\/es\/?s={search_term_string}"},"query-input":{"@type":"PropertyValueSpecification","valueRequired":true,"valueName":"search_term_string"}}],"inLanguage":"es"},{"@type":"Organization","@id":"https:\/\/idckohtao.com\/es\/#organization","name":"IDC Koh Tao","alternateName":"IDC Koh Tao | Divemaster & Diving Instructor","url":"https:\/\/idckohtao.com\/es\/","logo":{"@type":"ImageObject","inLanguage":"es","@id":"https:\/\/idckohtao.com\/es\/#\/schema\/logo\/image\/","url":"https:\/\/idckohtao.com\/wp-content\/uploads\/2023\/09\/idckohtao.com-padi-diving-center-in-koh-tao-thailand.png","contentUrl":"https:\/\/idckohtao.com\/wp-content\/uploads\/2023\/09\/idckohtao.com-padi-diving-center-in-koh-tao-thailand.png","width":400,"height":300,"caption":"IDC Koh Tao"},"image":{"@id":"https:\/\/idckohtao.com\/es\/#\/schema\/logo\/image\/"},"sameAs":["https:\/\/www.facebook.com\/GoProIDCKohTao","https:\/\/x.com\/GoProIDCKohTao","https:\/\/www.youtube.com\/idckohtao","https:\/\/www.instagram.com\/idc.kohtao\/"],"description":"IDC Koh Tao is a part of the Black Turtle Dive pro level training team with three PADI Course Directors being led by Award Winning PADI Course Director Matt Bolton. Our full range of pro and recreational PADI Diving Courses provides aspiring scuba divers with education, fun, excitement, adventure, and a change of lifestyle or an opportunity to pursue a new career.","email":"info@idckohtao.com","legalName":"IDC Koh Tao","foundingDate":"2004-01-04","numberOfEmployees":{"@type":"QuantitativeValue","minValue":"1","maxValue":"10"},"correctionsPolicy":"https:\/\/idckohtao.com\/privacy-policy\/","ethicsPolicy":"https:\/\/idckohtao.com\/terms\/"},{"@type":"Person","@id":"https:\/\/idckohtao.com\/es\/#\/schema\/person\/d08d557cbfdbc171f824052dae697b02","name":"ojasya","image":{"@type":"ImageObject","inLanguage":"es","@id":"https:\/\/secure.gravatar.com\/avatar\/6fb34e36d09053a6545fc21d344613321bb1933f185132488f38052166f5a001?s=96&d=mm&r=g","url":"https:\/\/secure.gravatar.com\/avatar\/6fb34e36d09053a6545fc21d344613321bb1933f185132488f38052166f5a001?s=96&d=mm&r=g","contentUrl":"https:\/\/secure.gravatar.com\/avatar\/6fb34e36d09053a6545fc21d344613321bb1933f185132488f38052166f5a001?s=96&d=mm&r=g","caption":"ojasya"},"sameAs":["https:\/\/idckohtao.com"],"url":"https:\/\/idckohtao.com\/es\/blog\/author\/ojasya\/"}]}},"_links":{"self":[{"href":"https:\/\/idckohtao.com\/es\/wp-json\/wp\/v2\/pages\/3299","targetHints":{"allow":["GET"]}}],"collection":[{"href":"https:\/\/idckohtao.com\/es\/wp-json\/wp\/v2\/pages"}],"about":[{"href":"https:\/\/idckohtao.com\/es\/wp-json\/wp\/v2\/types\/page"}],"author":[{"embeddable":true,"href":"https:\/\/idckohtao.com\/es\/wp-json\/wp\/v2\/users\/1"}],"replies":[{"embeddable":true,"href":"https:\/\/idckohtao.com\/es\/wp-json\/wp\/v2\/comments?post=3299"}],"version-history":[{"count":1,"href":"https:\/\/idckohtao.com\/es\/wp-json\/wp\/v2\/pages\/3299\/revisions"}],"predecessor-version":[{"id":7720,"href":"https:\/\/idckohtao.com\/es\/wp-json\/wp\/v2\/pages\/3299\/revisions\/7720"}],"wp:featuredmedia":[{"embeddable":true,"href":"https:\/\/idckohtao.com\/es\/wp-json\/wp\/v2\/media\/5057"}],"wp:attachment":[{"href":"https:\/\/idckohtao.com\/es\/wp-json\/wp\/v2\/media?parent=3299"}],"curies":[{"name":"wp","href":"https:\/\/api.w.org\/{rel}","templated":true}]}}