{"id":3302,"date":"2023-08-09T07:58:41","date_gmt":"2023-08-09T07:58:41","guid":{"rendered":"https:\/\/idckohtao.com\/scuba-diving-internships\/"},"modified":"2024-06-11T15:49:00","modified_gmt":"2024-06-11T15:49:00","slug":"scuba-diving-internships","status":"publish","type":"page","link":"https:\/\/idckohtao.com\/es\/pro-level-courses\/scuba-diving-internships\/","title":{"rendered":"Scuba Diving Internships"},"content":{"rendered":"<div class=\"wpb-content-wrapper\"><p>[vc_row][vc_column][vc_column_text]<\/p>\n<h2>Nuestras pasant\u00edas de buceo PADI te brindan una experiencia rea<\/h2>\n<h3>Pr\u00e1cticas de buceo modernas y flexibles<\/h3>\n<p>Ubicado en el centro de buceo\u00a0<a href=\"https:\/\/www.blackturtledive.com\/\" target=\"_blank\" rel=\"noopener noreferrer\">Black Turtle Dive<\/a>, IDC Koh Tao ofrece internships de buceo completamente flexibles a todo aquel que desea aprender a bucear durante un per\u00edodo de tiempo prolongado.<\/p>\n<p>Ofrecemos una amplia gama de pasant\u00edas y podemos personalizar el programa de entrenamiento de buceo en funci\u00f3n a tus plazos y necesidades.<\/p>\n<p>Ofrecemos a los no buceadores, principiantes y buceadores avanzados la oportunidad de trabajar con nuestro equipo de entrenamiento de buzos de nivel profesional para convertirte en un buceador m\u00e1s seguro y competente.<\/p>\n<p>Ubicado en la playa en la costa oeste de la isla de Koh Tao, IDC Koh Tao es el escenario perfecto para el entrenamiento de submarinistas y para disfrutar de las famosas puestas de sol de Koh Tao.<\/p>\n<p>Independientemente de su nivel actual de certificaci\u00f3n, ofrecemos programas de pasant\u00edas de buceo\u00a0<a href=\"https:\/\/idckohtao.com\/es\/pro-level-courses\/padi-instructor-development-course\/\">PADI Dive Instructor<\/a>\u00a0y\u00a0<a href=\"https:\/\/idckohtao.com\/es\/pro-level-courses\/divemaster-internship\/\">Divemaster<\/a>\u00a0con todo incluido. Estos son ideales si desea un cambio de <a href=\"https:\/\/idckohtao.com\/es\/lifestyle-packages\/\">estilo de vida<\/a>, una pausa en la carrera o si est\u00e1 planeando un Gap Year corto o prolongado en Tailandia.<\/p>\n<p>Si est\u00e1 buscando aventura, diversi\u00f3n, emoci\u00f3n, un nuevo desaf\u00edo, un sentido de logro con una gran satisfacci\u00f3n personal, nuestras<strong>\u00a0pasant\u00edas de buceo<\/strong>\u00a0est\u00e1n dise\u00f1adas pensando en usted.<\/p>\n<p>Si usted es un <a href=\"https:\/\/idckohtao.com\/es\/pro-level-courses\/padi-divemaster-course\/\">aspirante a profesional del buceo<\/a>, nuestro galardonado entrenamiento para buceadores lo pondr\u00e1 en el camino correcto con experiencia de ense\u00f1anza del mundo real, con el apoyo de un equipo de <a href=\"https:\/\/idckohtao.com\/es\/pro-level-courses\/padi-master-instructor\/\">Maestros Instructores<\/a> y <a href=\"https:\/\/idckohtao.com\/padi-course-director-matt-bolton\/\">Directores de Cursos<\/a> muy experimentados.<\/p>\n<h2>Profesional PADI altamente calificado y empleado<\/h2>\n<p>Nuestras pasant\u00edas de buceo con todo incluido ofrecen mucho m\u00e1s que solo marcar casillas para la certificaci\u00f3n. Adem\u00e1s de los requisitos de capacitaci\u00f3n est\u00e1ndar, como pasante, usted es un miembro muy valioso del equipo.<\/p>\n<p>Trabajando junto con personal experimentado, puede esperar una experiencia del mundo real que lo ayude a convertirse en el profesional de buceo altamente calificado y profesional que aspira a ser.<\/p>\n<p>Hay muchos propietarios de centros de buceo, directores de cursos PADI, incluido el personal de PADI que completaron su capacitaci\u00f3n de nivel profesional en <a href=\"https:\/\/idckohtao.com\/why-choose-idc-koh-tao\/\">IDC Koh Tao<\/a>. Una vez que un posible empleador reconoce en su CV que recibi\u00f3 capacitaci\u00f3n en IDC Koh Tao, pueden estar seguros de que su nivel de entrenamiento es de los m\u00e1s altos est\u00e1ndares.<\/p>\n<p><img decoding=\"async\" class=\"alignnone wp-image-686 size-large\" src=\"https:\/\/idckohtao.com\/wp-content\/uploads\/2023\/08\/idckohtao.com-padi-instructor-development-course-and-instructor-internship-on-kohtao-sunset-mae-haad-beach-1024x683.jpg\" alt=\"idckohtao.com-padi-instructor-development-course-and-instructor-internship-on-kohtao-sunset-mae-haad-beach\" width=\"1024\" height=\"683\" srcset=\"https:\/\/idckohtao.com\/wp-content\/uploads\/2023\/08\/idckohtao.com-padi-instructor-development-course-and-instructor-internship-on-kohtao-sunset-mae-haad-beach-1024x683.jpg 1024w, https:\/\/idckohtao.com\/wp-content\/uploads\/2023\/08\/idckohtao.com-padi-instructor-development-course-and-instructor-internship-on-kohtao-sunset-mae-haad-beach-300x200.jpg 300w, https:\/\/idckohtao.com\/wp-content\/uploads\/2023\/08\/idckohtao.com-padi-instructor-development-course-and-instructor-internship-on-kohtao-sunset-mae-haad-beach-768x512.jpg 768w, https:\/\/idckohtao.com\/wp-content\/uploads\/2023\/08\/idckohtao.com-padi-instructor-development-course-and-instructor-internship-on-kohtao-sunset-mae-haad-beach.jpg 1080w\" sizes=\"(max-width: 1024px) 100vw, 1024px\" \/><\/p>\n<h2>Marine Conservation initiatives<\/h2>\n<p>Nuestro equipo interno de <a href=\"https:\/\/idckohtao.com\/es\/marine-conservation\/\">conservaci\u00f3n ecol\u00f3gica<\/a> una organizaci\u00f3n l\u00edder en todo el sudeste asi\u00e1tico que brinda educaci\u00f3n sobre <a href=\"https:\/\/www.thefunkyturtle.com\/es\/conservation\/marine-conservation\/\">conservaci\u00f3n marina<\/a> y tiene una serie de proyectos ecol\u00f3gicos en ejecuci\u00f3n en cualquier momento.<\/p>\n<p>Como profesionales de buceo responsables, creemos que es esencial que los buceadores tengan una s\u00f3lida comprensi\u00f3n de c\u00f3mo impactamos el medio ambiente y en la conservaci\u00f3n de sus recursos naturales. Integramos un <a href=\"https:\/\/www.blackturtledive.com\/scuba-diving-internship\/marine-conservation-internship\/\">programa de conservaci\u00f3n marina<\/a> en cada una de nuestras pasant\u00edas de buceo.<\/p>\n<h2>Pr\u00e1cticas flexibles de buceo PADI<\/h2>\n<p>Con 20 a\u00f1os de experiencia en la industria del buceo y <a href=\"https:\/\/idckohtao.com\/why-choose-koh-tao\/\">ubicado en Koh Tao<\/a>, el destino de entrenamiento de buceo n\u00famero 1 del mundo, sabemos que cada candidato tiene necesidades individuales.<\/p>\n<p>Operamos un sistema de \u201chorario flexible\u201d para ayudarlo a planificar su tiempo con nosotros de acuerdo con sus requisitos. Nuestras pr\u00e1cticas se adaptan de una manera que se adapte a su horario y planes.<\/p>\n<p>Por supuesto, dentro de este marco, todos los requisitos de rendimiento deben cumplirse para la certificaci\u00f3n y podemos acordar los detalles m\u00e1s precisos y el itinerario completo antes de su llegada.<\/p>\n<p><img decoding=\"async\" class=\"alignnone wp-image-312 size-large\" src=\"https:\/\/idckohtao.com\/wp-content\/uploads\/2023\/08\/idckohtao.com-padi-instructor-development-course-and-scuba-diving-internship-lifestyle-packages-on-kohtao-crystal-dive-pools-1024x683.jpg\" alt=\"idckohtao.com-padi-instructor-development-course-and-scuba-diving-internship-lifestyle-packages-on-kohtao-crystal-dive-pools\" width=\"1024\" height=\"683\" srcset=\"https:\/\/idckohtao.com\/wp-content\/uploads\/2023\/08\/idckohtao.com-padi-instructor-development-course-and-scuba-diving-internship-lifestyle-packages-on-kohtao-crystal-dive-pools-1024x683.jpg 1024w, https:\/\/idckohtao.com\/wp-content\/uploads\/2023\/08\/idckohtao.com-padi-instructor-development-course-and-scuba-diving-internship-lifestyle-packages-on-kohtao-crystal-dive-pools-300x200.jpg 300w, https:\/\/idckohtao.com\/wp-content\/uploads\/2023\/08\/idckohtao.com-padi-instructor-development-course-and-scuba-diving-internship-lifestyle-packages-on-kohtao-crystal-dive-pools-768x512.jpg 768w, https:\/\/idckohtao.com\/wp-content\/uploads\/2023\/08\/idckohtao.com-padi-instructor-development-course-and-scuba-diving-internship-lifestyle-packages-on-kohtao-crystal-dive-pools.jpg 1080w\" sizes=\"(max-width: 1024px) 100vw, 1024px\" \/><\/p>\n<h2>\u00bfPor qu\u00e9 elegir IDC Koh Tao?<\/h2>\n<ul>\n<li>Directores de cursos PADI ganadores de varios premios<\/li>\n<li>El centro de buceo PADI m\u00e1s premiado en Koh Tao<\/li>\n<li>Seguro de buzo a nivel profesional<\/li>\n<li>Programa de pasant\u00edas de trabajo de la vida real<\/li>\n<li>Horario a medida y flexible<\/li>\n<li>Coordinadores del programa dedicado<\/li>\n<li>L\u00edderes en educaci\u00f3n para la conservaci\u00f3n marina<\/li>\n<li>Todas las instalaciones se encuentran en el sitio<\/li>\n<li>Cursos de videograf\u00eda subacu\u00e1tica<\/li>\n<li><a href=\"https:\/\/www.blackturtledive.com\/padi-freediving-courses\/\">Cursos de apnea PADI<\/a><\/li>\n<li>Centro de desarrollo de carrera ganador de cinco estrellas (CDC)<\/li>\n<\/ul>\n<p><a href=\"https:\/\/idckohtao.com\/es\/\">IDC Koh Tao<\/a> es un centro de desarrollo de carrera PADI (CDC) galardonado con 5 estrellas. Sean cuales sean sus aspiraciones\u00a0<a href=\"https:\/\/idckohtao.com\/es\/padi-diving-courses\/\">profesionales de buceo<\/a>, podemos proporcionarle un paquete de pr\u00e1cticas \u00fanico y personalizado. Por favor, consulte nuestras Preguntas frecuentes o env\u00edenos un mensaje para obtener m\u00e1s detalles.[\/vc_column_text]<div class=\"text-left\"><div class=\"bt-course-price\"><a href=\"https:\/\/idckohtao.com\/es\/packages-prices\/#internship\" class=\"button\">RESERVALO AHORA<\/a><\/div><\/div>[\/vc_column][\/vc_row]<\/p>\n<\/div>","protected":false},"excerpt":{"rendered":"<p>[vc_row][vc_column][vc_column_text] Nuestras pasant\u00edas de buceo PADI te brindan una experiencia rea Pr\u00e1cticas de buceo modernas y flexibles Ubicado en el centro de buceo\u00a0Black Turtle Dive, IDC Koh Tao ofrece internships de buceo completamente flexibles a todo aquel que desea aprender a bucear durante un per\u00edodo de tiempo prolongado. Ofrecemos una amplia gama de pasant\u00edas y [&hellip;]<\/p>\n","protected":false},"author":1,"featured_media":5215,"parent":7936,"menu_order":0,"comment_status":"closed","ping_status":"closed","template":"","meta":{"_acf_changed":false,"footnotes":""},"class_list":["post-3302","page","type-page","status-publish","has-post-thumbnail","hentry"],"acf":[],"yoast_head":"<!-- This site is optimized with the Yoast SEO Premium plugin v27.5 (Yoast SEO v27.5) - https:\/\/yoast.com\/product\/yoast-seo-premium-wordpress\/ -->\n<title>IDC Koh Tao | PADI Internships De Buceo Tailandia<\/title>\n<meta name=\"description\" content=\"Practicas de buceo PADI en Koh Tao, Tailandia. Cursos completos con pr\u00e1cticas de buceo para PADI Divemaster e Instructor PADI en Koh Tao, Tailandia\" \/>\n<meta name=\"robots\" content=\"index, follow, max-snippet:-1, max-image-preview:large, max-video-preview:-1\" \/>\n<link rel=\"canonical\" href=\"https:\/\/idckohtao.com\/es\/pro-level-courses\/scuba-diving-internships\/\" \/>\n<meta property=\"og:locale\" content=\"es_ES\" \/>\n<meta property=\"og:type\" content=\"article\" \/>\n<meta property=\"og:title\" content=\"IDC Koh Tao | PADI Internships De Buceo Tailandia\" \/>\n<meta property=\"og:description\" content=\"Practicas de buceo PADI en Koh Tao, Tailandia. Cursos completos con pr\u00e1cticas de buceo para PADI Divemaster e Instructor PADI en Koh Tao, Tailandia\" \/>\n<meta property=\"og:url\" content=\"https:\/\/idckohtao.com\/es\/pro-level-courses\/scuba-diving-internships\/\" \/>\n<meta property=\"og:site_name\" content=\"IDC Koh Tao\" \/>\n<meta property=\"article:publisher\" content=\"https:\/\/www.facebook.com\/GoProIDCKohTao\" \/>\n<meta property=\"article:modified_time\" content=\"2024-06-11T15:49:00+00:00\" \/>\n<meta property=\"og:image\" content=\"https:\/\/idckohtao.com\/wp-content\/uploads\/2023\/08\/padi-idc-koh-tao-idc-pool-training-course-director-lifestyle-packages.jpg\" \/>\n\t<meta property=\"og:image:width\" content=\"1042\" \/>\n\t<meta property=\"og:image:height\" content=\"630\" \/>\n\t<meta property=\"og:image:type\" content=\"image\/jpeg\" \/>\n<meta name=\"twitter:card\" content=\"summary_large_image\" \/>\n<meta name=\"twitter:title\" content=\"IDC Koh Tao | PADI Internships De Buceo Tailandia\" \/>\n<meta name=\"twitter:description\" content=\"Practicas de buceo PADI en Koh Tao, Tailandia. Cursos completos con pr\u00e1cticas de buceo para PADI Divemaster e Instructor PADI en Koh Tao, Tailandia\" \/>\n<meta name=\"twitter:image\" content=\"https:\/\/idckohtao.com\/wp-content\/uploads\/2023\/08\/padi-idc-koh-tao-idc-pool-training-course-director-lifestyle-packages.jpg\" \/>\n<meta name=\"twitter:site\" content=\"@GoProIDCKohTao\" \/>\n<!-- \/ Yoast SEO Premium plugin. -->","yoast_head_json":{"title":"IDC Koh Tao | PADI Internships De Buceo Tailandia","description":"Practicas de buceo PADI en Koh Tao, Tailandia. Cursos completos con pr\u00e1cticas de buceo para PADI Divemaster e Instructor PADI en Koh Tao, Tailandia","robots":{"index":"index","follow":"follow","max-snippet":"max-snippet:-1","max-image-preview":"max-image-preview:large","max-video-preview":"max-video-preview:-1"},"canonical":"https:\/\/idckohtao.com\/es\/pro-level-courses\/scuba-diving-internships\/","og_locale":"es_ES","og_type":"article","og_title":"IDC Koh Tao | PADI Internships De Buceo Tailandia","og_description":"Practicas de buceo PADI en Koh Tao, Tailandia. Cursos completos con pr\u00e1cticas de buceo para PADI Divemaster e Instructor PADI en Koh Tao, Tailandia","og_url":"https:\/\/idckohtao.com\/es\/pro-level-courses\/scuba-diving-internships\/","og_site_name":"IDC Koh Tao","article_publisher":"https:\/\/www.facebook.com\/GoProIDCKohTao","article_modified_time":"2024-06-11T15:49:00+00:00","og_image":[{"width":1042,"height":630,"url":"https:\/\/idckohtao.com\/wp-content\/uploads\/2023\/08\/padi-idc-koh-tao-idc-pool-training-course-director-lifestyle-packages.jpg","type":"image\/jpeg"}],"twitter_card":"summary_large_image","twitter_title":"IDC Koh Tao | PADI Internships De Buceo Tailandia","twitter_description":"Practicas de buceo PADI en Koh Tao, Tailandia. Cursos completos con pr\u00e1cticas de buceo para PADI Divemaster e Instructor PADI en Koh Tao, Tailandia","twitter_image":"https:\/\/idckohtao.com\/wp-content\/uploads\/2023\/08\/padi-idc-koh-tao-idc-pool-training-course-director-lifestyle-packages.jpg","twitter_site":"@GoProIDCKohTao","schema":{"@context":"https:\/\/schema.org","@graph":[{"@type":"NewsArticle","@id":"https:\/\/idckohtao.com\/es\/pro-level-courses\/scuba-diving-internships\/#article","isPartOf":{"@id":"https:\/\/idckohtao.com\/es\/pro-level-courses\/scuba-diving-internships\/"},"author":{"name":"ojasya","@id":"https:\/\/idckohtao.com\/es\/#\/schema\/person\/d08d557cbfdbc171f824052dae697b02"},"headline":"Scuba Diving Internships","datePublished":"2023-08-09T07:58:41+00:00","dateModified":"2024-06-11T15:49:00+00:00","mainEntityOfPage":{"@id":"https:\/\/idckohtao.com\/es\/pro-level-courses\/scuba-diving-internships\/"},"wordCount":774,"publisher":{"@id":"https:\/\/idckohtao.com\/es\/#organization"},"image":{"@id":"https:\/\/idckohtao.com\/es\/pro-level-courses\/scuba-diving-internships\/#primaryimage"},"thumbnailUrl":"https:\/\/idckohtao.com\/wp-content\/uploads\/2023\/09\/idckohtao.com-scuba-internships-in-thailand.jpg","inLanguage":"es"},{"@type":"WebPage","@id":"https:\/\/idckohtao.com\/es\/pro-level-courses\/scuba-diving-internships\/","url":"https:\/\/idckohtao.com\/es\/pro-level-courses\/scuba-diving-internships\/","name":"IDC Koh Tao | PADI Internships De Buceo Tailandia","isPartOf":{"@id":"https:\/\/idckohtao.com\/es\/#website"},"primaryImageOfPage":{"@id":"https:\/\/idckohtao.com\/es\/pro-level-courses\/scuba-diving-internships\/#primaryimage"},"image":{"@id":"https:\/\/idckohtao.com\/es\/pro-level-courses\/scuba-diving-internships\/#primaryimage"},"thumbnailUrl":"https:\/\/idckohtao.com\/wp-content\/uploads\/2023\/09\/idckohtao.com-scuba-internships-in-thailand.jpg","datePublished":"2023-08-09T07:58:41+00:00","dateModified":"2024-06-11T15:49:00+00:00","description":"Practicas de buceo PADI en Koh Tao, Tailandia. Cursos completos con pr\u00e1cticas de buceo para PADI Divemaster e Instructor PADI en Koh Tao, Tailandia","breadcrumb":{"@id":"https:\/\/idckohtao.com\/es\/pro-level-courses\/scuba-diving-internships\/#breadcrumb"},"inLanguage":"es","potentialAction":[{"@type":"ReadAction","target":["https:\/\/idckohtao.com\/es\/pro-level-courses\/scuba-diving-internships\/"]}]},{"@type":"ImageObject","inLanguage":"es","@id":"https:\/\/idckohtao.com\/es\/pro-level-courses\/scuba-diving-internships\/#primaryimage","url":"https:\/\/idckohtao.com\/wp-content\/uploads\/2023\/09\/idckohtao.com-scuba-internships-in-thailand.jpg","contentUrl":"https:\/\/idckohtao.com\/wp-content\/uploads\/2023\/09\/idckohtao.com-scuba-internships-in-thailand.jpg","width":1200,"height":900,"caption":"Scuba Internships in Thailand"},{"@type":"BreadcrumbList","@id":"https:\/\/idckohtao.com\/es\/pro-level-courses\/scuba-diving-internships\/#breadcrumb","itemListElement":[{"@type":"ListItem","position":1,"name":"Home","item":"https:\/\/idckohtao.com\/es\/"},{"@type":"ListItem","position":2,"name":"Pro level","item":"https:\/\/idckohtao.com\/es\/pro-level-courses\/"},{"@type":"ListItem","position":3,"name":"Scuba Diving Internships"}]},{"@type":"WebSite","@id":"https:\/\/idckohtao.com\/es\/#website","url":"https:\/\/idckohtao.com\/es\/","name":"IDC Koh Tao","description":"PADI IDC 5 Star Diving Center in Koh Tao - Thailand","publisher":{"@id":"https:\/\/idckohtao.com\/es\/#organization"},"alternateName":"IDC Koh Tao in Thailand","potentialAction":[{"@type":"SearchAction","target":{"@type":"EntryPoint","urlTemplate":"https:\/\/idckohtao.com\/es\/?s={search_term_string}"},"query-input":{"@type":"PropertyValueSpecification","valueRequired":true,"valueName":"search_term_string"}}],"inLanguage":"es"},{"@type":"Organization","@id":"https:\/\/idckohtao.com\/es\/#organization","name":"IDC Koh Tao","alternateName":"IDC Koh Tao | Divemaster & Diving Instructor","url":"https:\/\/idckohtao.com\/es\/","logo":{"@type":"ImageObject","inLanguage":"es","@id":"https:\/\/idckohtao.com\/es\/#\/schema\/logo\/image\/","url":"https:\/\/idckohtao.com\/wp-content\/uploads\/2023\/09\/idckohtao.com-padi-diving-center-in-koh-tao-thailand.png","contentUrl":"https:\/\/idckohtao.com\/wp-content\/uploads\/2023\/09\/idckohtao.com-padi-diving-center-in-koh-tao-thailand.png","width":400,"height":300,"caption":"IDC Koh Tao"},"image":{"@id":"https:\/\/idckohtao.com\/es\/#\/schema\/logo\/image\/"},"sameAs":["https:\/\/www.facebook.com\/GoProIDCKohTao","https:\/\/x.com\/GoProIDCKohTao","https:\/\/www.youtube.com\/idckohtao","https:\/\/www.instagram.com\/idc.kohtao\/"],"description":"IDC Koh Tao is a part of the Black Turtle Dive pro level training team with three PADI Course Directors being led by Award Winning PADI Course Director Matt Bolton. Our full range of pro and recreational PADI Diving Courses provides aspiring scuba divers with education, fun, excitement, adventure, and a change of lifestyle or an opportunity to pursue a new career.","email":"info@idckohtao.com","legalName":"IDC Koh Tao","foundingDate":"2004-01-04","numberOfEmployees":{"@type":"QuantitativeValue","minValue":"1","maxValue":"10"},"correctionsPolicy":"https:\/\/idckohtao.com\/privacy-policy\/","ethicsPolicy":"https:\/\/idckohtao.com\/terms\/"},{"@type":"Person","@id":"https:\/\/idckohtao.com\/es\/#\/schema\/person\/d08d557cbfdbc171f824052dae697b02","name":"ojasya","image":{"@type":"ImageObject","inLanguage":"es","@id":"https:\/\/secure.gravatar.com\/avatar\/6fb34e36d09053a6545fc21d344613321bb1933f185132488f38052166f5a001?s=96&d=mm&r=g","url":"https:\/\/secure.gravatar.com\/avatar\/6fb34e36d09053a6545fc21d344613321bb1933f185132488f38052166f5a001?s=96&d=mm&r=g","contentUrl":"https:\/\/secure.gravatar.com\/avatar\/6fb34e36d09053a6545fc21d344613321bb1933f185132488f38052166f5a001?s=96&d=mm&r=g","caption":"ojasya"},"sameAs":["https:\/\/idckohtao.com"],"url":"https:\/\/idckohtao.com\/es\/blog\/author\/ojasya\/"}]}},"_links":{"self":[{"href":"https:\/\/idckohtao.com\/es\/wp-json\/wp\/v2\/pages\/3302","targetHints":{"allow":["GET"]}}],"collection":[{"href":"https:\/\/idckohtao.com\/es\/wp-json\/wp\/v2\/pages"}],"about":[{"href":"https:\/\/idckohtao.com\/es\/wp-json\/wp\/v2\/types\/page"}],"author":[{"embeddable":true,"href":"https:\/\/idckohtao.com\/es\/wp-json\/wp\/v2\/users\/1"}],"replies":[{"embeddable":true,"href":"https:\/\/idckohtao.com\/es\/wp-json\/wp\/v2\/comments?post=3302"}],"version-history":[{"count":0,"href":"https:\/\/idckohtao.com\/es\/wp-json\/wp\/v2\/pages\/3302\/revisions"}],"up":[{"embeddable":true,"href":"https:\/\/idckohtao.com\/es\/wp-json\/wp\/v2\/pages\/7936"}],"wp:featuredmedia":[{"embeddable":true,"href":"https:\/\/idckohtao.com\/es\/wp-json\/wp\/v2\/media\/5215"}],"wp:attachment":[{"href":"https:\/\/idckohtao.com\/es\/wp-json\/wp\/v2\/media?parent=3302"}],"curies":[{"name":"wp","href":"https:\/\/api.w.org\/{rel}","templated":true}]}}