{"id":3306,"date":"2023-08-11T08:01:01","date_gmt":"2023-08-11T08:01:01","guid":{"rendered":"https:\/\/idckohtao.com\/search-recovery-instructor-specialty\/"},"modified":"2026-01-01T09:26:20","modified_gmt":"2026-01-01T09:26:20","slug":"search-recovery-instructor-specialty","status":"publish","type":"page","link":"https:\/\/idckohtao.com\/es\/pro-level-courses\/search-recovery-instructor-specialty\/","title":{"rendered":"Search &#038; Recovery Instructor Specialty"},"content":{"rendered":"<div class=\"wpb-content-wrapper\"><p>[vc_row][vc_column][vc_column_text css=\u00bb\u00bb]<\/p>\n<h2>Curso de Instructor de especialidad PADI in Koh Tao<\/h2>\n<p>Si alguna vez ha perdido algo en el agua desde un bote o durante el buceo y desea encontrarlo y recuperarlo, deber\u00e1 comprender c\u00f3mo organizar, planificar y ejecutar los procedimientos de b\u00fasqueda y recuperaci\u00f3n con precisi\u00f3n.<\/p>\n<p>Hay una gran diferencia entre un grupo de buzos que buscan al azar algo bajo el agua al azar y una b\u00fasqueda organizada con t\u00e9cnicas adecuadas de b\u00fasqueda y recuperaci\u00f3n. C\u00f3mo lo hagas, ser\u00e1 la diferencia entre el \u00e9xito y el fracaso.<\/p>\n<p>Como Instructor especializado de PADI Search &amp; Recovery Diver, ense\u00f1ar\u00e1 a sus estudiantes formas efectivas de buscar objetos bajo el agua que aumentar\u00e1n sus posibilidades de \u00e9xito en la b\u00fasqueda de objetos perdidos.<\/p>\n<p>Tambi\u00e9n ense\u00f1ar\u00e1 las diversas t\u00e9cnicas de levantamiento que se utilizan para sa-car a la superficie con seguridad objetos de diversos tama\u00f1os y formas. La b\u00fasqueda y la recuperaci\u00f3n pueden ser desafiantes, pero tambi\u00e9n es muy diverti-do.<\/p>\n<p><img decoding=\"async\" class=\"alignnone wp-image-966 size-large\" src=\"https:\/\/idckohtao.com\/wp-content\/uploads\/2023\/08\/crystal-dive-koh-tao-divemaster-open-water-workshops-rig-and-lift-1024x768.jpg\" alt=\"crystal-dive-koh-tao-divemaster-open-water-workshops-rig-and-lift\" width=\"1024\" height=\"768\" srcset=\"https:\/\/idckohtao.com\/wp-content\/uploads\/2023\/08\/crystal-dive-koh-tao-divemaster-open-water-workshops-rig-and-lift-1024x768.jpg 1024w, https:\/\/idckohtao.com\/wp-content\/uploads\/2023\/08\/crystal-dive-koh-tao-divemaster-open-water-workshops-rig-and-lift-300x225.jpg 300w, https:\/\/idckohtao.com\/wp-content\/uploads\/2023\/08\/crystal-dive-koh-tao-divemaster-open-water-workshops-rig-and-lift-768x576.jpg 768w, https:\/\/idckohtao.com\/wp-content\/uploads\/2023\/08\/crystal-dive-koh-tao-divemaster-open-water-workshops-rig-and-lift.jpg 1080w\" sizes=\"(max-width: 1024px) 100vw, 1024px\" \/><\/p>\n<p><strong>B\u00fasqueda y recuperaci\u00f3n de buceo alrededor de Koh Tao<\/strong><\/p>\n<p>La diferente topograf\u00eda, profundidad y condiciones en los sitios de buceo alrededor de Koh Tao hacen de este un lugar perfecto para los buceadores de b\u00fasqueda y recuperaci\u00f3n. Como Instructor especializado en PADI Search &amp; Recovery Diver, realizar\u00e1 ejercicios con estudiantes buceadores que identifican problemas, peligros y t\u00e9cnicas utilizadas en las t\u00e9cnicas de b\u00fasqueda, navegaci\u00f3n y elevaci\u00f3n.<\/p>\n<p>En un sitio de buceo adecuado para este tipo de entrenamiento, conducir\u00e1 patro-nes de b\u00fasqueda bajo el agua utilizando una br\u00fajula y navegaci\u00f3n natural. Adem\u00e1s, utilizar\u00e1 bolsas elevadoras y otros m\u00e9todos de recuperaci\u00f3n adecuados para levantar objetos de diferentes tama\u00f1os y formas de forma segura desde el fondo marino. Despu\u00e9s de completar este curso, usted ser\u00e1 el instructor especiali-zado con el que todos quieren bucear.<\/p>\n<p><strong>\u00bfQui\u00e9n puede inscribirse en el curso PADI Search &amp; Recovery Diver Instructor Specialty course?<\/strong><\/p>\n<p>Un renovado\u00a0<strong><a href=\"https:\/\/idckohtao.com\/es\/pro-level-courses\/padi-instructor-development-course\/\">PADI Open Water Scuba Instructor (OWSI)<\/a><\/strong><\/p>\n<p>Nota: los candidatos de IDC \/ OWSI pueden participar en el curso de capacitaci\u00f3n para instructores especializados en buceo con aire enriquecido PADI, pero solo pueden solicitar la certificaci\u00f3n de instructores especializados despu\u00e9s de pasar un IE.<\/p>\n<p>Los instructores especializados de Search &amp; Recovery Diver deben haber asistido a un curso de capacitaci\u00f3n realizado por un Director del curso PADI y haber de-mostrado una prueba de experiencia antes de la certificaci\u00f3n. Este es un requisito de salida del curso.<\/p>\n<h2>\u00bfQue aprender\u00e1s?<\/h2>\n<p>Participar\u00e1s en las siguientes sesiones:<\/p>\n<ul>\n<li>Presente y sea evaluado en una presentaci\u00f3n prescriptiva de la revisi\u00f3n de conocimientos de Search &amp; Recovery Diver Specialty<\/li>\n<li>PADI Search &amp; Recovery Diver Est\u00e1ndares especializados, procedimientos y curr\u00edculo<\/li>\n<li>C\u00f3mo organizar y llevar a cabo el curso de especializaci\u00f3n PADI Search &amp; Recovery Diver<\/li>\n<li>Sesiones de entrenamiento en aguas abiertas: en las que aprender\u00e1 a demostrar, ejecutar y evaluar las habilidades a nivel de los estudiantes del curso de especializaci\u00f3n PADI Search &amp; Recovery Diver.<\/li>\n<\/ul>\n<p>Completar\u00e1 la inmersi\u00f3n de entrenamiento en aguas abiertas en uno de los varios sitios de buceo locales adecuados para esta capacitaci\u00f3n.<\/p>\n<p>Como Instructor especializado en PADI Search &amp; Recovery Diver, est\u00e1 certificado para impartir de forma independiente el <strong>Curso especializado PADI Search &amp; Reco-very Diver<\/strong><\/p>\n<p><img decoding=\"async\" class=\"alignnone wp-image-965 size-large\" src=\"https:\/\/idckohtao.com\/wp-content\/uploads\/2023\/08\/crystal-dive-koh-tao-tying-knots-inflate-lift-bag-1024x768.jpg\" alt=\"crystal-dive-koh-tao-tying-knots-inflate-lift-bag\" width=\"1024\" height=\"768\" srcset=\"https:\/\/idckohtao.com\/wp-content\/uploads\/2023\/08\/crystal-dive-koh-tao-tying-knots-inflate-lift-bag-1024x768.jpg 1024w, https:\/\/idckohtao.com\/wp-content\/uploads\/2023\/08\/crystal-dive-koh-tao-tying-knots-inflate-lift-bag-300x225.jpg 300w, https:\/\/idckohtao.com\/wp-content\/uploads\/2023\/08\/crystal-dive-koh-tao-tying-knots-inflate-lift-bag-768x576.jpg 768w, https:\/\/idckohtao.com\/wp-content\/uploads\/2023\/08\/crystal-dive-koh-tao-tying-knots-inflate-lift-bag.jpg 1080w\" sizes=\"(max-width: 1024px) 100vw, 1024px\" \/>[\/vc_column_text]<div class=\"text-left\"><div class=\"bt-course-price\"><h4>Precio del curso: 4,000 THB<\/h4><a href=\"https:\/\/idckohtao.com\/es\/packages-prices\" class=\"button\">RESERVALO AHORA<\/a><\/div><\/div>[vc_column_text]<\/p>\n<h3>Materiales PADI:<\/h3>\n<p><i>Por favor traiga su Manual PADI Specialty Course Instructor. Que Recibi\u00f3 como parte del paquete IDC Crew Pack durante su IDC.<\/i><\/p>\n<p>Adem\u00e1s, tambi\u00e9n necesitar\u00e1 una copia del Manual del instructor de PADI. A partir de 2010, el manual del instructor est\u00e1 disponible como descarga gratuita para to-dos los miembros de PADI que se renueven de\u00a0<a href=\"https:\/\/www.padi.com\/mypadi\/\" target=\"_blank\" rel=\"noopener\">www.padi.com\/mypadi<\/a><\/p>\n<h3>TAXAS PADI<\/h3>\n<p>PADI Search and Recovery Diver Curso de Instructor de especialidad Tarifa de solicitud: <strong>AUD$ 145<\/strong>[\/vc_column_text][\/vc_column][\/vc_row]<\/p>\n<\/div>","protected":false},"excerpt":{"rendered":"<p>[vc_row][vc_column][vc_column_text css=\u00bb\u00bb] Curso de Instructor de especialidad PADI in Koh Tao Si alguna vez ha perdido algo en el agua desde un bote o durante el buceo y desea encontrarlo y recuperarlo, deber\u00e1 comprender c\u00f3mo organizar, planificar y ejecutar los procedimientos de b\u00fasqueda y recuperaci\u00f3n con precisi\u00f3n. Hay una gran diferencia entre un grupo de [&hellip;]<\/p>\n","protected":false},"author":1,"featured_media":5111,"parent":7936,"menu_order":0,"comment_status":"closed","ping_status":"closed","template":"","meta":{"_acf_changed":false,"footnotes":""},"class_list":["post-3306","page","type-page","status-publish","has-post-thumbnail","hentry"],"acf":[],"yoast_head":"<!-- This site is optimized with the Yoast SEO Premium plugin v27.5 (Yoast SEO v27.5) - https:\/\/yoast.com\/product\/yoast-seo-premium-wordpress\/ -->\n<title>MSDT PADI Instructor Especializado En Buscuda Y Recuperacion<\/title>\n<meta name=\"description\" content=\"Nuestro curso de instructores especializados en buceo y recuperaci\u00f3n PADI en Koh Tao lo certifica para que ense\u00f1e a los estudiantes maneras efectivas de buscar objetos bajo el agua\" \/>\n<meta name=\"robots\" content=\"index, follow, max-snippet:-1, max-image-preview:large, max-video-preview:-1\" \/>\n<link rel=\"canonical\" href=\"https:\/\/idckohtao.com\/es\/pro-level-courses\/search-recovery-instructor-specialty\/\" \/>\n<meta property=\"og:locale\" content=\"es_ES\" \/>\n<meta property=\"og:type\" content=\"article\" \/>\n<meta property=\"og:title\" content=\"IDC Koh Tao | MSDT PADI Instructor Especializado En Buscuda Y Recuperacion\" \/>\n<meta property=\"og:description\" content=\"Nuestro curso de instructores especializados en buceo y recuperaci\u00f3n PADI en Koh Tao lo certifica para que ense\u00f1e a los estudiantes maneras efectivas de buscar objetos bajo el agua\" \/>\n<meta property=\"og:url\" content=\"https:\/\/idckohtao.com\/es\/pro-level-courses\/search-recovery-instructor-specialty\/\" \/>\n<meta property=\"og:site_name\" content=\"IDC Koh Tao\" \/>\n<meta property=\"article:publisher\" content=\"https:\/\/www.facebook.com\/GoProIDCKohTao\" \/>\n<meta property=\"article:modified_time\" content=\"2026-01-01T09:26:20+00:00\" \/>\n<meta property=\"og:image\" content=\"https:\/\/idckohtao.com\/wp-content\/uploads\/2023\/09\/idckohtao.com-search-and-recovery-specialty-instructor-koh-tao.jpeg\" \/>\n\t<meta property=\"og:image:width\" content=\"1200\" \/>\n\t<meta property=\"og:image:height\" content=\"900\" \/>\n\t<meta property=\"og:image:type\" content=\"image\/jpeg\" \/>\n<meta name=\"twitter:card\" content=\"summary_large_image\" \/>\n<meta name=\"twitter:title\" content=\"IDC Koh Tao | MSDT PADI Instructor Especializado En Buscuda Y Recuperacion\" \/>\n<meta name=\"twitter:description\" content=\"Nuestro curso de instructores especializados en buceo y recuperaci\u00f3n PADI en Koh Tao lo certifica para que ense\u00f1e a los estudiantes maneras efectivas de buscar objetos bajo el agua\" \/>\n<meta name=\"twitter:site\" content=\"@GoProIDCKohTao\" \/>\n<!-- \/ Yoast SEO Premium plugin. -->","yoast_head_json":{"title":"MSDT PADI Instructor Especializado En Buscuda Y Recuperacion","description":"Nuestro curso de instructores especializados en buceo y recuperaci\u00f3n PADI en Koh Tao lo certifica para que ense\u00f1e a los estudiantes maneras efectivas de buscar objetos bajo el agua","robots":{"index":"index","follow":"follow","max-snippet":"max-snippet:-1","max-image-preview":"max-image-preview:large","max-video-preview":"max-video-preview:-1"},"canonical":"https:\/\/idckohtao.com\/es\/pro-level-courses\/search-recovery-instructor-specialty\/","og_locale":"es_ES","og_type":"article","og_title":"IDC Koh Tao | MSDT PADI Instructor Especializado En Buscuda Y Recuperacion","og_description":"Nuestro curso de instructores especializados en buceo y recuperaci\u00f3n PADI en Koh Tao lo certifica para que ense\u00f1e a los estudiantes maneras efectivas de buscar objetos bajo el agua","og_url":"https:\/\/idckohtao.com\/es\/pro-level-courses\/search-recovery-instructor-specialty\/","og_site_name":"IDC Koh Tao","article_publisher":"https:\/\/www.facebook.com\/GoProIDCKohTao","article_modified_time":"2026-01-01T09:26:20+00:00","og_image":[{"width":1200,"height":900,"url":"https:\/\/idckohtao.com\/wp-content\/uploads\/2023\/09\/idckohtao.com-search-and-recovery-specialty-instructor-koh-tao.jpeg","type":"image\/jpeg"}],"twitter_card":"summary_large_image","twitter_title":"IDC Koh Tao | MSDT PADI Instructor Especializado En Buscuda Y Recuperacion","twitter_description":"Nuestro curso de instructores especializados en buceo y recuperaci\u00f3n PADI en Koh Tao lo certifica para que ense\u00f1e a los estudiantes maneras efectivas de buscar objetos bajo el agua","twitter_site":"@GoProIDCKohTao","schema":{"@context":"https:\/\/schema.org","@graph":[{"@type":"NewsArticle","@id":"https:\/\/idckohtao.com\/es\/pro-level-courses\/search-recovery-instructor-specialty\/#article","isPartOf":{"@id":"https:\/\/idckohtao.com\/es\/pro-level-courses\/search-recovery-instructor-specialty\/"},"author":{"name":"ojasya","@id":"https:\/\/idckohtao.com\/es\/#\/schema\/person\/d08d557cbfdbc171f824052dae697b02"},"headline":"Search &#038; Recovery Instructor Specialty","datePublished":"2023-08-11T08:01:01+00:00","dateModified":"2026-01-01T09:26:20+00:00","mainEntityOfPage":{"@id":"https:\/\/idckohtao.com\/es\/pro-level-courses\/search-recovery-instructor-specialty\/"},"wordCount":678,"publisher":{"@id":"https:\/\/idckohtao.com\/es\/#organization"},"image":{"@id":"https:\/\/idckohtao.com\/es\/pro-level-courses\/search-recovery-instructor-specialty\/#primaryimage"},"thumbnailUrl":"https:\/\/idckohtao.com\/wp-content\/uploads\/2023\/09\/idckohtao.com-search-and-recovery-specialty-instructor-koh-tao.jpeg","inLanguage":"es"},{"@type":"WebPage","@id":"https:\/\/idckohtao.com\/es\/pro-level-courses\/search-recovery-instructor-specialty\/","url":"https:\/\/idckohtao.com\/es\/pro-level-courses\/search-recovery-instructor-specialty\/","name":"MSDT PADI Instructor Especializado En Buscuda Y Recuperacion","isPartOf":{"@id":"https:\/\/idckohtao.com\/es\/#website"},"primaryImageOfPage":{"@id":"https:\/\/idckohtao.com\/es\/pro-level-courses\/search-recovery-instructor-specialty\/#primaryimage"},"image":{"@id":"https:\/\/idckohtao.com\/es\/pro-level-courses\/search-recovery-instructor-specialty\/#primaryimage"},"thumbnailUrl":"https:\/\/idckohtao.com\/wp-content\/uploads\/2023\/09\/idckohtao.com-search-and-recovery-specialty-instructor-koh-tao.jpeg","datePublished":"2023-08-11T08:01:01+00:00","dateModified":"2026-01-01T09:26:20+00:00","description":"Nuestro curso de instructores especializados en buceo y recuperaci\u00f3n PADI en Koh Tao lo certifica para que ense\u00f1e a los estudiantes maneras efectivas de buscar objetos bajo el agua","breadcrumb":{"@id":"https:\/\/idckohtao.com\/es\/pro-level-courses\/search-recovery-instructor-specialty\/#breadcrumb"},"inLanguage":"es","potentialAction":[{"@type":"ReadAction","target":["https:\/\/idckohtao.com\/es\/pro-level-courses\/search-recovery-instructor-specialty\/"]}]},{"@type":"ImageObject","inLanguage":"es","@id":"https:\/\/idckohtao.com\/es\/pro-level-courses\/search-recovery-instructor-specialty\/#primaryimage","url":"https:\/\/idckohtao.com\/wp-content\/uploads\/2023\/09\/idckohtao.com-search-and-recovery-specialty-instructor-koh-tao.jpeg","contentUrl":"https:\/\/idckohtao.com\/wp-content\/uploads\/2023\/09\/idckohtao.com-search-and-recovery-specialty-instructor-koh-tao.jpeg","width":1200,"height":900,"caption":"Search & Recovery Instructor Specialty course in Thailand"},{"@type":"BreadcrumbList","@id":"https:\/\/idckohtao.com\/es\/pro-level-courses\/search-recovery-instructor-specialty\/#breadcrumb","itemListElement":[{"@type":"ListItem","position":1,"name":"Home","item":"https:\/\/idckohtao.com\/es\/"},{"@type":"ListItem","position":2,"name":"Pro level","item":"https:\/\/idckohtao.com\/es\/pro-level-courses\/"},{"@type":"ListItem","position":3,"name":"Search &#038; Recovery Instructor Specialty"}]},{"@type":"WebSite","@id":"https:\/\/idckohtao.com\/es\/#website","url":"https:\/\/idckohtao.com\/es\/","name":"IDC Koh Tao","description":"PADI IDC 5 Star Diving Center in Koh Tao - Thailand","publisher":{"@id":"https:\/\/idckohtao.com\/es\/#organization"},"alternateName":"IDC Koh Tao in Thailand","potentialAction":[{"@type":"SearchAction","target":{"@type":"EntryPoint","urlTemplate":"https:\/\/idckohtao.com\/es\/?s={search_term_string}"},"query-input":{"@type":"PropertyValueSpecification","valueRequired":true,"valueName":"search_term_string"}}],"inLanguage":"es"},{"@type":"Organization","@id":"https:\/\/idckohtao.com\/es\/#organization","name":"IDC Koh Tao","alternateName":"IDC Koh Tao | Divemaster & Diving Instructor","url":"https:\/\/idckohtao.com\/es\/","logo":{"@type":"ImageObject","inLanguage":"es","@id":"https:\/\/idckohtao.com\/es\/#\/schema\/logo\/image\/","url":"https:\/\/idckohtao.com\/wp-content\/uploads\/2023\/09\/idckohtao.com-padi-diving-center-in-koh-tao-thailand.png","contentUrl":"https:\/\/idckohtao.com\/wp-content\/uploads\/2023\/09\/idckohtao.com-padi-diving-center-in-koh-tao-thailand.png","width":400,"height":300,"caption":"IDC Koh Tao"},"image":{"@id":"https:\/\/idckohtao.com\/es\/#\/schema\/logo\/image\/"},"sameAs":["https:\/\/www.facebook.com\/GoProIDCKohTao","https:\/\/x.com\/GoProIDCKohTao","https:\/\/www.youtube.com\/idckohtao","https:\/\/www.instagram.com\/idc.kohtao\/"],"description":"IDC Koh Tao is a part of the Black Turtle Dive pro level training team with three PADI Course Directors being led by Award Winning PADI Course Director Matt Bolton. Our full range of pro and recreational PADI Diving Courses provides aspiring scuba divers with education, fun, excitement, adventure, and a change of lifestyle or an opportunity to pursue a new career.","email":"info@idckohtao.com","legalName":"IDC Koh Tao","foundingDate":"2004-01-04","numberOfEmployees":{"@type":"QuantitativeValue","minValue":"1","maxValue":"10"},"correctionsPolicy":"https:\/\/idckohtao.com\/privacy-policy\/","ethicsPolicy":"https:\/\/idckohtao.com\/terms\/"},{"@type":"Person","@id":"https:\/\/idckohtao.com\/es\/#\/schema\/person\/d08d557cbfdbc171f824052dae697b02","name":"ojasya","image":{"@type":"ImageObject","inLanguage":"es","@id":"https:\/\/secure.gravatar.com\/avatar\/6fb34e36d09053a6545fc21d344613321bb1933f185132488f38052166f5a001?s=96&d=mm&r=g","url":"https:\/\/secure.gravatar.com\/avatar\/6fb34e36d09053a6545fc21d344613321bb1933f185132488f38052166f5a001?s=96&d=mm&r=g","contentUrl":"https:\/\/secure.gravatar.com\/avatar\/6fb34e36d09053a6545fc21d344613321bb1933f185132488f38052166f5a001?s=96&d=mm&r=g","caption":"ojasya"},"sameAs":["https:\/\/idckohtao.com"],"url":"https:\/\/idckohtao.com\/es\/blog\/author\/ojasya\/"}]}},"_links":{"self":[{"href":"https:\/\/idckohtao.com\/es\/wp-json\/wp\/v2\/pages\/3306","targetHints":{"allow":["GET"]}}],"collection":[{"href":"https:\/\/idckohtao.com\/es\/wp-json\/wp\/v2\/pages"}],"about":[{"href":"https:\/\/idckohtao.com\/es\/wp-json\/wp\/v2\/types\/page"}],"author":[{"embeddable":true,"href":"https:\/\/idckohtao.com\/es\/wp-json\/wp\/v2\/users\/1"}],"replies":[{"embeddable":true,"href":"https:\/\/idckohtao.com\/es\/wp-json\/wp\/v2\/comments?post=3306"}],"version-history":[{"count":2,"href":"https:\/\/idckohtao.com\/es\/wp-json\/wp\/v2\/pages\/3306\/revisions"}],"predecessor-version":[{"id":7570,"href":"https:\/\/idckohtao.com\/es\/wp-json\/wp\/v2\/pages\/3306\/revisions\/7570"}],"up":[{"embeddable":true,"href":"https:\/\/idckohtao.com\/es\/wp-json\/wp\/v2\/pages\/7936"}],"wp:featuredmedia":[{"embeddable":true,"href":"https:\/\/idckohtao.com\/es\/wp-json\/wp\/v2\/media\/5111"}],"wp:attachment":[{"href":"https:\/\/idckohtao.com\/es\/wp-json\/wp\/v2\/media?parent=3306"}],"curies":[{"name":"wp","href":"https:\/\/api.w.org\/{rel}","templated":true}]}}