{"id":3309,"date":"2023-08-10T08:39:18","date_gmt":"2023-08-10T08:39:18","guid":{"rendered":"https:\/\/idckohtao.com\/sidemount-instructor-specialty\/"},"modified":"2026-01-01T09:36:36","modified_gmt":"2026-01-01T09:36:36","slug":"sidemount-instructor-specialty","status":"publish","type":"page","link":"https:\/\/idckohtao.com\/es\/pro-level-courses\/sidemount-instructor-specialty\/","title":{"rendered":"Especialidad De Sidemount"},"content":{"rendered":"<div class=\"wpb-content-wrapper\"><p>[vc_row][vc_column][vc_column_text css=\u00bb\u00bb]Duplicar los tanques, duplicar el aire, duplicar el tiempo de inmersi\u00f3n, bucear en una configuraci\u00f3n montada en dos tanques nunca ha tenido m\u00e1s demanda.<\/p>\n<p>Hay muchos\u00a0<a href=\"https:\/\/idckohtao.com\/\">buceadores<\/a>\u00a0que no pueden cubrir todo el sitio de buceo debido al consumo de aire o, como nosotros, a todos nos encantar\u00eda permanecer bajo el agua por m\u00e1s tiempo.<\/p>\n<p>Una configuraci\u00f3n de montaje lateral no solo le permite maximizar su tiempo de fondo, sino que es una forma m\u00e1s segura de bucear.<\/p>\n<p>Tener m\u00e1s aire en una inmersi\u00f3n le permite planificar su inmersi\u00f3n de manera que tenga una mayor reserva para usted o su amigo en el improbable caso de una falla del equipo o un error del buzo.<\/p>\n<p>Te ense\u00f1a a manejar los problemas bajo el agua de manera m\u00e1s eficiente y a sentirte m\u00e1s seguro de ti mismo bajo el agua.<\/p>\n<p>Algunos otros buzos, eligen sidemount debido a los beneficios para la salud. Con la configuraci\u00f3n de lado del buzo, quita el peso de la espalda y puede ser una opci\u00f3n para aliviar el dolor para muchas personas que sufren problemas con problemas de espalda.<\/p>\n<p>Como instructor de especialidad PADI Sidemount, ense\u00f1ar\u00e1 a sus alumnos buceadores c\u00f3mo concentrarse m\u00e1s en su ajuste, eficiencia de patadas y, lo que es m\u00e1s importante, sus habilidades de flotabilidad neutra.<\/p>\n<p>Ser capaz de\u00a0<a href=\"https:\/\/idckohtao.com\/es\/blog\/the-importance-of-neutral-buoyancy-as-a-dive-professional\/\">dominar completamente la flotabilidad neutral<\/a>\u00a0no solo es una habilidad central para cualquier buzo, sino que tambi\u00e9n promueve una conciencia ambiental positiva.<\/p>\n<h3>Buceo Sidemount alrededor de Koh Tao<\/h3>\n<p>Con m\u00e1s de\u00a0<a href=\"https:\/\/idckohtao.com\/es\/fun-diving-koh-tao\/\">26 sitios de buceo<\/a>\u00a0para elegir durante todo el a\u00f1o, Koh Tao ofrece una gran variedad de topograf\u00eda y profundidades para elegir y es perfecto para una configuraci\u00f3n Sidemount.<\/p>\n<p>Hay una gran lista de opciones mientras bucea en las\u00a0<a href=\"https:\/\/idckohtao.com\/es\/why-choose-koh-tao\/\">aguas alrededor de Koh Tao<\/a>, tales como; sitios poco profundos perfectos para talleres de entrenamiento, sitios profundos para buceo relajado y divertido y un naufragio para dominar la penetraci\u00f3n y la flotabilidad neutra.<\/p>\n<p>Como Instructor de especialidad PADI Sidemount, cada curso que ense\u00f1e ser\u00e1 completamente diferente con la libertad que Sidemount le brinda.<\/p>\n<p><img decoding=\"async\" class=\"alignnone wp-image-860 size-large\" src=\"https:\/\/idckohtao.com\/wp-content\/uploads\/2023\/08\/idckohtao.com-padi-course-director-1-1-1024x819.jpg\" alt=\"idckohtao.com-padi-course-director \" width=\"1024\" height=\"819\" srcset=\"https:\/\/idckohtao.com\/wp-content\/uploads\/2023\/08\/idckohtao.com-padi-course-director-1-1-1024x819.jpg 1024w, https:\/\/idckohtao.com\/wp-content\/uploads\/2023\/08\/idckohtao.com-padi-course-director-1-1-300x240.jpg 300w, https:\/\/idckohtao.com\/wp-content\/uploads\/2023\/08\/idckohtao.com-padi-course-director-1-1-768x614.jpg 768w, https:\/\/idckohtao.com\/wp-content\/uploads\/2023\/08\/idckohtao.com-padi-course-director-1-1.jpg 1500w\" sizes=\"(max-width: 1024px) 100vw, 1024px\" \/><\/p>\n<h3>Curso de instructor de especialidad PADI Sidemount: \u00bfqui\u00e9n puede inscribirse?<b><br \/>\n<\/b><\/h3>\n<p>Un\u00a0<strong><a href=\"https:\/\/idckohtao.com\/es\/pro-level-courses\/padi-instructor-development-course\/\">PADI Open Water Scuba Instructor (OWSI) renovado<\/a><\/strong><\/p>\n<p><strong>Nota:<\/strong>\u00a0Los candidatos IDC \/ OWSI pueden participar en el curso de capacitaci\u00f3n de Instructor de especialidad PADI Sidemount, pero solo pueden solicitar la certificaci\u00f3n de Instructor de especialidad despu\u00e9s de aprobar un IE.<\/p>\n<p>PADI Sidemount Diver o equivalente con un m\u00ednimo de 10 inmersiones de montaje lateral<\/p>\n<p>Nota: Este es un requisito de salida del curso, las inmersiones se pueden completar despu\u00e9s del curso de capacitaci\u00f3n del instructor.<\/p>\n<h3>Curso de instructor de Sidemount PADI: lo que aprende<b><br \/>\n<\/b><\/h3>\n<p>Participar\u00e1 en las siguientes sesiones:<\/p>\n<ul>\n<li>Prop\u00f3sito y objetivos del curso PADI Sidemount Diver.<\/li>\n<li>Normas y procedimientos del curso PADI Sidemount Diver, incluidos los requisitos previos para el instructor y el alumno, supervisi\u00f3n, proporciones, profundidades del sitio y horas<\/li>\n<li>Consideraciones de entrenamiento en aguas abiertas PADI Sidemount Diver<\/li>\n<li>PADI Sidemount Diver y requisitos de equipo para estudiantes<\/li>\n<li>C\u00f3mo llevar a cabo el curso de especialidad PADI Sidemount Diver para que los estudiantes buceadores puedan cumplir con todos los requisitos de rendimiento<\/li>\n<\/ul>\n<p>Completar\u00e1 las<a href=\"https:\/\/idckohtao.com\/es\/pro-level-courses\/master-scuba-diver-trainer-program\/\">\u00a0inmersiones de entrenamiento en aguas abiertas<\/a>\u00a0en uno de varios sitios de buceo locales adecuados para este entrenamiento.<\/p>\n<p>Como Instructor de especialidad PADI Diver Sidemount est\u00e1s certificado para ense\u00f1ar independientemente el Curso de especialidad PADI Sidemount Diver<\/p>\n<h3>Materiales PADI<\/h3>\n<p><i>Traiga los siguientes materiales con su PADI Specialty Course Instructor Manual. Los recibi\u00f3 como parte del IDC Crew Pack durante su IDC.<br \/>\n<\/i><\/p>\n<p>Adem\u00e1s, tambi\u00e9n necesitar\u00e1 una copia del Manual del Instructor PADI. A partir de 2010, el manual del Instructor est\u00e1 disponible como descarga gratuita para todos los Miembros PADI que se renuevan desde\u00a0<a href=\"https:\/\/www.padi.com\/mypadi\/\" target=\"_blank\" rel=\"noopener\">www.padi.com\/mypadi<\/a><\/p>\n<h3>Cuotas PADI<\/h3>\n<p>Curso de instructor de especialidad PADI Sidemount Tarifa de solicitud:\u00a0<strong>AUD $ 145<\/strong>[\/vc_column_text]<div class=\"text-left\"><div class=\"bt-course-price\"><h4>Precio en demanda<\/h4><a href=\"https:\/\/idckohtao.com\/es\/contact\" class=\"button\">ENV\u00cdANOS UN MENSAJE<\/a><\/div><\/div>[\/vc_column][\/vc_row]<\/p>\n<\/div>","protected":false},"excerpt":{"rendered":"<p>[vc_row][vc_column][vc_column_text css=\u00bb\u00bb]Duplicar los tanques, duplicar el aire, duplicar el tiempo de inmersi\u00f3n, bucear en una configuraci\u00f3n montada en dos tanques nunca ha tenido m\u00e1s demanda. Hay muchos\u00a0buceadores\u00a0que no pueden cubrir todo el sitio de buceo debido al consumo de aire o, como nosotros, a todos nos encantar\u00eda permanecer bajo el agua por m\u00e1s tiempo. Una [&hellip;]<\/p>\n","protected":false},"author":1,"featured_media":4614,"parent":7936,"menu_order":0,"comment_status":"closed","ping_status":"closed","template":"","meta":{"_acf_changed":false,"footnotes":""},"class_list":["post-3309","page","type-page","status-publish","has-post-thumbnail","hentry"],"acf":[],"yoast_head":"<!-- This site is optimized with the Yoast SEO Premium plugin v27.5 (Yoast SEO v27.5) - https:\/\/yoast.com\/product\/yoast-seo-premium-wordpress\/ -->\n<title>Instructor de Especialidad PADI Sidemount | IDC Koh Tao<\/title>\n<meta name=\"description\" content=\"Como Instructor de especialidad PADI Sidemount, ense\u2013ar\u2021 a sus alumnos buceadores c\u2014mo concentrarse m\u2021s en sus destrezas, eficiencia de patadas y habilidades de flotabilidad neutra\" \/>\n<meta name=\"robots\" content=\"index, follow, max-snippet:-1, max-image-preview:large, max-video-preview:-1\" \/>\n<link rel=\"canonical\" href=\"https:\/\/idckohtao.com\/es\/pro-level-courses\/sidemount-instructor-specialty\/\" \/>\n<meta property=\"og:locale\" content=\"es_ES\" \/>\n<meta property=\"og:type\" content=\"article\" \/>\n<meta property=\"og:title\" content=\"Instructor de Especialidad PADI Sidemount | IDC Koh Tao\" \/>\n<meta property=\"og:description\" content=\"Como Instructor de especialidad PADI Sidemount, ense\u2013ar\u2021 a sus alumnos buceadores c\u2014mo concentrarse m\u2021s en sus destrezas, eficiencia de patadas y habilidades de flotabilidad neutra\" \/>\n<meta property=\"og:url\" content=\"https:\/\/idckohtao.com\/es\/pro-level-courses\/sidemount-instructor-specialty\/\" \/>\n<meta property=\"og:site_name\" content=\"IDC Koh Tao\" \/>\n<meta property=\"article:publisher\" content=\"https:\/\/www.facebook.com\/GoProIDCKohTao\" \/>\n<meta property=\"article:modified_time\" content=\"2026-01-01T09:36:36+00:00\" \/>\n<meta property=\"og:image\" content=\"https:\/\/idckohtao.com\/wp-content\/uploads\/2023\/09\/idckohtao.com-sidemount-diving-courses-in-thailand.jpeg\" \/>\n\t<meta property=\"og:image:width\" content=\"1200\" \/>\n\t<meta property=\"og:image:height\" content=\"900\" \/>\n\t<meta property=\"og:image:type\" content=\"image\/jpeg\" \/>\n<meta name=\"twitter:card\" content=\"summary_large_image\" \/>\n<meta name=\"twitter:title\" content=\"Instructor de Especialidad PADI Sidemount | IDC Koh Tao\" \/>\n<meta name=\"twitter:description\" content=\"Como Instructor de especialidad PADI Sidemount, ense\u2013ar\u2021 a sus alumnos buceadores c\u2014mo concentrarse m\u2021s en sus destrezas, eficiencia de patadas y habilidades de flotabilidad neutra\" \/>\n<meta name=\"twitter:site\" content=\"@GoProIDCKohTao\" \/>\n<!-- \/ Yoast SEO Premium plugin. -->","yoast_head_json":{"title":"Instructor de Especialidad PADI Sidemount | IDC Koh Tao","description":"Como Instructor de especialidad PADI Sidemount, ense\u2013ar\u2021 a sus alumnos buceadores c\u2014mo concentrarse m\u2021s en sus destrezas, eficiencia de patadas y habilidades de flotabilidad neutra","robots":{"index":"index","follow":"follow","max-snippet":"max-snippet:-1","max-image-preview":"max-image-preview:large","max-video-preview":"max-video-preview:-1"},"canonical":"https:\/\/idckohtao.com\/es\/pro-level-courses\/sidemount-instructor-specialty\/","og_locale":"es_ES","og_type":"article","og_title":"Instructor de Especialidad PADI Sidemount | IDC Koh Tao","og_description":"Como Instructor de especialidad PADI Sidemount, ense\u2013ar\u2021 a sus alumnos buceadores c\u2014mo concentrarse m\u2021s en sus destrezas, eficiencia de patadas y habilidades de flotabilidad neutra","og_url":"https:\/\/idckohtao.com\/es\/pro-level-courses\/sidemount-instructor-specialty\/","og_site_name":"IDC Koh Tao","article_publisher":"https:\/\/www.facebook.com\/GoProIDCKohTao","article_modified_time":"2026-01-01T09:36:36+00:00","og_image":[{"width":1200,"height":900,"url":"https:\/\/idckohtao.com\/wp-content\/uploads\/2023\/09\/idckohtao.com-sidemount-diving-courses-in-thailand.jpeg","type":"image\/jpeg"}],"twitter_card":"summary_large_image","twitter_title":"Instructor de Especialidad PADI Sidemount | IDC Koh Tao","twitter_description":"Como Instructor de especialidad PADI Sidemount, ense\u2013ar\u2021 a sus alumnos buceadores c\u2014mo concentrarse m\u2021s en sus destrezas, eficiencia de patadas y habilidades de flotabilidad neutra","twitter_site":"@GoProIDCKohTao","schema":{"@context":"https:\/\/schema.org","@graph":[{"@type":"NewsArticle","@id":"https:\/\/idckohtao.com\/es\/pro-level-courses\/sidemount-instructor-specialty\/#article","isPartOf":{"@id":"https:\/\/idckohtao.com\/es\/pro-level-courses\/sidemount-instructor-specialty\/"},"author":{"name":"ojasya","@id":"https:\/\/idckohtao.com\/es\/#\/schema\/person\/d08d557cbfdbc171f824052dae697b02"},"headline":"Especialidad De Sidemount","datePublished":"2023-08-10T08:39:18+00:00","dateModified":"2026-01-01T09:36:36+00:00","mainEntityOfPage":{"@id":"https:\/\/idckohtao.com\/es\/pro-level-courses\/sidemount-instructor-specialty\/"},"wordCount":689,"publisher":{"@id":"https:\/\/idckohtao.com\/es\/#organization"},"image":{"@id":"https:\/\/idckohtao.com\/es\/pro-level-courses\/sidemount-instructor-specialty\/#primaryimage"},"thumbnailUrl":"https:\/\/idckohtao.com\/wp-content\/uploads\/2023\/09\/idckohtao.com-sidemount-diving-courses-in-thailand.jpeg","inLanguage":"es"},{"@type":"WebPage","@id":"https:\/\/idckohtao.com\/es\/pro-level-courses\/sidemount-instructor-specialty\/","url":"https:\/\/idckohtao.com\/es\/pro-level-courses\/sidemount-instructor-specialty\/","name":"Instructor de Especialidad PADI Sidemount | IDC Koh Tao","isPartOf":{"@id":"https:\/\/idckohtao.com\/es\/#website"},"primaryImageOfPage":{"@id":"https:\/\/idckohtao.com\/es\/pro-level-courses\/sidemount-instructor-specialty\/#primaryimage"},"image":{"@id":"https:\/\/idckohtao.com\/es\/pro-level-courses\/sidemount-instructor-specialty\/#primaryimage"},"thumbnailUrl":"https:\/\/idckohtao.com\/wp-content\/uploads\/2023\/09\/idckohtao.com-sidemount-diving-courses-in-thailand.jpeg","datePublished":"2023-08-10T08:39:18+00:00","dateModified":"2026-01-01T09:36:36+00:00","description":"Como Instructor de especialidad PADI Sidemount, ense\u2013ar\u2021 a sus alumnos buceadores c\u2014mo concentrarse m\u2021s en sus destrezas, eficiencia de patadas y habilidades de flotabilidad neutra","breadcrumb":{"@id":"https:\/\/idckohtao.com\/es\/pro-level-courses\/sidemount-instructor-specialty\/#breadcrumb"},"inLanguage":"es","potentialAction":[{"@type":"ReadAction","target":["https:\/\/idckohtao.com\/es\/pro-level-courses\/sidemount-instructor-specialty\/"]}]},{"@type":"ImageObject","inLanguage":"es","@id":"https:\/\/idckohtao.com\/es\/pro-level-courses\/sidemount-instructor-specialty\/#primaryimage","url":"https:\/\/idckohtao.com\/wp-content\/uploads\/2023\/09\/idckohtao.com-sidemount-diving-courses-in-thailand.jpeg","contentUrl":"https:\/\/idckohtao.com\/wp-content\/uploads\/2023\/09\/idckohtao.com-sidemount-diving-courses-in-thailand.jpeg","width":1200,"height":900,"caption":"PADI Sidemount Specialty Instructor Course in Thailand"},{"@type":"BreadcrumbList","@id":"https:\/\/idckohtao.com\/es\/pro-level-courses\/sidemount-instructor-specialty\/#breadcrumb","itemListElement":[{"@type":"ListItem","position":1,"name":"Home","item":"https:\/\/idckohtao.com\/es\/"},{"@type":"ListItem","position":2,"name":"Pro level","item":"https:\/\/idckohtao.com\/es\/pro-level-courses\/"},{"@type":"ListItem","position":3,"name":"Especialidad De Sidemount"}]},{"@type":"WebSite","@id":"https:\/\/idckohtao.com\/es\/#website","url":"https:\/\/idckohtao.com\/es\/","name":"IDC Koh Tao","description":"PADI IDC 5 Star Diving Center in Koh Tao - Thailand","publisher":{"@id":"https:\/\/idckohtao.com\/es\/#organization"},"alternateName":"IDC Koh Tao in Thailand","potentialAction":[{"@type":"SearchAction","target":{"@type":"EntryPoint","urlTemplate":"https:\/\/idckohtao.com\/es\/?s={search_term_string}"},"query-input":{"@type":"PropertyValueSpecification","valueRequired":true,"valueName":"search_term_string"}}],"inLanguage":"es"},{"@type":"Organization","@id":"https:\/\/idckohtao.com\/es\/#organization","name":"IDC Koh Tao","alternateName":"IDC Koh Tao | Divemaster & Diving Instructor","url":"https:\/\/idckohtao.com\/es\/","logo":{"@type":"ImageObject","inLanguage":"es","@id":"https:\/\/idckohtao.com\/es\/#\/schema\/logo\/image\/","url":"https:\/\/idckohtao.com\/wp-content\/uploads\/2023\/09\/idckohtao.com-padi-diving-center-in-koh-tao-thailand.png","contentUrl":"https:\/\/idckohtao.com\/wp-content\/uploads\/2023\/09\/idckohtao.com-padi-diving-center-in-koh-tao-thailand.png","width":400,"height":300,"caption":"IDC Koh Tao"},"image":{"@id":"https:\/\/idckohtao.com\/es\/#\/schema\/logo\/image\/"},"sameAs":["https:\/\/www.facebook.com\/GoProIDCKohTao","https:\/\/x.com\/GoProIDCKohTao","https:\/\/www.youtube.com\/idckohtao","https:\/\/www.instagram.com\/idc.kohtao\/"],"description":"IDC Koh Tao is a part of the Black Turtle Dive pro level training team with three PADI Course Directors being led by Award Winning PADI Course Director Matt Bolton. Our full range of pro and recreational PADI Diving Courses provides aspiring scuba divers with education, fun, excitement, adventure, and a change of lifestyle or an opportunity to pursue a new career.","email":"info@idckohtao.com","legalName":"IDC Koh Tao","foundingDate":"2004-01-04","numberOfEmployees":{"@type":"QuantitativeValue","minValue":"1","maxValue":"10"},"correctionsPolicy":"https:\/\/idckohtao.com\/privacy-policy\/","ethicsPolicy":"https:\/\/idckohtao.com\/terms\/"},{"@type":"Person","@id":"https:\/\/idckohtao.com\/es\/#\/schema\/person\/d08d557cbfdbc171f824052dae697b02","name":"ojasya","image":{"@type":"ImageObject","inLanguage":"es","@id":"https:\/\/secure.gravatar.com\/avatar\/6fb34e36d09053a6545fc21d344613321bb1933f185132488f38052166f5a001?s=96&d=mm&r=g","url":"https:\/\/secure.gravatar.com\/avatar\/6fb34e36d09053a6545fc21d344613321bb1933f185132488f38052166f5a001?s=96&d=mm&r=g","contentUrl":"https:\/\/secure.gravatar.com\/avatar\/6fb34e36d09053a6545fc21d344613321bb1933f185132488f38052166f5a001?s=96&d=mm&r=g","caption":"ojasya"},"sameAs":["https:\/\/idckohtao.com"],"url":"https:\/\/idckohtao.com\/es\/blog\/author\/ojasya\/"}]}},"_links":{"self":[{"href":"https:\/\/idckohtao.com\/es\/wp-json\/wp\/v2\/pages\/3309","targetHints":{"allow":["GET"]}}],"collection":[{"href":"https:\/\/idckohtao.com\/es\/wp-json\/wp\/v2\/pages"}],"about":[{"href":"https:\/\/idckohtao.com\/es\/wp-json\/wp\/v2\/types\/page"}],"author":[{"embeddable":true,"href":"https:\/\/idckohtao.com\/es\/wp-json\/wp\/v2\/users\/1"}],"replies":[{"embeddable":true,"href":"https:\/\/idckohtao.com\/es\/wp-json\/wp\/v2\/comments?post=3309"}],"version-history":[{"count":2,"href":"https:\/\/idckohtao.com\/es\/wp-json\/wp\/v2\/pages\/3309\/revisions"}],"predecessor-version":[{"id":7576,"href":"https:\/\/idckohtao.com\/es\/wp-json\/wp\/v2\/pages\/3309\/revisions\/7576"}],"up":[{"embeddable":true,"href":"https:\/\/idckohtao.com\/es\/wp-json\/wp\/v2\/pages\/7936"}],"wp:featuredmedia":[{"embeddable":true,"href":"https:\/\/idckohtao.com\/es\/wp-json\/wp\/v2\/media\/4614"}],"wp:attachment":[{"href":"https:\/\/idckohtao.com\/es\/wp-json\/wp\/v2\/media?parent=3309"}],"curies":[{"name":"wp","href":"https:\/\/api.w.org\/{rel}","templated":true}]}}