{"id":3313,"date":"2023-08-11T08:48:34","date_gmt":"2023-08-11T08:48:34","guid":{"rendered":"https:\/\/idckohtao.com\/underwater-naturalist-instructor-specialty\/"},"modified":"2026-01-01T09:48:06","modified_gmt":"2026-01-01T09:48:06","slug":"underwater-naturalist-instructor-specialty","status":"publish","type":"page","link":"https:\/\/idckohtao.com\/es\/pro-level-courses\/underwater-naturalist-instructor-specialty\/","title":{"rendered":"Underwater Naturalist Instructor Specialty"},"content":{"rendered":"<div class=\"wpb-content-wrapper\"><p>[vc_row][vc_column][vc_column_text]<\/p>\n<h2>MSDT \u2022 Curso de Instructor de especialidad PADI, Koh Tao, Tailandia<\/h2>\n<p>\u00bfLe gustar\u00eda ense\u00f1ar a sus estudiantes m\u00e1s sobre el ecosistema marino y asegu-rarse de poder responder todas sus preguntas sobre temas como los diferentes grupos de vida acu\u00e1tica y c\u00f3mo interact\u00faan entre s\u00ed?<\/p>\n<p>\u00bfTe gustar\u00eda tener el conocimiento para asegurarte de que los buceadores de tus estudiantes realmente entiendan lo que observan en el ambiente submarino?<\/p>\n<p><b>Diversidad de vida alrededor de Koh Tao<\/b><\/p>\n<p>Koh Tao cuenta con una gran variedad de vida marina y tiene una variedad de sitios de buceo desde arrecifes poco profundos hasta pin\u00e1culos de granito profundo. Hay muchos sitios de buceo ideales para que usted conduzca esta popular Especialidad PADI.<\/p>\n<p>El curso PADI Underwater Naturalist Specialty se puede programar a lo largo de 1 d\u00eda. Ense\u00f1ar\u00e1 a sus alumnos c\u00f3mo ver los ecosistemas acu\u00e1ticos de manera objetiva y les ayudar\u00e1 a comprender las interacciones y relaciones complejas entre los organismos marinos.<\/p>\n<p>El curso de especialidad PADI Underwater Naturalist requiere que sus estudiantes identifiquen 2 tipos de plantas acu\u00e1ticas, 4 tipos de vertebrados y 4 tipos de invertebrados, as\u00ed como tambi\u00e9n localicen e identifiquen varias interrelaciones que demuestren simbiosis.<\/p>\n<p><img decoding=\"async\" class=\"alignnone wp-image-994 size-large\" src=\"https:\/\/idckohtao.com\/wp-content\/uploads\/2023\/08\/idckohtao.com-padi-underwater-naturalist-instructor-specialty-kohtao-1-1-1024x640.jpg\" alt=\"idckohtao.com-padi-underwater-naturalist-instructor-specialty-kohtao-1\" width=\"1024\" height=\"640\" srcset=\"https:\/\/idckohtao.com\/wp-content\/uploads\/2023\/08\/idckohtao.com-padi-underwater-naturalist-instructor-specialty-kohtao-1-1-1024x640.jpg 1024w, https:\/\/idckohtao.com\/wp-content\/uploads\/2023\/08\/idckohtao.com-padi-underwater-naturalist-instructor-specialty-kohtao-1-1-300x188.jpg 300w, https:\/\/idckohtao.com\/wp-content\/uploads\/2023\/08\/idckohtao.com-padi-underwater-naturalist-instructor-specialty-kohtao-1-1-768x480.jpg 768w, https:\/\/idckohtao.com\/wp-content\/uploads\/2023\/08\/idckohtao.com-padi-underwater-naturalist-instructor-specialty-kohtao-1-1.jpg 1080w\" sizes=\"(max-width: 1024px) 100vw, 1024px\" \/><\/p>\n<p>A lo largo del curso, analizar\u00e1 los signos de los efectos humanos en el medio am-biente y ense\u00f1ar\u00e1 a sus alumnos c\u00f3mo demostrar interacciones pasivas y respon-sables m\u00ednimas y las t\u00e9cnicas de buceo necesarias que les permitir\u00e1n hacerlo.<\/p>\n<p><b>\u00bfQui\u00e9n puede inscribirse en el curso Curso de Instructor Especialista Naturalista Subacu\u00e1tico PADI?<\/b><\/p>\n<p>Un renovado\u00a0<strong><a href=\"https:\/\/idckohtao.com\/es\/pro-level-courses\/padi-instructor-development-course\/\">PADI Open Water Scuba Instructor (OWSI)<\/a><\/strong><\/p>\n<p>Nota: Los candidatos de IDC \/ OWSI pueden participar en el curso de capacitaci\u00f3n para Instructores Especialista Naturalista Subacu\u00e1tico PADI, pero solo pueden soli-citar la certificaci\u00f3n de Instructores Especializados despu\u00e9s de aprobar un IE.<\/p>\n<p>Los Instructores Especialistas Naturalistas Subacu\u00e1ticos deben tener un m\u00ednimo de 10 inmersiones Naturalista Subacuaticio antes de la certificaci\u00f3n. Este es un requisito para salir del curso y las inmersiones se pueden completar despu\u00e9s del curso de capacitaci\u00f3n para instructores.<\/p>\n<p><b>\u00bfQue aprender\u00e1s?<\/b><\/p>\n<p>Participar\u00e1s en las siguientes sesiones:<\/p>\n<ul>\n<li>Presente y sea evaluado en una presentaci\u00f3n prescriptiva de la revisi\u00f3n de conocimientos de Underwater Naturalist Specialty<\/li>\n<li>PADI Underwater Naturalist Specialty, normas, procedimientos y el plan de estudios.<\/li>\n<li>C\u00f3mo organizar, llevar a cabo y comercializar el curso de especialidad PADI Underwater Naturalist Naturalist<\/li>\n<li>Sesi\u00f3n de entrenamiento en aguas abiertas: en la que aprender\u00e1 a demostrar, ejecutar y evaluar las habilidades a nivel de los estudiantes del curso de especialidad PADI Underwater Naturalist.<\/li>\n<\/ul>\n<p><img decoding=\"async\" class=\"alignnone wp-image-995 size-large\" src=\"https:\/\/idckohtao.com\/wp-content\/uploads\/2023\/08\/idckohtao.com-padi-underwater-naturalist-instructor-specialty-1024x688.jpg\" alt=\"idckohtao.com-padi-underwater-naturalist-instructor-specialty\" width=\"1024\" height=\"688\" srcset=\"https:\/\/idckohtao.com\/wp-content\/uploads\/2023\/08\/idckohtao.com-padi-underwater-naturalist-instructor-specialty-1024x688.jpg 1024w, https:\/\/idckohtao.com\/wp-content\/uploads\/2023\/08\/idckohtao.com-padi-underwater-naturalist-instructor-specialty-300x202.jpg 300w, https:\/\/idckohtao.com\/wp-content\/uploads\/2023\/08\/idckohtao.com-padi-underwater-naturalist-instructor-specialty-768x516.jpg 768w, https:\/\/idckohtao.com\/wp-content\/uploads\/2023\/08\/idckohtao.com-padi-underwater-naturalist-instructor-specialty.jpg 1080w\" sizes=\"(max-width: 1024px) 100vw, 1024px\" \/><\/p>\n<p>Completar\u00e1 la inmersi\u00f3n de entrenamiento en aguas abiertas en uno de los varios sitios de buceo locales adecuados para esta capacitaci\u00f3n.<\/p>\n<p>Como Instructor de Especialidades en Naturalismo Subacu\u00e1tico de PADI, est\u00e1 cer-tificado para ense\u00f1ar de forma independiente el <strong>Curso de Especialidad de Natura-lismo Subacu\u00e1tico PADI<\/strong>[\/vc_column_text]<div class=\"text-left\"><div class=\"bt-course-price\"><h4>Precio del curso: 4,000 THB<\/h4><a href=\"https:\/\/idckohtao.com\/es\/packages-prices\" class=\"button\">RESERVA AHORA<\/a><\/div><\/div>[vc_column_text css=\u00bb\u00bb]<b>Materiales PADI:<\/b><\/p>\n<p><i>Por favor traiga su Manual PADI Specialty Course Instructor. Que Recibi\u00f3 como parte del paquete IDC Crew Pack durante su IDC.<\/i><\/p>\n<p>Adem\u00e1s, tambi\u00e9n necesitar\u00e1 una copia del Manual del instructor de PADI. A partir de 2010, el manual del instructor est\u00e1 disponible como descarga gratuita para to-dos los miembros de PADI que se renueven <a href=\"https:\/\/www.padi.com\/mypadi\/\" target=\"_blank\" rel=\"noopener\">www.padi.com\/mypadi<\/a><\/p>\n<p><b>TAXAS PADI \u00a0<\/b><\/p>\n<p>PADI Underwater Naturalist Specialty Instructor Cargo de solicitud:\u00a0<b>AUD$ 145<\/b><\/p>\n<p>[\/vc_column_text][\/vc_column][\/vc_row]<\/p>\n<\/div>","protected":false},"excerpt":{"rendered":"<p>[vc_row][vc_column][vc_column_text] MSDT \u2022 Curso de Instructor de especialidad PADI, Koh Tao, Tailandia \u00bfLe gustar\u00eda ense\u00f1ar a sus estudiantes m\u00e1s sobre el ecosistema marino y asegu-rarse de poder responder todas sus preguntas sobre temas como los diferentes grupos de vida acu\u00e1tica y c\u00f3mo interact\u00faan entre s\u00ed? \u00bfTe gustar\u00eda tener el conocimiento para asegurarte de que los [&hellip;]<\/p>\n","protected":false},"author":1,"featured_media":5231,"parent":7936,"menu_order":0,"comment_status":"closed","ping_status":"closed","template":"","meta":{"_acf_changed":false,"footnotes":""},"class_list":["post-3313","page","type-page","status-publish","has-post-thumbnail","hentry"],"acf":[],"yoast_head":"<!-- This site is optimized with the Yoast SEO Premium plugin v27.5 (Yoast SEO v27.5) - https:\/\/yoast.com\/product\/yoast-seo-premium-wordpress\/ -->\n<title>PADI Instructor Especializado Naturalista Subacuaticio<\/title>\n<meta name=\"description\" content=\"Nuestro curso de instructor de especialidad naturalista subacu\u00e1tico PADI en Koh Tao lo certifica como instructor especializado para ense\u00f1ar a los estudiantes sobre el ambiente subacu\u00e1tico\" \/>\n<meta name=\"robots\" content=\"index, follow, max-snippet:-1, max-image-preview:large, max-video-preview:-1\" \/>\n<link rel=\"canonical\" href=\"https:\/\/idckohtao.com\/es\/pro-level-courses\/underwater-naturalist-instructor-specialty\/\" \/>\n<meta property=\"og:locale\" content=\"es_ES\" \/>\n<meta property=\"og:type\" content=\"article\" \/>\n<meta property=\"og:title\" content=\"IDC Koh Tao | PADI Instructor Especializado Naturalista Subacuaticio\" \/>\n<meta property=\"og:description\" content=\"Nuestro curso de instructor de especialidad naturalista subacu\u00e1tico PADI en Koh Tao lo certifica como instructor especializado para ense\u00f1ar a los estudiantes sobre el ambiente subacu\u00e1tico\" \/>\n<meta property=\"og:url\" content=\"https:\/\/idckohtao.com\/es\/pro-level-courses\/underwater-naturalist-instructor-specialty\/\" \/>\n<meta property=\"og:site_name\" content=\"IDC Koh Tao\" \/>\n<meta property=\"article:publisher\" content=\"https:\/\/www.facebook.com\/GoProIDCKohTao\" \/>\n<meta property=\"article:modified_time\" content=\"2026-01-01T09:48:06+00:00\" \/>\n<meta property=\"og:image\" content=\"https:\/\/idckohtao.com\/wp-content\/uploads\/2023\/09\/idckohtao.com-underwater-naturalist-instructor-course-in-koh-tao-thailand.jpeg\" \/>\n\t<meta property=\"og:image:width\" content=\"1200\" \/>\n\t<meta property=\"og:image:height\" content=\"774\" \/>\n\t<meta property=\"og:image:type\" content=\"image\/jpeg\" \/>\n<meta name=\"twitter:card\" content=\"summary_large_image\" \/>\n<meta name=\"twitter:title\" content=\"IDC Koh Tao | PADI Instructor Especializado Naturalista Subacuaticio\" \/>\n<meta name=\"twitter:description\" content=\"Nuestro curso de instructor de especialidad naturalista subacu\u00e1tico PADI en Koh Tao lo certifica como instructor especializado para ense\u00f1ar a los estudiantes sobre el ambiente subacu\u00e1tico\" \/>\n<meta name=\"twitter:site\" content=\"@GoProIDCKohTao\" \/>\n<!-- \/ Yoast SEO Premium plugin. -->","yoast_head_json":{"title":"PADI Instructor Especializado Naturalista Subacuaticio","description":"Nuestro curso de instructor de especialidad naturalista subacu\u00e1tico PADI en Koh Tao lo certifica como instructor especializado para ense\u00f1ar a los estudiantes sobre el ambiente subacu\u00e1tico","robots":{"index":"index","follow":"follow","max-snippet":"max-snippet:-1","max-image-preview":"max-image-preview:large","max-video-preview":"max-video-preview:-1"},"canonical":"https:\/\/idckohtao.com\/es\/pro-level-courses\/underwater-naturalist-instructor-specialty\/","og_locale":"es_ES","og_type":"article","og_title":"IDC Koh Tao | PADI Instructor Especializado Naturalista Subacuaticio","og_description":"Nuestro curso de instructor de especialidad naturalista subacu\u00e1tico PADI en Koh Tao lo certifica como instructor especializado para ense\u00f1ar a los estudiantes sobre el ambiente subacu\u00e1tico","og_url":"https:\/\/idckohtao.com\/es\/pro-level-courses\/underwater-naturalist-instructor-specialty\/","og_site_name":"IDC Koh Tao","article_publisher":"https:\/\/www.facebook.com\/GoProIDCKohTao","article_modified_time":"2026-01-01T09:48:06+00:00","og_image":[{"width":1200,"height":774,"url":"https:\/\/idckohtao.com\/wp-content\/uploads\/2023\/09\/idckohtao.com-underwater-naturalist-instructor-course-in-koh-tao-thailand.jpeg","type":"image\/jpeg"}],"twitter_card":"summary_large_image","twitter_title":"IDC Koh Tao | PADI Instructor Especializado Naturalista Subacuaticio","twitter_description":"Nuestro curso de instructor de especialidad naturalista subacu\u00e1tico PADI en Koh Tao lo certifica como instructor especializado para ense\u00f1ar a los estudiantes sobre el ambiente subacu\u00e1tico","twitter_site":"@GoProIDCKohTao","schema":{"@context":"https:\/\/schema.org","@graph":[{"@type":"NewsArticle","@id":"https:\/\/idckohtao.com\/es\/pro-level-courses\/underwater-naturalist-instructor-specialty\/#article","isPartOf":{"@id":"https:\/\/idckohtao.com\/es\/pro-level-courses\/underwater-naturalist-instructor-specialty\/"},"author":{"name":"ojasya","@id":"https:\/\/idckohtao.com\/es\/#\/schema\/person\/d08d557cbfdbc171f824052dae697b02"},"headline":"Underwater Naturalist Instructor Specialty","datePublished":"2023-08-11T08:48:34+00:00","dateModified":"2026-01-01T09:48:06+00:00","mainEntityOfPage":{"@id":"https:\/\/idckohtao.com\/es\/pro-level-courses\/underwater-naturalist-instructor-specialty\/"},"wordCount":587,"publisher":{"@id":"https:\/\/idckohtao.com\/es\/#organization"},"image":{"@id":"https:\/\/idckohtao.com\/es\/pro-level-courses\/underwater-naturalist-instructor-specialty\/#primaryimage"},"thumbnailUrl":"https:\/\/idckohtao.com\/wp-content\/uploads\/2023\/09\/idckohtao.com-underwater-naturalist-instructor-course-in-koh-tao-thailand.jpeg","inLanguage":"es"},{"@type":"WebPage","@id":"https:\/\/idckohtao.com\/es\/pro-level-courses\/underwater-naturalist-instructor-specialty\/","url":"https:\/\/idckohtao.com\/es\/pro-level-courses\/underwater-naturalist-instructor-specialty\/","name":"PADI Instructor Especializado Naturalista Subacuaticio","isPartOf":{"@id":"https:\/\/idckohtao.com\/es\/#website"},"primaryImageOfPage":{"@id":"https:\/\/idckohtao.com\/es\/pro-level-courses\/underwater-naturalist-instructor-specialty\/#primaryimage"},"image":{"@id":"https:\/\/idckohtao.com\/es\/pro-level-courses\/underwater-naturalist-instructor-specialty\/#primaryimage"},"thumbnailUrl":"https:\/\/idckohtao.com\/wp-content\/uploads\/2023\/09\/idckohtao.com-underwater-naturalist-instructor-course-in-koh-tao-thailand.jpeg","datePublished":"2023-08-11T08:48:34+00:00","dateModified":"2026-01-01T09:48:06+00:00","description":"Nuestro curso de instructor de especialidad naturalista subacu\u00e1tico PADI en Koh Tao lo certifica como instructor especializado para ense\u00f1ar a los estudiantes sobre el ambiente subacu\u00e1tico","breadcrumb":{"@id":"https:\/\/idckohtao.com\/es\/pro-level-courses\/underwater-naturalist-instructor-specialty\/#breadcrumb"},"inLanguage":"es","potentialAction":[{"@type":"ReadAction","target":["https:\/\/idckohtao.com\/es\/pro-level-courses\/underwater-naturalist-instructor-specialty\/"]}]},{"@type":"ImageObject","inLanguage":"es","@id":"https:\/\/idckohtao.com\/es\/pro-level-courses\/underwater-naturalist-instructor-specialty\/#primaryimage","url":"https:\/\/idckohtao.com\/wp-content\/uploads\/2023\/09\/idckohtao.com-underwater-naturalist-instructor-course-in-koh-tao-thailand.jpeg","contentUrl":"https:\/\/idckohtao.com\/wp-content\/uploads\/2023\/09\/idckohtao.com-underwater-naturalist-instructor-course-in-koh-tao-thailand.jpeg","width":1200,"height":774,"caption":"Underwater Naturalist Instructor course in Koh Tao Thailand"},{"@type":"BreadcrumbList","@id":"https:\/\/idckohtao.com\/es\/pro-level-courses\/underwater-naturalist-instructor-specialty\/#breadcrumb","itemListElement":[{"@type":"ListItem","position":1,"name":"Home","item":"https:\/\/idckohtao.com\/es\/"},{"@type":"ListItem","position":2,"name":"Pro level","item":"https:\/\/idckohtao.com\/es\/pro-level-courses\/"},{"@type":"ListItem","position":3,"name":"Underwater Naturalist Instructor Specialty"}]},{"@type":"WebSite","@id":"https:\/\/idckohtao.com\/es\/#website","url":"https:\/\/idckohtao.com\/es\/","name":"IDC Koh Tao","description":"PADI IDC 5 Star Diving Center in Koh Tao - Thailand","publisher":{"@id":"https:\/\/idckohtao.com\/es\/#organization"},"alternateName":"IDC Koh Tao in Thailand","potentialAction":[{"@type":"SearchAction","target":{"@type":"EntryPoint","urlTemplate":"https:\/\/idckohtao.com\/es\/?s={search_term_string}"},"query-input":{"@type":"PropertyValueSpecification","valueRequired":true,"valueName":"search_term_string"}}],"inLanguage":"es"},{"@type":"Organization","@id":"https:\/\/idckohtao.com\/es\/#organization","name":"IDC Koh Tao","alternateName":"IDC Koh Tao | Divemaster & Diving Instructor","url":"https:\/\/idckohtao.com\/es\/","logo":{"@type":"ImageObject","inLanguage":"es","@id":"https:\/\/idckohtao.com\/es\/#\/schema\/logo\/image\/","url":"https:\/\/idckohtao.com\/wp-content\/uploads\/2023\/09\/idckohtao.com-padi-diving-center-in-koh-tao-thailand.png","contentUrl":"https:\/\/idckohtao.com\/wp-content\/uploads\/2023\/09\/idckohtao.com-padi-diving-center-in-koh-tao-thailand.png","width":400,"height":300,"caption":"IDC Koh Tao"},"image":{"@id":"https:\/\/idckohtao.com\/es\/#\/schema\/logo\/image\/"},"sameAs":["https:\/\/www.facebook.com\/GoProIDCKohTao","https:\/\/x.com\/GoProIDCKohTao","https:\/\/www.youtube.com\/idckohtao","https:\/\/www.instagram.com\/idc.kohtao\/"],"description":"IDC Koh Tao is a part of the Black Turtle Dive pro level training team with three PADI Course Directors being led by Award Winning PADI Course Director Matt Bolton. Our full range of pro and recreational PADI Diving Courses provides aspiring scuba divers with education, fun, excitement, adventure, and a change of lifestyle or an opportunity to pursue a new career.","email":"info@idckohtao.com","legalName":"IDC Koh Tao","foundingDate":"2004-01-04","numberOfEmployees":{"@type":"QuantitativeValue","minValue":"1","maxValue":"10"},"correctionsPolicy":"https:\/\/idckohtao.com\/privacy-policy\/","ethicsPolicy":"https:\/\/idckohtao.com\/terms\/"},{"@type":"Person","@id":"https:\/\/idckohtao.com\/es\/#\/schema\/person\/d08d557cbfdbc171f824052dae697b02","name":"ojasya","image":{"@type":"ImageObject","inLanguage":"es","@id":"https:\/\/secure.gravatar.com\/avatar\/6fb34e36d09053a6545fc21d344613321bb1933f185132488f38052166f5a001?s=96&d=mm&r=g","url":"https:\/\/secure.gravatar.com\/avatar\/6fb34e36d09053a6545fc21d344613321bb1933f185132488f38052166f5a001?s=96&d=mm&r=g","contentUrl":"https:\/\/secure.gravatar.com\/avatar\/6fb34e36d09053a6545fc21d344613321bb1933f185132488f38052166f5a001?s=96&d=mm&r=g","caption":"ojasya"},"sameAs":["https:\/\/idckohtao.com"],"url":"https:\/\/idckohtao.com\/es\/blog\/author\/ojasya\/"}]}},"_links":{"self":[{"href":"https:\/\/idckohtao.com\/es\/wp-json\/wp\/v2\/pages\/3313","targetHints":{"allow":["GET"]}}],"collection":[{"href":"https:\/\/idckohtao.com\/es\/wp-json\/wp\/v2\/pages"}],"about":[{"href":"https:\/\/idckohtao.com\/es\/wp-json\/wp\/v2\/types\/page"}],"author":[{"embeddable":true,"href":"https:\/\/idckohtao.com\/es\/wp-json\/wp\/v2\/users\/1"}],"replies":[{"embeddable":true,"href":"https:\/\/idckohtao.com\/es\/wp-json\/wp\/v2\/comments?post=3313"}],"version-history":[{"count":2,"href":"https:\/\/idckohtao.com\/es\/wp-json\/wp\/v2\/pages\/3313\/revisions"}],"predecessor-version":[{"id":7584,"href":"https:\/\/idckohtao.com\/es\/wp-json\/wp\/v2\/pages\/3313\/revisions\/7584"}],"up":[{"embeddable":true,"href":"https:\/\/idckohtao.com\/es\/wp-json\/wp\/v2\/pages\/7936"}],"wp:featuredmedia":[{"embeddable":true,"href":"https:\/\/idckohtao.com\/es\/wp-json\/wp\/v2\/media\/5231"}],"wp:attachment":[{"href":"https:\/\/idckohtao.com\/es\/wp-json\/wp\/v2\/media?parent=3313"}],"curies":[{"name":"wp","href":"https:\/\/api.w.org\/{rel}","templated":true}]}}