{"id":3316,"date":"2023-08-11T06:22:21","date_gmt":"2023-08-11T06:22:21","guid":{"rendered":"https:\/\/idckohtao.com\/underwater-navigation-instructor-specialty\/"},"modified":"2026-01-01T09:40:28","modified_gmt":"2026-01-01T09:40:28","slug":"underwater-navigation-instructor-specialty","status":"publish","type":"page","link":"https:\/\/idckohtao.com\/es\/pro-level-courses\/underwater-navigation-instructor-specialty\/","title":{"rendered":"Underwater Navigation Instructor Specialty"},"content":{"rendered":"<div class=\"wpb-content-wrapper\"><p>[vc_row][vc_column][vc_column_text css=\u00bb\u00bb]<\/p>\n<h2>Curso de Instructor PADI de especialidad en Koh Tao<\/h2>\n<p>Hay dos preocupaciones por las que los entusiastas y los inexpertos submarinistas se obsesionan m\u00e1s que con cualquier otra cosa. Cu\u00e1nto aire estan usando, y se pierden, o m\u00e1s exactamente, si podran encontrar su camino bajo el agua.<\/p>\n<p>Como Instructor PADI OWSI que ha completado con \u00e9xito el proceso de IDC \/ IE, ya est\u00e1 certificado para impartir el curso de especialidad Peak Performance Buoyancy, que le permite abordar una de las inquietudes m\u00e1s comunes que sus buceadores le preguntar\u00e1n a trav\u00e9s del entrenamiento.<\/p>\n<p>Entonces, \u00bfpor qu\u00e9 no ponerse al d\u00eda con la ense\u00f1anza de la navegaci\u00f3n submarina? De esta manera, puede mostrar a sus alumnos el camino correcto, ayudarlos a afinar sus habilidades de observaci\u00f3n y ense\u00f1arles a usar su br\u00fajula de forma m\u00e1s precisa bajo el agua.<\/p>\n<p>Como instructor de especialidad de navegaci\u00f3n subacu\u00e1tica, podr\u00e1 ense\u00f1ar a sus alumnos c\u00f3mo estimar la distancia bajo el agua, utilizar referencias naturales para orientarse en el sitio de buceo, navegar realizando patrones con m\u00faltiples giros y ense\u00f1arles c\u00f3mo mapear un sitio de buceo.<\/p>\n<p><b>Navegando alrededor de Koh Tao<\/b><\/p>\n<p>Koh Tao cuenta con una amplia variedad de sitios de buceo poco profundos, ideal para entrenar a buceadores c\u00f3mo navegar bajo el agua. Una variedad de sitios que ofrecen fondos arenosos, arrecifes con muchos puntos de referencia naturales y sitios con una corriente suave, Koh Tao es perfecto para que un buzo aprenda y ajuste sus habilidades de navegaci\u00f3n subacu\u00e1tica.<\/p>\n<p><img decoding=\"async\" class=\"alignnone wp-image-935 size-large\" src=\"https:\/\/idckohtao.com\/wp-content\/uploads\/2023\/08\/idc-koh-tao-padi-specialties-navigation-msdt-skills-1-1024x768.jpg\" alt=\"idc-koh-tao-padi-specialties-navigation-msdt-skills\" width=\"1024\" height=\"768\" srcset=\"https:\/\/idckohtao.com\/wp-content\/uploads\/2023\/08\/idc-koh-tao-padi-specialties-navigation-msdt-skills-1-1024x768.jpg 1024w, https:\/\/idckohtao.com\/wp-content\/uploads\/2023\/08\/idc-koh-tao-padi-specialties-navigation-msdt-skills-1-300x225.jpg 300w, https:\/\/idckohtao.com\/wp-content\/uploads\/2023\/08\/idc-koh-tao-padi-specialties-navigation-msdt-skills-1-768x576.jpg 768w, https:\/\/idckohtao.com\/wp-content\/uploads\/2023\/08\/idc-koh-tao-padi-specialties-navigation-msdt-skills-1.jpg 1080w\" sizes=\"(max-width: 1024px) 100vw, 1024px\" \/><\/p>\n<p><b>\u00bfQui\u00e9n puede inscribirse en el curso de Instructor especializado en navegaci\u00f3n subacu\u00e1tica PADI?<\/b><\/p>\n<p>Un\u00a0<strong><a href=\"https:\/\/idckohtao.com\/es\/pro-level-courses\/padi-instructor-development-course\/\">PADI Open Water Scuba Instructor activo para la ense\u00f1anza (OWSI)<\/a><\/strong><\/p>\n<p>Nota: Los candidatos de IDC \/ OWSI pueden participar en el curso de capacitaci\u00f3n de Instructor de navegaci\u00f3n subacu\u00e1tica PADI, pero solo pueden solicitar la certificaci\u00f3n de Instructor especializado despu\u00e9s de aprobar un IE.<\/p>\n<p>Los instructores especializados en navegaci\u00f3n subacu\u00e1tica deben tener un m\u00ednimo de 10 inmersiones navegaci\u00f3n\u00a0antes de la certificaci\u00f3n. Este es un requisito para salir del curso y las inmersiones se pueden completar despu\u00e9s del curso de capacitaci\u00f3n para instructores.<\/p>\n<h2><b>\u00bfQue aprender\u00e1s?<\/b><\/h2>\n<p>Usted participar\u00e1 en las siguientes sesiones:<\/p>\n<ul>\n<li>Presentar y ser evaluado en una presentaci\u00f3n prescriptiva de la revisi\u00f3n de conocimiento de la Especialidad de Navegaci\u00f3n Submarina, Explicar una pregunta del manual y ser evaluado.<\/li>\n<li>Est\u00e1ndares, procedimientos y el curr\u00edculo de la Especialidad de Navegaci\u00f3n Submarina PADI<\/li>\n<li>C\u00f3mo organizar, dirigir y comercializar el curso de Especialidad de Navegaci\u00f3n Submarina PADI<\/li>\n<li>Sesiones de Desarrollo de habilidades en mar abierto \u2013 donde aprender\u00e1 a demostrar, ejecutar y evaluar las habilidades del curso de Especialidad de Navegaci\u00f3n Submarina PADI.<\/li>\n<\/ul>\n<p>Completar\u00e1 las inmersiones de entrenamiento de aguas abiertas en uno de los sitios de buceo locales adecuados para este tipo de entrenamiento.<\/p>\n<p>Como instructor de especialidad de navegaci\u00f3n subacu\u00e1tica PADI, est\u00e1 certificado para ense\u00f1ar de forma independiente el <strong>curso de especialidad de navegaci\u00f3n subacu\u00e1tica PADI<\/strong>.<\/p>\n<p><img decoding=\"async\" class=\"alignnone wp-image-934 size-large\" src=\"https:\/\/idckohtao.com\/wp-content\/uploads\/2023\/08\/idckohtao.com-open-water-presentations-navigation-1024x768.jpg\" alt=\"idckohtao.com-open-water-presentations-navigation\" width=\"1024\" height=\"768\" srcset=\"https:\/\/idckohtao.com\/wp-content\/uploads\/2023\/08\/idckohtao.com-open-water-presentations-navigation-1024x768.jpg 1024w, https:\/\/idckohtao.com\/wp-content\/uploads\/2023\/08\/idckohtao.com-open-water-presentations-navigation-300x225.jpg 300w, https:\/\/idckohtao.com\/wp-content\/uploads\/2023\/08\/idckohtao.com-open-water-presentations-navigation-768x576.jpg 768w, https:\/\/idckohtao.com\/wp-content\/uploads\/2023\/08\/idckohtao.com-open-water-presentations-navigation.jpg 1080w\" sizes=\"(max-width: 1024px) 100vw, 1024px\" \/><\/p>\n<h2 class=\"et_pb_module_header\">Precio del curso: 4,000 THB<\/h2>\n<p><b>Materiales PADI:<\/b><\/p>\n<p><i>Por favor traiga su Manual PADI Specialty Course Instructor. Que Recibi\u00f3 como parte del paquete IDC Crew Pack durante su IDC.<\/i><\/p>\n<p>Adem\u00e1s, tambi\u00e9n necesitar\u00e1 una copia del Manual del instructor PADI. del 2010, el manual del Instructor est\u00e1 disponible como descarga gratuita para todos los miembros PADI que se renueven desde <a href=\"https:\/\/www.padi.com\/mypadi\/\" target=\"_blank\" rel=\"noopener\">www.padi.com\/mypadi<\/a><\/p>\n<p><b>TAXAS PADI \u00a0<\/b><\/p>\n<p>Tarifa de solicitud PADI Underwater Navigation Specialty Instructor:\u00a0<b>AUD$ 145<\/b>[\/vc_column_text]<div class=\"text-left\"><div class=\"bt-course-price\"><h4>Precio del curso: 4,000 THB<\/h4><a href=\"https:\/\/idckohtao.com\/es\/packages-prices\" class=\"button\">RESERVA AHORA<\/a><\/div><\/div>[\/vc_column][\/vc_row]<\/p>\n<\/div>","protected":false},"excerpt":{"rendered":"<p>[vc_row][vc_column][vc_column_text css=\u00bb\u00bb] Curso de Instructor PADI de especialidad en Koh Tao Hay dos preocupaciones por las que los entusiastas y los inexpertos submarinistas se obsesionan m\u00e1s que con cualquier otra cosa. Cu\u00e1nto aire estan usando, y se pierden, o m\u00e1s exactamente, si podran encontrar su camino bajo el agua. Como Instructor PADI OWSI que ha [&hellip;]<\/p>\n","protected":false},"author":1,"featured_media":5239,"parent":7936,"menu_order":0,"comment_status":"closed","ping_status":"closed","template":"","meta":{"_acf_changed":false,"footnotes":""},"class_list":["post-3316","page","type-page","status-publish","has-post-thumbnail","hentry"],"acf":[],"yoast_head":"<!-- This site is optimized with the Yoast SEO Premium plugin v27.5 (Yoast SEO v27.5) - https:\/\/yoast.com\/product\/yoast-seo-premium-wordpress\/ -->\n<title>IDC Koh Tao | MSDT PADI Instructor Especializado En Navengacion Subacuatica<\/title>\n<meta name=\"description\" content=\"Nuestro curso especial de instructor de navegaci\u00f3n subacu\u00e1tica PADI en Koh Tao lo certifica como instructor especializado para ense\u00f1ar a los estudiantes c\u00f3mo navegar bajo el agua\" \/>\n<meta name=\"robots\" content=\"index, follow, max-snippet:-1, max-image-preview:large, max-video-preview:-1\" \/>\n<link rel=\"canonical\" href=\"https:\/\/idckohtao.com\/es\/pro-level-courses\/underwater-navigation-instructor-specialty\/\" \/>\n<meta property=\"og:locale\" content=\"es_ES\" \/>\n<meta property=\"og:type\" content=\"article\" \/>\n<meta property=\"og:title\" content=\"IDC Koh Tao | MSDT PADI Instructor Especializado En Navengacion Subacuatica\" \/>\n<meta property=\"og:description\" content=\"Nuestro curso especial de instructor de navegaci\u00f3n subacu\u00e1tica PADI en Koh Tao lo certifica como instructor especializado para ense\u00f1ar a los estudiantes c\u00f3mo navegar bajo el agua\" \/>\n<meta property=\"og:url\" content=\"https:\/\/idckohtao.com\/es\/pro-level-courses\/underwater-navigation-instructor-specialty\/\" \/>\n<meta property=\"og:site_name\" content=\"IDC Koh Tao\" \/>\n<meta property=\"article:publisher\" content=\"https:\/\/www.facebook.com\/GoProIDCKohTao\" \/>\n<meta property=\"article:modified_time\" content=\"2026-01-01T09:40:28+00:00\" \/>\n<meta property=\"og:image\" content=\"https:\/\/idckohtao.com\/wp-content\/uploads\/2023\/09\/idckohtao.com-underwater-navigation-instructor-courses-in-thailand.jpeg\" \/>\n\t<meta property=\"og:image:width\" content=\"1200\" \/>\n\t<meta property=\"og:image:height\" content=\"863\" \/>\n\t<meta property=\"og:image:type\" content=\"image\/jpeg\" \/>\n<meta name=\"twitter:card\" content=\"summary_large_image\" \/>\n<meta name=\"twitter:title\" content=\"IDC Koh Tao | MSDT PADI Instructor Especializado En Navengacion Subacuatica\" \/>\n<meta name=\"twitter:description\" content=\"Nuestro curso especial de instructor de navegaci\u00f3n subacu\u00e1tica PADI en Koh Tao lo certifica como instructor especializado para ense\u00f1ar a los estudiantes c\u00f3mo navegar bajo el agua\" \/>\n<meta name=\"twitter:site\" content=\"@GoProIDCKohTao\" \/>\n<!-- \/ Yoast SEO Premium plugin. -->","yoast_head_json":{"title":"IDC Koh Tao | MSDT PADI Instructor Especializado En Navengacion Subacuatica","description":"Nuestro curso especial de instructor de navegaci\u00f3n subacu\u00e1tica PADI en Koh Tao lo certifica como instructor especializado para ense\u00f1ar a los estudiantes c\u00f3mo navegar bajo el agua","robots":{"index":"index","follow":"follow","max-snippet":"max-snippet:-1","max-image-preview":"max-image-preview:large","max-video-preview":"max-video-preview:-1"},"canonical":"https:\/\/idckohtao.com\/es\/pro-level-courses\/underwater-navigation-instructor-specialty\/","og_locale":"es_ES","og_type":"article","og_title":"IDC Koh Tao | MSDT PADI Instructor Especializado En Navengacion Subacuatica","og_description":"Nuestro curso especial de instructor de navegaci\u00f3n subacu\u00e1tica PADI en Koh Tao lo certifica como instructor especializado para ense\u00f1ar a los estudiantes c\u00f3mo navegar bajo el agua","og_url":"https:\/\/idckohtao.com\/es\/pro-level-courses\/underwater-navigation-instructor-specialty\/","og_site_name":"IDC Koh Tao","article_publisher":"https:\/\/www.facebook.com\/GoProIDCKohTao","article_modified_time":"2026-01-01T09:40:28+00:00","og_image":[{"width":1200,"height":863,"url":"https:\/\/idckohtao.com\/wp-content\/uploads\/2023\/09\/idckohtao.com-underwater-navigation-instructor-courses-in-thailand.jpeg","type":"image\/jpeg"}],"twitter_card":"summary_large_image","twitter_title":"IDC Koh Tao | MSDT PADI Instructor Especializado En Navengacion Subacuatica","twitter_description":"Nuestro curso especial de instructor de navegaci\u00f3n subacu\u00e1tica PADI en Koh Tao lo certifica como instructor especializado para ense\u00f1ar a los estudiantes c\u00f3mo navegar bajo el agua","twitter_site":"@GoProIDCKohTao","schema":{"@context":"https:\/\/schema.org","@graph":[{"@type":"NewsArticle","@id":"https:\/\/idckohtao.com\/es\/pro-level-courses\/underwater-navigation-instructor-specialty\/#article","isPartOf":{"@id":"https:\/\/idckohtao.com\/es\/pro-level-courses\/underwater-navigation-instructor-specialty\/"},"author":{"name":"ojasya","@id":"https:\/\/idckohtao.com\/es\/#\/schema\/person\/d08d557cbfdbc171f824052dae697b02"},"headline":"Underwater Navigation Instructor Specialty","datePublished":"2023-08-11T06:22:21+00:00","dateModified":"2026-01-01T09:40:28+00:00","mainEntityOfPage":{"@id":"https:\/\/idckohtao.com\/es\/pro-level-courses\/underwater-navigation-instructor-specialty\/"},"wordCount":623,"publisher":{"@id":"https:\/\/idckohtao.com\/es\/#organization"},"image":{"@id":"https:\/\/idckohtao.com\/es\/pro-level-courses\/underwater-navigation-instructor-specialty\/#primaryimage"},"thumbnailUrl":"https:\/\/idckohtao.com\/wp-content\/uploads\/2023\/09\/idckohtao.com-underwater-navigation-instructor-courses-in-thailand.jpeg","inLanguage":"es"},{"@type":"WebPage","@id":"https:\/\/idckohtao.com\/es\/pro-level-courses\/underwater-navigation-instructor-specialty\/","url":"https:\/\/idckohtao.com\/es\/pro-level-courses\/underwater-navigation-instructor-specialty\/","name":"IDC Koh Tao | MSDT PADI Instructor Especializado En Navengacion Subacuatica","isPartOf":{"@id":"https:\/\/idckohtao.com\/es\/#website"},"primaryImageOfPage":{"@id":"https:\/\/idckohtao.com\/es\/pro-level-courses\/underwater-navigation-instructor-specialty\/#primaryimage"},"image":{"@id":"https:\/\/idckohtao.com\/es\/pro-level-courses\/underwater-navigation-instructor-specialty\/#primaryimage"},"thumbnailUrl":"https:\/\/idckohtao.com\/wp-content\/uploads\/2023\/09\/idckohtao.com-underwater-navigation-instructor-courses-in-thailand.jpeg","datePublished":"2023-08-11T06:22:21+00:00","dateModified":"2026-01-01T09:40:28+00:00","description":"Nuestro curso especial de instructor de navegaci\u00f3n subacu\u00e1tica PADI en Koh Tao lo certifica como instructor especializado para ense\u00f1ar a los estudiantes c\u00f3mo navegar bajo el agua","breadcrumb":{"@id":"https:\/\/idckohtao.com\/es\/pro-level-courses\/underwater-navigation-instructor-specialty\/#breadcrumb"},"inLanguage":"es","potentialAction":[{"@type":"ReadAction","target":["https:\/\/idckohtao.com\/es\/pro-level-courses\/underwater-navigation-instructor-specialty\/"]}]},{"@type":"ImageObject","inLanguage":"es","@id":"https:\/\/idckohtao.com\/es\/pro-level-courses\/underwater-navigation-instructor-specialty\/#primaryimage","url":"https:\/\/idckohtao.com\/wp-content\/uploads\/2023\/09\/idckohtao.com-underwater-navigation-instructor-courses-in-thailand.jpeg","contentUrl":"https:\/\/idckohtao.com\/wp-content\/uploads\/2023\/09\/idckohtao.com-underwater-navigation-instructor-courses-in-thailand.jpeg","width":1200,"height":863,"caption":"Underwater Navigation Instructor Course on Koh Tao, Thailand"},{"@type":"BreadcrumbList","@id":"https:\/\/idckohtao.com\/es\/pro-level-courses\/underwater-navigation-instructor-specialty\/#breadcrumb","itemListElement":[{"@type":"ListItem","position":1,"name":"Home","item":"https:\/\/idckohtao.com\/es\/"},{"@type":"ListItem","position":2,"name":"Pro level","item":"https:\/\/idckohtao.com\/es\/pro-level-courses\/"},{"@type":"ListItem","position":3,"name":"Underwater Navigation Instructor Specialty"}]},{"@type":"WebSite","@id":"https:\/\/idckohtao.com\/es\/#website","url":"https:\/\/idckohtao.com\/es\/","name":"IDC Koh Tao","description":"PADI IDC 5 Star Diving Center in Koh Tao - Thailand","publisher":{"@id":"https:\/\/idckohtao.com\/es\/#organization"},"alternateName":"IDC Koh Tao in Thailand","potentialAction":[{"@type":"SearchAction","target":{"@type":"EntryPoint","urlTemplate":"https:\/\/idckohtao.com\/es\/?s={search_term_string}"},"query-input":{"@type":"PropertyValueSpecification","valueRequired":true,"valueName":"search_term_string"}}],"inLanguage":"es"},{"@type":"Organization","@id":"https:\/\/idckohtao.com\/es\/#organization","name":"IDC Koh Tao","alternateName":"IDC Koh Tao | Divemaster & Diving Instructor","url":"https:\/\/idckohtao.com\/es\/","logo":{"@type":"ImageObject","inLanguage":"es","@id":"https:\/\/idckohtao.com\/es\/#\/schema\/logo\/image\/","url":"https:\/\/idckohtao.com\/wp-content\/uploads\/2023\/09\/idckohtao.com-padi-diving-center-in-koh-tao-thailand.png","contentUrl":"https:\/\/idckohtao.com\/wp-content\/uploads\/2023\/09\/idckohtao.com-padi-diving-center-in-koh-tao-thailand.png","width":400,"height":300,"caption":"IDC Koh Tao"},"image":{"@id":"https:\/\/idckohtao.com\/es\/#\/schema\/logo\/image\/"},"sameAs":["https:\/\/www.facebook.com\/GoProIDCKohTao","https:\/\/x.com\/GoProIDCKohTao","https:\/\/www.youtube.com\/idckohtao","https:\/\/www.instagram.com\/idc.kohtao\/"],"description":"IDC Koh Tao is a part of the Black Turtle Dive pro level training team with three PADI Course Directors being led by Award Winning PADI Course Director Matt Bolton. Our full range of pro and recreational PADI Diving Courses provides aspiring scuba divers with education, fun, excitement, adventure, and a change of lifestyle or an opportunity to pursue a new career.","email":"info@idckohtao.com","legalName":"IDC Koh Tao","foundingDate":"2004-01-04","numberOfEmployees":{"@type":"QuantitativeValue","minValue":"1","maxValue":"10"},"correctionsPolicy":"https:\/\/idckohtao.com\/privacy-policy\/","ethicsPolicy":"https:\/\/idckohtao.com\/terms\/"},{"@type":"Person","@id":"https:\/\/idckohtao.com\/es\/#\/schema\/person\/d08d557cbfdbc171f824052dae697b02","name":"ojasya","image":{"@type":"ImageObject","inLanguage":"es","@id":"https:\/\/secure.gravatar.com\/avatar\/6fb34e36d09053a6545fc21d344613321bb1933f185132488f38052166f5a001?s=96&d=mm&r=g","url":"https:\/\/secure.gravatar.com\/avatar\/6fb34e36d09053a6545fc21d344613321bb1933f185132488f38052166f5a001?s=96&d=mm&r=g","contentUrl":"https:\/\/secure.gravatar.com\/avatar\/6fb34e36d09053a6545fc21d344613321bb1933f185132488f38052166f5a001?s=96&d=mm&r=g","caption":"ojasya"},"sameAs":["https:\/\/idckohtao.com"],"url":"https:\/\/idckohtao.com\/es\/blog\/author\/ojasya\/"}]}},"_links":{"self":[{"href":"https:\/\/idckohtao.com\/es\/wp-json\/wp\/v2\/pages\/3316","targetHints":{"allow":["GET"]}}],"collection":[{"href":"https:\/\/idckohtao.com\/es\/wp-json\/wp\/v2\/pages"}],"about":[{"href":"https:\/\/idckohtao.com\/es\/wp-json\/wp\/v2\/types\/page"}],"author":[{"embeddable":true,"href":"https:\/\/idckohtao.com\/es\/wp-json\/wp\/v2\/users\/1"}],"replies":[{"embeddable":true,"href":"https:\/\/idckohtao.com\/es\/wp-json\/wp\/v2\/comments?post=3316"}],"version-history":[{"count":3,"href":"https:\/\/idckohtao.com\/es\/wp-json\/wp\/v2\/pages\/3316\/revisions"}],"predecessor-version":[{"id":7579,"href":"https:\/\/idckohtao.com\/es\/wp-json\/wp\/v2\/pages\/3316\/revisions\/7579"}],"up":[{"embeddable":true,"href":"https:\/\/idckohtao.com\/es\/wp-json\/wp\/v2\/pages\/7936"}],"wp:featuredmedia":[{"embeddable":true,"href":"https:\/\/idckohtao.com\/es\/wp-json\/wp\/v2\/media\/5239"}],"wp:attachment":[{"href":"https:\/\/idckohtao.com\/es\/wp-json\/wp\/v2\/media?parent=3316"}],"curies":[{"name":"wp","href":"https:\/\/api.w.org\/{rel}","templated":true}]}}