{"id":3323,"date":"2023-08-10T08:54:07","date_gmt":"2023-08-10T08:54:07","guid":{"rendered":"https:\/\/idckohtao.com\/why-choose-koh-tao\/"},"modified":"2023-09-28T06:37:50","modified_gmt":"2023-09-28T06:37:50","slug":"why-choose-koh-tao","status":"publish","type":"page","link":"https:\/\/idckohtao.com\/es\/why-choose-koh-tao\/","title":{"rendered":"Por Que Elegir Koh Tao"},"content":{"rendered":"<div class=\"wpb-content-wrapper\"><p>[vc_row][vc_column][vc_column_text]<\/p>\n<h2>Koh Tao \u2022 El lugar de entrenamiento de buceo m\u00e1s popular del mundo<\/h2>\n<p>Traducido como Isla Tortuga, <a href=\"https:\/\/www.blackturtledive.com\/koh-tao\/\">Koh Tao<\/a> es una peque\u00f1a isla tropical situada en la costa este de Tailandia. Junto con Koh Phangan y Koh Samui, Koh Tao forma parte del archipi\u00e9lago Chumphon.<\/p>\n<p>En su parte m\u00e1s ancha mide 3,4 km y tiene 7,6 km de longitud. Esto hace que la isla sea muy f\u00e1cil de explorar y conocer. La costa, predominantemente escarpada y rocosa, consta de 11 bah\u00edas y 10 cabos con un arrecife de coral que se extiende a lo largo de 8 km.<\/p>\n<p>A diferencia de otras islas en\u00a0<a href=\"https:\/\/en.wikipedia.org\/wiki\/Ko_Tao\" target=\"_blank\" rel=\"noopener\">Tailandia, Koh Tao<\/a>\u00a0se puede visitar durante todo el a\u00f1o. Tenemos mucha suerte de ser bendecidos t\u00edpicamente con\u00a0<a href=\"https:\/\/www.blackturtledive.com\/koh-tao\/weather\/\" target=\"_blank\" rel=\"noopener noreferrer\">cielos despejados y un hermoso sol<\/a>. La brisa fresca del oc\u00e9ano ayuda a mantener las temperaturas soportables. Si el clima es ventoso en ciertos d\u00edas, siempre hay un \u00e1rea tranquila escondida, para mantenernos buceando todos los d\u00edas.<\/p>\n<p><b>Entrenamiento de buzos en su m\u00e1xima expresi\u00f3n.<\/b><\/p>\n<p>La isla cuenta con belleza natural tanto por encima como por debajo del agua; Sin embargo, lo que es m\u00e1s famoso es lo que est\u00e1 debajo del oc\u00e9ano. Sus impresionantes arrecifes de coral y su <a href=\"https:\/\/www.blackturtledive.com\/koh-tao-marine-life\/\">abundante vida marina<\/a> han atra\u00eddo a los buceadores al \u00e1rea por m\u00e1s de 35 a\u00f1os.<\/p>\n<p>Con la industria del buceo que prospera, Koh Tao se ha convertido en uno de los principales lugares tropicales para la educaci\u00f3n del buceador. Es claro ver por qu\u00e9 Koh Tao certifica a m\u00e1s estudiantes en todo el mundo, m\u00e1s que en cualquier otra ubicaci\u00f3n a\u00f1o tras a\u00f1o. Al tener un equilibrio perfecto de sitios de buceo para principiantes y avanzados, es casi como si la isla estuviera hecha para ense\u00f1ar buceo.<\/p>\n<p>Nuestros sitios de buceo poco profundos y poco o nada de corrientes significan que aprender\u00e1 a ense\u00f1ar en condiciones casi perfectas. Esto le permitir\u00e1 construir una base s\u00f3lida en lo que respecta a la capacitaci\u00f3n, que podr\u00e1 desarrollar m\u00e1s adelante en entornos m\u00e1s desafiantes. Cuando se trata de educaci\u00f3n continua, Koh Tao ofrece una gran cantidad de lugares adecuados para satisfacer todas tus necesidades de buceo.<\/p>\n<p>Con m\u00e1s de\u00a0<a href=\"https:\/\/idckohtao.com\/es\/fun-diving-koh-tao\/\">26 sitios de buceo alrededor de Koh Tao<\/a>, es f\u00e1cil ver por qu\u00e9 las personas acuden aqu\u00ed para bucear cada a\u00f1o. Desde pin\u00e1culos de rocas profundas hasta bah\u00edas de arena poco profundas; De los naufragios a las cuevas y de las piscinas, se trata de un verdadero patio de recreo para buzos.<\/p>\n<h4><b>Una amplia selecci\u00f3n de actividades isle\u00f1as.<\/b><\/h4>\n<p>Ok \u2026 sabemos lo que estas pensando. \u00bfBucear es todo lo que esta isla tiene para ofrecer? Si bien la isla es sin\u00f3nimo de buceo, hay mucho m\u00e1s que hacer en nuestro peque\u00f1o para\u00edso. Durante los d\u00edas en que no est\u00e1 buceando, a\u00fan puede explorar el mundo submarino en viajes de esn\u00f3rquel, aventuras en kayak e incluso remar en tablas.<\/p>\n<p>Para los excursionistas hay selvas costeras para investigar y puntos de vista para escalar. <a href=\"https:\/\/www.thefunkyturtle.com\/es\/koh-tao\/\">Explorar Koh Tao<\/a> a pie te permitir\u00e1 conocer la isla de una manera completamente nueva.<\/p>\n<p>Si eres adicto a la actividad f\u00edsica, hay varios gimnasios que ofrecen una variedad de clases y entrenamiento. Participa en Yoga, CrossFit, Muay Thai o cualquier otra cosa que tu coraz\u00f3n desee. Esto le permitir\u00e1 mantener cualquier necesidad de estilo de vida que pueda tener, mientras vive su sue\u00f1o de buceo.<\/p>\n<p><b>Koh Tao Restaurantes y vida nocturna<\/b><\/p>\n<p>Comer fuera ofrece infinitas posibilidades, con un restaurante que se adapta a todas las necesidades de su paladar. Con platos de todos los rincones del mundo, sus antojos no quedar\u00e1n sin respuesta. Descubrir\u00e1 que Koh Tao satisface las necesidades de todos con opciones veganas, sin gluten y vegetarianas. Si necesita un per\u00edodo de transici\u00f3n con su dieta de comida occidental y viendo deportes en vivo, hay una variedad de lugares para elegir.<\/p>\n<p>Obviamente, por encima de todo lo dem\u00e1s, recomendamos tomarse el tiempo para disfrutar de la cocina tradicional tailandesa. La comida tailandesa es extremadamente sabrosa, y Koh Tao ofrece muchas opciones para elegir.<\/p>\n<p>Despu\u00e9s de una comida deliciosa, disfrute de una noche en la ciudad \u2026 o deber\u00edamos decir isla. Los bares y pubs son f\u00e1ciles de encontrar sin importar cu\u00e1l sea su tipo de vida nocturna preferida. Si\u00e9ntese con los pies en la arena y observe c\u00f3mo se pone el sol mientras disfruta de una bebida refrescante. Si est\u00e1 buscando algo un poco m\u00e1s alegre, vea un espect\u00e1culo de fuego o m\u00fasica en vivo en uno de los muchos bares con vista a la playa.<\/p>\n<p>Cuando se trata de compras, encontrar\u00e1 una combinaci\u00f3n perfecta de mercados tradicionales tailandeses y tiendas occidentales. Hay tres \u00e1reas comerciales principales en la isla, y ver\u00e1s que cada secci\u00f3n tiene su propio estilo individual y \u00fanico.<\/p>\n<p>No se olvide de relajarse y pasar un tiempo en uno de los muchos balnearios tradicionales u occidentales. No podemos pensar en una mejor manera de terminar el d\u00eda que con un masaje relajante en la playa.<\/p>\n<p>Koh Tao realmente es la isla tropical paradis\u00edaca que lo tiene todo, qu\u00e9 mejor lugar para visitar y convertirse en un\u00a0<a href=\"https:\/\/idckohtao.com\/es\/padi-instructor-development-course\/\">Instructor de Buceo PADI<\/a>.<\/p>\n<h4><strong>COMO LLEGAR A KOH TAO<\/strong><\/h4>\n<p>Vivir en una ubicaci\u00f3n remota tan hermosa, puede tener sus inconvenientes, sin embargo,\u00a0<a href=\"https:\/\/www.blackturtledive.com\/koh-tao\/how-to-get-here\/\" target=\"_blank\" rel=\"noopener noreferrer\">viajar a Koh Tao<\/a>\u00a0no es uno de ellos.<\/p>\n<p>Llegue a un aeropuerto con estilo con ferries de alta velocidad que proporcionan un viaje f\u00e1cil y c\u00f3modo. Con los aeropuertos de Koh Samui,\u00a0<a href=\"https:\/\/en.wikipedia.org\/wiki\/Surat_Thani_Province\" target=\"_blank\" rel=\"noopener\">Surat Thani y Chumphon<\/a>, encontrar\u00e1 que llegar a un aeropuerto est\u00e1 a solo dos horas de viaje.<\/p>\n<p>La compa\u00f1\u00eda Lomprayah ofrece la ruta m\u00e1s r\u00e1pida hacia y desde la isla, con sus catamaranes de alta velocidad. Actual\u00edcese a la secci\u00f3n V.I.P por un poco m\u00e1s y rel\u00e1jese despu\u00e9s de un d\u00eda de viaje.<\/p>\n<p>Si nos informa de qu\u00e9 parte de Tailandia est\u00e1 viajando, nuestro socio de viajes Island Travel Koh Tao puede brindarle asistencia directa en todas las rutas de entrada a Koh Tao. Perm\u00edtanos hacer el trabajo por usted, para que pueda concentrarse en prepararse para comenzar su nueva carrera como profesional de Padi Dive.<\/p>\n<p>Por favor env\u00edenos un mensaje ahora con sus preguntas de viaje.[\/vc_column_text][vc_custom_heading text=\u00bbPopular Inbound Ferry Schedules\u00bb font_container=\u00bbtag:h4|text_align:left\u00bb use_theme_fonts=\u00bbyes\u00bb][\/vc_column][\/vc_row][vc_row][vc_column width=\u00bb1\/2&#8243;][vc_column_text]<strong>DESDE Koh Samui<\/strong><br \/>\n08:00 11:15 12:30 &amp; 17:00 Lomprayah<br \/>\n08:00 13:00 &amp; 16:30 Seatran[\/vc_column_text][vc_column_text]<strong>DESDE Chumphon<\/strong><br \/>\n07:30 13:00 Lomprayah[\/vc_column_text][\/vc_column][vc_column width=\u00bb1\/2&#8243;][vc_column_text]<strong>DESDE Koh Phangan<\/strong><br \/>\n08:30 13:00 17:30 Lomprayah<br \/>\n08:30 13:30 17:00 Seatran[\/vc_column_text][vc_column_text]<strong>DESDE Suratthani (Donsak Pier)<\/strong><br \/>\n10:10 16:00 Lomprayah<br \/>\n11:00 14:30 Seatran[\/vc_column_text][\/vc_column][\/vc_row]<\/p>\n<\/div>","protected":false},"excerpt":{"rendered":"<p>[vc_row][vc_column][vc_column_text] Koh Tao \u2022 El lugar de entrenamiento de buceo m\u00e1s popular del mundo Traducido como Isla Tortuga, Koh Tao es una peque\u00f1a isla tropical situada en la costa este de Tailandia. Junto con Koh Phangan y Koh Samui, Koh Tao forma parte del archipi\u00e9lago Chumphon. En su parte m\u00e1s ancha mide 3,4 km y [&hellip;]<\/p>\n","protected":false},"author":1,"featured_media":5191,"parent":0,"menu_order":0,"comment_status":"closed","ping_status":"closed","template":"","meta":{"_acf_changed":false,"footnotes":""},"class_list":["post-3323","page","type-page","status-publish","has-post-thumbnail","hentry"],"acf":[],"yoast_head":"<!-- This site is optimized with the Yoast SEO Premium plugin v27.5 (Yoast SEO v27.5) - https:\/\/yoast.com\/product\/yoast-seo-premium-wordpress\/ -->\n<title>IDC Koh Tao | Una Isla Paraiso Tropical Del Buceo<\/title>\n<meta name=\"description\" content=\"PADI IDC Koh Tao en Tailandia se encuentra en una hermosa isla tropical paradis\u00edaca con buen buceo durante todo el a\u00f1o. El lugar n\u00famero uno de entrenamiento en el mundo en las instalaciones de entrenamiento de Crystal Dive para aspirantes a profesionales del buceo.\" \/>\n<meta name=\"robots\" content=\"index, follow, max-snippet:-1, max-image-preview:large, max-video-preview:-1\" \/>\n<link rel=\"canonical\" href=\"https:\/\/idckohtao.com\/es\/why-choose-koh-tao\/\" \/>\n<meta property=\"og:locale\" content=\"es_ES\" \/>\n<meta property=\"og:type\" content=\"article\" \/>\n<meta property=\"og:title\" content=\"IDC Koh Tao | Una Isla Paraiso Tropical Del Buceo\" \/>\n<meta property=\"og:description\" content=\"PADI IDC Koh Tao en Tailandia se encuentra en una hermosa isla tropical paradis\u00edaca con buen buceo durante todo el a\u00f1o. El lugar n\u00famero uno de entrenamiento en el mundo en las instalaciones de entrenamiento de Crystal Dive para aspirantes a profesionales del buceo.\" \/>\n<meta property=\"og:url\" content=\"https:\/\/idckohtao.com\/es\/why-choose-koh-tao\/\" \/>\n<meta property=\"og:site_name\" content=\"IDC Koh Tao\" \/>\n<meta property=\"article:publisher\" content=\"https:\/\/www.facebook.com\/GoProIDCKohTao\" \/>\n<meta property=\"article:modified_time\" content=\"2023-09-28T06:37:50+00:00\" \/>\n<meta property=\"og:image\" content=\"https:\/\/idckohtao.com\/wp-content\/uploads\/2023\/08\/crystaldive.com-koh-tao-koh-nangyuan-island-dive-sites-1-1024x458.png\" \/>\n\t<meta property=\"og:image:width\" content=\"1024\" \/>\n\t<meta property=\"og:image:height\" content=\"458\" \/>\n\t<meta property=\"og:image:type\" content=\"image\/png\" \/>\n<meta name=\"twitter:card\" content=\"summary_large_image\" \/>\n<meta name=\"twitter:title\" content=\"IDC Koh Tao | Una Isla Paraiso Tropical Del Buceo\" \/>\n<meta name=\"twitter:description\" content=\"PADI IDC Koh Tao en Tailandia se encuentra en una hermosa isla tropical paradis\u00edaca con buen buceo durante todo el a\u00f1o. El lugar n\u00famero uno de entrenamiento en el mundo en las instalaciones de entrenamiento de Crystal Dive para aspirantes a profesionales del buceo.\" \/>\n<meta name=\"twitter:site\" content=\"@GoProIDCKohTao\" \/>\n<!-- \/ Yoast SEO Premium plugin. -->","yoast_head_json":{"title":"IDC Koh Tao | Una Isla Paraiso Tropical Del Buceo","description":"PADI IDC Koh Tao en Tailandia se encuentra en una hermosa isla tropical paradis\u00edaca con buen buceo durante todo el a\u00f1o. El lugar n\u00famero uno de entrenamiento en el mundo en las instalaciones de entrenamiento de Crystal Dive para aspirantes a profesionales del buceo.","robots":{"index":"index","follow":"follow","max-snippet":"max-snippet:-1","max-image-preview":"max-image-preview:large","max-video-preview":"max-video-preview:-1"},"canonical":"https:\/\/idckohtao.com\/es\/why-choose-koh-tao\/","og_locale":"es_ES","og_type":"article","og_title":"IDC Koh Tao | Una Isla Paraiso Tropical Del Buceo","og_description":"PADI IDC Koh Tao en Tailandia se encuentra en una hermosa isla tropical paradis\u00edaca con buen buceo durante todo el a\u00f1o. El lugar n\u00famero uno de entrenamiento en el mundo en las instalaciones de entrenamiento de Crystal Dive para aspirantes a profesionales del buceo.","og_url":"https:\/\/idckohtao.com\/es\/why-choose-koh-tao\/","og_site_name":"IDC Koh Tao","article_publisher":"https:\/\/www.facebook.com\/GoProIDCKohTao","article_modified_time":"2023-09-28T06:37:50+00:00","og_image":[{"width":1024,"height":458,"url":"https:\/\/idckohtao.com\/wp-content\/uploads\/2023\/08\/crystaldive.com-koh-tao-koh-nangyuan-island-dive-sites-1-1024x458.png","type":"image\/png"}],"twitter_card":"summary_large_image","twitter_title":"IDC Koh Tao | Una Isla Paraiso Tropical Del Buceo","twitter_description":"PADI IDC Koh Tao en Tailandia se encuentra en una hermosa isla tropical paradis\u00edaca con buen buceo durante todo el a\u00f1o. El lugar n\u00famero uno de entrenamiento en el mundo en las instalaciones de entrenamiento de Crystal Dive para aspirantes a profesionales del buceo.","twitter_site":"@GoProIDCKohTao","schema":{"@context":"https:\/\/schema.org","@graph":[{"@type":"NewsArticle","@id":"https:\/\/idckohtao.com\/es\/why-choose-koh-tao\/#article","isPartOf":{"@id":"https:\/\/idckohtao.com\/es\/why-choose-koh-tao\/"},"author":{"name":"ojasya","@id":"https:\/\/idckohtao.com\/es\/#\/schema\/person\/d08d557cbfdbc171f824052dae697b02"},"headline":"Por Que Elegir Koh Tao","datePublished":"2023-08-10T08:54:07+00:00","dateModified":"2023-09-28T06:37:50+00:00","mainEntityOfPage":{"@id":"https:\/\/idckohtao.com\/es\/why-choose-koh-tao\/"},"wordCount":1183,"publisher":{"@id":"https:\/\/idckohtao.com\/es\/#organization"},"image":{"@id":"https:\/\/idckohtao.com\/es\/why-choose-koh-tao\/#primaryimage"},"thumbnailUrl":"https:\/\/idckohtao.com\/wp-content\/uploads\/2023\/09\/idckohtao.com-koh-tao-best-location-in-the-world-for-learning-to-scuba-dive.jpeg","inLanguage":"es"},{"@type":"WebPage","@id":"https:\/\/idckohtao.com\/es\/why-choose-koh-tao\/","url":"https:\/\/idckohtao.com\/es\/why-choose-koh-tao\/","name":"IDC Koh Tao | Una Isla Paraiso Tropical Del Buceo","isPartOf":{"@id":"https:\/\/idckohtao.com\/es\/#website"},"primaryImageOfPage":{"@id":"https:\/\/idckohtao.com\/es\/why-choose-koh-tao\/#primaryimage"},"image":{"@id":"https:\/\/idckohtao.com\/es\/why-choose-koh-tao\/#primaryimage"},"thumbnailUrl":"https:\/\/idckohtao.com\/wp-content\/uploads\/2023\/09\/idckohtao.com-koh-tao-best-location-in-the-world-for-learning-to-scuba-dive.jpeg","datePublished":"2023-08-10T08:54:07+00:00","dateModified":"2023-09-28T06:37:50+00:00","description":"PADI IDC Koh Tao en Tailandia se encuentra en una hermosa isla tropical paradis\u00edaca con buen buceo durante todo el a\u00f1o. El lugar n\u00famero uno de entrenamiento en el mundo en las instalaciones de entrenamiento de Crystal Dive para aspirantes a profesionales del buceo.","breadcrumb":{"@id":"https:\/\/idckohtao.com\/es\/why-choose-koh-tao\/#breadcrumb"},"inLanguage":"es","potentialAction":[{"@type":"ReadAction","target":["https:\/\/idckohtao.com\/es\/why-choose-koh-tao\/"]}]},{"@type":"ImageObject","inLanguage":"es","@id":"https:\/\/idckohtao.com\/es\/why-choose-koh-tao\/#primaryimage","url":"https:\/\/idckohtao.com\/wp-content\/uploads\/2023\/09\/idckohtao.com-koh-tao-best-location-in-the-world-for-learning-to-scuba-dive.jpeg","contentUrl":"https:\/\/idckohtao.com\/wp-content\/uploads\/2023\/09\/idckohtao.com-koh-tao-best-location-in-the-world-for-learning-to-scuba-dive.jpeg","width":1300,"height":731,"caption":"Aerial view of Beautiful Koh Tao island in Surat Thani, Thailand."},{"@type":"BreadcrumbList","@id":"https:\/\/idckohtao.com\/es\/why-choose-koh-tao\/#breadcrumb","itemListElement":[{"@type":"ListItem","position":1,"name":"Home","item":"https:\/\/idckohtao.com\/es\/"},{"@type":"ListItem","position":2,"name":"Por Que Elegir Koh Tao"}]},{"@type":"WebSite","@id":"https:\/\/idckohtao.com\/es\/#website","url":"https:\/\/idckohtao.com\/es\/","name":"IDC Koh Tao","description":"PADI IDC 5 Star Diving Center in Koh Tao - Thailand","publisher":{"@id":"https:\/\/idckohtao.com\/es\/#organization"},"alternateName":"IDC Koh Tao in Thailand","potentialAction":[{"@type":"SearchAction","target":{"@type":"EntryPoint","urlTemplate":"https:\/\/idckohtao.com\/es\/?s={search_term_string}"},"query-input":{"@type":"PropertyValueSpecification","valueRequired":true,"valueName":"search_term_string"}}],"inLanguage":"es"},{"@type":"Organization","@id":"https:\/\/idckohtao.com\/es\/#organization","name":"IDC Koh Tao","alternateName":"IDC Koh Tao | Divemaster & Diving Instructor","url":"https:\/\/idckohtao.com\/es\/","logo":{"@type":"ImageObject","inLanguage":"es","@id":"https:\/\/idckohtao.com\/es\/#\/schema\/logo\/image\/","url":"https:\/\/idckohtao.com\/wp-content\/uploads\/2023\/09\/idckohtao.com-padi-diving-center-in-koh-tao-thailand.png","contentUrl":"https:\/\/idckohtao.com\/wp-content\/uploads\/2023\/09\/idckohtao.com-padi-diving-center-in-koh-tao-thailand.png","width":400,"height":300,"caption":"IDC Koh Tao"},"image":{"@id":"https:\/\/idckohtao.com\/es\/#\/schema\/logo\/image\/"},"sameAs":["https:\/\/www.facebook.com\/GoProIDCKohTao","https:\/\/x.com\/GoProIDCKohTao","https:\/\/www.youtube.com\/idckohtao","https:\/\/www.instagram.com\/idc.kohtao\/"],"description":"IDC Koh Tao is a part of the Black Turtle Dive pro level training team with three PADI Course Directors being led by Award Winning PADI Course Director Matt Bolton. Our full range of pro and recreational PADI Diving Courses provides aspiring scuba divers with education, fun, excitement, adventure, and a change of lifestyle or an opportunity to pursue a new career.","email":"info@idckohtao.com","legalName":"IDC Koh Tao","foundingDate":"2004-01-04","numberOfEmployees":{"@type":"QuantitativeValue","minValue":"1","maxValue":"10"},"correctionsPolicy":"https:\/\/idckohtao.com\/privacy-policy\/","ethicsPolicy":"https:\/\/idckohtao.com\/terms\/"},{"@type":"Person","@id":"https:\/\/idckohtao.com\/es\/#\/schema\/person\/d08d557cbfdbc171f824052dae697b02","name":"ojasya","image":{"@type":"ImageObject","inLanguage":"es","@id":"https:\/\/secure.gravatar.com\/avatar\/6fb34e36d09053a6545fc21d344613321bb1933f185132488f38052166f5a001?s=96&d=mm&r=g","url":"https:\/\/secure.gravatar.com\/avatar\/6fb34e36d09053a6545fc21d344613321bb1933f185132488f38052166f5a001?s=96&d=mm&r=g","contentUrl":"https:\/\/secure.gravatar.com\/avatar\/6fb34e36d09053a6545fc21d344613321bb1933f185132488f38052166f5a001?s=96&d=mm&r=g","caption":"ojasya"},"sameAs":["https:\/\/idckohtao.com"],"url":"https:\/\/idckohtao.com\/es\/blog\/author\/ojasya\/"}]}},"_links":{"self":[{"href":"https:\/\/idckohtao.com\/es\/wp-json\/wp\/v2\/pages\/3323","targetHints":{"allow":["GET"]}}],"collection":[{"href":"https:\/\/idckohtao.com\/es\/wp-json\/wp\/v2\/pages"}],"about":[{"href":"https:\/\/idckohtao.com\/es\/wp-json\/wp\/v2\/types\/page"}],"author":[{"embeddable":true,"href":"https:\/\/idckohtao.com\/es\/wp-json\/wp\/v2\/users\/1"}],"replies":[{"embeddable":true,"href":"https:\/\/idckohtao.com\/es\/wp-json\/wp\/v2\/comments?post=3323"}],"version-history":[{"count":0,"href":"https:\/\/idckohtao.com\/es\/wp-json\/wp\/v2\/pages\/3323\/revisions"}],"wp:featuredmedia":[{"embeddable":true,"href":"https:\/\/idckohtao.com\/es\/wp-json\/wp\/v2\/media\/5191"}],"wp:attachment":[{"href":"https:\/\/idckohtao.com\/es\/wp-json\/wp\/v2\/media?parent=3323"}],"curies":[{"name":"wp","href":"https:\/\/api.w.org\/{rel}","templated":true}]}}