{"id":3327,"date":"2023-08-10T07:33:16","date_gmt":"2023-08-10T07:33:16","guid":{"rendered":"https:\/\/idckohtao.com\/why-choose-padi\/"},"modified":"2023-09-16T22:10:35","modified_gmt":"2023-09-16T22:10:35","slug":"why-choose-padi","status":"publish","type":"page","link":"https:\/\/idckohtao.com\/es\/why-choose-padi\/","title":{"rendered":"\u00bfPor qu\u00e9 elegir PADI"},"content":{"rendered":"<h2>PADI \u2022 L\u00edderes mundiales en educaci\u00f3n para buceadores durante m\u00e1s de 50 a\u00f1os<\/h2>\n<h4><b>Reconocimiento global La marca<\/b><\/h4>\n<p>La marca y el logotipo PADI son reconocidos en todo el mundo como la representaci\u00f3n de los buceadores . Los profesionales PADI, los\u00a0<a href=\"https:\/\/www.padi.com\/padi-courses\/padi-course-catalog\" target=\"_blank\" rel=\"noopener\">cursos PADI<\/a>\u00a0y los materiales educativos PADI son los m\u00e1s demandados en la industria del buceo.<\/p>\n<p>Las personas en todo el mundo se refieren a aprender a bucear como \u2018<a href=\"https:\/\/www.padi.com\/padi-courses\/open-water-diver\" target=\"_blank\" rel=\"noopener\">Sacarme mi PADI<\/a>\u2018. Si viajar por el mundo como profesional de buceo suena como un sue\u00f1o hecho realidad, tiene sentido que elija lo mejor. Donde sea que lo lleve su viaje, siempre tendr\u00e1 una puerta abierta a la familia con PADI.<\/p>\n<p><b>Educaci\u00f3n basada en el rendimiento<\/b><\/p>\n<p>El sistema PADI de educaci\u00f3n para buzos es el sistema m\u00e1s instructivo de la industria. Crea una formaci\u00f3n para el buzo que es agradable y valiosa para todos los niveles de los cursos de formaci\u00f3n.<\/p>\n<p>Como instructor PADI, puede estar seguro de que su nivel de capacitaci\u00f3n se basa en los m\u00e1s altos est\u00e1ndares de buceo, respaldado por un sistema de gesti\u00f3n de calidad s\u00f3lido y proactivo. Se han utilizado modelos nuevos de tecnolog\u00eda y capacitaci\u00f3n de \u00faltima generaci\u00f3n para crear una amplia variedad de materiales PADI.<\/p>\n<p>Puede sentirse seguro como instructor sabiendo que estos materiales se crean expresamente para el mejor aprendizaje. Hay materiales de estudio independientes disponibles en una variedad de medios que permiten a los estudiantes aprender de la manera que mejor les convenga.<\/p>\n<p>Ya sea leyendo sobre naufragios en su propia habitaci\u00f3n, o completando\u00a0<a href=\"https:\/\/apps.padi.com\/scuba-diving\/elearning\/\" target=\"_blank\" rel=\"noopener\">Open Water E-Learning<\/a>\u00a0en el avi\u00f3n camino a Tailandia. Sean cuales sean sus necesidades, el curso puede personalizarse para cada cliente individualmente.<\/p>\n<p>Adem\u00e1s de Materiales para estudiantes, PADI no se ha olvidado de las necesidades de aquellos que ense\u00f1an. Los materiales de apoyo instructivo para los instructores lo ayudar\u00e1n a explicar conceptos importantes y a la comprensi\u00f3n mas facil de sus alumnos.<\/p>\n<p>Durante el desarrollo de su\u00a0<a href=\"https:\/\/idckohtao.com\/es\/padi-instructor-development-course\/\">curso de instructor profesional<\/a>, aprender\u00e1 c\u00f3mo usar los materiales de manera efectiva y c\u00f3mo aplicarlos a su propio estilo de ense\u00f1anza personal. Tener una base tan incre\u00edble, en la que basar sus cursos, le permitir\u00e1 pasar m\u00e1s tiempo fuera del aula.<\/p>\n<p>La mejor parte sera cuando se trata de la estructura de todos los cursos PADI, por su flexibilidad. Ver\u00e1 que los programas est\u00e1n basados en el rendimiento y centrados en el alumno. Esto le permite sentirse seguro al saber que usted y sus alumnos obtendr\u00e1n la mejor capacitaci\u00f3n posible.<\/p>\n<p>Cada persona puede sacar algo diferente del curso y saber que obtendr\u00e1 un certificado reconocido en todo el mundo.<\/p>\n<p><b>Los mejores est\u00e1ndares educativos<\/b><\/p>\n<p>Todos los programas PADI, desde el nivel b\u00e1sico hasta el entrenamiento profesional, se encuentran bajo estrictos est\u00e1ndares educativos. Este criterio se supervisa constantemente en busca de consistencia y calidad en todo el mundo.<\/p>\n<p>PADI adopta un enfoque proactivo para la gesti\u00f3n de la calidad y realiza encuestas aleatoriamente a sus estudiantes de cursos PADI sin importar en qu\u00e9 curso hayan elegido al inscribirse. Las preguntas est\u00e1n ah\u00ed para confirmar que los cursos en los que participaron han cumplido con los altos est\u00e1ndares de PADI y las expectativas del buceador.<\/p>\n<p>Al hacer esto, PADI se ha asegurado de que sus miembros cumplan con los est\u00e1ndares de capacitaci\u00f3n que se les han asignado. Los instructores pueden enorgullecerse de sus cursos, mientras que los estudiantes tendr\u00e1n la confianza en lo que han aprendido. Ninguna otra organizaci\u00f3n de entrenamiento de buzos trabaja m\u00e1s arduamente para mantener este nivel de confiabilidad e integridad profesional.<\/p>\n<p><b>Cumple con los est\u00e1ndares de la Organizaci\u00f3n Internacional de Normalizaci\u00f3n (ISO)<\/b><\/p>\n<p>Los cursos PADI est\u00e1n certificados como compatibles con las normas ISO para Servicios de Buceo Recreativo. Esto lo hace un auditor independiente, la Federaci\u00f3n Europea de Actividades Subacu\u00e1ticas y el Instituto de Est\u00e1ndares de Austria.<\/p>\n<p>Ser parte de una organizaci\u00f3n tan global realmente muestra el prop\u00f3sito del nombre PADI, y todo lo que representa.<\/p>\n<p><b>Servicio al cliente y soporte comercial<\/b><\/p>\n<p>Como miembro de PADI-Pro, recibir\u00e1 un nivel de soporte incomparable. Cuando se trata de servicio al cliente y consulta de negocios, ninguna otra agencia puede competir con nosotros. Con el personal de gerentes regionales y consultores de negocios especializados, disfrutar\u00e1 de la atenci\u00f3n individual de las mejores industrias.<\/p>\n<p>Hay equipos\u00a0<a href=\"https:\/\/www.padi.com\/help\/faq\" target=\"_blank\" rel=\"noopener\">de atenci\u00f3n al cliente dedicados<\/a>\u00a0en la sede regional de PADI centrados en brindarle asesoramiento, recomendaciones y atenci\u00f3n. Todos los administradores regionales PADI (RM) han trabajado en la industria del buceo durante muchos a\u00f1os. Est\u00e1n bien preparados en los programas y productos de capacitaci\u00f3n PADI, y varios de ellos han tenido tiendas de buceo previamente administradas o de su propiedad. Tener este equipo de expertos a mano es un recurso valioso.<\/p>\n<p><img decoding=\"async\" class=\"alignnone wp-image-794 size-large\" src=\"https:\/\/idckohtao.com\/wp-content\/uploads\/2023\/08\/padi-idc-koh-tao-confined-water-presentation-1024x576.jpg\" alt=\"padi-idc-koh-tao-confined-water-presentation\" width=\"1024\" height=\"576\" srcset=\"https:\/\/idckohtao.com\/wp-content\/uploads\/2023\/08\/padi-idc-koh-tao-confined-water-presentation-1024x576.jpg 1024w, https:\/\/idckohtao.com\/wp-content\/uploads\/2023\/08\/padi-idc-koh-tao-confined-water-presentation-300x169.jpg 300w, https:\/\/idckohtao.com\/wp-content\/uploads\/2023\/08\/padi-idc-koh-tao-confined-water-presentation-768x432.jpg 768w, https:\/\/idckohtao.com\/wp-content\/uploads\/2023\/08\/padi-idc-koh-tao-confined-water-presentation.jpg 1080w\" sizes=\"(max-width: 1024px) 100vw, 1024px\" \/><\/p>\n<p><b>Gesti\u00f3n de riesgos y seguro<\/b><\/p>\n<p>PADI es la \u00fanica organizaci\u00f3n que brinda un equipo interno de administraci\u00f3n de riesgos a tiempo completo. Los miembros del personal est\u00e1n all\u00ed para ayudarlo a evaluar las pr\u00e1cticas comerciales, las t\u00e9cnicas de ense\u00f1anza y la toma de decisiones prudentes.<\/p>\n<p>Esto ayudar\u00e1 a mejorar la seguridad y el disfrute de sus clientes mientras gestiona su propio riesgo. Ya sea que lo asesoren en el desarrollo de la asunci\u00f3n de formas de riesgo o la asistencia en caso de que ocurra un incidente, el equipo de gesti\u00f3n de riesgos siempre est\u00e1 disponible.<\/p>\n<p>Como miembro profesional de PADI, tiene acceso a los programas de\u00a0<a href=\"https:\/\/www.diversalertnetwork.org\/insurance\/\" target=\"_blank\" rel=\"noopener\">seguro m\u00e1s completos<\/a>\u00a0de la industria del buceo. Estos programas brindan cobertura especializada para tiendas de buceo, centros tur\u00edsticos, botes de buceo e instructores de buceo.<\/p>\n<p>La confianza que se obtiene al contar con el equipo de defensa legal m\u00e1s s\u00f3lido y exitoso de la industria detr\u00e1s de usted no tiene precio. PADI dado su tama\u00f1o tiene el poder de representar los intereses del buceo y el medio ambiente frente a la legislaci\u00f3n o regulaci\u00f3n.<\/p>\n<p>Sabemos que tan seguro como puede ser el buceo, siempre existe el riesgo involucrado. Prot\u00e9jase con lo mejor y no se conforme con nada menos.<\/p>\n<p><b>Cuidado del medio ambiente<\/b><\/p>\n<p>Como l\u00edder mundial en educaci\u00f3n para buceadores, la organizaci\u00f3n PADI toma en serio su papel en la administraci\u00f3n ambiental. Al asociarse con\u00a0<a href=\"http:\/\/www.projectaware.org\/\" target=\"_blank\" rel=\"noopener\">Project AWARE<\/a>, las oficinas de PADI, los miembros y PADI Divers donan tiempo y recursos para ayudar a proteger el mundo submarino. Los buzos son educados en el cuidado de los recursos de nuestros oc\u00e9anos y en c\u00f3mo implementar un cambio duradero.<\/p>\n<p>Sin tener un podio tan grande, es mucho m\u00e1s dif\u00edcil ser escuchado. Project AWARE ofrece una plataforma global para apoyar y difundir la palabra. Han creado materiales educativos, especialidades y marcas para ayudar a crear embajadores submarinos. Ya que es bastante dif\u00edcil hacer un cambio, pero con PADI a tu lado, las posibilidades son infinitas.<\/p>\n<p>Un oc\u00e9ano saludable es fundamental no solo para nuestro sustento, sino tambi\u00e9n para las vidas de las generaciones futuras. Use el nombre PADI para ayudar a educarse a usted mismo y a sus futuros buceadores. Vive el sue\u00f1o y anima a otros a hacer lo mismo. Unidos podemos hacer una diferencia.<\/p>\n","protected":false},"excerpt":{"rendered":"<p>PADI \u2022 L\u00edderes mundiales en educaci\u00f3n para buceadores durante m\u00e1s de 50 a\u00f1os Reconocimiento global La marca La marca y el logotipo PADI son reconocidos en todo el mundo como la representaci\u00f3n de los buceadores . Los profesionales PADI, los\u00a0cursos PADI\u00a0y los materiales educativos PADI son los m\u00e1s demandados en la industria del buceo. Las [&hellip;]<\/p>\n","protected":false},"author":1,"featured_media":5222,"parent":0,"menu_order":0,"comment_status":"closed","ping_status":"closed","template":"","meta":{"_acf_changed":false,"footnotes":""},"class_list":["post-3327","page","type-page","status-publish","has-post-thumbnail","hentry"],"acf":[],"yoast_head":"<!-- This site is optimized with the Yoast SEO Premium plugin v27.5 (Yoast SEO v27.5) - https:\/\/yoast.com\/product\/yoast-seo-premium-wordpress\/ -->\n<title>IDC Koh Tao | Elige Padi Para Tu Curso De Instructor de Buceo<\/title>\n<meta name=\"description\" content=\"IDC Koh Tao es uno de los principales centros de buceo de nivel profesional PADI en Asia Pacifico. Un centro de desarrollo de carrera 5 estrellas galardonado con m\u00faltiples premios que proporciona los m\u00e1s altos est\u00e1ndares de entrenamiento para buceadores. PADI es el l\u00edder mundial en educaci\u00f3n de buceadores y se estableci\u00f3 hace m\u00e1s de 50 a\u00f1os.\" \/>\n<meta name=\"robots\" content=\"index, follow, max-snippet:-1, max-image-preview:large, max-video-preview:-1\" \/>\n<link rel=\"canonical\" href=\"https:\/\/idckohtao.com\/es\/why-choose-padi\/\" \/>\n<meta property=\"og:locale\" content=\"es_ES\" \/>\n<meta property=\"og:type\" content=\"article\" \/>\n<meta property=\"og:title\" content=\"IDC Koh Tao | Elige Padi Para Tu Curso De Instructor de Buceo\" \/>\n<meta property=\"og:description\" content=\"IDC Koh Tao es uno de los principales centros de buceo de nivel profesional PADI en Asia Pacifico. Un centro de desarrollo de carrera 5 estrellas galardonado con m\u00faltiples premios que proporciona los m\u00e1s altos est\u00e1ndares de entrenamiento para buceadores. PADI es el l\u00edder mundial en educaci\u00f3n de buceadores y se estableci\u00f3 hace m\u00e1s de 50 a\u00f1os.\" \/>\n<meta property=\"og:url\" content=\"https:\/\/idckohtao.com\/es\/why-choose-padi\/\" \/>\n<meta property=\"og:site_name\" content=\"IDC Koh Tao\" \/>\n<meta property=\"article:publisher\" content=\"https:\/\/www.facebook.com\/GoProIDCKohTao\" \/>\n<meta property=\"article:modified_time\" content=\"2023-09-16T22:10:35+00:00\" \/>\n<meta property=\"og:image\" content=\"https:\/\/idckohtao.com\/wp-content\/uploads\/2023\/09\/idckohtao.com-diver-instructor-course-in-thailand.jpeg\" \/>\n\t<meta property=\"og:image:width\" content=\"1200\" \/>\n\t<meta property=\"og:image:height\" content=\"900\" \/>\n\t<meta property=\"og:image:type\" content=\"image\/jpeg\" \/>\n<meta name=\"twitter:card\" content=\"summary_large_image\" \/>\n<meta name=\"twitter:title\" content=\"IDC Koh Tao | Elige Padi Para Tu Curso De Instructor de Buceo\" \/>\n<meta name=\"twitter:description\" content=\"IDC Koh Tao es uno de los principales centros de buceo de nivel profesional PADI en Asia Pacifico. Un centro de desarrollo de carrera 5 estrellas galardonado con m\u00faltiples premios que proporciona los m\u00e1s altos est\u00e1ndares de entrenamiento para buceadores. PADI es el l\u00edder mundial en educaci\u00f3n de buceadores y se estableci\u00f3 hace m\u00e1s de 50 a\u00f1os.\" \/>\n<meta name=\"twitter:site\" content=\"@GoProIDCKohTao\" \/>\n<!-- \/ Yoast SEO Premium plugin. -->","yoast_head_json":{"title":"IDC Koh Tao | Elige Padi Para Tu Curso De Instructor de Buceo","description":"IDC Koh Tao es uno de los principales centros de buceo de nivel profesional PADI en Asia Pacifico. Un centro de desarrollo de carrera 5 estrellas galardonado con m\u00faltiples premios que proporciona los m\u00e1s altos est\u00e1ndares de entrenamiento para buceadores. PADI es el l\u00edder mundial en educaci\u00f3n de buceadores y se estableci\u00f3 hace m\u00e1s de 50 a\u00f1os.","robots":{"index":"index","follow":"follow","max-snippet":"max-snippet:-1","max-image-preview":"max-image-preview:large","max-video-preview":"max-video-preview:-1"},"canonical":"https:\/\/idckohtao.com\/es\/why-choose-padi\/","og_locale":"es_ES","og_type":"article","og_title":"IDC Koh Tao | Elige Padi Para Tu Curso De Instructor de Buceo","og_description":"IDC Koh Tao es uno de los principales centros de buceo de nivel profesional PADI en Asia Pacifico. Un centro de desarrollo de carrera 5 estrellas galardonado con m\u00faltiples premios que proporciona los m\u00e1s altos est\u00e1ndares de entrenamiento para buceadores. PADI es el l\u00edder mundial en educaci\u00f3n de buceadores y se estableci\u00f3 hace m\u00e1s de 50 a\u00f1os.","og_url":"https:\/\/idckohtao.com\/es\/why-choose-padi\/","og_site_name":"IDC Koh Tao","article_publisher":"https:\/\/www.facebook.com\/GoProIDCKohTao","article_modified_time":"2023-09-16T22:10:35+00:00","og_image":[{"width":1200,"height":900,"url":"https:\/\/idckohtao.com\/wp-content\/uploads\/2023\/09\/idckohtao.com-diver-instructor-course-in-thailand.jpeg","type":"image\/jpeg"}],"twitter_card":"summary_large_image","twitter_title":"IDC Koh Tao | Elige Padi Para Tu Curso De Instructor de Buceo","twitter_description":"IDC Koh Tao es uno de los principales centros de buceo de nivel profesional PADI en Asia Pacifico. Un centro de desarrollo de carrera 5 estrellas galardonado con m\u00faltiples premios que proporciona los m\u00e1s altos est\u00e1ndares de entrenamiento para buceadores. PADI es el l\u00edder mundial en educaci\u00f3n de buceadores y se estableci\u00f3 hace m\u00e1s de 50 a\u00f1os.","twitter_site":"@GoProIDCKohTao","schema":{"@context":"https:\/\/schema.org","@graph":[{"@type":"NewsArticle","@id":"https:\/\/idckohtao.com\/es\/why-choose-padi\/#article","isPartOf":{"@id":"https:\/\/idckohtao.com\/es\/why-choose-padi\/"},"author":{"name":"ojasya","@id":"https:\/\/idckohtao.com\/es\/#\/schema\/person\/d08d557cbfdbc171f824052dae697b02"},"headline":"\u00bfPor qu\u00e9 elegir PADI","datePublished":"2023-08-10T07:33:16+00:00","dateModified":"2023-09-16T22:10:35+00:00","mainEntityOfPage":{"@id":"https:\/\/idckohtao.com\/es\/why-choose-padi\/"},"wordCount":1246,"publisher":{"@id":"https:\/\/idckohtao.com\/es\/#organization"},"image":{"@id":"https:\/\/idckohtao.com\/es\/why-choose-padi\/#primaryimage"},"thumbnailUrl":"https:\/\/idckohtao.com\/wp-content\/uploads\/2023\/09\/idckohtao.com-diver-instructor-course-in-thailand.jpeg","inLanguage":"es"},{"@type":"WebPage","@id":"https:\/\/idckohtao.com\/es\/why-choose-padi\/","url":"https:\/\/idckohtao.com\/es\/why-choose-padi\/","name":"IDC Koh Tao | Elige Padi Para Tu Curso De Instructor de Buceo","isPartOf":{"@id":"https:\/\/idckohtao.com\/es\/#website"},"primaryImageOfPage":{"@id":"https:\/\/idckohtao.com\/es\/why-choose-padi\/#primaryimage"},"image":{"@id":"https:\/\/idckohtao.com\/es\/why-choose-padi\/#primaryimage"},"thumbnailUrl":"https:\/\/idckohtao.com\/wp-content\/uploads\/2023\/09\/idckohtao.com-diver-instructor-course-in-thailand.jpeg","datePublished":"2023-08-10T07:33:16+00:00","dateModified":"2023-09-16T22:10:35+00:00","description":"IDC Koh Tao es uno de los principales centros de buceo de nivel profesional PADI en Asia Pacifico. Un centro de desarrollo de carrera 5 estrellas galardonado con m\u00faltiples premios que proporciona los m\u00e1s altos est\u00e1ndares de entrenamiento para buceadores. PADI es el l\u00edder mundial en educaci\u00f3n de buceadores y se estableci\u00f3 hace m\u00e1s de 50 a\u00f1os.","breadcrumb":{"@id":"https:\/\/idckohtao.com\/es\/why-choose-padi\/#breadcrumb"},"inLanguage":"es","potentialAction":[{"@type":"ReadAction","target":["https:\/\/idckohtao.com\/es\/why-choose-padi\/"]}]},{"@type":"ImageObject","inLanguage":"es","@id":"https:\/\/idckohtao.com\/es\/why-choose-padi\/#primaryimage","url":"https:\/\/idckohtao.com\/wp-content\/uploads\/2023\/09\/idckohtao.com-diver-instructor-course-in-thailand.jpeg","contentUrl":"https:\/\/idckohtao.com\/wp-content\/uploads\/2023\/09\/idckohtao.com-diver-instructor-course-in-thailand.jpeg","width":1200,"height":900,"caption":"PADI IDC Confined Water"},{"@type":"BreadcrumbList","@id":"https:\/\/idckohtao.com\/es\/why-choose-padi\/#breadcrumb","itemListElement":[{"@type":"ListItem","position":1,"name":"Home","item":"https:\/\/idckohtao.com\/es\/"},{"@type":"ListItem","position":2,"name":"\u00bfPor qu\u00e9 elegir PADI"}]},{"@type":"WebSite","@id":"https:\/\/idckohtao.com\/es\/#website","url":"https:\/\/idckohtao.com\/es\/","name":"IDC Koh Tao","description":"PADI IDC 5 Star Diving Center in Koh Tao - Thailand","publisher":{"@id":"https:\/\/idckohtao.com\/es\/#organization"},"alternateName":"IDC Koh Tao in Thailand","potentialAction":[{"@type":"SearchAction","target":{"@type":"EntryPoint","urlTemplate":"https:\/\/idckohtao.com\/es\/?s={search_term_string}"},"query-input":{"@type":"PropertyValueSpecification","valueRequired":true,"valueName":"search_term_string"}}],"inLanguage":"es"},{"@type":"Organization","@id":"https:\/\/idckohtao.com\/es\/#organization","name":"IDC Koh Tao","alternateName":"IDC Koh Tao | Divemaster & Diving Instructor","url":"https:\/\/idckohtao.com\/es\/","logo":{"@type":"ImageObject","inLanguage":"es","@id":"https:\/\/idckohtao.com\/es\/#\/schema\/logo\/image\/","url":"https:\/\/idckohtao.com\/wp-content\/uploads\/2023\/09\/idckohtao.com-padi-diving-center-in-koh-tao-thailand.png","contentUrl":"https:\/\/idckohtao.com\/wp-content\/uploads\/2023\/09\/idckohtao.com-padi-diving-center-in-koh-tao-thailand.png","width":400,"height":300,"caption":"IDC Koh Tao"},"image":{"@id":"https:\/\/idckohtao.com\/es\/#\/schema\/logo\/image\/"},"sameAs":["https:\/\/www.facebook.com\/GoProIDCKohTao","https:\/\/x.com\/GoProIDCKohTao","https:\/\/www.youtube.com\/idckohtao","https:\/\/www.instagram.com\/idc.kohtao\/"],"description":"IDC Koh Tao is a part of the Black Turtle Dive pro level training team with three PADI Course Directors being led by Award Winning PADI Course Director Matt Bolton. Our full range of pro and recreational PADI Diving Courses provides aspiring scuba divers with education, fun, excitement, adventure, and a change of lifestyle or an opportunity to pursue a new career.","email":"info@idckohtao.com","legalName":"IDC Koh Tao","foundingDate":"2004-01-04","numberOfEmployees":{"@type":"QuantitativeValue","minValue":"1","maxValue":"10"},"correctionsPolicy":"https:\/\/idckohtao.com\/privacy-policy\/","ethicsPolicy":"https:\/\/idckohtao.com\/terms\/"},{"@type":"Person","@id":"https:\/\/idckohtao.com\/es\/#\/schema\/person\/d08d557cbfdbc171f824052dae697b02","name":"ojasya","image":{"@type":"ImageObject","inLanguage":"es","@id":"https:\/\/secure.gravatar.com\/avatar\/6fb34e36d09053a6545fc21d344613321bb1933f185132488f38052166f5a001?s=96&d=mm&r=g","url":"https:\/\/secure.gravatar.com\/avatar\/6fb34e36d09053a6545fc21d344613321bb1933f185132488f38052166f5a001?s=96&d=mm&r=g","contentUrl":"https:\/\/secure.gravatar.com\/avatar\/6fb34e36d09053a6545fc21d344613321bb1933f185132488f38052166f5a001?s=96&d=mm&r=g","caption":"ojasya"},"sameAs":["https:\/\/idckohtao.com"],"url":"https:\/\/idckohtao.com\/es\/blog\/author\/ojasya\/"}]}},"_links":{"self":[{"href":"https:\/\/idckohtao.com\/es\/wp-json\/wp\/v2\/pages\/3327","targetHints":{"allow":["GET"]}}],"collection":[{"href":"https:\/\/idckohtao.com\/es\/wp-json\/wp\/v2\/pages"}],"about":[{"href":"https:\/\/idckohtao.com\/es\/wp-json\/wp\/v2\/types\/page"}],"author":[{"embeddable":true,"href":"https:\/\/idckohtao.com\/es\/wp-json\/wp\/v2\/users\/1"}],"replies":[{"embeddable":true,"href":"https:\/\/idckohtao.com\/es\/wp-json\/wp\/v2\/comments?post=3327"}],"version-history":[{"count":0,"href":"https:\/\/idckohtao.com\/es\/wp-json\/wp\/v2\/pages\/3327\/revisions"}],"wp:featuredmedia":[{"embeddable":true,"href":"https:\/\/idckohtao.com\/es\/wp-json\/wp\/v2\/media\/5222"}],"wp:attachment":[{"href":"https:\/\/idckohtao.com\/es\/wp-json\/wp\/v2\/media?parent=3327"}],"curies":[{"name":"wp","href":"https:\/\/api.w.org\/{rel}","templated":true}]}}