{"id":3330,"date":"2023-08-10T10:25:26","date_gmt":"2023-08-10T10:25:26","guid":{"rendered":"https:\/\/idckohtao.com\/wreck-instructor-specialty\/"},"modified":"2026-01-01T10:06:28","modified_gmt":"2026-01-01T10:06:28","slug":"wreck-instructor-specialty","status":"publish","type":"page","link":"https:\/\/idckohtao.com\/es\/pro-level-courses\/wreck-instructor-specialty\/","title":{"rendered":"Wreck Instructor Specialty"},"content":{"rendered":"<div class=\"wpb-content-wrapper\"><p>[vc_row][vc_column][vc_column_text css=\u00bb\u00bb]<\/p>\n<h2>Curso de Instructor PADI de especialidad en Pecios, Koh Tao,Thailand<\/h2>\n<p>El buceo no se trata solo de nadar en hermosos arrecifes de coral. Barcos, aviones e incluso autom\u00f3viles yacen en el fondo del mar esperando ser explorados. Como instructor especializado en naufragios PADI podr\u00e1 ense\u00f1arles a sus estudiantes c\u00f3mo navegar y explorar con seguridad los restos de un naufragio, incluido el uso de l\u00edneas de penetraci\u00f3n para entrar dentro.<\/p>\n<p><b>Naufragio de buceo alrededor de Koh Tao<\/b><\/p>\n<p>El ex US Ship HTMS Sattakut fue donado a Koh Tao y hundido en 2011. Acostado verticalmente a 30 metros de profundidad, este es el pecio perfecto para completar las inmersiones de entrenamiento. Con ca\u00f1ones a proa y popa y una gran cantidad de vida marina por dentro y por fuera, el HTMS Sattakut ofrece una excelente experiencia de entrenamiento tanto para buzos principiantes como avanzados.<\/p>\n<p><b>\u00bfQui\u00e9n puede inscribirse en el curso PADI Wreck Specialty Instructor?<\/b><\/p>\n<p>Un\u00a0<strong><a href=\"https:\/\/idckohtao.com\/es\/pro-level-courses\/padi-instructor-development-course\/\">PADI Open Water Scuba Instructor activo para la ense\u00f1anza (OWSI)<\/a><\/strong><\/p>\n<p>Nota: Los candidatos de IDC \/ OWSI pueden participar en el curso de capacitaci\u00f3n de PADI Wreck Specialty Instructor, pero solo pueden solicitar la certificaci\u00f3n de Specialty Instructor luego de aprobar un IE.<\/p>\n<p>Los instructores de naufragio deben tener un m\u00ednimo de 10 inmersiones naufragio antes de la certificaci\u00f3n. Este es un requisito de salida del curso y las inmersiones se pueden completar siguiendo el curso de capacitaci\u00f3n del instructor.<\/p>\n<p><img decoding=\"async\" class=\"alignnone wp-image-877 size-large\" src=\"https:\/\/idckohtao.com\/wp-content\/uploads\/2023\/08\/idc-ko-tao-wreck-specialty-msdt-training-1024x768.jpg\" alt=\"idc-ko-tao-wreck-specialty-msdt-training\" width=\"1024\" height=\"768\" srcset=\"https:\/\/idckohtao.com\/wp-content\/uploads\/2023\/08\/idc-ko-tao-wreck-specialty-msdt-training-1024x768.jpg 1024w, https:\/\/idckohtao.com\/wp-content\/uploads\/2023\/08\/idc-ko-tao-wreck-specialty-msdt-training-300x225.jpg 300w, https:\/\/idckohtao.com\/wp-content\/uploads\/2023\/08\/idc-ko-tao-wreck-specialty-msdt-training-768x576.jpg 768w, https:\/\/idckohtao.com\/wp-content\/uploads\/2023\/08\/idc-ko-tao-wreck-specialty-msdt-training.jpg 1080w\" sizes=\"(max-width: 1024px) 100vw, 1024px\" \/><\/p>\n<p><b>\u00bfQue aprender\u00e1s?<\/b><\/p>\n<p>Usted participar\u00e1 en las siguientes sesiones:<\/p>\n<ul>\n<li>Presentar y sea evaluado en una presentaci\u00f3n prescriptiva de la revisi\u00f3n de conocimiento de especialidad de Wreck-Naufragios<\/li>\n<li>PADI Wreck Normas especiales, procedimientos y el plan de estudios<\/li>\n<li>C\u00f3mo organizar , dirigir y comercializar el curso de especialidad PADI Wreck<\/li>\n<li>Sesiones de desarrollo de habilidades en mar abierto: donde aprender\u00e1 c\u00f3mo demostrar, ejecutar y evaluar las habilidades de sus estudiantes del curso de especialidad PADI Wreck.<\/li>\n<\/ul>\n<p>Completar\u00e1s las inmersiones de entrenamiento en aguas abiertas en HTMS Sattakut<\/p>\n<p>Como instructor de especialidad PADI Wreck, est\u00e1s certificado para ense\u00f1ar de forma independiente el <strong>curso de especialidad PADI Wreck<\/strong>[\/vc_column_text]<div class=\"text-left\"><div class=\"bt-course-price\"><h4>Precio del curso: 4,000 THB<\/h4><a href=\"https:\/\/idckohtao.com\/es\/packages-prices\" class=\"button\">RESERVALO AHORA<\/a><\/div><\/div>[vc_column_text css=\u00bb\u00bb]<b>Materiales PADI:<\/b><\/p>\n<p><i>Por favor traiga su Manual PADI Specialty Course Instructor. Que Recibi\u00f3 como parte del paquete IDC Crew Pack durante su IDC.<\/i><\/p>\n<p>Adem\u00e1s, tambi\u00e9n necesitar\u00e1 una copia del Manual del instructor PADI. del 2010, el manual del Instructor est\u00e1 disponible como descarga gratuita para todos los miembros PADI que se renueven desde\u00a0<a href=\"https:\/\/www.padi.com\/mypadi\/\" target=\"_blank\" rel=\"noopener\">www.padi.com\/mypadi<\/a><\/p>\n<p><b>PADI Fees \u00a0<\/b><\/p>\n<p>Tarifa de solicitud PADI Instructor Especializado En Naufragios: <b>AUD$ 145<\/b>[\/vc_column_text][\/vc_column][\/vc_row]<\/p>\n<\/div>","protected":false},"excerpt":{"rendered":"<p>[vc_row][vc_column][vc_column_text css=\u00bb\u00bb] Curso de Instructor PADI de especialidad en Pecios, Koh Tao,Thailand El buceo no se trata solo de nadar en hermosos arrecifes de coral. Barcos, aviones e incluso autom\u00f3viles yacen en el fondo del mar esperando ser explorados. Como instructor especializado en naufragios PADI podr\u00e1 ense\u00f1arles a sus estudiantes c\u00f3mo navegar y explorar con [&hellip;]<\/p>\n","protected":false},"author":1,"featured_media":4606,"parent":7936,"menu_order":0,"comment_status":"closed","ping_status":"closed","template":"","meta":{"_acf_changed":false,"footnotes":""},"class_list":["post-3330","page","type-page","status-publish","has-post-thumbnail","hentry"],"acf":[],"yoast_head":"<!-- This site is optimized with the Yoast SEO Premium plugin v27.5 (Yoast SEO v27.5) - https:\/\/yoast.com\/product\/yoast-seo-premium-wordpress\/ -->\n<title>MSDT PADI Instructor Especializado En Naufragios<\/title>\n<meta name=\"description\" content=\"Nuestro curso de instructores especializados en naufragios PADI en Koh Tao lo certifica como un instructor especializado en naufragios que puede ense\u00f1ar a los estudiantes c\u00f3mo explorar sin peligro los naufragios\" \/>\n<meta name=\"robots\" content=\"index, follow, max-snippet:-1, max-image-preview:large, max-video-preview:-1\" \/>\n<link rel=\"canonical\" href=\"https:\/\/idckohtao.com\/es\/pro-level-courses\/wreck-instructor-specialty\/\" \/>\n<meta property=\"og:locale\" content=\"es_ES\" \/>\n<meta property=\"og:type\" content=\"article\" \/>\n<meta property=\"og:title\" content=\"IDC Koh Tao | MSDT PADI Instructor Especializado En Naufragios\" \/>\n<meta property=\"og:description\" content=\"Nuestro curso de instructores especializados en naufragios PADI en Koh Tao lo certifica como un instructor especializado en naufragios que puede ense\u00f1ar a los estudiantes c\u00f3mo explorar sin peligro los naufragios\" \/>\n<meta property=\"og:url\" content=\"https:\/\/idckohtao.com\/es\/pro-level-courses\/wreck-instructor-specialty\/\" \/>\n<meta property=\"og:site_name\" content=\"IDC Koh Tao\" \/>\n<meta property=\"article:publisher\" content=\"https:\/\/www.facebook.com\/GoProIDCKohTao\" \/>\n<meta property=\"article:modified_time\" content=\"2026-01-01T10:06:28+00:00\" \/>\n<meta property=\"og:image\" content=\"https:\/\/idckohtao.com\/wp-content\/uploads\/2023\/09\/idckohtao.com-wreck-diving-on-koh-tao-in-thailand.jpeg\" \/>\n\t<meta property=\"og:image:width\" content=\"1200\" \/>\n\t<meta property=\"og:image:height\" content=\"802\" \/>\n\t<meta property=\"og:image:type\" content=\"image\/jpeg\" \/>\n<meta name=\"twitter:card\" content=\"summary_large_image\" \/>\n<meta name=\"twitter:title\" content=\"IDC Koh Tao | MSDT PADI Instructor Especializado En Naufragios\" \/>\n<meta name=\"twitter:description\" content=\"Nuestro curso de instructores especializados en naufragios PADI en Koh Tao lo certifica como un instructor especializado en naufragios que puede ense\u00f1ar a los estudiantes c\u00f3mo explorar sin peligro los naufragios\" \/>\n<meta name=\"twitter:site\" content=\"@GoProIDCKohTao\" \/>\n<!-- \/ Yoast SEO Premium plugin. -->","yoast_head_json":{"title":"MSDT PADI Instructor Especializado En Naufragios","description":"Nuestro curso de instructores especializados en naufragios PADI en Koh Tao lo certifica como un instructor especializado en naufragios que puede ense\u00f1ar a los estudiantes c\u00f3mo explorar sin peligro los naufragios","robots":{"index":"index","follow":"follow","max-snippet":"max-snippet:-1","max-image-preview":"max-image-preview:large","max-video-preview":"max-video-preview:-1"},"canonical":"https:\/\/idckohtao.com\/es\/pro-level-courses\/wreck-instructor-specialty\/","og_locale":"es_ES","og_type":"article","og_title":"IDC Koh Tao | MSDT PADI Instructor Especializado En Naufragios","og_description":"Nuestro curso de instructores especializados en naufragios PADI en Koh Tao lo certifica como un instructor especializado en naufragios que puede ense\u00f1ar a los estudiantes c\u00f3mo explorar sin peligro los naufragios","og_url":"https:\/\/idckohtao.com\/es\/pro-level-courses\/wreck-instructor-specialty\/","og_site_name":"IDC Koh Tao","article_publisher":"https:\/\/www.facebook.com\/GoProIDCKohTao","article_modified_time":"2026-01-01T10:06:28+00:00","og_image":[{"width":1200,"height":802,"url":"https:\/\/idckohtao.com\/wp-content\/uploads\/2023\/09\/idckohtao.com-wreck-diving-on-koh-tao-in-thailand.jpeg","type":"image\/jpeg"}],"twitter_card":"summary_large_image","twitter_title":"IDC Koh Tao | MSDT PADI Instructor Especializado En Naufragios","twitter_description":"Nuestro curso de instructores especializados en naufragios PADI en Koh Tao lo certifica como un instructor especializado en naufragios que puede ense\u00f1ar a los estudiantes c\u00f3mo explorar sin peligro los naufragios","twitter_site":"@GoProIDCKohTao","schema":{"@context":"https:\/\/schema.org","@graph":[{"@type":"NewsArticle","@id":"https:\/\/idckohtao.com\/es\/pro-level-courses\/wreck-instructor-specialty\/#article","isPartOf":{"@id":"https:\/\/idckohtao.com\/es\/pro-level-courses\/wreck-instructor-specialty\/"},"author":{"name":"ojasya","@id":"https:\/\/idckohtao.com\/es\/#\/schema\/person\/d08d557cbfdbc171f824052dae697b02"},"headline":"Wreck Instructor Specialty","datePublished":"2023-08-10T10:25:26+00:00","dateModified":"2026-01-01T10:06:28+00:00","mainEntityOfPage":{"@id":"https:\/\/idckohtao.com\/es\/pro-level-courses\/wreck-instructor-specialty\/"},"wordCount":454,"publisher":{"@id":"https:\/\/idckohtao.com\/es\/#organization"},"image":{"@id":"https:\/\/idckohtao.com\/es\/pro-level-courses\/wreck-instructor-specialty\/#primaryimage"},"thumbnailUrl":"https:\/\/idckohtao.com\/wp-content\/uploads\/2023\/09\/idckohtao.com-wreck-diving-on-koh-tao-in-thailand.jpeg","inLanguage":"es"},{"@type":"WebPage","@id":"https:\/\/idckohtao.com\/es\/pro-level-courses\/wreck-instructor-specialty\/","url":"https:\/\/idckohtao.com\/es\/pro-level-courses\/wreck-instructor-specialty\/","name":"MSDT PADI Instructor Especializado En Naufragios","isPartOf":{"@id":"https:\/\/idckohtao.com\/es\/#website"},"primaryImageOfPage":{"@id":"https:\/\/idckohtao.com\/es\/pro-level-courses\/wreck-instructor-specialty\/#primaryimage"},"image":{"@id":"https:\/\/idckohtao.com\/es\/pro-level-courses\/wreck-instructor-specialty\/#primaryimage"},"thumbnailUrl":"https:\/\/idckohtao.com\/wp-content\/uploads\/2023\/09\/idckohtao.com-wreck-diving-on-koh-tao-in-thailand.jpeg","datePublished":"2023-08-10T10:25:26+00:00","dateModified":"2026-01-01T10:06:28+00:00","description":"Nuestro curso de instructores especializados en naufragios PADI en Koh Tao lo certifica como un instructor especializado en naufragios que puede ense\u00f1ar a los estudiantes c\u00f3mo explorar sin peligro los naufragios","breadcrumb":{"@id":"https:\/\/idckohtao.com\/es\/pro-level-courses\/wreck-instructor-specialty\/#breadcrumb"},"inLanguage":"es","potentialAction":[{"@type":"ReadAction","target":["https:\/\/idckohtao.com\/es\/pro-level-courses\/wreck-instructor-specialty\/"]}]},{"@type":"ImageObject","inLanguage":"es","@id":"https:\/\/idckohtao.com\/es\/pro-level-courses\/wreck-instructor-specialty\/#primaryimage","url":"https:\/\/idckohtao.com\/wp-content\/uploads\/2023\/09\/idckohtao.com-wreck-diving-on-koh-tao-in-thailand.jpeg","contentUrl":"https:\/\/idckohtao.com\/wp-content\/uploads\/2023\/09\/idckohtao.com-wreck-diving-on-koh-tao-in-thailand.jpeg","width":1200,"height":802,"caption":"expliring wrecks on koh tao in thaoland"},{"@type":"BreadcrumbList","@id":"https:\/\/idckohtao.com\/es\/pro-level-courses\/wreck-instructor-specialty\/#breadcrumb","itemListElement":[{"@type":"ListItem","position":1,"name":"Home","item":"https:\/\/idckohtao.com\/es\/"},{"@type":"ListItem","position":2,"name":"Pro level","item":"https:\/\/idckohtao.com\/es\/pro-level-courses\/"},{"@type":"ListItem","position":3,"name":"Wreck Instructor Specialty"}]},{"@type":"WebSite","@id":"https:\/\/idckohtao.com\/es\/#website","url":"https:\/\/idckohtao.com\/es\/","name":"IDC Koh Tao","description":"PADI IDC 5 Star Diving Center in Koh Tao - Thailand","publisher":{"@id":"https:\/\/idckohtao.com\/es\/#organization"},"alternateName":"IDC Koh Tao in Thailand","potentialAction":[{"@type":"SearchAction","target":{"@type":"EntryPoint","urlTemplate":"https:\/\/idckohtao.com\/es\/?s={search_term_string}"},"query-input":{"@type":"PropertyValueSpecification","valueRequired":true,"valueName":"search_term_string"}}],"inLanguage":"es"},{"@type":"Organization","@id":"https:\/\/idckohtao.com\/es\/#organization","name":"IDC Koh Tao","alternateName":"IDC Koh Tao | Divemaster & Diving Instructor","url":"https:\/\/idckohtao.com\/es\/","logo":{"@type":"ImageObject","inLanguage":"es","@id":"https:\/\/idckohtao.com\/es\/#\/schema\/logo\/image\/","url":"https:\/\/idckohtao.com\/wp-content\/uploads\/2023\/09\/idckohtao.com-padi-diving-center-in-koh-tao-thailand.png","contentUrl":"https:\/\/idckohtao.com\/wp-content\/uploads\/2023\/09\/idckohtao.com-padi-diving-center-in-koh-tao-thailand.png","width":400,"height":300,"caption":"IDC Koh Tao"},"image":{"@id":"https:\/\/idckohtao.com\/es\/#\/schema\/logo\/image\/"},"sameAs":["https:\/\/www.facebook.com\/GoProIDCKohTao","https:\/\/x.com\/GoProIDCKohTao","https:\/\/www.youtube.com\/idckohtao","https:\/\/www.instagram.com\/idc.kohtao\/"],"description":"IDC Koh Tao is a part of the Black Turtle Dive pro level training team with three PADI Course Directors being led by Award Winning PADI Course Director Matt Bolton. Our full range of pro and recreational PADI Diving Courses provides aspiring scuba divers with education, fun, excitement, adventure, and a change of lifestyle or an opportunity to pursue a new career.","email":"info@idckohtao.com","legalName":"IDC Koh Tao","foundingDate":"2004-01-04","numberOfEmployees":{"@type":"QuantitativeValue","minValue":"1","maxValue":"10"},"correctionsPolicy":"https:\/\/idckohtao.com\/privacy-policy\/","ethicsPolicy":"https:\/\/idckohtao.com\/terms\/"},{"@type":"Person","@id":"https:\/\/idckohtao.com\/es\/#\/schema\/person\/d08d557cbfdbc171f824052dae697b02","name":"ojasya","image":{"@type":"ImageObject","inLanguage":"es","@id":"https:\/\/secure.gravatar.com\/avatar\/6fb34e36d09053a6545fc21d344613321bb1933f185132488f38052166f5a001?s=96&d=mm&r=g","url":"https:\/\/secure.gravatar.com\/avatar\/6fb34e36d09053a6545fc21d344613321bb1933f185132488f38052166f5a001?s=96&d=mm&r=g","contentUrl":"https:\/\/secure.gravatar.com\/avatar\/6fb34e36d09053a6545fc21d344613321bb1933f185132488f38052166f5a001?s=96&d=mm&r=g","caption":"ojasya"},"sameAs":["https:\/\/idckohtao.com"],"url":"https:\/\/idckohtao.com\/es\/blog\/author\/ojasya\/"}]}},"_links":{"self":[{"href":"https:\/\/idckohtao.com\/es\/wp-json\/wp\/v2\/pages\/3330","targetHints":{"allow":["GET"]}}],"collection":[{"href":"https:\/\/idckohtao.com\/es\/wp-json\/wp\/v2\/pages"}],"about":[{"href":"https:\/\/idckohtao.com\/es\/wp-json\/wp\/v2\/types\/page"}],"author":[{"embeddable":true,"href":"https:\/\/idckohtao.com\/es\/wp-json\/wp\/v2\/users\/1"}],"replies":[{"embeddable":true,"href":"https:\/\/idckohtao.com\/es\/wp-json\/wp\/v2\/comments?post=3330"}],"version-history":[{"count":3,"href":"https:\/\/idckohtao.com\/es\/wp-json\/wp\/v2\/pages\/3330\/revisions"}],"predecessor-version":[{"id":7595,"href":"https:\/\/idckohtao.com\/es\/wp-json\/wp\/v2\/pages\/3330\/revisions\/7595"}],"up":[{"embeddable":true,"href":"https:\/\/idckohtao.com\/es\/wp-json\/wp\/v2\/pages\/7936"}],"wp:featuredmedia":[{"embeddable":true,"href":"https:\/\/idckohtao.com\/es\/wp-json\/wp\/v2\/media\/4606"}],"wp:attachment":[{"href":"https:\/\/idckohtao.com\/es\/wp-json\/wp\/v2\/media?parent=3330"}],"curies":[{"name":"wp","href":"https:\/\/api.w.org\/{rel}","templated":true}]}}