{"id":3437,"date":"2023-08-11T07:23:00","date_gmt":"2023-08-11T07:23:00","guid":{"rendered":"https:\/\/idckohtao.com\/padi-course-director-matt-bolton\/"},"modified":"2026-04-23T05:03:40","modified_gmt":"2026-04-23T05:03:40","slug":"padi-course-director-matt-bolton","status":"publish","type":"page","link":"https:\/\/idckohtao.com\/es\/padi-course-director-matt-bolton\/","title":{"rendered":"PADI Course Director Matt Bolton"},"content":{"rendered":"<div class=\"wpb-content-wrapper\"><p>[vc_row][vc_column][vc_column_text css=\u00bb\u00bb]<\/p>\n<h2>Multi Award Winning Platinum PADI Course Director Matt Bolton<\/h2>\n<h2>MATT BOLTON<\/h2>\n<h4>PADI Course Director #<strong>463559<\/strong><\/h4>\n<p><a class=\"fasc-button fasc-size-medium fasc-type-flat\" style=\"background-color: #33809e; color: #ffffff;\" target=\"_blank\" rel=\"noopener\" href=\"https:\/\/idckohtao.com\/wp-content\/uploads\/2023\/08\/Matt-Bolton-Open-Letter.pdf\">MATT&#8217;S OPEN LETTER<\/a><\/p>\n<p>Matt ha trabajado en la&nbsp;<a href=\"https:\/\/idckohtao.com\/es\/blog\/why-choose-koh-tao-for-a-padi-dive-instructor-course\/\">industria del buceo<\/a> durante m\u00e1s de 28 a\u00f1os, impartiendo <a href=\"https:\/\/idckohtao.com\/es\/pro-level-courses\/padi-instructor-development-course\/\">cursos de desarrollo de instructores<\/a> (IDC) durante los \u00faltimos 20 a\u00f1os en <a href=\"https:\/\/idckohtao.com\/es\/why-choose-koh-tao\/\">Koh Tao<\/a>.<\/p>\n<p>Matt es responsable de haber ense\u00f1ado a muchos de los propietarios, gerentes y exitosos directores de cursos de buceo de la actualidad.<\/p>\n<p>El director del curso Platinum PADI, Matt Bolton, es uno de los pocos directores de cursos con sede en Asia que han sido seleccionados para asistir al prestigioso curso de capacitaci\u00f3n de directores de curso en la sede de PADI en California.<\/p>\n<p>Es muy respetado dentro de la industria del buceo en todo el mundo y Matt fue invitado a ense\u00f1ar el primer IDC en India, Timor Oriental y Om\u00e1n.<\/p>\n<p>Matt tambi\u00e9n fue seleccionado para ense\u00f1ar en Penang, Malasia, como parte de una iniciativa del Gobierno para aumentar el n\u00famero de profesionales de buceo locales que trabajan en su industria de buceo.<\/p>\n<p>Una de las principales \u00e1reas de enfoque de Matt es el negocio del buceo, demostrado por su \u00e9xito dentro de la industria.<\/p>\n<p><img decoding=\"async\" class=\"alignnone wp-image-944 size-full\" src=\"https:\/\/idckohtao.com\/wp-content\/uploads\/2023\/08\/padi-idc-koh-tao-confined-water-presentations.jpg\" alt=\"padi-idc-koh-tao-confined-water-presentations\" width=\"1000\" height=\"608\" srcset=\"https:\/\/idckohtao.com\/wp-content\/uploads\/2023\/08\/padi-idc-koh-tao-confined-water-presentations.jpg 1000w, https:\/\/idckohtao.com\/wp-content\/uploads\/2023\/08\/padi-idc-koh-tao-confined-water-presentations-300x182.jpg 300w, https:\/\/idckohtao.com\/wp-content\/uploads\/2023\/08\/padi-idc-koh-tao-confined-water-presentations-768x467.jpg 768w\" sizes=\"(max-width: 1000px) 100vw, 1000px\" \/><\/p>\n<p>Construy\u00f3 Crystal Dive desde un peque\u00f1o centro de buceo no afiliado, a una de las marcas de buceo m\u00e1s populares y exitosas del mundo.<\/p>\n<p>Cuando no est\u00e1 ense\u00f1ando IDC\u2019s, el enfoque de Matt es dise\u00f1ar nuevas estrategias de marketing, espec\u00edficamente en las redes y desarrollar nuevas iniciativas educativas.<\/p>\n<p>Una de estas iniciativas educativas es la introducci\u00f3n del plan de estudios de Medio Ambiente y Conservaci\u00f3n que Crystal patrocina junto con Eco Koh Tao, un grupo de conservaci\u00f3n sin fines de lucro que Matt cofund\u00f3 en 2007.<\/p>\n<p>El trabajo de Matt en el desarrollo de instructores, capacitaci\u00f3n de buzos,&nbsp;<a href=\"https:\/\/idckohtao.com\/es\/marine-conservation\/\">conservaci\u00f3n marina<\/a>&nbsp;y el negocio del buceo ha sido reconocido innumerables veces con premios de la industria del buceo.<\/p>\n<p><strong>CALIFICACIONES DE MATT<br \/>\n<\/strong><\/p>\n<p>Director del curso PADI<br \/>\nGesti\u00f3n de Recursos Marinos (MRM)<br \/>\nReef Check Trainer<br \/>\nEFR Instructor primario, secundario y de cuidado para ni\u00f1os<br \/>\nInstructor Avanzado BSAC<\/p>\n<p>Conservation Diver Instructor<br \/>\nEFR Primary, Secondary and Care for Children Instructor Trainer<br \/>\nBSAC Advanced Instructor<br \/>\nSelf-Reliant Diver<\/p>\n<p><img decoding=\"async\" class=\"alignnone wp-image-945 size-large\" src=\"https:\/\/idckohtao.com\/wp-content\/uploads\/2023\/08\/padi-idc-koh-tao-open-water-presentation-matt-bolton-briefing-1024x683.jpg\" alt=\"padi-idc-koh-tao-open-water-presentation-matt-bolton-briefing\" width=\"1024\" height=\"683\" srcset=\"https:\/\/idckohtao.com\/wp-content\/uploads\/2023\/08\/padi-idc-koh-tao-open-water-presentation-matt-bolton-briefing-1024x683.jpg 1024w, https:\/\/idckohtao.com\/wp-content\/uploads\/2023\/08\/padi-idc-koh-tao-open-water-presentation-matt-bolton-briefing-300x200.jpg 300w, https:\/\/idckohtao.com\/wp-content\/uploads\/2023\/08\/padi-idc-koh-tao-open-water-presentation-matt-bolton-briefing-768x512.jpg 768w, https:\/\/idckohtao.com\/wp-content\/uploads\/2023\/08\/padi-idc-koh-tao-open-water-presentation-matt-bolton-briefing.jpg 1080w\" sizes=\"(max-width: 1024px) 100vw, 1024px\" \/><\/p>\n<p><strong>ENTRENADOR DE INSTRUCTORES<br \/>\n<\/strong><\/p>\n<p>Aire enriquecido Nitrox<br \/>\nBuzo profundo<br \/>\nB\u00fasqueda y recuperaci\u00f3n<br \/>\nNavegaci\u00f3n<br \/>\nBuceo Nocturno<br \/>\nVideograf\u00eda subacu\u00e1tica<br \/>\nFotograf\u00eda submarina<br \/>\nFotograf\u00eda digital subacu\u00e1tica<br \/>\nEspecialista en equipo<br \/>\nBuceador de naufragios<br \/>\nMulti nivel<br \/>\nVeh\u00edculo de propulsi\u00f3n de buzo<br \/>\nAWARE Identificacion de peces<br \/>\nNaturalista subacu\u00e1tico<br \/>\nEspecialista en Conciencia de Whaleshark<br \/>\nEspecialista en tortugas marinas<br \/>\nProveedor de ox\u00edgeno de emergencia<br \/>\nProveedor de ox\u00edgeno PADI<br \/>\nEmpleado de centro de buceo<br \/>\nCuidado del coral, Coral Health Chart<br \/>\nAWARE Conservacion de tiburones<br \/>\nBuceador de conciencia de tiburon ballena<br \/>\nDive against Debri<br \/>\nPADI Sidemount Diver<\/p>\n<p><strong>PREMIOS, DIPLOMAS Y LOGROS<\/strong><\/p>\n<p>2007 Cofundador del grupo de conservaci\u00f3n marina sin fines de lucro Eco Koh Tao<\/p>\n<p>2009 Ense\u00f1\u00f3 el primer IDC en India<\/p>\n<p>2011 Ense\u00f1\u00f3 el primer IDC en Timor Oriental<\/p>\n<p>2016 Seleccionado por el Gobierno de Malasia (Yayasan Penerajuto) para llevar a cabo el primer PADI IDC de Penang Island como parte de la iniciativa del Gobierno para alentar a m\u00e1s profesionales de buceo de Malasia a emprender una carrera en la industria del buceo.<\/p>\n<p>Premio PADI Platinum Course Director 2006, 07, 08, 09, 10, 11, 12, 13, 14, 15, 2016, 2017, 2018, 2019, 2020, 2021, 2022, 2023, 2024 &amp; 2025 (20 times) \u2013 Desde su inicio<\/p>\n<p>2017- Distinci\u00f3n \u201cDestacada contribuci\u00f3n al&nbsp;<a href=\"https:\/\/idckohtao.com\/fr\/\">entrenamiento de buceadores<\/a>\u201d<\/p>\n<p>2015 \u2013 Distinci\u00f3n \u201cContribuci\u00f3n sobresaliente a la industria del buceo\u201d por tercera vez<\/p>\n<p>2013 \u2013 Distinci\u00f3n \u201cContribuci\u00f3n sobresaliente al desarrollo de instructores\u201d<\/p>\n<p>2012 \u2013 Distinci\u00f3n \u201cContribuci\u00f3n sobresaliente a la industria del buceo\u201d<\/p>\n<p>2010 \u2013 Distinci\u00f3n \u201cContribuci\u00f3n sobresaliente a la industria del buceo\u201d<\/p>\n<p>2010 \u2013 Premio PADI Asia Pacific de Desarrollo de Instructores<\/p>\n<p>2009 \u2013 Premio PADI Asia Pacific Diver Retention<\/p>\n<p>2009 \u2013 Premio al Logro Ambiental del Proyecto AWARE<\/p>\n<p>2008 \u2013 Premio PADI Asia Pacific de entrenador de buceadores<\/p>\n<p>2008 \u2013 Premio al Logro Ambiental del Proyecto AWARE<\/p>\n<p>2010 \u2013 Premio medioambiental marino PADI Asia Pacific<\/p>\n<p>2009 \u2013 Premio PADI Asia Pacific Negocio sobresaliente<\/p>\n<p>2009 \u2013 Premio medioambiental marino PADI Asia Pacific<\/p>\n<p>2008 \u2013 Premio de Desarrollo de Instructores PADI Asia Pacific<\/p>\n<p>2008 \u2013 Premio medioambiental marino PADI Asia Pacific<\/p>\n<p><img decoding=\"async\" class=\"alignnone wp-image-946 size-large\" src=\"https:\/\/idckohtao.com\/wp-content\/uploads\/2023\/08\/crystal-dive-koh-tao-100000-reasons-to-dive-with-ceo-padi-award-1-1024x682.jpg\" alt=\"crystal-dive-koh-tao-100000-reasons-to-dive-with-ceo-padi-award\" width=\"1024\" height=\"682\" srcset=\"https:\/\/idckohtao.com\/wp-content\/uploads\/2023\/08\/crystal-dive-koh-tao-100000-reasons-to-dive-with-ceo-padi-award-1-1024x682.jpg 1024w, https:\/\/idckohtao.com\/wp-content\/uploads\/2023\/08\/crystal-dive-koh-tao-100000-reasons-to-dive-with-ceo-padi-award-1-300x200.jpg 300w, https:\/\/idckohtao.com\/wp-content\/uploads\/2023\/08\/crystal-dive-koh-tao-100000-reasons-to-dive-with-ceo-padi-award-1-768x512.jpg 768w, https:\/\/idckohtao.com\/wp-content\/uploads\/2023\/08\/crystal-dive-koh-tao-100000-reasons-to-dive-with-ceo-padi-award-1-1536x1024.jpg 1536w, https:\/\/idckohtao.com\/wp-content\/uploads\/2023\/08\/crystal-dive-koh-tao-100000-reasons-to-dive-with-ceo-padi-award-1.jpg 2000w\" sizes=\"(max-width: 1024px) 100vw, 1024px\" \/>[\/vc_column_text][\/vc_column][\/vc_row]<\/p>\n<\/div>","protected":false},"excerpt":{"rendered":"<p>[vc_row][vc_column][vc_column_text css=\u00bb\u00bb] Multi Award Winning Platinum PADI Course Director Matt Bolton MATT BOLTON PADI Course Director #463559 MATT&#8217;S OPEN LETTER Matt ha trabajado en la&nbsp;industria del buceo durante m\u00e1s de 28 a\u00f1os, impartiendo cursos de desarrollo de instructores (IDC) durante los \u00faltimos 20 a\u00f1os en Koh Tao. Matt es responsable de haber ense\u00f1ado a muchos [&hellip;]<\/p>\n","protected":false},"author":1,"featured_media":8144,"parent":0,"menu_order":0,"comment_status":"closed","ping_status":"closed","template":"","meta":{"_acf_changed":false,"footnotes":""},"class_list":["post-3437","page","type-page","status-publish","has-post-thumbnail","hentry"],"acf":[],"yoast_head":"<!-- This site is optimized with the Yoast SEO Premium plugin v27.5 (Yoast SEO v27.5) - https:\/\/yoast.com\/product\/yoast-seo-premium-wordpress\/ -->\n<title>IDC Koh Tao Tailandia | PADI Course Director Matt Bolton<\/title>\n<meta name=\"description\" content=\"Complete su IDC en Koh Tao con el galardonado PADI Course Director, Matt Bolton, y comience su carrera de buceo con el mejor comienzo posible. \u00danete a nosotros.\" \/>\n<meta name=\"robots\" content=\"index, follow, max-snippet:-1, max-image-preview:large, max-video-preview:-1\" \/>\n<link rel=\"canonical\" href=\"https:\/\/idckohtao.com\/es\/padi-course-director-matt-bolton\/\" \/>\n<meta property=\"og:locale\" content=\"es_ES\" \/>\n<meta property=\"og:type\" content=\"article\" \/>\n<meta property=\"og:title\" content=\"IDC Koh Tao Tailandia | PADI Course Director Matt Bolton\" \/>\n<meta property=\"og:description\" content=\"Complete su IDC en Koh Tao con el galardonado PADI Course Director, Matt Bolton, y comience su carrera de buceo con el mejor comienzo posible. \u00danete a nosotros.\" \/>\n<meta property=\"og:url\" content=\"https:\/\/idckohtao.com\/es\/padi-course-director-matt-bolton\/\" \/>\n<meta property=\"og:site_name\" content=\"IDC Koh Tao\" \/>\n<meta property=\"article:publisher\" content=\"https:\/\/www.facebook.com\/GoProIDCKohTao\" \/>\n<meta property=\"article:modified_time\" content=\"2026-04-23T05:03:40+00:00\" \/>\n<meta property=\"og:image\" content=\"https:\/\/idckohtao.com\/wp-content\/uploads\/2023\/08\/crystal-dive-koh-tao-100000-reasons-to-dive-with-padi-president.jpg\" \/>\n\t<meta property=\"og:image:width\" content=\"1080\" \/>\n\t<meta property=\"og:image:height\" content=\"720\" \/>\n\t<meta property=\"og:image:type\" content=\"image\/jpeg\" \/>\n<meta name=\"twitter:card\" content=\"summary_large_image\" \/>\n<meta name=\"twitter:title\" content=\"IDC Koh Tao Tailandia | PADI Course Director Matt Bolton\" \/>\n<meta name=\"twitter:description\" content=\"Complete su IDC en Koh Tao con el galardonado PADI Course Director, Matt Bolton, y comience su carrera de buceo con el mejor comienzo posible. \u00danete a nosotros.\" \/>\n<meta name=\"twitter:site\" content=\"@GoProIDCKohTao\" \/>\n<!-- \/ Yoast SEO Premium plugin. -->","yoast_head_json":{"title":"IDC Koh Tao Tailandia | PADI Course Director Matt Bolton","description":"Complete su IDC en Koh Tao con el galardonado PADI Course Director, Matt Bolton, y comience su carrera de buceo con el mejor comienzo posible. \u00danete a nosotros.","robots":{"index":"index","follow":"follow","max-snippet":"max-snippet:-1","max-image-preview":"max-image-preview:large","max-video-preview":"max-video-preview:-1"},"canonical":"https:\/\/idckohtao.com\/es\/padi-course-director-matt-bolton\/","og_locale":"es_ES","og_type":"article","og_title":"IDC Koh Tao Tailandia | PADI Course Director Matt Bolton","og_description":"Complete su IDC en Koh Tao con el galardonado PADI Course Director, Matt Bolton, y comience su carrera de buceo con el mejor comienzo posible. \u00danete a nosotros.","og_url":"https:\/\/idckohtao.com\/es\/padi-course-director-matt-bolton\/","og_site_name":"IDC Koh Tao","article_publisher":"https:\/\/www.facebook.com\/GoProIDCKohTao","article_modified_time":"2026-04-23T05:03:40+00:00","og_image":[{"width":1080,"height":720,"url":"https:\/\/idckohtao.com\/wp-content\/uploads\/2023\/08\/crystal-dive-koh-tao-100000-reasons-to-dive-with-padi-president.jpg","type":"image\/jpeg"}],"twitter_card":"summary_large_image","twitter_title":"IDC Koh Tao Tailandia | PADI Course Director Matt Bolton","twitter_description":"Complete su IDC en Koh Tao con el galardonado PADI Course Director, Matt Bolton, y comience su carrera de buceo con el mejor comienzo posible. \u00danete a nosotros.","twitter_site":"@GoProIDCKohTao","schema":{"@context":"https:\/\/schema.org","@graph":[{"@type":"NewsArticle","@id":"https:\/\/idckohtao.com\/es\/padi-course-director-matt-bolton\/#article","isPartOf":{"@id":"https:\/\/idckohtao.com\/es\/padi-course-director-matt-bolton\/"},"author":{"name":"ojasya","@id":"https:\/\/idckohtao.com\/es\/#\/schema\/person\/d08d557cbfdbc171f824052dae697b02"},"headline":"PADI Course Director Matt Bolton","datePublished":"2023-08-11T07:23:00+00:00","dateModified":"2026-04-23T05:03:40+00:00","mainEntityOfPage":{"@id":"https:\/\/idckohtao.com\/es\/padi-course-director-matt-bolton\/"},"wordCount":701,"publisher":{"@id":"https:\/\/idckohtao.com\/es\/#organization"},"image":{"@id":"https:\/\/idckohtao.com\/es\/padi-course-director-matt-bolton\/#primaryimage"},"thumbnailUrl":"https:\/\/idckohtao.com\/wp-content\/uploads\/2026\/05\/idckohtao.com-padi-instructors.jpeg","inLanguage":"es"},{"@type":"WebPage","@id":"https:\/\/idckohtao.com\/es\/padi-course-director-matt-bolton\/","url":"https:\/\/idckohtao.com\/es\/padi-course-director-matt-bolton\/","name":"IDC Koh Tao Tailandia | PADI Course Director Matt Bolton","isPartOf":{"@id":"https:\/\/idckohtao.com\/es\/#website"},"primaryImageOfPage":{"@id":"https:\/\/idckohtao.com\/es\/padi-course-director-matt-bolton\/#primaryimage"},"image":{"@id":"https:\/\/idckohtao.com\/es\/padi-course-director-matt-bolton\/#primaryimage"},"thumbnailUrl":"https:\/\/idckohtao.com\/wp-content\/uploads\/2026\/05\/idckohtao.com-padi-instructors.jpeg","datePublished":"2023-08-11T07:23:00+00:00","dateModified":"2026-04-23T05:03:40+00:00","description":"Complete su IDC en Koh Tao con el galardonado PADI Course Director, Matt Bolton, y comience su carrera de buceo con el mejor comienzo posible. \u00danete a nosotros.","breadcrumb":{"@id":"https:\/\/idckohtao.com\/es\/padi-course-director-matt-bolton\/#breadcrumb"},"inLanguage":"es","potentialAction":[{"@type":"ReadAction","target":["https:\/\/idckohtao.com\/es\/padi-course-director-matt-bolton\/"]}]},{"@type":"ImageObject","inLanguage":"es","@id":"https:\/\/idckohtao.com\/es\/padi-course-director-matt-bolton\/#primaryimage","url":"https:\/\/idckohtao.com\/wp-content\/uploads\/2026\/05\/idckohtao.com-padi-instructors.jpeg","contentUrl":"https:\/\/idckohtao.com\/wp-content\/uploads\/2026\/05\/idckohtao.com-padi-instructors.jpeg","width":1200,"height":916,"caption":"Matt Bolton Receiving an Award from the PADI President"},{"@type":"BreadcrumbList","@id":"https:\/\/idckohtao.com\/es\/padi-course-director-matt-bolton\/#breadcrumb","itemListElement":[{"@type":"ListItem","position":1,"name":"Home","item":"https:\/\/idckohtao.com\/es\/"},{"@type":"ListItem","position":2,"name":"PADI Course Director Matt Bolton"}]},{"@type":"WebSite","@id":"https:\/\/idckohtao.com\/es\/#website","url":"https:\/\/idckohtao.com\/es\/","name":"IDC Koh Tao","description":"PADI IDC 5 Star Diving Center in Koh Tao - Thailand","publisher":{"@id":"https:\/\/idckohtao.com\/es\/#organization"},"alternateName":"IDC Koh Tao in Thailand","potentialAction":[{"@type":"SearchAction","target":{"@type":"EntryPoint","urlTemplate":"https:\/\/idckohtao.com\/es\/?s={search_term_string}"},"query-input":{"@type":"PropertyValueSpecification","valueRequired":true,"valueName":"search_term_string"}}],"inLanguage":"es"},{"@type":"Organization","@id":"https:\/\/idckohtao.com\/es\/#organization","name":"IDC Koh Tao","alternateName":"IDC Koh Tao | Divemaster & Diving Instructor","url":"https:\/\/idckohtao.com\/es\/","logo":{"@type":"ImageObject","inLanguage":"es","@id":"https:\/\/idckohtao.com\/es\/#\/schema\/logo\/image\/","url":"https:\/\/idckohtao.com\/wp-content\/uploads\/2023\/09\/idckohtao.com-padi-diving-center-in-koh-tao-thailand.png","contentUrl":"https:\/\/idckohtao.com\/wp-content\/uploads\/2023\/09\/idckohtao.com-padi-diving-center-in-koh-tao-thailand.png","width":400,"height":300,"caption":"IDC Koh Tao"},"image":{"@id":"https:\/\/idckohtao.com\/es\/#\/schema\/logo\/image\/"},"sameAs":["https:\/\/www.facebook.com\/GoProIDCKohTao","https:\/\/x.com\/GoProIDCKohTao","https:\/\/www.youtube.com\/idckohtao","https:\/\/www.instagram.com\/idc.kohtao\/"],"description":"IDC Koh Tao is a part of the Black Turtle Dive pro level training team with three PADI Course Directors being led by Award Winning PADI Course Director Matt Bolton. Our full range of pro and recreational PADI Diving Courses provides aspiring scuba divers with education, fun, excitement, adventure, and a change of lifestyle or an opportunity to pursue a new career.","email":"info@idckohtao.com","legalName":"IDC Koh Tao","foundingDate":"2004-01-04","numberOfEmployees":{"@type":"QuantitativeValue","minValue":"1","maxValue":"10"},"correctionsPolicy":"https:\/\/idckohtao.com\/privacy-policy\/","ethicsPolicy":"https:\/\/idckohtao.com\/terms\/"},{"@type":"Person","@id":"https:\/\/idckohtao.com\/es\/#\/schema\/person\/d08d557cbfdbc171f824052dae697b02","name":"ojasya","image":{"@type":"ImageObject","inLanguage":"es","@id":"https:\/\/secure.gravatar.com\/avatar\/6fb34e36d09053a6545fc21d344613321bb1933f185132488f38052166f5a001?s=96&d=mm&r=g","url":"https:\/\/secure.gravatar.com\/avatar\/6fb34e36d09053a6545fc21d344613321bb1933f185132488f38052166f5a001?s=96&d=mm&r=g","contentUrl":"https:\/\/secure.gravatar.com\/avatar\/6fb34e36d09053a6545fc21d344613321bb1933f185132488f38052166f5a001?s=96&d=mm&r=g","caption":"ojasya"},"sameAs":["https:\/\/idckohtao.com"],"url":"https:\/\/idckohtao.com\/es\/blog\/author\/ojasya\/"}]}},"_links":{"self":[{"href":"https:\/\/idckohtao.com\/es\/wp-json\/wp\/v2\/pages\/3437","targetHints":{"allow":["GET"]}}],"collection":[{"href":"https:\/\/idckohtao.com\/es\/wp-json\/wp\/v2\/pages"}],"about":[{"href":"https:\/\/idckohtao.com\/es\/wp-json\/wp\/v2\/types\/page"}],"author":[{"embeddable":true,"href":"https:\/\/idckohtao.com\/es\/wp-json\/wp\/v2\/users\/1"}],"replies":[{"embeddable":true,"href":"https:\/\/idckohtao.com\/es\/wp-json\/wp\/v2\/comments?post=3437"}],"version-history":[{"count":1,"href":"https:\/\/idckohtao.com\/es\/wp-json\/wp\/v2\/pages\/3437\/revisions"}],"predecessor-version":[{"id":7762,"href":"https:\/\/idckohtao.com\/es\/wp-json\/wp\/v2\/pages\/3437\/revisions\/7762"}],"wp:featuredmedia":[{"embeddable":true,"href":"https:\/\/idckohtao.com\/es\/wp-json\/wp\/v2\/media\/8144"}],"wp:attachment":[{"href":"https:\/\/idckohtao.com\/es\/wp-json\/wp\/v2\/media?parent=3437"}],"curies":[{"name":"wp","href":"https:\/\/api.w.org\/{rel}","templated":true}]}}