{"id":3448,"date":"2023-08-11T06:13:31","date_gmt":"2023-08-11T06:13:31","guid":{"rendered":"https:\/\/idckohtao.com\/padi-course-director-lucas-levy\/"},"modified":"2023-10-02T10:31:50","modified_gmt":"2023-10-02T10:31:50","slug":"padi-course-director-lucas-levy","status":"publish","type":"page","link":"https:\/\/idckohtao.com\/es\/padi-course-director-lucas-levy\/","title":{"rendered":"PADI Course Director Lucas Levy"},"content":{"rendered":"<h2>PADI Course Director Lucas Levy<\/h2>\n<h2>LUCAS LEVY<\/h2>\n<h4>PADI Course Director #<strong>395901<\/strong><\/h4>\n<p>Lucas, con m\u00e1s de 6 a\u00f1os de experiencia en la industria de buceo y 11 a\u00f1os de buceo alrededor del mundo, se ha posicionado firmemente como un instructor y mentor competente en la industria del buceo. Desde enero de 2018, se dedica por completo a la ense\u00f1anza de cursos de nivel profesional a tiempo completo.<\/p>\n<p>El trasfondo de Lucas refleja su educaci\u00f3n multicultural. Nacido de una madre brasile\u00f1a y un padre franc\u00e9s, pas\u00f3 sus primeros a\u00f1os en Brasil antes de mudarse a Francia a los 6 a\u00f1os. Por lo tanto, el franc\u00e9s y el portugu\u00e9s son sus idiomas maternos.<\/p>\n<p>Durante sus estudios en la Escuela de Negocios de Montpellier, Lucas estudi\u00f3 espa\u00f1ol e ingl\u00e9s durante m\u00e1s de 10 a\u00f1os, ampliando as\u00ed sus habilidades ling\u00fc\u00edsticas.<\/p>\n<p>Habiendo vivido en el extranjero durante un per\u00edodo prolongado, Lucas ha desarrollado una fuerte sensibilidad cultural que mejora en gran medida sus habilidades de ense\u00f1anza de buceo.<\/p>\n<p>Sus viajes lo han llevado a varios pa\u00edses, incluyendo Nueva Caledonia, Nueva Zelanda, Estados Unidos, Canad\u00e1, Croacia, Marruecos, Espa\u00f1a, Reino Unido, Pa\u00edses Bajos, Rep\u00fablica Dominicana, Malasia, Singapur, Indonesia, Chile, Argentina, Per\u00fa y Bolivia.<\/p>\n<p><img decoding=\"async\" class=\"alignnone wp-image-926 size-large\" src=\"https:\/\/idckohtao.com\/wp-content\/uploads\/2023\/08\/idckohtao.com-padi-course-director-lucas-levy-in-thailand-1024x875.jpeg\" alt=\"idckohtao.com-padi-course-director-lucas-levy-in-thailand\" width=\"1024\" height=\"875\" srcset=\"https:\/\/idckohtao.com\/wp-content\/uploads\/2023\/08\/idckohtao.com-padi-course-director-lucas-levy-in-thailand-1024x875.jpeg 1024w, https:\/\/idckohtao.com\/wp-content\/uploads\/2023\/08\/idckohtao.com-padi-course-director-lucas-levy-in-thailand-300x256.jpeg 300w, https:\/\/idckohtao.com\/wp-content\/uploads\/2023\/08\/idckohtao.com-padi-course-director-lucas-levy-in-thailand-768x656.jpeg 768w, https:\/\/idckohtao.com\/wp-content\/uploads\/2023\/08\/idckohtao.com-padi-course-director-lucas-levy-in-thailand.jpeg 1100w\" sizes=\"(max-width: 1024px) 100vw, 1024px\" \/><\/p>\n<p>Lucas forma parte de un grupo selecto de profesionales de buceo y cient\u00edficos marinos con base en <a href=\"https:\/\/idckohtao.com\/es\/why-choose-koh-tao\/\">Koh Tao<\/a>, certificados por el DMCR (Departamento de Recursos Marinos y Costeros) para ense\u00f1ar t\u00e9cnicas de <a href=\"https:\/\/idckohtao.com\/es\/marine-conservation\/\">propagaci\u00f3n de corales y restauraci\u00f3n<\/a> de arrecifes.<\/p>\n<p>Lucas contribuye activamente al programa REACT en\u00a0<a href=\"https:\/\/www.blackturtledive.com\/\" target=\"_blank\" rel=\"noopener noreferrer\">Black Turtle Dive<\/a>, el cual se introdujo en 2022 en colaboraci\u00f3n con la organizaci\u00f3n sin fines de lucro Conservation Diver. Como instructor de Conservation Diver, Lucas est\u00e1 calificado para ense\u00f1ar diversos cursos como el Programa de Monitoreo Ecol\u00f3gico, Ecolog\u00eda de Tortugas Marinas y\u00a0<a href=\"https:\/\/idckohtao.com\/es\/marine-conservation\/\">Ecolog\u00eda de Tiburones<\/a>.<\/p>\n<p>As a Conservation Diver Speciality Instructor, Lucas is qualified to teach various courses such as\u00a0<a href=\"https:\/\/www.blackturtledive.com\/conservation\/marine-conservation-courses\/ecological-monitoring-program\/\" target=\"_blank\" rel=\"noopener noreferrer\">Ecological Monitoring Program<\/a>, Sea Turtle Ecology, and Shark Ecology.<\/p>\n<p><strong>CALIFICACIONES DE LUCAS<\/strong><\/p>\n<p>Director del curso PADI<br \/>\nDMCR Instructor de Restauraci\u00f3n de Corales<br \/>\nEFR Instructor de primero auxilios y de cuidado para ni\u00f1os y adultos<br \/>\nInstructor Conservation Diver<\/p>\n<p><strong>ENTRENADOR DE INSTRUCTORES<\/strong><\/p>\n<p>Aire enriquecido Nitrox<br \/>\nBuzo profundo<br \/>\nB\u00fasqueda y recuperaci\u00f3n<br \/>\nNavegaci\u00f3n<br \/>\nBuceo Nocturno<br \/>\nFotograf\u00eda digital subacu\u00e1tica<br \/>\nEspecialista en equipo<br \/>\nBuceador de pecio<br \/>\nVeh\u00edculo de propulsi\u00f3n de buzo<br \/>\nProveedor de ox\u00edgeno de emergencia<br \/>\nDive against Debris<br \/>\nT\u00e9cnicas adaptativas<br \/>\nSidemount<br \/>\nSelf Reliant<\/p>\n","protected":false},"excerpt":{"rendered":"<p>PADI Course Director Lucas Levy LUCAS LEVY PADI Course Director #395901 Lucas, con m\u00e1s de 6 a\u00f1os de experiencia en la industria de buceo y 11 a\u00f1os de buceo alrededor del mundo, se ha posicionado firmemente como un instructor y mentor competente en la industria del buceo. Desde enero de 2018, se dedica por completo [&hellip;]<\/p>\n","protected":false},"author":1,"featured_media":4724,"parent":0,"menu_order":0,"comment_status":"closed","ping_status":"closed","template":"","meta":{"_acf_changed":false,"footnotes":""},"class_list":["post-3448","page","type-page","status-publish","has-post-thumbnail","hentry"],"acf":[],"yoast_head":"<!-- This site is optimized with the Yoast SEO Premium plugin v27.5 (Yoast SEO v27.5) - https:\/\/yoast.com\/product\/yoast-seo-premium-wordpress\/ -->\n<title>IDC Koh Tao Thailand | PADI Course Director Lucas Levy<\/title>\n<meta name=\"description\" content=\"Complete your PADI IDC on Koh Tao with PADI Course Director Lucas Levy and get your scuba diving career off to the best possible start - join us\" \/>\n<meta name=\"robots\" content=\"index, follow, max-snippet:-1, max-image-preview:large, max-video-preview:-1\" \/>\n<link rel=\"canonical\" href=\"https:\/\/idckohtao.com\/es\/padi-course-director-lucas-levy\/\" \/>\n<meta property=\"og:locale\" content=\"es_ES\" \/>\n<meta property=\"og:type\" content=\"article\" \/>\n<meta property=\"og:title\" content=\"IDC Koh Tao Thailand | PADI Course Director Matt Bolton\" \/>\n<meta property=\"og:description\" content=\"Complete your IDC on Koh Tao with Award Winning PADI Course Director Matt Bolton and get your scuba diving career off to the best possible start. Join us\" \/>\n<meta property=\"og:url\" content=\"https:\/\/idckohtao.com\/es\/padi-course-director-lucas-levy\/\" \/>\n<meta property=\"og:site_name\" content=\"IDC Koh Tao\" \/>\n<meta property=\"article:publisher\" content=\"https:\/\/www.facebook.com\/GoProIDCKohTao\" \/>\n<meta property=\"article:modified_time\" content=\"2023-10-02T10:31:50+00:00\" \/>\n<meta property=\"og:image\" content=\"https:\/\/idckohtao.com\/wp-content\/uploads\/2023\/08\/idckohtao.com-best-padi-course-directors-lucas-levy.jpeg\" \/>\n\t<meta property=\"og:image:width\" content=\"1000\" \/>\n\t<meta property=\"og:image:height\" content=\"1033\" \/>\n\t<meta property=\"og:image:type\" content=\"image\/jpeg\" \/>\n<meta name=\"twitter:card\" content=\"summary_large_image\" \/>\n<meta name=\"twitter:title\" content=\"IDC Koh Tao Thailand | PADI Course Director Matt Bolton\" \/>\n<meta name=\"twitter:description\" content=\"Complete your IDC on Koh Tao with Award Winning PADI Course Director Matt Bolton and get your scuba diving career off to the best possible start. Join us\" \/>\n<meta name=\"twitter:image\" content=\"https:\/\/idckohtao.com\/wp-content\/uploads\/2023\/08\/idckohtao.com-best-padi-course-directors-lucas-levy.jpeg\" \/>\n<meta name=\"twitter:site\" content=\"@GoProIDCKohTao\" \/>\n<!-- \/ Yoast SEO Premium plugin. -->","yoast_head_json":{"title":"IDC Koh Tao Thailand | PADI Course Director Lucas Levy","description":"Complete your PADI IDC on Koh Tao with PADI Course Director Lucas Levy and get your scuba diving career off to the best possible start - join us","robots":{"index":"index","follow":"follow","max-snippet":"max-snippet:-1","max-image-preview":"max-image-preview:large","max-video-preview":"max-video-preview:-1"},"canonical":"https:\/\/idckohtao.com\/es\/padi-course-director-lucas-levy\/","og_locale":"es_ES","og_type":"article","og_title":"IDC Koh Tao Thailand | PADI Course Director Matt Bolton","og_description":"Complete your IDC on Koh Tao with Award Winning PADI Course Director Matt Bolton and get your scuba diving career off to the best possible start. Join us","og_url":"https:\/\/idckohtao.com\/es\/padi-course-director-lucas-levy\/","og_site_name":"IDC Koh Tao","article_publisher":"https:\/\/www.facebook.com\/GoProIDCKohTao","article_modified_time":"2023-10-02T10:31:50+00:00","og_image":[{"width":1000,"height":1033,"url":"https:\/\/idckohtao.com\/wp-content\/uploads\/2023\/08\/idckohtao.com-best-padi-course-directors-lucas-levy.jpeg","type":"image\/jpeg"}],"twitter_card":"summary_large_image","twitter_title":"IDC Koh Tao Thailand | PADI Course Director Matt Bolton","twitter_description":"Complete your IDC on Koh Tao with Award Winning PADI Course Director Matt Bolton and get your scuba diving career off to the best possible start. Join us","twitter_image":"https:\/\/idckohtao.com\/wp-content\/uploads\/2023\/08\/idckohtao.com-best-padi-course-directors-lucas-levy.jpeg","twitter_site":"@GoProIDCKohTao","schema":{"@context":"https:\/\/schema.org","@graph":[{"@type":"NewsArticle","@id":"https:\/\/idckohtao.com\/es\/padi-course-director-lucas-levy\/#article","isPartOf":{"@id":"https:\/\/idckohtao.com\/es\/padi-course-director-lucas-levy\/"},"author":{"name":"ojasya","@id":"https:\/\/idckohtao.com\/es\/#\/schema\/person\/d08d557cbfdbc171f824052dae697b02"},"headline":"PADI Course Director Lucas Levy","datePublished":"2023-08-11T06:13:31+00:00","dateModified":"2023-10-02T10:31:50+00:00","mainEntityOfPage":{"@id":"https:\/\/idckohtao.com\/es\/padi-course-director-lucas-levy\/"},"wordCount":423,"publisher":{"@id":"https:\/\/idckohtao.com\/es\/#organization"},"image":{"@id":"https:\/\/idckohtao.com\/es\/padi-course-director-lucas-levy\/#primaryimage"},"thumbnailUrl":"https:\/\/idckohtao.com\/wp-content\/uploads\/2023\/09\/idckohtao.com-lucas-levy-padi-course-director-in-koh-tao-thailand.jpg","inLanguage":"es"},{"@type":"WebPage","@id":"https:\/\/idckohtao.com\/es\/padi-course-director-lucas-levy\/","url":"https:\/\/idckohtao.com\/es\/padi-course-director-lucas-levy\/","name":"IDC Koh Tao Thailand | PADI Course Director Lucas Levy","isPartOf":{"@id":"https:\/\/idckohtao.com\/es\/#website"},"primaryImageOfPage":{"@id":"https:\/\/idckohtao.com\/es\/padi-course-director-lucas-levy\/#primaryimage"},"image":{"@id":"https:\/\/idckohtao.com\/es\/padi-course-director-lucas-levy\/#primaryimage"},"thumbnailUrl":"https:\/\/idckohtao.com\/wp-content\/uploads\/2023\/09\/idckohtao.com-lucas-levy-padi-course-director-in-koh-tao-thailand.jpg","datePublished":"2023-08-11T06:13:31+00:00","dateModified":"2023-10-02T10:31:50+00:00","description":"Complete your PADI IDC on Koh Tao with PADI Course Director Lucas Levy and get your scuba diving career off to the best possible start - join us","breadcrumb":{"@id":"https:\/\/idckohtao.com\/es\/padi-course-director-lucas-levy\/#breadcrumb"},"inLanguage":"es","potentialAction":[{"@type":"ReadAction","target":["https:\/\/idckohtao.com\/es\/padi-course-director-lucas-levy\/"]}]},{"@type":"ImageObject","inLanguage":"es","@id":"https:\/\/idckohtao.com\/es\/padi-course-director-lucas-levy\/#primaryimage","url":"https:\/\/idckohtao.com\/wp-content\/uploads\/2023\/09\/idckohtao.com-lucas-levy-padi-course-director-in-koh-tao-thailand.jpg","contentUrl":"https:\/\/idckohtao.com\/wp-content\/uploads\/2023\/09\/idckohtao.com-lucas-levy-padi-course-director-in-koh-tao-thailand.jpg","width":900,"height":844,"caption":"lucas levy padi course director on koh tao in thailand"},{"@type":"BreadcrumbList","@id":"https:\/\/idckohtao.com\/es\/padi-course-director-lucas-levy\/#breadcrumb","itemListElement":[{"@type":"ListItem","position":1,"name":"Home","item":"https:\/\/idckohtao.com\/es\/"},{"@type":"ListItem","position":2,"name":"PADI Course Director Lucas Levy"}]},{"@type":"WebSite","@id":"https:\/\/idckohtao.com\/es\/#website","url":"https:\/\/idckohtao.com\/es\/","name":"IDC Koh Tao","description":"PADI IDC 5 Star Diving Center in Koh Tao - Thailand","publisher":{"@id":"https:\/\/idckohtao.com\/es\/#organization"},"alternateName":"IDC Koh Tao in Thailand","potentialAction":[{"@type":"SearchAction","target":{"@type":"EntryPoint","urlTemplate":"https:\/\/idckohtao.com\/es\/?s={search_term_string}"},"query-input":{"@type":"PropertyValueSpecification","valueRequired":true,"valueName":"search_term_string"}}],"inLanguage":"es"},{"@type":"Organization","@id":"https:\/\/idckohtao.com\/es\/#organization","name":"IDC Koh Tao","alternateName":"IDC Koh Tao | Divemaster & Diving Instructor","url":"https:\/\/idckohtao.com\/es\/","logo":{"@type":"ImageObject","inLanguage":"es","@id":"https:\/\/idckohtao.com\/es\/#\/schema\/logo\/image\/","url":"https:\/\/idckohtao.com\/wp-content\/uploads\/2023\/09\/idckohtao.com-padi-diving-center-in-koh-tao-thailand.png","contentUrl":"https:\/\/idckohtao.com\/wp-content\/uploads\/2023\/09\/idckohtao.com-padi-diving-center-in-koh-tao-thailand.png","width":400,"height":300,"caption":"IDC Koh Tao"},"image":{"@id":"https:\/\/idckohtao.com\/es\/#\/schema\/logo\/image\/"},"sameAs":["https:\/\/www.facebook.com\/GoProIDCKohTao","https:\/\/x.com\/GoProIDCKohTao","https:\/\/www.youtube.com\/idckohtao","https:\/\/www.instagram.com\/idc.kohtao\/"],"description":"IDC Koh Tao is a part of the Black Turtle Dive pro level training team with three PADI Course Directors being led by Award Winning PADI Course Director Matt Bolton. Our full range of pro and recreational PADI Diving Courses provides aspiring scuba divers with education, fun, excitement, adventure, and a change of lifestyle or an opportunity to pursue a new career.","email":"info@idckohtao.com","legalName":"IDC Koh Tao","foundingDate":"2004-01-04","numberOfEmployees":{"@type":"QuantitativeValue","minValue":"1","maxValue":"10"},"correctionsPolicy":"https:\/\/idckohtao.com\/privacy-policy\/","ethicsPolicy":"https:\/\/idckohtao.com\/terms\/"},{"@type":"Person","@id":"https:\/\/idckohtao.com\/es\/#\/schema\/person\/d08d557cbfdbc171f824052dae697b02","name":"ojasya","image":{"@type":"ImageObject","inLanguage":"es","@id":"https:\/\/secure.gravatar.com\/avatar\/6fb34e36d09053a6545fc21d344613321bb1933f185132488f38052166f5a001?s=96&d=mm&r=g","url":"https:\/\/secure.gravatar.com\/avatar\/6fb34e36d09053a6545fc21d344613321bb1933f185132488f38052166f5a001?s=96&d=mm&r=g","contentUrl":"https:\/\/secure.gravatar.com\/avatar\/6fb34e36d09053a6545fc21d344613321bb1933f185132488f38052166f5a001?s=96&d=mm&r=g","caption":"ojasya"},"sameAs":["https:\/\/idckohtao.com"],"url":"https:\/\/idckohtao.com\/es\/blog\/author\/ojasya\/"}]}},"_links":{"self":[{"href":"https:\/\/idckohtao.com\/es\/wp-json\/wp\/v2\/pages\/3448","targetHints":{"allow":["GET"]}}],"collection":[{"href":"https:\/\/idckohtao.com\/es\/wp-json\/wp\/v2\/pages"}],"about":[{"href":"https:\/\/idckohtao.com\/es\/wp-json\/wp\/v2\/types\/page"}],"author":[{"embeddable":true,"href":"https:\/\/idckohtao.com\/es\/wp-json\/wp\/v2\/users\/1"}],"replies":[{"embeddable":true,"href":"https:\/\/idckohtao.com\/es\/wp-json\/wp\/v2\/comments?post=3448"}],"version-history":[{"count":0,"href":"https:\/\/idckohtao.com\/es\/wp-json\/wp\/v2\/pages\/3448\/revisions"}],"wp:featuredmedia":[{"embeddable":true,"href":"https:\/\/idckohtao.com\/es\/wp-json\/wp\/v2\/media\/4724"}],"wp:attachment":[{"href":"https:\/\/idckohtao.com\/es\/wp-json\/wp\/v2\/media?parent=3448"}],"curies":[{"name":"wp","href":"https:\/\/api.w.org\/{rel}","templated":true}]}}