{"id":3333,"date":"2023-08-10T11:29:48","date_gmt":"2023-08-10T11:29:48","guid":{"rendered":"https:\/\/idckohtao.com\/about-idc\/"},"modified":"2023-09-16T22:10:37","modified_gmt":"2023-09-16T22:10:37","slug":"about-idc","status":"publish","type":"page","link":"https:\/\/idckohtao.com\/fr\/about-idc\/","title":{"rendered":"About IDC"},"content":{"rendered":"<h2>IDC Koh Tao \u2013 Gamme compl\u00e8te de cours de plong\u00e9e PADI<\/h2>\n<p>IDC Koh Tao fait partie du centre de plong\u00e9e\u00a0<a href=\"https:\/\/www.blackturtledive.com\/\" target=\"_blank\" rel=\"noopener noreferrer\">Black Turtle Dive<\/a>\u00a0et est situ\u00e9 sur la plage juste au nord de la jet\u00e9e principale de Koh Tao.<\/p>\n<p>Il y a des bungalow et des chambres climatis\u00e9es sup\u00e9rieure avec vue sur la plage et avec nos deux restaurants sur place nos clients peuvent se d\u00e9tendre lorsqu\u2019ils ne plongent pas et profiter d\u2019un magnifique coucher de soleil sur Koh Tao tout en sirotant un rafra\u00eechissement.<\/p>\n<h3>Des installations de classe mondiale<b><br \/>\n<\/b><\/h3>\n<p>D\u00e9tenant le titre \u00e9lite d\u2019un centre PADI 5 \u00c9toiles \u00ab Career Development Center (CDC) \u00bb, IDC\u00a0Koh Tao est l\u2019une des \u00e9coles de plong\u00e9e les plus \u00e9tablies et les plus professionnelles de Koh Tao.<\/p>\n<p>Vous pouvez commencer votre formation de plongeur de la meilleure fa\u00e7on possible en \u00e9tudiant votre d\u00e9veloppement des connaissances dans le confort d\u2019une salle de classe climatis\u00e9e avec Internet haut d\u00e9bit gratuit.<\/p>\n<p>Faites en sorte que vous vous sentiez chez vous dans notre salle de classe d\u00e9di\u00e9e \u00e0 toutes nos formations de niveau Instructeur PADI. Avons-nous mentionn\u00e9\u2026 le meilleur caf\u00e9 de Koh Tao est livr\u00e9 en classe!<\/p>\n<p>En ce qui concerne le travail de l\u2019eau, nous offrons de nombreuses opportunit\u00e9s de pratiquer dans l\u2019un de nos trois piscines. Travailler en eau confin\u00e9e vous aidera \u00e0 d\u00e9velopper les comp\u00e9tences fondamentales n\u00e9cessaires en tant que\u00a0<a href=\"https:\/\/idckohtao.com\/fr\/padi-instructor-development-course\/\">plongeur professionnel.<\/a><\/p>\n<p>Comme le dit le proverbe, \u00ab la pratique rend parfait \u00bb et quelle meilleure fa\u00e7on de pratiquer votre formation de plongeur que dans la plus grande piscine de Koh Tao.<\/p>\n<p>Pour la formation de plong\u00e9e en eau libre, vous serez heureux de savoir que IDC Koh Tao est situ\u00e9 \u00e0 trois minutes \u00e0 pied de notre propre jet\u00e9e. Faites une promenade relaxante sur la plage pour embarquer sur l\u2019un de nos trois bateaux de plong\u00e9e.<\/p>\n<p>Avoir des bateaux de plong\u00e9e polyvalents nous permet de choisir le meilleur site de plong\u00e9e pour accueillir nos cours de plong\u00e9e et le niveau actuel de formation des \u00e9tudiants. Nous g\u00e9rons des groupes au besoin pour nous assurer que tout le monde est bien pris en charge.<\/p>\n<p>Une fois \u00e0 bord, vous remarquerez que la s\u00e9curit\u00e9 est une priorit\u00e9 absolue sur chaque bateau IDC Koh Tao. Le mat\u00e9riel d\u2019urgence et de premiers secours est v\u00e9rifi\u00e9 quotidiennement, tandis que le personnel surveille et supervise tous les plongeurs entrant et sortant de l\u2019eau. Chaque \u00e9tudiant et instructeur est personnellement v\u00e9rifi\u00e9 \u00e0 bord par notre \u00e9quipe de couverture de surface.<\/p>\n<p>Nous vous avons \u00e9galement couvert pour l\u2019\u00e9quipement de plong\u00e9e si vous n\u2019avez pas encore votre propre kit personnel. Vous aurez un acc\u00e8s complet \u00e0 la salle d\u2019\u00e9quipement IDC Koh Tao. Nous sommes fiers de maintenir notre \u00e9quipement aux normes les plus \u00e9lev\u00e9es. Si vous cherchez \u00e0 acheter votre propre \u00e9quipement, notre centre de vente est situ\u00e9 sur place, o\u00f9 vous pouvez b\u00e9n\u00e9ficier d\u2019une remise de 20% sur tous les \u00e9quipements et accessoires.<\/p>\n<p><b>Une \u00e9cole de plong\u00e9e occup\u00e9e<br \/>\n<\/b><\/p>\n<p>La meilleure fa\u00e7on d\u2019apprendre et de r\u00e9ussir dans le monde professionnel de la plong\u00e9e sous-marine est une formation pratique. \u00c9tant donn\u00e9 que IDC Koh Tao propose une gamme compl\u00e8te de\u00a0<a href=\"https:\/\/idckohtao.com\/fr\/padi-diving-courses\/\">cours de plong\u00e9e PADI<\/a>, vous aurez de nombreuses opportunit\u00e9s de participer \u00e0 une grande vari\u00e9t\u00e9 de formations.<\/p>\n<p>Qu\u2019il s\u2019agisse de cours de plong\u00e9e r\u00e9cr\u00e9ative ou de\u00a0<a href=\"https:\/\/www.blackturtledive.com\/padi-pro-level\/\" target=\"_blank\" rel=\"noopener noreferrer\">niveau professionnel<\/a>, il n\u2019y a rien que IDC Koh Tao n\u2019offre. De plus, nous proposons une gamme compl\u00e8te de\u00a0<a href=\"https:\/\/www.blackturtledive.com\/padi-freediving-courses\/\" target=\"_blank\" rel=\"noopener noreferrer\">cours d\u2019apn\u00e9e<\/a>\u00a0et proposons des plong\u00e9es techniques.<\/p>\n<p>Puisque nous avons des clients venant de partout dans le monde, nous avons un groupe diversifi\u00e9 d\u2019instructeurs multilingues. Cela vous permet d\u2019apprendre \u00e0 enseigner et \u00e0 briefer dans votre propre langue, ainsi qu\u2019en anglais. Avoir la capacit\u00e9 de travailler dans l\u2019industrie avec plusieurs langues est un \u00e9norme avantage, et c\u2019est quelque chose que nous sommes plus qu\u2019heureux de vous aider \u00e0 d\u00e9velopper.<\/p>\n<p>Si vous vous inscrivez \u00e0 l\u2019une de nos\u00a0<a href=\"https:\/\/idckohtao.com\/fr\/scuba-diving-internships\/\">formations Stage d\u2019Instructeur<\/a>\u00a0PADI ou\u00a0<a href=\"https:\/\/idckohtao.com\/fr\/lifestyle-packages\/\">Packages \u00ab Lifestyle \u00bb<\/a>, vous enseignerez en \u00e9quipe \u00e0 c\u00f4t\u00e9 d\u2019instructeurs exp\u00e9riment\u00e9s, qui seront l\u00e0 pour vous encadrer et vous guider. Cela se fera sur l\u2019ensemble des cours PADI. Vous donnant la confiance n\u00e9cessaire pour sortir seul et r\u00e9ussir en tant que professionnel dans l\u2019industrie.<\/p>\n<p><img decoding=\"async\" class=\"alignnone wp-image-894 size-large\" src=\"https:\/\/idckohtao.com\/wp-content\/uploads\/2023\/08\/idckohtao.com-thailand-crystal-dive-koh-tao-diving-courses-1-1024x581.jpg\" alt=\"idckohtao.com-thailand-crystal-dive-koh-tao-diving-courses\" width=\"1024\" height=\"581\" srcset=\"https:\/\/idckohtao.com\/wp-content\/uploads\/2023\/08\/idckohtao.com-thailand-crystal-dive-koh-tao-diving-courses-1-1024x581.jpg 1024w, https:\/\/idckohtao.com\/wp-content\/uploads\/2023\/08\/idckohtao.com-thailand-crystal-dive-koh-tao-diving-courses-1-300x170.jpg 300w, https:\/\/idckohtao.com\/wp-content\/uploads\/2023\/08\/idckohtao.com-thailand-crystal-dive-koh-tao-diving-courses-1-768x436.jpg 768w, https:\/\/idckohtao.com\/wp-content\/uploads\/2023\/08\/idckohtao.com-thailand-crystal-dive-koh-tao-diving-courses-1.jpg 1255w\" sizes=\"(max-width: 1024px) 100vw, 1024px\" \/><\/p>\n<p><b>Personnel prim\u00e9<br \/>\n<\/b><\/p>\n<p>Sous la direction du mentorat de Matt Bolton, 14 fois dipl\u00f4m\u00e9 \u2018<a href=\"https:\/\/idckohtao.com\/fr\/padi-course-director-matt-bolton\/\">Platinum Directeur de cours PADI<\/a>\u2019, vous disposez d\u2019une vaste expertise et de connaissances \u00e0 port\u00e9e de main.<\/p>\n<p>Cela est particuli\u00e8rement important si vous envisagez un changement de carri\u00e8re, car Matt est dans l\u2019industrie depuis 1999 et poss\u00e8de une \u00e9norme quantit\u00e9 de sagesse et d\u2019exp\u00e9rience pour guider les aspirations de milliers de candidats sur de nombreuses ann\u00e9es.<\/p>\n<p>Aux c\u00f4t\u00e9s de Matt Bolton, une vingtaine d\u2019instructeurs PADI seniors prim\u00e9s attendent de partager leurs connaissances, leur expertise et leur exp\u00e9rience avec vous.<\/p>\n<p><b>Ouvrir la voie en mati\u00e8re de conservation marine<br \/>\n<\/b><\/p>\n<p>Si la participation \u00e0 des projets de conservation marine est un domaine d\u2019expertise pour lequel vous avez une passion et souhaitez participer, notre \u00e9quipe de conservation interne Eco Koh Tao propose une large gamme de cours et de stages \u00e9cologiques.<\/p>\n<p>Nous avons construit et entretenu l\u2019un des\u00a0<a href=\"https:\/\/www.blackturtledive.com\/koh-tao-dive-sites\/junkyard-reef\/\" target=\"_blank\" rel=\"noopener noreferrer\">r\u00e9cifs artificiels les plus populaires de Koh Tao<\/a>, qui aide \u00e0 pr\u00e9server les eaux et la vie marine autour de Koh Tao et propose une large gamme de cours et de programmes de plong\u00e9e en conservation marine.<\/p>\n<p>Nous avons\u00a0l\u2019une des organisations environnementales les plus proactives d\u2019Asie du Sud-Est et planifie des initiatives \u00e9cologiques et quotidiennes et hebdomadaires.<\/p>\n<p><b>Un endroit paradisiaque<br \/>\n<\/b><\/p>\n<p>Situ\u00e9 directement sur la plage sur le\u00a0<a href=\"https:\/\/en.wikipedia.org\/wiki\/Ko_Tao\" target=\"_blank\" rel=\"noopener\">c\u00f4t\u00e9 ouest de Koh Tao<\/a>, IDC Koh Tao est l\u2019endroit id\u00e9al pour apprendre \u00e0 plonger, soit r\u00e9cr\u00e9atif ou professionnel.<\/p>\n<p>Avec un restaurant et un bar sur la plage, il y a une atmosph\u00e8re amusante et sociale autour de l\u2019endroit. Il n\u2019y a pas de meilleur endroit pour s\u2019asseoir, se d\u00e9tendre et regarder le coucher du soleil apr\u00e8s une journ\u00e9e de plong\u00e9e sous-marine.<\/p>\n","protected":false},"excerpt":{"rendered":"<p>IDC Koh Tao \u2013 Gamme compl\u00e8te de cours de plong\u00e9e PADI IDC Koh Tao fait partie du centre de plong\u00e9e\u00a0Black Turtle Dive\u00a0et est situ\u00e9 sur la plage juste au nord de la jet\u00e9e principale de Koh Tao. Il y a des bungalow et des chambres climatis\u00e9es sup\u00e9rieure avec vue sur la plage et avec nos [&hellip;]<\/p>\n","protected":false},"author":1,"featured_media":5184,"parent":0,"menu_order":0,"comment_status":"closed","ping_status":"closed","template":"","meta":{"_acf_changed":false,"footnotes":""},"class_list":["post-3333","page","type-page","status-publish","has-post-thumbnail","hentry"],"acf":[],"yoast_head":"<!-- This site is optimized with the Yoast SEO Premium plugin v27.5 (Yoast SEO v27.5) - https:\/\/yoast.com\/product\/yoast-seo-premium-wordpress\/ -->\n<title>IDC Koh Tao | Choisissez les cours de plong\u00e9e IDC Koh Tao PADI<\/title>\n<meta name=\"description\" content=\"IDC Koh Tao est situ\u00e9 \u00e0 IDC Koh Tao, un centre de d\u00e9veloppement de carri\u00e8re PADI et un centre de formation de plongeur prim\u00e9 5 \u00e9toiles \u00e0 Koh Tao. Prenez vos comp\u00e9tences de plong\u00e9e de niveau professionnel au niveau sup\u00e9rieur et commencez \u00e0 travailler en tant que pro de la plong\u00e9e sous-marine sur la magnifique Koh Tao\" \/>\n<meta name=\"robots\" content=\"index, follow, max-snippet:-1, max-image-preview:large, max-video-preview:-1\" \/>\n<link rel=\"canonical\" href=\"https:\/\/idckohtao.com\/fr\/about-idc\/\" \/>\n<meta property=\"og:locale\" content=\"fr_FR\" \/>\n<meta property=\"og:type\" content=\"article\" \/>\n<meta property=\"og:title\" content=\"IDC Koh Tao | Choisissez les cours de plong\u00e9e IDC Koh Tao PADI\" \/>\n<meta property=\"og:description\" content=\"IDC Koh Tao est situ\u00e9 \u00e0 IDC Koh Tao, un centre de d\u00e9veloppement de carri\u00e8re PADI et un centre de formation de plongeur prim\u00e9 5 \u00e9toiles \u00e0 Koh Tao. Prenez vos comp\u00e9tences de plong\u00e9e de niveau professionnel au niveau sup\u00e9rieur et commencez \u00e0 travailler en tant que pro de la plong\u00e9e sous-marine sur la magnifique Koh Tao\" \/>\n<meta property=\"og:url\" content=\"https:\/\/idckohtao.com\/fr\/about-idc\/\" \/>\n<meta property=\"og:site_name\" content=\"IDC Koh Tao\" \/>\n<meta property=\"article:publisher\" content=\"https:\/\/www.facebook.com\/GoProIDCKohTao\" \/>\n<meta property=\"article:modified_time\" content=\"2023-09-16T22:10:37+00:00\" \/>\n<meta property=\"og:image\" content=\"https:\/\/idckohtao.com\/wp-content\/uploads\/2023\/08\/crystaldive.com-koh-tao-koh-nangyuan-island-dive-sites-1-1024x458.png\" \/>\n\t<meta property=\"og:image:width\" content=\"1024\" \/>\n\t<meta property=\"og:image:height\" content=\"458\" \/>\n\t<meta property=\"og:image:type\" content=\"image\/png\" \/>\n<meta name=\"twitter:card\" content=\"summary_large_image\" \/>\n<meta name=\"twitter:title\" content=\"IDC Koh Tao | Choisissez les cours de plong\u00e9e IDC Koh Tao PADI\" \/>\n<meta name=\"twitter:description\" content=\"IDC Koh Tao est situ\u00e9 \u00e0 IDC Koh Tao, un centre de d\u00e9veloppement de carri\u00e8re PADI et un centre de formation de plongeur prim\u00e9 5 \u00e9toiles \u00e0 Koh Tao. Prenez vos comp\u00e9tences de plong\u00e9e de niveau professionnel au niveau sup\u00e9rieur et commencez \u00e0 travailler en tant que pro de la plong\u00e9e sous-marine sur la magnifique Koh Tao\" \/>\n<meta name=\"twitter:image\" content=\"https:\/\/idckohtao.com\/wp-content\/uploads\/2023\/08\/crystaldive.com-koh-tao-koh-nangyuan-island-dive-sites-1.png\" \/>\n<meta name=\"twitter:site\" content=\"@GoProIDCKohTao\" \/>\n<!-- \/ Yoast SEO Premium plugin. -->","yoast_head_json":{"title":"IDC Koh Tao | Choisissez les cours de plong\u00e9e IDC Koh Tao PADI","description":"IDC Koh Tao est situ\u00e9 \u00e0 IDC Koh Tao, un centre de d\u00e9veloppement de carri\u00e8re PADI et un centre de formation de plongeur prim\u00e9 5 \u00e9toiles \u00e0 Koh Tao. Prenez vos comp\u00e9tences de plong\u00e9e de niveau professionnel au niveau sup\u00e9rieur et commencez \u00e0 travailler en tant que pro de la plong\u00e9e sous-marine sur la magnifique Koh Tao","robots":{"index":"index","follow":"follow","max-snippet":"max-snippet:-1","max-image-preview":"max-image-preview:large","max-video-preview":"max-video-preview:-1"},"canonical":"https:\/\/idckohtao.com\/fr\/about-idc\/","og_locale":"fr_FR","og_type":"article","og_title":"IDC Koh Tao | Choisissez les cours de plong\u00e9e IDC Koh Tao PADI","og_description":"IDC Koh Tao est situ\u00e9 \u00e0 IDC Koh Tao, un centre de d\u00e9veloppement de carri\u00e8re PADI et un centre de formation de plongeur prim\u00e9 5 \u00e9toiles \u00e0 Koh Tao. Prenez vos comp\u00e9tences de plong\u00e9e de niveau professionnel au niveau sup\u00e9rieur et commencez \u00e0 travailler en tant que pro de la plong\u00e9e sous-marine sur la magnifique Koh Tao","og_url":"https:\/\/idckohtao.com\/fr\/about-idc\/","og_site_name":"IDC Koh Tao","article_publisher":"https:\/\/www.facebook.com\/GoProIDCKohTao","article_modified_time":"2023-09-16T22:10:37+00:00","og_image":[{"width":1024,"height":458,"url":"https:\/\/idckohtao.com\/wp-content\/uploads\/2023\/08\/crystaldive.com-koh-tao-koh-nangyuan-island-dive-sites-1-1024x458.png","type":"image\/png"}],"twitter_card":"summary_large_image","twitter_title":"IDC Koh Tao | Choisissez les cours de plong\u00e9e IDC Koh Tao PADI","twitter_description":"IDC Koh Tao est situ\u00e9 \u00e0 IDC Koh Tao, un centre de d\u00e9veloppement de carri\u00e8re PADI et un centre de formation de plongeur prim\u00e9 5 \u00e9toiles \u00e0 Koh Tao. Prenez vos comp\u00e9tences de plong\u00e9e de niveau professionnel au niveau sup\u00e9rieur et commencez \u00e0 travailler en tant que pro de la plong\u00e9e sous-marine sur la magnifique Koh Tao","twitter_image":"https:\/\/idckohtao.com\/wp-content\/uploads\/2023\/08\/crystaldive.com-koh-tao-koh-nangyuan-island-dive-sites-1.png","twitter_site":"@GoProIDCKohTao","schema":{"@context":"https:\/\/schema.org","@graph":[{"@type":"NewsArticle","@id":"https:\/\/idckohtao.com\/fr\/about-idc\/#article","isPartOf":{"@id":"https:\/\/idckohtao.com\/fr\/about-idc\/"},"author":{"name":"ojasya","@id":"https:\/\/idckohtao.com\/fr\/#\/schema\/person\/d08d557cbfdbc171f824052dae697b02"},"headline":"About IDC","datePublished":"2023-08-10T11:29:48+00:00","dateModified":"2023-09-16T22:10:37+00:00","mainEntityOfPage":{"@id":"https:\/\/idckohtao.com\/fr\/about-idc\/"},"wordCount":1065,"publisher":{"@id":"https:\/\/idckohtao.com\/fr\/#organization"},"image":{"@id":"https:\/\/idckohtao.com\/fr\/about-idc\/#primaryimage"},"thumbnailUrl":"https:\/\/idckohtao.com\/wp-content\/uploads\/2023\/09\/idckohtao.com-best-scuba-diving-boat-in-thailand.jpg","inLanguage":"fr-FR"},{"@type":"WebPage","@id":"https:\/\/idckohtao.com\/fr\/about-idc\/","url":"https:\/\/idckohtao.com\/fr\/about-idc\/","name":"IDC Koh Tao | Choisissez les cours de plong\u00e9e IDC Koh Tao PADI","isPartOf":{"@id":"https:\/\/idckohtao.com\/fr\/#website"},"primaryImageOfPage":{"@id":"https:\/\/idckohtao.com\/fr\/about-idc\/#primaryimage"},"image":{"@id":"https:\/\/idckohtao.com\/fr\/about-idc\/#primaryimage"},"thumbnailUrl":"https:\/\/idckohtao.com\/wp-content\/uploads\/2023\/09\/idckohtao.com-best-scuba-diving-boat-in-thailand.jpg","datePublished":"2023-08-10T11:29:48+00:00","dateModified":"2023-09-16T22:10:37+00:00","description":"IDC Koh Tao est situ\u00e9 \u00e0 IDC Koh Tao, un centre de d\u00e9veloppement de carri\u00e8re PADI et un centre de formation de plongeur prim\u00e9 5 \u00e9toiles \u00e0 Koh Tao. Prenez vos comp\u00e9tences de plong\u00e9e de niveau professionnel au niveau sup\u00e9rieur et commencez \u00e0 travailler en tant que pro de la plong\u00e9e sous-marine sur la magnifique Koh Tao","breadcrumb":{"@id":"https:\/\/idckohtao.com\/fr\/about-idc\/#breadcrumb"},"inLanguage":"fr-FR","potentialAction":[{"@type":"ReadAction","target":["https:\/\/idckohtao.com\/fr\/about-idc\/"]}]},{"@type":"ImageObject","inLanguage":"fr-FR","@id":"https:\/\/idckohtao.com\/fr\/about-idc\/#primaryimage","url":"https:\/\/idckohtao.com\/wp-content\/uploads\/2023\/09\/idckohtao.com-best-scuba-diving-boat-in-thailand.jpg","contentUrl":"https:\/\/idckohtao.com\/wp-content\/uploads\/2023\/09\/idckohtao.com-best-scuba-diving-boat-in-thailand.jpg","width":1200,"height":867,"caption":"Best Scuba Diving Boat in Thailand"},{"@type":"BreadcrumbList","@id":"https:\/\/idckohtao.com\/fr\/about-idc\/#breadcrumb","itemListElement":[{"@type":"ListItem","position":1,"name":"Home","item":"https:\/\/idckohtao.com\/fr\/"},{"@type":"ListItem","position":2,"name":"About IDC"}]},{"@type":"WebSite","@id":"https:\/\/idckohtao.com\/fr\/#website","url":"https:\/\/idckohtao.com\/fr\/","name":"IDC Koh Tao","description":"PADI IDC 5 Star Diving Center in Koh Tao - Thailand","publisher":{"@id":"https:\/\/idckohtao.com\/fr\/#organization"},"alternateName":"IDC Koh Tao in Thailand","potentialAction":[{"@type":"SearchAction","target":{"@type":"EntryPoint","urlTemplate":"https:\/\/idckohtao.com\/fr\/?s={search_term_string}"},"query-input":{"@type":"PropertyValueSpecification","valueRequired":true,"valueName":"search_term_string"}}],"inLanguage":"fr-FR"},{"@type":"Organization","@id":"https:\/\/idckohtao.com\/fr\/#organization","name":"IDC Koh Tao","alternateName":"IDC Koh Tao | Divemaster & Diving Instructor","url":"https:\/\/idckohtao.com\/fr\/","logo":{"@type":"ImageObject","inLanguage":"fr-FR","@id":"https:\/\/idckohtao.com\/fr\/#\/schema\/logo\/image\/","url":"https:\/\/idckohtao.com\/wp-content\/uploads\/2023\/09\/idckohtao.com-padi-diving-center-in-koh-tao-thailand.png","contentUrl":"https:\/\/idckohtao.com\/wp-content\/uploads\/2023\/09\/idckohtao.com-padi-diving-center-in-koh-tao-thailand.png","width":400,"height":300,"caption":"IDC Koh Tao"},"image":{"@id":"https:\/\/idckohtao.com\/fr\/#\/schema\/logo\/image\/"},"sameAs":["https:\/\/www.facebook.com\/GoProIDCKohTao","https:\/\/x.com\/GoProIDCKohTao","https:\/\/www.youtube.com\/idckohtao","https:\/\/www.instagram.com\/idc.kohtao\/"],"description":"IDC Koh Tao is a part of the Black Turtle Dive pro level training team with three PADI Course Directors being led by Award Winning PADI Course Director Matt Bolton. Our full range of pro and recreational PADI Diving Courses provides aspiring scuba divers with education, fun, excitement, adventure, and a change of lifestyle or an opportunity to pursue a new career.","email":"info@idckohtao.com","legalName":"IDC Koh Tao","foundingDate":"2004-01-04","numberOfEmployees":{"@type":"QuantitativeValue","minValue":"1","maxValue":"10"},"correctionsPolicy":"https:\/\/idckohtao.com\/privacy-policy\/","ethicsPolicy":"https:\/\/idckohtao.com\/terms\/"},{"@type":"Person","@id":"https:\/\/idckohtao.com\/fr\/#\/schema\/person\/d08d557cbfdbc171f824052dae697b02","name":"ojasya","image":{"@type":"ImageObject","inLanguage":"fr-FR","@id":"https:\/\/secure.gravatar.com\/avatar\/6fb34e36d09053a6545fc21d344613321bb1933f185132488f38052166f5a001?s=96&d=mm&r=g","url":"https:\/\/secure.gravatar.com\/avatar\/6fb34e36d09053a6545fc21d344613321bb1933f185132488f38052166f5a001?s=96&d=mm&r=g","contentUrl":"https:\/\/secure.gravatar.com\/avatar\/6fb34e36d09053a6545fc21d344613321bb1933f185132488f38052166f5a001?s=96&d=mm&r=g","caption":"ojasya"},"sameAs":["https:\/\/idckohtao.com"],"url":"https:\/\/idckohtao.com\/fr\/blog\/author\/ojasya\/"}]}},"_links":{"self":[{"href":"https:\/\/idckohtao.com\/fr\/wp-json\/wp\/v2\/pages\/3333","targetHints":{"allow":["GET"]}}],"collection":[{"href":"https:\/\/idckohtao.com\/fr\/wp-json\/wp\/v2\/pages"}],"about":[{"href":"https:\/\/idckohtao.com\/fr\/wp-json\/wp\/v2\/types\/page"}],"author":[{"embeddable":true,"href":"https:\/\/idckohtao.com\/fr\/wp-json\/wp\/v2\/users\/1"}],"replies":[{"embeddable":true,"href":"https:\/\/idckohtao.com\/fr\/wp-json\/wp\/v2\/comments?post=3333"}],"version-history":[{"count":0,"href":"https:\/\/idckohtao.com\/fr\/wp-json\/wp\/v2\/pages\/3333\/revisions"}],"wp:featuredmedia":[{"embeddable":true,"href":"https:\/\/idckohtao.com\/fr\/wp-json\/wp\/v2\/media\/5184"}],"wp:attachment":[{"href":"https:\/\/idckohtao.com\/fr\/wp-json\/wp\/v2\/media?parent=3333"}],"curies":[{"name":"wp","href":"https:\/\/api.w.org\/{rel}","templated":true}]}}