{"id":3336,"date":"2023-08-05T18:12:38","date_gmt":"2023-08-05T18:12:38","guid":{"rendered":"https:\/\/idckohtao.com\/advanced-open-water-course\/"},"modified":"2026-04-22T05:36:27","modified_gmt":"2026-04-22T05:36:27","slug":"advanced-open-water-course","status":"publish","type":"page","link":"https:\/\/idckohtao.com\/fr\/advanced-open-water-course\/","title":{"rendered":"Advanced Open Water Course"},"content":{"rendered":"<div class=\"wpb-content-wrapper\"><p>[vc_row][vc_column][vc_column_text]<\/p>\n<h2>Le cours avanc\u00e9 de plong\u00e9e en eau libre comprend 5 plong\u00e9es d\u2019aventure<\/h2>\n<p>Le cours PADI Advanced Open Water est votre prochaine \u00e9tape et peut \u00eatre compl\u00e9t\u00e9 imm\u00e9diatement apr\u00e8s que vous \u00eates devenu un\u00a0<a href=\"https:\/\/idckohtao.com\/fr\/open-water-course\/\">plongeur PADI Open Water<\/a>.<\/p>\n<p>Le cours Advanced Open Water se compose de 5 plong\u00e9es aventure et chacune est remplie de plaisir et de connaissances dans un domaine sp\u00e9cialis\u00e9 diff\u00e9rent de la\u00a0<a href=\"https:\/\/www.thefunkyturtle.com\/scuba-diving\/\" target=\"_blank\" rel=\"noopener\">plong\u00e9e sous-marine<\/a>.<\/p>\n<p>Les plong\u00e9es d\u2019aventure am\u00e9lioreront votre compr\u00e9hension, vos comp\u00e9tences et vous encourageront \u00e0 vouloir continuer votre plong\u00e9e.Il y a deux plong\u00e9es obligatoires que vous devez effectuer, la plong\u00e9e profonde et la plong\u00e9e de navigation sous-marine.<\/p>\n<h3>Choisissez les plong\u00e9es d\u2019aventure pour le cours Advanced Open Water.<\/h3>\n<p>Vous pouvez choisir trois autres plong\u00e9es aventure qui vous int\u00e9ressent parmi une liste de plong\u00e9es aventure que nous effectuons sur\u00a0<a href=\"https:\/\/idckohtao.com\/fr\/why-choose-koh-tao\/\">Koh Tao<\/a>:<\/p>\n<ul>\n<li>Flottabilit\u00e9 de performance maximale (PPB)<\/li>\n<li>Naturaliste sous-marin<\/li>\n<li>Plong\u00e9e sur \u00e9pave<\/li>\n<li>Plong\u00e9e de nuit<\/li>\n<li>Recherche et r\u00e9cup\u00e9ration<\/li>\n<li>AWARE \u2013 Identification des poissons<\/li>\n<li>Air enrichi Nitrox<\/li>\n<li>Plong\u00e9e du bateau<\/li>\n<li>Imagerie num\u00e9rique sous-marine<\/li>\n<li>V\u00e9hicule de propulsion de plongeur (DPV) *<\/li>\n<\/ul>\n<p>Le cours PADI Advanced Open Water comprend deux sections : d\u00e9veloppement des connaissances et formation en eau libre.<\/p>\n<p><img decoding=\"async\" class=\"alignnone wp-image-236 size-large\" src=\"https:\/\/idckohtao.com\/wp-content\/uploads\/2023\/08\/idckohtao.com-neutral-buoyancy-koh-tao-1024x657.jpeg\" alt=\"idckohtao.com-neutral-buoyancy-koh-tao\" width=\"1024\" height=\"657\" srcset=\"https:\/\/idckohtao.com\/wp-content\/uploads\/2023\/08\/idckohtao.com-neutral-buoyancy-koh-tao-1024x657.jpeg 1024w, https:\/\/idckohtao.com\/wp-content\/uploads\/2023\/08\/idckohtao.com-neutral-buoyancy-koh-tao-300x192.jpeg 300w, https:\/\/idckohtao.com\/wp-content\/uploads\/2023\/08\/idckohtao.com-neutral-buoyancy-koh-tao-768x493.jpeg 768w, https:\/\/idckohtao.com\/wp-content\/uploads\/2023\/08\/idckohtao.com-neutral-buoyancy-koh-tao-1536x985.jpeg 1536w, https:\/\/idckohtao.com\/wp-content\/uploads\/2023\/08\/idckohtao.com-neutral-buoyancy-koh-tao.jpeg 2000w\" sizes=\"(max-width: 1024px) 100vw, 1024px\" \/><\/p>\n<h3>D\u00e9veloppement des connaissances cours Advanced Open Water<\/h3>\n<p>Vous recevrez le manuel PADI Advanced Open Water en ligne et vous devrez l\u2019utiliser comme r\u00e9f\u00e9rence tout en compl\u00e9tant la section de d\u00e9veloppement des connaissances requise.<\/p>\n<p>Pour commencer, vous devez lire les sections Plong\u00e9e Profonde et Navigation sous-marine du manuel en ligne PADI Advanced Open Water et effectuer les r\u00e9visions de connaissances correspondantes qui sont quand-m\u00eame simples.<\/p>\n<p>Ce sont les deux plong\u00e9es aventure obligatoires que vous devez effectuer. Votre instructeur les examinera ensuite pour vous assurer de comprendre chaque sujet.<\/p>\n<p>Vous choisirez \u00e9galement trois plong\u00e9es aventure\u00a0<em><strong>facultatives<\/strong><\/em>\u00a0et terminerez les r\u00e9visions des connaissances correspondantes.[\/vc_column_text]<div class=\"text-left\"><div class=\"bt-course-price\"><a href=\"https:\/\/www.paypal.com\/cgi-bin\/webscr?cmd=_s-xclick&hosted_button_id=LKU9DNCCXKCFY\" class=\"button\">R\u00c9SERVATION EN LIGNE<\/a><\/div><\/div>[vc_column_text]<img decoding=\"async\" class=\"alignnone wp-image-236 size-large\" src=\"https:\/\/idckohtao.com\/wp-content\/uploads\/2023\/08\/idckohtao.com-neutral-buoyancy-koh-tao-1024x657.jpeg\" alt=\"idckohtao.com-neutral-buoyancy-koh-tao\" width=\"1024\" height=\"657\" srcset=\"https:\/\/idckohtao.com\/wp-content\/uploads\/2023\/08\/idckohtao.com-neutral-buoyancy-koh-tao-1024x657.jpeg 1024w, https:\/\/idckohtao.com\/wp-content\/uploads\/2023\/08\/idckohtao.com-neutral-buoyancy-koh-tao-300x192.jpeg 300w, https:\/\/idckohtao.com\/wp-content\/uploads\/2023\/08\/idckohtao.com-neutral-buoyancy-koh-tao-768x493.jpeg 768w, https:\/\/idckohtao.com\/wp-content\/uploads\/2023\/08\/idckohtao.com-neutral-buoyancy-koh-tao-1536x985.jpeg 1536w, https:\/\/idckohtao.com\/wp-content\/uploads\/2023\/08\/idckohtao.com-neutral-buoyancy-koh-tao.jpeg 2000w\" sizes=\"(max-width: 1024px) 100vw, 1024px\" \/><\/p>\n<h3>Plong\u00e9es de formation cours Advanced Open Water<\/h3>\n<p>Koh Tao offre une grande vari\u00e9t\u00e9 de sites de plong\u00e9e, ce qui en fait un endroit id\u00e9al pour suivre le cours PADI Advanced Open Water.<\/p>\n<p>Pour les plong\u00e9es profondes, nous avons certains des meilleurs sites de plong\u00e9e dans le golfe de Tha\u00eflande, y compris les c\u00e9l\u00e8bres\u00a0<a href=\"https:\/\/idckohtao.com\/fr\/fun-diving-koh-tao\/\">pinacles Chumphon<\/a>\u00a0ou Sail Rock.<\/p>\n<p>Les deux sites de plong\u00e9e offrent un acc\u00e8s facile \u00e0 30 m\u00e8tres et au-del\u00e0, ce qui les rend id\u00e9aux pour la plong\u00e9e d\u2019aventure profonde.<\/p>\n<p>Pour la plong\u00e9e sur \u00e9pave, nous avons\u00a0<a href=\"https:\/\/www.thefunkyturtle.com\/koh-tao-fun-diving\/htms-sattakut-wreck-dive-site\/\" target=\"_blank\" rel=\"noopener\">HTMS Sattakut<\/a>, un ancien navire de la marine tha\u00eflandaise coul\u00e9 \u00e0 dessein pour cr\u00e9er un site de plong\u00e9e artificielle en 2011.<\/p>\n<p>L\u2019eau chaude, les conditions calmes et les sites relativement peu profonds offrent de grandes possibilit\u00e9s de plong\u00e9e de nuit pendant la majeure partie de l\u2019ann\u00e9e.<\/p>\n<p>Avec plus de 25 sites de plong\u00e9e qui se trouvent dans un voyage en bateau de 40 minutes ou moins, vous avez l\u2019embarras du choix lors de la s\u00e9lection des sites de plong\u00e9e pour le cours Advanced Open Water<\/p>\n<p><img decoding=\"async\" class=\"alignnone wp-image-239 size-large\" src=\"https:\/\/idckohtao.com\/wp-content\/uploads\/2023\/08\/idckohtao.com-sidemount-buoyancy-koh-tao-1-1024x819.jpeg\" alt=\"idckohtao.com-sidemount-buoyancy-koh-tao-1\" width=\"1024\" height=\"819\" srcset=\"https:\/\/idckohtao.com\/wp-content\/uploads\/2023\/08\/idckohtao.com-sidemount-buoyancy-koh-tao-1-1024x819.jpeg 1024w, https:\/\/idckohtao.com\/wp-content\/uploads\/2023\/08\/idckohtao.com-sidemount-buoyancy-koh-tao-1-300x240.jpeg 300w, https:\/\/idckohtao.com\/wp-content\/uploads\/2023\/08\/idckohtao.com-sidemount-buoyancy-koh-tao-1-768x614.jpeg 768w, https:\/\/idckohtao.com\/wp-content\/uploads\/2023\/08\/idckohtao.com-sidemount-buoyancy-koh-tao-1.jpeg 1500w\" sizes=\"(max-width: 1024px) 100vw, 1024px\" \/><\/p>\n<div class=\"et_pb_module et_pb_text et_pb_text_17 et_pb_bg_layout_light et_pb_text_align_left\">\n<div class=\"et_pb_text_inner\">\n<h3>Horaire flexible cours Advanced Open Water<\/h3>\n<p>L\u2019horaire normal serait de 2 jours et ressemblerait \u00e0 quelque chose comme \u00e7a:<\/p>\n<p><strong>Jour 1<\/strong><\/p>\n<p><strong>09.00 \u2013 11.00<\/strong>\u00a0\u2013 Rencontrez l\u2019instructeur et corriger les r\u00e9visions des connaissances<\/p>\n<p>LE D\u00c9JEUNER<\/p>\n<p><strong>12h15-17h00<\/strong>\u00a0\u2013 Plong\u00e9e de navigation sous-marine plus 1 plong\u00e9e au choix<\/p>\n<p><strong>18h30 \u2013 20h00<\/strong>\u00a0\u2013 Plong\u00e9e de nuit (2\u00e8me plong\u00e9e au choix)<\/p>\n<p><strong>Jour 2\u00a0<\/strong><\/p>\n<p><strong>07.00-11.45<\/strong>\u00a0\u2013 Plong\u00e9e profonde plus 1 plong\u00e9e au choix \u2013 (plong\u00e9e sur \u00e9pave)<\/p>\n<\/div>\n<\/div>\n<div class=\"et_pb_module et_pb_text et_pb_text_18 et_pb_bg_layout_light et_pb_text_align_left\">\n<div class=\"et_pb_text_inner\">\n<h3>Prix du cours Advanced Open Water:<\/h3>\n<p>Le cours comprend:<\/p>\n<ul>\n<li>Manuel de plong\u00e9e en ligne PADI Advanced Open Water et certification PADI<\/li>\n<li>Frais de moniteur PADI<\/li>\n<li>Assurance<\/li>\n<li>Carnet de plong\u00e9e<\/li>\n<li>Location d\u2019\u00e9quipement, y compris la location de torches<\/li>\n<li>Location d\u2019ordinateur de plong\u00e9e<\/li>\n<\/ul>\n<h3>FAITES VOTRE PROCHAINE \u00c9TAPE ICI<\/h3>\n<\/div>\n<\/div>\n<p>[\/vc_column_text][\/vc_column][\/vc_row][vc_row][vc_column]<div class=\"text-left\"><h3 class=\"section-title\">Devenez candidat sur notre cours Koh Tao Divemaster<\/h3><div class=\"bt-course-price\"><h4>11,900<\/h4><a href=\"https:\/\/idckohtao.com\/fr\/packages-prices\/\" class=\"button\">R\u00c9SERVATION EN LIGNE<\/a><\/div><\/div>[\/vc_column][\/vc_row]<\/p>\n<\/div>","protected":false},"excerpt":{"rendered":"<p>[vc_row][vc_column][vc_column_text] Le cours avanc\u00e9 de plong\u00e9e en eau libre comprend 5 plong\u00e9es d\u2019aventure Le cours PADI Advanced Open Water est votre prochaine \u00e9tape et peut \u00eatre compl\u00e9t\u00e9 imm\u00e9diatement apr\u00e8s que vous \u00eates devenu un\u00a0plongeur PADI Open Water. Le cours Advanced Open Water se compose de 5 plong\u00e9es aventure et chacune est remplie de plaisir et [&hellip;]<\/p>\n","protected":false},"author":1,"featured_media":4594,"parent":0,"menu_order":0,"comment_status":"closed","ping_status":"closed","template":"","meta":{"_acf_changed":false,"footnotes":""},"class_list":["post-3336","page","type-page","status-publish","has-post-thumbnail","hentry"],"acf":[],"yoast_head":"<!-- This site is optimized with the Yoast SEO Premium plugin v27.5 (Yoast SEO v27.5) - https:\/\/yoast.com\/product\/yoast-seo-premium-wordpress\/ -->\n<title>Cours Advanced Open Water PADI Koh Tao | IDC Koh Tao<\/title>\n<meta name=\"description\" content=\"Le cours PADI Advanced Open Water est votre prochaine \u00e9tape et peut \u00eatre compl\u00e9t\u00e9 imm\u00e9diatement apr\u00e8s \u00eatre devenu plongeur PADI Open Water et se compose de 5 plong\u00e9es\" \/>\n<meta name=\"robots\" content=\"index, follow, max-snippet:-1, max-image-preview:large, max-video-preview:-1\" \/>\n<link rel=\"canonical\" href=\"https:\/\/idckohtao.com\/fr\/advanced-open-water-course\/\" \/>\n<meta property=\"og:locale\" content=\"fr_FR\" \/>\n<meta property=\"og:type\" content=\"article\" \/>\n<meta property=\"og:title\" content=\"Cours Advanced Open Water PADI Koh Tao | IDC Koh Tao\" \/>\n<meta property=\"og:description\" content=\"Le cours PADI Advanced Open Water est votre prochaine \u00e9tape et peut \u00eatre compl\u00e9t\u00e9 imm\u00e9diatement apr\u00e8s \u00eatre devenu plongeur PADI Open Water et se compose de 5 plong\u00e9es\" \/>\n<meta property=\"og:url\" content=\"https:\/\/idckohtao.com\/fr\/advanced-open-water-course\/\" \/>\n<meta property=\"og:site_name\" content=\"IDC Koh Tao\" \/>\n<meta property=\"article:publisher\" content=\"https:\/\/www.facebook.com\/GoProIDCKohTao\" \/>\n<meta property=\"article:modified_time\" content=\"2026-04-22T05:36:27+00:00\" \/>\n<meta property=\"og:image\" content=\"https:\/\/idckohtao.com\/wp-content\/uploads\/2023\/08\/idckohtao.com-best-reasons-to-become-a-dive-instructor-thailand.jpg\" \/>\n\t<meta property=\"og:image:width\" content=\"1500\" \/>\n\t<meta property=\"og:image:height\" content=\"1125\" \/>\n\t<meta property=\"og:image:type\" content=\"image\/jpeg\" \/>\n<meta name=\"twitter:card\" content=\"summary_large_image\" \/>\n<meta name=\"twitter:title\" content=\"Cours Advanced Open Water PADI Koh Tao | IDC Koh Tao\" \/>\n<meta name=\"twitter:description\" content=\"Le cours PADI Advanced Open Water est votre prochaine \u00e9tape et peut \u00eatre compl\u00e9t\u00e9 imm\u00e9diatement apr\u00e8s \u00eatre devenu plongeur PADI Open Water et se compose de 5 plong\u00e9es\" \/>\n<meta name=\"twitter:image\" content=\"https:\/\/idckohtao.com\/wp-content\/uploads\/2023\/08\/idckohtao.com-best-reasons-to-become-a-dive-instructor-thailand.jpg\" \/>\n<meta name=\"twitter:site\" content=\"@GoProIDCKohTao\" \/>\n<!-- \/ Yoast SEO Premium plugin. -->","yoast_head_json":{"title":"Cours Advanced Open Water PADI Koh Tao | IDC Koh Tao","description":"Le cours PADI Advanced Open Water est votre prochaine \u00e9tape et peut \u00eatre compl\u00e9t\u00e9 imm\u00e9diatement apr\u00e8s \u00eatre devenu plongeur PADI Open Water et se compose de 5 plong\u00e9es","robots":{"index":"index","follow":"follow","max-snippet":"max-snippet:-1","max-image-preview":"max-image-preview:large","max-video-preview":"max-video-preview:-1"},"canonical":"https:\/\/idckohtao.com\/fr\/advanced-open-water-course\/","og_locale":"fr_FR","og_type":"article","og_title":"Cours Advanced Open Water PADI Koh Tao | IDC Koh Tao","og_description":"Le cours PADI Advanced Open Water est votre prochaine \u00e9tape et peut \u00eatre compl\u00e9t\u00e9 imm\u00e9diatement apr\u00e8s \u00eatre devenu plongeur PADI Open Water et se compose de 5 plong\u00e9es","og_url":"https:\/\/idckohtao.com\/fr\/advanced-open-water-course\/","og_site_name":"IDC Koh Tao","article_publisher":"https:\/\/www.facebook.com\/GoProIDCKohTao","article_modified_time":"2026-04-22T05:36:27+00:00","og_image":[{"width":1500,"height":1125,"url":"https:\/\/idckohtao.com\/wp-content\/uploads\/2023\/08\/idckohtao.com-best-reasons-to-become-a-dive-instructor-thailand.jpg","type":"image\/jpeg"}],"twitter_card":"summary_large_image","twitter_title":"Cours Advanced Open Water PADI Koh Tao | IDC Koh Tao","twitter_description":"Le cours PADI Advanced Open Water est votre prochaine \u00e9tape et peut \u00eatre compl\u00e9t\u00e9 imm\u00e9diatement apr\u00e8s \u00eatre devenu plongeur PADI Open Water et se compose de 5 plong\u00e9es","twitter_image":"https:\/\/idckohtao.com\/wp-content\/uploads\/2023\/08\/idckohtao.com-best-reasons-to-become-a-dive-instructor-thailand.jpg","twitter_site":"@GoProIDCKohTao","schema":{"@context":"https:\/\/schema.org","@graph":[{"@type":"NewsArticle","@id":"https:\/\/idckohtao.com\/fr\/advanced-open-water-course\/#article","isPartOf":{"@id":"https:\/\/idckohtao.com\/fr\/advanced-open-water-course\/"},"author":{"name":"ojasya","@id":"https:\/\/idckohtao.com\/fr\/#\/schema\/person\/d08d557cbfdbc171f824052dae697b02"},"headline":"Advanced Open Water Course","datePublished":"2023-08-05T18:12:38+00:00","dateModified":"2026-04-22T05:36:27+00:00","mainEntityOfPage":{"@id":"https:\/\/idckohtao.com\/fr\/advanced-open-water-course\/"},"wordCount":714,"publisher":{"@id":"https:\/\/idckohtao.com\/fr\/#organization"},"image":{"@id":"https:\/\/idckohtao.com\/fr\/advanced-open-water-course\/#primaryimage"},"thumbnailUrl":"https:\/\/idckohtao.com\/wp-content\/uploads\/2023\/09\/idckohtao.com-best-padi-advanced-open-water-courses-in-thailand.jpeg","inLanguage":"fr-FR"},{"@type":"WebPage","@id":"https:\/\/idckohtao.com\/fr\/advanced-open-water-course\/","url":"https:\/\/idckohtao.com\/fr\/advanced-open-water-course\/","name":"Cours Advanced Open Water PADI Koh Tao | IDC Koh Tao","isPartOf":{"@id":"https:\/\/idckohtao.com\/fr\/#website"},"primaryImageOfPage":{"@id":"https:\/\/idckohtao.com\/fr\/advanced-open-water-course\/#primaryimage"},"image":{"@id":"https:\/\/idckohtao.com\/fr\/advanced-open-water-course\/#primaryimage"},"thumbnailUrl":"https:\/\/idckohtao.com\/wp-content\/uploads\/2023\/09\/idckohtao.com-best-padi-advanced-open-water-courses-in-thailand.jpeg","datePublished":"2023-08-05T18:12:38+00:00","dateModified":"2026-04-22T05:36:27+00:00","description":"Le cours PADI Advanced Open Water est votre prochaine \u00e9tape et peut \u00eatre compl\u00e9t\u00e9 imm\u00e9diatement apr\u00e8s \u00eatre devenu plongeur PADI Open Water et se compose de 5 plong\u00e9es","breadcrumb":{"@id":"https:\/\/idckohtao.com\/fr\/advanced-open-water-course\/#breadcrumb"},"inLanguage":"fr-FR","potentialAction":[{"@type":"ReadAction","target":["https:\/\/idckohtao.com\/fr\/advanced-open-water-course\/"]}]},{"@type":"ImageObject","inLanguage":"fr-FR","@id":"https:\/\/idckohtao.com\/fr\/advanced-open-water-course\/#primaryimage","url":"https:\/\/idckohtao.com\/wp-content\/uploads\/2023\/09\/idckohtao.com-best-padi-advanced-open-water-courses-in-thailand.jpeg","contentUrl":"https:\/\/idckohtao.com\/wp-content\/uploads\/2023\/09\/idckohtao.com-best-padi-advanced-open-water-courses-in-thailand.jpeg","width":1200,"height":800,"caption":"advanced open water courses with a whaleshark in koh tao thailand"},{"@type":"BreadcrumbList","@id":"https:\/\/idckohtao.com\/fr\/advanced-open-water-course\/#breadcrumb","itemListElement":[{"@type":"ListItem","position":1,"name":"Home","item":"https:\/\/idckohtao.com\/fr\/"},{"@type":"ListItem","position":2,"name":"Advanced Open Water Course"}]},{"@type":"WebSite","@id":"https:\/\/idckohtao.com\/fr\/#website","url":"https:\/\/idckohtao.com\/fr\/","name":"IDC Koh Tao","description":"PADI IDC 5 Star Diving Center in Koh Tao - Thailand","publisher":{"@id":"https:\/\/idckohtao.com\/fr\/#organization"},"alternateName":"IDC Koh Tao in Thailand","potentialAction":[{"@type":"SearchAction","target":{"@type":"EntryPoint","urlTemplate":"https:\/\/idckohtao.com\/fr\/?s={search_term_string}"},"query-input":{"@type":"PropertyValueSpecification","valueRequired":true,"valueName":"search_term_string"}}],"inLanguage":"fr-FR"},{"@type":"Organization","@id":"https:\/\/idckohtao.com\/fr\/#organization","name":"IDC Koh Tao","alternateName":"IDC Koh Tao | Divemaster & Diving Instructor","url":"https:\/\/idckohtao.com\/fr\/","logo":{"@type":"ImageObject","inLanguage":"fr-FR","@id":"https:\/\/idckohtao.com\/fr\/#\/schema\/logo\/image\/","url":"https:\/\/idckohtao.com\/wp-content\/uploads\/2023\/09\/idckohtao.com-padi-diving-center-in-koh-tao-thailand.png","contentUrl":"https:\/\/idckohtao.com\/wp-content\/uploads\/2023\/09\/idckohtao.com-padi-diving-center-in-koh-tao-thailand.png","width":400,"height":300,"caption":"IDC Koh Tao"},"image":{"@id":"https:\/\/idckohtao.com\/fr\/#\/schema\/logo\/image\/"},"sameAs":["https:\/\/www.facebook.com\/GoProIDCKohTao","https:\/\/x.com\/GoProIDCKohTao","https:\/\/www.youtube.com\/idckohtao","https:\/\/www.instagram.com\/idc.kohtao\/"],"description":"IDC Koh Tao is a part of the Black Turtle Dive pro level training team with three PADI Course Directors being led by Award Winning PADI Course Director Matt Bolton. Our full range of pro and recreational PADI Diving Courses provides aspiring scuba divers with education, fun, excitement, adventure, and a change of lifestyle or an opportunity to pursue a new career.","email":"info@idckohtao.com","legalName":"IDC Koh Tao","foundingDate":"2004-01-04","numberOfEmployees":{"@type":"QuantitativeValue","minValue":"1","maxValue":"10"},"correctionsPolicy":"https:\/\/idckohtao.com\/privacy-policy\/","ethicsPolicy":"https:\/\/idckohtao.com\/terms\/"},{"@type":"Person","@id":"https:\/\/idckohtao.com\/fr\/#\/schema\/person\/d08d557cbfdbc171f824052dae697b02","name":"ojasya","image":{"@type":"ImageObject","inLanguage":"fr-FR","@id":"https:\/\/secure.gravatar.com\/avatar\/6fb34e36d09053a6545fc21d344613321bb1933f185132488f38052166f5a001?s=96&d=mm&r=g","url":"https:\/\/secure.gravatar.com\/avatar\/6fb34e36d09053a6545fc21d344613321bb1933f185132488f38052166f5a001?s=96&d=mm&r=g","contentUrl":"https:\/\/secure.gravatar.com\/avatar\/6fb34e36d09053a6545fc21d344613321bb1933f185132488f38052166f5a001?s=96&d=mm&r=g","caption":"ojasya"},"sameAs":["https:\/\/idckohtao.com"],"url":"https:\/\/idckohtao.com\/fr\/blog\/author\/ojasya\/"}]}},"_links":{"self":[{"href":"https:\/\/idckohtao.com\/fr\/wp-json\/wp\/v2\/pages\/3336","targetHints":{"allow":["GET"]}}],"collection":[{"href":"https:\/\/idckohtao.com\/fr\/wp-json\/wp\/v2\/pages"}],"about":[{"href":"https:\/\/idckohtao.com\/fr\/wp-json\/wp\/v2\/types\/page"}],"author":[{"embeddable":true,"href":"https:\/\/idckohtao.com\/fr\/wp-json\/wp\/v2\/users\/1"}],"replies":[{"embeddable":true,"href":"https:\/\/idckohtao.com\/fr\/wp-json\/wp\/v2\/comments?post=3336"}],"version-history":[{"count":1,"href":"https:\/\/idckohtao.com\/fr\/wp-json\/wp\/v2\/pages\/3336\/revisions"}],"predecessor-version":[{"id":7712,"href":"https:\/\/idckohtao.com\/fr\/wp-json\/wp\/v2\/pages\/3336\/revisions\/7712"}],"wp:featuredmedia":[{"embeddable":true,"href":"https:\/\/idckohtao.com\/fr\/wp-json\/wp\/v2\/media\/4594"}],"wp:attachment":[{"href":"https:\/\/idckohtao.com\/fr\/wp-json\/wp\/v2\/media?parent=3336"}],"curies":[{"name":"wp","href":"https:\/\/api.w.org\/{rel}","templated":true}]}}