{"id":3346,"date":"2023-08-14T09:14:05","date_gmt":"2023-08-14T09:14:05","guid":{"rendered":"https:\/\/idckohtao.com\/contact\/"},"modified":"2023-12-17T06:46:37","modified_gmt":"2023-12-17T06:46:37","slug":"contact","status":"publish","type":"page","link":"https:\/\/idckohtao.com\/fr\/contact\/","title":{"rendered":"Contact"},"content":{"rendered":"<div class=\"wpb-content-wrapper\"><p>[vc_row css=\u00a0\u00bb.vc_custom_1692034036106{margin-top: 20px !important;}\u00a0\u00bb][vc_column][vc_custom_heading text=\u00a0\u00bbMerci pour votre visite\u00a0\u00bb use_theme_fonts=\u00a0\u00bbyes\u00a0\u00bb][vc_column_text]Nous sommes heureux d\u2019annoncer que l\u2019\u00e9quipe de direction et d\u2019instructeurs d\u2019IDC Koh Tao a achev\u00e9 la fusion de tous les cours de formation de plongeurs et continue de dispenser la gamme compl\u00e8te des cours PADI avec Black Turtle Dive.<\/p>\n<p>C\u2019est une excellente nouvelle pour nos clients, car notre \u00e9quipe de professionnels avec plus de 50 ans d\u2019expertise combin\u00e9e dans l\u2019industrie continuera \u00e0 fournir une qualit\u00e9 exceptionnelle, un excellent service client et un programme de cours am\u00e9lior\u00e9.<\/p>\n<p>Vous pouvez nous contacter pour plus d\u2019informations sur ce nouveau d\u00e9veloppement passionnant ou\u00a0<a href=\"https:\/\/www.blackturtledive.com\/\" target=\"_blank\" rel=\"noopener noreferrer\">en savoir plus sur Black Turtle Dive<\/a>.<\/p>\n<p>Veuillez nous fournir toutes les informations dans les cases ci-dessous, y compris votre niveau de certification actuel et en s\u00e9lectionnant les cases pour les cours qui vous int\u00e9ressent. Cela nous aidera \u00e0 vous donner les informations les plus pr\u00e9cises et les plus \u00e0 jour. Pour des questions de cours sp\u00e9cifiques non couvertes par notre page de questions fr\u00e9quemment pos\u00e9es, veuillez envoyer un e-mail \u00e0 l\u2019adresse indiqu\u00e9e sur ce site.[\/vc_column_text][\/vc_column][\/vc_row][vc_row][vc_column width=\u00a0\u00bb1\/2&Prime; el_class=\u00a0\u00bbpr-lg\u00a0\u00bb]\n<div class=\"wpcf7 no-js\" id=\"wpcf7-f5375-o1\" lang=\"fr-FR\" dir=\"ltr\" data-wpcf7-id=\"5375\">\n<div class=\"screen-reader-response\"><p role=\"status\" aria-live=\"polite\" aria-atomic=\"true\"><\/p> <ul><\/ul><\/div>\n<form action=\"\/fr\/wp-json\/wp\/v2\/pages\/3346#wpcf7-f5375-o1\" method=\"post\" class=\"wpcf7-form init\" aria-label=\"Formulaire de contact\" novalidate=\"novalidate\" data-status=\"init\">\n<fieldset class=\"hidden-fields-container\"><input type=\"hidden\" name=\"_wpcf7\" value=\"5375\" \/><input type=\"hidden\" name=\"_wpcf7_version\" value=\"6.1.5\" \/><input type=\"hidden\" name=\"_wpcf7_locale\" value=\"fr_FR\" \/><input type=\"hidden\" name=\"_wpcf7_unit_tag\" value=\"wpcf7-f5375-o1\" \/><input type=\"hidden\" name=\"_wpcf7_container_post\" value=\"0\" \/><input type=\"hidden\" name=\"_wpcf7_posted_data_hash\" value=\"\" \/><input type=\"hidden\" name=\"_wpcf7_recaptcha_response\" value=\"\" \/>\n<\/fieldset>\n<label>Nom\n<span class=\"wpcf7-form-control-wrap\" data-name=\"Name\"><input size=\"40\" maxlength=\"400\" class=\"wpcf7-form-control wpcf7-text wpcf7-validates-as-required\" aria-required=\"true\" aria-invalid=\"false\" placeholder=\"\" value=\"\" type=\"text\" name=\"Name\" \/><\/span><\/label>\n<label>Email\n<span class=\"wpcf7-form-control-wrap\" data-name=\"Email\"><input size=\"40\" maxlength=\"400\" class=\"wpcf7-form-control wpcf7-email wpcf7-validates-as-required wpcf7-text wpcf7-validates-as-email\" aria-required=\"true\" aria-invalid=\"false\" placeholder=\"\" value=\"\" type=\"email\" name=\"Email\" \/><\/span><\/label>\n<span id=\"wpcf7-69ff85ba4f746-wrapper\" class=\"wpcf7-form-control-wrap message-us-wrap\" style=\"display:none !important; visibility:hidden !important;\"><label for=\"wpcf7-69ff85ba4f746-field\" class=\"hp-message\">Veuillez laisser ce champ vide.<\/label><input id=\"wpcf7-69ff85ba4f746-field\"  class=\"wpcf7-form-control wpcf7-text\" type=\"text\" name=\"message-us\" value=\"\" size=\"40\" tabindex=\"-1\" autocomplete=\"new-password\" \/><\/span>\n<label>Nationalit\u00e9\n<span class=\"wpcf7-form-control-wrap\" data-name=\"Nationality\"><input size=\"40\" maxlength=\"400\" class=\"wpcf7-form-control wpcf7-text wpcf7-validates-as-required\" aria-required=\"true\" aria-invalid=\"false\" placeholder=\"\" value=\"\" type=\"text\" name=\"Nationality\" \/><\/span><\/label>\n<label>Niveau de plong\u00e9e actuel<\/label>\n<span class=\"wpcf7-form-control-wrap\" data-name=\"dive-level\"><select class=\"wpcf7-form-control wpcf7-select wpcf7-validates-as-required\" aria-required=\"true\" aria-invalid=\"false\" multiple=\"multiple\" name=\"dive-level[]\"><option value=\"Beginner\">Beginner<\/option><option value=\"Open Water\">Open Water<\/option><option value=\"Advanced Open Water\">Advanced Open Water<\/option><option value=\"Rescue Diver\">Rescue Diver<\/option><option value=\"Divemaster\">Divemaster<\/option><option value=\"Instructor (OWSI)\">Instructor (OWSI)<\/option><\/select><\/span>\n<label>Cours<\/label>\n<span class=\"wpcf7-form-control-wrap\" data-name=\"course-checkbox\"><span class=\"wpcf7-form-control wpcf7-checkbox\"><span class=\"wpcf7-list-item first\"><input type=\"checkbox\" name=\"course-checkbox[]\" value=\"Discover Scuba Diving\" \/><span class=\"wpcf7-list-item-label\">Discover Scuba Diving<\/span><\/span><span class=\"wpcf7-list-item\"><input type=\"checkbox\" name=\"course-checkbox[]\" value=\"Open Water Course\" \/><span class=\"wpcf7-list-item-label\">Open Water Course<\/span><\/span><span class=\"wpcf7-list-item\"><input type=\"checkbox\" name=\"course-checkbox[]\" value=\"Advanced Open Water Course\" \/><span class=\"wpcf7-list-item-label\">Advanced Open Water Course<\/span><\/span><span class=\"wpcf7-list-item\"><input type=\"checkbox\" name=\"course-checkbox[]\" value=\"Rescue Diver Course\" \/><span class=\"wpcf7-list-item-label\">Rescue Diver Course<\/span><\/span><span class=\"wpcf7-list-item\"><input type=\"checkbox\" name=\"course-checkbox[]\" value=\"EFR Course\" \/><span class=\"wpcf7-list-item-label\">EFR Course<\/span><\/span><span class=\"wpcf7-list-item\"><input type=\"checkbox\" name=\"course-checkbox[]\" value=\"Divemaster Course\" \/><span class=\"wpcf7-list-item-label\">Divemaster Course<\/span><\/span><span class=\"wpcf7-list-item\"><input type=\"checkbox\" name=\"course-checkbox[]\" value=\"Fun Diving\" \/><span class=\"wpcf7-list-item-label\">Fun Diving<\/span><\/span><span class=\"wpcf7-list-item\"><input type=\"checkbox\" name=\"course-checkbox[]\" value=\"IDC Standard\" \/><span class=\"wpcf7-list-item-label\">IDC Standard<\/span><\/span><span class=\"wpcf7-list-item\"><input type=\"checkbox\" name=\"course-checkbox[]\" value=\"IDC Deluxe\" \/><span class=\"wpcf7-list-item-label\">IDC Deluxe<\/span><\/span><span class=\"wpcf7-list-item\"><input type=\"checkbox\" name=\"course-checkbox[]\" value=\"IDC Premier\" \/><span class=\"wpcf7-list-item-label\">IDC Premier<\/span><\/span><span class=\"wpcf7-list-item\"><input type=\"checkbox\" name=\"course-checkbox[]\" value=\"IDC \u2018Full Monty\u2019\" \/><span class=\"wpcf7-list-item-label\">IDC \u2018Full Monty\u2019<\/span><\/span><span class=\"wpcf7-list-item\"><input type=\"checkbox\" name=\"course-checkbox[]\" value=\"Stage Instructeur\" \/><span class=\"wpcf7-list-item-label\">Stage Instructeur<\/span><\/span><span class=\"wpcf7-list-item\"><input type=\"checkbox\" name=\"course-checkbox[]\" value=\"Stage Divemaster\" \/><span class=\"wpcf7-list-item-label\">Stage Divemaster<\/span><\/span><span class=\"wpcf7-list-item\"><input type=\"checkbox\" name=\"course-checkbox[]\" value=\"Assistant Instructeur\" \/><span class=\"wpcf7-list-item-label\">Assistant Instructeur<\/span><\/span><span class=\"wpcf7-list-item\"><input type=\"checkbox\" name=\"course-checkbox[]\" value=\"OWSI croisement\" \/><span class=\"wpcf7-list-item-label\">OWSI croisement<\/span><\/span><span class=\"wpcf7-list-item\"><input type=\"checkbox\" name=\"course-checkbox[]\" value=\"EFRI\" \/><span class=\"wpcf7-list-item-label\">EFRI<\/span><\/span><span class=\"wpcf7-list-item\"><input type=\"checkbox\" name=\"course-checkbox[]\" value=\"MSDT Prep &amp; Stage\" \/><span class=\"wpcf7-list-item-label\">MSDT Prep &amp; Stage<\/span><\/span><span class=\"wpcf7-list-item last\"><input type=\"checkbox\" name=\"course-checkbox[]\" value=\"Instructeur IDC Staff\" \/><span class=\"wpcf7-list-item-label\">Instructeur IDC Staff<\/span><\/span><\/span><\/span>\n<label>Date d'arriv\u00e9e\n<span class=\"wpcf7-form-control-wrap\" data-name=\"date\"><input class=\"wpcf7-form-control wpcf7-date wpcf7-validates-as-required wpcf7-validates-as-date\" aria-required=\"true\" aria-invalid=\"false\" value=\"\" type=\"date\" name=\"date\" \/><\/span><\/label>\n<span id=\"wpcf7-69ff85ba4fa71-wrapper\" class=\"wpcf7-form-control-wrap commentbox-wrap\" style=\"display:none !important; visibility:hidden !important;\"><label for=\"wpcf7-69ff85ba4fa71-field\" class=\"hp-message\">Veuillez laisser ce champ vide.<\/label><input id=\"wpcf7-69ff85ba4fa71-field\"  class=\"wpcf7-form-control wpcf7-text\" type=\"text\" name=\"commentbox\" value=\"\" size=\"40\" tabindex=\"-1\" autocomplete=\"new-password\" \/><\/span>\n<label>Commentaires\n<span class=\"wpcf7-form-control-wrap\" data-name=\"Comments\"><textarea cols=\"40\" rows=\"10\" maxlength=\"2000\" class=\"wpcf7-form-control wpcf7-textarea wpcf7-validates-as-required\" aria-required=\"true\" aria-invalid=\"false\" placeholder=\"\" name=\"Comments\"><\/textarea><\/span><\/label>\n<span class=\"wpcf7-form-control-wrap recaptcha\" data-name=\"recaptcha\"><span data-sitekey=\"6Lexs4YoAAAAABN7QUXXW06WLxL63bhlb4FrGphE\" class=\"wpcf7-form-control wpcf7-recaptcha g-recaptcha\"><\/span>\r\n<noscript>\r\n\t<div class=\"grecaptcha-noscript\">\r\n\t\t<iframe src=\"https:\/\/www.google.com\/recaptcha\/api\/fallback?k=6Lexs4YoAAAAABN7QUXXW06WLxL63bhlb4FrGphE\" frameborder=\"0\" scrolling=\"no\" width=\"310\" height=\"430\">\r\n\t\t<\/iframe>\r\n\t\t<textarea name=\"g-recaptcha-response\" rows=\"3\" cols=\"40\" placeholder=\"reCaptcha Response Here\">\r\n\t\t<\/textarea>\r\n\t<\/div>\r\n<\/noscript>\r\n<\/span>\n<input class=\"wpcf7-form-control wpcf7-submit has-spinner\" type=\"submit\" value=\"Envoyer\" \/><div class=\"wpcf7-response-output\" aria-hidden=\"true\"><\/div>\n<\/form>\n<\/div>\n[\/vc_column][vc_column width=\u00a0\u00bb1\/2&Prime; el_class=\u00a0\u00bbpl-lg\u00a0\u00bb][vc_single_image image=\u00a0\u00bb3688&Prime; img_size=\u00a0\u00bb\u00a0\u00bb][vc_row_inner][vc_column_inner el_class=\u00a0\u00bbcontact-box\u00a0\u00bb][vc_custom_heading text=\u00a0\u00bbConnect\u00a0\u00bb font_container=\u00a0\u00bbtag:h3|font_size:30px|text_align:left|color:%23d5ab06&Prime; use_theme_fonts=\u00a0\u00bbyes\u00a0\u00bb][vc_message message_box_color=\u00a0\u00bbwhite\u00a0\u00bb icon_fontawesome=\u00a0\u00bbfas fa-phone-alt\u00a0\u00bb el_class=\u00a0\u00bbcontact-info-box\u00a0\u00bb]<a href=\"tel:+66(0)895922134\">+66(0)895922134<\/a>[\/vc_message][vc_message message_box_color=\u00a0\u00bbwhite\u00a0\u00bb icon_fontawesome=\u00a0\u00bbfas fa-envelope\u00a0\u00bb el_class=\u00a0\u00bbcontact-info-box\u00a0\u00bb]<a href=\"mailto:info@idckohtao.com\">info@idckohtao.com<\/a>[\/vc_message][vc_message message_box_color=\u00a0\u00bbwhite\u00a0\u00bb icon_fontawesome=\u00a0\u00bbfas fa-map-marker\u00a0\u00bb el_class=\u00a0\u00bbcontact-info-box\u00a0\u00bb]9\/94 Moo 2,<br \/>\nMae Haad,<br \/>\nKoh Tao, Surat Thani<br \/>\n84360 Thailand[\/vc_message][\/vc_column_inner][\/vc_row_inner][vc_gmaps link=\u00a0\u00bb#E-8_JTNDaWZyYW1lJTIwc3JjJTNEJTIyaHR0cHMlM0ElMkYlMkZ3d3cuZ29vZ2xlLmNvbSUyRm1hcHMlMkZlbWJlZCUzRnBiJTNEJTIxMW0xOCUyMTFtMTIlMjExbTMlMjExZDIwNTUuOTcxMDYzOTA4MDg2JTIxMmQ5OS44MjMzMjI1MTUxMjc4NyUyMTNkMTAuMDg1OTc1Nzk4MDE5ODY4JTIxMm0zJTIxMWYwJTIxMmYwJTIxM2YwJTIxM20yJTIxMWkxMDI0JTIxMmk3NjglMjE0ZjEzLjElMjEzbTMlMjExbTIlMjExczB4MzA1NWExOTIxYzcxNjljNyUyNTNBMHhiMDljNDdjNTZjMTk0NjclMjEyc0lEQyUyNTIwS29oJTI1MjBUYW8lMjUyMCUyNTdDJTI1MjBEaXZlbWFzdGVyJTI1MjAlMjUyNiUyNTIwSW5zdHJ1Y3RvciUyMTVlMCUyMTNtMiUyMTFzZW4lMjEyc2luJTIxNHYxNjkyMDgwNzQ0MzA0JTIxNW0yJTIxMXNlbiUyMTJzaW4lMjIlMjB3aWR0aCUzRCUyMjYwMCUyMiUyMGhlaWdodCUzRCUyMjQ1MCUyMiUyMHN0eWxlJTNEJTIyYm9yZGVyJTNBMCUzQiUyMiUyMGFsbG93ZnVsbHNjcmVlbiUzRCUyMiUyMiUyMGxvYWRpbmclM0QlMjJsYXp5JTIyJTIwcmVmZXJyZXJwb2xpY3klM0QlMjJuby1yZWZlcnJlci13aGVuLWRvd25ncmFkZSUyMiUzRSUzQyUyRmlmcmFtZSUzRQ==\u00a0\u00bb][\/vc_column][\/vc_row]<\/p>\n<\/div>","protected":false},"excerpt":{"rendered":"<p>[vc_row css=\u00a0\u00bb.vc_custom_1692034036106{margin-top: 20px !important;}\u00a0\u00bb][vc_column][vc_custom_heading text=\u00a0\u00bbMerci pour votre visite\u00a0\u00bb use_theme_fonts=\u00a0\u00bbyes\u00a0\u00bb][vc_column_text]Nous sommes heureux d\u2019annoncer que l\u2019\u00e9quipe de direction et d\u2019instructeurs d\u2019IDC Koh Tao a achev\u00e9 la fusion de tous les cours de formation de plongeurs et continue de dispenser la gamme compl\u00e8te des cours PADI avec Black Turtle Dive. C\u2019est une excellente nouvelle pour nos clients, car [&hellip;]<\/p>\n","protected":false},"author":1,"featured_media":0,"parent":0,"menu_order":0,"comment_status":"closed","ping_status":"closed","template":"page-simple.php","meta":{"_acf_changed":false,"footnotes":""},"class_list":["post-3346","page","type-page","status-publish","hentry"],"acf":[],"yoast_head":"<!-- This site is optimized with the Yoast SEO Premium plugin v27.5 (Yoast SEO v27.5) - https:\/\/yoast.com\/product\/yoast-seo-premium-wordpress\/ -->\n<title>IDC Koh Tao | Contactez-nous pour plus d&#039;informations sur les cours de plong\u00e9e<\/title>\n<meta name=\"description\" content=\"Pour plus d&#039;informations sur tous les cours de plong\u00e9e IDC Koh Tao PADI et les stages de plong\u00e9e sous-marine, veuillez remplir le formulaire et fournir tous les d\u00e9tails\" \/>\n<meta name=\"robots\" content=\"index, follow, max-snippet:-1, max-image-preview:large, max-video-preview:-1\" \/>\n<link rel=\"canonical\" href=\"https:\/\/idckohtao.com\/fr\/contact\/\" \/>\n<meta property=\"og:locale\" content=\"fr_FR\" \/>\n<meta property=\"og:type\" content=\"article\" \/>\n<meta property=\"og:title\" content=\"IDC Koh Tao | Contactez-nous pour plus d&#039;informations sur les cours de plong\u00e9e\" \/>\n<meta property=\"og:description\" content=\"Pour plus d&#039;informations sur tous les cours de plong\u00e9e IDC Koh Tao PADI et les stages de plong\u00e9e sous-marine, veuillez remplir le formulaire et fournir tous les d\u00e9tails\" \/>\n<meta property=\"og:url\" content=\"https:\/\/idckohtao.com\/fr\/contact\/\" \/>\n<meta property=\"og:site_name\" content=\"IDC Koh Tao\" \/>\n<meta property=\"article:publisher\" content=\"https:\/\/www.facebook.com\/GoProIDCKohTao\" \/>\n<meta property=\"article:modified_time\" content=\"2023-12-17T06:46:37+00:00\" \/>\n<meta property=\"og:image\" content=\"https:\/\/idckohtao.com\/wp-content\/uploads\/2023\/09\/idckohtao.com-best-diving-instructor-courses-in-thailand.jpeg\" \/>\n\t<meta property=\"og:image:width\" content=\"1200\" \/>\n\t<meta property=\"og:image:height\" content=\"900\" \/>\n\t<meta property=\"og:image:type\" content=\"image\/jpeg\" \/>\n<meta name=\"twitter:card\" content=\"summary_large_image\" \/>\n<meta name=\"twitter:title\" content=\"IDC Koh Tao | Contactez-nous pour plus d&#039;informations sur les cours de plong\u00e9e\" \/>\n<meta name=\"twitter:description\" content=\"Pour plus d&#039;informations sur tous les cours de plong\u00e9e IDC Koh Tao PADI et les stages de plong\u00e9e sous-marine, veuillez remplir le formulaire et fournir tous les d\u00e9tails\" \/>\n<meta name=\"twitter:site\" content=\"@GoProIDCKohTao\" \/>\n<!-- \/ Yoast SEO Premium plugin. -->","yoast_head_json":{"title":"IDC Koh Tao | Contactez-nous pour plus d'informations sur les cours de plong\u00e9e","description":"Pour plus d'informations sur tous les cours de plong\u00e9e IDC Koh Tao PADI et les stages de plong\u00e9e sous-marine, veuillez remplir le formulaire et fournir tous les d\u00e9tails","robots":{"index":"index","follow":"follow","max-snippet":"max-snippet:-1","max-image-preview":"max-image-preview:large","max-video-preview":"max-video-preview:-1"},"canonical":"https:\/\/idckohtao.com\/fr\/contact\/","og_locale":"fr_FR","og_type":"article","og_title":"IDC Koh Tao | Contactez-nous pour plus d'informations sur les cours de plong\u00e9e","og_description":"Pour plus d'informations sur tous les cours de plong\u00e9e IDC Koh Tao PADI et les stages de plong\u00e9e sous-marine, veuillez remplir le formulaire et fournir tous les d\u00e9tails","og_url":"https:\/\/idckohtao.com\/fr\/contact\/","og_site_name":"IDC Koh Tao","article_publisher":"https:\/\/www.facebook.com\/GoProIDCKohTao","article_modified_time":"2023-12-17T06:46:37+00:00","og_image":[{"width":1200,"height":900,"url":"https:\/\/idckohtao.com\/wp-content\/uploads\/2023\/09\/idckohtao.com-best-diving-instructor-courses-in-thailand.jpeg","type":"image\/jpeg"}],"twitter_card":"summary_large_image","twitter_title":"IDC Koh Tao | Contactez-nous pour plus d'informations sur les cours de plong\u00e9e","twitter_description":"Pour plus d'informations sur tous les cours de plong\u00e9e IDC Koh Tao PADI et les stages de plong\u00e9e sous-marine, veuillez remplir le formulaire et fournir tous les d\u00e9tails","twitter_site":"@GoProIDCKohTao","schema":{"@context":"https:\/\/schema.org","@graph":[{"@type":"NewsArticle","@id":"https:\/\/idckohtao.com\/fr\/contact\/#article","isPartOf":{"@id":"https:\/\/idckohtao.com\/fr\/contact\/"},"author":{"name":"ojasya","@id":"https:\/\/idckohtao.com\/fr\/#\/schema\/person\/d08d557cbfdbc171f824052dae697b02"},"headline":"Contact","datePublished":"2023-08-14T09:14:05+00:00","dateModified":"2023-12-17T06:46:37+00:00","mainEntityOfPage":{"@id":"https:\/\/idckohtao.com\/fr\/contact\/"},"wordCount":398,"publisher":{"@id":"https:\/\/idckohtao.com\/fr\/#organization"},"inLanguage":"fr-FR"},{"@type":"WebPage","@id":"https:\/\/idckohtao.com\/fr\/contact\/","url":"https:\/\/idckohtao.com\/fr\/contact\/","name":"IDC Koh Tao | Contactez-nous pour plus d'informations sur les cours de plong\u00e9e","isPartOf":{"@id":"https:\/\/idckohtao.com\/fr\/#website"},"datePublished":"2023-08-14T09:14:05+00:00","dateModified":"2023-12-17T06:46:37+00:00","description":"Pour plus d'informations sur tous les cours de plong\u00e9e IDC Koh Tao PADI et les stages de plong\u00e9e sous-marine, veuillez remplir le formulaire et fournir tous les d\u00e9tails","breadcrumb":{"@id":"https:\/\/idckohtao.com\/fr\/contact\/#breadcrumb"},"inLanguage":"fr-FR","potentialAction":[{"@type":"ReadAction","target":["https:\/\/idckohtao.com\/fr\/contact\/"]}]},{"@type":"BreadcrumbList","@id":"https:\/\/idckohtao.com\/fr\/contact\/#breadcrumb","itemListElement":[{"@type":"ListItem","position":1,"name":"Home","item":"https:\/\/idckohtao.com\/fr\/"},{"@type":"ListItem","position":2,"name":"Contact"}]},{"@type":"WebSite","@id":"https:\/\/idckohtao.com\/fr\/#website","url":"https:\/\/idckohtao.com\/fr\/","name":"IDC Koh Tao","description":"PADI IDC 5 Star Diving Center in Koh Tao - Thailand","publisher":{"@id":"https:\/\/idckohtao.com\/fr\/#organization"},"alternateName":"IDC Koh Tao in Thailand","potentialAction":[{"@type":"SearchAction","target":{"@type":"EntryPoint","urlTemplate":"https:\/\/idckohtao.com\/fr\/?s={search_term_string}"},"query-input":{"@type":"PropertyValueSpecification","valueRequired":true,"valueName":"search_term_string"}}],"inLanguage":"fr-FR"},{"@type":"Organization","@id":"https:\/\/idckohtao.com\/fr\/#organization","name":"IDC Koh Tao","alternateName":"IDC Koh Tao | Divemaster & Diving Instructor","url":"https:\/\/idckohtao.com\/fr\/","logo":{"@type":"ImageObject","inLanguage":"fr-FR","@id":"https:\/\/idckohtao.com\/fr\/#\/schema\/logo\/image\/","url":"https:\/\/idckohtao.com\/wp-content\/uploads\/2023\/09\/idckohtao.com-padi-diving-center-in-koh-tao-thailand.png","contentUrl":"https:\/\/idckohtao.com\/wp-content\/uploads\/2023\/09\/idckohtao.com-padi-diving-center-in-koh-tao-thailand.png","width":400,"height":300,"caption":"IDC Koh Tao"},"image":{"@id":"https:\/\/idckohtao.com\/fr\/#\/schema\/logo\/image\/"},"sameAs":["https:\/\/www.facebook.com\/GoProIDCKohTao","https:\/\/x.com\/GoProIDCKohTao","https:\/\/www.youtube.com\/idckohtao","https:\/\/www.instagram.com\/idc.kohtao\/"],"description":"IDC Koh Tao is a part of the Black Turtle Dive pro level training team with three PADI Course Directors being led by Award Winning PADI Course Director Matt Bolton. Our full range of pro and recreational PADI Diving Courses provides aspiring scuba divers with education, fun, excitement, adventure, and a change of lifestyle or an opportunity to pursue a new career.","email":"info@idckohtao.com","legalName":"IDC Koh Tao","foundingDate":"2004-01-04","numberOfEmployees":{"@type":"QuantitativeValue","minValue":"1","maxValue":"10"},"correctionsPolicy":"https:\/\/idckohtao.com\/privacy-policy\/","ethicsPolicy":"https:\/\/idckohtao.com\/terms\/"},{"@type":"Person","@id":"https:\/\/idckohtao.com\/fr\/#\/schema\/person\/d08d557cbfdbc171f824052dae697b02","name":"ojasya","image":{"@type":"ImageObject","inLanguage":"fr-FR","@id":"https:\/\/secure.gravatar.com\/avatar\/6fb34e36d09053a6545fc21d344613321bb1933f185132488f38052166f5a001?s=96&d=mm&r=g","url":"https:\/\/secure.gravatar.com\/avatar\/6fb34e36d09053a6545fc21d344613321bb1933f185132488f38052166f5a001?s=96&d=mm&r=g","contentUrl":"https:\/\/secure.gravatar.com\/avatar\/6fb34e36d09053a6545fc21d344613321bb1933f185132488f38052166f5a001?s=96&d=mm&r=g","caption":"ojasya"},"sameAs":["https:\/\/idckohtao.com"],"url":"https:\/\/idckohtao.com\/fr\/blog\/author\/ojasya\/"}]}},"_links":{"self":[{"href":"https:\/\/idckohtao.com\/fr\/wp-json\/wp\/v2\/pages\/3346","targetHints":{"allow":["GET"]}}],"collection":[{"href":"https:\/\/idckohtao.com\/fr\/wp-json\/wp\/v2\/pages"}],"about":[{"href":"https:\/\/idckohtao.com\/fr\/wp-json\/wp\/v2\/types\/page"}],"author":[{"embeddable":true,"href":"https:\/\/idckohtao.com\/fr\/wp-json\/wp\/v2\/users\/1"}],"replies":[{"embeddable":true,"href":"https:\/\/idckohtao.com\/fr\/wp-json\/wp\/v2\/comments?post=3346"}],"version-history":[{"count":0,"href":"https:\/\/idckohtao.com\/fr\/wp-json\/wp\/v2\/pages\/3346\/revisions"}],"wp:attachment":[{"href":"https:\/\/idckohtao.com\/fr\/wp-json\/wp\/v2\/media?parent=3346"}],"curies":[{"name":"wp","href":"https:\/\/api.w.org\/{rel}","templated":true}]}}