{"id":3349,"date":"2023-08-10T08:08:24","date_gmt":"2023-08-10T08:08:24","guid":{"rendered":"https:\/\/idckohtao.com\/deep-instructor-specialty\/"},"modified":"2026-01-01T07:02:05","modified_gmt":"2026-01-01T07:02:05","slug":"deep-instructor-specialty","status":"publish","type":"page","link":"https:\/\/idckohtao.com\/fr\/pro-level-courses\/deep-instructor-specialty\/","title":{"rendered":"Sp\u00e9cialit\u00e9 D&rsquo;instructeur Profond"},"content":{"rendered":"<div class=\"wpb-content-wrapper\"><p>[vc_row][vc_column][vc_column_text]<\/p>\n<h2>MSDT \u2013 Cours d\u2019instructeur sp\u00e9cialis\u00e9 PADI, Koh Tao, Tha\u00eflande<\/h2>\n<p>Nous savons tous que plonger dans des sons plus profonds est passionnant pour nos \u00e9l\u00e8ves plongeurs. Tout comme vous, les plongeurs sont curieux de conna\u00eetre des choses myst\u00e9rieuses qui peuvent se cacher dans les profondeurs. Peut-\u00eatre qu\u2019ils veulent visiter une \u00e9pave gisant en profondeur?<\/p>\n<p>Il existe de nombreuses raisons pour lesquelles les plongeurs peuvent vouloir voyager plus profond\u00e9ment qu\u2019ils ne l\u2019ont jamais fait auparavant et en tant qu\u2019instructeur sp\u00e9cialis\u00e9 PADI Plong\u00e9e Profonde, vous pourrez enseigner les comp\u00e9tences, les connaissances et les techniques pour permettre \u00e0 vos \u00e9l\u00e8ves d\u2019effectuer des plong\u00e9es sans d\u00e9compression en toute s\u00e9curit\u00e9 jusqu\u2019au limite de plong\u00e9e r\u00e9cr\u00e9ative de 40m.<\/p>\n<p>En tant qu\u2019instructeur sp\u00e9cialis\u00e9 en profondeur, vous serez en mesure d\u2019enseigner \u00e0 vos \u00e9l\u00e8ves comment planifier leurs plong\u00e9es profondes, g\u00e9rer leur air et la narcose \u00e0 l\u2019azote en profondeur, ainsi que d\u2019utiliser l\u2019\u00e9quipement de plong\u00e9e profonde sp\u00e9cialis\u00e9.<\/p>\n<p><b>Plong\u00e9e profonde autour de Koh Tao<br \/>\n<\/b><\/p>\n<p>L\u2019une des principales raisons de prendre la sp\u00e9cialit\u00e9 plongeur profonde PADI est de pouvoir acc\u00e9der \u00e0 des sites de plong\u00e9e auxquels vous ne seriez pas en mesure de vous passer. Koh Tao poss\u00e8de une grande s\u00e9lection de sites de plong\u00e9e profonde, id\u00e9aux pour mener une formation de plongeur profond, aller en profondeur et explorer, ainsi que b\u00e9n\u00e9ficiant d\u2019un fantastique \u00e9ventail de vie marine. Avec des sites de plong\u00e9e tels que Chumphon Pinnacle, Southwest, Green Rock et Sail Rock, vous enseignerez \u00e0 vos \u00e9l\u00e8ves comment acc\u00e9der \u00e0 de nouvelles zones passionnantes des sites de plong\u00e9e. Pr\u00e9parez-vous pour une exp\u00e9rience totalement nouvelle!<\/p>\n<p><b>Qui peut s\u2019inscrire au cours Instructeur sp\u00e9cialis\u00e9 Profonde PADI?<\/b><\/p>\n<p>Un\u00a0<strong><a href=\"https:\/\/idckohtao.com\/fr\/pro-level-courses\/padi-instructor-development-course\/\">Instructeur PADI (OWSI)<\/a><\/strong>\u00a0renouvel\u00e9<\/p>\n<p>Remarque: Les candidats IDC \/ OWSI peuvent participer au cours de formation instructeur sp\u00e9cialis\u00e9 PADI Plong\u00e9e Profonde mais ne peuvent demander la certification d\u2019instructeur sp\u00e9cialis\u00e9 qu\u2019apr\u00e8s avoir r\u00e9ussi l\u2019examen pour instructeur (IE).<\/p>\n<p>Les instructeurs sp\u00e9cialis\u00e9s approfondis doivent avoir effectu\u00e9 au moins 10 plong\u00e9es profondes avant la certification. Il s\u2019agit d\u2019une exigence de sortie de cours et les plong\u00e9es peuvent \u00eatre effectu\u00e9es apr\u00e8s le cours de formation d\u2019instructeur.<\/p>\n<p><img decoding=\"async\" class=\"alignnone wp-image-846 size-full\" src=\"https:\/\/idckohtao.com\/wp-content\/uploads\/2023\/08\/crystal-dive-koh-tao-deep-specialty-msdt-training-drop-tank.jpg\" alt=\"crystal-dive-koh-tao-deep-specialty-msdt-training-drop-tank\" width=\"944\" height=\"634\" srcset=\"https:\/\/idckohtao.com\/wp-content\/uploads\/2023\/08\/crystal-dive-koh-tao-deep-specialty-msdt-training-drop-tank.jpg 944w, https:\/\/idckohtao.com\/wp-content\/uploads\/2023\/08\/crystal-dive-koh-tao-deep-specialty-msdt-training-drop-tank-300x201.jpg 300w, https:\/\/idckohtao.com\/wp-content\/uploads\/2023\/08\/crystal-dive-koh-tao-deep-specialty-msdt-training-drop-tank-768x516.jpg 768w\" sizes=\"(max-width: 944px) 100vw, 944px\" \/><\/p>\n<h2><b>Qu\u2019allez-vous apprendre?<\/b><\/h2>\n<p>Vous participerez aux sessions suivantes:<\/p>\n<ul>\n<li>Pr\u00e9senter et \u00eatre \u00e9valu\u00e9 sur une pr\u00e9sentation normative de la revue des connaissances approfondies<\/li>\n<li>Normes, proc\u00e9dures et programme Sp\u00e9cialit\u00e9 PADI Plongeur Profonde<\/li>\n<li>Comment organiser et animer le cours Sp\u00e9cialit\u00e9 PADI Plongeur Profonde<\/li>\n<li>Sessions de formation en eau libre \u2013 o\u00f9 vous apprendrez \u00e0 d\u00e9montrer, ex\u00e9cuter et \u00e9valuer les comp\u00e9tences de niveau \u00e9tudiant du cours Sp\u00e9cialit\u00e9 PADI Plongeur Profonde.<\/li>\n<\/ul>\n<p>Vous terminerez les plong\u00e9es de formation en eau libre sur l\u2019un des nombreux sites de plong\u00e9e locaux adapt\u00e9s \u00e0 cette formation.<\/p>\n<p>En tant qu\u2019instructeur du Sp\u00e9cialit\u00e9 PADI Plongeur Profonde, vous \u00eates certifi\u00e9 pour enseigner ind\u00e9pendamment le cours Sp\u00e9cialit\u00e9 PADI Plongeur Profonde[\/vc_column_text]<div class=\"text-left\"><div class=\"bt-course-price\"><h4>Prix du cours: 4,000 THB<\/h4><a href=\"https:\/\/idckohtao.com\/fr\/packages-prices\" class=\"button\">R\u00c9SERVATION EN LIGNE<\/a><\/div><\/div>[vc_column_text css=\u00a0\u00bb\u00a0\u00bb]<b>Mat\u00e9riaux PADI:<\/b><\/p>\n<p><i>Veuillez apporter le mat\u00e9riel suivant avec votre manuel d\u2019instructeur de cours de sp\u00e9cialit\u00e9 PADI. Vous les avez re\u00e7ues dans le cadre du \u2018IDC Crewpack\u2019 pendant votre IDC. \u2013 Manuel de l\u2019instructeur des cours de sp\u00e9cialit\u00e9 PADI (CD-Rom)<br \/>\n<\/i><\/p>\n<p>De plus, vous aurez besoin d\u2019une copie du manuel de l\u2019instructeur PADI. Depuis 2010, le manuel de l\u2019instructeur est disponible en t\u00e9l\u00e9chargement gratuit pour tous les membres PADI renouvel\u00e9s sur\u00a0<a href=\"https:\/\/www.padi.com\/mypadi\/\" target=\"_blank\" rel=\"noopener\">www.padi.com\/mypadi<\/a><\/p>\n<p><b>Frais PADI<\/b><\/p>\n<p>Instructeur du Sp\u00e9cialit\u00e9 PADI Plongeur Profonde frais de candidature:\u00a0<strong>145 $ AUD<\/strong>[\/vc_column_text][\/vc_column][\/vc_row]<\/p>\n<\/div>","protected":false},"excerpt":{"rendered":"<p>[vc_row][vc_column][vc_column_text] MSDT \u2013 Cours d\u2019instructeur sp\u00e9cialis\u00e9 PADI, Koh Tao, Tha\u00eflande Nous savons tous que plonger dans des sons plus profonds est passionnant pour nos \u00e9l\u00e8ves plongeurs. Tout comme vous, les plongeurs sont curieux de conna\u00eetre des choses myst\u00e9rieuses qui peuvent se cacher dans les profondeurs. Peut-\u00eatre qu\u2019ils veulent visiter une \u00e9pave gisant en profondeur? Il [&hellip;]<\/p>\n","protected":false},"author":1,"featured_media":4786,"parent":7934,"menu_order":0,"comment_status":"closed","ping_status":"closed","template":"","meta":{"_acf_changed":false,"footnotes":""},"class_list":["post-3349","page","type-page","status-publish","has-post-thumbnail","hentry"],"acf":[],"yoast_head":"<!-- This site is optimized with the Yoast SEO Premium plugin v27.5 (Yoast SEO v27.5) - https:\/\/yoast.com\/product\/yoast-seo-premium-wordpress\/ -->\n<title>IDC Koh Tao | Cours d&#039;instructeur sp\u00e9cialis\u00e9 profonde MSDT PADI<\/title>\n<meta name=\"description\" content=\"Le cours d&#039;instructeur de sp\u00e9cialit\u00e9 profonde PADI \u00e0 Koh Tao vous certifie en tant qu&#039;instructeur de sp\u00e9cialit\u00e9 profonde pour enseigner aux \u00e9tudiants comment plonger en toute s\u00e9curit\u00e9 \u00e0 des limites r\u00e9cr\u00e9atives de 40 m\u00e8tres\" \/>\n<meta name=\"robots\" content=\"index, follow, max-snippet:-1, max-image-preview:large, max-video-preview:-1\" \/>\n<link rel=\"canonical\" href=\"https:\/\/idckohtao.com\/fr\/pro-level-courses\/deep-instructor-specialty\/\" \/>\n<meta property=\"og:locale\" content=\"fr_FR\" \/>\n<meta property=\"og:type\" content=\"article\" \/>\n<meta property=\"og:title\" content=\"IDC Koh Tao | Cours d&#039;instructeur sp\u00e9cialis\u00e9 profonde MSDT PADI\" \/>\n<meta property=\"og:description\" content=\"Le cours d&#039;instructeur de sp\u00e9cialit\u00e9 profonde PADI \u00e0 Koh Tao vous certifie en tant qu&#039;instructeur de sp\u00e9cialit\u00e9 profonde pour enseigner aux \u00e9tudiants comment plonger en toute s\u00e9curit\u00e9 \u00e0 des limites r\u00e9cr\u00e9atives de 40 m\u00e8tres\" \/>\n<meta property=\"og:url\" content=\"https:\/\/idckohtao.com\/fr\/pro-level-courses\/deep-instructor-specialty\/\" \/>\n<meta property=\"og:site_name\" content=\"IDC Koh Tao\" \/>\n<meta property=\"article:publisher\" content=\"https:\/\/www.facebook.com\/GoProIDCKohTao\" \/>\n<meta property=\"article:modified_time\" content=\"2026-01-01T07:02:05+00:00\" \/>\n<meta property=\"og:image\" content=\"https:\/\/idckohtao.com\/wp-content\/uploads\/2023\/09\/idckohtao.com-pro-level-deep-specialty-course-in-thailand.jpeg\" \/>\n\t<meta property=\"og:image:width\" content=\"1200\" \/>\n\t<meta property=\"og:image:height\" content=\"900\" \/>\n\t<meta property=\"og:image:type\" content=\"image\/jpeg\" \/>\n<meta name=\"twitter:card\" content=\"summary_large_image\" \/>\n<meta name=\"twitter:title\" content=\"IDC Koh Tao | Cours d&#039;instructeur sp\u00e9cialis\u00e9 profonde MSDT PADI\" \/>\n<meta name=\"twitter:description\" content=\"Le cours d&#039;instructeur de sp\u00e9cialit\u00e9 profonde PADI \u00e0 Koh Tao vous certifie en tant qu&#039;instructeur de sp\u00e9cialit\u00e9 profonde pour enseigner aux \u00e9tudiants comment plonger en toute s\u00e9curit\u00e9 \u00e0 des limites r\u00e9cr\u00e9atives de 40 m\u00e8tres\" \/>\n<meta name=\"twitter:site\" content=\"@GoProIDCKohTao\" \/>\n<!-- \/ Yoast SEO Premium plugin. -->","yoast_head_json":{"title":"IDC Koh Tao | Cours d'instructeur sp\u00e9cialis\u00e9 profonde MSDT PADI","description":"Le cours d'instructeur de sp\u00e9cialit\u00e9 profonde PADI \u00e0 Koh Tao vous certifie en tant qu'instructeur de sp\u00e9cialit\u00e9 profonde pour enseigner aux \u00e9tudiants comment plonger en toute s\u00e9curit\u00e9 \u00e0 des limites r\u00e9cr\u00e9atives de 40 m\u00e8tres","robots":{"index":"index","follow":"follow","max-snippet":"max-snippet:-1","max-image-preview":"max-image-preview:large","max-video-preview":"max-video-preview:-1"},"canonical":"https:\/\/idckohtao.com\/fr\/pro-level-courses\/deep-instructor-specialty\/","og_locale":"fr_FR","og_type":"article","og_title":"IDC Koh Tao | Cours d'instructeur sp\u00e9cialis\u00e9 profonde MSDT PADI","og_description":"Le cours d'instructeur de sp\u00e9cialit\u00e9 profonde PADI \u00e0 Koh Tao vous certifie en tant qu'instructeur de sp\u00e9cialit\u00e9 profonde pour enseigner aux \u00e9tudiants comment plonger en toute s\u00e9curit\u00e9 \u00e0 des limites r\u00e9cr\u00e9atives de 40 m\u00e8tres","og_url":"https:\/\/idckohtao.com\/fr\/pro-level-courses\/deep-instructor-specialty\/","og_site_name":"IDC Koh Tao","article_publisher":"https:\/\/www.facebook.com\/GoProIDCKohTao","article_modified_time":"2026-01-01T07:02:05+00:00","og_image":[{"width":1200,"height":900,"url":"https:\/\/idckohtao.com\/wp-content\/uploads\/2023\/09\/idckohtao.com-pro-level-deep-specialty-course-in-thailand.jpeg","type":"image\/jpeg"}],"twitter_card":"summary_large_image","twitter_title":"IDC Koh Tao | Cours d'instructeur sp\u00e9cialis\u00e9 profonde MSDT PADI","twitter_description":"Le cours d'instructeur de sp\u00e9cialit\u00e9 profonde PADI \u00e0 Koh Tao vous certifie en tant qu'instructeur de sp\u00e9cialit\u00e9 profonde pour enseigner aux \u00e9tudiants comment plonger en toute s\u00e9curit\u00e9 \u00e0 des limites r\u00e9cr\u00e9atives de 40 m\u00e8tres","twitter_site":"@GoProIDCKohTao","schema":{"@context":"https:\/\/schema.org","@graph":[{"@type":"NewsArticle","@id":"https:\/\/idckohtao.com\/fr\/pro-level-courses\/deep-instructor-specialty\/#article","isPartOf":{"@id":"https:\/\/idckohtao.com\/fr\/pro-level-courses\/deep-instructor-specialty\/"},"author":{"name":"ojasya","@id":"https:\/\/idckohtao.com\/fr\/#\/schema\/person\/d08d557cbfdbc171f824052dae697b02"},"headline":"Sp\u00e9cialit\u00e9 D&rsquo;instructeur Profond","datePublished":"2023-08-10T08:08:24+00:00","dateModified":"2026-01-01T07:02:05+00:00","mainEntityOfPage":{"@id":"https:\/\/idckohtao.com\/fr\/pro-level-courses\/deep-instructor-specialty\/"},"wordCount":649,"publisher":{"@id":"https:\/\/idckohtao.com\/fr\/#organization"},"image":{"@id":"https:\/\/idckohtao.com\/fr\/pro-level-courses\/deep-instructor-specialty\/#primaryimage"},"thumbnailUrl":"https:\/\/idckohtao.com\/wp-content\/uploads\/2023\/09\/idckohtao.com-pro-level-deep-specialty-course-in-thailand.jpeg","inLanguage":"fr-FR"},{"@type":"WebPage","@id":"https:\/\/idckohtao.com\/fr\/pro-level-courses\/deep-instructor-specialty\/","url":"https:\/\/idckohtao.com\/fr\/pro-level-courses\/deep-instructor-specialty\/","name":"IDC Koh Tao | Cours d'instructeur sp\u00e9cialis\u00e9 profonde MSDT PADI","isPartOf":{"@id":"https:\/\/idckohtao.com\/fr\/#website"},"primaryImageOfPage":{"@id":"https:\/\/idckohtao.com\/fr\/pro-level-courses\/deep-instructor-specialty\/#primaryimage"},"image":{"@id":"https:\/\/idckohtao.com\/fr\/pro-level-courses\/deep-instructor-specialty\/#primaryimage"},"thumbnailUrl":"https:\/\/idckohtao.com\/wp-content\/uploads\/2023\/09\/idckohtao.com-pro-level-deep-specialty-course-in-thailand.jpeg","datePublished":"2023-08-10T08:08:24+00:00","dateModified":"2026-01-01T07:02:05+00:00","description":"Le cours d'instructeur de sp\u00e9cialit\u00e9 profonde PADI \u00e0 Koh Tao vous certifie en tant qu'instructeur de sp\u00e9cialit\u00e9 profonde pour enseigner aux \u00e9tudiants comment plonger en toute s\u00e9curit\u00e9 \u00e0 des limites r\u00e9cr\u00e9atives de 40 m\u00e8tres","breadcrumb":{"@id":"https:\/\/idckohtao.com\/fr\/pro-level-courses\/deep-instructor-specialty\/#breadcrumb"},"inLanguage":"fr-FR","potentialAction":[{"@type":"ReadAction","target":["https:\/\/idckohtao.com\/fr\/pro-level-courses\/deep-instructor-specialty\/"]}]},{"@type":"ImageObject","inLanguage":"fr-FR","@id":"https:\/\/idckohtao.com\/fr\/pro-level-courses\/deep-instructor-specialty\/#primaryimage","url":"https:\/\/idckohtao.com\/wp-content\/uploads\/2023\/09\/idckohtao.com-pro-level-deep-specialty-course-in-thailand.jpeg","contentUrl":"https:\/\/idckohtao.com\/wp-content\/uploads\/2023\/09\/idckohtao.com-pro-level-deep-specialty-course-in-thailand.jpeg","width":1200,"height":900,"caption":"DCIM100GOPROGOPR4621.JPG"},{"@type":"BreadcrumbList","@id":"https:\/\/idckohtao.com\/fr\/pro-level-courses\/deep-instructor-specialty\/#breadcrumb","itemListElement":[{"@type":"ListItem","position":1,"name":"Home","item":"https:\/\/idckohtao.com\/fr\/"},{"@type":"ListItem","position":2,"name":"Pro level","item":"https:\/\/idckohtao.com\/fr\/pro-level-courses\/"},{"@type":"ListItem","position":3,"name":"Sp\u00e9cialit\u00e9 D&rsquo;instructeur Profond"}]},{"@type":"WebSite","@id":"https:\/\/idckohtao.com\/fr\/#website","url":"https:\/\/idckohtao.com\/fr\/","name":"IDC Koh Tao","description":"PADI IDC 5 Star Diving Center in Koh Tao - Thailand","publisher":{"@id":"https:\/\/idckohtao.com\/fr\/#organization"},"alternateName":"IDC Koh Tao in Thailand","potentialAction":[{"@type":"SearchAction","target":{"@type":"EntryPoint","urlTemplate":"https:\/\/idckohtao.com\/fr\/?s={search_term_string}"},"query-input":{"@type":"PropertyValueSpecification","valueRequired":true,"valueName":"search_term_string"}}],"inLanguage":"fr-FR"},{"@type":"Organization","@id":"https:\/\/idckohtao.com\/fr\/#organization","name":"IDC Koh Tao","alternateName":"IDC Koh Tao | Divemaster & Diving Instructor","url":"https:\/\/idckohtao.com\/fr\/","logo":{"@type":"ImageObject","inLanguage":"fr-FR","@id":"https:\/\/idckohtao.com\/fr\/#\/schema\/logo\/image\/","url":"https:\/\/idckohtao.com\/wp-content\/uploads\/2023\/09\/idckohtao.com-padi-diving-center-in-koh-tao-thailand.png","contentUrl":"https:\/\/idckohtao.com\/wp-content\/uploads\/2023\/09\/idckohtao.com-padi-diving-center-in-koh-tao-thailand.png","width":400,"height":300,"caption":"IDC Koh Tao"},"image":{"@id":"https:\/\/idckohtao.com\/fr\/#\/schema\/logo\/image\/"},"sameAs":["https:\/\/www.facebook.com\/GoProIDCKohTao","https:\/\/x.com\/GoProIDCKohTao","https:\/\/www.youtube.com\/idckohtao","https:\/\/www.instagram.com\/idc.kohtao\/"],"description":"IDC Koh Tao is a part of the Black Turtle Dive pro level training team with three PADI Course Directors being led by Award Winning PADI Course Director Matt Bolton. Our full range of pro and recreational PADI Diving Courses provides aspiring scuba divers with education, fun, excitement, adventure, and a change of lifestyle or an opportunity to pursue a new career.","email":"info@idckohtao.com","legalName":"IDC Koh Tao","foundingDate":"2004-01-04","numberOfEmployees":{"@type":"QuantitativeValue","minValue":"1","maxValue":"10"},"correctionsPolicy":"https:\/\/idckohtao.com\/privacy-policy\/","ethicsPolicy":"https:\/\/idckohtao.com\/terms\/"},{"@type":"Person","@id":"https:\/\/idckohtao.com\/fr\/#\/schema\/person\/d08d557cbfdbc171f824052dae697b02","name":"ojasya","image":{"@type":"ImageObject","inLanguage":"fr-FR","@id":"https:\/\/secure.gravatar.com\/avatar\/6fb34e36d09053a6545fc21d344613321bb1933f185132488f38052166f5a001?s=96&d=mm&r=g","url":"https:\/\/secure.gravatar.com\/avatar\/6fb34e36d09053a6545fc21d344613321bb1933f185132488f38052166f5a001?s=96&d=mm&r=g","contentUrl":"https:\/\/secure.gravatar.com\/avatar\/6fb34e36d09053a6545fc21d344613321bb1933f185132488f38052166f5a001?s=96&d=mm&r=g","caption":"ojasya"},"sameAs":["https:\/\/idckohtao.com"],"url":"https:\/\/idckohtao.com\/fr\/blog\/author\/ojasya\/"}]}},"_links":{"self":[{"href":"https:\/\/idckohtao.com\/fr\/wp-json\/wp\/v2\/pages\/3349","targetHints":{"allow":["GET"]}}],"collection":[{"href":"https:\/\/idckohtao.com\/fr\/wp-json\/wp\/v2\/pages"}],"about":[{"href":"https:\/\/idckohtao.com\/fr\/wp-json\/wp\/v2\/types\/page"}],"author":[{"embeddable":true,"href":"https:\/\/idckohtao.com\/fr\/wp-json\/wp\/v2\/users\/1"}],"replies":[{"embeddable":true,"href":"https:\/\/idckohtao.com\/fr\/wp-json\/wp\/v2\/comments?post=3349"}],"version-history":[{"count":2,"href":"https:\/\/idckohtao.com\/fr\/wp-json\/wp\/v2\/pages\/3349\/revisions"}],"predecessor-version":[{"id":7539,"href":"https:\/\/idckohtao.com\/fr\/wp-json\/wp\/v2\/pages\/3349\/revisions\/7539"}],"up":[{"embeddable":true,"href":"https:\/\/idckohtao.com\/fr\/wp-json\/wp\/v2\/pages\/7934"}],"wp:featuredmedia":[{"embeddable":true,"href":"https:\/\/idckohtao.com\/fr\/wp-json\/wp\/v2\/media\/4786"}],"wp:attachment":[{"href":"https:\/\/idckohtao.com\/fr\/wp-json\/wp\/v2\/media?parent=3349"}],"curies":[{"name":"wp","href":"https:\/\/api.w.org\/{rel}","templated":true}]}}