{"id":3352,"date":"2023-08-11T07:39:37","date_gmt":"2023-08-11T07:39:37","guid":{"rendered":"https:\/\/idckohtao.com\/digital-underwater-photographer-instructor-specialty\/"},"modified":"2026-01-01T09:53:03","modified_gmt":"2026-01-01T09:53:03","slug":"digital-underwater-photographer-instructor-specialty","status":"publish","type":"page","link":"https:\/\/idckohtao.com\/fr\/pro-level-courses\/digital-underwater-photographer-instructor-specialty\/","title":{"rendered":"Sp\u00e9cialit\u00e9 D&rsquo;instructeur De Photographe Num\u00e9rique Sous-marin"},"content":{"rendered":"<div class=\"wpb-content-wrapper\"><p>[vc_row][vc_column][vc_column_text css=\u00a0\u00bb\u00a0\u00bb]<\/p>\n<h2>Cours d\u2019instructeur sp\u00e9cialis\u00e9 PADI, Koh Tao, Tha\u00eflande<\/h2>\n<p>La photographie num\u00e9rique sous-marine a pris le monde d\u2019assaut. Pour tous les plongeurs, apprendre \u00e0 prendre de superbes photos sous-marines a un \u00e9norme attrait pour qu\u2019ils puissent montrer \u00e0 leurs amis et \u00e0 leur famille, partager sur les r\u00e9seaux sociaux ou publier dans des magazines et des livres.<\/p>\n<p>Il existe de nombreuses raisons pour lesquelles les plongeurs veulent prendre de superbes photos sous-marines. En tant qu\u2019instructeur sp\u00e9cialis\u00e9 en photographie sous-marine num\u00e9rique PADI, vous pouvez enseigner \u00e0 vos \u00e9l\u00e8ves plongeurs comment utiliser la m\u00e9thode PADI \u2018SEA (Shoot, Examine and Adjust)\u2019, une technique qui tire pleinement parti des derni\u00e8res technologies num\u00e9riques.<\/p>\n<p>Non seulement vos \u00e9l\u00e8ves plongeurs apprendront \u00e0 prendre de superbes photos sous-marines, mais ils apprendront \u00e0 optimiser leur travail sur ordinateur, pour le stockage et l\u2019impression, m\u00eame lors de leur premi\u00e8re plong\u00e9e.<\/p>\n<h3>Photographie sous-marine plong\u00e9e autour de Koh Tao<\/h3>\n<p>L\u2019une des principales raisons pour lesquelles les plongeurs suivent ce cours est de cr\u00e9er des souvenirs durables et inestimables de leurs aventures de plong\u00e9e. Koh Tao offre une diversit\u00e9 marine contrairement \u00e0 de nombreux autres endroits dans le monde et offre un environnement riche en couleurs, en topographie et en esp\u00e8ces pour prendre des photos m\u00e9morables.<\/p>\n<p>Avec plus de 26 sites de plong\u00e9e au choix, Koh Tao est un superbe lieu de formation pour apprendre \u00e0 composer et \u00e0 prendre de superbes photos. En tant qu\u2019instructeur sp\u00e9cialis\u00e9 en photographie sous-marine num\u00e9rique PADI, vous apprenez \u00e0 diriger efficacement le cours pour les \u00e9l\u00e8ves plongeurs et \u00e0 obtenir de superbes photos rapidement, tout en pr\u00e9servant l\u2019habitat marin naturel.<\/p>\n<p><img decoding=\"async\" class=\"alignnone wp-image-957 size-large\" src=\"https:\/\/idckohtao.com\/wp-content\/uploads\/2023\/08\/idckohtao.com-padi-digital-underwater-photography-instructor-specialty-scuba-diving-1024x640.jpg\" alt=\"idckohtao.com-padi-digital-underwater-photography-instructor-specialty-scuba-diving\" width=\"1024\" height=\"640\" srcset=\"https:\/\/idckohtao.com\/wp-content\/uploads\/2023\/08\/idckohtao.com-padi-digital-underwater-photography-instructor-specialty-scuba-diving-1024x640.jpg 1024w, https:\/\/idckohtao.com\/wp-content\/uploads\/2023\/08\/idckohtao.com-padi-digital-underwater-photography-instructor-specialty-scuba-diving-300x188.jpg 300w, https:\/\/idckohtao.com\/wp-content\/uploads\/2023\/08\/idckohtao.com-padi-digital-underwater-photography-instructor-specialty-scuba-diving-768x480.jpg 768w, https:\/\/idckohtao.com\/wp-content\/uploads\/2023\/08\/idckohtao.com-padi-digital-underwater-photography-instructor-specialty-scuba-diving.jpg 1080w\" sizes=\"(max-width: 1024px) 100vw, 1024px\" \/><\/p>\n<h3>Qui peut s\u2019inscrire au cours PADI Digital Underwater Photographer Specialty Instructor?<\/h3>\n<p>Un\u00a0<strong><a href=\"https:\/\/idckohtao.com\/fr\/pro-level-courses\/padi-instructor-development-course\/\">Instructeur PADI (OWSI)<\/a><\/strong>\u00a0renouvel\u00e9<\/p>\n<p>Remarque: Les candidats IDC \/ OWSI peuvent participer au cours de formation d\u2019instructeur sp\u00e9cialis\u00e9 en photographie sous-marine num\u00e9rique PADI, mais ne peuvent demander la certification d\u2019instructeur sp\u00e9cialis\u00e9 qu\u2019apr\u00e8s avoir r\u00e9ussi l\u2019examen pour instructeur (IE).<\/p>\n<p>Les instructeurs sp\u00e9cialis\u00e9s en photographie sous-marine num\u00e9rique doivent avoir enregistr\u00e9 au moins 10 plong\u00e9es en photographie sous-marine num\u00e9rique avant la certification. Il s\u2019agit d\u2019une condition de sortie de cours et les plong\u00e9es peuvent \u00eatre effectu\u00e9es apr\u00e8s le cours de formation d\u2019instructeur.<\/p>\n<h2>Ce que vous apprendrez<\/h2>\n<p>Vous participerez aux sessions suivantes:<\/p>\n<ul>\n<li>Pr\u00e9senter et \u00eatre \u00e9valu\u00e9 sur une pr\u00e9sentation normative de de la r\u00e9vision des connaissances de la sp\u00e9cialit\u00e9 photographie num\u00e9rique sous-marine<\/li>\n<li>PADI DUP Sp\u00e9cialit\u00e9 normes, proc\u00e9dures et programme d\u2019\u00e9tudes<\/li>\n<li>Comment organiser et animer le cours de sp\u00e9cialit\u00e9 PADI DUP<\/li>\n<li>Sessions de formation en eau libre \u2013 o\u00f9 vous apprendrez \u00e0 d\u00e9montrer, ex\u00e9cuter et \u00e9valuer les comp\u00e9tences de niveau \u00e9tudiant du cours de sp\u00e9cialit\u00e9 PADI DUP.<\/li>\n<\/ul>\n<p><img decoding=\"async\" class=\"alignnone wp-image-958 size-large\" src=\"https:\/\/idckohtao.com\/wp-content\/uploads\/2023\/08\/idckohtao.com-padi-digital-underwater-photography-instructor-specialty-nudibranch-1024x768.jpg\" alt=\"idckohtao.com-padi-digital-underwater-photography-instructor-specialty-nudibranch\" width=\"1024\" height=\"768\" srcset=\"https:\/\/idckohtao.com\/wp-content\/uploads\/2023\/08\/idckohtao.com-padi-digital-underwater-photography-instructor-specialty-nudibranch-1024x768.jpg 1024w, https:\/\/idckohtao.com\/wp-content\/uploads\/2023\/08\/idckohtao.com-padi-digital-underwater-photography-instructor-specialty-nudibranch-300x225.jpg 300w, https:\/\/idckohtao.com\/wp-content\/uploads\/2023\/08\/idckohtao.com-padi-digital-underwater-photography-instructor-specialty-nudibranch-768x576.jpg 768w, https:\/\/idckohtao.com\/wp-content\/uploads\/2023\/08\/idckohtao.com-padi-digital-underwater-photography-instructor-specialty-nudibranch.jpg 1080w\" sizes=\"(max-width: 1024px) 100vw, 1024px\" \/><\/p>\n<p>Vous terminerez les plong\u00e9es de formation en eau libre sur l\u2019un des nombreux sites de plong\u00e9e locaux adapt\u00e9s \u00e0 cette formation.<\/p>\n<p>En tant qu\u2019instructeur sp\u00e9cialis\u00e9 en photographie sous-marine num\u00e9rique PADI, vous \u00eates certifi\u00e9 pour enseigner de mani\u00e8re ind\u00e9pendante le <strong>cours sp\u00e9cialis\u00e9 en photographie sous-marine num\u00e9rique PADI<\/strong>[\/vc_column_text]<div class=\"text-left\"><div class=\"bt-course-price\"><h4>Prix du cours: 4,000 THB<\/h4><a href=\"https:\/\/idckohtao.com\/fr\/packages-prices\" class=\"button\">R\u00c9SERVATION EN LIGNE<\/a><\/div><\/div>[vc_column_text css=\u00a0\u00bb\u00a0\u00bb]<\/p>\n<h3>Mat\u00e9riaux PADI<\/h3>\n<p><i>Veuillez apporter le mat\u00e9riel suivant avec votre manuel d\u2019instructeur de cours de sp\u00e9cialit\u00e9 PADI. Vous les avez re\u00e7ues dans le cadre du \u2018IDC Crewpack\u2019 pendant votre IDC.- Manuel de l\u2019instructeur des cours de sp\u00e9cialit\u00e9 PADI (CD-Rom)<br \/>\n<\/i><\/p>\n<p>De plus, vous aurez besoin d\u2019une copie du manuel de l\u2019instructeur PADI. Depuis 2010, le manuel de l\u2019instructeur est disponible en t\u00e9l\u00e9chargement gratuit pour tous les membres PADI renouvel\u00e9s sur\u00a0<a href=\"https:\/\/www.padi.com\/mypadi\/\" target=\"_blank\" rel=\"noopener\">www.padi.com\/mypadi<\/a><\/p>\n<h3>Frais PADI<\/h3>\n<p>Instructeur du Sp\u00e9cialit\u00e9 DUP PADI frais de candidature:\u00a0<strong>145 AUD$<\/strong><\/p>\n<p><img decoding=\"async\" class=\"alignnone wp-image-956 size-large\" src=\"https:\/\/idckohtao.com\/wp-content\/uploads\/2023\/08\/idckohtao.com-padi-digital-underwater-photography-instructor-specialty-moray-eels-2-1024x768.jpg\" alt=\"idckohtao.com-padi-digital-underwater-photography-instructor-specialty-moray-eels\" width=\"1024\" height=\"768\" srcset=\"https:\/\/idckohtao.com\/wp-content\/uploads\/2023\/08\/idckohtao.com-padi-digital-underwater-photography-instructor-specialty-moray-eels-2-1024x768.jpg 1024w, https:\/\/idckohtao.com\/wp-content\/uploads\/2023\/08\/idckohtao.com-padi-digital-underwater-photography-instructor-specialty-moray-eels-2-300x225.jpg 300w, https:\/\/idckohtao.com\/wp-content\/uploads\/2023\/08\/idckohtao.com-padi-digital-underwater-photography-instructor-specialty-moray-eels-2-768x576.jpg 768w, https:\/\/idckohtao.com\/wp-content\/uploads\/2023\/08\/idckohtao.com-padi-digital-underwater-photography-instructor-specialty-moray-eels-2.jpg 1080w\" sizes=\"(max-width: 1024px) 100vw, 1024px\" \/>[\/vc_column_text][\/vc_column][\/vc_row]<\/p>\n<\/div>","protected":false},"excerpt":{"rendered":"<p>[vc_row][vc_column][vc_column_text css=\u00a0\u00bb\u00a0\u00bb] Cours d\u2019instructeur sp\u00e9cialis\u00e9 PADI, Koh Tao, Tha\u00eflande La photographie num\u00e9rique sous-marine a pris le monde d\u2019assaut. Pour tous les plongeurs, apprendre \u00e0 prendre de superbes photos sous-marines a un \u00e9norme attrait pour qu\u2019ils puissent montrer \u00e0 leurs amis et \u00e0 leur famille, partager sur les r\u00e9seaux sociaux ou publier dans des magazines et [&hellip;]<\/p>\n","protected":false},"author":1,"featured_media":5244,"parent":7934,"menu_order":0,"comment_status":"closed","ping_status":"closed","template":"","meta":{"_acf_changed":false,"footnotes":""},"class_list":["post-3352","page","type-page","status-publish","has-post-thumbnail","hentry"],"acf":[],"yoast_head":"<!-- This site is optimized with the Yoast SEO Premium plugin v27.5 (Yoast SEO v27.5) - https:\/\/yoast.com\/product\/yoast-seo-premium-wordpress\/ -->\n<title>Cours sp\u00e9cialis\u00e9 de photographe sous-marin num\u00e9rique<\/title>\n<meta name=\"description\" content=\"Le cours d&#039;instructeur sp\u00e9cialis\u00e9 en photographie sous-marine num\u00e9rique PADI \u00e0 Koh Tao vous certifie d&#039;enseigner aux \u00e9tudiants comment prendre de superbes photos sous l&#039;eau\" \/>\n<meta name=\"robots\" content=\"index, follow, max-snippet:-1, max-image-preview:large, max-video-preview:-1\" \/>\n<link rel=\"canonical\" href=\"https:\/\/idckohtao.com\/fr\/pro-level-courses\/digital-underwater-photographer-instructor-specialty\/\" \/>\n<meta property=\"og:locale\" content=\"fr_FR\" \/>\n<meta property=\"og:type\" content=\"article\" \/>\n<meta property=\"og:title\" content=\"IDC Koh Tao | Cours sp\u00e9cialis\u00e9 de photographe sous-marin num\u00e9rique\" \/>\n<meta property=\"og:description\" content=\"Le cours d&#039;instructeur sp\u00e9cialis\u00e9 en photographie sous-marine num\u00e9rique PADI \u00e0 Koh Tao vous certifie d&#039;enseigner aux \u00e9tudiants comment prendre de superbes photos sous l&#039;eau\" \/>\n<meta property=\"og:url\" content=\"https:\/\/idckohtao.com\/fr\/pro-level-courses\/digital-underwater-photographer-instructor-specialty\/\" \/>\n<meta property=\"og:site_name\" content=\"IDC Koh Tao\" \/>\n<meta property=\"article:publisher\" content=\"https:\/\/www.facebook.com\/GoProIDCKohTao\" \/>\n<meta property=\"article:modified_time\" content=\"2026-01-01T09:53:03+00:00\" \/>\n<meta property=\"og:image\" content=\"https:\/\/idckohtao.com\/wp-content\/uploads\/2023\/09\/idckohtao.com-digital-underwater-photography-instrcuctor-course-on-koh-tao.jpeg\" \/>\n\t<meta property=\"og:image:width\" content=\"1200\" \/>\n\t<meta property=\"og:image:height\" content=\"800\" \/>\n\t<meta property=\"og:image:type\" content=\"image\/jpeg\" \/>\n<meta name=\"twitter:card\" content=\"summary_large_image\" \/>\n<meta name=\"twitter:title\" content=\"IDC Koh Tao | Cours sp\u00e9cialis\u00e9 de photographe sous-marin num\u00e9rique\" \/>\n<meta name=\"twitter:description\" content=\"Le cours d&#039;instructeur sp\u00e9cialis\u00e9 en photographie sous-marine num\u00e9rique PADI \u00e0 Koh Tao vous certifie d&#039;enseigner aux \u00e9tudiants comment prendre de superbes photos sous l&#039;eau\" \/>\n<meta name=\"twitter:site\" content=\"@GoProIDCKohTao\" \/>\n<!-- \/ Yoast SEO Premium plugin. -->","yoast_head_json":{"title":"Cours sp\u00e9cialis\u00e9 de photographe sous-marin num\u00e9rique","description":"Le cours d'instructeur sp\u00e9cialis\u00e9 en photographie sous-marine num\u00e9rique PADI \u00e0 Koh Tao vous certifie d'enseigner aux \u00e9tudiants comment prendre de superbes photos sous l'eau","robots":{"index":"index","follow":"follow","max-snippet":"max-snippet:-1","max-image-preview":"max-image-preview:large","max-video-preview":"max-video-preview:-1"},"canonical":"https:\/\/idckohtao.com\/fr\/pro-level-courses\/digital-underwater-photographer-instructor-specialty\/","og_locale":"fr_FR","og_type":"article","og_title":"IDC Koh Tao | Cours sp\u00e9cialis\u00e9 de photographe sous-marin num\u00e9rique","og_description":"Le cours d'instructeur sp\u00e9cialis\u00e9 en photographie sous-marine num\u00e9rique PADI \u00e0 Koh Tao vous certifie d'enseigner aux \u00e9tudiants comment prendre de superbes photos sous l'eau","og_url":"https:\/\/idckohtao.com\/fr\/pro-level-courses\/digital-underwater-photographer-instructor-specialty\/","og_site_name":"IDC Koh Tao","article_publisher":"https:\/\/www.facebook.com\/GoProIDCKohTao","article_modified_time":"2026-01-01T09:53:03+00:00","og_image":[{"width":1200,"height":800,"url":"https:\/\/idckohtao.com\/wp-content\/uploads\/2023\/09\/idckohtao.com-digital-underwater-photography-instrcuctor-course-on-koh-tao.jpeg","type":"image\/jpeg"}],"twitter_card":"summary_large_image","twitter_title":"IDC Koh Tao | Cours sp\u00e9cialis\u00e9 de photographe sous-marin num\u00e9rique","twitter_description":"Le cours d'instructeur sp\u00e9cialis\u00e9 en photographie sous-marine num\u00e9rique PADI \u00e0 Koh Tao vous certifie d'enseigner aux \u00e9tudiants comment prendre de superbes photos sous l'eau","twitter_site":"@GoProIDCKohTao","schema":{"@context":"https:\/\/schema.org","@graph":[{"@type":"NewsArticle","@id":"https:\/\/idckohtao.com\/fr\/pro-level-courses\/digital-underwater-photographer-instructor-specialty\/#article","isPartOf":{"@id":"https:\/\/idckohtao.com\/fr\/pro-level-courses\/digital-underwater-photographer-instructor-specialty\/"},"author":{"name":"ojasya","@id":"https:\/\/idckohtao.com\/fr\/#\/schema\/person\/d08d557cbfdbc171f824052dae697b02"},"headline":"Sp\u00e9cialit\u00e9 D&rsquo;instructeur De Photographe Num\u00e9rique Sous-marin","datePublished":"2023-08-11T07:39:37+00:00","dateModified":"2026-01-01T09:53:03+00:00","mainEntityOfPage":{"@id":"https:\/\/idckohtao.com\/fr\/pro-level-courses\/digital-underwater-photographer-instructor-specialty\/"},"wordCount":666,"publisher":{"@id":"https:\/\/idckohtao.com\/fr\/#organization"},"image":{"@id":"https:\/\/idckohtao.com\/fr\/pro-level-courses\/digital-underwater-photographer-instructor-specialty\/#primaryimage"},"thumbnailUrl":"https:\/\/idckohtao.com\/wp-content\/uploads\/2023\/09\/idckohtao.com-digital-underwater-photography-instrcuctor-course-on-koh-tao.jpeg","inLanguage":"fr-FR"},{"@type":"WebPage","@id":"https:\/\/idckohtao.com\/fr\/pro-level-courses\/digital-underwater-photographer-instructor-specialty\/","url":"https:\/\/idckohtao.com\/fr\/pro-level-courses\/digital-underwater-photographer-instructor-specialty\/","name":"Cours sp\u00e9cialis\u00e9 de photographe sous-marin num\u00e9rique","isPartOf":{"@id":"https:\/\/idckohtao.com\/fr\/#website"},"primaryImageOfPage":{"@id":"https:\/\/idckohtao.com\/fr\/pro-level-courses\/digital-underwater-photographer-instructor-specialty\/#primaryimage"},"image":{"@id":"https:\/\/idckohtao.com\/fr\/pro-level-courses\/digital-underwater-photographer-instructor-specialty\/#primaryimage"},"thumbnailUrl":"https:\/\/idckohtao.com\/wp-content\/uploads\/2023\/09\/idckohtao.com-digital-underwater-photography-instrcuctor-course-on-koh-tao.jpeg","datePublished":"2023-08-11T07:39:37+00:00","dateModified":"2026-01-01T09:53:03+00:00","description":"Le cours d'instructeur sp\u00e9cialis\u00e9 en photographie sous-marine num\u00e9rique PADI \u00e0 Koh Tao vous certifie d'enseigner aux \u00e9tudiants comment prendre de superbes photos sous l'eau","breadcrumb":{"@id":"https:\/\/idckohtao.com\/fr\/pro-level-courses\/digital-underwater-photographer-instructor-specialty\/#breadcrumb"},"inLanguage":"fr-FR","potentialAction":[{"@type":"ReadAction","target":["https:\/\/idckohtao.com\/fr\/pro-level-courses\/digital-underwater-photographer-instructor-specialty\/"]}]},{"@type":"ImageObject","inLanguage":"fr-FR","@id":"https:\/\/idckohtao.com\/fr\/pro-level-courses\/digital-underwater-photographer-instructor-specialty\/#primaryimage","url":"https:\/\/idckohtao.com\/wp-content\/uploads\/2023\/09\/idckohtao.com-digital-underwater-photography-instrcuctor-course-on-koh-tao.jpeg","contentUrl":"https:\/\/idckohtao.com\/wp-content\/uploads\/2023\/09\/idckohtao.com-digital-underwater-photography-instrcuctor-course-on-koh-tao.jpeg","width":1200,"height":800,"caption":"Digital Underwater Photography Instructor course on Koh Tao"},{"@type":"BreadcrumbList","@id":"https:\/\/idckohtao.com\/fr\/pro-level-courses\/digital-underwater-photographer-instructor-specialty\/#breadcrumb","itemListElement":[{"@type":"ListItem","position":1,"name":"Home","item":"https:\/\/idckohtao.com\/fr\/"},{"@type":"ListItem","position":2,"name":"Pro level","item":"https:\/\/idckohtao.com\/fr\/pro-level-courses\/"},{"@type":"ListItem","position":3,"name":"Sp\u00e9cialit\u00e9 D&rsquo;instructeur De Photographe Num\u00e9rique Sous-marin"}]},{"@type":"WebSite","@id":"https:\/\/idckohtao.com\/fr\/#website","url":"https:\/\/idckohtao.com\/fr\/","name":"IDC Koh Tao","description":"PADI IDC 5 Star Diving Center in Koh Tao - Thailand","publisher":{"@id":"https:\/\/idckohtao.com\/fr\/#organization"},"alternateName":"IDC Koh Tao in Thailand","potentialAction":[{"@type":"SearchAction","target":{"@type":"EntryPoint","urlTemplate":"https:\/\/idckohtao.com\/fr\/?s={search_term_string}"},"query-input":{"@type":"PropertyValueSpecification","valueRequired":true,"valueName":"search_term_string"}}],"inLanguage":"fr-FR"},{"@type":"Organization","@id":"https:\/\/idckohtao.com\/fr\/#organization","name":"IDC Koh Tao","alternateName":"IDC Koh Tao | Divemaster & Diving Instructor","url":"https:\/\/idckohtao.com\/fr\/","logo":{"@type":"ImageObject","inLanguage":"fr-FR","@id":"https:\/\/idckohtao.com\/fr\/#\/schema\/logo\/image\/","url":"https:\/\/idckohtao.com\/wp-content\/uploads\/2023\/09\/idckohtao.com-padi-diving-center-in-koh-tao-thailand.png","contentUrl":"https:\/\/idckohtao.com\/wp-content\/uploads\/2023\/09\/idckohtao.com-padi-diving-center-in-koh-tao-thailand.png","width":400,"height":300,"caption":"IDC Koh Tao"},"image":{"@id":"https:\/\/idckohtao.com\/fr\/#\/schema\/logo\/image\/"},"sameAs":["https:\/\/www.facebook.com\/GoProIDCKohTao","https:\/\/x.com\/GoProIDCKohTao","https:\/\/www.youtube.com\/idckohtao","https:\/\/www.instagram.com\/idc.kohtao\/"],"description":"IDC Koh Tao is a part of the Black Turtle Dive pro level training team with three PADI Course Directors being led by Award Winning PADI Course Director Matt Bolton. Our full range of pro and recreational PADI Diving Courses provides aspiring scuba divers with education, fun, excitement, adventure, and a change of lifestyle or an opportunity to pursue a new career.","email":"info@idckohtao.com","legalName":"IDC Koh Tao","foundingDate":"2004-01-04","numberOfEmployees":{"@type":"QuantitativeValue","minValue":"1","maxValue":"10"},"correctionsPolicy":"https:\/\/idckohtao.com\/privacy-policy\/","ethicsPolicy":"https:\/\/idckohtao.com\/terms\/"},{"@type":"Person","@id":"https:\/\/idckohtao.com\/fr\/#\/schema\/person\/d08d557cbfdbc171f824052dae697b02","name":"ojasya","image":{"@type":"ImageObject","inLanguage":"fr-FR","@id":"https:\/\/secure.gravatar.com\/avatar\/6fb34e36d09053a6545fc21d344613321bb1933f185132488f38052166f5a001?s=96&d=mm&r=g","url":"https:\/\/secure.gravatar.com\/avatar\/6fb34e36d09053a6545fc21d344613321bb1933f185132488f38052166f5a001?s=96&d=mm&r=g","contentUrl":"https:\/\/secure.gravatar.com\/avatar\/6fb34e36d09053a6545fc21d344613321bb1933f185132488f38052166f5a001?s=96&d=mm&r=g","caption":"ojasya"},"sameAs":["https:\/\/idckohtao.com"],"url":"https:\/\/idckohtao.com\/fr\/blog\/author\/ojasya\/"}]}},"_links":{"self":[{"href":"https:\/\/idckohtao.com\/fr\/wp-json\/wp\/v2\/pages\/3352","targetHints":{"allow":["GET"]}}],"collection":[{"href":"https:\/\/idckohtao.com\/fr\/wp-json\/wp\/v2\/pages"}],"about":[{"href":"https:\/\/idckohtao.com\/fr\/wp-json\/wp\/v2\/types\/page"}],"author":[{"embeddable":true,"href":"https:\/\/idckohtao.com\/fr\/wp-json\/wp\/v2\/users\/1"}],"replies":[{"embeddable":true,"href":"https:\/\/idckohtao.com\/fr\/wp-json\/wp\/v2\/comments?post=3352"}],"version-history":[{"count":2,"href":"https:\/\/idckohtao.com\/fr\/wp-json\/wp\/v2\/pages\/3352\/revisions"}],"predecessor-version":[{"id":7586,"href":"https:\/\/idckohtao.com\/fr\/wp-json\/wp\/v2\/pages\/3352\/revisions\/7586"}],"up":[{"embeddable":true,"href":"https:\/\/idckohtao.com\/fr\/wp-json\/wp\/v2\/pages\/7934"}],"wp:featuredmedia":[{"embeddable":true,"href":"https:\/\/idckohtao.com\/fr\/wp-json\/wp\/v2\/media\/5244"}],"wp:attachment":[{"href":"https:\/\/idckohtao.com\/fr\/wp-json\/wp\/v2\/media?parent=3352"}],"curies":[{"name":"wp","href":"https:\/\/api.w.org\/{rel}","templated":true}]}}