{"id":3355,"date":"2023-08-07T07:26:09","date_gmt":"2023-08-07T07:26:09","guid":{"rendered":"https:\/\/idckohtao.com\/discover-scuba-diving\/"},"modified":"2026-04-22T04:44:18","modified_gmt":"2026-04-22T04:44:18","slug":"discover-scuba-diving","status":"publish","type":"page","link":"https:\/\/idckohtao.com\/fr\/discover-scuba-diving\/","title":{"rendered":"D\u00e9couvrez La Plong\u00e9e Sous-marine"},"content":{"rendered":"<div class=\"wpb-content-wrapper\"><p>[vc_row][vc_column][vc_column_text]<\/p>\n<h2>D\u00e9couvrez la plong\u00e9e sous-marine et explorez le monde sous-marin \u00e0 Koh Tao<\/h2>\n<h3>D\u00e9couvrez la plong\u00e9e sous-marine<\/h3>\n<p>Situ\u00e9 au centre de plong\u00e9e\u00a0<a href=\"https:\/\/www.blackturtledive.com\/\" target=\"_blank\" rel=\"noopener noreferrer\">Black Turtle Dive,<\/a>\u00a0IDC Koh Tao est reconnu dans toute l\u2019Asie-Pacifique comme un centre de formation de premier plan pour les non-plongeurs, les d\u00e9butants et les candidats de niveau professionnel.<\/p>\n<p>Notre exp\u00e9rience d\u2019entr\u00e9e de gamme Discover Scuba Diving (DSD) d\u2019une journ\u00e9e est un excellent moyen pour vous d\u2019explorer l\u2019environnement marin diversifi\u00e9 entourant Koh Tao, avec un instructeur de\u00a0<a href=\"https:\/\/idckohtao.com\/fr\/padi-diving-courses\/\">plong\u00e9e PADI<\/a>.<\/p>\n<p>Vous visitez Koh Tao et vous \u00eates curieux de faire de la plong\u00e9e, mais vous n\u2019avez pas le temps ni l\u2019argent pour vous engager dans un\u00a0<a href=\"https:\/\/idckohtao.com\/fr\/open-water-course\/\">cours de plong\u00e9e PADI Open Water<\/a>?<\/p>\n<p>L\u2019exp\u00e9rience Discover Scuba Diving est une excellente occasion pour vous d\u2019essayer la plong\u00e9e sous-marine en une demi-journ\u00e9e seulement sous la supervision directe d\u2019un\u00a0<a href=\"https:\/\/idckohtao.com\/fr\/pro-level-courses\/padi-instructor-development-course\/\">instructeur PADI<\/a>\u00a0exp\u00e9riment\u00e9.<\/p>\n<p><img decoding=\"async\" class=\"alignnone wp-image-265 size-large\" src=\"https:\/\/idckohtao.com\/wp-content\/uploads\/2023\/08\/idckohtao.com-discover-scuba-diving-on-koh-tao-1024x577.jpg\" alt=\"idckohtao.com-discover-scuba-diving-on-koh-tao\" width=\"1024\" height=\"577\" srcset=\"https:\/\/idckohtao.com\/wp-content\/uploads\/2023\/08\/idckohtao.com-discover-scuba-diving-on-koh-tao-1024x577.jpg 1024w, https:\/\/idckohtao.com\/wp-content\/uploads\/2023\/08\/idckohtao.com-discover-scuba-diving-on-koh-tao-300x169.jpg 300w, https:\/\/idckohtao.com\/wp-content\/uploads\/2023\/08\/idckohtao.com-discover-scuba-diving-on-koh-tao-768x433.jpg 768w, https:\/\/idckohtao.com\/wp-content\/uploads\/2023\/08\/idckohtao.com-discover-scuba-diving-on-koh-tao.jpg 1300w\" sizes=\"(max-width: 1024px) 100vw, 1024px\" \/><\/p>\n<h3>D\u00e9veloppement des connaissances et introduction<\/h3>\n<p>Votre instructeur vous guide \u00e0 travers quelques connaissances de base en utilisant le guide du participant PADI Discover Scuba Diving pour discuter des effets de la pression sous l\u2019eau, comment \u00e9galiser vos espaces a\u00e9riens et votre respiration.<\/p>\n<p>Vous remplissez ensuite un court questionnaire \u00e0 choix multiples de 9 questions pour vous assurer d\u2019avoir bien compris la mati\u00e8re.<\/p>\n<h3>Formation et comp\u00e9tences en eau confin\u00e9e<\/h3>\n<p>Pour commencer, nous partons en eau peu profonde dans une piscine ou juste \u00e0 c\u00f4t\u00e9 de la plage dans l\u2019une des nombreuses\u00a0<a href=\"https:\/\/www.thefunkyturtle.com\/koh-tao\/bays\/\" target=\"_blank\" rel=\"noopener\">baies peu profondes de Koh Tao<\/a>, qui sont id\u00e9ales pour ce type de plong\u00e9e et faciles pour vous de vous lever.<\/p>\n<p>Nous vous montrons quelques comp\u00e9tences simples telles que la fa\u00e7on d\u2019\u00e9galiser vos oreilles, de nettoyer un masque et un d\u00e9tendeur, les techniques correctes de respiration, ainsi que la fa\u00e7on d\u2019utiliser\u00a0<a href=\"https:\/\/idckohtao.com\/fr\/pro-level-courses\/equipment-specialist-instructor-specialty\/\">l\u2019\u00e9quipement de plong\u00e9e<\/a>.<\/p>\n<h3>Plong\u00e9e en eau libre dans l\u2019oc\u00e9an<strong><br \/>\n<\/strong><\/h3>\n<p>Once you have mastered the skills and are comfortable with the breathing, we can take you a little deeper around the bay for a real scuba dive.<\/p>\n<p>Une fois que vous ma\u00eetrisez les comp\u00e9tences et \u00eates \u00e0 l\u2019aise avec la respiration, nous pouvons vous emmener un peu plus loin dans la baie pour une v\u00e9ritable plong\u00e9e.<\/p>\n<p>Dans une eau claire et chaude, vous pouvez voir une\u00a0<a href=\"https:\/\/idckohtao.com\/fr\/marine-conservation\/\">abondance de vie marine color\u00e9e<\/a>\u00a0en nageant au-dessus du sable pr\u00e8s du r\u00e9cif, tout en profitant d\u2019une exp\u00e9rience de vacances inoubliable.<\/p>\n<p>Offrez-vous une exp\u00e9rience de plong\u00e9e sous-marine d\u2019une journ\u00e9e et d\u00e9couvrez le monde sous-marin spectaculaire.<\/p>\n<p><img decoding=\"async\" class=\"alignnone wp-image-266 size-large\" src=\"https:\/\/idckohtao.com\/wp-content\/uploads\/2023\/08\/idckohtao.com-discover-scuba-diving-with-padi-1024x577.jpg\" alt=\"idckohtao.com-discover-scuba-diving-with-padi\" width=\"1024\" height=\"577\" srcset=\"https:\/\/idckohtao.com\/wp-content\/uploads\/2023\/08\/idckohtao.com-discover-scuba-diving-with-padi-1024x577.jpg 1024w, https:\/\/idckohtao.com\/wp-content\/uploads\/2023\/08\/idckohtao.com-discover-scuba-diving-with-padi-300x169.jpg 300w, https:\/\/idckohtao.com\/wp-content\/uploads\/2023\/08\/idckohtao.com-discover-scuba-diving-with-padi-768x433.jpg 768w, https:\/\/idckohtao.com\/wp-content\/uploads\/2023\/08\/idckohtao.com-discover-scuba-diving-with-padi.jpg 1300w\" sizes=\"(max-width: 1024px) 100vw, 1024px\" \/><\/p>\n<p><strong>\u00caTRE AVERTI!<\/strong>\u00a0C\u2019est addictif et la plupart des gens qui\u00a0<a href=\"https:\/\/idckohtao.com\/fr\/\">essaient la plong\u00e9e sous-marine<\/a>\u00a0ne peuvent pas s\u2019arr\u00eater et en veulent plus.<\/p>\n<h3>Exp\u00e9rience Discover Scuba Diving programme<strong><br \/>\n<\/strong><\/h3>\n<p>Demi-journ\u00e9e matin ou apr\u00e8s-midi<\/p>\n<p>L\u2019exp\u00e9rience Discover Scuba Diving comprend:<\/p>\n<ul>\n<li>Discover Scuba Diving guide du participant<\/li>\n<li>Frais de moniteur PADI<\/li>\n<li>Assurance<\/li>\n<li>Location d\u2019\u00e9quipement<\/li>\n<li>Location d\u2019ordinateur de plong\u00e9e<\/li>\n<\/ul>\n<p><strong>ESSAYEZ LA PLONG\u00c9E ICI!<\/strong>[\/vc_column_text]<div class=\"text-left\"><div class=\"bt-course-price\"><a href=\"https:\/\/www.paypal.com\/cgi-bin\/webscr?cmd=_s-xclick&hosted_button_id=Z4385VSMMN38G\" class=\"button\">R\u00c9SERVATION EN LIGNE<\/a><\/div><\/div>[\/vc_column][\/vc_row]<\/p>\n<\/div>","protected":false},"excerpt":{"rendered":"<p>[vc_row][vc_column][vc_column_text] D\u00e9couvrez la plong\u00e9e sous-marine et explorez le monde sous-marin \u00e0 Koh Tao D\u00e9couvrez la plong\u00e9e sous-marine Situ\u00e9 au centre de plong\u00e9e\u00a0Black Turtle Dive,\u00a0IDC Koh Tao est reconnu dans toute l\u2019Asie-Pacifique comme un centre de formation de premier plan pour les non-plongeurs, les d\u00e9butants et les candidats de niveau professionnel. Notre exp\u00e9rience d\u2019entr\u00e9e de gamme [&hellip;]<\/p>\n","protected":false},"author":1,"featured_media":4843,"parent":0,"menu_order":0,"comment_status":"closed","ping_status":"closed","template":"","meta":{"_acf_changed":false,"footnotes":""},"class_list":["post-3355","page","type-page","status-publish","has-post-thumbnail","hentry"],"acf":[],"yoast_head":"<!-- This site is optimized with the Yoast SEO Premium plugin v27.5 (Yoast SEO v27.5) - https:\/\/yoast.com\/product\/yoast-seo-premium-wordpress\/ -->\n<title>D\u00e9couvrez la plong\u00e9e sous-marine \u00e0 Koh Tao | IDC Koh Tao<\/title>\n<meta name=\"description\" content=\"L&#039;exp\u00e9rience Discover Scuba Diving est une excellente occasion pour vous d&#039;essayer la plong\u00e9e sous-marine sous la supervision directe d&#039;un instructeur PADI exp\u00e9riment\u00e9\" \/>\n<meta name=\"robots\" content=\"index, follow, max-snippet:-1, max-image-preview:large, max-video-preview:-1\" \/>\n<link rel=\"canonical\" href=\"https:\/\/idckohtao.com\/fr\/discover-scuba-diving\/\" \/>\n<meta property=\"og:locale\" content=\"fr_FR\" \/>\n<meta property=\"og:type\" content=\"article\" \/>\n<meta property=\"og:title\" content=\"D\u00e9couvrez la plong\u00e9e sous-marine \u00e0 Koh Tao | IDC Koh Tao\" \/>\n<meta property=\"og:description\" content=\"L&#039;exp\u00e9rience Discover Scuba Diving est une excellente occasion pour vous d&#039;essayer la plong\u00e9e sous-marine sous la supervision directe d&#039;un instructeur PADI exp\u00e9riment\u00e9\" \/>\n<meta property=\"og:url\" content=\"https:\/\/idckohtao.com\/fr\/discover-scuba-diving\/\" \/>\n<meta property=\"og:site_name\" content=\"IDC Koh Tao\" \/>\n<meta property=\"article:publisher\" content=\"https:\/\/www.facebook.com\/GoProIDCKohTao\" \/>\n<meta property=\"article:modified_time\" content=\"2026-04-22T04:44:18+00:00\" \/>\n<meta property=\"og:image\" content=\"https:\/\/idckohtao.com\/wp-content\/uploads\/2023\/08\/idckohtao.com-discover-scuba-diving.jpg\" \/>\n\t<meta property=\"og:image:width\" content=\"1300\" \/>\n\t<meta property=\"og:image:height\" content=\"733\" \/>\n\t<meta property=\"og:image:type\" content=\"image\/jpeg\" \/>\n<meta name=\"twitter:card\" content=\"summary_large_image\" \/>\n<meta name=\"twitter:title\" content=\"D\u00e9couvrez la plong\u00e9e sous-marine \u00e0 Koh Tao | IDC Koh Tao\" \/>\n<meta name=\"twitter:description\" content=\"L&#039;exp\u00e9rience Discover Scuba Diving est une excellente occasion pour vous d&#039;essayer la plong\u00e9e sous-marine sous la supervision directe d&#039;un instructeur PADI exp\u00e9riment\u00e9\" \/>\n<meta name=\"twitter:image\" content=\"https:\/\/idckohtao.com\/wp-content\/uploads\/2023\/08\/idckohtao.com-discover-scuba-diving.jpg\" \/>\n<meta name=\"twitter:site\" content=\"@GoProIDCKohTao\" \/>\n<!-- \/ Yoast SEO Premium plugin. -->","yoast_head_json":{"title":"D\u00e9couvrez la plong\u00e9e sous-marine \u00e0 Koh Tao | IDC Koh Tao","description":"L'exp\u00e9rience Discover Scuba Diving est une excellente occasion pour vous d'essayer la plong\u00e9e sous-marine sous la supervision directe d'un instructeur PADI exp\u00e9riment\u00e9","robots":{"index":"index","follow":"follow","max-snippet":"max-snippet:-1","max-image-preview":"max-image-preview:large","max-video-preview":"max-video-preview:-1"},"canonical":"https:\/\/idckohtao.com\/fr\/discover-scuba-diving\/","og_locale":"fr_FR","og_type":"article","og_title":"D\u00e9couvrez la plong\u00e9e sous-marine \u00e0 Koh Tao | IDC Koh Tao","og_description":"L'exp\u00e9rience Discover Scuba Diving est une excellente occasion pour vous d'essayer la plong\u00e9e sous-marine sous la supervision directe d'un instructeur PADI exp\u00e9riment\u00e9","og_url":"https:\/\/idckohtao.com\/fr\/discover-scuba-diving\/","og_site_name":"IDC Koh Tao","article_publisher":"https:\/\/www.facebook.com\/GoProIDCKohTao","article_modified_time":"2026-04-22T04:44:18+00:00","og_image":[{"width":1300,"height":733,"url":"https:\/\/idckohtao.com\/wp-content\/uploads\/2023\/08\/idckohtao.com-discover-scuba-diving.jpg","type":"image\/jpeg"}],"twitter_card":"summary_large_image","twitter_title":"D\u00e9couvrez la plong\u00e9e sous-marine \u00e0 Koh Tao | IDC Koh Tao","twitter_description":"L'exp\u00e9rience Discover Scuba Diving est une excellente occasion pour vous d'essayer la plong\u00e9e sous-marine sous la supervision directe d'un instructeur PADI exp\u00e9riment\u00e9","twitter_image":"https:\/\/idckohtao.com\/wp-content\/uploads\/2023\/08\/idckohtao.com-discover-scuba-diving.jpg","twitter_site":"@GoProIDCKohTao","schema":{"@context":"https:\/\/schema.org","@graph":[{"@type":"NewsArticle","@id":"https:\/\/idckohtao.com\/fr\/discover-scuba-diving\/#article","isPartOf":{"@id":"https:\/\/idckohtao.com\/fr\/discover-scuba-diving\/"},"author":{"name":"ojasya","@id":"https:\/\/idckohtao.com\/fr\/#\/schema\/person\/d08d557cbfdbc171f824052dae697b02"},"headline":"D\u00e9couvrez La Plong\u00e9e Sous-marine","datePublished":"2023-08-07T07:26:09+00:00","dateModified":"2026-04-22T04:44:18+00:00","mainEntityOfPage":{"@id":"https:\/\/idckohtao.com\/fr\/discover-scuba-diving\/"},"wordCount":544,"publisher":{"@id":"https:\/\/idckohtao.com\/fr\/#organization"},"image":{"@id":"https:\/\/idckohtao.com\/fr\/discover-scuba-diving\/#primaryimage"},"thumbnailUrl":"https:\/\/idckohtao.com\/wp-content\/uploads\/2023\/09\/idckohtao.com-discover-scuba-dive-in-koh-tao-thailand.jpeg","inLanguage":"fr-FR"},{"@type":"WebPage","@id":"https:\/\/idckohtao.com\/fr\/discover-scuba-diving\/","url":"https:\/\/idckohtao.com\/fr\/discover-scuba-diving\/","name":"D\u00e9couvrez la plong\u00e9e sous-marine \u00e0 Koh Tao | IDC Koh Tao","isPartOf":{"@id":"https:\/\/idckohtao.com\/fr\/#website"},"primaryImageOfPage":{"@id":"https:\/\/idckohtao.com\/fr\/discover-scuba-diving\/#primaryimage"},"image":{"@id":"https:\/\/idckohtao.com\/fr\/discover-scuba-diving\/#primaryimage"},"thumbnailUrl":"https:\/\/idckohtao.com\/wp-content\/uploads\/2023\/09\/idckohtao.com-discover-scuba-dive-in-koh-tao-thailand.jpeg","datePublished":"2023-08-07T07:26:09+00:00","dateModified":"2026-04-22T04:44:18+00:00","description":"L'exp\u00e9rience Discover Scuba Diving est une excellente occasion pour vous d'essayer la plong\u00e9e sous-marine sous la supervision directe d'un instructeur PADI exp\u00e9riment\u00e9","breadcrumb":{"@id":"https:\/\/idckohtao.com\/fr\/discover-scuba-diving\/#breadcrumb"},"inLanguage":"fr-FR","potentialAction":[{"@type":"ReadAction","target":["https:\/\/idckohtao.com\/fr\/discover-scuba-diving\/"]}]},{"@type":"ImageObject","inLanguage":"fr-FR","@id":"https:\/\/idckohtao.com\/fr\/discover-scuba-diving\/#primaryimage","url":"https:\/\/idckohtao.com\/wp-content\/uploads\/2023\/09\/idckohtao.com-discover-scuba-dive-in-koh-tao-thailand.jpeg","contentUrl":"https:\/\/idckohtao.com\/wp-content\/uploads\/2023\/09\/idckohtao.com-discover-scuba-dive-in-koh-tao-thailand.jpeg","width":1200,"height":800,"caption":"Discover Scuba Diving on Koh Tao in Thailand"},{"@type":"BreadcrumbList","@id":"https:\/\/idckohtao.com\/fr\/discover-scuba-diving\/#breadcrumb","itemListElement":[{"@type":"ListItem","position":1,"name":"Home","item":"https:\/\/idckohtao.com\/fr\/"},{"@type":"ListItem","position":2,"name":"D\u00e9couvrez La Plong\u00e9e Sous-marine"}]},{"@type":"WebSite","@id":"https:\/\/idckohtao.com\/fr\/#website","url":"https:\/\/idckohtao.com\/fr\/","name":"IDC Koh Tao","description":"PADI IDC 5 Star Diving Center in Koh Tao - Thailand","publisher":{"@id":"https:\/\/idckohtao.com\/fr\/#organization"},"alternateName":"IDC Koh Tao in Thailand","potentialAction":[{"@type":"SearchAction","target":{"@type":"EntryPoint","urlTemplate":"https:\/\/idckohtao.com\/fr\/?s={search_term_string}"},"query-input":{"@type":"PropertyValueSpecification","valueRequired":true,"valueName":"search_term_string"}}],"inLanguage":"fr-FR"},{"@type":"Organization","@id":"https:\/\/idckohtao.com\/fr\/#organization","name":"IDC Koh Tao","alternateName":"IDC Koh Tao | Divemaster & Diving Instructor","url":"https:\/\/idckohtao.com\/fr\/","logo":{"@type":"ImageObject","inLanguage":"fr-FR","@id":"https:\/\/idckohtao.com\/fr\/#\/schema\/logo\/image\/","url":"https:\/\/idckohtao.com\/wp-content\/uploads\/2023\/09\/idckohtao.com-padi-diving-center-in-koh-tao-thailand.png","contentUrl":"https:\/\/idckohtao.com\/wp-content\/uploads\/2023\/09\/idckohtao.com-padi-diving-center-in-koh-tao-thailand.png","width":400,"height":300,"caption":"IDC Koh Tao"},"image":{"@id":"https:\/\/idckohtao.com\/fr\/#\/schema\/logo\/image\/"},"sameAs":["https:\/\/www.facebook.com\/GoProIDCKohTao","https:\/\/x.com\/GoProIDCKohTao","https:\/\/www.youtube.com\/idckohtao","https:\/\/www.instagram.com\/idc.kohtao\/"],"description":"IDC Koh Tao is a part of the Black Turtle Dive pro level training team with three PADI Course Directors being led by Award Winning PADI Course Director Matt Bolton. Our full range of pro and recreational PADI Diving Courses provides aspiring scuba divers with education, fun, excitement, adventure, and a change of lifestyle or an opportunity to pursue a new career.","email":"info@idckohtao.com","legalName":"IDC Koh Tao","foundingDate":"2004-01-04","numberOfEmployees":{"@type":"QuantitativeValue","minValue":"1","maxValue":"10"},"correctionsPolicy":"https:\/\/idckohtao.com\/privacy-policy\/","ethicsPolicy":"https:\/\/idckohtao.com\/terms\/"},{"@type":"Person","@id":"https:\/\/idckohtao.com\/fr\/#\/schema\/person\/d08d557cbfdbc171f824052dae697b02","name":"ojasya","image":{"@type":"ImageObject","inLanguage":"fr-FR","@id":"https:\/\/secure.gravatar.com\/avatar\/6fb34e36d09053a6545fc21d344613321bb1933f185132488f38052166f5a001?s=96&d=mm&r=g","url":"https:\/\/secure.gravatar.com\/avatar\/6fb34e36d09053a6545fc21d344613321bb1933f185132488f38052166f5a001?s=96&d=mm&r=g","contentUrl":"https:\/\/secure.gravatar.com\/avatar\/6fb34e36d09053a6545fc21d344613321bb1933f185132488f38052166f5a001?s=96&d=mm&r=g","caption":"ojasya"},"sameAs":["https:\/\/idckohtao.com"],"url":"https:\/\/idckohtao.com\/fr\/blog\/author\/ojasya\/"}]}},"_links":{"self":[{"href":"https:\/\/idckohtao.com\/fr\/wp-json\/wp\/v2\/pages\/3355","targetHints":{"allow":["GET"]}}],"collection":[{"href":"https:\/\/idckohtao.com\/fr\/wp-json\/wp\/v2\/pages"}],"about":[{"href":"https:\/\/idckohtao.com\/fr\/wp-json\/wp\/v2\/types\/page"}],"author":[{"embeddable":true,"href":"https:\/\/idckohtao.com\/fr\/wp-json\/wp\/v2\/users\/1"}],"replies":[{"embeddable":true,"href":"https:\/\/idckohtao.com\/fr\/wp-json\/wp\/v2\/comments?post=3355"}],"version-history":[{"count":1,"href":"https:\/\/idckohtao.com\/fr\/wp-json\/wp\/v2\/pages\/3355\/revisions"}],"predecessor-version":[{"id":7700,"href":"https:\/\/idckohtao.com\/fr\/wp-json\/wp\/v2\/pages\/3355\/revisions\/7700"}],"wp:featuredmedia":[{"embeddable":true,"href":"https:\/\/idckohtao.com\/fr\/wp-json\/wp\/v2\/media\/4843"}],"wp:attachment":[{"href":"https:\/\/idckohtao.com\/fr\/wp-json\/wp\/v2\/media?parent=3355"}],"curies":[{"name":"wp","href":"https:\/\/api.w.org\/{rel}","templated":true}]}}