{"id":3362,"date":"2023-08-08T11:18:38","date_gmt":"2023-08-08T11:18:38","guid":{"rendered":"https:\/\/idckohtao.com\/divemaster-internship\/"},"modified":"2026-04-22T07:16:51","modified_gmt":"2026-04-22T07:16:51","slug":"divemaster-internship","status":"publish","type":"page","link":"https:\/\/idckohtao.com\/fr\/pro-level-courses\/divemaster-internship\/","title":{"rendered":"Stage Divemaster"},"content":{"rendered":"<div class=\"wpb-content-wrapper\"><p>[vc_row][vc_column][vc_column_text]<\/p>\n<h2>Stage prim\u00e9 PADI Divemaster sur Tropical Koh Tao<\/h2>\n<h3 id=\"tw-target-text\" class=\"tw-data-text tw-text-large XcVN5d tw-ta\" dir=\"ltr\" data-placeholder=\"Translation\"><span class=\"Y2IQFc\" lang=\"fr\">Stage PADI Divemaster en Tha\u00eflande<\/span><\/h3>\n<p>Situ\u00e9e au centre de plong\u00e9e\u00a0<a href=\"https:\/\/www.blackturtledive.com\/\" target=\"_blank\" rel=\"noopener noreferrer\">Black Turtle Dive<\/a>, l\u2019\u00e9quipe Pro d\u2019IDC Koh Tao propose un programme de formation en stage Divemaster qui a form\u00e9 avec succ\u00e8s les aspirants plongeurs de niveau professionnel au cours des 20 derni\u00e8res ann\u00e9es.<\/p>\n<p>Notre programme de formation de niveau professionnel Divemaster Internship est con\u00e7u pour les besoins de chaque candidat pour d\u00e9velopper ses connaissances et ses comp\u00e9tences de plongeur et cr\u00e9er un PADI Divemaster plus confiant et exemplaire.<\/p>\n<p>Notre programme de formation Divemaster est supervis\u00e9 par\u00a0<a href=\"https:\/\/idckohtao.com\/fr\/padi-course-director-matt-bolton\/\">Matt Bolton<\/a>, notre Platinum Directeur de cours PADI prim\u00e9.Matt travaille avec Platinum Directrice de cours Andrea Warren et\u00a0<a href=\"https:\/\/idckohtao.com\/fr\/pro-level-courses\/idc-staff-instructor-course\/\">Staff Instructor<\/a>\u00a0Kieran Hooley pour g\u00e9rer le programme \u2018Divemaster Lifestyle\u2019.<\/p>\n<p>Les stages de plong\u00e9e sous-marine sont con\u00e7us pour permettre \u00e0 tous les niveaux de plongeurs, ainsi qu\u2019aux non-plongeurs de se former pour devenir des professionnels de la plong\u00e9e \u00e0 un rythme qui vous convient!<\/p>\n<p>D\u2019une dur\u00e9e allant de 3 \u00e0 4 semaines \u00e0 8 mois, nos programmes \u2018<a href=\"https:\/\/idckohtao.com\/fr\/lifestyle-packages\/\">Diving Lifestyle<\/a>\u2019 sont parfaits pour tout aspirant Professionnel PADI, faisant partie d\u2019une ann\u00e9e sabbatique ou pour toute personne \u00e0 la recherche d\u2019un programme de d\u00e9veloppement personnel dynamique.<\/p>\n<p>Nous offrons les normes de formation les plus \u00e9lev\u00e9es de l\u2019industrie de la\u00a0<a href=\"https:\/\/www.thefunkyturtle.com\/scuba-diving\/\" target=\"_blank\" rel=\"noopener\">plong\u00e9e sous-marine<\/a>, un environnement de formation dynamique et multiculturel avec des normes \u00e9ducatives de classe mondiale, une grande ambiance sociale, un emplacement fantastique dans un pays avec une culture incroyable et bien s\u00fbr\u2026. beaucoup de plaisir!<\/p>\n<p>Avez-vous d\u00e9j\u00e0 r\u00eav\u00e9 de vivre sur une \u00eele tropicale, de vous r\u00e9veiller pour une baignade matinale dans des eaux chaudes turquoise aux cartes postales, ou de vous balancer dans un hamac sous les palmiers?<\/p>\n<p>Eh bien maintenant, vous pouvez le faire avec un stage\u00a0<a href=\"https:\/\/idckohtao.com\/fr\/pro-level-courses\/padi-divemaster-course\/\">Divemaster<\/a>\u00a0\u2018Diving Lifestyle\u2019 sur la belle Koh Tao.<\/p>\n<p><img decoding=\"async\" class=\"alignnone wp-image-352 size-large\" src=\"https:\/\/idckohtao.com\/wp-content\/uploads\/2023\/08\/idckohtao.com-andrea-warren-padi-course-director-koh-tao-beach-1024x768.jpg\" alt=\"idckohtao.com-andrea-warren-padi-course-director-koh-tao-beach\" width=\"1024\" height=\"768\" srcset=\"https:\/\/idckohtao.com\/wp-content\/uploads\/2023\/08\/idckohtao.com-andrea-warren-padi-course-director-koh-tao-beach-1024x768.jpg 1024w, https:\/\/idckohtao.com\/wp-content\/uploads\/2023\/08\/idckohtao.com-andrea-warren-padi-course-director-koh-tao-beach-300x225.jpg 300w, https:\/\/idckohtao.com\/wp-content\/uploads\/2023\/08\/idckohtao.com-andrea-warren-padi-course-director-koh-tao-beach-768x576.jpg 768w, https:\/\/idckohtao.com\/wp-content\/uploads\/2023\/08\/idckohtao.com-andrea-warren-padi-course-director-koh-tao-beach.jpg 1200w\" sizes=\"(max-width: 1024px) 100vw, 1024px\" \/><\/p>\n<div class=\"et_pb_module et_pb_text et_pb_text_12 et_pb_bg_layout_light et_pb_text_align_left\">\n<div class=\"et_pb_text_inner\">\n<h3>Stage PADI Divemaster \u00ab Lifestyle \u00bb compl\u00e8te<\/h3>\n<ul>\n<li><a href=\"https:\/\/idckohtao.com\/fr\/open-water-course\/\">Cours PADI Open Water<\/a><\/li>\n<li>Cours PADI\u00a0<a href=\"https:\/\/idckohtao.com\/fr\/advanced-open-water-course\/\">Advanced Open Water<\/a><\/li>\n<li>Cours de soins primaires et secondaires (<a href=\"https:\/\/idckohtao.com\/fr\/emergency-first-response-course\/\">EFR<\/a>)<\/li>\n<li><a href=\"https:\/\/idckohtao.com\/fr\/rescue-diver-course\/\">Cours PADI Rescue<\/a><\/li>\n<li>Cours Divemaster PADI<\/li>\n<li>Atelier sur la maitrise de la flottabilit\u00e9\u00a0<em>\u2018Buoyancy Lab \u2013 Fluid Mechanics\u2019<\/em><\/li>\n<li>Programme d\u2019\u00e9cologie et de\u00a0<a href=\"https:\/\/idckohtao.com\/fr\/marine-conservation\/\">conservation<\/a>\u00a0des r\u00e9cifs comprenant un s\u00e9minaire sur l\u2019\u00e9cologie des r\u00e9cifs, le nettoyage des plages et une enqu\u00eate sur les microplastiques, une plong\u00e9e contre les d\u00e9bris et une enqu\u00eate sur la sant\u00e9 des coraux<\/li>\n<li>Toutes les plong\u00e9es d\u2019entra\u00eenement du d\u00e9butant \u00e0 Divemaster<\/li>\n<li>30 plong\u00e9es GRATUITES suppl\u00e9mentaires \u00e0 utiliser pendant votre s\u00e9jour<\/li>\n<li>Tous les mat\u00e9riels p\u00e9dagogiques PADI et les frais de certification<\/li>\n<li>PADI Divemaster \u00ab Crewpak \u00bb Digitale<\/li>\n<li>Divemaster e-Learning<\/li>\n<li>Encyclop\u00e9die de la plong\u00e9e r\u00e9cr\u00e9ative<\/li>\n<li>Planificateur de plong\u00e9e r\u00e9cr\u00e9ative \u00e9lectronique num\u00e9rique (e-RDPML)<\/li>\n<li>ReActivate e-Learning<\/li>\n<li>PADI Divemaster \u00ab Crewpak \u00bb Physique<\/li>\n<li>Sacoche pour ordinateur portable PADI Pro<\/li>\n<li>Manuel de l\u2019instructeur PADI avec classeur \u00e0 3 anneaux PADI<\/li>\n<li>Ardoises Divemaster<\/li>\n<li>Ardoise DSD<\/li>\n<li>Carnet de plong\u00e9e<\/li>\n<li>Pack d\u2019\u00e9quipement de plong\u00e9e comprenant:<\/li>\n<li>Boussole de plong\u00e9e<\/li>\n<li>Ardoise au poignet et crayon<\/li>\n<li>Bou\u00e9e de marquage<\/li>\n<li>Sifflet<\/li>\n<li>Masque respiratoire de sauvetage CPR<\/li>\n<li>Coupe-fil de plong\u00e9e en c\u00e9ramique<\/li>\n<li>T-shirt<\/li>\n<li>Premi\u00e8re ann\u00e9e d\u2019adh\u00e9sion \u00e0 PADI<\/li>\n<li>1 an de couverture d\u2019assurance de plong\u00e9e internationale \u00ab\u00a0DiveAssist ScubaMedic Classic (IDEC)\u00a0\u00bb<\/li>\n<li>M\u00e9dical de plong\u00e9e<\/li>\n<\/ul>\n<\/div>\n<\/div>\n<div class=\"et_pb_module et_pb_text et_pb_text_13 et_pb_bg_layout_light et_pb_text_align_left\"><\/div>\n<p>[\/vc_column_text]<div class=\"text-left\"><div class=\"bt-course-price\"><h4>Prix: 92,500 THB<\/h4><a href=\"https:\/\/idckohtao.com\/fr\/packages-prices\/\" class=\"button\">R\u00c9SERVATION EN LIGNE<\/a><\/div><\/div>[vc_column_text css=\u00a0\u00bb\u00a0\u00bb]<\/p>\n<h3>OPTIONS \/ SUPPLEMENTS<\/h3>\n<p><strong>OPTIONS DE PRIX<\/strong>\u00a0(plongeurs qualifi\u00e9s)<br \/>\nD\u00e9j\u00e0 certifi\u00e9 Open Water \u2013 <strong>84,500 THB<\/strong><br \/>\nD\u00e9j\u00e0 certifi\u00e9 Advanced Open Water \u2013 <strong>77,500 THB<\/strong><br \/>\nD\u00e9j\u00e0 certifi\u00e9 Rescue \u2013 <strong>62,500 THB<\/strong>[\/vc_column_text][\/vc_column][\/vc_row]<\/p>\n<\/div>","protected":false},"excerpt":{"rendered":"<p>[vc_row][vc_column][vc_column_text] Stage prim\u00e9 PADI Divemaster sur Tropical Koh Tao Stage PADI Divemaster en Tha\u00eflande Situ\u00e9e au centre de plong\u00e9e\u00a0Black Turtle Dive, l\u2019\u00e9quipe Pro d\u2019IDC Koh Tao propose un programme de formation en stage Divemaster qui a form\u00e9 avec succ\u00e8s les aspirants plongeurs de niveau professionnel au cours des 20 derni\u00e8res ann\u00e9es. Notre programme de formation [&hellip;]<\/p>\n","protected":false},"author":1,"featured_media":4667,"parent":7934,"menu_order":0,"comment_status":"closed","ping_status":"closed","template":"","meta":{"_acf_changed":false,"footnotes":""},"class_list":["post-3362","page","type-page","status-publish","has-post-thumbnail","hentry"],"acf":[],"yoast_head":"<!-- This site is optimized with the Yoast SEO Premium plugin v27.5 (Yoast SEO v27.5) - https:\/\/yoast.com\/product\/yoast-seo-premium-wordpress\/ -->\n<title>Cours de stage Divemaster PADI Koh Tao | IDC Koh Tao<\/title>\n<meta name=\"description\" content=\"Cours de stage PADI Divemaster \u00e0 IDC Koh Tao en Tha\u00eflande. D\u00e9marrez votre carri\u00e8re en plong\u00e9e sous-marine dans notre centre de formation prim\u00e9\" \/>\n<meta name=\"robots\" content=\"index, follow, max-snippet:-1, max-image-preview:large, max-video-preview:-1\" \/>\n<link rel=\"canonical\" href=\"https:\/\/idckohtao.com\/fr\/pro-level-courses\/divemaster-internship\/\" \/>\n<meta property=\"og:locale\" content=\"fr_FR\" \/>\n<meta property=\"og:type\" content=\"article\" \/>\n<meta property=\"og:title\" content=\"Cours de stage Divemaster PADI Koh Tao | IDC Koh Tao\" \/>\n<meta property=\"og:description\" content=\"Cours de stage PADI Divemaster \u00e0 IDC Koh Tao en Tha\u00eflande. D\u00e9marrez votre carri\u00e8re en plong\u00e9e sous-marine dans notre centre de formation prim\u00e9\" \/>\n<meta property=\"og:url\" content=\"https:\/\/idckohtao.com\/fr\/pro-level-courses\/divemaster-internship\/\" \/>\n<meta property=\"og:site_name\" content=\"IDC Koh Tao\" \/>\n<meta property=\"article:publisher\" content=\"https:\/\/www.facebook.com\/GoProIDCKohTao\" \/>\n<meta property=\"article:modified_time\" content=\"2026-04-22T07:16:51+00:00\" \/>\n<meta property=\"og:image\" content=\"https:\/\/idckohtao.com\/wp-content\/uploads\/2023\/08\/idc-koh-tao-padi-divemaster-course-at-crystal-dive-koh-tao-beach-1.jpg\" \/>\n\t<meta property=\"og:image:width\" content=\"960\" \/>\n\t<meta property=\"og:image:height\" content=\"676\" \/>\n\t<meta property=\"og:image:type\" content=\"image\/jpeg\" \/>\n<meta name=\"twitter:card\" content=\"summary_large_image\" \/>\n<meta name=\"twitter:title\" content=\"Cours de stage Divemaster PADI Koh Tao | IDC Koh Tao\" \/>\n<meta name=\"twitter:description\" content=\"Cours de stage PADI Divemaster \u00e0 IDC Koh Tao en Tha\u00eflande. D\u00e9marrez votre carri\u00e8re en plong\u00e9e sous-marine dans notre centre de formation prim\u00e9\" \/>\n<meta name=\"twitter:site\" content=\"@GoProIDCKohTao\" \/>\n<!-- \/ Yoast SEO Premium plugin. -->","yoast_head_json":{"title":"Cours de stage Divemaster PADI Koh Tao | IDC Koh Tao","description":"Cours de stage PADI Divemaster \u00e0 IDC Koh Tao en Tha\u00eflande. D\u00e9marrez votre carri\u00e8re en plong\u00e9e sous-marine dans notre centre de formation prim\u00e9","robots":{"index":"index","follow":"follow","max-snippet":"max-snippet:-1","max-image-preview":"max-image-preview:large","max-video-preview":"max-video-preview:-1"},"canonical":"https:\/\/idckohtao.com\/fr\/pro-level-courses\/divemaster-internship\/","og_locale":"fr_FR","og_type":"article","og_title":"Cours de stage Divemaster PADI Koh Tao | IDC Koh Tao","og_description":"Cours de stage PADI Divemaster \u00e0 IDC Koh Tao en Tha\u00eflande. D\u00e9marrez votre carri\u00e8re en plong\u00e9e sous-marine dans notre centre de formation prim\u00e9","og_url":"https:\/\/idckohtao.com\/fr\/pro-level-courses\/divemaster-internship\/","og_site_name":"IDC Koh Tao","article_publisher":"https:\/\/www.facebook.com\/GoProIDCKohTao","article_modified_time":"2026-04-22T07:16:51+00:00","og_image":[{"width":960,"height":676,"url":"https:\/\/idckohtao.com\/wp-content\/uploads\/2023\/08\/idc-koh-tao-padi-divemaster-course-at-crystal-dive-koh-tao-beach-1.jpg","type":"image\/jpeg"}],"twitter_card":"summary_large_image","twitter_title":"Cours de stage Divemaster PADI Koh Tao | IDC Koh Tao","twitter_description":"Cours de stage PADI Divemaster \u00e0 IDC Koh Tao en Tha\u00eflande. D\u00e9marrez votre carri\u00e8re en plong\u00e9e sous-marine dans notre centre de formation prim\u00e9","twitter_site":"@GoProIDCKohTao","schema":{"@context":"https:\/\/schema.org","@graph":[{"@type":"NewsArticle","@id":"https:\/\/idckohtao.com\/fr\/pro-level-courses\/divemaster-internship\/#article","isPartOf":{"@id":"https:\/\/idckohtao.com\/fr\/pro-level-courses\/divemaster-internship\/"},"author":{"name":"ojasya","@id":"https:\/\/idckohtao.com\/fr\/#\/schema\/person\/d08d557cbfdbc171f824052dae697b02"},"headline":"Stage Divemaster","datePublished":"2023-08-08T11:18:38+00:00","dateModified":"2026-04-22T07:16:51+00:00","mainEntityOfPage":{"@id":"https:\/\/idckohtao.com\/fr\/pro-level-courses\/divemaster-internship\/"},"wordCount":608,"publisher":{"@id":"https:\/\/idckohtao.com\/fr\/#organization"},"image":{"@id":"https:\/\/idckohtao.com\/fr\/pro-level-courses\/divemaster-internship\/#primaryimage"},"thumbnailUrl":"https:\/\/idckohtao.com\/wp-content\/uploads\/2023\/09\/idckohtao.com-padi-instructor-course-in-thailand-with-a-cesa.jpg","inLanguage":"fr-FR"},{"@type":"WebPage","@id":"https:\/\/idckohtao.com\/fr\/pro-level-courses\/divemaster-internship\/","url":"https:\/\/idckohtao.com\/fr\/pro-level-courses\/divemaster-internship\/","name":"Cours de stage Divemaster PADI Koh Tao | IDC Koh Tao","isPartOf":{"@id":"https:\/\/idckohtao.com\/fr\/#website"},"primaryImageOfPage":{"@id":"https:\/\/idckohtao.com\/fr\/pro-level-courses\/divemaster-internship\/#primaryimage"},"image":{"@id":"https:\/\/idckohtao.com\/fr\/pro-level-courses\/divemaster-internship\/#primaryimage"},"thumbnailUrl":"https:\/\/idckohtao.com\/wp-content\/uploads\/2023\/09\/idckohtao.com-padi-instructor-course-in-thailand-with-a-cesa.jpg","datePublished":"2023-08-08T11:18:38+00:00","dateModified":"2026-04-22T07:16:51+00:00","description":"Cours de stage PADI Divemaster \u00e0 IDC Koh Tao en Tha\u00eflande. D\u00e9marrez votre carri\u00e8re en plong\u00e9e sous-marine dans notre centre de formation prim\u00e9","breadcrumb":{"@id":"https:\/\/idckohtao.com\/fr\/pro-level-courses\/divemaster-internship\/#breadcrumb"},"inLanguage":"fr-FR","potentialAction":[{"@type":"ReadAction","target":["https:\/\/idckohtao.com\/fr\/pro-level-courses\/divemaster-internship\/"]}]},{"@type":"ImageObject","inLanguage":"fr-FR","@id":"https:\/\/idckohtao.com\/fr\/pro-level-courses\/divemaster-internship\/#primaryimage","url":"https:\/\/idckohtao.com\/wp-content\/uploads\/2023\/09\/idckohtao.com-padi-instructor-course-in-thailand-with-a-cesa.jpg","contentUrl":"https:\/\/idckohtao.com\/wp-content\/uploads\/2023\/09\/idckohtao.com-padi-instructor-course-in-thailand-with-a-cesa.jpg","width":1200,"height":900,"caption":"Divemaster Internship Practicing Skills in the Swimming Pool"},{"@type":"BreadcrumbList","@id":"https:\/\/idckohtao.com\/fr\/pro-level-courses\/divemaster-internship\/#breadcrumb","itemListElement":[{"@type":"ListItem","position":1,"name":"Home","item":"https:\/\/idckohtao.com\/fr\/"},{"@type":"ListItem","position":2,"name":"Pro level","item":"https:\/\/idckohtao.com\/fr\/pro-level-courses\/"},{"@type":"ListItem","position":3,"name":"Stage Divemaster"}]},{"@type":"WebSite","@id":"https:\/\/idckohtao.com\/fr\/#website","url":"https:\/\/idckohtao.com\/fr\/","name":"IDC Koh Tao","description":"PADI IDC 5 Star Diving Center in Koh Tao - Thailand","publisher":{"@id":"https:\/\/idckohtao.com\/fr\/#organization"},"alternateName":"IDC Koh Tao in Thailand","potentialAction":[{"@type":"SearchAction","target":{"@type":"EntryPoint","urlTemplate":"https:\/\/idckohtao.com\/fr\/?s={search_term_string}"},"query-input":{"@type":"PropertyValueSpecification","valueRequired":true,"valueName":"search_term_string"}}],"inLanguage":"fr-FR"},{"@type":"Organization","@id":"https:\/\/idckohtao.com\/fr\/#organization","name":"IDC Koh Tao","alternateName":"IDC Koh Tao | Divemaster & Diving Instructor","url":"https:\/\/idckohtao.com\/fr\/","logo":{"@type":"ImageObject","inLanguage":"fr-FR","@id":"https:\/\/idckohtao.com\/fr\/#\/schema\/logo\/image\/","url":"https:\/\/idckohtao.com\/wp-content\/uploads\/2023\/09\/idckohtao.com-padi-diving-center-in-koh-tao-thailand.png","contentUrl":"https:\/\/idckohtao.com\/wp-content\/uploads\/2023\/09\/idckohtao.com-padi-diving-center-in-koh-tao-thailand.png","width":400,"height":300,"caption":"IDC Koh Tao"},"image":{"@id":"https:\/\/idckohtao.com\/fr\/#\/schema\/logo\/image\/"},"sameAs":["https:\/\/www.facebook.com\/GoProIDCKohTao","https:\/\/x.com\/GoProIDCKohTao","https:\/\/www.youtube.com\/idckohtao","https:\/\/www.instagram.com\/idc.kohtao\/"],"description":"IDC Koh Tao is a part of the Black Turtle Dive pro level training team with three PADI Course Directors being led by Award Winning PADI Course Director Matt Bolton. Our full range of pro and recreational PADI Diving Courses provides aspiring scuba divers with education, fun, excitement, adventure, and a change of lifestyle or an opportunity to pursue a new career.","email":"info@idckohtao.com","legalName":"IDC Koh Tao","foundingDate":"2004-01-04","numberOfEmployees":{"@type":"QuantitativeValue","minValue":"1","maxValue":"10"},"correctionsPolicy":"https:\/\/idckohtao.com\/privacy-policy\/","ethicsPolicy":"https:\/\/idckohtao.com\/terms\/"},{"@type":"Person","@id":"https:\/\/idckohtao.com\/fr\/#\/schema\/person\/d08d557cbfdbc171f824052dae697b02","name":"ojasya","image":{"@type":"ImageObject","inLanguage":"fr-FR","@id":"https:\/\/secure.gravatar.com\/avatar\/6fb34e36d09053a6545fc21d344613321bb1933f185132488f38052166f5a001?s=96&d=mm&r=g","url":"https:\/\/secure.gravatar.com\/avatar\/6fb34e36d09053a6545fc21d344613321bb1933f185132488f38052166f5a001?s=96&d=mm&r=g","contentUrl":"https:\/\/secure.gravatar.com\/avatar\/6fb34e36d09053a6545fc21d344613321bb1933f185132488f38052166f5a001?s=96&d=mm&r=g","caption":"ojasya"},"sameAs":["https:\/\/idckohtao.com"],"url":"https:\/\/idckohtao.com\/fr\/blog\/author\/ojasya\/"}]}},"_links":{"self":[{"href":"https:\/\/idckohtao.com\/fr\/wp-json\/wp\/v2\/pages\/3362","targetHints":{"allow":["GET"]}}],"collection":[{"href":"https:\/\/idckohtao.com\/fr\/wp-json\/wp\/v2\/pages"}],"about":[{"href":"https:\/\/idckohtao.com\/fr\/wp-json\/wp\/v2\/types\/page"}],"author":[{"embeddable":true,"href":"https:\/\/idckohtao.com\/fr\/wp-json\/wp\/v2\/users\/1"}],"replies":[{"embeddable":true,"href":"https:\/\/idckohtao.com\/fr\/wp-json\/wp\/v2\/comments?post=3362"}],"version-history":[{"count":1,"href":"https:\/\/idckohtao.com\/fr\/wp-json\/wp\/v2\/pages\/3362\/revisions"}],"predecessor-version":[{"id":7737,"href":"https:\/\/idckohtao.com\/fr\/wp-json\/wp\/v2\/pages\/3362\/revisions\/7737"}],"up":[{"embeddable":true,"href":"https:\/\/idckohtao.com\/fr\/wp-json\/wp\/v2\/pages\/7934"}],"wp:featuredmedia":[{"embeddable":true,"href":"https:\/\/idckohtao.com\/fr\/wp-json\/wp\/v2\/media\/4667"}],"wp:attachment":[{"href":"https:\/\/idckohtao.com\/fr\/wp-json\/wp\/v2\/media?parent=3362"}],"curies":[{"name":"wp","href":"https:\/\/api.w.org\/{rel}","templated":true}]}}