{"id":3369,"date":"2023-08-11T09:38:13","date_gmt":"2023-08-11T09:38:13","guid":{"rendered":"https:\/\/idckohtao.com\/dpv-instructor-specialty\/"},"modified":"2026-01-01T07:08:21","modified_gmt":"2026-01-01T07:08:21","slug":"dpv-instructor-specialty","status":"publish","type":"page","link":"https:\/\/idckohtao.com\/fr\/pro-level-courses\/dpv-instructor-specialty\/","title":{"rendered":"Sp\u00e9cialit\u00e9 D&rsquo; Instructeur DPV"},"content":{"rendered":"<div class=\"wpb-content-wrapper\"><p>[vc_row][vc_column][vc_column_text]<\/p>\n<h2>MSDT \u2013 Cours d\u2019instructeur sp\u00e9cialis\u00e9 PADI, Koh Tao, Tha\u00eflande<\/h2>\n<p>Il existe de nombreux plongeurs qui ne peuvent pas couvrir l\u2019ensemble du site de plong\u00e9e en raison de la consommation d\u2019air ou ils veulent simplement voir un site de plong\u00e9e plus grand et rester dans leurs limites. Si c\u2019est vous, alors vous tomberez amoureux des scooters sous-marins.<\/p>\n<p>Tout comme dans les films en tant qu\u2019agent secret sous-marin, une fois qu\u2019un plongeur en a essay\u00e9 un, il le voudra \u00e0 chaque plong\u00e9e!<\/p>\n<p>Les v\u00e9hicules de propulsion de plongeur ou DPV vous permettront d\u2019aller plus vite et de couvrir plus de terrain sur un site de plong\u00e9e, cependant, car le DPV fait la plupart du travail, la consommation d\u2019air et l\u2019effort physique sont beaucoup moins.<\/p>\n<p>En tant qu\u2019instructeur de sp\u00e9cialit\u00e9 DPV, vous enseignerez \u00e0 vos \u00e9l\u00e8ves plongeurs comment couvrir beaucoup de territoires sous-marins en peu de temps et vous amuser \u00e9norm\u00e9ment en le faisant.<\/p>\n<p><img decoding=\"async\" class=\"alignnone wp-image-1011 size-large\" src=\"https:\/\/idckohtao.com\/wp-content\/uploads\/2023\/08\/idc-koh-tao-padi-msdt-internship-dpv-specialty-1024x768.jpg\" alt=\"idc-koh-tao-padi-msdt-internship-dpv-specialty\" width=\"1024\" height=\"768\" srcset=\"https:\/\/idckohtao.com\/wp-content\/uploads\/2023\/08\/idc-koh-tao-padi-msdt-internship-dpv-specialty-1024x768.jpg 1024w, https:\/\/idckohtao.com\/wp-content\/uploads\/2023\/08\/idc-koh-tao-padi-msdt-internship-dpv-specialty-300x225.jpg 300w, https:\/\/idckohtao.com\/wp-content\/uploads\/2023\/08\/idc-koh-tao-padi-msdt-internship-dpv-specialty-768x576.jpg 768w, https:\/\/idckohtao.com\/wp-content\/uploads\/2023\/08\/idc-koh-tao-padi-msdt-internship-dpv-specialty.jpg 1080w\" sizes=\"(max-width: 1024px) 100vw, 1024px\" \/><\/p>\n<h3>Plongez avec des v\u00e9hicules \u00e0 propulsion autour de Koh Tao<\/h3>\n<p>La topographie sous-marine diversifi\u00e9e autour des sites de plong\u00e9e de Koh Tao est parfaite pour plonger avec DPV. Vos \u00e9l\u00e8ves plongeurs pourront survoler une multitude de r\u00e9cifs, naviguer autour de grands pinacles rocheux sur des sites de plong\u00e9e tels que Chumphon, Southwest ou le HTMS Sattakut.<\/p>\n<p>En tant qu\u2019instructeur du sp\u00e9cialit\u00e9 DPV PADI, vous enseignerez aux \u00e9l\u00e8ves plongeurs comment d\u00e9velopper efficacement les comp\u00e9tences li\u00e9es \u00e0 la plong\u00e9e avec un DPV dans les limites r\u00e9cr\u00e9atives, tout en \u00e9vitant de perturber la vie marine sensible locale.<\/p>\n<h3>Qui peut s\u2019inscrire au cours d\u2019instructeur du sp\u00e9cialit\u00e9 DPV PADI?<\/h3>\n<p>Un\u00a0<a href=\"https:\/\/idckohtao.com\/fr\/pro-level-courses\/padi-instructor-development-course\/\"><strong>Instructeur PADI (OWSI)<\/strong><\/a>\u00a0renouvel\u00e9<\/p>\n<p>Remarque: Les candidats IDC \/ OWSI peuvent participer au cours de formation d\u2019instructeur sp\u00e9cialis\u00e9 PADI DPV, mais ne peuvent demander la certification d\u2019instructeur sp\u00e9cialis\u00e9 qu\u2019apr\u00e8s avoir r\u00e9ussi l\u2019examen pour instructeur (IE).<\/p>\n<p>Les instructeurs sp\u00e9cialis\u00e9s DPV doivent avoir suivi un cours de formation suivi par un Directeur de cours PADI et avoir prouv\u00e9 leur exp\u00e9rience avant la certification. Il s\u2019agit d\u2019une exigence de sortie de cours.<\/p>\n<h3>Ce que vous apprendrez<\/h3>\n<p>Vous participerez aux sessions suivantes:<\/p>\n<ul>\n<li>Pr\u00e9senter et \u00eatre \u00e9valu\u00e9 sur une pr\u00e9sentation normative de la r\u00e9vision des connaissances du sp\u00e9cialit\u00e9 DPV<\/li>\n<li>Normes, proc\u00e9dures et programme d\u2019\u00e9tudes de la sp\u00e9cialit\u00e9 DPV PADI<\/li>\n<li>Comment organiser et animer le cours de sp\u00e9cialit\u00e9 DPV PADI<\/li>\n<li>Sessions de formation en eau libre \u2013 o\u00f9 vous apprendrez \u00e0 d\u00e9montrer, ex\u00e9cuter et \u00e9valuer les comp\u00e9tences de niveau \u00e9tudiant du cours de sp\u00e9cialit\u00e9 DPV PADI<\/li>\n<\/ul>\n<p>Vous terminerez les plong\u00e9es de formation en eau libre sur l\u2019un des nombreux sites de plong\u00e9e locaux adapt\u00e9s \u00e0 cette formation.<\/p>\n<p>En tant qu\u2019instructeur de sp\u00e9cialit\u00e9 PADI \u2018Diver Propulsion Vehicle\u2019, vous \u00eates certifi\u00e9 pour enseigner de mani\u00e8re ind\u00e9pendante le <strong>cours de sp\u00e9cialit\u00e9 PADI Diver Propulsion Vehicle (DPV)<\/strong><\/p>\n<p><img decoding=\"async\" class=\"alignnone wp-image-1012 size-large\" src=\"https:\/\/idckohtao.com\/wp-content\/uploads\/2023\/08\/idc-koh-tao-thailand-padi-dpv-specialties-msdt-1024x768.jpg\" alt=\"idc-koh-tao-thailand-padi-dpv-specialties-msdt\" width=\"1024\" height=\"768\" srcset=\"https:\/\/idckohtao.com\/wp-content\/uploads\/2023\/08\/idc-koh-tao-thailand-padi-dpv-specialties-msdt-1024x768.jpg 1024w, https:\/\/idckohtao.com\/wp-content\/uploads\/2023\/08\/idc-koh-tao-thailand-padi-dpv-specialties-msdt-300x225.jpg 300w, https:\/\/idckohtao.com\/wp-content\/uploads\/2023\/08\/idc-koh-tao-thailand-padi-dpv-specialties-msdt-768x576.jpg 768w, https:\/\/idckohtao.com\/wp-content\/uploads\/2023\/08\/idc-koh-tao-thailand-padi-dpv-specialties-msdt.jpg 1080w\" sizes=\"(max-width: 1024px) 100vw, 1024px\" \/>[\/vc_column_text][vc_column_text css=\u00a0\u00bb\u00a0\u00bb]<\/p>\n<h3>Mat\u00e9riaux PADI:<\/h3>\n<p><i>Veuillez apporter le mat\u00e9riel suivant avec votre manuel d\u2019instructeur de cours de sp\u00e9cialit\u00e9 PADI. Vous les avez re\u00e7ues dans le cadre du \u2018IDC Crewpack\u2019 pendant votre IDC.- Manuel de l\u2019instructeur des cours de sp\u00e9cialit\u00e9 PADI (CD-Rom)<\/i><\/p>\n<p><i><\/i>De plus, vous aurez besoin d\u2019une copie du manuel de l\u2019instructeur PADI. Depuis 2010, le manuel de l\u2019instructeur est disponible en t\u00e9l\u00e9chargement gratuit pour tous les membres PADI renouvel\u00e9s sur\u00a0<a href=\"https:\/\/www.padi.com\/mypadi\/\" target=\"_blank\" rel=\"noopener\">www.padi.com\/mypadi<\/a><\/p>\n<h3>Frais PADI<\/h3>\n<p>Instructeur du Sp\u00e9cialit\u00e9 DPV PADI frais de candidature: <strong>AUD$ 145<\/strong>[\/vc_column_text]<div class=\"text-left\"><div class=\"bt-course-price\"><h4>Course Price: 4,000 THB<\/h4><a href=\"https:\/\/idckohtao.com\/fr\/packages-prices\" class=\"button\">R\u00c9SERVATION EN LIGNE<\/a><\/div><\/div>[\/vc_column][\/vc_row]<\/p>\n<\/div>","protected":false},"excerpt":{"rendered":"<p>[vc_row][vc_column][vc_column_text] MSDT \u2013 Cours d\u2019instructeur sp\u00e9cialis\u00e9 PADI, Koh Tao, Tha\u00eflande Il existe de nombreux plongeurs qui ne peuvent pas couvrir l\u2019ensemble du site de plong\u00e9e en raison de la consommation d\u2019air ou ils veulent simplement voir un site de plong\u00e9e plus grand et rester dans leurs limites. Si c\u2019est vous, alors vous tomberez amoureux des [&hellip;]<\/p>\n","protected":false},"author":1,"featured_media":5253,"parent":7934,"menu_order":0,"comment_status":"closed","ping_status":"closed","template":"","meta":{"_acf_changed":false,"footnotes":""},"class_list":["post-3369","page","type-page","status-publish","has-post-thumbnail","hentry"],"acf":[],"yoast_head":"<!-- This site is optimized with the Yoast SEO Premium plugin v27.5 (Yoast SEO v27.5) - https:\/\/yoast.com\/product\/yoast-seo-premium-wordpress\/ -->\n<title>IDC Koh Tao | Cours sp\u00e9cialis\u00e9 PADI Diver Propulsion Vehicle<\/title>\n<meta name=\"description\" content=\"Le cours d&#039;instructeur sp\u00e9cialis\u00e9 de v\u00e9hicule de propulsion de plongeur PADI sur Koh Tao vous certifie d&#039;enseigner les comp\u00e9tences impliqu\u00e9es dans la plong\u00e9e avec un DPV dans les limites des loisirs\" \/>\n<meta name=\"robots\" content=\"index, follow, max-snippet:-1, max-image-preview:large, max-video-preview:-1\" \/>\n<link rel=\"canonical\" href=\"https:\/\/idckohtao.com\/fr\/pro-level-courses\/dpv-instructor-specialty\/\" \/>\n<meta property=\"og:locale\" content=\"fr_FR\" \/>\n<meta property=\"og:type\" content=\"article\" \/>\n<meta property=\"og:title\" content=\"IDC Koh Tao | Cours sp\u00e9cialis\u00e9 PADI Diver Propulsion Vehicle\" \/>\n<meta property=\"og:description\" content=\"Le cours d&#039;instructeur sp\u00e9cialis\u00e9 de v\u00e9hicule de propulsion de plongeur PADI sur Koh Tao vous certifie d&#039;enseigner les comp\u00e9tences impliqu\u00e9es dans la plong\u00e9e avec un DPV dans les limites des loisirs\" \/>\n<meta property=\"og:url\" content=\"https:\/\/idckohtao.com\/fr\/pro-level-courses\/dpv-instructor-specialty\/\" \/>\n<meta property=\"og:site_name\" content=\"IDC Koh Tao\" \/>\n<meta property=\"article:publisher\" content=\"https:\/\/www.facebook.com\/GoProIDCKohTao\" \/>\n<meta property=\"article:modified_time\" content=\"2026-01-01T07:08:21+00:00\" \/>\n<meta property=\"og:image\" content=\"https:\/\/idckohtao.com\/wp-content\/uploads\/2023\/09\/idckohtao.com-dpv-diver-specialty-koh-tao-in-thailand.jpeg\" \/>\n\t<meta property=\"og:image:width\" content=\"1100\" \/>\n\t<meta property=\"og:image:height\" content=\"749\" \/>\n\t<meta property=\"og:image:type\" content=\"image\/jpeg\" \/>\n<meta name=\"twitter:card\" content=\"summary_large_image\" \/>\n<meta name=\"twitter:title\" content=\"IDC Koh Tao | Cours sp\u00e9cialis\u00e9 PADI Diver Propulsion Vehicle\" \/>\n<meta name=\"twitter:description\" content=\"Le cours d&#039;instructeur sp\u00e9cialis\u00e9 de v\u00e9hicule de propulsion de plongeur PADI sur Koh Tao vous certifie d&#039;enseigner les comp\u00e9tences impliqu\u00e9es dans la plong\u00e9e avec un DPV dans les limites des loisirs\" \/>\n<meta name=\"twitter:site\" content=\"@GoProIDCKohTao\" \/>\n<!-- \/ Yoast SEO Premium plugin. -->","yoast_head_json":{"title":"IDC Koh Tao | Cours sp\u00e9cialis\u00e9 PADI Diver Propulsion Vehicle","description":"Le cours d'instructeur sp\u00e9cialis\u00e9 de v\u00e9hicule de propulsion de plongeur PADI sur Koh Tao vous certifie d'enseigner les comp\u00e9tences impliqu\u00e9es dans la plong\u00e9e avec un DPV dans les limites des loisirs","robots":{"index":"index","follow":"follow","max-snippet":"max-snippet:-1","max-image-preview":"max-image-preview:large","max-video-preview":"max-video-preview:-1"},"canonical":"https:\/\/idckohtao.com\/fr\/pro-level-courses\/dpv-instructor-specialty\/","og_locale":"fr_FR","og_type":"article","og_title":"IDC Koh Tao | Cours sp\u00e9cialis\u00e9 PADI Diver Propulsion Vehicle","og_description":"Le cours d'instructeur sp\u00e9cialis\u00e9 de v\u00e9hicule de propulsion de plongeur PADI sur Koh Tao vous certifie d'enseigner les comp\u00e9tences impliqu\u00e9es dans la plong\u00e9e avec un DPV dans les limites des loisirs","og_url":"https:\/\/idckohtao.com\/fr\/pro-level-courses\/dpv-instructor-specialty\/","og_site_name":"IDC Koh Tao","article_publisher":"https:\/\/www.facebook.com\/GoProIDCKohTao","article_modified_time":"2026-01-01T07:08:21+00:00","og_image":[{"width":1100,"height":749,"url":"https:\/\/idckohtao.com\/wp-content\/uploads\/2023\/09\/idckohtao.com-dpv-diver-specialty-koh-tao-in-thailand.jpeg","type":"image\/jpeg"}],"twitter_card":"summary_large_image","twitter_title":"IDC Koh Tao | Cours sp\u00e9cialis\u00e9 PADI Diver Propulsion Vehicle","twitter_description":"Le cours d'instructeur sp\u00e9cialis\u00e9 de v\u00e9hicule de propulsion de plongeur PADI sur Koh Tao vous certifie d'enseigner les comp\u00e9tences impliqu\u00e9es dans la plong\u00e9e avec un DPV dans les limites des loisirs","twitter_site":"@GoProIDCKohTao","schema":{"@context":"https:\/\/schema.org","@graph":[{"@type":"NewsArticle","@id":"https:\/\/idckohtao.com\/fr\/pro-level-courses\/dpv-instructor-specialty\/#article","isPartOf":{"@id":"https:\/\/idckohtao.com\/fr\/pro-level-courses\/dpv-instructor-specialty\/"},"author":{"name":"ojasya","@id":"https:\/\/idckohtao.com\/fr\/#\/schema\/person\/d08d557cbfdbc171f824052dae697b02"},"headline":"Sp\u00e9cialit\u00e9 D&rsquo; Instructeur DPV","datePublished":"2023-08-11T09:38:13+00:00","dateModified":"2026-01-01T07:08:21+00:00","mainEntityOfPage":{"@id":"https:\/\/idckohtao.com\/fr\/pro-level-courses\/dpv-instructor-specialty\/"},"wordCount":636,"publisher":{"@id":"https:\/\/idckohtao.com\/fr\/#organization"},"image":{"@id":"https:\/\/idckohtao.com\/fr\/pro-level-courses\/dpv-instructor-specialty\/#primaryimage"},"thumbnailUrl":"https:\/\/idckohtao.com\/wp-content\/uploads\/2023\/09\/idckohtao.com-dpv-diver-specialty-koh-tao-in-thailand.jpeg","inLanguage":"fr-FR"},{"@type":"WebPage","@id":"https:\/\/idckohtao.com\/fr\/pro-level-courses\/dpv-instructor-specialty\/","url":"https:\/\/idckohtao.com\/fr\/pro-level-courses\/dpv-instructor-specialty\/","name":"IDC Koh Tao | Cours sp\u00e9cialis\u00e9 PADI Diver Propulsion Vehicle","isPartOf":{"@id":"https:\/\/idckohtao.com\/fr\/#website"},"primaryImageOfPage":{"@id":"https:\/\/idckohtao.com\/fr\/pro-level-courses\/dpv-instructor-specialty\/#primaryimage"},"image":{"@id":"https:\/\/idckohtao.com\/fr\/pro-level-courses\/dpv-instructor-specialty\/#primaryimage"},"thumbnailUrl":"https:\/\/idckohtao.com\/wp-content\/uploads\/2023\/09\/idckohtao.com-dpv-diver-specialty-koh-tao-in-thailand.jpeg","datePublished":"2023-08-11T09:38:13+00:00","dateModified":"2026-01-01T07:08:21+00:00","description":"Le cours d'instructeur sp\u00e9cialis\u00e9 de v\u00e9hicule de propulsion de plongeur PADI sur Koh Tao vous certifie d'enseigner les comp\u00e9tences impliqu\u00e9es dans la plong\u00e9e avec un DPV dans les limites des loisirs","breadcrumb":{"@id":"https:\/\/idckohtao.com\/fr\/pro-level-courses\/dpv-instructor-specialty\/#breadcrumb"},"inLanguage":"fr-FR","potentialAction":[{"@type":"ReadAction","target":["https:\/\/idckohtao.com\/fr\/pro-level-courses\/dpv-instructor-specialty\/"]}]},{"@type":"ImageObject","inLanguage":"fr-FR","@id":"https:\/\/idckohtao.com\/fr\/pro-level-courses\/dpv-instructor-specialty\/#primaryimage","url":"https:\/\/idckohtao.com\/wp-content\/uploads\/2023\/09\/idckohtao.com-dpv-diver-specialty-koh-tao-in-thailand.jpeg","contentUrl":"https:\/\/idckohtao.com\/wp-content\/uploads\/2023\/09\/idckohtao.com-dpv-diver-specialty-koh-tao-in-thailand.jpeg","width":1100,"height":749,"caption":"OLYMPUS DIGITAL CAMERA"},{"@type":"BreadcrumbList","@id":"https:\/\/idckohtao.com\/fr\/pro-level-courses\/dpv-instructor-specialty\/#breadcrumb","itemListElement":[{"@type":"ListItem","position":1,"name":"Home","item":"https:\/\/idckohtao.com\/fr\/"},{"@type":"ListItem","position":2,"name":"Pro level","item":"https:\/\/idckohtao.com\/fr\/pro-level-courses\/"},{"@type":"ListItem","position":3,"name":"Sp\u00e9cialit\u00e9 D&rsquo; Instructeur DPV"}]},{"@type":"WebSite","@id":"https:\/\/idckohtao.com\/fr\/#website","url":"https:\/\/idckohtao.com\/fr\/","name":"IDC Koh Tao","description":"PADI IDC 5 Star Diving Center in Koh Tao - Thailand","publisher":{"@id":"https:\/\/idckohtao.com\/fr\/#organization"},"alternateName":"IDC Koh Tao in Thailand","potentialAction":[{"@type":"SearchAction","target":{"@type":"EntryPoint","urlTemplate":"https:\/\/idckohtao.com\/fr\/?s={search_term_string}"},"query-input":{"@type":"PropertyValueSpecification","valueRequired":true,"valueName":"search_term_string"}}],"inLanguage":"fr-FR"},{"@type":"Organization","@id":"https:\/\/idckohtao.com\/fr\/#organization","name":"IDC Koh Tao","alternateName":"IDC Koh Tao | Divemaster & Diving Instructor","url":"https:\/\/idckohtao.com\/fr\/","logo":{"@type":"ImageObject","inLanguage":"fr-FR","@id":"https:\/\/idckohtao.com\/fr\/#\/schema\/logo\/image\/","url":"https:\/\/idckohtao.com\/wp-content\/uploads\/2023\/09\/idckohtao.com-padi-diving-center-in-koh-tao-thailand.png","contentUrl":"https:\/\/idckohtao.com\/wp-content\/uploads\/2023\/09\/idckohtao.com-padi-diving-center-in-koh-tao-thailand.png","width":400,"height":300,"caption":"IDC Koh Tao"},"image":{"@id":"https:\/\/idckohtao.com\/fr\/#\/schema\/logo\/image\/"},"sameAs":["https:\/\/www.facebook.com\/GoProIDCKohTao","https:\/\/x.com\/GoProIDCKohTao","https:\/\/www.youtube.com\/idckohtao","https:\/\/www.instagram.com\/idc.kohtao\/"],"description":"IDC Koh Tao is a part of the Black Turtle Dive pro level training team with three PADI Course Directors being led by Award Winning PADI Course Director Matt Bolton. Our full range of pro and recreational PADI Diving Courses provides aspiring scuba divers with education, fun, excitement, adventure, and a change of lifestyle or an opportunity to pursue a new career.","email":"info@idckohtao.com","legalName":"IDC Koh Tao","foundingDate":"2004-01-04","numberOfEmployees":{"@type":"QuantitativeValue","minValue":"1","maxValue":"10"},"correctionsPolicy":"https:\/\/idckohtao.com\/privacy-policy\/","ethicsPolicy":"https:\/\/idckohtao.com\/terms\/"},{"@type":"Person","@id":"https:\/\/idckohtao.com\/fr\/#\/schema\/person\/d08d557cbfdbc171f824052dae697b02","name":"ojasya","image":{"@type":"ImageObject","inLanguage":"fr-FR","@id":"https:\/\/secure.gravatar.com\/avatar\/6fb34e36d09053a6545fc21d344613321bb1933f185132488f38052166f5a001?s=96&d=mm&r=g","url":"https:\/\/secure.gravatar.com\/avatar\/6fb34e36d09053a6545fc21d344613321bb1933f185132488f38052166f5a001?s=96&d=mm&r=g","contentUrl":"https:\/\/secure.gravatar.com\/avatar\/6fb34e36d09053a6545fc21d344613321bb1933f185132488f38052166f5a001?s=96&d=mm&r=g","caption":"ojasya"},"sameAs":["https:\/\/idckohtao.com"],"url":"https:\/\/idckohtao.com\/fr\/blog\/author\/ojasya\/"}]}},"_links":{"self":[{"href":"https:\/\/idckohtao.com\/fr\/wp-json\/wp\/v2\/pages\/3369","targetHints":{"allow":["GET"]}}],"collection":[{"href":"https:\/\/idckohtao.com\/fr\/wp-json\/wp\/v2\/pages"}],"about":[{"href":"https:\/\/idckohtao.com\/fr\/wp-json\/wp\/v2\/types\/page"}],"author":[{"embeddable":true,"href":"https:\/\/idckohtao.com\/fr\/wp-json\/wp\/v2\/users\/1"}],"replies":[{"embeddable":true,"href":"https:\/\/idckohtao.com\/fr\/wp-json\/wp\/v2\/comments?post=3369"}],"version-history":[{"count":2,"href":"https:\/\/idckohtao.com\/fr\/wp-json\/wp\/v2\/pages\/3369\/revisions"}],"predecessor-version":[{"id":7543,"href":"https:\/\/idckohtao.com\/fr\/wp-json\/wp\/v2\/pages\/3369\/revisions\/7543"}],"up":[{"embeddable":true,"href":"https:\/\/idckohtao.com\/fr\/wp-json\/wp\/v2\/pages\/7934"}],"wp:featuredmedia":[{"embeddable":true,"href":"https:\/\/idckohtao.com\/fr\/wp-json\/wp\/v2\/media\/5253"}],"wp:attachment":[{"href":"https:\/\/idckohtao.com\/fr\/wp-json\/wp\/v2\/media?parent=3369"}],"curies":[{"name":"wp","href":"https:\/\/api.w.org\/{rel}","templated":true}]}}