{"id":3372,"date":"2023-08-05T15:07:52","date_gmt":"2023-08-05T15:07:52","guid":{"rendered":"https:\/\/idckohtao.com\/emergency-first-response-course\/"},"modified":"2026-04-22T07:33:38","modified_gmt":"2026-04-22T07:33:38","slug":"emergency-first-response-course","status":"publish","type":"page","link":"https:\/\/idckohtao.com\/fr\/emergency-first-response-course\/","title":{"rendered":"Cours de premi\u00e8re intervention d&rsquo;urgence"},"content":{"rendered":"<div class=\"wpb-content-wrapper\"><p>[vc_row][vc_column][vc_column_text]<\/p>\n<h2>Terminez un cours de premiers soins et de RCR en EFR \u00e0 Koh Tao<\/h2>\n<p>Que ce soit sur votre lieu de travail et \u00e0 la maison ou m\u00eame lorsque vous socialisez, vous ne savez jamais quand quelqu\u2019un peut avoir besoin de votre aide. Cependant, si vous en avez besoin, serez-vous pr\u00eat?<\/p>\n<p>Inscrivez-vous pour suivre un cours de premiers soins et de RCP en EFR et soyez pr\u00eat \u00e0 aider les autres en cas d\u2019urgence m\u00e9dicale.<\/p>\n<p>Le cours cr\u00e9era la confiance et les comp\u00e9tences dont vous aurez besoin pour faire la diff\u00e9rence en cas de besoin.<\/p>\n<p><img decoding=\"async\" class=\"alignnone wp-image-215 size-large\" src=\"https:\/\/idckohtao.com\/wp-content\/uploads\/2023\/08\/crystal-dive-koh-tao-efr-instructor-training-annie-1024x768.jpg\" alt=\"crystal-dive-koh-tao-efr-instructor-training-annie\" width=\"1024\" height=\"768\" srcset=\"https:\/\/idckohtao.com\/wp-content\/uploads\/2023\/08\/crystal-dive-koh-tao-efr-instructor-training-annie-1024x768.jpg 1024w, https:\/\/idckohtao.com\/wp-content\/uploads\/2023\/08\/crystal-dive-koh-tao-efr-instructor-training-annie-300x225.jpg 300w, https:\/\/idckohtao.com\/wp-content\/uploads\/2023\/08\/crystal-dive-koh-tao-efr-instructor-training-annie-768x576.jpg 768w, https:\/\/idckohtao.com\/wp-content\/uploads\/2023\/08\/crystal-dive-koh-tao-efr-instructor-training-annie.jpg 1080w\" sizes=\"(max-width: 1024px) 100vw, 1024px\" \/><\/p>\n<h3>Ce que vous pouvez attendre du cours EFR First Aid &amp; CPR<\/h3>\n<ul>\n<li>Apprenez \u00e0 identifier une urgence m\u00e9dicale et \u00e0 activer l\u2019EMS<\/li>\n<li>Reconna\u00eetre les signes et sympt\u00f4mes d\u2019un accident vasculaire c\u00e9r\u00e9bral, d\u2019une crise cardiaque et d\u2019un arr\u00eat cardiaque<\/li>\n<li>Comprendre comment effectuer une \u00e9valuation primaire sur un patient \u00e0 l\u2019aide du syst\u00e8me AB-CABS<\/li>\n<li>Apprendre les bonnes techniques et avoir l\u2019occasion de pratiquer la RCP pour adultes ainsi que la fa\u00e7on de traiter et de g\u00e9rer les saignements graves, les chocs, l\u2019\u00e9touffement et la gestion d\u2019une blessure \u00e0 la colonne vert\u00e9brale<\/li>\n<li>Apprendre et effectuer des \u00e9valuations des blessures et des maladies, des bandages, des blessures aux attelles et des techniques d\u2019immobilisation.<\/li>\n<\/ul>\n<p>Le cours EFR CPR \/ First Aid suit les consid\u00e9rations, directives et protocoles ILCOR approuv\u00e9s au niveau international et est ouvert aux\u00a0<a href=\"https:\/\/idckohtao.com\/fr\/fun-diving-koh-tao\/\">plongeurs<\/a>\u00a0et aux non-plongeurs.<\/p>\n<h3>D\u00e9veloppement des connaissances en secourisme et RCP (EFR)<\/h3>\n<p>Vous regarderez une vid\u00e9o et parcourrez le manuel du participant EFR qui comprend une section d\u2019\u00e9tude ind\u00e9pendante et un cahier d\u2019exercices.<\/p>\n<p>\u00c0 la toute fin du cours, vous devrez terminer et r\u00e9ussir un examen final.<\/p>\n<p>Le cours EFR First Aid &amp; CPR vous apprendra les techniques correctes pour g\u00e9rer les urgences potentiellement mortelles ainsi que la fa\u00e7on de hi\u00e9rarchiser les proc\u00e9dures d\u2019urgence et de surveiller le cycle de soins des patients.[\/vc_column_text]<div class=\"text-left\"><h3 class=\"section-title\">D\u00e9veloppement des comp\u00e9tences en secourisme et RCP (EFR)<\/h3><div class=\"bt-course-price\"><h4>Prix du cours: 5,000 THB<\/h4><a href=\"https:\/\/idckohtao.com\/fr\/contact\" class=\"button\">R\u00c9SERVATION EN LIGNE<\/a><\/div><\/div>[vc_column_text]Le cours EFR comprend 9 comp\u00e9tences en soins primaires et 4 comp\u00e9tences en soins secondaires ou en premiers soins. Le cours comprend \u00e9galement\u00a0<a href=\"https:\/\/idckohtao.com\/fr\/pro-level-courses\/padi-emergency-o2-provider-specialty-instructor-course\/\">l\u2019administration d\u2019oxyg\u00e8ne<\/a>\u00a0et l\u2019utilisation du DEA.<\/p>\n<p>Apr\u00e8s avoir regard\u00e9 les comp\u00e9tences sur la vid\u00e9o, votre\u00a0<a href=\"https:\/\/idckohtao.com\/fr\/pro-level-courses\/padi-instructor-development-course\/\">instructeur EFR<\/a>\u00a0d\u00e9montrera chacune des comp\u00e9tences avant de vous demander de pratiquer.<\/p>\n<p>Les comp\u00e9tences sont introduites en \u00e9tapes simples, ce qui signifie que vous trouverez chaque comp\u00e9tence facile \u00e0 m\u00e9moriser et \u00e0 utiliser si vous \u00eates confront\u00e9 \u00e0 une personne dans le besoin.<\/p>\n<p>Les comp\u00e9tences primaires et secondaires que vous apprendrez comprennent:<\/p>\n<ul>\n<li>\u00c9valuation des lieux de soins primaires et situations dangereuses<\/li>\n<li>Utilisation des barri\u00e8res et protection contre les maladies transmissibles (agents pathog\u00e8nes transmissibles par le sang)<\/li>\n<li>\u00c9valuation primaire, position de r\u00e9cup\u00e9ration et gestion des voies a\u00e9riennes<\/li>\n<li>RCP pour adultes \u2013 compressions thoraciques uniquement<\/li>\n<li>RCP pour adultes \u2013 compressions thoraciques avec respirations de sauvetage<\/li>\n<li>Gestion des saignements graves<\/li>\n<li>Gestion des chocs<\/li>\n<li>Gestion des blessures \u00e0 la colonne vert\u00e9brale<\/li>\n<li>Techniques d\u2019\u00e9touffement des adultes conscients et inconscients<\/li>\n<li>\u00c9valuation des maladies et des blessures en soins secondaires<\/li>\n<li>Bandages et attelles, luxations et fractures<\/li>\n<\/ul>\n<p>Les comp\u00e9tences optionnelles que nous vous montrerons incluent l\u2019administration de l\u2019oxyg\u00e8ne et l\u2019utilisation du DEA.<\/p>\n<p>Apr\u00e8s avoir\u00a0<a href=\"https:\/\/idckohtao.com\/fr\/\">r\u00e9ussi toutes les exigences<\/a>\u00a0de performance et l\u2019examen final, vous serez certifi\u00e9 en secourisme et RCP pendant 24 mois.<\/p>\n<h3>Le cours comprend:<\/h3>\n<ul>\n<li>Manuel du participant EFR et certification EFR<\/li>\n<li>Instructeur EFR<\/li>\n<\/ul>\n<p>OBTENEZ LA FORMATION ICI<\/p>\n<p><img decoding=\"async\" class=\"alignnone wp-image-216 size-large\" src=\"https:\/\/idckohtao.com\/wp-content\/uploads\/2023\/08\/idckohtao.com-padi-instructor-development-course-and-scuba-diving-internship-on-kohtao-instructor-efr-course-1024x683.jpg\" alt=\"idckohtao.com-padi-instructor-development-course-and-scuba-diving-internship-on-kohtao-instructor-efr-course\" width=\"1024\" height=\"683\" srcset=\"https:\/\/idckohtao.com\/wp-content\/uploads\/2023\/08\/idckohtao.com-padi-instructor-development-course-and-scuba-diving-internship-on-kohtao-instructor-efr-course-1024x683.jpg 1024w, https:\/\/idckohtao.com\/wp-content\/uploads\/2023\/08\/idckohtao.com-padi-instructor-development-course-and-scuba-diving-internship-on-kohtao-instructor-efr-course-300x200.jpg 300w, https:\/\/idckohtao.com\/wp-content\/uploads\/2023\/08\/idckohtao.com-padi-instructor-development-course-and-scuba-diving-internship-on-kohtao-instructor-efr-course-768x512.jpg 768w, https:\/\/idckohtao.com\/wp-content\/uploads\/2023\/08\/idckohtao.com-padi-instructor-development-course-and-scuba-diving-internship-on-kohtao-instructor-efr-course.jpg 1080w\" sizes=\"(max-width: 1024px) 100vw, 1024px\" \/>[\/vc_column_text][\/vc_column][\/vc_row]<\/p>\n<\/div>","protected":false},"excerpt":{"rendered":"<p>[vc_row][vc_column][vc_column_text] Terminez un cours de premiers soins et de RCR en EFR \u00e0 Koh Tao Que ce soit sur votre lieu de travail et \u00e0 la maison ou m\u00eame lorsque vous socialisez, vous ne savez jamais quand quelqu\u2019un peut avoir besoin de votre aide. Cependant, si vous en avez besoin, serez-vous pr\u00eat? Inscrivez-vous pour suivre [&hellip;]<\/p>\n","protected":false},"author":1,"featured_media":4771,"parent":0,"menu_order":0,"comment_status":"closed","ping_status":"closed","template":"","meta":{"_acf_changed":false,"footnotes":""},"class_list":["post-3372","page","type-page","status-publish","has-post-thumbnail","hentry"],"acf":[],"yoast_head":"<!-- This site is optimized with the Yoast SEO Premium plugin v27.5 (Yoast SEO v27.5) - https:\/\/yoast.com\/product\/yoast-seo-premium-wordpress\/ -->\n<title>Premiers soins d&#039;urgence et RCP | IDC Koh Tao<\/title>\n<meta name=\"description\" content=\"Suivez un cours de premiers soins et de RCP (EFR) et soyez pr\u00eat \u00e0 aider les autres en cas d&#039;urgence m\u00e9dicale et \u00e0 acqu\u00e9rir les comp\u00e9tences dont vous avez besoin pour faire la diff\u00e9rence\" \/>\n<meta name=\"robots\" content=\"index, follow, max-snippet:-1, max-image-preview:large, max-video-preview:-1\" \/>\n<link rel=\"canonical\" href=\"https:\/\/idckohtao.com\/fr\/emergency-first-response-course\/\" \/>\n<meta property=\"og:locale\" content=\"fr_FR\" \/>\n<meta property=\"og:type\" content=\"article\" \/>\n<meta property=\"og:title\" content=\"Premiers soins d&#039;urgence et RCP | IDC Koh Tao\" \/>\n<meta property=\"og:description\" content=\"Suivez un cours de premiers soins et de RCP (EFR) et soyez pr\u00eat \u00e0 aider les autres en cas d&#039;urgence m\u00e9dicale et \u00e0 acqu\u00e9rir les comp\u00e9tences dont vous avez besoin pour faire la diff\u00e9rence\" \/>\n<meta property=\"og:url\" content=\"https:\/\/idckohtao.com\/fr\/emergency-first-response-course\/\" \/>\n<meta property=\"og:site_name\" content=\"IDC Koh Tao\" \/>\n<meta property=\"article:publisher\" content=\"https:\/\/www.facebook.com\/GoProIDCKohTao\" \/>\n<meta property=\"article:modified_time\" content=\"2026-04-22T07:33:38+00:00\" \/>\n<meta property=\"og:image\" content=\"https:\/\/idckohtao.com\/wp-content\/uploads\/2023\/08\/crystal-dive-koh-tao-efr-training-mask.jpg\" \/>\n\t<meta property=\"og:image:width\" content=\"1080\" \/>\n\t<meta property=\"og:image:height\" content=\"720\" \/>\n\t<meta property=\"og:image:type\" content=\"image\/jpeg\" \/>\n<meta name=\"twitter:card\" content=\"summary_large_image\" \/>\n<meta name=\"twitter:title\" content=\"Premiers soins d&#039;urgence et RCP | IDC Koh Tao\" \/>\n<meta name=\"twitter:description\" content=\"Suivez un cours de premiers soins et de RCP (EFR) et soyez pr\u00eat \u00e0 aider les autres en cas d&#039;urgence m\u00e9dicale et \u00e0 acqu\u00e9rir les comp\u00e9tences dont vous avez besoin pour faire la diff\u00e9rence\" \/>\n<meta name=\"twitter:image\" content=\"https:\/\/idckohtao.com\/wp-content\/uploads\/2023\/08\/crystal-dive-koh-tao-efr-training-mask.jpg\" \/>\n<meta name=\"twitter:site\" content=\"@GoProIDCKohTao\" \/>\n<!-- \/ Yoast SEO Premium plugin. -->","yoast_head_json":{"title":"Premiers soins d'urgence et RCP | IDC Koh Tao","description":"Suivez un cours de premiers soins et de RCP (EFR) et soyez pr\u00eat \u00e0 aider les autres en cas d'urgence m\u00e9dicale et \u00e0 acqu\u00e9rir les comp\u00e9tences dont vous avez besoin pour faire la diff\u00e9rence","robots":{"index":"index","follow":"follow","max-snippet":"max-snippet:-1","max-image-preview":"max-image-preview:large","max-video-preview":"max-video-preview:-1"},"canonical":"https:\/\/idckohtao.com\/fr\/emergency-first-response-course\/","og_locale":"fr_FR","og_type":"article","og_title":"Premiers soins d'urgence et RCP | IDC Koh Tao","og_description":"Suivez un cours de premiers soins et de RCP (EFR) et soyez pr\u00eat \u00e0 aider les autres en cas d'urgence m\u00e9dicale et \u00e0 acqu\u00e9rir les comp\u00e9tences dont vous avez besoin pour faire la diff\u00e9rence","og_url":"https:\/\/idckohtao.com\/fr\/emergency-first-response-course\/","og_site_name":"IDC Koh Tao","article_publisher":"https:\/\/www.facebook.com\/GoProIDCKohTao","article_modified_time":"2026-04-22T07:33:38+00:00","og_image":[{"width":1080,"height":720,"url":"https:\/\/idckohtao.com\/wp-content\/uploads\/2023\/08\/crystal-dive-koh-tao-efr-training-mask.jpg","type":"image\/jpeg"}],"twitter_card":"summary_large_image","twitter_title":"Premiers soins d'urgence et RCP | IDC Koh Tao","twitter_description":"Suivez un cours de premiers soins et de RCP (EFR) et soyez pr\u00eat \u00e0 aider les autres en cas d'urgence m\u00e9dicale et \u00e0 acqu\u00e9rir les comp\u00e9tences dont vous avez besoin pour faire la diff\u00e9rence","twitter_image":"https:\/\/idckohtao.com\/wp-content\/uploads\/2023\/08\/crystal-dive-koh-tao-efr-training-mask.jpg","twitter_site":"@GoProIDCKohTao","schema":{"@context":"https:\/\/schema.org","@graph":[{"@type":"NewsArticle","@id":"https:\/\/idckohtao.com\/fr\/emergency-first-response-course\/#article","isPartOf":{"@id":"https:\/\/idckohtao.com\/fr\/emergency-first-response-course\/"},"author":{"name":"ojasya","@id":"https:\/\/idckohtao.com\/fr\/#\/schema\/person\/d08d557cbfdbc171f824052dae697b02"},"headline":"Cours de premi\u00e8re intervention d&rsquo;urgence","datePublished":"2023-08-05T15:07:52+00:00","dateModified":"2026-04-22T07:33:38+00:00","mainEntityOfPage":{"@id":"https:\/\/idckohtao.com\/fr\/emergency-first-response-course\/"},"wordCount":639,"publisher":{"@id":"https:\/\/idckohtao.com\/fr\/#organization"},"image":{"@id":"https:\/\/idckohtao.com\/fr\/emergency-first-response-course\/#primaryimage"},"thumbnailUrl":"https:\/\/idckohtao.com\/wp-content\/uploads\/2023\/09\/idckohtao.com-emergency-first-response-dive-instructor-course-in-thailand.jpeg","inLanguage":"fr-FR"},{"@type":"WebPage","@id":"https:\/\/idckohtao.com\/fr\/emergency-first-response-course\/","url":"https:\/\/idckohtao.com\/fr\/emergency-first-response-course\/","name":"Premiers soins d'urgence et RCP | IDC Koh Tao","isPartOf":{"@id":"https:\/\/idckohtao.com\/fr\/#website"},"primaryImageOfPage":{"@id":"https:\/\/idckohtao.com\/fr\/emergency-first-response-course\/#primaryimage"},"image":{"@id":"https:\/\/idckohtao.com\/fr\/emergency-first-response-course\/#primaryimage"},"thumbnailUrl":"https:\/\/idckohtao.com\/wp-content\/uploads\/2023\/09\/idckohtao.com-emergency-first-response-dive-instructor-course-in-thailand.jpeg","datePublished":"2023-08-05T15:07:52+00:00","dateModified":"2026-04-22T07:33:38+00:00","description":"Suivez un cours de premiers soins et de RCP (EFR) et soyez pr\u00eat \u00e0 aider les autres en cas d'urgence m\u00e9dicale et \u00e0 acqu\u00e9rir les comp\u00e9tences dont vous avez besoin pour faire la diff\u00e9rence","breadcrumb":{"@id":"https:\/\/idckohtao.com\/fr\/emergency-first-response-course\/#breadcrumb"},"inLanguage":"fr-FR","potentialAction":[{"@type":"ReadAction","target":["https:\/\/idckohtao.com\/fr\/emergency-first-response-course\/"]}]},{"@type":"ImageObject","inLanguage":"fr-FR","@id":"https:\/\/idckohtao.com\/fr\/emergency-first-response-course\/#primaryimage","url":"https:\/\/idckohtao.com\/wp-content\/uploads\/2023\/09\/idckohtao.com-emergency-first-response-dive-instructor-course-in-thailand.jpeg","contentUrl":"https:\/\/idckohtao.com\/wp-content\/uploads\/2023\/09\/idckohtao.com-emergency-first-response-dive-instructor-course-in-thailand.jpeg","width":1200,"height":900,"caption":"EFR First Aid & CPR course on Koh Tao"},{"@type":"BreadcrumbList","@id":"https:\/\/idckohtao.com\/fr\/emergency-first-response-course\/#breadcrumb","itemListElement":[{"@type":"ListItem","position":1,"name":"Home","item":"https:\/\/idckohtao.com\/fr\/"},{"@type":"ListItem","position":2,"name":"Cours de premi\u00e8re intervention d&rsquo;urgence"}]},{"@type":"WebSite","@id":"https:\/\/idckohtao.com\/fr\/#website","url":"https:\/\/idckohtao.com\/fr\/","name":"IDC Koh Tao","description":"PADI IDC 5 Star Diving Center in Koh Tao - Thailand","publisher":{"@id":"https:\/\/idckohtao.com\/fr\/#organization"},"alternateName":"IDC Koh Tao in Thailand","potentialAction":[{"@type":"SearchAction","target":{"@type":"EntryPoint","urlTemplate":"https:\/\/idckohtao.com\/fr\/?s={search_term_string}"},"query-input":{"@type":"PropertyValueSpecification","valueRequired":true,"valueName":"search_term_string"}}],"inLanguage":"fr-FR"},{"@type":"Organization","@id":"https:\/\/idckohtao.com\/fr\/#organization","name":"IDC Koh Tao","alternateName":"IDC Koh Tao | Divemaster & Diving Instructor","url":"https:\/\/idckohtao.com\/fr\/","logo":{"@type":"ImageObject","inLanguage":"fr-FR","@id":"https:\/\/idckohtao.com\/fr\/#\/schema\/logo\/image\/","url":"https:\/\/idckohtao.com\/wp-content\/uploads\/2023\/09\/idckohtao.com-padi-diving-center-in-koh-tao-thailand.png","contentUrl":"https:\/\/idckohtao.com\/wp-content\/uploads\/2023\/09\/idckohtao.com-padi-diving-center-in-koh-tao-thailand.png","width":400,"height":300,"caption":"IDC Koh Tao"},"image":{"@id":"https:\/\/idckohtao.com\/fr\/#\/schema\/logo\/image\/"},"sameAs":["https:\/\/www.facebook.com\/GoProIDCKohTao","https:\/\/x.com\/GoProIDCKohTao","https:\/\/www.youtube.com\/idckohtao","https:\/\/www.instagram.com\/idc.kohtao\/"],"description":"IDC Koh Tao is a part of the Black Turtle Dive pro level training team with three PADI Course Directors being led by Award Winning PADI Course Director Matt Bolton. Our full range of pro and recreational PADI Diving Courses provides aspiring scuba divers with education, fun, excitement, adventure, and a change of lifestyle or an opportunity to pursue a new career.","email":"info@idckohtao.com","legalName":"IDC Koh Tao","foundingDate":"2004-01-04","numberOfEmployees":{"@type":"QuantitativeValue","minValue":"1","maxValue":"10"},"correctionsPolicy":"https:\/\/idckohtao.com\/privacy-policy\/","ethicsPolicy":"https:\/\/idckohtao.com\/terms\/"},{"@type":"Person","@id":"https:\/\/idckohtao.com\/fr\/#\/schema\/person\/d08d557cbfdbc171f824052dae697b02","name":"ojasya","image":{"@type":"ImageObject","inLanguage":"fr-FR","@id":"https:\/\/secure.gravatar.com\/avatar\/6fb34e36d09053a6545fc21d344613321bb1933f185132488f38052166f5a001?s=96&d=mm&r=g","url":"https:\/\/secure.gravatar.com\/avatar\/6fb34e36d09053a6545fc21d344613321bb1933f185132488f38052166f5a001?s=96&d=mm&r=g","contentUrl":"https:\/\/secure.gravatar.com\/avatar\/6fb34e36d09053a6545fc21d344613321bb1933f185132488f38052166f5a001?s=96&d=mm&r=g","caption":"ojasya"},"sameAs":["https:\/\/idckohtao.com"],"url":"https:\/\/idckohtao.com\/fr\/blog\/author\/ojasya\/"}]}},"_links":{"self":[{"href":"https:\/\/idckohtao.com\/fr\/wp-json\/wp\/v2\/pages\/3372","targetHints":{"allow":["GET"]}}],"collection":[{"href":"https:\/\/idckohtao.com\/fr\/wp-json\/wp\/v2\/pages"}],"about":[{"href":"https:\/\/idckohtao.com\/fr\/wp-json\/wp\/v2\/types\/page"}],"author":[{"embeddable":true,"href":"https:\/\/idckohtao.com\/fr\/wp-json\/wp\/v2\/users\/1"}],"replies":[{"embeddable":true,"href":"https:\/\/idckohtao.com\/fr\/wp-json\/wp\/v2\/comments?post=3372"}],"version-history":[{"count":1,"href":"https:\/\/idckohtao.com\/fr\/wp-json\/wp\/v2\/pages\/3372\/revisions"}],"predecessor-version":[{"id":7749,"href":"https:\/\/idckohtao.com\/fr\/wp-json\/wp\/v2\/pages\/3372\/revisions\/7749"}],"wp:featuredmedia":[{"embeddable":true,"href":"https:\/\/idckohtao.com\/fr\/wp-json\/wp\/v2\/media\/4771"}],"wp:attachment":[{"href":"https:\/\/idckohtao.com\/fr\/wp-json\/wp\/v2\/media?parent=3372"}],"curies":[{"name":"wp","href":"https:\/\/api.w.org\/{rel}","templated":true}]}}