{"id":3375,"date":"2023-08-11T08:20:52","date_gmt":"2023-08-11T08:20:52","guid":{"rendered":"https:\/\/idckohtao.com\/equipment-specialist-instructor-specialty\/"},"modified":"2026-01-01T07:43:00","modified_gmt":"2026-01-01T07:43:00","slug":"equipment-specialist-instructor-specialty","status":"publish","type":"page","link":"https:\/\/idckohtao.com\/fr\/pro-level-courses\/equipment-specialist-instructor-specialty\/","title":{"rendered":"Sp\u00e9cialiste En \u00c9quipement Sp\u00e9cialit\u00e9 D&rsquo;instructeur"},"content":{"rendered":"<div class=\"wpb-content-wrapper\"><p>[vc_row][vc_column][vc_column_text]<\/p>\n<h2>MSDT \u2013 Cours d\u2019instructeur sp\u00e9cialis\u00e9 PADI, Koh Tao, Tha\u00eflande<\/h2>\n<p>Cela arrive \u00e0 tous les plongeurs aux moments les plus g\u00eanants, normalement juste avant une plong\u00e9e. La d\u00e9ception d\u2019un joint torique d\u00e9chir\u00e9 ou manquant, une soupape de d\u00e9charge BCD coinc\u00e9e ouverte ou un masque ou une courroie d\u2019aileron cass\u00e9.<\/p>\n<p>Il existe de nombreuses raisons pour lesquelles vous souhaiterez peut-\u00eatre effectuer des r\u00e9parations ou des ajustements mineurs sur l\u2019\u00e9quipement de plong\u00e9e, m\u00eame si cela aide les \u00e9l\u00e8ves plongeurs \u00e0 se sentir plus \u00e0 l\u2019aise et \u00e0 prot\u00e9ger l\u2019investissement r\u00e9alis\u00e9 dans des \u00e9quipements de plong\u00e9e co\u00fbteux.<\/p>\n<p>En tant qu\u2019instructeur sp\u00e9cialiste de l\u2019\u00e9quipement PADI, vous enseignerez \u00e0 vos \u00e9l\u00e8ves plongeurs les soins, l\u2019entretien et le stockage appropri\u00e9s de l\u2019\u00e9quipement de plong\u00e9e. Vous leur montrerez comment surmonter les probl\u00e8mes d\u2019\u00e9quipement courants et proposerez des configurations d\u2019\u00e9quipement alternatives.<\/p>\n<p><img decoding=\"async\" class=\"alignnone wp-image-976 size-large\" src=\"https:\/\/idckohtao.com\/wp-content\/uploads\/2023\/08\/crystal-dive-koh-tao-idc-open-water-presentations-tanks-and-kit-1024x649.jpg\" alt=\"\" width=\"1024\" height=\"649\" srcset=\"https:\/\/idckohtao.com\/wp-content\/uploads\/2023\/08\/crystal-dive-koh-tao-idc-open-water-presentations-tanks-and-kit-1024x649.jpg 1024w, https:\/\/idckohtao.com\/wp-content\/uploads\/2023\/08\/crystal-dive-koh-tao-idc-open-water-presentations-tanks-and-kit-300x190.jpg 300w, https:\/\/idckohtao.com\/wp-content\/uploads\/2023\/08\/crystal-dive-koh-tao-idc-open-water-presentations-tanks-and-kit-768x487.jpg 768w, https:\/\/idckohtao.com\/wp-content\/uploads\/2023\/08\/crystal-dive-koh-tao-idc-open-water-presentations-tanks-and-kit.jpg 1080w\" sizes=\"(max-width: 1024px) 100vw, 1024px\" \/><\/p>\n<h3>Consid\u00e9rations du sp\u00e9cialiste en \u00e9quipement \u00e0 Koh Tao<\/h3>\n<p>Koh Tao est le premier endroit pour des certifications et de formation de plongeurs au monde. Cela repr\u00e9sente un grand nombre d\u2019\u00e9tudiants plongeurs qui utilisent beaucoup d\u2019\u00e9quipement de plong\u00e9e sous-marine chaque jour.<\/p>\n<p>En tant qu\u2019instructeur sp\u00e9cialiste de l\u2019\u00e9quipement PADI travaillant dans un endroit tr\u00e8s fr\u00e9quent\u00e9 comme Koh Tao, il est imp\u00e9ratif d\u2019avoir une bonne compr\u00e9hension de la fa\u00e7on d\u2019aider les \u00e9l\u00e8ves plongeurs \u00e0 surmonter les probl\u00e8mes de configuration et de maintenance de l\u2019\u00e9quipement.<\/p>\n<p>Cependant, \u00eatre capable d\u2019identifier correctement et de fournir des correctifs et des solutions aux probl\u00e8mes d\u2019\u00e9quipement s\u2019applique \u00e0 tous les professionnels de la plong\u00e9e. \u00c0 n\u2019importe quel endroit, si vous utilisez un \u00e9quipement de plong\u00e9e, il est essentiel que vous ayez une compr\u00e9hension et une connaissance solides et s\u00fbres de son fonctionnement.<\/p>\n<p>Vous n\u2019aurez plus jamais \u00e0 interrompre une plong\u00e9e en raison d\u2019un \u00e9clatement du joint torique, d\u2019une fuite du gonfleur basse pression, d\u2019un r\u00e9gulateur \u00e0 \u00e9coulement libre ou d\u2019une sangle cass\u00e9e.<\/p>\n<h3>Qui peut s\u2019inscrire au cours d\u2019instructeur sp\u00e9cialiste de l\u2019\u00e9quipement PADI?<\/h3>\n<p>Un\u00a0<a href=\"https:\/\/idckohtao.com\/fr\/pro-level-courses\/padi-instructor-development-course\/\"><strong>Instructeur PADI (OWSI)<\/strong><\/a>\u00a0renouvel\u00e9<\/p>\n<p><strong>Remarque:<\/strong>\u00a0Les candidats IDC \/ OWSI peuvent participer au cours de formation d\u2019instructeur sp\u00e9cialiste de l\u2019\u00e9quipement PADI, mais ne peuvent demander la certification d\u2019instructeur sp\u00e9cialis\u00e9 qu\u2019apr\u00e8s avoir r\u00e9ussi l\u2019examen pour instructeur (IE).<\/p>\n<p>Les instructeurs sp\u00e9cialistes de l\u2019\u00e9quipement PADI doivent avoir suivi un cours de formation suivi par un Directeur de cours PADI et avoir prouv\u00e9 leur exp\u00e9rience avant la certification. Il s\u2019agit d\u2019une exigence de sortie de cours.<\/p>\n<p><img decoding=\"async\" class=\"alignnone wp-image-975 size-large\" src=\"https:\/\/idckohtao.com\/wp-content\/uploads\/2023\/08\/crystal-dive-idc-koh-tao-confined-water-kit-1024x687.jpg\" alt=\"crystal-dive-idc-koh-tao-confined-water-kit\" width=\"1024\" height=\"687\" srcset=\"https:\/\/idckohtao.com\/wp-content\/uploads\/2023\/08\/crystal-dive-idc-koh-tao-confined-water-kit-1024x687.jpg 1024w, https:\/\/idckohtao.com\/wp-content\/uploads\/2023\/08\/crystal-dive-idc-koh-tao-confined-water-kit-300x201.jpg 300w, https:\/\/idckohtao.com\/wp-content\/uploads\/2023\/08\/crystal-dive-idc-koh-tao-confined-water-kit-768x516.jpg 768w, https:\/\/idckohtao.com\/wp-content\/uploads\/2023\/08\/crystal-dive-idc-koh-tao-confined-water-kit.jpg 1080w\" sizes=\"(max-width: 1024px) 100vw, 1024px\" \/><\/p>\n<h3>Ce que vous apprendrez<\/h3>\n<p>Vous participerez aux sessions suivantes:<\/p>\n<ul>\n<li>Pr\u00e9senter et \u00eatre \u00e9valu\u00e9 sur un atelier pratique de sp\u00e9cialit\u00e9 Equipment PADI<\/li>\n<li>Sp\u00e9cialiste en \u00e9quipement PADI Normes, proc\u00e9dures et programme d\u2019\u00e9tudes sp\u00e9cialis\u00e9s<\/li>\n<li>Comment organiser et animer le cours sp\u00e9cialit\u00e9 de l\u2019\u00e9quipement PADI<\/li>\n<\/ul>\n<p>En tant qu\u2019instructeur de l\u2019\u00e9quipement PADI, vous \u00eates certifi\u00e9 pour enseigner de mani\u00e8re ind\u00e9pendante le <span style=\"text-decoration: underline;\"><strong>cours sp\u00e9cialit\u00e9 de l\u2019\u00e9quipement PADI<\/strong><\/span>[\/vc_column_text]<div class=\"text-left\"><div class=\"bt-course-price\"><h4>Prix du cours: 4,000 THB<\/h4><a href=\"https:\/\/idckohtao.com\/fr\/packages-prices\" class=\"button\">R\u00c9SERVATION EN LIGNE<\/a><\/div><\/div>[vc_column_text css=\u00a0\u00bb\u00a0\u00bb]<\/p>\n<h3>Mat\u00e9riaux PADI:<\/h3>\n<p><i>Veuillez apporter le mat\u00e9riel suivant avec votre manuel d\u2019instructeur de cours de sp\u00e9cialit\u00e9 PADI. Vous les avez re\u00e7ues dans le cadre du \u2018IDC Crewpack\u2019 pendant votre IDC. \u2013 Manuel de l\u2019instructeur des cours de sp\u00e9cialit\u00e9 PADI (CD-Rom)<br \/>\n<\/i><\/p>\n<p>De plus, vous aurez besoin d\u2019une copie du manuel de l\u2019instructeur PADI. Depuis 2010, le manuel de l\u2019instructeur est disponible en t\u00e9l\u00e9chargement gratuit pour tous les membres PADI renouvel\u00e9s sur\u00a0<a href=\"https:\/\/www.padi.com\/mypadi\/\" target=\"_blank\" rel=\"noopener\">www.padi.com\/mypadi<\/a><\/p>\n<p><img decoding=\"async\" class=\"alignnone wp-image-974 size-full\" src=\"https:\/\/idckohtao.com\/wp-content\/uploads\/2023\/08\/crystaldive.com-equipment-specialty-divemaster.jpg\" alt=\"crystaldive.com-equipment-specialty-divemaster\" width=\"720\" height=\"540\" srcset=\"https:\/\/idckohtao.com\/wp-content\/uploads\/2023\/08\/crystaldive.com-equipment-specialty-divemaster.jpg 720w, https:\/\/idckohtao.com\/wp-content\/uploads\/2023\/08\/crystaldive.com-equipment-specialty-divemaster-300x225.jpg 300w\" sizes=\"(max-width: 720px) 100vw, 720px\" \/><\/p>\n<p><strong>Frais PADI<\/strong><\/p>\n<p>Instructeur de l\u2019\u00e9quipement PADI frais de candidature:\u00a0<b>145 AUD$<\/b>[\/vc_column_text][\/vc_column][\/vc_row]<\/p>\n<\/div>","protected":false},"excerpt":{"rendered":"<p>[vc_row][vc_column][vc_column_text] MSDT \u2013 Cours d\u2019instructeur sp\u00e9cialis\u00e9 PADI, Koh Tao, Tha\u00eflande Cela arrive \u00e0 tous les plongeurs aux moments les plus g\u00eanants, normalement juste avant une plong\u00e9e. La d\u00e9ception d\u2019un joint torique d\u00e9chir\u00e9 ou manquant, une soupape de d\u00e9charge BCD coinc\u00e9e ouverte ou un masque ou une courroie d\u2019aileron cass\u00e9. Il existe de nombreuses raisons pour [&hellip;]<\/p>\n","protected":false},"author":1,"featured_media":3114,"parent":7934,"menu_order":0,"comment_status":"closed","ping_status":"closed","template":"","meta":{"_acf_changed":false,"footnotes":""},"class_list":["post-3375","page","type-page","status-publish","has-post-thumbnail","hentry"],"acf":[],"yoast_head":"<!-- This site is optimized with the Yoast SEO Premium plugin v27.5 (Yoast SEO v27.5) - https:\/\/yoast.com\/product\/yoast-seo-premium-wordpress\/ -->\n<title>IDC Koh Tao | Cours d&#039;instructeur sp\u00e9cialis\u00e9 en \u00e9quipement PADI<\/title>\n<meta name=\"description\" content=\"Le cours d&#039;instructeur sp\u00e9cialis\u00e9 de l&#039;\u00e9quipement PADI \u00e0 Koh Tao vous certifie d&#039;enseigner aux \u00e9tudiants les soins de routine et l&#039;entretien de l&#039;\u00e9quipement de plong\u00e9e sous-marine\" \/>\n<meta name=\"robots\" content=\"index, follow, max-snippet:-1, max-image-preview:large, max-video-preview:-1\" \/>\n<link rel=\"canonical\" href=\"https:\/\/idckohtao.com\/fr\/pro-level-courses\/equipment-specialist-instructor-specialty\/\" \/>\n<meta property=\"og:locale\" content=\"fr_FR\" \/>\n<meta property=\"og:type\" content=\"article\" \/>\n<meta property=\"og:title\" content=\"IDC Koh Tao | Cours d&#039;instructeur sp\u00e9cialis\u00e9 en \u00e9quipement PADI\" \/>\n<meta property=\"og:description\" content=\"Le cours d&#039;instructeur sp\u00e9cialis\u00e9 de l&#039;\u00e9quipement PADI \u00e0 Koh Tao vous certifie d&#039;enseigner aux \u00e9tudiants les soins de routine et l&#039;entretien de l&#039;\u00e9quipement de plong\u00e9e sous-marine\" \/>\n<meta property=\"og:url\" content=\"https:\/\/idckohtao.com\/fr\/pro-level-courses\/equipment-specialist-instructor-specialty\/\" \/>\n<meta property=\"og:site_name\" content=\"IDC Koh Tao\" \/>\n<meta property=\"article:publisher\" content=\"https:\/\/www.facebook.com\/GoProIDCKohTao\" \/>\n<meta property=\"article:modified_time\" content=\"2026-01-01T07:43:00+00:00\" \/>\n<meta property=\"og:image\" content=\"https:\/\/idckohtao.com\/wp-content\/uploads\/2023\/08\/crystal-dive-koh-tao-idc-open-water-presentations-scuba-kit.jpg\" \/>\n\t<meta property=\"og:image:width\" content=\"1080\" \/>\n\t<meta property=\"og:image:height\" content=\"790\" \/>\n\t<meta property=\"og:image:type\" content=\"image\/jpeg\" \/>\n<meta name=\"twitter:card\" content=\"summary_large_image\" \/>\n<meta name=\"twitter:title\" content=\"IDC Koh Tao | Cours d&#039;instructeur sp\u00e9cialis\u00e9 en \u00e9quipement PADI\" \/>\n<meta name=\"twitter:description\" content=\"Le cours d&#039;instructeur sp\u00e9cialis\u00e9 de l&#039;\u00e9quipement PADI \u00e0 Koh Tao vous certifie d&#039;enseigner aux \u00e9tudiants les soins de routine et l&#039;entretien de l&#039;\u00e9quipement de plong\u00e9e sous-marine\" \/>\n<meta name=\"twitter:site\" content=\"@GoProIDCKohTao\" \/>\n<!-- \/ Yoast SEO Premium plugin. -->","yoast_head_json":{"title":"IDC Koh Tao | Cours d'instructeur sp\u00e9cialis\u00e9 en \u00e9quipement PADI","description":"Le cours d'instructeur sp\u00e9cialis\u00e9 de l'\u00e9quipement PADI \u00e0 Koh Tao vous certifie d'enseigner aux \u00e9tudiants les soins de routine et l'entretien de l'\u00e9quipement de plong\u00e9e sous-marine","robots":{"index":"index","follow":"follow","max-snippet":"max-snippet:-1","max-image-preview":"max-image-preview:large","max-video-preview":"max-video-preview:-1"},"canonical":"https:\/\/idckohtao.com\/fr\/pro-level-courses\/equipment-specialist-instructor-specialty\/","og_locale":"fr_FR","og_type":"article","og_title":"IDC Koh Tao | Cours d'instructeur sp\u00e9cialis\u00e9 en \u00e9quipement PADI","og_description":"Le cours d'instructeur sp\u00e9cialis\u00e9 de l'\u00e9quipement PADI \u00e0 Koh Tao vous certifie d'enseigner aux \u00e9tudiants les soins de routine et l'entretien de l'\u00e9quipement de plong\u00e9e sous-marine","og_url":"https:\/\/idckohtao.com\/fr\/pro-level-courses\/equipment-specialist-instructor-specialty\/","og_site_name":"IDC Koh Tao","article_publisher":"https:\/\/www.facebook.com\/GoProIDCKohTao","article_modified_time":"2026-01-01T07:43:00+00:00","og_image":[{"width":1080,"height":790,"url":"https:\/\/idckohtao.com\/wp-content\/uploads\/2023\/08\/crystal-dive-koh-tao-idc-open-water-presentations-scuba-kit.jpg","type":"image\/jpeg"}],"twitter_card":"summary_large_image","twitter_title":"IDC Koh Tao | Cours d'instructeur sp\u00e9cialis\u00e9 en \u00e9quipement PADI","twitter_description":"Le cours d'instructeur sp\u00e9cialis\u00e9 de l'\u00e9quipement PADI \u00e0 Koh Tao vous certifie d'enseigner aux \u00e9tudiants les soins de routine et l'entretien de l'\u00e9quipement de plong\u00e9e sous-marine","twitter_site":"@GoProIDCKohTao","schema":{"@context":"https:\/\/schema.org","@graph":[{"@type":"NewsArticle","@id":"https:\/\/idckohtao.com\/fr\/pro-level-courses\/equipment-specialist-instructor-specialty\/#article","isPartOf":{"@id":"https:\/\/idckohtao.com\/fr\/pro-level-courses\/equipment-specialist-instructor-specialty\/"},"author":{"name":"ojasya","@id":"https:\/\/idckohtao.com\/fr\/#\/schema\/person\/d08d557cbfdbc171f824052dae697b02"},"headline":"Sp\u00e9cialiste En \u00c9quipement Sp\u00e9cialit\u00e9 D&rsquo;instructeur","datePublished":"2023-08-11T08:20:52+00:00","dateModified":"2026-01-01T07:43:00+00:00","mainEntityOfPage":{"@id":"https:\/\/idckohtao.com\/fr\/pro-level-courses\/equipment-specialist-instructor-specialty\/"},"wordCount":660,"publisher":{"@id":"https:\/\/idckohtao.com\/fr\/#organization"},"image":{"@id":"https:\/\/idckohtao.com\/fr\/pro-level-courses\/equipment-specialist-instructor-specialty\/#primaryimage"},"thumbnailUrl":"https:\/\/idckohtao.com\/wp-content\/uploads\/2023\/08\/crystal-dive-koh-tao-idc-open-water-presentations-scuba-kit.jpg","inLanguage":"fr-FR"},{"@type":"WebPage","@id":"https:\/\/idckohtao.com\/fr\/pro-level-courses\/equipment-specialist-instructor-specialty\/","url":"https:\/\/idckohtao.com\/fr\/pro-level-courses\/equipment-specialist-instructor-specialty\/","name":"IDC Koh Tao | Cours d'instructeur sp\u00e9cialis\u00e9 en \u00e9quipement PADI","isPartOf":{"@id":"https:\/\/idckohtao.com\/fr\/#website"},"primaryImageOfPage":{"@id":"https:\/\/idckohtao.com\/fr\/pro-level-courses\/equipment-specialist-instructor-specialty\/#primaryimage"},"image":{"@id":"https:\/\/idckohtao.com\/fr\/pro-level-courses\/equipment-specialist-instructor-specialty\/#primaryimage"},"thumbnailUrl":"https:\/\/idckohtao.com\/wp-content\/uploads\/2023\/08\/crystal-dive-koh-tao-idc-open-water-presentations-scuba-kit.jpg","datePublished":"2023-08-11T08:20:52+00:00","dateModified":"2026-01-01T07:43:00+00:00","description":"Le cours d'instructeur sp\u00e9cialis\u00e9 de l'\u00e9quipement PADI \u00e0 Koh Tao vous certifie d'enseigner aux \u00e9tudiants les soins de routine et l'entretien de l'\u00e9quipement de plong\u00e9e sous-marine","breadcrumb":{"@id":"https:\/\/idckohtao.com\/fr\/pro-level-courses\/equipment-specialist-instructor-specialty\/#breadcrumb"},"inLanguage":"fr-FR","potentialAction":[{"@type":"ReadAction","target":["https:\/\/idckohtao.com\/fr\/pro-level-courses\/equipment-specialist-instructor-specialty\/"]}]},{"@type":"ImageObject","inLanguage":"fr-FR","@id":"https:\/\/idckohtao.com\/fr\/pro-level-courses\/equipment-specialist-instructor-specialty\/#primaryimage","url":"https:\/\/idckohtao.com\/wp-content\/uploads\/2023\/08\/crystal-dive-koh-tao-idc-open-water-presentations-scuba-kit.jpg","contentUrl":"https:\/\/idckohtao.com\/wp-content\/uploads\/2023\/08\/crystal-dive-koh-tao-idc-open-water-presentations-scuba-kit.jpg","width":1080,"height":790},{"@type":"BreadcrumbList","@id":"https:\/\/idckohtao.com\/fr\/pro-level-courses\/equipment-specialist-instructor-specialty\/#breadcrumb","itemListElement":[{"@type":"ListItem","position":1,"name":"Home","item":"https:\/\/idckohtao.com\/fr\/"},{"@type":"ListItem","position":2,"name":"Pro level","item":"https:\/\/idckohtao.com\/fr\/pro-level-courses\/"},{"@type":"ListItem","position":3,"name":"Sp\u00e9cialiste En \u00c9quipement Sp\u00e9cialit\u00e9 D&rsquo;instructeur"}]},{"@type":"WebSite","@id":"https:\/\/idckohtao.com\/fr\/#website","url":"https:\/\/idckohtao.com\/fr\/","name":"IDC Koh Tao","description":"PADI IDC 5 Star Diving Center in Koh Tao - Thailand","publisher":{"@id":"https:\/\/idckohtao.com\/fr\/#organization"},"alternateName":"IDC Koh Tao in Thailand","potentialAction":[{"@type":"SearchAction","target":{"@type":"EntryPoint","urlTemplate":"https:\/\/idckohtao.com\/fr\/?s={search_term_string}"},"query-input":{"@type":"PropertyValueSpecification","valueRequired":true,"valueName":"search_term_string"}}],"inLanguage":"fr-FR"},{"@type":"Organization","@id":"https:\/\/idckohtao.com\/fr\/#organization","name":"IDC Koh Tao","alternateName":"IDC Koh Tao | Divemaster & Diving Instructor","url":"https:\/\/idckohtao.com\/fr\/","logo":{"@type":"ImageObject","inLanguage":"fr-FR","@id":"https:\/\/idckohtao.com\/fr\/#\/schema\/logo\/image\/","url":"https:\/\/idckohtao.com\/wp-content\/uploads\/2023\/09\/idckohtao.com-padi-diving-center-in-koh-tao-thailand.png","contentUrl":"https:\/\/idckohtao.com\/wp-content\/uploads\/2023\/09\/idckohtao.com-padi-diving-center-in-koh-tao-thailand.png","width":400,"height":300,"caption":"IDC Koh Tao"},"image":{"@id":"https:\/\/idckohtao.com\/fr\/#\/schema\/logo\/image\/"},"sameAs":["https:\/\/www.facebook.com\/GoProIDCKohTao","https:\/\/x.com\/GoProIDCKohTao","https:\/\/www.youtube.com\/idckohtao","https:\/\/www.instagram.com\/idc.kohtao\/"],"description":"IDC Koh Tao is a part of the Black Turtle Dive pro level training team with three PADI Course Directors being led by Award Winning PADI Course Director Matt Bolton. Our full range of pro and recreational PADI Diving Courses provides aspiring scuba divers with education, fun, excitement, adventure, and a change of lifestyle or an opportunity to pursue a new career.","email":"info@idckohtao.com","legalName":"IDC Koh Tao","foundingDate":"2004-01-04","numberOfEmployees":{"@type":"QuantitativeValue","minValue":"1","maxValue":"10"},"correctionsPolicy":"https:\/\/idckohtao.com\/privacy-policy\/","ethicsPolicy":"https:\/\/idckohtao.com\/terms\/"},{"@type":"Person","@id":"https:\/\/idckohtao.com\/fr\/#\/schema\/person\/d08d557cbfdbc171f824052dae697b02","name":"ojasya","image":{"@type":"ImageObject","inLanguage":"fr-FR","@id":"https:\/\/secure.gravatar.com\/avatar\/6fb34e36d09053a6545fc21d344613321bb1933f185132488f38052166f5a001?s=96&d=mm&r=g","url":"https:\/\/secure.gravatar.com\/avatar\/6fb34e36d09053a6545fc21d344613321bb1933f185132488f38052166f5a001?s=96&d=mm&r=g","contentUrl":"https:\/\/secure.gravatar.com\/avatar\/6fb34e36d09053a6545fc21d344613321bb1933f185132488f38052166f5a001?s=96&d=mm&r=g","caption":"ojasya"},"sameAs":["https:\/\/idckohtao.com"],"url":"https:\/\/idckohtao.com\/fr\/blog\/author\/ojasya\/"}]}},"_links":{"self":[{"href":"https:\/\/idckohtao.com\/fr\/wp-json\/wp\/v2\/pages\/3375","targetHints":{"allow":["GET"]}}],"collection":[{"href":"https:\/\/idckohtao.com\/fr\/wp-json\/wp\/v2\/pages"}],"about":[{"href":"https:\/\/idckohtao.com\/fr\/wp-json\/wp\/v2\/types\/page"}],"author":[{"embeddable":true,"href":"https:\/\/idckohtao.com\/fr\/wp-json\/wp\/v2\/users\/1"}],"replies":[{"embeddable":true,"href":"https:\/\/idckohtao.com\/fr\/wp-json\/wp\/v2\/comments?post=3375"}],"version-history":[{"count":2,"href":"https:\/\/idckohtao.com\/fr\/wp-json\/wp\/v2\/pages\/3375\/revisions"}],"predecessor-version":[{"id":7544,"href":"https:\/\/idckohtao.com\/fr\/wp-json\/wp\/v2\/pages\/3375\/revisions\/7544"}],"up":[{"embeddable":true,"href":"https:\/\/idckohtao.com\/fr\/wp-json\/wp\/v2\/pages\/7934"}],"wp:featuredmedia":[{"embeddable":true,"href":"https:\/\/idckohtao.com\/fr\/wp-json\/wp\/v2\/media\/3114"}],"wp:attachment":[{"href":"https:\/\/idckohtao.com\/fr\/wp-json\/wp\/v2\/media?parent=3375"}],"curies":[{"name":"wp","href":"https:\/\/api.w.org\/{rel}","templated":true}]}}