{"id":3378,"date":"2023-08-08T13:28:31","date_gmt":"2023-08-08T13:28:31","guid":{"rendered":"https:\/\/idckohtao.com\/faqs\/"},"modified":"2023-09-16T22:10:43","modified_gmt":"2023-09-16T22:10:43","slug":"faqs","status":"publish","type":"page","link":"https:\/\/idckohtao.com\/fr\/faqs\/","title":{"rendered":"FAQ\u2019"},"content":{"rendered":"<div class=\"wpb-content-wrapper\"><p>[vc_row][vc_column][vc_column_text]<\/p>\n<h2>PADI IDC Koh Tao \u2013 Questions courantes<\/h2>\n<p>Comme pour la plupart des choses de la vie, il y a toujours quelques petites choses qui me viennent \u00e0 l\u2019esprit en lisant beaucoup d\u2019informations. Voici quelques-unes des questions les plus fr\u00e9quemment pos\u00e9es par nos candidats potentiels aux stages de niveau professionnel.<\/p>\n<p>La liste n\u2019est en aucun cas exhaustive et se veut uniquement un guide. Nous pr\u00e9f\u00e9rons communiquer directement avec nos candidats potentiels via nos canaux sociaux actifs, par e-mail ou via le chat en direct. Depuis plus de 20 ans, nous avons \u00e9tabli une solide r\u00e9putation pour l\u2019\u00e9tablissement de relations durables avec nos candidats, veuillez donc nous envoyer un message pour toute question.[\/vc_column_text][\/vc_column][\/vc_row][vc_row][vc_column]<div class=\"section-wrap\"><h3 class=\"section-title\">Questions fr\u00e9quemment pos\u00e9es<\/h3><div class=\"faq-wrapper\"><div class=\"accordion-panel active\">\r\n                    <div class=\"panel-heading\">    \r\n                        <h3 class=\"panel-title\">\r\n                            Comment arriver \u00e0 Koh Tao\r\n                        <\/h3>\r\n                    <\/div>\r\n                    <div class=\"panel-detail\">\r\n                        <p>Koh Tao est la plus petite des 3 \u00eeles principales connues sous le nom d\u2019Archipel de Samui. Il est \u00e0 environ 90 minutes en ferry \u00e0 grande vitesse de Chumphon sur le continent ou de Koh Samui et Koh Phangan. Il y a des a\u00e9roports \u00e0 Surat Thani, Chumphon et Koh Samui qui sont tous desservis par Bangkok sur un vol d\u2019environ 1 heure.<\/p>\n\r\n                    <\/div>\r\n                <\/div><div class=\"accordion-panel \">\r\n                    <div class=\"panel-heading\">    \r\n                        <h3 class=\"panel-title\">\r\n                            L'h\u00e9bergement est-il inclus\r\n                        <\/h3>\r\n                    <\/div>\r\n                    <div class=\"panel-detail\">\r\n                        <p>Nous sommes en partenariat avec le centre de plong\u00e9e prim\u00e9 PADI <a href=\"https:\/\/www.blackturtledive.com\/\">Black Turtle Dive<\/a> Koh Tao et \u00e9galement <a href=\"https:\/\/www.anandavilla.com\/\">Ananda Villa<\/a>, l\u2019un des plus r\u00e9cents complexes de l\u2019\u00eele. L\u2019h\u00e9bergement est offert \u00e0 tous les candidats IDC Koh Tao \u00e0 des tarifs r\u00e9duits, couvrant tous les budgets.<\/p>\n\r\n                    <\/div>\r\n                <\/div><div class=\"accordion-panel \">\r\n                    <div class=\"panel-heading\">    \r\n                        <h3 class=\"panel-title\">\r\n                            Que signifie votre garantie de pass\r\n                        <\/h3>\r\n                    <\/div>\r\n                    <div class=\"panel-detail\">\r\n                        <p>Dans le cas tr\u00e8s improbable o\u00f9 vous ne r\u00e9ussissez pas sur le IE, nous paierons votre deuxi\u00e8me IDC et IE. C\u2019est exactement comme il est dit. Nous sommes tellement convaincus que notre cours de d\u00e9veloppement d\u2019instructeur vous pr\u00e9parera \u00e0 un examen d\u2019instructeur r\u00e9ussi que nous couvrirons les frais de reprise en cas de probl\u00e8me. *<br \/>\n* Jusqu\u2019\u00e0 pr\u00e9sent, cela ne s\u2019est pas produit \u2026 !!<\/p>\n\r\n                    <\/div>\r\n                <\/div><div class=\"accordion-panel \">\r\n                    <div class=\"panel-heading\">    \r\n                        <h3 class=\"panel-title\">\r\n                            Qu'est-ce qu'un CDC Center\r\n                        <\/h3>\r\n                    <\/div>\r\n                    <div class=\"panel-detail\">\r\n                        <p>CDC signifie \u00abCareer Development Center\u00bb. Il s\u2019agit de la plus haute r\u00e9compense d\u00e9cern\u00e9e par PADI \u00e0 tout centre de plong\u00e9e pour reconna\u00eetre les niveaux de formation de premier niveau de niveau Pro. Chez IDC Koh Tao, nous sommes tr\u00e8s fiers d\u2019avoir atteint ce niveau.<\/p>\n\r\n                    <\/div>\r\n                <\/div><div class=\"accordion-panel \">\r\n                    <div class=\"panel-heading\">    \r\n                        <h3 class=\"panel-title\">\r\n                            Comment devenir instructeur PADI\r\n                        <\/h3>\r\n                    <\/div>\r\n                    <div class=\"panel-detail\">\r\n                        <p>Nous proposons des <a href=\"https:\/\/idckohtao.com\/pro-level-courses\/scuba-diving-internships\/\">stages de plong\u00e9e<\/a> enti\u00e8rement inclusifs qui peuvent vous aider \u00e0 passer du statut de plongeur r\u00e9cr\u00e9ative \u00e0 celui d\u2019instructeur pleinement qualifi\u00e9. Envoyez-nous un message pour plus de d\u00e9tails, car les informations d\u00e9pendent de votre niveau de plong\u00e9e actuel.<\/p>\n\r\n                    <\/div>\r\n                <\/div><div class=\"accordion-panel \">\r\n                    <div class=\"panel-heading\">    \r\n                        <h3 class=\"panel-title\">\r\n                            O\u00f9 est Black Turtle Dive et IDC Koh Tao\r\n                        <\/h3>\r\n                    <\/div>\r\n                    <div class=\"panel-detail\">\r\n                        <p>Nous sommes affili\u00e9s \u00e0 Black Turtle Dive Koh Tao et partageons les vastes installations de plong\u00e9e situ\u00e9es sur la plage \u00e0 seulement 2 minutes \u00e0 pied de la jet\u00e9e principale de Mae Haad. C\u2019est la jet\u00e9e \u00e0 laquelle vous arrivez \u00e0 Koh Tao.<\/p>\n\r\n                    <\/div>\r\n                <\/div><div class=\"accordion-panel \">\r\n                    <div class=\"panel-heading\">    \r\n                        <h3 class=\"panel-title\">\r\n                            Qu'en est-il du paiement des r\u00e9servations\r\n                        <\/h3>\r\n                    <\/div>\r\n                    <div class=\"panel-detail\">\r\n                        <p>Nous acceptons g\u00e9n\u00e9ralement un acompte de 10% pour confirmer les r\u00e9servations pour l\u2019un de nos cours IDC par bouton de paiement sur ce site. Cependant, veuillez confirmer toute r\u00e9servation par e-mail, message sur le site web ou communication directe avec notre \u00e9quipe IDC dirig\u00e9e par Matt Bolton.<\/p>\n\r\n                    <\/div>\r\n                <\/div><div class=\"accordion-panel \">\r\n                    <div class=\"panel-heading\">    \r\n                        <h3 class=\"panel-title\">\r\n                            Quand est le PADI IDC sur Koh Tao \u00e0 Black Turtle Dive<br \/>\n\r\n                        <\/h3>\r\n                    <\/div>\r\n                    <div class=\"panel-detail\">\r\n                        <p>Notre cours de d\u00e9veloppement d\u2019instructeur PADI (IDC) doit avoir lieu chaque mois \u2013 veuillez t\u00e9l\u00e9charger le calendrier sur le site web pour plus de d\u00e9tails.<\/p>\n\r\n                    <\/div>\r\n                <\/div><div class=\"accordion-panel \">\r\n                    <div class=\"panel-heading\">    \r\n                        <h3 class=\"panel-title\">\r\n                            Quel est le meilleur moment de l'ann\u00e9e pour prendre mon IDC\r\n                        <\/h3>\r\n                    <\/div>\r\n                    <div class=\"panel-detail\">\r\n                        <p>IDC Koh Tao a la chance que son emplacement dans le golfe de Tha\u00eflande b\u00e9n\u00e9ficie d\u2019un climat constant tout au long de l\u2019ann\u00e9e. Les mois de novembre et d\u00e9cembre sont reconnu comme notre \u00ab saison des pluies \u00bb, mais il ne s\u2019agit que de courtes rafales et les temp\u00e9ratures restent \u00e9lev\u00e9es.<\/p>\n<p>Les temp\u00e9ratures de la mer chuteront de quelques degr\u00e9s \u00e0 environ 26 degr\u00e9s et plus, nous appr\u00e9cions donc la plong\u00e9e toute l\u2019ann\u00e9e.<\/p>\n\r\n                    <\/div>\r\n                <\/div><div class=\"accordion-panel \">\r\n                    <div class=\"panel-heading\">    \r\n                        <h3 class=\"panel-title\">\r\n                            Quel est le syst\u00e8me du \u2018programme flexible\u2019 que vous utilisez\r\n                        <\/h3>\r\n                    <\/div>\r\n                    <div class=\"panel-detail\">\r\n                        <p>\u00c0 tout moment, nos plongeurs \u00e9tudiants de niveau professionnel sont tous \u00e0 diff\u00e9rentes \u00e9tapes de leurs cours ou stages. Nous proposons donc un syst\u00e8me \u00ab Flexi-Schedule \u00bb, ce qui signifie que nos stages sont adapt\u00e9s aux besoins individuels.<\/p>\n<p>Cela vous donne une plus grande flexibilit\u00e9 avec vos dates d\u2019arriv\u00e9e et votre planification et ne vous lie pas \u00e0 une date sp\u00e9cifique. Nous vous offrons la meilleure valeur et les normes les plus \u00e9lev\u00e9es en mati\u00e8re de formation de plongeur dans le monde entier.<\/p>\n<p>Nos normes de formation des plongeurs sont reconnues dans l\u2019ensemble de l\u2019industrie et nous avons re\u00e7u de nombreux prix \u00ab Diver Trainer \u00bb de PADI.<\/p>\n\r\n                    <\/div>\r\n                <\/div><div class=\"accordion-panel \">\r\n                    <div class=\"panel-heading\">    \r\n                        <h3 class=\"panel-title\">\r\n                            Quels sont les frais PADI et sont-ils inclus dans ma r\u00e9servation\r\n                        <\/h3>\r\n                    <\/div>\r\n                    <div class=\"panel-detail\">\r\n                        <p>La r\u00e9ponse courte \u00e0 cette question est non, les frais PADI indiqu\u00e9s sur l\u2019une des pages de notre site web sont pay\u00e9s s\u00e9par\u00e9ment directement \u00e0 PADI (normalement par carte). Les exceptions \u00e0 cela sont nos stages \u2018Lifestyle\u2019 qui sont d\u2019une grande valeur et les prix les plus comp\u00e9titifs partout en Tha\u00eflande.<\/p>\n<p>Veuillez communiquer directement avec nous pour obtenir des \u00e9claircissements sur votre choix de \u00ab forfait \u00bb afin d\u2019\u00e9viter toute surprise inutile au cours de votre formation.<\/p>\n\r\n                    <\/div>\r\n                <\/div><\/div>\r\n                <\/div>[\/vc_column][\/vc_row]<\/p>\n<\/div>","protected":false},"excerpt":{"rendered":"<p>[vc_row][vc_column][vc_column_text] PADI IDC Koh Tao \u2013 Questions courantes Comme pour la plupart des choses de la vie, il y a toujours quelques petites choses qui me viennent \u00e0 l\u2019esprit en lisant beaucoup d\u2019informations. Voici quelques-unes des questions les plus fr\u00e9quemment pos\u00e9es par nos candidats potentiels aux stages de niveau professionnel. La liste n\u2019est en aucun [&hellip;]<\/p>\n","protected":false},"author":1,"featured_media":2354,"parent":0,"menu_order":0,"comment_status":"closed","ping_status":"closed","template":"","meta":{"_acf_changed":false,"footnotes":""},"class_list":["post-3378","page","type-page","status-publish","has-post-thumbnail","hentry"],"acf":[],"yoast_head":"<!-- This site is optimized with the Yoast SEO Premium plugin v27.5 (Yoast SEO v27.5) - https:\/\/yoast.com\/product\/yoast-seo-premium-wordpress\/ -->\n<title>IDC Koh Tao | Questions fr\u00e9quemment pos\u00e9es<\/title>\n<meta name=\"description\" content=\"La page des questions fr\u00e9quemment pos\u00e9es \u00e0 IDC Koh Tao r\u00e9pond \u00e0 la plupart des questions les plus fr\u00e9quemment pos\u00e9es par les candidats IDC. Envoyez-nous un message pour plus d&#039;informations\" \/>\n<meta name=\"robots\" content=\"index, follow, max-snippet:-1, max-image-preview:large, max-video-preview:-1\" \/>\n<link rel=\"canonical\" href=\"https:\/\/idckohtao.com\/fr\/faqs\/\" \/>\n<meta property=\"og:locale\" content=\"fr_FR\" \/>\n<meta property=\"og:type\" content=\"article\" \/>\n<meta property=\"og:title\" content=\"IDC Koh Tao | Questions fr\u00e9quemment pos\u00e9es\" \/>\n<meta property=\"og:description\" content=\"La page des questions fr\u00e9quemment pos\u00e9es \u00e0 IDC Koh Tao r\u00e9pond \u00e0 la plupart des questions les plus fr\u00e9quemment pos\u00e9es par les candidats IDC. Envoyez-nous un message pour plus d&#039;informations\" \/>\n<meta property=\"og:url\" content=\"https:\/\/idckohtao.com\/fr\/faqs\/\" \/>\n<meta property=\"og:site_name\" content=\"IDC Koh Tao\" \/>\n<meta property=\"article:publisher\" content=\"https:\/\/www.facebook.com\/GoProIDCKohTao\" \/>\n<meta property=\"article:modified_time\" content=\"2023-09-16T22:10:43+00:00\" \/>\n<meta property=\"og:image\" content=\"https:\/\/idckohtao.com\/wp-content\/uploads\/2023\/08\/idckohtao.com-padi-instructor-development-course-and-scuba-diving-internship-lifestyle-packages-on-kohtao-crystal-dive-pools-1.jpg\" \/>\n\t<meta property=\"og:image:width\" content=\"1080\" \/>\n\t<meta property=\"og:image:height\" content=\"720\" \/>\n\t<meta property=\"og:image:type\" content=\"image\/jpeg\" \/>\n<meta name=\"twitter:card\" content=\"summary_large_image\" \/>\n<meta name=\"twitter:title\" content=\"IDC Koh Tao | Questions fr\u00e9quemment pos\u00e9es\" \/>\n<meta name=\"twitter:description\" content=\"La page des questions fr\u00e9quemment pos\u00e9es \u00e0 IDC Koh Tao r\u00e9pond \u00e0 la plupart des questions les plus fr\u00e9quemment pos\u00e9es par les candidats IDC. Envoyez-nous un message pour plus d&#039;informations\" \/>\n<meta name=\"twitter:site\" content=\"@GoProIDCKohTao\" \/>\n<!-- \/ Yoast SEO Premium plugin. -->","yoast_head_json":{"title":"IDC Koh Tao | Questions fr\u00e9quemment pos\u00e9es","description":"La page des questions fr\u00e9quemment pos\u00e9es \u00e0 IDC Koh Tao r\u00e9pond \u00e0 la plupart des questions les plus fr\u00e9quemment pos\u00e9es par les candidats IDC. Envoyez-nous un message pour plus d'informations","robots":{"index":"index","follow":"follow","max-snippet":"max-snippet:-1","max-image-preview":"max-image-preview:large","max-video-preview":"max-video-preview:-1"},"canonical":"https:\/\/idckohtao.com\/fr\/faqs\/","og_locale":"fr_FR","og_type":"article","og_title":"IDC Koh Tao | Questions fr\u00e9quemment pos\u00e9es","og_description":"La page des questions fr\u00e9quemment pos\u00e9es \u00e0 IDC Koh Tao r\u00e9pond \u00e0 la plupart des questions les plus fr\u00e9quemment pos\u00e9es par les candidats IDC. Envoyez-nous un message pour plus d'informations","og_url":"https:\/\/idckohtao.com\/fr\/faqs\/","og_site_name":"IDC Koh Tao","article_publisher":"https:\/\/www.facebook.com\/GoProIDCKohTao","article_modified_time":"2023-09-16T22:10:43+00:00","og_image":[{"width":1080,"height":720,"url":"https:\/\/idckohtao.com\/wp-content\/uploads\/2023\/08\/idckohtao.com-padi-instructor-development-course-and-scuba-diving-internship-lifestyle-packages-on-kohtao-crystal-dive-pools-1.jpg","type":"image\/jpeg"}],"twitter_card":"summary_large_image","twitter_title":"IDC Koh Tao | Questions fr\u00e9quemment pos\u00e9es","twitter_description":"La page des questions fr\u00e9quemment pos\u00e9es \u00e0 IDC Koh Tao r\u00e9pond \u00e0 la plupart des questions les plus fr\u00e9quemment pos\u00e9es par les candidats IDC. Envoyez-nous un message pour plus d'informations","twitter_site":"@GoProIDCKohTao","schema":{"@context":"https:\/\/schema.org","@graph":[{"@type":"NewsArticle","@id":"https:\/\/idckohtao.com\/fr\/faqs\/#article","isPartOf":{"@id":"https:\/\/idckohtao.com\/fr\/faqs\/"},"author":{"name":"ojasya","@id":"https:\/\/idckohtao.com\/fr\/#\/schema\/person\/d08d557cbfdbc171f824052dae697b02"},"headline":"FAQ\u2019","datePublished":"2023-08-08T13:28:31+00:00","dateModified":"2023-09-16T22:10:43+00:00","mainEntityOfPage":{"@id":"https:\/\/idckohtao.com\/fr\/faqs\/"},"wordCount":981,"publisher":{"@id":"https:\/\/idckohtao.com\/fr\/#organization"},"image":{"@id":"https:\/\/idckohtao.com\/fr\/faqs\/#primaryimage"},"thumbnailUrl":"https:\/\/idckohtao.com\/wp-content\/uploads\/2023\/08\/idckohtao.com-padi-instructor-development-course-and-scuba-diving-internship-lifestyle-packages-on-kohtao-crystal-dive-pools-1.jpg","inLanguage":"fr-FR"},{"@type":"WebPage","@id":"https:\/\/idckohtao.com\/fr\/faqs\/","url":"https:\/\/idckohtao.com\/fr\/faqs\/","name":"IDC Koh Tao | Questions fr\u00e9quemment pos\u00e9es","isPartOf":{"@id":"https:\/\/idckohtao.com\/fr\/#website"},"primaryImageOfPage":{"@id":"https:\/\/idckohtao.com\/fr\/faqs\/#primaryimage"},"image":{"@id":"https:\/\/idckohtao.com\/fr\/faqs\/#primaryimage"},"thumbnailUrl":"https:\/\/idckohtao.com\/wp-content\/uploads\/2023\/08\/idckohtao.com-padi-instructor-development-course-and-scuba-diving-internship-lifestyle-packages-on-kohtao-crystal-dive-pools-1.jpg","datePublished":"2023-08-08T13:28:31+00:00","dateModified":"2023-09-16T22:10:43+00:00","description":"La page des questions fr\u00e9quemment pos\u00e9es \u00e0 IDC Koh Tao r\u00e9pond \u00e0 la plupart des questions les plus fr\u00e9quemment pos\u00e9es par les candidats IDC. Envoyez-nous un message pour plus d'informations","breadcrumb":{"@id":"https:\/\/idckohtao.com\/fr\/faqs\/#breadcrumb"},"inLanguage":"fr-FR","potentialAction":[{"@type":"ReadAction","target":["https:\/\/idckohtao.com\/fr\/faqs\/"]}]},{"@type":"ImageObject","inLanguage":"fr-FR","@id":"https:\/\/idckohtao.com\/fr\/faqs\/#primaryimage","url":"https:\/\/idckohtao.com\/wp-content\/uploads\/2023\/08\/idckohtao.com-padi-instructor-development-course-and-scuba-diving-internship-lifestyle-packages-on-kohtao-crystal-dive-pools-1.jpg","contentUrl":"https:\/\/idckohtao.com\/wp-content\/uploads\/2023\/08\/idckohtao.com-padi-instructor-development-course-and-scuba-diving-internship-lifestyle-packages-on-kohtao-crystal-dive-pools-1.jpg","width":1080,"height":720},{"@type":"BreadcrumbList","@id":"https:\/\/idckohtao.com\/fr\/faqs\/#breadcrumb","itemListElement":[{"@type":"ListItem","position":1,"name":"Home","item":"https:\/\/idckohtao.com\/fr\/"},{"@type":"ListItem","position":2,"name":"FAQ\u2019"}]},{"@type":"WebSite","@id":"https:\/\/idckohtao.com\/fr\/#website","url":"https:\/\/idckohtao.com\/fr\/","name":"IDC Koh Tao","description":"PADI IDC 5 Star Diving Center in Koh Tao - Thailand","publisher":{"@id":"https:\/\/idckohtao.com\/fr\/#organization"},"alternateName":"IDC Koh Tao in Thailand","potentialAction":[{"@type":"SearchAction","target":{"@type":"EntryPoint","urlTemplate":"https:\/\/idckohtao.com\/fr\/?s={search_term_string}"},"query-input":{"@type":"PropertyValueSpecification","valueRequired":true,"valueName":"search_term_string"}}],"inLanguage":"fr-FR"},{"@type":"Organization","@id":"https:\/\/idckohtao.com\/fr\/#organization","name":"IDC Koh Tao","alternateName":"IDC Koh Tao | Divemaster & Diving Instructor","url":"https:\/\/idckohtao.com\/fr\/","logo":{"@type":"ImageObject","inLanguage":"fr-FR","@id":"https:\/\/idckohtao.com\/fr\/#\/schema\/logo\/image\/","url":"https:\/\/idckohtao.com\/wp-content\/uploads\/2023\/09\/idckohtao.com-padi-diving-center-in-koh-tao-thailand.png","contentUrl":"https:\/\/idckohtao.com\/wp-content\/uploads\/2023\/09\/idckohtao.com-padi-diving-center-in-koh-tao-thailand.png","width":400,"height":300,"caption":"IDC Koh Tao"},"image":{"@id":"https:\/\/idckohtao.com\/fr\/#\/schema\/logo\/image\/"},"sameAs":["https:\/\/www.facebook.com\/GoProIDCKohTao","https:\/\/x.com\/GoProIDCKohTao","https:\/\/www.youtube.com\/idckohtao","https:\/\/www.instagram.com\/idc.kohtao\/"],"description":"IDC Koh Tao is a part of the Black Turtle Dive pro level training team with three PADI Course Directors being led by Award Winning PADI Course Director Matt Bolton. Our full range of pro and recreational PADI Diving Courses provides aspiring scuba divers with education, fun, excitement, adventure, and a change of lifestyle or an opportunity to pursue a new career.","email":"info@idckohtao.com","legalName":"IDC Koh Tao","foundingDate":"2004-01-04","numberOfEmployees":{"@type":"QuantitativeValue","minValue":"1","maxValue":"10"},"correctionsPolicy":"https:\/\/idckohtao.com\/privacy-policy\/","ethicsPolicy":"https:\/\/idckohtao.com\/terms\/"},{"@type":"Person","@id":"https:\/\/idckohtao.com\/fr\/#\/schema\/person\/d08d557cbfdbc171f824052dae697b02","name":"ojasya","image":{"@type":"ImageObject","inLanguage":"fr-FR","@id":"https:\/\/secure.gravatar.com\/avatar\/6fb34e36d09053a6545fc21d344613321bb1933f185132488f38052166f5a001?s=96&d=mm&r=g","url":"https:\/\/secure.gravatar.com\/avatar\/6fb34e36d09053a6545fc21d344613321bb1933f185132488f38052166f5a001?s=96&d=mm&r=g","contentUrl":"https:\/\/secure.gravatar.com\/avatar\/6fb34e36d09053a6545fc21d344613321bb1933f185132488f38052166f5a001?s=96&d=mm&r=g","caption":"ojasya"},"sameAs":["https:\/\/idckohtao.com"],"url":"https:\/\/idckohtao.com\/fr\/blog\/author\/ojasya\/"}]}},"_links":{"self":[{"href":"https:\/\/idckohtao.com\/fr\/wp-json\/wp\/v2\/pages\/3378","targetHints":{"allow":["GET"]}}],"collection":[{"href":"https:\/\/idckohtao.com\/fr\/wp-json\/wp\/v2\/pages"}],"about":[{"href":"https:\/\/idckohtao.com\/fr\/wp-json\/wp\/v2\/types\/page"}],"author":[{"embeddable":true,"href":"https:\/\/idckohtao.com\/fr\/wp-json\/wp\/v2\/users\/1"}],"replies":[{"embeddable":true,"href":"https:\/\/idckohtao.com\/fr\/wp-json\/wp\/v2\/comments?post=3378"}],"version-history":[{"count":0,"href":"https:\/\/idckohtao.com\/fr\/wp-json\/wp\/v2\/pages\/3378\/revisions"}],"wp:featuredmedia":[{"embeddable":true,"href":"https:\/\/idckohtao.com\/fr\/wp-json\/wp\/v2\/media\/2354"}],"wp:attachment":[{"href":"https:\/\/idckohtao.com\/fr\/wp-json\/wp\/v2\/media?parent=3378"}],"curies":[{"name":"wp","href":"https:\/\/api.w.org\/{rel}","templated":true}]}}