{"id":3381,"date":"2023-08-11T08:38:35","date_gmt":"2023-08-11T08:38:35","guid":{"rendered":"https:\/\/idckohtao.com\/fish-id-instructor-specialty\/"},"modified":"2026-01-01T08:29:57","modified_gmt":"2026-01-01T08:29:57","slug":"fish-id-instructor-specialty","status":"publish","type":"page","link":"https:\/\/idckohtao.com\/fr\/pro-level-courses\/fish-id-instructor-specialty\/","title":{"rendered":"Sp\u00e9cialit\u00e9 D&rsquo;instructeur D&rsquo;identification Des Poissons"},"content":{"rendered":"<div class=\"wpb-content-wrapper\"><p>[vc_row][vc_column][vc_column_text]<\/p>\n<h2>MSDT \u2013 Cours d\u2019instructeur sp\u00e9cialis\u00e9 PADI, Koh Tao, Tha\u00eflande<\/h2>\n<p>L\u2019une des questions les plus fr\u00e9quemment pos\u00e9es par les \u00e9l\u00e8ves plongeurs \u00e0 leur instructeur PADI est \u00ab\u00a0<em>quel \u00e9tait ce poisson<\/em>\u00a0\u00bb. La formation pour devenir instructeur PADI d\u2019identification des poissons vous aidera \u00e0 r\u00e9pondre \u00e0 ce type de question, en augmentant votre propre capacit\u00e9 \u00e0 identifier correctement les poissons sous l\u2019eau. Vous pouvez \u00e9galement offrir le cours de sp\u00e9cialit\u00e9 d\u2019identification de poissons populaire \u00e0 vos \u00e9tudiants.<\/p>\n<p>En apprenant \u00e0 vos \u00e9l\u00e8ves \u00e0 reconna\u00eetre le type de poisson qu\u2019ils voient, il leur sera plus facile de trouver les esp\u00e8ces exactes qu\u2019ils ont vues apr\u00e8s une plong\u00e9e.<\/p>\n<p>Par exemple, un m\u00e9rou dans les Cara\u00efbes aura une forme et des caract\u00e9ristiques similaires \u00e0 un m\u00e9rou en Asie du Sud-Est, mais les couleurs et les marques peuvent \u00eatre tr\u00e8s diff\u00e9rentes.<\/p>\n<p><b>Connaissez votre poisson!<br \/>\n<\/b><\/p>\n<p>Koh Tao est abondante avec une diversit\u00e9 de vie de poissons; des bancs de Trevally, Chevron Barracuda &amp; Snapper les plus fr\u00e9quemment observ\u00e9s sur les sites de plong\u00e9e les plus \u00e9loign\u00e9s tels que Chumphon Pinnacle. Parrotfish et les poissons-papillons plus souvent observ\u00e9s sur les r\u00e9cifs peu profonds plus proches de l\u2019\u00eele.<\/p>\n<p>Koh Tao poss\u00e8de de nombreux sites de plong\u00e9e, faisant \u00e9quipe avec des poissons qui sont id\u00e9aux pour vous de mener ce cours de sp\u00e9cialit\u00e9 PADI populaire.<\/p>\n<p><img decoding=\"async\" class=\"alignnone wp-image-986 size-large\" src=\"https:\/\/idckohtao.com\/wp-content\/uploads\/2023\/08\/idckohtao.com-padi-fish-id-instructor-specialties-1024x663.jpg\" sizes=\"(max-width: 1024px) 100vw, 1024px\" srcset=\"https:\/\/idckohtao.com\/wp-content\/uploads\/2023\/08\/idckohtao.com-padi-fish-id-instructor-specialties-1024x663.jpg 1024w, https:\/\/idckohtao.com\/wp-content\/uploads\/2023\/08\/idckohtao.com-padi-fish-id-instructor-specialties-300x194.jpg 300w, https:\/\/idckohtao.com\/wp-content\/uploads\/2023\/08\/idckohtao.com-padi-fish-id-instructor-specialties-768x497.jpg 768w, https:\/\/idckohtao.com\/wp-content\/uploads\/2023\/08\/idckohtao.com-padi-fish-id-instructor-specialties.jpg 1080w\" alt=\"idckohtao.com-padi-fish-id-instructor-specialties\" width=\"1024\" height=\"663\" \/><\/p>\n<p>Le cours d\u2019identification des poissons PADI peut \u00eatre planifi\u00e9 sur une journ\u00e9e.<\/p>\n<p>Vous apprendrez \u00e0 enseigner \u00e0 vos \u00e9l\u00e8ves \u00e0 identifier les caract\u00e9ristiques des familles et esp\u00e8ces de poissons locales, les techniques et strat\u00e9gies de relev\u00e9 des poissons, y compris les habitats et les populations, et \u00e0 les \u00e9duquer sur les activit\u00e9s du \u2018Project AWARE\u2019 qui peuvent aider \u00e0 prot\u00e9ger la vie aquatique.<\/p>\n<p>Le cours PADI Fish Identification Specialty se concentre sur les familles de poissons et les esp\u00e8ces pr\u00e9sentes dans l\u2019environnement de plong\u00e9e local de Koh Tao.<\/p>\n<p><b>Qui peut s\u2019inscrire au cours d\u2019instructeur d\u2019identification des poissons PADI?<br \/>\n<\/b><\/p>\n<p>Un\u00a0<a href=\"https:\/\/idckohtao.com\/fr\/pro-level-courses\/padi-instructor-development-course\/\">Instructeur PADI (OWSI)<\/a>\u00a0renouvel\u00e9<\/p>\n<p><strong>Remarque:<\/strong>\u00a0Les candidats IDC \/ OWSI peuvent participer au cours de formation d\u2019instructeur sp\u00e9cialis\u00e9 PADI DPV, mais ne peuvent demander la certification d\u2019instructeur sp\u00e9cialis\u00e9 qu\u2019apr\u00e8s avoir r\u00e9ussi l\u2019examen pour instructeur (IE).<\/p>\n<p>Les instructeurs sp\u00e9cialis\u00e9s en identification des poissons doivent avoir effectu\u00e9 au moins 10 plong\u00e9es d\u2019identification de poissons avant la certification. Il s\u2019agit d\u2019une condition de sortie de cours et les plong\u00e9es peuvent \u00eatre effectu\u00e9es apr\u00e8s le cours de formation d\u2019instructeur.<\/p>\n<p><img decoding=\"async\" class=\"alignnone wp-image-984 size-large\" src=\"https:\/\/idckohtao.com\/wp-content\/uploads\/2023\/08\/idckohtao.com-padi-fish-id-instructor-specialty-kohtao-islands-1024x576.jpg\" sizes=\"(max-width: 1024px) 100vw, 1024px\" srcset=\"https:\/\/idckohtao.com\/wp-content\/uploads\/2023\/08\/idckohtao.com-padi-fish-id-instructor-specialty-kohtao-islands-1024x576.jpg 1024w, https:\/\/idckohtao.com\/wp-content\/uploads\/2023\/08\/idckohtao.com-padi-fish-id-instructor-specialty-kohtao-islands-300x169.jpg 300w, https:\/\/idckohtao.com\/wp-content\/uploads\/2023\/08\/idckohtao.com-padi-fish-id-instructor-specialty-kohtao-islands-768x432.jpg 768w, https:\/\/idckohtao.com\/wp-content\/uploads\/2023\/08\/idckohtao.com-padi-fish-id-instructor-specialty-kohtao-islands.jpg 1080w\" alt=\"idckohtao.com-padi-fish-id-instructor-specialty-kohtao-islands\" width=\"1024\" height=\"576\" \/><\/p>\n<h2><b>Qu\u2019allez-vous apprendre?<\/b><\/h2>\n<p>Vous participerez aux sessions suivantes:<\/p>\n<ul>\n<li>Pr\u00e9senter et \u00eatre \u00e9valu\u00e9 sur une pr\u00e9sentation normative de la r\u00e9vision des connaissances du cours d\u2019identification des poissons PADI<\/li>\n<li>Normes, proc\u00e9dures et programme d\u2019identification des poissons PADI<\/li>\n<li>Comment organiser, animer et commercialiser le cours d\u2019identification des poissons PADI<\/li>\n<li>Session de formation en eau libre \u2013 o\u00f9 vous apprendrez \u00e0 d\u00e9montrer, ex\u00e9cuter et \u00e9valuer les comp\u00e9tences de niveau \u00e9tudiant du cours d\u2019identification des poissons PADI.<\/li>\n<\/ul>\n<p>Vous terminerez la plong\u00e9e de formation en eau libre sur l\u2019un des nombreux sites de plong\u00e9e locaux adapt\u00e9s \u00e0 cette formation.<\/p>\n<p>En tant qu\u2019instructeur d\u2019identification de poissons PADI, vous \u00eates certifi\u00e9 pour enseigner de mani\u00e8re ind\u00e9pendante le cours de sp\u00e9cialit\u00e9 d\u2019identification de poissons PADI[\/vc_column_text]<div class=\"text-left\"><div class=\"bt-course-price\"><h4>Prix du cours: 4,000 THB<\/h4><a href=\"https:\/\/idckohtao.com\/fr\/packages-prices\" class=\"button\">R\u00c9SERVATION EN LIGNE<\/a><\/div><\/div>[vc_column_text css=\u00a0\u00bb\u00a0\u00bb]<b>Mat\u00e9riaux PADI:<\/b><\/p>\n<p><i>Veuillez apporter le mat\u00e9riel suivant avec votre manuel d\u2019instructeur de cours de sp\u00e9cialit\u00e9 PADI. Vous les avez re\u00e7ues dans le cadre du \u2018IDC Crewpack\u2019 pendant votre IDC. \u2013 Manuel de l\u2019instructeur des cours de sp\u00e9cialit\u00e9 PADI (CD-Rom)<\/i><\/p>\n<p><i><\/i>De plus, vous aurez besoin d\u2019une copie du manuel de l\u2019instructeur PADI. Depuis 2010, le manuel de l\u2019instructeur est disponible en t\u00e9l\u00e9chargement gratuit pour tous les membres PADI renouvel\u00e9s sur\u00a0<a href=\"https:\/\/www.padi.com\/mypadi\/\" target=\"_blank\" rel=\"noopener\">www.padi.com\/mypadi<\/a><\/p>\n<p><b>Frais PADI<\/b><\/p>\n<p>Instructeur du Sp\u00e9cialit\u00e9 identification des poissons PADI frais de candidature:\u00a0<strong>145 AUD$<\/strong>[\/vc_column_text][\/vc_column][\/vc_row]<\/p>\n<\/div>","protected":false},"excerpt":{"rendered":"<p>[vc_row][vc_column][vc_column_text] MSDT \u2013 Cours d\u2019instructeur sp\u00e9cialis\u00e9 PADI, Koh Tao, Tha\u00eflande L\u2019une des questions les plus fr\u00e9quemment pos\u00e9es par les \u00e9l\u00e8ves plongeurs \u00e0 leur instructeur PADI est \u00ab\u00a0quel \u00e9tait ce poisson\u00a0\u00bb. La formation pour devenir instructeur PADI d\u2019identification des poissons vous aidera \u00e0 r\u00e9pondre \u00e0 ce type de question, en augmentant votre propre capacit\u00e9 \u00e0 identifier [&hellip;]<\/p>\n","protected":false},"author":1,"featured_media":5085,"parent":7934,"menu_order":0,"comment_status":"closed","ping_status":"closed","template":"","meta":{"_acf_changed":false,"footnotes":""},"class_list":["post-3381","page","type-page","status-publish","has-post-thumbnail","hentry"],"acf":[],"yoast_head":"<!-- This site is optimized with the Yoast SEO Premium plugin v27.5 (Yoast SEO v27.5) - https:\/\/yoast.com\/product\/yoast-seo-premium-wordpress\/ -->\n<title>IDC Koh Tao | Cours d&#039;instructeur d&#039;identification de poissons PADI<\/title>\n<meta name=\"description\" content=\"Notre cours sp\u00e9cialis\u00e9 d&#039;instructeur d&#039;identification de poissons PADI \u00e0 Koh Tao vous certifie en tant qu&#039;instructeur sp\u00e9cialis\u00e9 pour enseigner aux \u00e9tudiants comment identifier correctement les poissons\" \/>\n<meta name=\"robots\" content=\"index, follow, max-snippet:-1, max-image-preview:large, max-video-preview:-1\" \/>\n<link rel=\"canonical\" href=\"https:\/\/idckohtao.com\/fr\/pro-level-courses\/fish-id-instructor-specialty\/\" \/>\n<meta property=\"og:locale\" content=\"fr_FR\" \/>\n<meta property=\"og:type\" content=\"article\" \/>\n<meta property=\"og:title\" content=\"IDC Koh Tao | Cours d&#039;instructeur d&#039;identification de poissons PADI\" \/>\n<meta property=\"og:description\" content=\"Notre cours sp\u00e9cialis\u00e9 d&#039;instructeur d&#039;identification de poissons PADI \u00e0 Koh Tao vous certifie en tant qu&#039;instructeur sp\u00e9cialis\u00e9 pour enseigner aux \u00e9tudiants comment identifier correctement les poissons\" \/>\n<meta property=\"og:url\" content=\"https:\/\/idckohtao.com\/fr\/pro-level-courses\/fish-id-instructor-specialty\/\" \/>\n<meta property=\"og:site_name\" content=\"IDC Koh Tao\" \/>\n<meta property=\"article:publisher\" content=\"https:\/\/www.facebook.com\/GoProIDCKohTao\" \/>\n<meta property=\"article:modified_time\" content=\"2026-01-01T08:29:57+00:00\" \/>\n<meta property=\"og:image\" content=\"https:\/\/idckohtao.com\/wp-content\/uploads\/2023\/09\/idckohtao.com-fish-identification-course-in-koh-tao-thailand.jpeg\" \/>\n\t<meta property=\"og:image:width\" content=\"1200\" \/>\n\t<meta property=\"og:image:height\" content=\"765\" \/>\n\t<meta property=\"og:image:type\" content=\"image\/jpeg\" \/>\n<meta name=\"twitter:card\" content=\"summary_large_image\" \/>\n<meta name=\"twitter:title\" content=\"IDC Koh Tao | Cours d&#039;instructeur d&#039;identification de poissons PADI\" \/>\n<meta name=\"twitter:description\" content=\"Notre cours sp\u00e9cialis\u00e9 d&#039;instructeur d&#039;identification de poissons PADI \u00e0 Koh Tao vous certifie en tant qu&#039;instructeur sp\u00e9cialis\u00e9 pour enseigner aux \u00e9tudiants comment identifier correctement les poissons\" \/>\n<meta name=\"twitter:site\" content=\"@GoProIDCKohTao\" \/>\n<!-- \/ Yoast SEO Premium plugin. -->","yoast_head_json":{"title":"IDC Koh Tao | Cours d'instructeur d'identification de poissons PADI","description":"Notre cours sp\u00e9cialis\u00e9 d'instructeur d'identification de poissons PADI \u00e0 Koh Tao vous certifie en tant qu'instructeur sp\u00e9cialis\u00e9 pour enseigner aux \u00e9tudiants comment identifier correctement les poissons","robots":{"index":"index","follow":"follow","max-snippet":"max-snippet:-1","max-image-preview":"max-image-preview:large","max-video-preview":"max-video-preview:-1"},"canonical":"https:\/\/idckohtao.com\/fr\/pro-level-courses\/fish-id-instructor-specialty\/","og_locale":"fr_FR","og_type":"article","og_title":"IDC Koh Tao | Cours d'instructeur d'identification de poissons PADI","og_description":"Notre cours sp\u00e9cialis\u00e9 d'instructeur d'identification de poissons PADI \u00e0 Koh Tao vous certifie en tant qu'instructeur sp\u00e9cialis\u00e9 pour enseigner aux \u00e9tudiants comment identifier correctement les poissons","og_url":"https:\/\/idckohtao.com\/fr\/pro-level-courses\/fish-id-instructor-specialty\/","og_site_name":"IDC Koh Tao","article_publisher":"https:\/\/www.facebook.com\/GoProIDCKohTao","article_modified_time":"2026-01-01T08:29:57+00:00","og_image":[{"width":1200,"height":765,"url":"https:\/\/idckohtao.com\/wp-content\/uploads\/2023\/09\/idckohtao.com-fish-identification-course-in-koh-tao-thailand.jpeg","type":"image\/jpeg"}],"twitter_card":"summary_large_image","twitter_title":"IDC Koh Tao | Cours d'instructeur d'identification de poissons PADI","twitter_description":"Notre cours sp\u00e9cialis\u00e9 d'instructeur d'identification de poissons PADI \u00e0 Koh Tao vous certifie en tant qu'instructeur sp\u00e9cialis\u00e9 pour enseigner aux \u00e9tudiants comment identifier correctement les poissons","twitter_site":"@GoProIDCKohTao","schema":{"@context":"https:\/\/schema.org","@graph":[{"@type":"NewsArticle","@id":"https:\/\/idckohtao.com\/fr\/pro-level-courses\/fish-id-instructor-specialty\/#article","isPartOf":{"@id":"https:\/\/idckohtao.com\/fr\/pro-level-courses\/fish-id-instructor-specialty\/"},"author":{"name":"ojasya","@id":"https:\/\/idckohtao.com\/fr\/#\/schema\/person\/d08d557cbfdbc171f824052dae697b02"},"headline":"Sp\u00e9cialit\u00e9 D&rsquo;instructeur D&rsquo;identification Des Poissons","datePublished":"2023-08-11T08:38:35+00:00","dateModified":"2026-01-01T08:29:57+00:00","mainEntityOfPage":{"@id":"https:\/\/idckohtao.com\/fr\/pro-level-courses\/fish-id-instructor-specialty\/"},"wordCount":709,"publisher":{"@id":"https:\/\/idckohtao.com\/fr\/#organization"},"image":{"@id":"https:\/\/idckohtao.com\/fr\/pro-level-courses\/fish-id-instructor-specialty\/#primaryimage"},"thumbnailUrl":"https:\/\/idckohtao.com\/wp-content\/uploads\/2023\/09\/idckohtao.com-fish-identification-course-in-koh-tao-thailand.jpeg","inLanguage":"fr-FR"},{"@type":"WebPage","@id":"https:\/\/idckohtao.com\/fr\/pro-level-courses\/fish-id-instructor-specialty\/","url":"https:\/\/idckohtao.com\/fr\/pro-level-courses\/fish-id-instructor-specialty\/","name":"IDC Koh Tao | Cours d'instructeur d'identification de poissons PADI","isPartOf":{"@id":"https:\/\/idckohtao.com\/fr\/#website"},"primaryImageOfPage":{"@id":"https:\/\/idckohtao.com\/fr\/pro-level-courses\/fish-id-instructor-specialty\/#primaryimage"},"image":{"@id":"https:\/\/idckohtao.com\/fr\/pro-level-courses\/fish-id-instructor-specialty\/#primaryimage"},"thumbnailUrl":"https:\/\/idckohtao.com\/wp-content\/uploads\/2023\/09\/idckohtao.com-fish-identification-course-in-koh-tao-thailand.jpeg","datePublished":"2023-08-11T08:38:35+00:00","dateModified":"2026-01-01T08:29:57+00:00","description":"Notre cours sp\u00e9cialis\u00e9 d'instructeur d'identification de poissons PADI \u00e0 Koh Tao vous certifie en tant qu'instructeur sp\u00e9cialis\u00e9 pour enseigner aux \u00e9tudiants comment identifier correctement les poissons","breadcrumb":{"@id":"https:\/\/idckohtao.com\/fr\/pro-level-courses\/fish-id-instructor-specialty\/#breadcrumb"},"inLanguage":"fr-FR","potentialAction":[{"@type":"ReadAction","target":["https:\/\/idckohtao.com\/fr\/pro-level-courses\/fish-id-instructor-specialty\/"]}]},{"@type":"ImageObject","inLanguage":"fr-FR","@id":"https:\/\/idckohtao.com\/fr\/pro-level-courses\/fish-id-instructor-specialty\/#primaryimage","url":"https:\/\/idckohtao.com\/wp-content\/uploads\/2023\/09\/idckohtao.com-fish-identification-course-in-koh-tao-thailand.jpeg","contentUrl":"https:\/\/idckohtao.com\/wp-content\/uploads\/2023\/09\/idckohtao.com-fish-identification-course-in-koh-tao-thailand.jpeg","width":1200,"height":765,"caption":"Fish Identification Instructor Specialty course"},{"@type":"BreadcrumbList","@id":"https:\/\/idckohtao.com\/fr\/pro-level-courses\/fish-id-instructor-specialty\/#breadcrumb","itemListElement":[{"@type":"ListItem","position":1,"name":"Home","item":"https:\/\/idckohtao.com\/fr\/"},{"@type":"ListItem","position":2,"name":"Pro level","item":"https:\/\/idckohtao.com\/fr\/pro-level-courses\/"},{"@type":"ListItem","position":3,"name":"Sp\u00e9cialit\u00e9 D&rsquo;instructeur D&rsquo;identification Des Poissons"}]},{"@type":"WebSite","@id":"https:\/\/idckohtao.com\/fr\/#website","url":"https:\/\/idckohtao.com\/fr\/","name":"IDC Koh Tao","description":"PADI IDC 5 Star Diving Center in Koh Tao - Thailand","publisher":{"@id":"https:\/\/idckohtao.com\/fr\/#organization"},"alternateName":"IDC Koh Tao in Thailand","potentialAction":[{"@type":"SearchAction","target":{"@type":"EntryPoint","urlTemplate":"https:\/\/idckohtao.com\/fr\/?s={search_term_string}"},"query-input":{"@type":"PropertyValueSpecification","valueRequired":true,"valueName":"search_term_string"}}],"inLanguage":"fr-FR"},{"@type":"Organization","@id":"https:\/\/idckohtao.com\/fr\/#organization","name":"IDC Koh Tao","alternateName":"IDC Koh Tao | Divemaster & Diving Instructor","url":"https:\/\/idckohtao.com\/fr\/","logo":{"@type":"ImageObject","inLanguage":"fr-FR","@id":"https:\/\/idckohtao.com\/fr\/#\/schema\/logo\/image\/","url":"https:\/\/idckohtao.com\/wp-content\/uploads\/2023\/09\/idckohtao.com-padi-diving-center-in-koh-tao-thailand.png","contentUrl":"https:\/\/idckohtao.com\/wp-content\/uploads\/2023\/09\/idckohtao.com-padi-diving-center-in-koh-tao-thailand.png","width":400,"height":300,"caption":"IDC Koh Tao"},"image":{"@id":"https:\/\/idckohtao.com\/fr\/#\/schema\/logo\/image\/"},"sameAs":["https:\/\/www.facebook.com\/GoProIDCKohTao","https:\/\/x.com\/GoProIDCKohTao","https:\/\/www.youtube.com\/idckohtao","https:\/\/www.instagram.com\/idc.kohtao\/"],"description":"IDC Koh Tao is a part of the Black Turtle Dive pro level training team with three PADI Course Directors being led by Award Winning PADI Course Director Matt Bolton. Our full range of pro and recreational PADI Diving Courses provides aspiring scuba divers with education, fun, excitement, adventure, and a change of lifestyle or an opportunity to pursue a new career.","email":"info@idckohtao.com","legalName":"IDC Koh Tao","foundingDate":"2004-01-04","numberOfEmployees":{"@type":"QuantitativeValue","minValue":"1","maxValue":"10"},"correctionsPolicy":"https:\/\/idckohtao.com\/privacy-policy\/","ethicsPolicy":"https:\/\/idckohtao.com\/terms\/"},{"@type":"Person","@id":"https:\/\/idckohtao.com\/fr\/#\/schema\/person\/d08d557cbfdbc171f824052dae697b02","name":"ojasya","image":{"@type":"ImageObject","inLanguage":"fr-FR","@id":"https:\/\/secure.gravatar.com\/avatar\/6fb34e36d09053a6545fc21d344613321bb1933f185132488f38052166f5a001?s=96&d=mm&r=g","url":"https:\/\/secure.gravatar.com\/avatar\/6fb34e36d09053a6545fc21d344613321bb1933f185132488f38052166f5a001?s=96&d=mm&r=g","contentUrl":"https:\/\/secure.gravatar.com\/avatar\/6fb34e36d09053a6545fc21d344613321bb1933f185132488f38052166f5a001?s=96&d=mm&r=g","caption":"ojasya"},"sameAs":["https:\/\/idckohtao.com"],"url":"https:\/\/idckohtao.com\/fr\/blog\/author\/ojasya\/"}]}},"_links":{"self":[{"href":"https:\/\/idckohtao.com\/fr\/wp-json\/wp\/v2\/pages\/3381","targetHints":{"allow":["GET"]}}],"collection":[{"href":"https:\/\/idckohtao.com\/fr\/wp-json\/wp\/v2\/pages"}],"about":[{"href":"https:\/\/idckohtao.com\/fr\/wp-json\/wp\/v2\/types\/page"}],"author":[{"embeddable":true,"href":"https:\/\/idckohtao.com\/fr\/wp-json\/wp\/v2\/users\/1"}],"replies":[{"embeddable":true,"href":"https:\/\/idckohtao.com\/fr\/wp-json\/wp\/v2\/comments?post=3381"}],"version-history":[{"count":2,"href":"https:\/\/idckohtao.com\/fr\/wp-json\/wp\/v2\/pages\/3381\/revisions"}],"predecessor-version":[{"id":7551,"href":"https:\/\/idckohtao.com\/fr\/wp-json\/wp\/v2\/pages\/3381\/revisions\/7551"}],"up":[{"embeddable":true,"href":"https:\/\/idckohtao.com\/fr\/wp-json\/wp\/v2\/pages\/7934"}],"wp:featuredmedia":[{"embeddable":true,"href":"https:\/\/idckohtao.com\/fr\/wp-json\/wp\/v2\/media\/5085"}],"wp:attachment":[{"href":"https:\/\/idckohtao.com\/fr\/wp-json\/wp\/v2\/media?parent=3381"}],"curies":[{"name":"wp","href":"https:\/\/api.w.org\/{rel}","templated":true}]}}