{"id":3388,"date":"2023-08-10T14:01:52","date_gmt":"2023-08-10T14:01:52","guid":{"rendered":"https:\/\/idckohtao.com\/padi-idc-koh-tao-schedule\/"},"modified":"2025-12-08T04:18:38","modified_gmt":"2025-12-08T04:18:38","slug":"padi-idc-koh-tao-schedule","status":"publish","type":"page","link":"https:\/\/idckohtao.com\/fr\/pro-level-courses\/padi-idc-koh-tao-schedule\/","title":{"rendered":"Horaires IDC"},"content":{"rendered":"<div class=\"wpb-content-wrapper\"><p>[vc_row][vc_column][vc_custom_heading text=\u00a0\u00bbHoraire complet 2026&Prime; font_container=\u00a0\u00bbtag:h3|text_align:center\u00a0\u00bb use_theme_fonts=\u00a0\u00bbyes\u00a0\u00bb css=\u00a0\u00bb\u00a0\u00bb][\/vc_column][\/vc_row][vc_row css=\u00a0\u00bb.vc_custom_1691734163881{margin-top: 30px !important;margin-bottom: 40px !important;}\u00a0\u00bb][vc_column][vc_column_text css=\u00a0\u00bb\u00a0\u00bb]<\/p>\n<p style=\"text-align: center;\">IDC Prep \u2013 Preparation<br \/>\nIDC \u2013 Instructor Development Course<br \/>\nPADI IE \u2013 PADI Instructor Exam<\/p>\n<p style=\"text-align: center;\">** 2026 Les dates peuvent changer, veuillez demander \u00e0 confirmer<\/p>\n<p>[\/vc_column_text][\/vc_column][\/vc_row][vc_row][vc_column width=\u00a0\u00bb1\/4&Prime;][vc_column_text css=\u00a0\u00bb.vc_custom_1756167121813{border-top-width: 1px !important;border-right-width: 1px !important;border-bottom-width: 1px !important;border-left-width: 1px !important;padding-top: 20px !important;padding-right: 15px !important;padding-bottom: 20px !important;padding-left: 15px !important;border-left-style: solid !important;border-right-style: solid !important;border-top-style: solid !important;border-bottom-style: solid !important;}\u00a0\u00bb el_class=\u00a0\u00bbschedule-box\u00a0\u00bb]<\/p>\n<h4 style=\"text-align: center;\"><strong>JANVIER<\/strong><\/h4>\n<p style=\"text-align: center;\">Prep \u2013 4th \u2013 5th<br \/>\nIDC 6th \u2013 19th<br \/>\nPADI IE 20th \u2013 21st<br \/>\nMSDT \u2013 23rd<\/p>\n<p>[\/vc_column_text][\/vc_column][vc_column width=\u00a0\u00bb1\/4&Prime;][vc_column_text css=\u00a0\u00bb.vc_custom_1756167168272{border-top-width: 1px !important;border-right-width: 1px !important;border-bottom-width: 1px !important;border-left-width: 1px !important;padding-top: 20px !important;padding-right: 15px !important;padding-bottom: 20px !important;padding-left: 15px !important;border-left-style: solid !important;border-right-style: solid !important;border-top-style: solid !important;border-bottom-style: solid !important;}\u00a0\u00bb el_class=\u00a0\u00bbschedule-box\u00a0\u00bb]<\/p>\n<h4 style=\"text-align: center;\"><strong>F\u00c9VRIER<\/strong><\/h4>\n<p style=\"text-align: center;\">Prep \u2013 1st \u2013 2nd<br \/>\nIDC 3rd \u2013 16th<br \/>\nPADI IE 17th \u2013 18th<br \/>\nMSDT \u2013 20th<\/p>\n<p>[\/vc_column_text][\/vc_column][vc_column width=\u00a0\u00bb1\/4&Prime;][vc_column_text css=\u00a0\u00bb.vc_custom_1756167222979{border-top-width: 1px !important;border-right-width: 1px !important;border-bottom-width: 1px !important;border-left-width: 1px !important;padding-top: 20px !important;padding-right: 15px !important;padding-bottom: 20px !important;padding-left: 15px !important;border-left-style: solid !important;border-right-style: solid !important;border-top-style: solid !important;border-bottom-style: solid !important;}\u00a0\u00bb el_class=\u00a0\u00bbschedule-box\u00a0\u00bb]<\/p>\n<h4 style=\"text-align: center;\"><strong>MARS<\/strong><\/h4>\n<p style=\"text-align: center;\">Prep \u2013 1st \u2013 2nd<br \/>\nIDC 3rd \u2013 16th<br \/>\nPADI IE 17th \u2013 18th<br \/>\nMSDT \u2013 20th<\/p>\n<p>[\/vc_column_text][\/vc_column][vc_column width=\u00a0\u00bb1\/4&Prime;][vc_column_text css=\u00a0\u00bb.vc_custom_1756167269836{border-top-width: 1px !important;border-right-width: 1px !important;border-bottom-width: 1px !important;border-left-width: 1px !important;padding-top: 20px !important;padding-right: 15px !important;padding-bottom: 20px !important;padding-left: 15px !important;border-left-style: solid !important;border-right-style: solid !important;border-top-style: solid !important;border-bottom-style: solid !important;}\u00a0\u00bb el_class=\u00a0\u00bbschedule-box\u00a0\u00bb]<\/p>\n<h4 style=\"text-align: center;\"><strong>AVRIL<\/strong><\/h4>\n<p style=\"text-align: center;\">Prep \u2013 5th \u2013 6th<br \/>\nIDC 7th \u2013 20th<br \/>\nPADI IE 21st \u2013 22nd<br \/>\nMSDT \u2013 24th<\/p>\n<p>[\/vc_column_text][\/vc_column][\/vc_row][vc_row][vc_column width=\u00a0\u00bb1\/4&Prime;][vc_column_text css=\u00a0\u00bb.vc_custom_1756167315218{border-top-width: 1px !important;border-right-width: 1px !important;border-bottom-width: 1px !important;border-left-width: 1px !important;padding-top: 20px !important;padding-right: 15px !important;padding-bottom: 20px !important;padding-left: 15px !important;border-left-style: solid !important;border-right-style: solid !important;border-top-style: solid !important;border-bottom-style: solid !important;}\u00a0\u00bb el_class=\u00a0\u00bbschedule-box\u00a0\u00bb]<\/p>\n<h4 style=\"text-align: center;\"><strong>MAI<\/strong><\/h4>\n<p style=\"text-align: center;\">Prep \u2013 3rd \u2013 4th<br \/>\nIDC 5th \u2013 18th<br \/>\nPADI IE 19th \u2013 20th<br \/>\nMSDT \u2013 22nd<\/p>\n<p>[\/vc_column_text][\/vc_column][vc_column width=\u00a0\u00bb1\/4&Prime;][vc_column_text css=\u00a0\u00bb.vc_custom_1756167354920{border-top-width: 1px !important;border-right-width: 1px !important;border-bottom-width: 1px !important;border-left-width: 1px !important;padding-top: 20px !important;padding-right: 15px !important;padding-bottom: 20px !important;padding-left: 15px !important;border-left-style: solid !important;border-right-style: solid !important;border-top-style: solid !important;border-bottom-style: solid !important;}\u00a0\u00bb el_class=\u00a0\u00bbschedule-box\u00a0\u00bb]<\/p>\n<h4 style=\"text-align: center;\"><strong>JUIN<\/strong><\/h4>\n<p style=\"text-align: center;\">Prep \u2013 7th \u2013 8th<br \/>\nIDC 9th \u2013 22nd<br \/>\nPADI IE 23rd \u2013 24th<br \/>\nMSDT \u2013 26th<\/p>\n<p>[\/vc_column_text][\/vc_column][vc_column width=\u00a0\u00bb1\/4&Prime;][vc_column_text css=\u00a0\u00bb.vc_custom_1756167403351{border-top-width: 1px !important;border-right-width: 1px !important;border-bottom-width: 1px !important;border-left-width: 1px !important;padding-top: 20px !important;padding-right: 15px !important;padding-bottom: 20px !important;padding-left: 15px !important;border-left-style: solid !important;border-right-style: solid !important;border-top-style: solid !important;border-bottom-style: solid !important;}\u00a0\u00bb el_class=\u00a0\u00bbschedule-box\u00a0\u00bb]<\/p>\n<h4 style=\"text-align: center;\"><strong>JUILLET<\/strong><\/h4>\n<p style=\"text-align: center;\">Prep \u2013 5th \u2013 6th<br \/>\nIDC 7th \u2013 20th<br \/>\nPADI IE 21st \u2013 22nd<br \/>\nMSDT \u2013 24th<\/p>\n<p>[\/vc_column_text][\/vc_column][vc_column width=\u00a0\u00bb1\/4&Prime;][vc_column_text css=\u00a0\u00bb.vc_custom_1756167451640{border-top-width: 1px !important;border-right-width: 1px !important;border-bottom-width: 1px !important;border-left-width: 1px !important;padding-top: 20px !important;padding-right: 15px !important;padding-bottom: 20px !important;padding-left: 15px !important;border-left-style: solid !important;border-right-style: solid !important;border-top-style: solid !important;border-bottom-style: solid !important;}\u00a0\u00bb el_class=\u00a0\u00bbschedule-box\u00a0\u00bb]<\/p>\n<h4 style=\"text-align: center;\"><strong>AO\u00dbT<\/strong><\/h4>\n<p style=\"text-align: center;\">Prep \u2013 2nd \u2013 3rd<br \/>\nIDC 4th \u2013 17th<br \/>\nPADI IE 18th \u2013 19th<br \/>\nMSDT \u2013 21st<\/p>\n<p>[\/vc_column_text][\/vc_column][\/vc_row][vc_row][vc_column width=\u00a0\u00bb1\/4&Prime;][vc_column_text css=\u00a0\u00bb.vc_custom_1756167502817{border-top-width: 1px !important;border-right-width: 1px !important;border-bottom-width: 1px !important;border-left-width: 1px !important;padding-top: 20px !important;padding-right: 15px !important;padding-bottom: 20px !important;padding-left: 15px !important;border-left-style: solid !important;border-right-style: solid !important;border-top-style: solid !important;border-bottom-style: solid !important;}\u00a0\u00bb el_class=\u00a0\u00bbschedule-box\u00a0\u00bb]<\/p>\n<h4 style=\"text-align: center;\"><strong>SEPTEMBRE<\/strong><\/h4>\n<p style=\"text-align: center;\">Prep \u2013 6th \u2013 7th<br \/>\nIDC 8th \u2013 21st<br \/>\nPADI IE 22nd \u2013 23rd<br \/>\nMSDT \u2013 25th<\/p>\n<p>[\/vc_column_text][\/vc_column][vc_column width=\u00a0\u00bb1\/4&Prime;][vc_column_text css=\u00a0\u00bb.vc_custom_1756167551160{border-top-width: 1px !important;border-right-width: 1px !important;border-bottom-width: 1px !important;border-left-width: 1px !important;padding-top: 20px !important;padding-right: 15px !important;padding-bottom: 20px !important;padding-left: 15px !important;border-left-style: solid !important;border-right-style: solid !important;border-top-style: solid !important;border-bottom-style: solid !important;}\u00a0\u00bb el_class=\u00a0\u00bbschedule-box\u00a0\u00bb]<\/p>\n<h4 style=\"text-align: center;\"><strong>OCTOBRE<\/strong><\/h4>\n<p style=\"text-align: center;\">Prep \u2013 4th \u2013 5th<br \/>\nIDC 6th \u2013 19th<br \/>\nPADI IE 20th \u2013 21st<br \/>\nMSDT \u2013 23rd<\/p>\n<p>[\/vc_column_text][\/vc_column][vc_column width=\u00a0\u00bb1\/4&Prime;][vc_column_text css=\u00a0\u00bb.vc_custom_1756167592411{border-top-width: 1px !important;border-right-width: 1px !important;border-bottom-width: 1px !important;border-left-width: 1px !important;padding-top: 20px !important;padding-right: 15px !important;padding-bottom: 20px !important;padding-left: 15px !important;border-left-style: solid !important;border-right-style: solid !important;border-top-style: solid !important;border-bottom-style: solid !important;}\u00a0\u00bb el_class=\u00a0\u00bbschedule-box\u00a0\u00bb]<\/p>\n<h4 style=\"text-align: center;\"><strong>NOVEMBRE<\/strong><\/h4>\n<p style=\"text-align: center;\">Prep \u2013 8th \u2013 9th<br \/>\nID 10th \u2013 23rd<br \/>\nPADI IE 24th \u2013 25th<br \/>\nMSDT \u2013 27th<\/p>\n<p>[\/vc_column_text][\/vc_column][vc_column width=\u00a0\u00bb1\/4&Prime;][vc_column_text css=\u00a0\u00bb.vc_custom_1756167674022{border-top-width: 1px !important;border-right-width: 1px !important;border-bottom-width: 1px !important;border-left-width: 1px !important;padding-top: 20px !important;padding-right: 15px !important;padding-bottom: 20px !important;padding-left: 15px !important;border-left-style: solid !important;border-right-style: solid !important;border-top-style: solid !important;border-bottom-style: solid !important;}\u00a0\u00bb el_class=\u00a0\u00bbschedule-box\u00a0\u00bb]<\/p>\n<h4 style=\"text-align: center;\"><strong>D\u00c9CEMBRE<\/strong><\/h4>\n<p style=\"text-align: center;\">Prep &#8211; Nov 29th &#8211; 30th<br \/>\nIDC 1st \u2013 14th<br \/>\nPADI IE 15th \u2013 16th<br \/>\nMSDT &#8211; 18th<\/p>\n<p>[\/vc_column_text][\/vc_column][\/vc_row][vc_row][vc_column]<div class=\"text-center\"><div class=\"bt-course-price\"><a href=\"https:\/\/idckohtao.com\/wp-content\/uploads\/2025\/08\/idckohtao.com-IDC-schedule-2026.pdf\" class=\"button\">DOWNLOAD 2026 DATES<\/a><\/div><\/div>[vc_custom_heading text=\u00a0\u00bbTous nos packages IDC comprennent:\u00a0\u00bb font_container=\u00a0\u00bbtag:h3|text_align:center\u00a0\u00bb use_theme_fonts=\u00a0\u00bbyes\u00a0\u00bb][vc_separator color=\u00a0\u00bbwhite\u00a0\u00bb border_width=\u00a0\u00bb2&Prime; el_width=\u00a0\u00bb10&Prime;][vc_column_text]<\/p>\n<p style=\"text-align: center;\">IDC Pr\u00e9paration (circuits de th\u00e9orie de la plong\u00e9e et de comp\u00e9tence)<br \/>\nCours d\u2019instructeur du sp\u00e9cialit\u00e9 DAD GRATUIT<br \/>\nT-shirt GRATUIT<br \/>\nD\u00e9jeuner pendant l\u2019IDC<br \/>\nLocation d\u2019\u00e9quipement<br \/>\nGaranti de passer! \u2013 Dans le cas tr\u00e8s improbable o\u00f9 vous ne r\u00e9ussissez pas sur IE, nous paierons votre deuxi\u00e8me IDC et IE.<\/p>\n<p>[\/vc_column_text][\/vc_column][\/vc_row]<\/p>\n<\/div>","protected":false},"excerpt":{"rendered":"<p>[vc_row][vc_column][vc_custom_heading text=\u00a0\u00bbHoraire complet 2026&Prime; font_container=\u00a0\u00bbtag:h3|text_align:center\u00a0\u00bb use_theme_fonts=\u00a0\u00bbyes\u00a0\u00bb css=\u00a0\u00bb\u00a0\u00bb][\/vc_column][\/vc_row][vc_row css=\u00a0\u00bb.vc_custom_1691734163881{margin-top: 30px !important;margin-bottom: 40px !important;}\u00a0\u00bb][vc_column][vc_column_text css=\u00a0\u00bb\u00a0\u00bb] IDC Prep \u2013 Preparation IDC \u2013 Instructor Development Course PADI IE \u2013 PADI Instructor Exam ** 2026 Les dates peuvent changer, veuillez demander \u00e0 confirmer [\/vc_column_text][\/vc_column][\/vc_row][vc_row][vc_column width=\u00a0\u00bb1\/4&Prime;][vc_column_text css=\u00a0\u00bb.vc_custom_1756167121813{border-top-width: 1px !important;border-right-width: 1px !important;border-bottom-width: 1px !important;border-left-width: 1px !important;padding-top: 20px !important;padding-right: 15px !important;padding-bottom: 20px !important;padding-left: [&hellip;]<\/p>\n","protected":false},"author":1,"featured_media":4779,"parent":7934,"menu_order":0,"comment_status":"closed","ping_status":"closed","template":"page-no-sidebar.php","meta":{"_acf_changed":false,"footnotes":""},"class_list":["post-3388","page","type-page","status-publish","has-post-thumbnail","hentry"],"acf":[],"yoast_head":"<!-- This site is optimized with the Yoast SEO Premium plugin v27.5 (Yoast SEO v27.5) - https:\/\/yoast.com\/product\/yoast-seo-premium-wordpress\/ -->\n<title>PADI IDC Koh Tao | Horaires du cours d&#039;instructeur PADI<\/title>\n<meta name=\"description\" content=\"Horaires IDC pour le cours de d\u00e9veloppement d&#039;instructeur PADI \u00e0 Koh Tao, Tha\u00eflande. T\u00e9l\u00e9charger le programme de cours IDC de 14 jours au centre de formation de plongeur Black Turtle Dive Koh Tao\" \/>\n<meta name=\"robots\" content=\"index, follow, max-snippet:-1, max-image-preview:large, max-video-preview:-1\" \/>\n<link rel=\"canonical\" href=\"https:\/\/idckohtao.com\/fr\/pro-level-courses\/padi-idc-koh-tao-schedule\/\" \/>\n<meta property=\"og:locale\" content=\"fr_FR\" \/>\n<meta property=\"og:type\" content=\"article\" \/>\n<meta property=\"og:title\" content=\"PADI IDC Koh Tao | Horaires du cours d&#039;instructeur PADI\" \/>\n<meta property=\"og:description\" content=\"Horaires IDC pour le cours de d\u00e9veloppement d&#039;instructeur PADI \u00e0 Koh Tao, Tha\u00eflande. T\u00e9l\u00e9charger le programme de cours IDC de 14 jours au centre de formation de plongeur Crystal Dive Koh Tao\" \/>\n<meta property=\"og:url\" content=\"https:\/\/idckohtao.com\/fr\/pro-level-courses\/padi-idc-koh-tao-schedule\/\" \/>\n<meta property=\"og:site_name\" content=\"IDC Koh Tao\" \/>\n<meta property=\"article:publisher\" content=\"https:\/\/www.facebook.com\/GoProIDCKohTao\" \/>\n<meta property=\"article:modified_time\" content=\"2025-12-08T04:18:38+00:00\" \/>\n<meta property=\"og:image\" content=\"https:\/\/idckohtao.com\/wp-content\/uploads\/2023\/09\/idckohtao.com-padi-instructor-development-course-in-thailand.jpg\" \/>\n\t<meta property=\"og:image:width\" content=\"1200\" \/>\n\t<meta property=\"og:image:height\" content=\"900\" \/>\n\t<meta property=\"og:image:type\" content=\"image\/jpeg\" \/>\n<meta name=\"twitter:card\" content=\"summary_large_image\" \/>\n<meta name=\"twitter:title\" content=\"PADI IDC Koh Tao | Horaires du cours d&#039;instructeur PADI\" \/>\n<meta name=\"twitter:description\" content=\"Horaires IDC pour le cours de d\u00e9veloppement d&#039;instructeur PADI \u00e0 Koh Tao, Tha\u00eflande. T\u00e9l\u00e9charger le programme de cours IDC de 14 jours au centre de formation de plongeur Crystal Dive Koh Tao\" \/>\n<meta name=\"twitter:site\" content=\"@GoProIDCKohTao\" \/>\n<!-- \/ Yoast SEO Premium plugin. -->","yoast_head_json":{"title":"PADI IDC Koh Tao | Horaires du cours d'instructeur PADI","description":"Horaires IDC pour le cours de d\u00e9veloppement d'instructeur PADI \u00e0 Koh Tao, Tha\u00eflande. T\u00e9l\u00e9charger le programme de cours IDC de 14 jours au centre de formation de plongeur Black Turtle Dive Koh Tao","robots":{"index":"index","follow":"follow","max-snippet":"max-snippet:-1","max-image-preview":"max-image-preview:large","max-video-preview":"max-video-preview:-1"},"canonical":"https:\/\/idckohtao.com\/fr\/pro-level-courses\/padi-idc-koh-tao-schedule\/","og_locale":"fr_FR","og_type":"article","og_title":"PADI IDC Koh Tao | Horaires du cours d'instructeur PADI","og_description":"Horaires IDC pour le cours de d\u00e9veloppement d'instructeur PADI \u00e0 Koh Tao, Tha\u00eflande. T\u00e9l\u00e9charger le programme de cours IDC de 14 jours au centre de formation de plongeur Crystal Dive Koh Tao","og_url":"https:\/\/idckohtao.com\/fr\/pro-level-courses\/padi-idc-koh-tao-schedule\/","og_site_name":"IDC Koh Tao","article_publisher":"https:\/\/www.facebook.com\/GoProIDCKohTao","article_modified_time":"2025-12-08T04:18:38+00:00","og_image":[{"width":1200,"height":900,"url":"https:\/\/idckohtao.com\/wp-content\/uploads\/2023\/09\/idckohtao.com-padi-instructor-development-course-in-thailand.jpg","type":"image\/jpeg"}],"twitter_card":"summary_large_image","twitter_title":"PADI IDC Koh Tao | Horaires du cours d'instructeur PADI","twitter_description":"Horaires IDC pour le cours de d\u00e9veloppement d'instructeur PADI \u00e0 Koh Tao, Tha\u00eflande. T\u00e9l\u00e9charger le programme de cours IDC de 14 jours au centre de formation de plongeur Crystal Dive Koh Tao","twitter_site":"@GoProIDCKohTao","schema":{"@context":"https:\/\/schema.org","@graph":[{"@type":"NewsArticle","@id":"https:\/\/idckohtao.com\/fr\/pro-level-courses\/padi-idc-koh-tao-schedule\/#article","isPartOf":{"@id":"https:\/\/idckohtao.com\/fr\/pro-level-courses\/padi-idc-koh-tao-schedule\/"},"author":{"name":"ojasya","@id":"https:\/\/idckohtao.com\/fr\/#\/schema\/person\/d08d557cbfdbc171f824052dae697b02"},"headline":"Horaires IDC","datePublished":"2023-08-10T14:01:52+00:00","dateModified":"2025-12-08T04:18:38+00:00","mainEntityOfPage":{"@id":"https:\/\/idckohtao.com\/fr\/pro-level-courses\/padi-idc-koh-tao-schedule\/"},"wordCount":1005,"publisher":{"@id":"https:\/\/idckohtao.com\/fr\/#organization"},"image":{"@id":"https:\/\/idckohtao.com\/fr\/pro-level-courses\/padi-idc-koh-tao-schedule\/#primaryimage"},"thumbnailUrl":"https:\/\/idckohtao.com\/wp-content\/uploads\/2023\/09\/idckohtao.com-padi-instructor-development-course-in-thailand.jpg","inLanguage":"fr-FR"},{"@type":"WebPage","@id":"https:\/\/idckohtao.com\/fr\/pro-level-courses\/padi-idc-koh-tao-schedule\/","url":"https:\/\/idckohtao.com\/fr\/pro-level-courses\/padi-idc-koh-tao-schedule\/","name":"PADI IDC Koh Tao | Horaires du cours d'instructeur PADI","isPartOf":{"@id":"https:\/\/idckohtao.com\/fr\/#website"},"primaryImageOfPage":{"@id":"https:\/\/idckohtao.com\/fr\/pro-level-courses\/padi-idc-koh-tao-schedule\/#primaryimage"},"image":{"@id":"https:\/\/idckohtao.com\/fr\/pro-level-courses\/padi-idc-koh-tao-schedule\/#primaryimage"},"thumbnailUrl":"https:\/\/idckohtao.com\/wp-content\/uploads\/2023\/09\/idckohtao.com-padi-instructor-development-course-in-thailand.jpg","datePublished":"2023-08-10T14:01:52+00:00","dateModified":"2025-12-08T04:18:38+00:00","description":"Horaires IDC pour le cours de d\u00e9veloppement d'instructeur PADI \u00e0 Koh Tao, Tha\u00eflande. T\u00e9l\u00e9charger le programme de cours IDC de 14 jours au centre de formation de plongeur Black Turtle Dive Koh Tao","breadcrumb":{"@id":"https:\/\/idckohtao.com\/fr\/pro-level-courses\/padi-idc-koh-tao-schedule\/#breadcrumb"},"inLanguage":"fr-FR","potentialAction":[{"@type":"ReadAction","target":["https:\/\/idckohtao.com\/fr\/pro-level-courses\/padi-idc-koh-tao-schedule\/"]}]},{"@type":"ImageObject","inLanguage":"fr-FR","@id":"https:\/\/idckohtao.com\/fr\/pro-level-courses\/padi-idc-koh-tao-schedule\/#primaryimage","url":"https:\/\/idckohtao.com\/wp-content\/uploads\/2023\/09\/idckohtao.com-padi-instructor-development-course-in-thailand.jpg","contentUrl":"https:\/\/idckohtao.com\/wp-content\/uploads\/2023\/09\/idckohtao.com-padi-instructor-development-course-in-thailand.jpg","width":1200,"height":900,"caption":"PADI IDC Schedules on Koh Tao in Thailand"},{"@type":"BreadcrumbList","@id":"https:\/\/idckohtao.com\/fr\/pro-level-courses\/padi-idc-koh-tao-schedule\/#breadcrumb","itemListElement":[{"@type":"ListItem","position":1,"name":"Home","item":"https:\/\/idckohtao.com\/fr\/"},{"@type":"ListItem","position":2,"name":"Pro level","item":"https:\/\/idckohtao.com\/fr\/pro-level-courses\/"},{"@type":"ListItem","position":3,"name":"Horaires IDC"}]},{"@type":"WebSite","@id":"https:\/\/idckohtao.com\/fr\/#website","url":"https:\/\/idckohtao.com\/fr\/","name":"IDC Koh Tao","description":"PADI IDC 5 Star Diving Center in Koh Tao - Thailand","publisher":{"@id":"https:\/\/idckohtao.com\/fr\/#organization"},"alternateName":"IDC Koh Tao in Thailand","potentialAction":[{"@type":"SearchAction","target":{"@type":"EntryPoint","urlTemplate":"https:\/\/idckohtao.com\/fr\/?s={search_term_string}"},"query-input":{"@type":"PropertyValueSpecification","valueRequired":true,"valueName":"search_term_string"}}],"inLanguage":"fr-FR"},{"@type":"Organization","@id":"https:\/\/idckohtao.com\/fr\/#organization","name":"IDC Koh Tao","alternateName":"IDC Koh Tao | Divemaster & Diving Instructor","url":"https:\/\/idckohtao.com\/fr\/","logo":{"@type":"ImageObject","inLanguage":"fr-FR","@id":"https:\/\/idckohtao.com\/fr\/#\/schema\/logo\/image\/","url":"https:\/\/idckohtao.com\/wp-content\/uploads\/2023\/09\/idckohtao.com-padi-diving-center-in-koh-tao-thailand.png","contentUrl":"https:\/\/idckohtao.com\/wp-content\/uploads\/2023\/09\/idckohtao.com-padi-diving-center-in-koh-tao-thailand.png","width":400,"height":300,"caption":"IDC Koh Tao"},"image":{"@id":"https:\/\/idckohtao.com\/fr\/#\/schema\/logo\/image\/"},"sameAs":["https:\/\/www.facebook.com\/GoProIDCKohTao","https:\/\/x.com\/GoProIDCKohTao","https:\/\/www.youtube.com\/idckohtao","https:\/\/www.instagram.com\/idc.kohtao\/"],"description":"IDC Koh Tao is a part of the Black Turtle Dive pro level training team with three PADI Course Directors being led by Award Winning PADI Course Director Matt Bolton. Our full range of pro and recreational PADI Diving Courses provides aspiring scuba divers with education, fun, excitement, adventure, and a change of lifestyle or an opportunity to pursue a new career.","email":"info@idckohtao.com","legalName":"IDC Koh Tao","foundingDate":"2004-01-04","numberOfEmployees":{"@type":"QuantitativeValue","minValue":"1","maxValue":"10"},"correctionsPolicy":"https:\/\/idckohtao.com\/privacy-policy\/","ethicsPolicy":"https:\/\/idckohtao.com\/terms\/"},{"@type":"Person","@id":"https:\/\/idckohtao.com\/fr\/#\/schema\/person\/d08d557cbfdbc171f824052dae697b02","name":"ojasya","image":{"@type":"ImageObject","inLanguage":"fr-FR","@id":"https:\/\/secure.gravatar.com\/avatar\/6fb34e36d09053a6545fc21d344613321bb1933f185132488f38052166f5a001?s=96&d=mm&r=g","url":"https:\/\/secure.gravatar.com\/avatar\/6fb34e36d09053a6545fc21d344613321bb1933f185132488f38052166f5a001?s=96&d=mm&r=g","contentUrl":"https:\/\/secure.gravatar.com\/avatar\/6fb34e36d09053a6545fc21d344613321bb1933f185132488f38052166f5a001?s=96&d=mm&r=g","caption":"ojasya"},"sameAs":["https:\/\/idckohtao.com"],"url":"https:\/\/idckohtao.com\/fr\/blog\/author\/ojasya\/"}]}},"_links":{"self":[{"href":"https:\/\/idckohtao.com\/fr\/wp-json\/wp\/v2\/pages\/3388","targetHints":{"allow":["GET"]}}],"collection":[{"href":"https:\/\/idckohtao.com\/fr\/wp-json\/wp\/v2\/pages"}],"about":[{"href":"https:\/\/idckohtao.com\/fr\/wp-json\/wp\/v2\/types\/page"}],"author":[{"embeddable":true,"href":"https:\/\/idckohtao.com\/fr\/wp-json\/wp\/v2\/users\/1"}],"replies":[{"embeddable":true,"href":"https:\/\/idckohtao.com\/fr\/wp-json\/wp\/v2\/comments?post=3388"}],"version-history":[{"count":6,"href":"https:\/\/idckohtao.com\/fr\/wp-json\/wp\/v2\/pages\/3388\/revisions"}],"predecessor-version":[{"id":7502,"href":"https:\/\/idckohtao.com\/fr\/wp-json\/wp\/v2\/pages\/3388\/revisions\/7502"}],"up":[{"embeddable":true,"href":"https:\/\/idckohtao.com\/fr\/wp-json\/wp\/v2\/pages\/7934"}],"wp:featuredmedia":[{"embeddable":true,"href":"https:\/\/idckohtao.com\/fr\/wp-json\/wp\/v2\/media\/4779"}],"wp:attachment":[{"href":"https:\/\/idckohtao.com\/fr\/wp-json\/wp\/v2\/media?parent=3388"}],"curies":[{"name":"wp","href":"https:\/\/api.w.org\/{rel}","templated":true}]}}