{"id":3397,"date":"2023-08-08T08:32:18","date_gmt":"2023-08-08T08:32:18","guid":{"rendered":"https:\/\/idckohtao.com\/instructor-internship\/"},"modified":"2026-04-22T07:23:52","modified_gmt":"2026-04-22T07:23:52","slug":"instructor-internship","status":"publish","type":"page","link":"https:\/\/idckohtao.com\/fr\/pro-level-courses\/instructor-internship\/","title":{"rendered":"Stage Instructeur"},"content":{"rendered":"<div class=\"wpb-content-wrapper\"><p>[vc_row][vc_column][vc_column_text css=\u00a0\u00bb\u00a0\u00bb]<\/p>\n<h2>Stage de travail PADI IDC complet \u2013 Exp\u00e9rience de travail r\u00e9elle<\/h2>\n<h3>Instructeur de stage PADI Tha\u00eflande<\/h3>\n<p>Situ\u00e9 au\u00a0<a href=\"https:\/\/www.blackturtledive.com\/\" target=\"_blank\" rel=\"noopener noreferrer\">centre de plong\u00e9e Black Turtle Dive<\/a>, IDC Koh Tao propose des stages complets d\u2019instructeurs de plong\u00e9e PADI, des non-plongeurs, des d\u00e9butants aux instructeurs de plong\u00e9e enti\u00e8rement certifi\u00e9s et en statut d\u2019enseignement.<\/p>\n<p>Nos programmes de formation de plongeurs efficaces sont personnalis\u00e9s pour r\u00e9pondre aux besoins de chaque candidat et nous avons form\u00e9 avec succ\u00e8s des milliers de plongeurs d\u00e9butants, qui enseignent d\u00e9sormais leurs propres<a href=\"https:\/\/idckohtao.com\/fr\/padi-diving-courses\/\">\u00a0cours de plong\u00e9e<\/a>\u00a0dans le monde entier.<\/p>\n<p>Nous sommes fiers de la qualit\u00e9 de notre m\u00e9thodologie de formation de plongeur et nos stages d\u2019instructeur de plong\u00e9e PADI sont parfaits pour les personnes qui souhaitent commencer une nouvelle carri\u00e8re et changer leur style de vie.<\/p>\n<p>Le stage prim\u00e9 PADI Instructeur de Matt couvre deux fois plus de travail dans l\u2019eau que requis par les normes PADI et bien plus que les autres centres IDC.<\/p>\n<p><img decoding=\"async\" class=\"alignnone wp-image-328 size-large\" src=\"https:\/\/idckohtao.com\/wp-content\/uploads\/2023\/08\/idckohtao.com-padi-instructor-internships-kohtao-pool-skills-1024x649.jpg\" alt=\"idckohtao.com-padi-instructor-internships-kohtao-pool-skills\" width=\"1024\" height=\"649\" srcset=\"https:\/\/idckohtao.com\/wp-content\/uploads\/2023\/08\/idckohtao.com-padi-instructor-internships-kohtao-pool-skills-1024x649.jpg 1024w, https:\/\/idckohtao.com\/wp-content\/uploads\/2023\/08\/idckohtao.com-padi-instructor-internships-kohtao-pool-skills-300x190.jpg 300w, https:\/\/idckohtao.com\/wp-content\/uploads\/2023\/08\/idckohtao.com-padi-instructor-internships-kohtao-pool-skills-768x486.jpg 768w, https:\/\/idckohtao.com\/wp-content\/uploads\/2023\/08\/idckohtao.com-padi-instructor-internships-kohtao-pool-skills.jpg 1080w\" sizes=\"(max-width: 1024px) 100vw, 1024px\" \/><\/p>\n<p>Un examen approfondi de la th\u00e9orie de la plong\u00e9e ainsi que des ateliers de d\u00e9veloppement de comp\u00e9tences suppl\u00e9mentaires sont \u00e9galement inclus pour affiner vos comp\u00e9tences en eau.<\/p>\n<p>En tant que centre de d\u00e9veloppement de carri\u00e8re PADI (la meilleure note de PADI!),\u00a0IDC Koh Tao est sp\u00e9cialis\u00e9 dans les cours de formation de niveau professionnel PADI et les\u00a0<a href=\"https:\/\/idckohtao.com\/fr\/pro-level-courses\/scuba-diving-internships\/\">programmes de stages de plong\u00e9e sous-marine<\/a>\u00a0tout compris.<\/p>\n<p>Nous sommes l\u2019un des centres de plong\u00e9e sous-marine PADI les plus \u00e9tablis et les plus respect\u00e9s au monde, et avons \u00e9t\u00e9 reconnus \u00e0 de nombreuses reprises pour nos normes de formation, nos niveaux de professionnalisme et nos activit\u00e9s environnementales, remportant plus de 20 r\u00e9compenses de l\u2019industrie de la plong\u00e9e.<\/p>\n<p>Il s\u2019agit notamment de la seule op\u00e9ration de plong\u00e9e bas\u00e9e en Tha\u00eflande \u00e0 avoir remport\u00e9 le prix \u2018Diver Training\u2019 pour la\u00a0<a href=\"https:\/\/en.wikipedia.org\/wiki\/Asia-Pacific\" target=\"_blank\" rel=\"noopener\">r\u00e9gion Asie-Pacifique<\/a>. Ce prix r\u00e9compense \u201cdes r\u00e9alisations et un professionnalisme exceptionnel en ce qui concerne l\u2019\u00e9l\u00e9vation des normes dans le domaine de la formation des plongeurs\u201d.<\/p>\n<p>Nous avons \u00e9galement re\u00e7u le\u00a0<a href=\"https:\/\/www.padi.com\/aware\" target=\"_blank\" rel=\"noopener\">prix \u2018AWARE<\/a>\u00a0Environmental Achievement Award\u2019 \u00e0 trois reprises. Il s\u2019agit d\u2019un prix annuel, reconnaissant \u00ab des efforts exemplaires pour conserver les milieux aquatiques par l\u2019\u00e9ducation, le plaidoyer et l\u2019action \u00bb.<\/p>\n<p>Notre \u00e9quipe de d\u00e9veloppement des instructeurs, dirig\u00e9e par le Directeur de cours Platinum, plusieurs fois r\u00e9compens\u00e9, Matt Bolton a re\u00e7u le prix de d\u00e9veloppement des instructeurs pour \u00ab Contribution exceptionnelle au\u00a0<a href=\"https:\/\/idckohtao.com\/fr\/pro-level-courses\/padi-instructor-development-course\/\">d\u00e9veloppement des instructeurs<\/a>\u00a0\u00bb un record 5 fois.<\/p>\n<h3>Programme complet de stages de formation d\u2019instructeur PADI<\/h3>\n<ul>\n<li>Cours\u00a0<a href=\"https:\/\/idckohtao.com\/fr\/open-water-course\/\">PADI Open Water<\/a><\/li>\n<li>Cours PADI Advanced Open Water<\/li>\n<li>Cours de soins primaires et secondaires EFR<\/li>\n<li>Cours\u00a0<a href=\"https:\/\/idckohtao.com\/fr\/rescue-diver-course\/\">PADI Rescue<\/a><\/li>\n<li>Cours\u00a0<a href=\"https:\/\/idckohtao.com\/fr\/pro-level-courses\/padi-divemaster-course\/\">PADI Divemaster<\/a><\/li>\n<li>Atelier sur la maitrise de la flottabilit\u00e9\u00a0<em>\u2018Buoyancy Lab \u2013 Fluid Mechanics\u2019<\/em><\/li>\n<li>Programme\u00a0<a href=\"https:\/\/idckohtao.com\/fr\/marine-conservation\/\">d\u2019\u00e9cologie et de conservation<\/a>\u00a0des r\u00e9cifs comprenant un s\u00e9minaire sur l\u2019\u00e9cologie des r\u00e9cifs, le nettoyage des plages et une enqu\u00eate sur les microplastiques, une plong\u00e9e contre les d\u00e9bris et une enqu\u00eate sur la sant\u00e9 des coraux<\/li>\n<li>Atelier sur les m\u00e9dias sociaux et le marketing en ligne<\/li>\n<li>Toutes les\u00a0<a href=\"https:\/\/idckohtao.com\/fr\/padi-diving-courses\/\">plong\u00e9es d\u2019entra\u00eenement<\/a>\u00a0du d\u00e9butant \u00e0 instructeur<\/li>\n<li>70 plong\u00e9es GRATUITES suppl\u00e9mentaires \u00e0 utiliser pendant votre s\u00e9jour<\/li>\n<li>Tous les mat\u00e9riels p\u00e9dagogiques PADI et les frais de certification<\/li>\n<li>PADI Divemaster \u00ab Crewpak \u00bb Digitale\n<ul>\n<li>Divemaster e-Learning<\/li>\n<li>Encyclop\u00e9die de la plong\u00e9e r\u00e9cr\u00e9ative<\/li>\n<li>Planificateur de plong\u00e9e r\u00e9cr\u00e9ative \u00e9lectronique num\u00e9rique (e-RDPML)<\/li>\n<li>ReActivate e-Learning<\/li>\n<\/ul>\n<\/li>\n<li>PADI Divemaster \u00ab Crewpak \u00bb Physique\n<ul>\n<li>Sacoche pour ordinateur portable PADI Pro<\/li>\n<li>Manuel de l\u2019instructeur PADI avec classeur \u00e0 3 anneaux PADI<\/li>\n<li>Ardoises Divemaster<\/li>\n<li>Ardoise DSD<\/li>\n<li>Carnet de plong\u00e9e<\/li>\n<\/ul>\n<\/li>\n<li>Pack d\u2019\u00e9quipement de plong\u00e9e comprenant:\n<ul>\n<li>Boussole de plong\u00e9e<\/li>\n<li>Ardoise au poignet et crayon<\/li>\n<li>Bou\u00e9e de marquage de surface<\/li>\n<li>Sifflet<\/li>\n<li>Masque respiratoire de sauvetage CPR<\/li>\n<li>Coupe-fil de plong\u00e9e en c\u00e9ramique<\/li>\n<li>T-shirt<\/li>\n<\/ul>\n<\/li>\n<li>Premi\u00e8re ann\u00e9e d\u2019adh\u00e9sion \u00e0 PADI<\/li>\n<li>1 an de couverture d\u2019assurance de plong\u00e9e internationale \u00ab\u00a0DiveAssist ScubaMedic Classic (IDEC)\u00a0\u00bb<\/li>\n<li>Pr\u00e9paration IDC<\/li>\n<li>Cours PADI IDC<\/li>\n<li>Cours d\u2019instructeur de soins primaires et secondaires EFR<\/li>\n<li>Cours d\u2019instructeur EFR prendre soin des enfants<\/li>\n<li>PADI IDC \u00ab Crewpak \u00bb Digitale\n<ul>\n<li>IDC e-Learning<\/li>\n<li>Guide p\u00e9dagogique PADI<\/li>\n<li>Cahier de connaissances sur la plong\u00e9e<\/li>\n<li>Livrets des questionnaires et examens PADI (Open Water, Rescue Diver, Divemaster)<\/li>\n<li>Guide de l\u2019instructeur sp\u00e9cialis\u00e9 Project AWARE<\/li>\n<li>Didacticiel sur les resources IDC et le \u2018Online Processing Center\u2019<\/li>\n<li>Guide de l\u2019instructeur sp\u00e9cialis\u00e9 en flottabilit\u00e9<\/li>\n<li>Guides de cours normatifs PADI Open Water<\/li>\n<\/ul>\n<\/li>\n<li>PADI IDC \u00ab Crewpak \u00bb Physique\n<ul>\n<li>Sac \u00e0 dos PADI<\/li>\n<li>Ardoise de planification des le\u00e7ons de plong\u00e9e [eau confin\u00e9e et eau libre)<\/li>\n<li>Ardoise de planification et des comp\u00e9tences PADI<\/li>\n<li>Ardoises d\u2019instructeur Open Water, Advanced, Rescue Diver, Divemaster<\/li>\n<\/ul>\n<\/li>\n<li><a href=\"https:\/\/idckohtao.com\/fr\/packages-prices\/\">Frais IDC \/ IE<\/a> (1,782 AU$)<\/li>\n<li>Garanti de passer le IE!<\/li>\n<li>\u201cTeam Teach\u201d gratuit apr\u00e8s avoir atteint le statut d\u2019enseignement<\/li>\n<li>Assistance Visa<\/li>\n<li>M\u00e9dical de plong\u00e9e<\/li>\n<li>Des d\u00e9jeuners buffet tout au long des cours d\u2019instructeur IDC et EFR<\/li>\n<\/ul>\n<h2><img decoding=\"async\" class=\"alignnone wp-image-338 size-large\" src=\"https:\/\/idckohtao.com\/wp-content\/uploads\/2023\/08\/idckohtao.com-padi-instructor-development-course-and-instructor-internship-on-kohtao-nangyuan-island-1024x540.jpg\" alt=\"idckohtao.com-padi-instructor-development-course-and-instructor-internship-on-kohtao-nangyuan-island\" width=\"1024\" height=\"540\" srcset=\"https:\/\/idckohtao.com\/wp-content\/uploads\/2023\/08\/idckohtao.com-padi-instructor-development-course-and-instructor-internship-on-kohtao-nangyuan-island-1024x540.jpg 1024w, https:\/\/idckohtao.com\/wp-content\/uploads\/2023\/08\/idckohtao.com-padi-instructor-development-course-and-instructor-internship-on-kohtao-nangyuan-island-300x158.jpg 300w, https:\/\/idckohtao.com\/wp-content\/uploads\/2023\/08\/idckohtao.com-padi-instructor-development-course-and-instructor-internship-on-kohtao-nangyuan-island-768x405.jpg 768w, https:\/\/idckohtao.com\/wp-content\/uploads\/2023\/08\/idckohtao.com-padi-instructor-development-course-and-instructor-internship-on-kohtao-nangyuan-island.jpg 1080w\" sizes=\"(max-width: 1024px) 100vw, 1024px\" \/><\/h2>\n<p>[\/vc_column_text]<div class=\"text-left\"><div class=\"bt-course-price\"><h4>Prix du cours: 194,000 THB<\/h4><a href=\"https:\/\/idckohtao.com\/fr\/packages-prices\/#internship\" class=\"button\">R\u00c9SERVATION EN LIGNE<\/a><\/div><\/div>[vc_column_text css=\u00a0\u00bb\u00a0\u00bb]<\/p>\n<h3>Options et modules compl\u00e9mentaires<\/h3>\n<p>OPTIONS DE PRIX (pour plongeurs qualifi\u00e9s)<br \/>\nD\u00e9j\u00e0 certifi\u00e9 Open Water Diver \u2013\u00a0<strong>186 000 THB<\/strong><br \/>\nD\u00e9j\u00e0 certifi\u00e9 Advanced Open Water Diver \u2013\u00a0<strong>177 000 THB<\/strong><br \/>\nD\u00e9j\u00e0 certifi\u00e9 Rescue Diver \u2013\u00a0<strong>166 000 THB<\/strong>[\/vc_column_text][\/vc_column][\/vc_row]<\/p>\n<\/div>","protected":false},"excerpt":{"rendered":"<p>[vc_row][vc_column][vc_column_text css=\u00a0\u00bb\u00a0\u00bb] Stage de travail PADI IDC complet \u2013 Exp\u00e9rience de travail r\u00e9elle Instructeur de stage PADI Tha\u00eflande Situ\u00e9 au\u00a0centre de plong\u00e9e Black Turtle Dive, IDC Koh Tao propose des stages complets d\u2019instructeurs de plong\u00e9e PADI, des non-plongeurs, des d\u00e9butants aux instructeurs de plong\u00e9e enti\u00e8rement certifi\u00e9s et en statut d\u2019enseignement. Nos programmes de formation de [&hellip;]<\/p>\n","protected":false},"author":1,"featured_media":4479,"parent":7934,"menu_order":0,"comment_status":"closed","ping_status":"closed","template":"","meta":{"_acf_changed":false,"footnotes":""},"class_list":["post-3397","page","type-page","status-publish","has-post-thumbnail","hentry"],"acf":[],"yoast_head":"<!-- This site is optimized with the Yoast SEO Premium plugin v27.5 (Yoast SEO v27.5) - https:\/\/yoast.com\/product\/yoast-seo-premium-wordpress\/ -->\n<title>Stages d&#039; instructeur de plong\u00e9e PADI en Tha\u00eflande | IDC Koh Tao<\/title>\n<meta name=\"description\" content=\"Stages PADI complets et programmes de carri\u00e8re \u00e0 IDC Koh Tao, Tha\u00eflande avec le Directeur de Cours PADI prim\u00e9 Matt Bolton. Horaires de stage flexibles\" \/>\n<meta name=\"robots\" content=\"index, follow, max-snippet:-1, max-image-preview:large, max-video-preview:-1\" \/>\n<link rel=\"canonical\" href=\"https:\/\/idckohtao.com\/fr\/pro-level-courses\/instructor-internship\/\" \/>\n<meta property=\"og:locale\" content=\"fr_FR\" \/>\n<meta property=\"og:type\" content=\"article\" \/>\n<meta property=\"og:title\" content=\"Stages d&#039; instructeur de plong\u00e9e PADI en Tha\u00eflande | IDC Koh Tao\" \/>\n<meta property=\"og:description\" content=\"Stages PADI complets et programmes de carri\u00e8re \u00e0 IDC Koh Tao, Tha\u00eflande avec le Directeur de Cours PADI prim\u00e9 Matt Bolton. Horaires de stage flexibles\" \/>\n<meta property=\"og:url\" content=\"https:\/\/idckohtao.com\/fr\/pro-level-courses\/instructor-internship\/\" \/>\n<meta property=\"og:site_name\" content=\"IDC Koh Tao\" \/>\n<meta property=\"article:publisher\" content=\"https:\/\/www.facebook.com\/GoProIDCKohTao\" \/>\n<meta property=\"article:modified_time\" content=\"2026-04-22T07:23:52+00:00\" \/>\n<meta property=\"og:image\" content=\"https:\/\/idckohtao.com\/wp-content\/uploads\/2023\/08\/idckohtao.com-padi-instructor-development-course-and-scuba-diving-internship-lifestyle-packages-on-kohtao-crystal-dive-pools.jpg\" \/>\n\t<meta property=\"og:image:width\" content=\"1080\" \/>\n\t<meta property=\"og:image:height\" content=\"720\" \/>\n\t<meta property=\"og:image:type\" content=\"image\/jpeg\" \/>\n<meta name=\"twitter:card\" content=\"summary_large_image\" \/>\n<meta name=\"twitter:title\" content=\"Stages d&#039; instructeur de plong\u00e9e PADI en Tha\u00eflande | IDC Koh Tao\" \/>\n<meta name=\"twitter:description\" content=\"Stages PADI complets et programmes de carri\u00e8re \u00e0 IDC Koh Tao, Tha\u00eflande avec le Directeur de Cours PADI prim\u00e9 Matt Bolton. Horaires de stage flexibles\" \/>\n<meta name=\"twitter:site\" content=\"@GoProIDCKohTao\" \/>\n<!-- \/ Yoast SEO Premium plugin. -->","yoast_head_json":{"title":"Stages d' instructeur de plong\u00e9e PADI en Tha\u00eflande | IDC Koh Tao","description":"Stages PADI complets et programmes de carri\u00e8re \u00e0 IDC Koh Tao, Tha\u00eflande avec le Directeur de Cours PADI prim\u00e9 Matt Bolton. Horaires de stage flexibles","robots":{"index":"index","follow":"follow","max-snippet":"max-snippet:-1","max-image-preview":"max-image-preview:large","max-video-preview":"max-video-preview:-1"},"canonical":"https:\/\/idckohtao.com\/fr\/pro-level-courses\/instructor-internship\/","og_locale":"fr_FR","og_type":"article","og_title":"Stages d' instructeur de plong\u00e9e PADI en Tha\u00eflande | IDC Koh Tao","og_description":"Stages PADI complets et programmes de carri\u00e8re \u00e0 IDC Koh Tao, Tha\u00eflande avec le Directeur de Cours PADI prim\u00e9 Matt Bolton. Horaires de stage flexibles","og_url":"https:\/\/idckohtao.com\/fr\/pro-level-courses\/instructor-internship\/","og_site_name":"IDC Koh Tao","article_publisher":"https:\/\/www.facebook.com\/GoProIDCKohTao","article_modified_time":"2026-04-22T07:23:52+00:00","og_image":[{"width":1080,"height":720,"url":"https:\/\/idckohtao.com\/wp-content\/uploads\/2023\/08\/idckohtao.com-padi-instructor-development-course-and-scuba-diving-internship-lifestyle-packages-on-kohtao-crystal-dive-pools.jpg","type":"image\/jpeg"}],"twitter_card":"summary_large_image","twitter_title":"Stages d' instructeur de plong\u00e9e PADI en Tha\u00eflande | IDC Koh Tao","twitter_description":"Stages PADI complets et programmes de carri\u00e8re \u00e0 IDC Koh Tao, Tha\u00eflande avec le Directeur de Cours PADI prim\u00e9 Matt Bolton. Horaires de stage flexibles","twitter_site":"@GoProIDCKohTao","schema":{"@context":"https:\/\/schema.org","@graph":[{"@type":"NewsArticle","@id":"https:\/\/idckohtao.com\/fr\/pro-level-courses\/instructor-internship\/#article","isPartOf":{"@id":"https:\/\/idckohtao.com\/fr\/pro-level-courses\/instructor-internship\/"},"author":{"name":"ojasya","@id":"https:\/\/idckohtao.com\/fr\/#\/schema\/person\/d08d557cbfdbc171f824052dae697b02"},"headline":"Stage Instructeur","datePublished":"2023-08-08T08:32:18+00:00","dateModified":"2026-04-22T07:23:52+00:00","mainEntityOfPage":{"@id":"https:\/\/idckohtao.com\/fr\/pro-level-courses\/instructor-internship\/"},"wordCount":911,"publisher":{"@id":"https:\/\/idckohtao.com\/fr\/#organization"},"image":{"@id":"https:\/\/idckohtao.com\/fr\/pro-level-courses\/instructor-internship\/#primaryimage"},"thumbnailUrl":"https:\/\/idckohtao.com\/wp-content\/uploads\/2023\/09\/idckohtao.com-padi-diving-instructor-course-in-thailand.jpeg","inLanguage":"fr-FR"},{"@type":"WebPage","@id":"https:\/\/idckohtao.com\/fr\/pro-level-courses\/instructor-internship\/","url":"https:\/\/idckohtao.com\/fr\/pro-level-courses\/instructor-internship\/","name":"Stages d' instructeur de plong\u00e9e PADI en Tha\u00eflande | IDC Koh Tao","isPartOf":{"@id":"https:\/\/idckohtao.com\/fr\/#website"},"primaryImageOfPage":{"@id":"https:\/\/idckohtao.com\/fr\/pro-level-courses\/instructor-internship\/#primaryimage"},"image":{"@id":"https:\/\/idckohtao.com\/fr\/pro-level-courses\/instructor-internship\/#primaryimage"},"thumbnailUrl":"https:\/\/idckohtao.com\/wp-content\/uploads\/2023\/09\/idckohtao.com-padi-diving-instructor-course-in-thailand.jpeg","datePublished":"2023-08-08T08:32:18+00:00","dateModified":"2026-04-22T07:23:52+00:00","description":"Stages PADI complets et programmes de carri\u00e8re \u00e0 IDC Koh Tao, Tha\u00eflande avec le Directeur de Cours PADI prim\u00e9 Matt Bolton. Horaires de stage flexibles","breadcrumb":{"@id":"https:\/\/idckohtao.com\/fr\/pro-level-courses\/instructor-internship\/#breadcrumb"},"inLanguage":"fr-FR","potentialAction":[{"@type":"ReadAction","target":["https:\/\/idckohtao.com\/fr\/pro-level-courses\/instructor-internship\/"]}]},{"@type":"ImageObject","inLanguage":"fr-FR","@id":"https:\/\/idckohtao.com\/fr\/pro-level-courses\/instructor-internship\/#primaryimage","url":"https:\/\/idckohtao.com\/wp-content\/uploads\/2023\/09\/idckohtao.com-padi-diving-instructor-course-in-thailand.jpeg","contentUrl":"https:\/\/idckohtao.com\/wp-content\/uploads\/2023\/09\/idckohtao.com-padi-diving-instructor-course-in-thailand.jpeg","width":1200,"height":899,"caption":"PADI Diving Instructor Internships on Koh Tao"},{"@type":"BreadcrumbList","@id":"https:\/\/idckohtao.com\/fr\/pro-level-courses\/instructor-internship\/#breadcrumb","itemListElement":[{"@type":"ListItem","position":1,"name":"Home","item":"https:\/\/idckohtao.com\/fr\/"},{"@type":"ListItem","position":2,"name":"Pro level","item":"https:\/\/idckohtao.com\/fr\/pro-level-courses\/"},{"@type":"ListItem","position":3,"name":"Stage Instructeur"}]},{"@type":"WebSite","@id":"https:\/\/idckohtao.com\/fr\/#website","url":"https:\/\/idckohtao.com\/fr\/","name":"IDC Koh Tao","description":"PADI IDC 5 Star Diving Center in Koh Tao - Thailand","publisher":{"@id":"https:\/\/idckohtao.com\/fr\/#organization"},"alternateName":"IDC Koh Tao in Thailand","potentialAction":[{"@type":"SearchAction","target":{"@type":"EntryPoint","urlTemplate":"https:\/\/idckohtao.com\/fr\/?s={search_term_string}"},"query-input":{"@type":"PropertyValueSpecification","valueRequired":true,"valueName":"search_term_string"}}],"inLanguage":"fr-FR"},{"@type":"Organization","@id":"https:\/\/idckohtao.com\/fr\/#organization","name":"IDC Koh Tao","alternateName":"IDC Koh Tao | Divemaster & Diving Instructor","url":"https:\/\/idckohtao.com\/fr\/","logo":{"@type":"ImageObject","inLanguage":"fr-FR","@id":"https:\/\/idckohtao.com\/fr\/#\/schema\/logo\/image\/","url":"https:\/\/idckohtao.com\/wp-content\/uploads\/2023\/09\/idckohtao.com-padi-diving-center-in-koh-tao-thailand.png","contentUrl":"https:\/\/idckohtao.com\/wp-content\/uploads\/2023\/09\/idckohtao.com-padi-diving-center-in-koh-tao-thailand.png","width":400,"height":300,"caption":"IDC Koh Tao"},"image":{"@id":"https:\/\/idckohtao.com\/fr\/#\/schema\/logo\/image\/"},"sameAs":["https:\/\/www.facebook.com\/GoProIDCKohTao","https:\/\/x.com\/GoProIDCKohTao","https:\/\/www.youtube.com\/idckohtao","https:\/\/www.instagram.com\/idc.kohtao\/"],"description":"IDC Koh Tao is a part of the Black Turtle Dive pro level training team with three PADI Course Directors being led by Award Winning PADI Course Director Matt Bolton. Our full range of pro and recreational PADI Diving Courses provides aspiring scuba divers with education, fun, excitement, adventure, and a change of lifestyle or an opportunity to pursue a new career.","email":"info@idckohtao.com","legalName":"IDC Koh Tao","foundingDate":"2004-01-04","numberOfEmployees":{"@type":"QuantitativeValue","minValue":"1","maxValue":"10"},"correctionsPolicy":"https:\/\/idckohtao.com\/privacy-policy\/","ethicsPolicy":"https:\/\/idckohtao.com\/terms\/"},{"@type":"Person","@id":"https:\/\/idckohtao.com\/fr\/#\/schema\/person\/d08d557cbfdbc171f824052dae697b02","name":"ojasya","image":{"@type":"ImageObject","inLanguage":"fr-FR","@id":"https:\/\/secure.gravatar.com\/avatar\/6fb34e36d09053a6545fc21d344613321bb1933f185132488f38052166f5a001?s=96&d=mm&r=g","url":"https:\/\/secure.gravatar.com\/avatar\/6fb34e36d09053a6545fc21d344613321bb1933f185132488f38052166f5a001?s=96&d=mm&r=g","contentUrl":"https:\/\/secure.gravatar.com\/avatar\/6fb34e36d09053a6545fc21d344613321bb1933f185132488f38052166f5a001?s=96&d=mm&r=g","caption":"ojasya"},"sameAs":["https:\/\/idckohtao.com"],"url":"https:\/\/idckohtao.com\/fr\/blog\/author\/ojasya\/"}]}},"_links":{"self":[{"href":"https:\/\/idckohtao.com\/fr\/wp-json\/wp\/v2\/pages\/3397","targetHints":{"allow":["GET"]}}],"collection":[{"href":"https:\/\/idckohtao.com\/fr\/wp-json\/wp\/v2\/pages"}],"about":[{"href":"https:\/\/idckohtao.com\/fr\/wp-json\/wp\/v2\/types\/page"}],"author":[{"embeddable":true,"href":"https:\/\/idckohtao.com\/fr\/wp-json\/wp\/v2\/users\/1"}],"replies":[{"embeddable":true,"href":"https:\/\/idckohtao.com\/fr\/wp-json\/wp\/v2\/comments?post=3397"}],"version-history":[{"count":3,"href":"https:\/\/idckohtao.com\/fr\/wp-json\/wp\/v2\/pages\/3397\/revisions"}],"predecessor-version":[{"id":7742,"href":"https:\/\/idckohtao.com\/fr\/wp-json\/wp\/v2\/pages\/3397\/revisions\/7742"}],"up":[{"embeddable":true,"href":"https:\/\/idckohtao.com\/fr\/wp-json\/wp\/v2\/pages\/7934"}],"wp:featuredmedia":[{"embeddable":true,"href":"https:\/\/idckohtao.com\/fr\/wp-json\/wp\/v2\/media\/4479"}],"wp:attachment":[{"href":"https:\/\/idckohtao.com\/fr\/wp-json\/wp\/v2\/media?parent=3397"}],"curies":[{"name":"wp","href":"https:\/\/api.w.org\/{rel}","templated":true}]}}