{"id":3401,"date":"2023-08-09T10:19:46","date_gmt":"2023-08-09T10:19:46","guid":{"rendered":"https:\/\/idckohtao.com\/lifestyle-packages\/"},"modified":"2023-09-16T22:10:45","modified_gmt":"2023-09-16T22:10:45","slug":"lifestyle-packages","status":"publish","type":"page","link":"https:\/\/idckohtao.com\/fr\/lifestyle-packages\/","title":{"rendered":"Forfaits Lifestyle"},"content":{"rendered":"<div class=\"wpb-content-wrapper\"><p>[vc_row][vc_column][vc_column_text]<\/p>\n<h2>Forfaits de plong\u00e9e sous-marine sur un paradis tropical<\/h2>\n<h2>Forfaits \u2018Lifestyle\u2019 pour tous<\/h2>\n<p>En tant que centre de d\u00e9veloppement de carri\u00e8re (CDC) PADI hautement accr\u00e9dit\u00e9 avec deux d\u00e9cennies d\u2019exp\u00e9rience dans la fourniture de cours de plong\u00e9e, de stages de plong\u00e9e et de forfaits de plong\u00e9e sur mesure, nous comprenons que les besoins de formation d\u2019un aspirant professionnel de la plong\u00e9e sous-marine peuvent diff\u00e9rer.<\/p>\n<p>En tant que plongeur de niveau r\u00e9cr\u00e9atif \u00e0 la recherche d\u2019aller Pro\u00a0et de prendre votre niveau de connaissances et de comp\u00e9tences de plong\u00e9e au niveau professionnel, savoir quels cours choisir pour vous aider dans votre voyage peut \u00eatre une t\u00e2che intimidante.<\/p>\n<p>IDC Koh Tao contribue \u00e0 faciliter ce processus de prise de d\u00e9cision en combinant les cours individuels de plong\u00e9e sous-marine les plus populaires en packages de style de vie qui offrent une valeur exceptionnelle et vous offrent une plus grande flexibilit\u00e9 dans la planification de votre voyage.<\/p>\n<p>Sur notre page de<a href=\"https:\/\/idckohtao.com\/fr\/packages-prices\/\">\u00a0forfaits et de prix<\/a>, vous pouvez choisir parmi une s\u00e9lection des forfaits de formation \u00ab tout compris \u00bb les plus populaires pour vous former \u00e0 devenir un professionnel de la plong\u00e9e \u00e0 partir de divers niveaux de certification de plongeur loisir.<\/p>\n<p>L\u2019un des avantages de souscrire un package de stage de \u2018style de vie\u2019 (lifestyle) ou de\u00a0<a href=\"https:\/\/idckohtao.com\/fr\/scuba-diving-internships\/\">plong\u00e9e sous-marine<\/a>\u00a0avec nous est qu\u2019il offre une r\u00e9elle valeur. Nos prix de base sont les plus comp\u00e9titifs de toute la Tha\u00eflande et vous joindre \u00e0\u00a0<a href=\"https:\/\/idckohtao.com\/fr\/\">IDC Koh Tao<\/a>\u00a0vous offre un avantage suppl\u00e9mentaire.<\/p>\n<ul>\n<li>Tout compris signifie que tous les frais de cours sont pay\u00e9s sans frais cach\u00e9s<\/li>\n<li>Engagement fixe avec flexibilit\u00e9 ajout\u00e9e \u00e0 la programmation de la formation<\/li>\n<li>Conseil en d\u00e9veloppement de carri\u00e8re<\/li>\n<li>Vente de mat\u00e9riel de plong\u00e9e \u00e0 prix r\u00e9duit en tant que stagiaire<\/li>\n<li>Expertise des directeurs de cours et des instructeurs PADI les plus exp\u00e9riment\u00e9s<\/li>\n<li>Stage de travail r\u00e9el (travaillez pendant que vous apprenez)<\/li>\n<li>Centre de d\u00e9veloppement de carri\u00e8re PADI prim\u00e9 5 \u00e9toiles<\/li>\n<li>Formation et programme de pointe en conservation marine<\/li>\n<\/ul>\n<p><img decoding=\"async\" class=\"alignnone wp-image-696 size-large\" src=\"https:\/\/idckohtao.com\/wp-content\/uploads\/2023\/08\/crystal-dive-koh-tao-100000-reasons-to-dive-with-ceo-padi-award-1024x682.jpg\" alt=\"crystal-dive-koh-tao-100000-reasons-to-dive-with-ceo-padi-award\" width=\"1024\" height=\"682\" srcset=\"https:\/\/idckohtao.com\/wp-content\/uploads\/2023\/08\/crystal-dive-koh-tao-100000-reasons-to-dive-with-ceo-padi-award-1024x682.jpg 1024w, https:\/\/idckohtao.com\/wp-content\/uploads\/2023\/08\/crystal-dive-koh-tao-100000-reasons-to-dive-with-ceo-padi-award-300x200.jpg 300w, https:\/\/idckohtao.com\/wp-content\/uploads\/2023\/08\/crystal-dive-koh-tao-100000-reasons-to-dive-with-ceo-padi-award-768x512.jpg 768w, https:\/\/idckohtao.com\/wp-content\/uploads\/2023\/08\/crystal-dive-koh-tao-100000-reasons-to-dive-with-ceo-padi-award-1536x1024.jpg 1536w, https:\/\/idckohtao.com\/wp-content\/uploads\/2023\/08\/crystal-dive-koh-tao-100000-reasons-to-dive-with-ceo-padi-award.jpg 2000w\" sizes=\"(max-width: 1024px) 100vw, 1024px\" \/><\/p>\n<p>En tant que\u00a0<a href=\"https:\/\/idckohtao.com\/fr\/padi-divemaster-course\/\">Divemaster PADI<\/a>\u00a0cherchant \u00e0 faire progresser votre carri\u00e8re et \u00e0 enseigner aux nouveaux \u00e9l\u00e8ves plongeurs, nous pouvons vous proposer n\u2019importe quelle combinaison de cours de formation pour vous former \u00e0 devenir un\u00a0<a href=\"https:\/\/idckohtao.com\/fr\/padi-instructor-development-course\/\">instructeur PADI<\/a>\u00a0ou un\u00a0<a href=\"https:\/\/idckohtao.com\/fr\/master-scuba-diver-trainer-program\/\">instructeur sp\u00e9cialis\u00e9<\/a>.<\/p>\n<p>En tant qu\u2019instructeur, nous vous proposons toutes les options pour progresser dans l\u2019\u00e9chelle de carri\u00e8re PADI en tant qu\u00a0<a href=\"https:\/\/idckohtao.com\/fr\/idc-staff-instructor-course\/\">Staff Instructor<\/a>,\u00a0<a href=\"https:\/\/idckohtao.com\/fr\/padi-master-instructor\/\">Master Instructor<\/a>\u00a0et vous pr\u00e9parer aux candidatures de directeur de cours avec notre\u00a0<a href=\"https:\/\/idckohtao.com\/fr\/cdtc-prep-course\/\">pr\u00e9paration CDTC<\/a>\u00a0avec le\u00a0<a href=\"https:\/\/idckohtao.com\/fr\/padi-course-director-matt-bolton\/\">Directeur de cours PADI prim\u00e9 Matt Bolton<\/a>.<\/p>\n<p>En tant que\u00a0<a href=\"https:\/\/idckohtao.com\/fr\/open-water-course\/\">plongeur r\u00e9cr\u00e9ative<\/a>, nous vous proposons de devenir un\u00a0<a href=\"https:\/\/idckohtao.com\/fr\/why-choose-padi\/\">Divemaster PADI<\/a>, le cours de niveau \u2018pro\u2019 le plus populaire au monde et nous proposons des stages de travail pour acqu\u00e9rir une exp\u00e9rience r\u00e9elle.<\/p>\n<p>Peut-\u00eatre envisagez-vous de prendre une ann\u00e9e sabbatique courte ou prolong\u00e9e ou de changer de carri\u00e8re, ou peut-\u00eatre avez-vous besoin d\u2019un pont pour un changement complet de style de vie. Quelle que soit la raison, nous avons un forfait \u2018lifestyle\u2019 adapt\u00e9 \u00e0 votre niveau de formation actuel.<\/p>\n<h2>Une \u00eele d\u00e9di\u00e9e \u00e0 la plong\u00e9e<\/h2>\n<p><a href=\"https:\/\/idckohtao.com\/fr\/why-choose-koh-tao\/\">L\u2019\u00eele de Koh Tao<\/a>\u00a0est un paradis pour les plongeurs avec une culture de la plong\u00e9e bien \u00e9tablie et un temps de plong\u00e9e exceptionnel toute l\u2019ann\u00e9e. Bien que ses 21 kilom\u00e8tres seulement autour de sa c\u00f4te, dans le monde entier, c\u2019est le lieu num\u00e9ro un pour la formation des plongeurs et les nouvelles certifications de plongeurs. Plus d\u2019\u00e9tudiants plongeurs sont form\u00e9s ici \u00e0 Koh Tao que partout dans le monde, ann\u00e9e apr\u00e8s ann\u00e9e.<\/p>\n<p>Par cons\u00e9quent, Koh Tao a les plus hauts niveaux de normes de formation des plongeurs et IDC Koh Tao a re\u00e7u un autre\u00a0<a href=\"https:\/\/idckohtao.com\/fr\/padi-course-director-matt-bolton\/\">prix PADI en 2017<\/a>\u00a0pour refl\u00e9ter notre engagement envers la s\u00e9curit\u00e9 et la formation des plongeurs.<\/p>\n<p>Les instructeurs de plong\u00e9e \u00e0 Koh Tao sont des professionnels tr\u00e8s exp\u00e9riment\u00e9s et apr\u00e8s avoir travaill\u00e9 ici, vos options d\u2019emploi mondiales augmenteront consid\u00e9rablement.<\/p>\n<p>L\u2019\u00eele elle-m\u00eame est un paradis idyllique et une \u00eele tropicale typique en ce qu\u2019elle b\u00e9n\u00e9ficie d\u2019une jungle tropicale luxuriante sur les collines et les points de vue, de superbes plages et baies avec une eau cristalline et des couchers de soleil c\u00e9l\u00e8bres tous les jours.<\/p>\n<p>Les temp\u00e9ratures de la mer varient de 26 \u00e0 30 \u00b0 C avec une moyenne d\u2019environ 28 degr\u00e9s. Il y a plus de 26 sites de plong\u00e9e parmi lesquels choisir pour la formation de chaque type et niveau de cours, du peu profond au profond, Tec et de l\u2019\u00e9pave aux projets de conservation.<\/p>\n<p>Les choix alimentaires sont vari\u00e9s, allant des restaurants, caf\u00e9s, bars, pubs servant tous les types de plats occidentaux aux plats tha\u00eflandais et asiatiques et tr\u00e8s \u00e9conomiques.<\/p>\n<p>Il existe \u00e9galement un large \u00e9ventail d\u2019options d\u2019h\u00e9bergement, y compris des auberges \u00e9conomiques, des bungalows partag\u00e9s sur la plage, des villas dans la jungle et des complexes h\u00f4teliers 5 \u00e9toiles exclusifs. Tous disposent d\u2019installations modernes, d\u2019eau douce, de climatisation ou de ventilateurs et il y a un choix pour tous les budgets<\/p>\n<p><img decoding=\"async\" class=\"alignnone wp-image-697 size-large\" src=\"https:\/\/idckohtao.com\/wp-content\/uploads\/2023\/08\/crystal-dive-koh-tao-idc-feb-2017-confined-water-serious-1024x683.jpg\" alt=\"crystal-dive-koh-tao-idc-feb-2017-confined-water-serious\" width=\"1024\" height=\"683\" srcset=\"https:\/\/idckohtao.com\/wp-content\/uploads\/2023\/08\/crystal-dive-koh-tao-idc-feb-2017-confined-water-serious-1024x683.jpg 1024w, https:\/\/idckohtao.com\/wp-content\/uploads\/2023\/08\/crystal-dive-koh-tao-idc-feb-2017-confined-water-serious-300x200.jpg 300w, https:\/\/idckohtao.com\/wp-content\/uploads\/2023\/08\/crystal-dive-koh-tao-idc-feb-2017-confined-water-serious-768x512.jpg 768w, https:\/\/idckohtao.com\/wp-content\/uploads\/2023\/08\/crystal-dive-koh-tao-idc-feb-2017-confined-water-serious.jpg 1080w\" sizes=\"(max-width: 1024px) 100vw, 1024px\" \/><\/p>\n<h2>Koh Tao \u2013 D\u00e9di\u00e9 \u00e0 la conservation<\/h2>\n<p>IDC Koh Tao s\u2019est engag\u00e9 dans des projets de conservation marine depuis de nombreuses ann\u00e9es. Notre \u00e9quipe \u00e9cologique est un leader dans la r\u00e9gion Asie-Pacifique pour fournir une \u00e9ducation \u00e0 la conservation marine et a plusieurs projets eco en cours \u00e0 tout moment.<\/p>\n<p>Par cons\u00e9quent, nous int\u00e9grons un module de conservation \u00e0 tous nos forfaits de stages de style de vie.<\/p>\n<p>Nos forfaits de style de vie sont une superbe continuation d\u2019une histoire d\u2019amour \u00e0 vie avec la plong\u00e9e et pour tout aspirant professionnel de la plong\u00e9e sous-marine cherchant \u00e0 se recycler ou \u00e0 poursuivre son \u00e9ducation de niveau professionnel.<\/p>\n<p>Lisez notre page de\u00a0<a href=\"https:\/\/idckohtao.com\/fr\/faqs\/\">questions fr\u00e9quentes<\/a>\u00a0et\u00a0<a href=\"https:\/\/idckohtao.com\/fr\/contact\/\">contactez-nous<\/a>\u00a0pour plus de d\u00e9tails sur la fa\u00e7on dont vous pouvez changer votre vie \u00e0 partir d\u2019aujourd\u2019hui.[\/vc_column_text]<div class=\"text-left\"><div class=\"bt-course-price\"><a href=\"https:\/\/idckohtao.com\/fr\/packages-prices\/#internship\" class=\"button\">R\u00c9SERVATION EN LIGNE<\/a><\/div><\/div>[\/vc_column][\/vc_row]<\/p>\n<\/div>","protected":false},"excerpt":{"rendered":"<p>[vc_row][vc_column][vc_column_text] Forfaits de plong\u00e9e sous-marine sur un paradis tropical Forfaits \u2018Lifestyle\u2019 pour tous En tant que centre de d\u00e9veloppement de carri\u00e8re (CDC) PADI hautement accr\u00e9dit\u00e9 avec deux d\u00e9cennies d\u2019exp\u00e9rience dans la fourniture de cours de plong\u00e9e, de stages de plong\u00e9e et de forfaits de plong\u00e9e sur mesure, nous comprenons que les besoins de formation d\u2019un [&hellip;]<\/p>\n","protected":false},"author":1,"featured_media":4599,"parent":0,"menu_order":0,"comment_status":"closed","ping_status":"closed","template":"","meta":{"_acf_changed":false,"footnotes":""},"class_list":["post-3401","page","type-page","status-publish","has-post-thumbnail","hentry"],"acf":[],"yoast_head":"<!-- This site is optimized with the Yoast SEO Premium plugin v27.5 (Yoast SEO v27.5) - https:\/\/yoast.com\/product\/yoast-seo-premium-wordpress\/ -->\n<title>Packages &#039;Lifestyle&#039; sous-marine en Tha\u00eflande | IDC Koh Tao<\/title>\n<meta name=\"description\" content=\"Nos packages &quot;Lifestyle&quot; de plong\u00e9e sous-marine PADI \u00e0 Koh Tao sont tout compris et offrent un horaire flexible pour d\u00e9marrer votre carri\u00e8re de plong\u00e9e sous-marine de la meilleure fa\u00e7on possible.\" \/>\n<meta name=\"robots\" content=\"index, follow, max-snippet:-1, max-image-preview:large, max-video-preview:-1\" \/>\n<link rel=\"canonical\" href=\"https:\/\/idckohtao.com\/fr\/lifestyle-packages\/\" \/>\n<meta property=\"og:locale\" content=\"fr_FR\" \/>\n<meta property=\"og:type\" content=\"article\" \/>\n<meta property=\"og:title\" content=\"Packages &#039;Lifestyle&#039; sous-marine en Tha\u00eflande | IDC Koh Tao\" \/>\n<meta property=\"og:description\" content=\"Nos packages &quot;Lifestyle&quot; de plong\u00e9e sous-marine PADI \u00e0 Koh Tao sont tout compris et offrent un horaire flexible pour d\u00e9marrer votre carri\u00e8re de plong\u00e9e sous-marine de la meilleure fa\u00e7on possible.\" \/>\n<meta property=\"og:url\" content=\"https:\/\/idckohtao.com\/fr\/lifestyle-packages\/\" \/>\n<meta property=\"og:site_name\" content=\"IDC Koh Tao\" \/>\n<meta property=\"article:publisher\" content=\"https:\/\/www.facebook.com\/GoProIDCKohTao\" \/>\n<meta property=\"article:modified_time\" content=\"2023-09-16T22:10:45+00:00\" \/>\n<meta property=\"og:image\" content=\"https:\/\/idckohtao.com\/wp-content\/uploads\/2023\/08\/padi-idc-koh-tao-idc-pool-training-course-director-lifestyle-packages.jpg\" \/>\n\t<meta property=\"og:image:width\" content=\"1042\" \/>\n\t<meta property=\"og:image:height\" content=\"630\" \/>\n\t<meta property=\"og:image:type\" content=\"image\/jpeg\" \/>\n<meta name=\"twitter:card\" content=\"summary_large_image\" \/>\n<meta name=\"twitter:title\" content=\"Packages &#039;Lifestyle&#039; sous-marine en Tha\u00eflande | IDC Koh Tao\" \/>\n<meta name=\"twitter:description\" content=\"Nos packages &quot;Lifestyle&quot; de plong\u00e9e sous-marine PADI \u00e0 Koh Tao sont tout compris et offrent un horaire flexible pour d\u00e9marrer votre carri\u00e8re de plong\u00e9e sous-marine de la meilleure fa\u00e7on possible.\" \/>\n<meta name=\"twitter:site\" content=\"@GoProIDCKohTao\" \/>\n<!-- \/ Yoast SEO Premium plugin. -->","yoast_head_json":{"title":"Packages &#039;Lifestyle&#039; sous-marine en Tha\u00eflande | IDC Koh Tao","description":"Nos packages &quot;Lifestyle&quot; de plong\u00e9e sous-marine PADI \u00e0 Koh Tao sont tout compris et offrent un horaire flexible pour d\u00e9marrer votre carri\u00e8re de plong\u00e9e sous-marine de la meilleure fa\u00e7on possible.","robots":{"index":"index","follow":"follow","max-snippet":"max-snippet:-1","max-image-preview":"max-image-preview:large","max-video-preview":"max-video-preview:-1"},"canonical":"https:\/\/idckohtao.com\/fr\/lifestyle-packages\/","og_locale":"fr_FR","og_type":"article","og_title":"Packages &#039;Lifestyle&#039; sous-marine en Tha\u00eflande | IDC Koh Tao","og_description":"Nos packages &quot;Lifestyle&quot; de plong\u00e9e sous-marine PADI \u00e0 Koh Tao sont tout compris et offrent un horaire flexible pour d\u00e9marrer votre carri\u00e8re de plong\u00e9e sous-marine de la meilleure fa\u00e7on possible.","og_url":"https:\/\/idckohtao.com\/fr\/lifestyle-packages\/","og_site_name":"IDC Koh Tao","article_publisher":"https:\/\/www.facebook.com\/GoProIDCKohTao","article_modified_time":"2023-09-16T22:10:45+00:00","og_image":[{"width":1042,"height":630,"url":"https:\/\/idckohtao.com\/wp-content\/uploads\/2023\/08\/padi-idc-koh-tao-idc-pool-training-course-director-lifestyle-packages.jpg","type":"image\/jpeg"}],"twitter_card":"summary_large_image","twitter_title":"Packages &#039;Lifestyle&#039; sous-marine en Tha\u00eflande | IDC Koh Tao","twitter_description":"Nos packages &quot;Lifestyle&quot; de plong\u00e9e sous-marine PADI \u00e0 Koh Tao sont tout compris et offrent un horaire flexible pour d\u00e9marrer votre carri\u00e8re de plong\u00e9e sous-marine de la meilleure fa\u00e7on possible.","twitter_site":"@GoProIDCKohTao","schema":{"@context":"https:\/\/schema.org","@graph":[{"@type":"NewsArticle","@id":"https:\/\/idckohtao.com\/fr\/lifestyle-packages\/#article","isPartOf":{"@id":"https:\/\/idckohtao.com\/fr\/lifestyle-packages\/"},"author":{"name":"ojasya","@id":"https:\/\/idckohtao.com\/fr\/#\/schema\/person\/d08d557cbfdbc171f824052dae697b02"},"headline":"Forfaits Lifestyle","datePublished":"2023-08-09T10:19:46+00:00","dateModified":"2023-09-16T22:10:45+00:00","mainEntityOfPage":{"@id":"https:\/\/idckohtao.com\/fr\/lifestyle-packages\/"},"wordCount":1059,"publisher":{"@id":"https:\/\/idckohtao.com\/fr\/#organization"},"image":{"@id":"https:\/\/idckohtao.com\/fr\/lifestyle-packages\/#primaryimage"},"thumbnailUrl":"https:\/\/idckohtao.com\/wp-content\/uploads\/2023\/09\/idckohtao.com-scuba-diving-lifestyle-internships-on-koh-tao-thailand.jpg","inLanguage":"fr-FR"},{"@type":"WebPage","@id":"https:\/\/idckohtao.com\/fr\/lifestyle-packages\/","url":"https:\/\/idckohtao.com\/fr\/lifestyle-packages\/","name":"Packages &#039;Lifestyle&#039; sous-marine en Tha\u00eflande | IDC Koh Tao","isPartOf":{"@id":"https:\/\/idckohtao.com\/fr\/#website"},"primaryImageOfPage":{"@id":"https:\/\/idckohtao.com\/fr\/lifestyle-packages\/#primaryimage"},"image":{"@id":"https:\/\/idckohtao.com\/fr\/lifestyle-packages\/#primaryimage"},"thumbnailUrl":"https:\/\/idckohtao.com\/wp-content\/uploads\/2023\/09\/idckohtao.com-scuba-diving-lifestyle-internships-on-koh-tao-thailand.jpg","datePublished":"2023-08-09T10:19:46+00:00","dateModified":"2023-09-16T22:10:45+00:00","description":"Nos packages &quot;Lifestyle&quot; de plong\u00e9e sous-marine PADI \u00e0 Koh Tao sont tout compris et offrent un horaire flexible pour d\u00e9marrer votre carri\u00e8re de plong\u00e9e sous-marine de la meilleure fa\u00e7on possible.","breadcrumb":{"@id":"https:\/\/idckohtao.com\/fr\/lifestyle-packages\/#breadcrumb"},"inLanguage":"fr-FR","potentialAction":[{"@type":"ReadAction","target":["https:\/\/idckohtao.com\/fr\/lifestyle-packages\/"]}]},{"@type":"ImageObject","inLanguage":"fr-FR","@id":"https:\/\/idckohtao.com\/fr\/lifestyle-packages\/#primaryimage","url":"https:\/\/idckohtao.com\/wp-content\/uploads\/2023\/09\/idckohtao.com-scuba-diving-lifestyle-internships-on-koh-tao-thailand.jpg","contentUrl":"https:\/\/idckohtao.com\/wp-content\/uploads\/2023\/09\/idckohtao.com-scuba-diving-lifestyle-internships-on-koh-tao-thailand.jpg","width":1300,"height":719,"caption":"best scuba diving lifestyle packages on koh tao in thailand"},{"@type":"BreadcrumbList","@id":"https:\/\/idckohtao.com\/fr\/lifestyle-packages\/#breadcrumb","itemListElement":[{"@type":"ListItem","position":1,"name":"Home","item":"https:\/\/idckohtao.com\/fr\/"},{"@type":"ListItem","position":2,"name":"Forfaits Lifestyle"}]},{"@type":"WebSite","@id":"https:\/\/idckohtao.com\/fr\/#website","url":"https:\/\/idckohtao.com\/fr\/","name":"IDC Koh Tao","description":"PADI IDC 5 Star Diving Center in Koh Tao - Thailand","publisher":{"@id":"https:\/\/idckohtao.com\/fr\/#organization"},"alternateName":"IDC Koh Tao in Thailand","potentialAction":[{"@type":"SearchAction","target":{"@type":"EntryPoint","urlTemplate":"https:\/\/idckohtao.com\/fr\/?s={search_term_string}"},"query-input":{"@type":"PropertyValueSpecification","valueRequired":true,"valueName":"search_term_string"}}],"inLanguage":"fr-FR"},{"@type":"Organization","@id":"https:\/\/idckohtao.com\/fr\/#organization","name":"IDC Koh Tao","alternateName":"IDC Koh Tao | Divemaster & Diving Instructor","url":"https:\/\/idckohtao.com\/fr\/","logo":{"@type":"ImageObject","inLanguage":"fr-FR","@id":"https:\/\/idckohtao.com\/fr\/#\/schema\/logo\/image\/","url":"https:\/\/idckohtao.com\/wp-content\/uploads\/2023\/09\/idckohtao.com-padi-diving-center-in-koh-tao-thailand.png","contentUrl":"https:\/\/idckohtao.com\/wp-content\/uploads\/2023\/09\/idckohtao.com-padi-diving-center-in-koh-tao-thailand.png","width":400,"height":300,"caption":"IDC Koh Tao"},"image":{"@id":"https:\/\/idckohtao.com\/fr\/#\/schema\/logo\/image\/"},"sameAs":["https:\/\/www.facebook.com\/GoProIDCKohTao","https:\/\/x.com\/GoProIDCKohTao","https:\/\/www.youtube.com\/idckohtao","https:\/\/www.instagram.com\/idc.kohtao\/"],"description":"IDC Koh Tao is a part of the Black Turtle Dive pro level training team with three PADI Course Directors being led by Award Winning PADI Course Director Matt Bolton. Our full range of pro and recreational PADI Diving Courses provides aspiring scuba divers with education, fun, excitement, adventure, and a change of lifestyle or an opportunity to pursue a new career.","email":"info@idckohtao.com","legalName":"IDC Koh Tao","foundingDate":"2004-01-04","numberOfEmployees":{"@type":"QuantitativeValue","minValue":"1","maxValue":"10"},"correctionsPolicy":"https:\/\/idckohtao.com\/privacy-policy\/","ethicsPolicy":"https:\/\/idckohtao.com\/terms\/"},{"@type":"Person","@id":"https:\/\/idckohtao.com\/fr\/#\/schema\/person\/d08d557cbfdbc171f824052dae697b02","name":"ojasya","image":{"@type":"ImageObject","inLanguage":"fr-FR","@id":"https:\/\/secure.gravatar.com\/avatar\/6fb34e36d09053a6545fc21d344613321bb1933f185132488f38052166f5a001?s=96&d=mm&r=g","url":"https:\/\/secure.gravatar.com\/avatar\/6fb34e36d09053a6545fc21d344613321bb1933f185132488f38052166f5a001?s=96&d=mm&r=g","contentUrl":"https:\/\/secure.gravatar.com\/avatar\/6fb34e36d09053a6545fc21d344613321bb1933f185132488f38052166f5a001?s=96&d=mm&r=g","caption":"ojasya"},"sameAs":["https:\/\/idckohtao.com"],"url":"https:\/\/idckohtao.com\/fr\/blog\/author\/ojasya\/"}]}},"_links":{"self":[{"href":"https:\/\/idckohtao.com\/fr\/wp-json\/wp\/v2\/pages\/3401","targetHints":{"allow":["GET"]}}],"collection":[{"href":"https:\/\/idckohtao.com\/fr\/wp-json\/wp\/v2\/pages"}],"about":[{"href":"https:\/\/idckohtao.com\/fr\/wp-json\/wp\/v2\/types\/page"}],"author":[{"embeddable":true,"href":"https:\/\/idckohtao.com\/fr\/wp-json\/wp\/v2\/users\/1"}],"replies":[{"embeddable":true,"href":"https:\/\/idckohtao.com\/fr\/wp-json\/wp\/v2\/comments?post=3401"}],"version-history":[{"count":0,"href":"https:\/\/idckohtao.com\/fr\/wp-json\/wp\/v2\/pages\/3401\/revisions"}],"wp:featuredmedia":[{"embeddable":true,"href":"https:\/\/idckohtao.com\/fr\/wp-json\/wp\/v2\/media\/4599"}],"wp:attachment":[{"href":"https:\/\/idckohtao.com\/fr\/wp-json\/wp\/v2\/media?parent=3401"}],"curies":[{"name":"wp","href":"https:\/\/api.w.org\/{rel}","templated":true}]}}