{"id":3404,"date":"2023-08-07T09:34:57","date_gmt":"2023-08-07T09:34:57","guid":{"rendered":"https:\/\/idckohtao.com\/marine-conservation\/"},"modified":"2023-09-16T22:10:45","modified_gmt":"2023-09-16T22:10:45","slug":"marine-conservation","status":"publish","type":"page","link":"https:\/\/idckohtao.com\/fr\/marine-conservation\/","title":{"rendered":"Conservation Marine"},"content":{"rendered":"<div class=\"wpb-content-wrapper\"><p>[vc_row][vc_column][vc_column_text]<\/p>\n<h2>Leaders dans les programmes de conservation marine avec Black Turtle Dive<\/h2>\n<h3>La Conservation marine cours Koh Tao<\/h3>\n<p>La conservation marine et la pr\u00e9servation de nos \u00e9cosyst\u00e8mes marins est un \u00e9l\u00e9ment important de nos programmes de formation de plongeurs.<\/p>\n<p>Situ\u00e9 au centre de plong\u00e9e Black Turtle Dive,\u00a0IDC Koh Tao\u00a0propose son propre programme de conservation marine, qui comprend des cours individuels et des stages de conservation marine.<\/p>\n<p>Tous nos cours de formation de plongeurs de niveau d\u00e9butant et professionnel fournissent une sensibilisation de base et une \u00e9ducation de base \u00e0 nos \u00e9tudiants dans le cadre de leur formation de plongeur.<\/p>\n<p>Notre \u00e9quipe interne de conservation marine\u00a0<a href=\"https:\/\/www.blackturtledive.com\/scuba-diving-internship\/marine-conservation-internship\/\" target=\"_blank\" rel=\"noopener noreferrer\">Black Turtle Dive<\/a>\u00a0est un fournisseur leader d\u2019\u00e9ducation \u00e0 la conservation marine \u00e0 Koh Tao et dans toute la r\u00e9gion de l\u2019Asie du Sud-Est.<\/p>\n<p><img decoding=\"async\" class=\"alignnone wp-image-293 size-full\" src=\"https:\/\/idckohtao.com\/wp-content\/uploads\/2023\/08\/idckohtao.com-marine-conservation.jpg\" alt=\"idckohtao.com-marine-conservation\" width=\"800\" height=\"600\" srcset=\"https:\/\/idckohtao.com\/wp-content\/uploads\/2023\/08\/idckohtao.com-marine-conservation.jpg 800w, https:\/\/idckohtao.com\/wp-content\/uploads\/2023\/08\/idckohtao.com-marine-conservation-300x225.jpg 300w, https:\/\/idckohtao.com\/wp-content\/uploads\/2023\/08\/idckohtao.com-marine-conservation-768x576.jpg 768w\" sizes=\"(max-width: 800px) 100vw, 800px\" \/><\/p>\n<p>Ils travaillent activement sur un certain nombre de projets environnementaux et sont l\u2019une des organisations environnementales les plus actives \u00e0\u00a0<a href=\"https:\/\/idckohtao.com\/fr\/why-choose-idc-koh-tao\/\">Koh Tao<\/a>.<\/p>\n<p>Koh Tao tropical est une \u00eele paradisiaque idyllique au-dessus et au-dessous de l\u2019eau avec une beaut\u00e9 naturelle \u00e9tonnante et un \u00e9cosyst\u00e8me marin d\u00e9licatement \u00e9quilibr\u00e9.<\/p>\n<p>Former et pr\u00e9parer des\u00a0<a href=\"https:\/\/idckohtao.com\/fr\/padi-instructor-development-course\/\">professionnels de la plong\u00e9e<\/a>\u00a0en mettant l\u2019accent sur tous les aspects de la conservation marine est essentiel \u00e0 la durabilit\u00e9, \u00e0 la pr\u00e9servation et \u00e0 la protection des r\u00e9cifs coralliens pour les g\u00e9n\u00e9rations \u00e0 venir.<\/p>\n<p>Nos cours de\u00a0<a href=\"https:\/\/idckohtao.com\/fr\/open-water-course\/\">niveau professionnel<\/a>\u00a0et nos\u00a0<a href=\"https:\/\/idckohtao.com\/fr\/scuba-diving-internships\/\">stages de plong\u00e9e sous-marine<\/a>\u00a0sont con\u00e7us avec un fort accent sur la conservation marine et nous proposons une gamme de modules \u00e9cologique. Ceux qui ont une formation ad\u00e9quate peuvent participer et contribuer \u00e0 une gamme de projets de conservation:<\/p>\n<ul>\n<li>Site de plong\u00e9e Bio-Rock \u2013 transplantation de corail et collecte de donn\u00e9es sur le taux de croissance<\/li>\n<li>Buoyancy World \u2013 site de plong\u00e9e artificielle<\/li>\n<li>P\u00e9pini\u00e8res de corail \u2013 construction de p\u00e9pini\u00e8res de corail autour de l\u2019\u00eele<\/li>\n<li>Enqu\u00eates de contr\u00f4le des r\u00e9cifs \/ EMP (Ecological Monitoring Program)<\/li>\n<li>Junkyard Reef \u2013 notre propre site de plong\u00e9e artificielle (un site de plong\u00e9e populaire)<\/li>\n<li>Nettoyage des plages et des sites de plong\u00e9e autour de Koh Tao<\/li>\n<li>P\u00e9pini\u00e8res de palourdes g\u00e9antes<\/li>\n<li>Bou\u00e9es d\u2019amarrage \u2013 maintenance et gestion de ligne.<\/li>\n<li>Adoptez un corail<\/li>\n<li>Gestion des ressources marines<\/li>\n<li>Coralwatch<\/li>\n<\/ul>\n<p><img decoding=\"async\" class=\"alignnone wp-image-294 size-large\" src=\"https:\/\/idckohtao.com\/wp-content\/uploads\/2023\/08\/crystaldive.com-koh-tao-thailand-divemaster-courses-marine-conservation-1024x576.png\" alt=\"crystaldive.com-koh-tao-thailand-divemaster-courses-marine-conservation\" width=\"1024\" height=\"576\" srcset=\"https:\/\/idckohtao.com\/wp-content\/uploads\/2023\/08\/crystaldive.com-koh-tao-thailand-divemaster-courses-marine-conservation-1024x576.png 1024w, https:\/\/idckohtao.com\/wp-content\/uploads\/2023\/08\/crystaldive.com-koh-tao-thailand-divemaster-courses-marine-conservation-300x169.png 300w, https:\/\/idckohtao.com\/wp-content\/uploads\/2023\/08\/crystaldive.com-koh-tao-thailand-divemaster-courses-marine-conservation-768x432.png 768w, https:\/\/idckohtao.com\/wp-content\/uploads\/2023\/08\/crystaldive.com-koh-tao-thailand-divemaster-courses-marine-conservation.png 1280w\" sizes=\"(max-width: 1024px) 100vw, 1024px\" \/><\/p>\n<h3>Marine Conservation Internship Koh Tao<\/h3>\n<p>\u00c0 Koh Tao, plusieurs sites de plong\u00e9e artificiels ont \u00e9t\u00e9 construits au cours de la derni\u00e8re d\u00e9cennie dans le but d\u2019augmenter la zone de r\u00e9cif local et d\u2019\u00e9liminer un nombre croissant de plongeurs dans les zones naturelles.<\/p>\n<p>IDC Koh Tao en collaboration avec Black Turtle Dive est \u00e0 l\u2019avant-garde de la conservation marine au niveau local avec une implication dans plusieurs projets \u00e0 travers des partenaires internationaux\u00a0<a href=\"http:\/\/www.projectaware.org\/\" target=\"_blank\" rel=\"noopener\">Project Aware<\/a>,\u00a0<a href=\"http:\/\/www.coralwatch.org\/\" target=\"_blank\" rel=\"noopener\">Coralwatch<\/a>\u00a0et\u00a0<a href=\"http:\/\/www.reefcheck.org\/\" target=\"_blank\" rel=\"noopener\">Reef Check<\/a>.<\/p>\n<p>Nos\u00a0<a href=\"https:\/\/idckohtao.com\/fr\/padi-divemaster-course\/\">Divemasters<\/a>\u00a0et\u00a0<a href=\"https:\/\/idckohtao.com\/fr\/padi-instructor-development-course\/\">Instructeurs<\/a>\u00a0suivent une formation sur la v\u00e9rification des r\u00e9cifs pour s\u2019assurer qu\u2019ils sont bien inform\u00e9s sur le milieu marin. Nos enqu\u00eates sur les r\u00e9cifs aident \u00e0 maintenir une base de donn\u00e9es pr\u00e9cise sur l\u2019\u00e9tat des r\u00e9cifs coralliens locaux.<\/p>\n<p>En plus d\u2019int\u00e9grer la conservation marine dans nos forfaits \u2018<a href=\"https:\/\/idckohtao.com\/fr\/lifestyle-packages\/\">Lifestyle<\/a>\u2019, nous proposons des cours \u00e9cologiques sp\u00e9cialis\u00e9s pour ceux qui veulent en savoir plus sur l\u2019environnement local tout en apportant une pr\u00e9cieuse contribution \u00e0 la recherche scientifique.[\/vc_column_text]<div class=\"text-left\"><h3 class=\"section-title\">Les tarifs les plus comp\u00e9titifs partout en Tha\u00eflande<\/h3><div class=\"bt-course-price\"><a href=\"https:\/\/idckohtao.com\/fr\/packages-prices\/\" class=\"button\">R\u00c9SERVATION<\/a><\/div><\/div>[\/vc_column][\/vc_row]<\/p>\n<\/div>","protected":false},"excerpt":{"rendered":"<p>[vc_row][vc_column][vc_column_text] Leaders dans les programmes de conservation marine avec Black Turtle Dive La Conservation marine cours Koh Tao La conservation marine et la pr\u00e9servation de nos \u00e9cosyst\u00e8mes marins est un \u00e9l\u00e9ment important de nos programmes de formation de plongeurs. Situ\u00e9 au centre de plong\u00e9e Black Turtle Dive,\u00a0IDC Koh Tao\u00a0propose son propre programme de conservation marine, [&hellip;]<\/p>\n","protected":false},"author":1,"featured_media":5011,"parent":0,"menu_order":0,"comment_status":"closed","ping_status":"closed","template":"","meta":{"_acf_changed":false,"footnotes":""},"class_list":["post-3404","page","type-page","status-publish","has-post-thumbnail","hentry"],"acf":[],"yoast_head":"<!-- This site is optimized with the Yoast SEO Premium plugin v27.5 (Yoast SEO v27.5) - https:\/\/yoast.com\/product\/yoast-seo-premium-wordpress\/ -->\n<title>Cours et stages de conservation marine | IDC Koh Tao<\/title>\n<meta name=\"description\" content=\"IDC Koh Tao avec Eco Koh Tao sont \u00e0 la pointe de la conservation marine localement avec une implication dans de multiples projets \u00e0 travers nos partenaires internationaux\" \/>\n<meta name=\"robots\" content=\"index, follow, max-snippet:-1, max-image-preview:large, max-video-preview:-1\" \/>\n<link rel=\"canonical\" href=\"https:\/\/idckohtao.com\/fr\/marine-conservation\/\" \/>\n<meta property=\"og:locale\" content=\"fr_FR\" \/>\n<meta property=\"og:type\" content=\"article\" \/>\n<meta property=\"og:title\" content=\"Cours et stages de conservation marine | IDC Koh Tao\" \/>\n<meta property=\"og:description\" content=\"IDC Koh Tao avec Eco Koh Tao sont \u00e0 la pointe de la conservation marine localement avec une implication dans de multiples projets \u00e0 travers nos partenaires internationaux\" \/>\n<meta property=\"og:url\" content=\"https:\/\/idckohtao.com\/fr\/marine-conservation\/\" \/>\n<meta property=\"og:site_name\" content=\"IDC Koh Tao\" \/>\n<meta property=\"article:publisher\" content=\"https:\/\/www.facebook.com\/GoProIDCKohTao\" \/>\n<meta property=\"article:modified_time\" content=\"2023-09-16T22:10:45+00:00\" \/>\n<meta property=\"og:image\" content=\"https:\/\/idckohtao.com\/wp-content\/uploads\/2023\/08\/idckohtao.com-marine-conservation-courses-on-koh-tao-in-thailand-1.jpg\" \/>\n\t<meta property=\"og:image:width\" content=\"2000\" \/>\n\t<meta property=\"og:image:height\" content=\"1325\" \/>\n\t<meta property=\"og:image:type\" content=\"image\/jpeg\" \/>\n<meta name=\"twitter:card\" content=\"summary_large_image\" \/>\n<meta name=\"twitter:title\" content=\"Cours et stages de conservation marine | IDC Koh Tao\" \/>\n<meta name=\"twitter:description\" content=\"IDC Koh Tao avec Eco Koh Tao sont \u00e0 la pointe de la conservation marine localement avec une implication dans de multiples projets \u00e0 travers nos partenaires internationaux\" \/>\n<meta name=\"twitter:image\" content=\"https:\/\/idckohtao.com\/wp-content\/uploads\/2023\/08\/idckohtao.com-marine-conservation-courses-on-koh-tao-in-thailand-1.jpg\" \/>\n<meta name=\"twitter:site\" content=\"@GoProIDCKohTao\" \/>\n<!-- \/ Yoast SEO Premium plugin. -->","yoast_head_json":{"title":"Cours et stages de conservation marine | IDC Koh Tao","description":"IDC Koh Tao avec Eco Koh Tao sont \u00e0 la pointe de la conservation marine localement avec une implication dans de multiples projets \u00e0 travers nos partenaires internationaux","robots":{"index":"index","follow":"follow","max-snippet":"max-snippet:-1","max-image-preview":"max-image-preview:large","max-video-preview":"max-video-preview:-1"},"canonical":"https:\/\/idckohtao.com\/fr\/marine-conservation\/","og_locale":"fr_FR","og_type":"article","og_title":"Cours et stages de conservation marine | IDC Koh Tao","og_description":"IDC Koh Tao avec Eco Koh Tao sont \u00e0 la pointe de la conservation marine localement avec une implication dans de multiples projets \u00e0 travers nos partenaires internationaux","og_url":"https:\/\/idckohtao.com\/fr\/marine-conservation\/","og_site_name":"IDC Koh Tao","article_publisher":"https:\/\/www.facebook.com\/GoProIDCKohTao","article_modified_time":"2023-09-16T22:10:45+00:00","og_image":[{"width":2000,"height":1325,"url":"https:\/\/idckohtao.com\/wp-content\/uploads\/2023\/08\/idckohtao.com-marine-conservation-courses-on-koh-tao-in-thailand-1.jpg","type":"image\/jpeg"}],"twitter_card":"summary_large_image","twitter_title":"Cours et stages de conservation marine | IDC Koh Tao","twitter_description":"IDC Koh Tao avec Eco Koh Tao sont \u00e0 la pointe de la conservation marine localement avec une implication dans de multiples projets \u00e0 travers nos partenaires internationaux","twitter_image":"https:\/\/idckohtao.com\/wp-content\/uploads\/2023\/08\/idckohtao.com-marine-conservation-courses-on-koh-tao-in-thailand-1.jpg","twitter_site":"@GoProIDCKohTao","schema":{"@context":"https:\/\/schema.org","@graph":[{"@type":"NewsArticle","@id":"https:\/\/idckohtao.com\/fr\/marine-conservation\/#article","isPartOf":{"@id":"https:\/\/idckohtao.com\/fr\/marine-conservation\/"},"author":{"name":"ojasya","@id":"https:\/\/idckohtao.com\/fr\/#\/schema\/person\/d08d557cbfdbc171f824052dae697b02"},"headline":"Conservation Marine","datePublished":"2023-08-07T09:34:57+00:00","dateModified":"2023-09-16T22:10:45+00:00","mainEntityOfPage":{"@id":"https:\/\/idckohtao.com\/fr\/marine-conservation\/"},"wordCount":587,"publisher":{"@id":"https:\/\/idckohtao.com\/fr\/#organization"},"image":{"@id":"https:\/\/idckohtao.com\/fr\/marine-conservation\/#primaryimage"},"thumbnailUrl":"https:\/\/idckohtao.com\/wp-content\/uploads\/2023\/09\/idckohtao.com-marine-conservation-internship-in-koh-tao-thailand.jpeg","inLanguage":"fr-FR"},{"@type":"WebPage","@id":"https:\/\/idckohtao.com\/fr\/marine-conservation\/","url":"https:\/\/idckohtao.com\/fr\/marine-conservation\/","name":"Cours et stages de conservation marine | IDC Koh Tao","isPartOf":{"@id":"https:\/\/idckohtao.com\/fr\/#website"},"primaryImageOfPage":{"@id":"https:\/\/idckohtao.com\/fr\/marine-conservation\/#primaryimage"},"image":{"@id":"https:\/\/idckohtao.com\/fr\/marine-conservation\/#primaryimage"},"thumbnailUrl":"https:\/\/idckohtao.com\/wp-content\/uploads\/2023\/09\/idckohtao.com-marine-conservation-internship-in-koh-tao-thailand.jpeg","datePublished":"2023-08-07T09:34:57+00:00","dateModified":"2023-09-16T22:10:45+00:00","description":"IDC Koh Tao avec Eco Koh Tao sont \u00e0 la pointe de la conservation marine localement avec une implication dans de multiples projets \u00e0 travers nos partenaires internationaux","breadcrumb":{"@id":"https:\/\/idckohtao.com\/fr\/marine-conservation\/#breadcrumb"},"inLanguage":"fr-FR","potentialAction":[{"@type":"ReadAction","target":["https:\/\/idckohtao.com\/fr\/marine-conservation\/"]}]},{"@type":"ImageObject","inLanguage":"fr-FR","@id":"https:\/\/idckohtao.com\/fr\/marine-conservation\/#primaryimage","url":"https:\/\/idckohtao.com\/wp-content\/uploads\/2023\/09\/idckohtao.com-marine-conservation-internship-in-koh-tao-thailand.jpeg","contentUrl":"https:\/\/idckohtao.com\/wp-content\/uploads\/2023\/09\/idckohtao.com-marine-conservation-internship-in-koh-tao-thailand.jpeg","width":1200,"height":800,"caption":"A Coral Reef Ecosystem on Koh Tao"},{"@type":"BreadcrumbList","@id":"https:\/\/idckohtao.com\/fr\/marine-conservation\/#breadcrumb","itemListElement":[{"@type":"ListItem","position":1,"name":"Home","item":"https:\/\/idckohtao.com\/fr\/"},{"@type":"ListItem","position":2,"name":"Conservation Marine"}]},{"@type":"WebSite","@id":"https:\/\/idckohtao.com\/fr\/#website","url":"https:\/\/idckohtao.com\/fr\/","name":"IDC Koh Tao","description":"PADI IDC 5 Star Diving Center in Koh Tao - Thailand","publisher":{"@id":"https:\/\/idckohtao.com\/fr\/#organization"},"alternateName":"IDC Koh Tao in Thailand","potentialAction":[{"@type":"SearchAction","target":{"@type":"EntryPoint","urlTemplate":"https:\/\/idckohtao.com\/fr\/?s={search_term_string}"},"query-input":{"@type":"PropertyValueSpecification","valueRequired":true,"valueName":"search_term_string"}}],"inLanguage":"fr-FR"},{"@type":"Organization","@id":"https:\/\/idckohtao.com\/fr\/#organization","name":"IDC Koh Tao","alternateName":"IDC Koh Tao | Divemaster & Diving Instructor","url":"https:\/\/idckohtao.com\/fr\/","logo":{"@type":"ImageObject","inLanguage":"fr-FR","@id":"https:\/\/idckohtao.com\/fr\/#\/schema\/logo\/image\/","url":"https:\/\/idckohtao.com\/wp-content\/uploads\/2023\/09\/idckohtao.com-padi-diving-center-in-koh-tao-thailand.png","contentUrl":"https:\/\/idckohtao.com\/wp-content\/uploads\/2023\/09\/idckohtao.com-padi-diving-center-in-koh-tao-thailand.png","width":400,"height":300,"caption":"IDC Koh Tao"},"image":{"@id":"https:\/\/idckohtao.com\/fr\/#\/schema\/logo\/image\/"},"sameAs":["https:\/\/www.facebook.com\/GoProIDCKohTao","https:\/\/x.com\/GoProIDCKohTao","https:\/\/www.youtube.com\/idckohtao","https:\/\/www.instagram.com\/idc.kohtao\/"],"description":"IDC Koh Tao is a part of the Black Turtle Dive pro level training team with three PADI Course Directors being led by Award Winning PADI Course Director Matt Bolton. Our full range of pro and recreational PADI Diving Courses provides aspiring scuba divers with education, fun, excitement, adventure, and a change of lifestyle or an opportunity to pursue a new career.","email":"info@idckohtao.com","legalName":"IDC Koh Tao","foundingDate":"2004-01-04","numberOfEmployees":{"@type":"QuantitativeValue","minValue":"1","maxValue":"10"},"correctionsPolicy":"https:\/\/idckohtao.com\/privacy-policy\/","ethicsPolicy":"https:\/\/idckohtao.com\/terms\/"},{"@type":"Person","@id":"https:\/\/idckohtao.com\/fr\/#\/schema\/person\/d08d557cbfdbc171f824052dae697b02","name":"ojasya","image":{"@type":"ImageObject","inLanguage":"fr-FR","@id":"https:\/\/secure.gravatar.com\/avatar\/6fb34e36d09053a6545fc21d344613321bb1933f185132488f38052166f5a001?s=96&d=mm&r=g","url":"https:\/\/secure.gravatar.com\/avatar\/6fb34e36d09053a6545fc21d344613321bb1933f185132488f38052166f5a001?s=96&d=mm&r=g","contentUrl":"https:\/\/secure.gravatar.com\/avatar\/6fb34e36d09053a6545fc21d344613321bb1933f185132488f38052166f5a001?s=96&d=mm&r=g","caption":"ojasya"},"sameAs":["https:\/\/idckohtao.com"],"url":"https:\/\/idckohtao.com\/fr\/blog\/author\/ojasya\/"}]}},"_links":{"self":[{"href":"https:\/\/idckohtao.com\/fr\/wp-json\/wp\/v2\/pages\/3404","targetHints":{"allow":["GET"]}}],"collection":[{"href":"https:\/\/idckohtao.com\/fr\/wp-json\/wp\/v2\/pages"}],"about":[{"href":"https:\/\/idckohtao.com\/fr\/wp-json\/wp\/v2\/types\/page"}],"author":[{"embeddable":true,"href":"https:\/\/idckohtao.com\/fr\/wp-json\/wp\/v2\/users\/1"}],"replies":[{"embeddable":true,"href":"https:\/\/idckohtao.com\/fr\/wp-json\/wp\/v2\/comments?post=3404"}],"version-history":[{"count":0,"href":"https:\/\/idckohtao.com\/fr\/wp-json\/wp\/v2\/pages\/3404\/revisions"}],"wp:featuredmedia":[{"embeddable":true,"href":"https:\/\/idckohtao.com\/fr\/wp-json\/wp\/v2\/media\/5011"}],"wp:attachment":[{"href":"https:\/\/idckohtao.com\/fr\/wp-json\/wp\/v2\/media?parent=3404"}],"curies":[{"name":"wp","href":"https:\/\/api.w.org\/{rel}","templated":true}]}}