{"id":3412,"date":"2023-08-11T09:27:06","date_gmt":"2023-08-11T09:27:06","guid":{"rendered":"https:\/\/idckohtao.com\/night-diver-instructor-specialty\/"},"modified":"2026-01-01T09:01:26","modified_gmt":"2026-01-01T09:01:26","slug":"night-diver-instructor-specialty","status":"publish","type":"page","link":"https:\/\/idckohtao.com\/fr\/pro-level-courses\/night-diver-instructor-specialty\/","title":{"rendered":"Sp\u00e9cialit\u00e9 D&rsquo;instructeur Plongeur De Nuit"},"content":{"rendered":"<div class=\"wpb-content-wrapper\"><p>[vc_row][vc_column][vc_column_text css=\u00a0\u00bb\u00a0\u00bb]<\/p>\n<h2>Cours d\u2019instructeur sp\u00e9cialis\u00e9 PADI in Koh Tao<\/h2>\n<p>Vous \u00eates-vous d\u00e9j\u00e0 demand\u00e9 ce qui rend la plong\u00e9e de nuit si s\u00e9duisante? O\u00f9 s\u2019endort toute la vie marine? Que se passe-t-il sous l\u2019eau apr\u00e8s la tomb\u00e9e de la nuit? Quelle que soit votre raison, la plong\u00e9e de nuit ouvre une toute nouvelle fascination pour le monde sous-marin et est un cours de sp\u00e9cialit\u00e9 PADI extr\u00eamement populaire.<\/p>\n<p>Il existe de nombreuses raisons pour lesquelles les plongeurs veulent faire de la plong\u00e9e sous-marine la nuit. En tant qu\u2019instructeur sp\u00e9cialis\u00e9 PADI \u2018Night Diver\u2019, vous pouvez enseigner aux \u00e9l\u00e8ves plongeurs comment explorer en toute s\u00e9curit\u00e9 le monde sous-marin avec une lampe de plong\u00e9e et le regarder prendre vie.<\/p>\n<p>Vous pouvez montrer en toute s\u00e9curit\u00e9 \u00e0 vos \u00e9l\u00e8ves plongeurs comment la sc\u00e8ne change la nuit, r\u00e9v\u00e9lant des cr\u00e9atures et des organismes qui sont cach\u00e9s pendant la journ\u00e9e et qui prennent vie la nuit.<\/p>\n<p><img decoding=\"async\" class=\"alignnone wp-image-1003 size-large\" src=\"https:\/\/idckohtao.com\/wp-content\/uploads\/2023\/08\/idc-koh-tao-padi-night-diver-instructor-specialty-course-koh-tao-1024x640.jpg\" alt=\"idc-koh-tao-padi-night-diver-instructor-specialty-course-koh-tao\" width=\"1024\" height=\"640\" srcset=\"https:\/\/idckohtao.com\/wp-content\/uploads\/2023\/08\/idc-koh-tao-padi-night-diver-instructor-specialty-course-koh-tao-1024x640.jpg 1024w, https:\/\/idckohtao.com\/wp-content\/uploads\/2023\/08\/idc-koh-tao-padi-night-diver-instructor-specialty-course-koh-tao-300x188.jpg 300w, https:\/\/idckohtao.com\/wp-content\/uploads\/2023\/08\/idc-koh-tao-padi-night-diver-instructor-specialty-course-koh-tao-768x480.jpg 768w, https:\/\/idckohtao.com\/wp-content\/uploads\/2023\/08\/idc-koh-tao-padi-night-diver-instructor-specialty-course-koh-tao.jpg 1080w\" sizes=\"(max-width: 1024px) 100vw, 1024px\" \/><\/p>\n<h2>Plong\u00e9e de nuit autour de Koh Tao<\/h2>\n<p>Les sites de plong\u00e9e autour de Koh Tao sont un excellent terrain d\u2019entra\u00eenement pour effectuer des plong\u00e9es de nuit. En tant qu\u2019instructeur sp\u00e9cialis\u00e9 PADI \u2018Night Diver\u2019, vous serez en mesure d\u2019enseigner \u00e0 vos \u00e9l\u00e8ves plongeurs l\u2019importance d\u2019un \u00e9quipement de plong\u00e9e de nuit sp\u00e9cialis\u00e9, comment \u00e9valuer les conditions de plong\u00e9e, les techniques de navigation et comment utiliser et entretenir les lampes de plong\u00e9e.<\/p>\n<p>Vos \u00e9l\u00e8ves plongeurs apprendront les proc\u00e9dures de plong\u00e9e de nuit et comment les appliquer dans les limites des loisirs tout en comprenant comment interagir de mani\u00e8re responsable avec et \u00e9viter de d\u00e9ranger la vie marine sensible.<\/p>\n<h3>Qui peut s\u2019inscrire au cours d\u2019instructeur du sp\u00e9cialit\u00e9 DPV PADI?<\/h3>\n<p>Un\u00a0<a href=\"https:\/\/idckohtao.com\/fr\/pro-level-courses\/padi-instructor-development-course\/\"><strong>Instructeur PADI (OWSI)<\/strong><\/a>\u00a0renouvel\u00e9<\/p>\n<p>Remarque: Les candidats IDC \/ OWSI peuvent participer au cours de formation d\u2019instructeur sp\u00e9cialis\u00e9 PADI \u2019Night Diver\u2019, mais ne peuvent demander la certification d\u2019instructeur sp\u00e9cialis\u00e9 qu\u2019apr\u00e8s avoir r\u00e9ussi l\u2019examen pour instructeur (IE).<\/p>\n<p>Les instructeurs sp\u00e9cialis\u00e9s \u2018Night Diver\u2019 doivent avoir suivi un cours de formation suivi par un Directeur de cours PADI et avoir prouv\u00e9 leur exp\u00e9rience avant la certification. Il s\u2019agit d\u2019une exigence de sortie de cours.<\/p>\n<h2>Ce que vous apprendrez<\/h2>\n<p>Vous participerez aux sessions suivantes:<\/p>\n<ul>\n<li>Pr\u00e9senter et \u00eatre \u00e9valu\u00e9 sur une pr\u00e9sentation normative de la r\u00e9vision des connaissances du cours sp\u00e9cialis\u00e9 PADI \u2018Night Diver\u2019<\/li>\n<li>Normes, proc\u00e9dures et programme du cours sp\u00e9cialis\u00e9 PADI \u2018Night Diver\u2019<\/li>\n<li>Comment organiser et animer le cours de sp\u00e9cialit\u00e9 PADI \u2018Night Diver\u2019<\/li>\n<li>Sessions de formation en eau libre \u2013 o\u00f9 vous apprendrez \u00e0 d\u00e9montrer, ex\u00e9cuter et \u00e9valuer les comp\u00e9tences de niveau \u00e9tudiant du cours de sp\u00e9cialit\u00e9 PADI \u2018Night Diver\u2019<\/li>\n<\/ul>\n<p><img decoding=\"async\" class=\"alignnone wp-image-1001 size-large\" src=\"https:\/\/idckohtao.com\/wp-content\/uploads\/2023\/08\/padi-night-diver-instructor-specialty-course-1024x512.jpg\" alt=\"padi-night-diver-instructor-specialty-course\" width=\"1024\" height=\"512\" srcset=\"https:\/\/idckohtao.com\/wp-content\/uploads\/2023\/08\/padi-night-diver-instructor-specialty-course-1024x512.jpg 1024w, https:\/\/idckohtao.com\/wp-content\/uploads\/2023\/08\/padi-night-diver-instructor-specialty-course-300x150.jpg 300w, https:\/\/idckohtao.com\/wp-content\/uploads\/2023\/08\/padi-night-diver-instructor-specialty-course-768x384.jpg 768w, https:\/\/idckohtao.com\/wp-content\/uploads\/2023\/08\/padi-night-diver-instructor-specialty-course.jpg 1080w\" sizes=\"(max-width: 1024px) 100vw, 1024px\" \/><\/p>\n<p>Vous terminerez les plong\u00e9es de formation en eau libre sur l\u2019un des nombreux sites de plong\u00e9e locaux adapt\u00e9s \u00e0 cette formation.<\/p>\n<p>En tant qu\u2019<strong>instructeur sp\u00e9cialis\u00e9 PADI \u2018Night Diver\u2019<\/strong>, vous \u00eates certifi\u00e9 pour enseigner de mani\u00e8re ind\u00e9pendante le cours sp\u00e9cialis\u00e9 PADI \u2018Night Diver\u2019[\/vc_column_text]<div class=\"text-left\"><div class=\"bt-course-price\"><h4>Prix du cours: 4,000 THB<\/h4><a href=\"https:\/\/idckohtao.com\/fr\/packages-prices\" class=\"button\">R\u00c9SERVATION EN LIGNE<\/a><\/div><\/div>[vc_column_text css=\u00a0\u00bb\u00a0\u00bb]<\/p>\n<h2>Mat\u00e9riaux PADI:<\/h2>\n<p><i>Veuillez apporter le mat\u00e9riel suivant avec votre manuel d\u2019instructeur de cours de sp\u00e9cialit\u00e9 PADI. Vous les avez re\u00e7ues dans le cadre du \u2018IDC Crewpack\u2019 pendant votre IDC.\u00a0 \u2013 Manuel de l\u2019instructeur des cours de sp\u00e9cialit\u00e9 PADI (CD-Rom)<br \/>\n<\/i><\/p>\n<p>De plus, vous aurez besoin d\u2019une copie du manuel de l\u2019instructeur PADI. Depuis 2010, le manuel de l\u2019instructeur est disponible en t\u00e9l\u00e9chargement gratuit pour tous les membres PADI renouvel\u00e9s sur\u00a0<a href=\"https:\/\/www.padi.com\/mypadi\/\" target=\"_blank\" rel=\"noopener\">www.padi.com\/mypadi<\/a><\/p>\n<h3>Frais PADI<\/h3>\n<p>Instructeur du Sp\u00e9cialit\u00e9 plongeur de nuit PADI frais de candidature:\u00a0<strong>145 AUD$<\/strong>[\/vc_column_text][\/vc_column][\/vc_row]<\/p>\n<\/div>","protected":false},"excerpt":{"rendered":"<p>[vc_row][vc_column][vc_column_text css=\u00a0\u00bb\u00a0\u00bb] Cours d\u2019instructeur sp\u00e9cialis\u00e9 PADI in Koh Tao Vous \u00eates-vous d\u00e9j\u00e0 demand\u00e9 ce qui rend la plong\u00e9e de nuit si s\u00e9duisante? O\u00f9 s\u2019endort toute la vie marine? Que se passe-t-il sous l\u2019eau apr\u00e8s la tomb\u00e9e de la nuit? Quelle que soit votre raison, la plong\u00e9e de nuit ouvre une toute nouvelle fascination pour le [&hellip;]<\/p>\n","protected":false},"author":1,"featured_media":5094,"parent":7934,"menu_order":0,"comment_status":"closed","ping_status":"closed","template":"","meta":{"_acf_changed":false,"footnotes":""},"class_list":["post-3412","page","type-page","status-publish","has-post-thumbnail","hentry"],"acf":[],"yoast_head":"<!-- This site is optimized with the Yoast SEO Premium plugin v27.5 (Yoast SEO v27.5) - https:\/\/yoast.com\/product\/yoast-seo-premium-wordpress\/ -->\n<title>IDC Koh Tao | Cours d&#039;instructeur sp\u00e9cialis\u00e9 PADI Plongeur de Nuit<\/title>\n<meta name=\"description\" content=\"Le cours d&#039; instructeur de sp\u00e9cialit\u00e9 de plongeur de nuit PADI \u00e0 Koh Tao vous certifie en tant que moniteur de sp\u00e9cialit\u00e9 de nuit qui peut enseigner aux \u00e9tudiants comment plonger en toute s\u00e9curit\u00e9 la nuit\" \/>\n<meta name=\"robots\" content=\"index, follow, max-snippet:-1, max-image-preview:large, max-video-preview:-1\" \/>\n<link rel=\"canonical\" href=\"https:\/\/idckohtao.com\/fr\/pro-level-courses\/night-diver-instructor-specialty\/\" \/>\n<meta property=\"og:locale\" content=\"fr_FR\" \/>\n<meta property=\"og:type\" content=\"article\" \/>\n<meta property=\"og:title\" content=\"IDC Koh Tao | Cours d&#039;instructeur sp\u00e9cialis\u00e9 PADI Plongeur de Nuit\" \/>\n<meta property=\"og:description\" content=\"Le cours d&#039; instructeur de sp\u00e9cialit\u00e9 de plongeur de nuit PADI \u00e0 Koh Tao vous certifie en tant que moniteur de sp\u00e9cialit\u00e9 de nuit qui peut enseigner aux \u00e9tudiants comment plonger en toute s\u00e9curit\u00e9 la nuit\" \/>\n<meta property=\"og:url\" content=\"https:\/\/idckohtao.com\/fr\/pro-level-courses\/night-diver-instructor-specialty\/\" \/>\n<meta property=\"og:site_name\" content=\"IDC Koh Tao\" \/>\n<meta property=\"article:publisher\" content=\"https:\/\/www.facebook.com\/GoProIDCKohTao\" \/>\n<meta property=\"article:modified_time\" content=\"2026-01-01T09:01:26+00:00\" \/>\n<meta property=\"og:image\" content=\"https:\/\/idckohtao.com\/wp-content\/uploads\/2023\/09\/idckohtao.com-night-diver-instructor-specialty-courses-in-koh-tao.jpg\" \/>\n\t<meta property=\"og:image:width\" content=\"1200\" \/>\n\t<meta property=\"og:image:height\" content=\"800\" \/>\n\t<meta property=\"og:image:type\" content=\"image\/jpeg\" \/>\n<meta name=\"twitter:card\" content=\"summary_large_image\" \/>\n<meta name=\"twitter:title\" content=\"IDC Koh Tao | Cours d&#039;instructeur sp\u00e9cialis\u00e9 PADI Plongeur de Nuit\" \/>\n<meta name=\"twitter:description\" content=\"Le cours d&#039; instructeur de sp\u00e9cialit\u00e9 de plongeur de nuit PADI \u00e0 Koh Tao vous certifie en tant que moniteur de sp\u00e9cialit\u00e9 de nuit qui peut enseigner aux \u00e9tudiants comment plonger en toute s\u00e9curit\u00e9 la nuit\" \/>\n<meta name=\"twitter:site\" content=\"@GoProIDCKohTao\" \/>\n<!-- \/ Yoast SEO Premium plugin. -->","yoast_head_json":{"title":"IDC Koh Tao | Cours d'instructeur sp\u00e9cialis\u00e9 PADI Plongeur de Nuit","description":"Le cours d' instructeur de sp\u00e9cialit\u00e9 de plongeur de nuit PADI \u00e0 Koh Tao vous certifie en tant que moniteur de sp\u00e9cialit\u00e9 de nuit qui peut enseigner aux \u00e9tudiants comment plonger en toute s\u00e9curit\u00e9 la nuit","robots":{"index":"index","follow":"follow","max-snippet":"max-snippet:-1","max-image-preview":"max-image-preview:large","max-video-preview":"max-video-preview:-1"},"canonical":"https:\/\/idckohtao.com\/fr\/pro-level-courses\/night-diver-instructor-specialty\/","og_locale":"fr_FR","og_type":"article","og_title":"IDC Koh Tao | Cours d'instructeur sp\u00e9cialis\u00e9 PADI Plongeur de Nuit","og_description":"Le cours d' instructeur de sp\u00e9cialit\u00e9 de plongeur de nuit PADI \u00e0 Koh Tao vous certifie en tant que moniteur de sp\u00e9cialit\u00e9 de nuit qui peut enseigner aux \u00e9tudiants comment plonger en toute s\u00e9curit\u00e9 la nuit","og_url":"https:\/\/idckohtao.com\/fr\/pro-level-courses\/night-diver-instructor-specialty\/","og_site_name":"IDC Koh Tao","article_publisher":"https:\/\/www.facebook.com\/GoProIDCKohTao","article_modified_time":"2026-01-01T09:01:26+00:00","og_image":[{"width":1200,"height":800,"url":"https:\/\/idckohtao.com\/wp-content\/uploads\/2023\/09\/idckohtao.com-night-diver-instructor-specialty-courses-in-koh-tao.jpg","type":"image\/jpeg"}],"twitter_card":"summary_large_image","twitter_title":"IDC Koh Tao | Cours d'instructeur sp\u00e9cialis\u00e9 PADI Plongeur de Nuit","twitter_description":"Le cours d' instructeur de sp\u00e9cialit\u00e9 de plongeur de nuit PADI \u00e0 Koh Tao vous certifie en tant que moniteur de sp\u00e9cialit\u00e9 de nuit qui peut enseigner aux \u00e9tudiants comment plonger en toute s\u00e9curit\u00e9 la nuit","twitter_site":"@GoProIDCKohTao","schema":{"@context":"https:\/\/schema.org","@graph":[{"@type":"NewsArticle","@id":"https:\/\/idckohtao.com\/fr\/pro-level-courses\/night-diver-instructor-specialty\/#article","isPartOf":{"@id":"https:\/\/idckohtao.com\/fr\/pro-level-courses\/night-diver-instructor-specialty\/"},"author":{"name":"ojasya","@id":"https:\/\/idckohtao.com\/fr\/#\/schema\/person\/d08d557cbfdbc171f824052dae697b02"},"headline":"Sp\u00e9cialit\u00e9 D&rsquo;instructeur Plongeur De Nuit","datePublished":"2023-08-11T09:27:06+00:00","dateModified":"2026-01-01T09:01:26+00:00","mainEntityOfPage":{"@id":"https:\/\/idckohtao.com\/fr\/pro-level-courses\/night-diver-instructor-specialty\/"},"wordCount":661,"publisher":{"@id":"https:\/\/idckohtao.com\/fr\/#organization"},"image":{"@id":"https:\/\/idckohtao.com\/fr\/pro-level-courses\/night-diver-instructor-specialty\/#primaryimage"},"thumbnailUrl":"https:\/\/idckohtao.com\/wp-content\/uploads\/2023\/09\/idckohtao.com-night-diver-instructor-specialty-courses-in-koh-tao.jpg","inLanguage":"fr-FR"},{"@type":"WebPage","@id":"https:\/\/idckohtao.com\/fr\/pro-level-courses\/night-diver-instructor-specialty\/","url":"https:\/\/idckohtao.com\/fr\/pro-level-courses\/night-diver-instructor-specialty\/","name":"IDC Koh Tao | Cours d'instructeur sp\u00e9cialis\u00e9 PADI Plongeur de Nuit","isPartOf":{"@id":"https:\/\/idckohtao.com\/fr\/#website"},"primaryImageOfPage":{"@id":"https:\/\/idckohtao.com\/fr\/pro-level-courses\/night-diver-instructor-specialty\/#primaryimage"},"image":{"@id":"https:\/\/idckohtao.com\/fr\/pro-level-courses\/night-diver-instructor-specialty\/#primaryimage"},"thumbnailUrl":"https:\/\/idckohtao.com\/wp-content\/uploads\/2023\/09\/idckohtao.com-night-diver-instructor-specialty-courses-in-koh-tao.jpg","datePublished":"2023-08-11T09:27:06+00:00","dateModified":"2026-01-01T09:01:26+00:00","description":"Le cours d' instructeur de sp\u00e9cialit\u00e9 de plongeur de nuit PADI \u00e0 Koh Tao vous certifie en tant que moniteur de sp\u00e9cialit\u00e9 de nuit qui peut enseigner aux \u00e9tudiants comment plonger en toute s\u00e9curit\u00e9 la nuit","breadcrumb":{"@id":"https:\/\/idckohtao.com\/fr\/pro-level-courses\/night-diver-instructor-specialty\/#breadcrumb"},"inLanguage":"fr-FR","potentialAction":[{"@type":"ReadAction","target":["https:\/\/idckohtao.com\/fr\/pro-level-courses\/night-diver-instructor-specialty\/"]}]},{"@type":"ImageObject","inLanguage":"fr-FR","@id":"https:\/\/idckohtao.com\/fr\/pro-level-courses\/night-diver-instructor-specialty\/#primaryimage","url":"https:\/\/idckohtao.com\/wp-content\/uploads\/2023\/09\/idckohtao.com-night-diver-instructor-specialty-courses-in-koh-tao.jpg","contentUrl":"https:\/\/idckohtao.com\/wp-content\/uploads\/2023\/09\/idckohtao.com-night-diver-instructor-specialty-courses-in-koh-tao.jpg","width":1200,"height":800,"caption":"Night Diver Instructor Specialty Course in Koh Tao"},{"@type":"BreadcrumbList","@id":"https:\/\/idckohtao.com\/fr\/pro-level-courses\/night-diver-instructor-specialty\/#breadcrumb","itemListElement":[{"@type":"ListItem","position":1,"name":"Home","item":"https:\/\/idckohtao.com\/fr\/"},{"@type":"ListItem","position":2,"name":"Pro level","item":"https:\/\/idckohtao.com\/fr\/pro-level-courses\/"},{"@type":"ListItem","position":3,"name":"Sp\u00e9cialit\u00e9 D&rsquo;instructeur Plongeur De Nuit"}]},{"@type":"WebSite","@id":"https:\/\/idckohtao.com\/fr\/#website","url":"https:\/\/idckohtao.com\/fr\/","name":"IDC Koh Tao","description":"PADI IDC 5 Star Diving Center in Koh Tao - Thailand","publisher":{"@id":"https:\/\/idckohtao.com\/fr\/#organization"},"alternateName":"IDC Koh Tao in Thailand","potentialAction":[{"@type":"SearchAction","target":{"@type":"EntryPoint","urlTemplate":"https:\/\/idckohtao.com\/fr\/?s={search_term_string}"},"query-input":{"@type":"PropertyValueSpecification","valueRequired":true,"valueName":"search_term_string"}}],"inLanguage":"fr-FR"},{"@type":"Organization","@id":"https:\/\/idckohtao.com\/fr\/#organization","name":"IDC Koh Tao","alternateName":"IDC Koh Tao | Divemaster & Diving Instructor","url":"https:\/\/idckohtao.com\/fr\/","logo":{"@type":"ImageObject","inLanguage":"fr-FR","@id":"https:\/\/idckohtao.com\/fr\/#\/schema\/logo\/image\/","url":"https:\/\/idckohtao.com\/wp-content\/uploads\/2023\/09\/idckohtao.com-padi-diving-center-in-koh-tao-thailand.png","contentUrl":"https:\/\/idckohtao.com\/wp-content\/uploads\/2023\/09\/idckohtao.com-padi-diving-center-in-koh-tao-thailand.png","width":400,"height":300,"caption":"IDC Koh Tao"},"image":{"@id":"https:\/\/idckohtao.com\/fr\/#\/schema\/logo\/image\/"},"sameAs":["https:\/\/www.facebook.com\/GoProIDCKohTao","https:\/\/x.com\/GoProIDCKohTao","https:\/\/www.youtube.com\/idckohtao","https:\/\/www.instagram.com\/idc.kohtao\/"],"description":"IDC Koh Tao is a part of the Black Turtle Dive pro level training team with three PADI Course Directors being led by Award Winning PADI Course Director Matt Bolton. Our full range of pro and recreational PADI Diving Courses provides aspiring scuba divers with education, fun, excitement, adventure, and a change of lifestyle or an opportunity to pursue a new career.","email":"info@idckohtao.com","legalName":"IDC Koh Tao","foundingDate":"2004-01-04","numberOfEmployees":{"@type":"QuantitativeValue","minValue":"1","maxValue":"10"},"correctionsPolicy":"https:\/\/idckohtao.com\/privacy-policy\/","ethicsPolicy":"https:\/\/idckohtao.com\/terms\/"},{"@type":"Person","@id":"https:\/\/idckohtao.com\/fr\/#\/schema\/person\/d08d557cbfdbc171f824052dae697b02","name":"ojasya","image":{"@type":"ImageObject","inLanguage":"fr-FR","@id":"https:\/\/secure.gravatar.com\/avatar\/6fb34e36d09053a6545fc21d344613321bb1933f185132488f38052166f5a001?s=96&d=mm&r=g","url":"https:\/\/secure.gravatar.com\/avatar\/6fb34e36d09053a6545fc21d344613321bb1933f185132488f38052166f5a001?s=96&d=mm&r=g","contentUrl":"https:\/\/secure.gravatar.com\/avatar\/6fb34e36d09053a6545fc21d344613321bb1933f185132488f38052166f5a001?s=96&d=mm&r=g","caption":"ojasya"},"sameAs":["https:\/\/idckohtao.com"],"url":"https:\/\/idckohtao.com\/fr\/blog\/author\/ojasya\/"}]}},"_links":{"self":[{"href":"https:\/\/idckohtao.com\/fr\/wp-json\/wp\/v2\/pages\/3412","targetHints":{"allow":["GET"]}}],"collection":[{"href":"https:\/\/idckohtao.com\/fr\/wp-json\/wp\/v2\/pages"}],"about":[{"href":"https:\/\/idckohtao.com\/fr\/wp-json\/wp\/v2\/types\/page"}],"author":[{"embeddable":true,"href":"https:\/\/idckohtao.com\/fr\/wp-json\/wp\/v2\/users\/1"}],"replies":[{"embeddable":true,"href":"https:\/\/idckohtao.com\/fr\/wp-json\/wp\/v2\/comments?post=3412"}],"version-history":[{"count":2,"href":"https:\/\/idckohtao.com\/fr\/wp-json\/wp\/v2\/pages\/3412\/revisions"}],"predecessor-version":[{"id":7558,"href":"https:\/\/idckohtao.com\/fr\/wp-json\/wp\/v2\/pages\/3412\/revisions\/7558"}],"up":[{"embeddable":true,"href":"https:\/\/idckohtao.com\/fr\/wp-json\/wp\/v2\/pages\/7934"}],"wp:featuredmedia":[{"embeddable":true,"href":"https:\/\/idckohtao.com\/fr\/wp-json\/wp\/v2\/media\/5094"}],"wp:attachment":[{"href":"https:\/\/idckohtao.com\/fr\/wp-json\/wp\/v2\/media?parent=3412"}],"curies":[{"name":"wp","href":"https:\/\/api.w.org\/{rel}","templated":true}]}}