{"id":3418,"date":"2023-08-10T13:37:15","date_gmt":"2023-08-10T13:37:15","guid":{"rendered":"https:\/\/idckohtao.com\/nitrox-instructor-specialty\/"},"modified":"2026-01-01T09:15:29","modified_gmt":"2026-01-01T09:15:29","slug":"nitrox-instructor-specialty","status":"publish","type":"page","link":"https:\/\/idckohtao.com\/fr\/pro-level-courses\/nitrox-instructor-specialty\/","title":{"rendered":"Sp\u00e9cialit\u00e9 D&rsquo; Instructeur Nitrox"},"content":{"rendered":"<div class=\"wpb-content-wrapper\"><p>[vc_row][vc_column][vc_column_text css=\u00a0\u00bb\u00a0\u00bb]<\/p>\n<h2>Cours d\u2019instructeur sp\u00e9cialis\u00e9 PADI in Koh Tao<\/h2>\n<p>Le cours PADI Air Enrichi (Nitrox) est le cours de sp\u00e9cialit\u00e9 PADI le plus populaire au monde et une certification incontournable pour tout instructeur PADI. Les instructeurs sp\u00e9cialis\u00e9s Nitrox peuvent offrir \u00e0 leurs \u00e9l\u00e8ves plongeurs un maximum d\u2019options et, ce faisant, un excellent service client.<\/p>\n<p>Au moment o\u00f9 chaque nouveau plongeur aura termin\u00e9 son cours d\u2019entr\u00e9e, ils auront tous entendu parler de la plong\u00e9e avec air enrichi ou Nitrox, comme il est commun\u00e9ment appel\u00e9. Ils voudront cette flexibilit\u00e9 suppl\u00e9mentaire de temps de fond plus longs et d\u2019intervalles de surface plus courts que la plong\u00e9e sur Nitrox offre.<\/p>\n<p><b>Restez plus longtemps sous l\u2019eau en plongeant autour de Koh Tao<\/b><\/p>\n<p>L\u2019une des principales raisons de prendre la sp\u00e9cialit\u00e9 PADI Nitrox est de pouvoir passer plus de temps sous l\u2019eau et Koh Tao poss\u00e8de une grande s\u00e9lection de sites de plong\u00e9e adapt\u00e9s \u00e0 vos plongeurs pour \u00e9tendre leurs limites! Les sites de plong\u00e9e tels que Chumphon Pinnacle, Southwest, Hin Wong Pinnacle, Green Rock, White Rock et Sail Rock sont tous id\u00e9aux pour effectuer une formation de plongeur Nitrox.<\/p>\n<p>Cela vous permettra de guider vos \u00e9l\u00e8ves lors de leurs premi\u00e8res plong\u00e9es en air enrichi tout en explorant les sites de plong\u00e9e pendant la p\u00e9riode de temps prolong\u00e9e que permet la plong\u00e9e en air enrichi.<\/p>\n<p><b>Qui peut s\u2019inscrire au cours PADI Nitrox Air Enrichi Instructor?<\/b><\/p>\n<p>Un\u00a0<strong><a href=\"https:\/\/idckohtao.com\/fr\/pro-level-courses\/padi-instructor-development-course\/\">Instructeur PADI (OWSI)<\/a><\/strong>\u00a0renouvel\u00e9<\/p>\n<p>\u00catre un plongeur Nitrox PADI ou \u00e9quivalent<\/p>\n<p>Remarque: les candidats IDC \/ OWSI peuvent participer au cours de formation d\u2019instructeur de sp\u00e9cialit\u00e9 PADI Nitrox, mais ne peuvent demander la certification d\u2019instructeur de sp\u00e9cialit\u00e9 qu\u2019apr\u00e8s avoir r\u00e9ussi l\u2019examen pour instructeur (IE).<\/p>\n<p>Les instructeurs sp\u00e9cialis\u00e9s PADI Nitrox doivent avoir au moins 10 plong\u00e9es en air enrichi avant la certification. Il s\u2019agit d\u2019une condition de sortie de cours et les plong\u00e9es peuvent \u00eatre effectu\u00e9es apr\u00e8s le cours de formation d\u2019instructeur.<\/p>\n<p><img decoding=\"async\" class=\"alignnone wp-image-903 size-large\" src=\"https:\/\/idckohtao.com\/wp-content\/uploads\/2023\/08\/idckohtao.com-padi-nitrox-instructor-specialties-1024x640.jpg\" alt=\"\" width=\"1024\" height=\"640\" srcset=\"https:\/\/idckohtao.com\/wp-content\/uploads\/2023\/08\/idckohtao.com-padi-nitrox-instructor-specialties-1024x640.jpg 1024w, https:\/\/idckohtao.com\/wp-content\/uploads\/2023\/08\/idckohtao.com-padi-nitrox-instructor-specialties-300x188.jpg 300w, https:\/\/idckohtao.com\/wp-content\/uploads\/2023\/08\/idckohtao.com-padi-nitrox-instructor-specialties-768x480.jpg 768w, https:\/\/idckohtao.com\/wp-content\/uploads\/2023\/08\/idckohtao.com-padi-nitrox-instructor-specialties.jpg 1080w\" sizes=\"(max-width: 1024px) 100vw, 1024px\" \/><\/p>\n<h2>Qu\u2019allez-vous apprendre?<\/h2>\n<p>Vous participerez aux sessions suivantes:<\/p>\n<ul>\n<li>Pr\u00e9senter et \u00eatre \u00e9valu\u00e9 sur une pr\u00e9sentation normative de la r\u00e9vision de connaissances sur la sp\u00e9cialit\u00e9 de l\u2019air enrichi nitrox<\/li>\n<li>Normes, proc\u00e9dures et programme sp\u00e9cialit\u00e9 PADI Nitrox<\/li>\n<li>Comment organiser, diriger et commercialiser le cours PADI Nitrox<\/li>\n<li>Sessions de formation sur les comp\u00e9tences pratiques \u2013 o\u00f9 vous apprendrez \u00e0 d\u00e9montrer, ex\u00e9cuter et \u00e9valuer les comp\u00e9tences pratiques de niveau \u00e9tudiant du cours PADI Nitrox<\/li>\n<li>Plong\u00e9es de formation en eau libre optionnels \u2013 2 plong\u00e9es avec l\u2019air enrichi<\/li>\n<\/ul>\n<p>Vous effectuerez les plong\u00e9es de formation en eau libre sur l\u2019un des nombreux sites de plong\u00e9e locaux adapt\u00e9s \u00e0 ce type de formation.<\/p>\n<p>En tant qu\u2019Instructeur PADI Nitrox, vous \u00eates certifi\u00e9 pour enseigner de mani\u00e8re ind\u00e9pendante le cours <strong>PADI Nitrox<\/strong>.[\/vc_column_text]<div class=\"text-left\"><div class=\"bt-course-price\"><h4>Prix du cours: 4,000 THB<\/h4><a href=\"https:\/\/idckohtao.com\/fr\/packages-prices\" class=\"button\">R\u00c9SERVATION EN LIGNE<\/a><\/div><\/div>[vc_column_text css=\u00a0\u00bb\u00a0\u00bb]<b>Mat\u00e9riaux PADI:<\/b><\/p>\n<p><em>Veuillez apporter le mat\u00e9riel suivant avec votre manuel d\u2019instructeur de cours de sp\u00e9cialit\u00e9 PADI. Vous les avez re\u00e7ues dans le cadre du \u2018IDC Crewpack\u2019 pendant votre IDC. \u2013 Manuel de l\u2019instructeur des cours de sp\u00e9cialit\u00e9 PADI (CD-Rom)<\/em><\/p>\n<p>De plus, vous aurez besoin d\u2019une copie du manuel de l\u2019instructeur PADI. Depuis 2010, le manuel de l\u2019instructeur est disponible en t\u00e9l\u00e9chargement gratuit pour tous les membres PADI renouvel\u00e9s sur\u00a0<a href=\"https:\/\/www.padi.com\/mypadi\/\" target=\"_blank\" rel=\"noopener\">www.padi.com\/mypadi<\/a><\/p>\n<p><strong>Frais PADI<\/strong><\/p>\n<p>Instructeur du Sp\u00e9cialit\u00e9 Nitrox PADI frais de candidature:\u00a0<strong>145 AUD$<\/strong><\/p>\n<p>[\/vc_column_text][\/vc_column][\/vc_row]<\/p>\n<\/div>","protected":false},"excerpt":{"rendered":"<p>[vc_row][vc_column][vc_column_text css=\u00a0\u00bb\u00a0\u00bb] Cours d\u2019instructeur sp\u00e9cialis\u00e9 PADI in Koh Tao Le cours PADI Air Enrichi (Nitrox) est le cours de sp\u00e9cialit\u00e9 PADI le plus populaire au monde et une certification incontournable pour tout instructeur PADI. Les instructeurs sp\u00e9cialis\u00e9s Nitrox peuvent offrir \u00e0 leurs \u00e9l\u00e8ves plongeurs un maximum d\u2019options et, ce faisant, un excellent service client. Au [&hellip;]<\/p>\n","protected":false},"author":1,"featured_media":4618,"parent":7934,"menu_order":0,"comment_status":"closed","ping_status":"closed","template":"","meta":{"_acf_changed":false,"footnotes":""},"class_list":["post-3418","page","type-page","status-publish","has-post-thumbnail","hentry"],"acf":[],"yoast_head":"<!-- This site is optimized with the Yoast SEO Premium plugin v27.5 (Yoast SEO v27.5) - https:\/\/yoast.com\/product\/yoast-seo-premium-wordpress\/ -->\n<title>IDC Koh Tao | Cours d&#039;instructeur de sp\u00e9cialit\u00e9 MSDT PADI Nitrox<\/title>\n<meta name=\"description\" content=\"Notre cours d&#039;instructeur de sp\u00e9cialit\u00e9 nitrox MSDT PADI sur Koh Tao vous certifie en tant qu&#039;instructeur de sp\u00e9cialit\u00e9 nitrox pour enseigner aux \u00e9tudiants comment \u00e9tendre leurs limites en toute s\u00e9curit\u00e9!\" \/>\n<meta name=\"robots\" content=\"index, follow, max-snippet:-1, max-image-preview:large, max-video-preview:-1\" \/>\n<link rel=\"canonical\" href=\"https:\/\/idckohtao.com\/fr\/pro-level-courses\/nitrox-instructor-specialty\/\" \/>\n<meta property=\"og:locale\" content=\"fr_FR\" \/>\n<meta property=\"og:type\" content=\"article\" \/>\n<meta property=\"og:title\" content=\"IDC Koh Tao | Cours d&#039;instructeur de sp\u00e9cialit\u00e9 MSDT PADI Nitrox\" \/>\n<meta property=\"og:description\" content=\"Notre cours d&#039;instructeur de sp\u00e9cialit\u00e9 nitrox MSDT PADI sur Koh Tao vous certifie en tant qu&#039;instructeur de sp\u00e9cialit\u00e9 nitrox pour enseigner aux \u00e9tudiants comment \u00e9tendre leurs limites en toute s\u00e9curit\u00e9!\" \/>\n<meta property=\"og:url\" content=\"https:\/\/idckohtao.com\/fr\/pro-level-courses\/nitrox-instructor-specialty\/\" \/>\n<meta property=\"og:site_name\" content=\"IDC Koh Tao\" \/>\n<meta property=\"article:publisher\" content=\"https:\/\/www.facebook.com\/GoProIDCKohTao\" \/>\n<meta property=\"article:modified_time\" content=\"2026-01-01T09:15:29+00:00\" \/>\n<meta property=\"og:image\" content=\"https:\/\/idckohtao.com\/wp-content\/uploads\/2023\/09\/idckohtao.com-best-padi-enriched-air-nitrox-diver-specialty-course-koh-tao.jpeg\" \/>\n\t<meta property=\"og:image:width\" content=\"1000\" \/>\n\t<meta property=\"og:image:height\" content=\"564\" \/>\n\t<meta property=\"og:image:type\" content=\"image\/jpeg\" \/>\n<meta name=\"twitter:card\" content=\"summary_large_image\" \/>\n<meta name=\"twitter:title\" content=\"IDC Koh Tao | Cours d&#039;instructeur de sp\u00e9cialit\u00e9 MSDT PADI Nitrox\" \/>\n<meta name=\"twitter:description\" content=\"Notre cours d&#039;instructeur de sp\u00e9cialit\u00e9 nitrox MSDT PADI sur Koh Tao vous certifie en tant qu&#039;instructeur de sp\u00e9cialit\u00e9 nitrox pour enseigner aux \u00e9tudiants comment \u00e9tendre leurs limites en toute s\u00e9curit\u00e9!\" \/>\n<meta name=\"twitter:site\" content=\"@GoProIDCKohTao\" \/>\n<!-- \/ Yoast SEO Premium plugin. -->","yoast_head_json":{"title":"IDC Koh Tao | Cours d'instructeur de sp\u00e9cialit\u00e9 MSDT PADI Nitrox","description":"Notre cours d'instructeur de sp\u00e9cialit\u00e9 nitrox MSDT PADI sur Koh Tao vous certifie en tant qu'instructeur de sp\u00e9cialit\u00e9 nitrox pour enseigner aux \u00e9tudiants comment \u00e9tendre leurs limites en toute s\u00e9curit\u00e9!","robots":{"index":"index","follow":"follow","max-snippet":"max-snippet:-1","max-image-preview":"max-image-preview:large","max-video-preview":"max-video-preview:-1"},"canonical":"https:\/\/idckohtao.com\/fr\/pro-level-courses\/nitrox-instructor-specialty\/","og_locale":"fr_FR","og_type":"article","og_title":"IDC Koh Tao | Cours d'instructeur de sp\u00e9cialit\u00e9 MSDT PADI Nitrox","og_description":"Notre cours d'instructeur de sp\u00e9cialit\u00e9 nitrox MSDT PADI sur Koh Tao vous certifie en tant qu'instructeur de sp\u00e9cialit\u00e9 nitrox pour enseigner aux \u00e9tudiants comment \u00e9tendre leurs limites en toute s\u00e9curit\u00e9!","og_url":"https:\/\/idckohtao.com\/fr\/pro-level-courses\/nitrox-instructor-specialty\/","og_site_name":"IDC Koh Tao","article_publisher":"https:\/\/www.facebook.com\/GoProIDCKohTao","article_modified_time":"2026-01-01T09:15:29+00:00","og_image":[{"width":1000,"height":564,"url":"https:\/\/idckohtao.com\/wp-content\/uploads\/2023\/09\/idckohtao.com-best-padi-enriched-air-nitrox-diver-specialty-course-koh-tao.jpeg","type":"image\/jpeg"}],"twitter_card":"summary_large_image","twitter_title":"IDC Koh Tao | Cours d'instructeur de sp\u00e9cialit\u00e9 MSDT PADI Nitrox","twitter_description":"Notre cours d'instructeur de sp\u00e9cialit\u00e9 nitrox MSDT PADI sur Koh Tao vous certifie en tant qu'instructeur de sp\u00e9cialit\u00e9 nitrox pour enseigner aux \u00e9tudiants comment \u00e9tendre leurs limites en toute s\u00e9curit\u00e9!","twitter_site":"@GoProIDCKohTao","schema":{"@context":"https:\/\/schema.org","@graph":[{"@type":"NewsArticle","@id":"https:\/\/idckohtao.com\/fr\/pro-level-courses\/nitrox-instructor-specialty\/#article","isPartOf":{"@id":"https:\/\/idckohtao.com\/fr\/pro-level-courses\/nitrox-instructor-specialty\/"},"author":{"name":"ojasya","@id":"https:\/\/idckohtao.com\/fr\/#\/schema\/person\/d08d557cbfdbc171f824052dae697b02"},"headline":"Sp\u00e9cialit\u00e9 D&rsquo; Instructeur Nitrox","datePublished":"2023-08-10T13:37:15+00:00","dateModified":"2026-01-01T09:15:29+00:00","mainEntityOfPage":{"@id":"https:\/\/idckohtao.com\/fr\/pro-level-courses\/nitrox-instructor-specialty\/"},"wordCount":623,"publisher":{"@id":"https:\/\/idckohtao.com\/fr\/#organization"},"image":{"@id":"https:\/\/idckohtao.com\/fr\/pro-level-courses\/nitrox-instructor-specialty\/#primaryimage"},"thumbnailUrl":"https:\/\/idckohtao.com\/wp-content\/uploads\/2023\/09\/idckohtao.com-best-padi-enriched-air-nitrox-diver-specialty-course-koh-tao.jpeg","inLanguage":"fr-FR"},{"@type":"WebPage","@id":"https:\/\/idckohtao.com\/fr\/pro-level-courses\/nitrox-instructor-specialty\/","url":"https:\/\/idckohtao.com\/fr\/pro-level-courses\/nitrox-instructor-specialty\/","name":"IDC Koh Tao | Cours d'instructeur de sp\u00e9cialit\u00e9 MSDT PADI Nitrox","isPartOf":{"@id":"https:\/\/idckohtao.com\/fr\/#website"},"primaryImageOfPage":{"@id":"https:\/\/idckohtao.com\/fr\/pro-level-courses\/nitrox-instructor-specialty\/#primaryimage"},"image":{"@id":"https:\/\/idckohtao.com\/fr\/pro-level-courses\/nitrox-instructor-specialty\/#primaryimage"},"thumbnailUrl":"https:\/\/idckohtao.com\/wp-content\/uploads\/2023\/09\/idckohtao.com-best-padi-enriched-air-nitrox-diver-specialty-course-koh-tao.jpeg","datePublished":"2023-08-10T13:37:15+00:00","dateModified":"2026-01-01T09:15:29+00:00","description":"Notre cours d'instructeur de sp\u00e9cialit\u00e9 nitrox MSDT PADI sur Koh Tao vous certifie en tant qu'instructeur de sp\u00e9cialit\u00e9 nitrox pour enseigner aux \u00e9tudiants comment \u00e9tendre leurs limites en toute s\u00e9curit\u00e9!","breadcrumb":{"@id":"https:\/\/idckohtao.com\/fr\/pro-level-courses\/nitrox-instructor-specialty\/#breadcrumb"},"inLanguage":"fr-FR","potentialAction":[{"@type":"ReadAction","target":["https:\/\/idckohtao.com\/fr\/pro-level-courses\/nitrox-instructor-specialty\/"]}]},{"@type":"ImageObject","inLanguage":"fr-FR","@id":"https:\/\/idckohtao.com\/fr\/pro-level-courses\/nitrox-instructor-specialty\/#primaryimage","url":"https:\/\/idckohtao.com\/wp-content\/uploads\/2023\/09\/idckohtao.com-best-padi-enriched-air-nitrox-diver-specialty-course-koh-tao.jpeg","contentUrl":"https:\/\/idckohtao.com\/wp-content\/uploads\/2023\/09\/idckohtao.com-best-padi-enriched-air-nitrox-diver-specialty-course-koh-tao.jpeg","width":1000,"height":564,"caption":"Scuba Diver Using A Nitrox Gas Blend"},{"@type":"BreadcrumbList","@id":"https:\/\/idckohtao.com\/fr\/pro-level-courses\/nitrox-instructor-specialty\/#breadcrumb","itemListElement":[{"@type":"ListItem","position":1,"name":"Home","item":"https:\/\/idckohtao.com\/fr\/"},{"@type":"ListItem","position":2,"name":"Pro level","item":"https:\/\/idckohtao.com\/fr\/pro-level-courses\/"},{"@type":"ListItem","position":3,"name":"Sp\u00e9cialit\u00e9 D&rsquo; Instructeur Nitrox"}]},{"@type":"WebSite","@id":"https:\/\/idckohtao.com\/fr\/#website","url":"https:\/\/idckohtao.com\/fr\/","name":"IDC Koh Tao","description":"PADI IDC 5 Star Diving Center in Koh Tao - Thailand","publisher":{"@id":"https:\/\/idckohtao.com\/fr\/#organization"},"alternateName":"IDC Koh Tao in Thailand","potentialAction":[{"@type":"SearchAction","target":{"@type":"EntryPoint","urlTemplate":"https:\/\/idckohtao.com\/fr\/?s={search_term_string}"},"query-input":{"@type":"PropertyValueSpecification","valueRequired":true,"valueName":"search_term_string"}}],"inLanguage":"fr-FR"},{"@type":"Organization","@id":"https:\/\/idckohtao.com\/fr\/#organization","name":"IDC Koh Tao","alternateName":"IDC Koh Tao | Divemaster & Diving Instructor","url":"https:\/\/idckohtao.com\/fr\/","logo":{"@type":"ImageObject","inLanguage":"fr-FR","@id":"https:\/\/idckohtao.com\/fr\/#\/schema\/logo\/image\/","url":"https:\/\/idckohtao.com\/wp-content\/uploads\/2023\/09\/idckohtao.com-padi-diving-center-in-koh-tao-thailand.png","contentUrl":"https:\/\/idckohtao.com\/wp-content\/uploads\/2023\/09\/idckohtao.com-padi-diving-center-in-koh-tao-thailand.png","width":400,"height":300,"caption":"IDC Koh Tao"},"image":{"@id":"https:\/\/idckohtao.com\/fr\/#\/schema\/logo\/image\/"},"sameAs":["https:\/\/www.facebook.com\/GoProIDCKohTao","https:\/\/x.com\/GoProIDCKohTao","https:\/\/www.youtube.com\/idckohtao","https:\/\/www.instagram.com\/idc.kohtao\/"],"description":"IDC Koh Tao is a part of the Black Turtle Dive pro level training team with three PADI Course Directors being led by Award Winning PADI Course Director Matt Bolton. Our full range of pro and recreational PADI Diving Courses provides aspiring scuba divers with education, fun, excitement, adventure, and a change of lifestyle or an opportunity to pursue a new career.","email":"info@idckohtao.com","legalName":"IDC Koh Tao","foundingDate":"2004-01-04","numberOfEmployees":{"@type":"QuantitativeValue","minValue":"1","maxValue":"10"},"correctionsPolicy":"https:\/\/idckohtao.com\/privacy-policy\/","ethicsPolicy":"https:\/\/idckohtao.com\/terms\/"},{"@type":"Person","@id":"https:\/\/idckohtao.com\/fr\/#\/schema\/person\/d08d557cbfdbc171f824052dae697b02","name":"ojasya","image":{"@type":"ImageObject","inLanguage":"fr-FR","@id":"https:\/\/secure.gravatar.com\/avatar\/6fb34e36d09053a6545fc21d344613321bb1933f185132488f38052166f5a001?s=96&d=mm&r=g","url":"https:\/\/secure.gravatar.com\/avatar\/6fb34e36d09053a6545fc21d344613321bb1933f185132488f38052166f5a001?s=96&d=mm&r=g","contentUrl":"https:\/\/secure.gravatar.com\/avatar\/6fb34e36d09053a6545fc21d344613321bb1933f185132488f38052166f5a001?s=96&d=mm&r=g","caption":"ojasya"},"sameAs":["https:\/\/idckohtao.com"],"url":"https:\/\/idckohtao.com\/fr\/blog\/author\/ojasya\/"}]}},"_links":{"self":[{"href":"https:\/\/idckohtao.com\/fr\/wp-json\/wp\/v2\/pages\/3418","targetHints":{"allow":["GET"]}}],"collection":[{"href":"https:\/\/idckohtao.com\/fr\/wp-json\/wp\/v2\/pages"}],"about":[{"href":"https:\/\/idckohtao.com\/fr\/wp-json\/wp\/v2\/types\/page"}],"author":[{"embeddable":true,"href":"https:\/\/idckohtao.com\/fr\/wp-json\/wp\/v2\/users\/1"}],"replies":[{"embeddable":true,"href":"https:\/\/idckohtao.com\/fr\/wp-json\/wp\/v2\/comments?post=3418"}],"version-history":[{"count":2,"href":"https:\/\/idckohtao.com\/fr\/wp-json\/wp\/v2\/pages\/3418\/revisions"}],"predecessor-version":[{"id":7564,"href":"https:\/\/idckohtao.com\/fr\/wp-json\/wp\/v2\/pages\/3418\/revisions\/7564"}],"up":[{"embeddable":true,"href":"https:\/\/idckohtao.com\/fr\/wp-json\/wp\/v2\/pages\/7934"}],"wp:featuredmedia":[{"embeddable":true,"href":"https:\/\/idckohtao.com\/fr\/wp-json\/wp\/v2\/media\/4618"}],"wp:attachment":[{"href":"https:\/\/idckohtao.com\/fr\/wp-json\/wp\/v2\/media?parent=3418"}],"curies":[{"name":"wp","href":"https:\/\/api.w.org\/{rel}","templated":true}]}}