{"id":3421,"date":"2023-08-06T15:30:53","date_gmt":"2023-08-06T15:30:53","guid":{"rendered":"https:\/\/idckohtao.com\/open-water-course\/"},"modified":"2026-04-22T04:56:54","modified_gmt":"2026-04-22T04:56:54","slug":"open-water-course","status":"publish","type":"page","link":"https:\/\/idckohtao.com\/fr\/open-water-course\/","title":{"rendered":"Cours Open Water"},"content":{"rendered":"<div class=\"wpb-content-wrapper\"><p>[vc_row][vc_column][vc_column_text]<\/p>\n<h2>PADI Open Water Course \u2013 Cours d\u2019entr\u00e9e de gamme pour d\u00e9butants<\/h2>\n<p>Situ\u00e9 au\u00a0<a href=\"https:\/\/www.blackturtledive.com\/\" target=\"_blank\" rel=\"noopener noreferrer\">centre de plong\u00e9e Black Turtle Dive<\/a>, IDC Koh Tao est reconnu dans l\u2019industrie pour la qualit\u00e9 et les normes de formation de ses\u00a0<a href=\"https:\/\/idckohtao.com\/fr\/padi-diving-courses\/\">cours de plong\u00e9e<\/a>\u00a0de niveau d\u00e9butant et professionnel.<\/p>\n<p>Le cours PADI Open Water est un point d\u2019entr\u00e9e id\u00e9al pour les plongeurs qui souhaitent apprendre \u00e0 plonger et d\u00e9couvrir l\u2019incroyable environnement sous-marin.<\/p>\n<p>Notre cours PADI Open Water vous assurera de devenir un plongeur comp\u00e9tent, un protecteur marin et un futur d\u00e9fenseur de l\u2019oc\u00e9an.<\/p>\n<p>Apprenez \u00e0 plonger en toute s\u00e9curit\u00e9 et obtenez votre certificat PADI Open Water sur\u00a0<a href=\"https:\/\/idckohtao.com\/fr\/why-choose-koh-tao\/\">tropical Koh Tao<\/a>, qui vous certifie de plonger \u00e0 une profondeur maximale de 18 m\u00e8tres partout dans le monde.<\/p>\n<p><img decoding=\"async\" class=\"alignnone wp-image-252 size-large\" src=\"https:\/\/idckohtao.com\/wp-content\/uploads\/2023\/08\/idckohtao.com-divemaster-skills-circuit-koh-tao-1-1024x576.jpg\" alt=\"idckohtao.com-divemaster-skills-circuit-koh-tao\" width=\"1024\" height=\"576\" srcset=\"https:\/\/idckohtao.com\/wp-content\/uploads\/2023\/08\/idckohtao.com-divemaster-skills-circuit-koh-tao-1-1024x576.jpg 1024w, https:\/\/idckohtao.com\/wp-content\/uploads\/2023\/08\/idckohtao.com-divemaster-skills-circuit-koh-tao-1-300x169.jpg 300w, https:\/\/idckohtao.com\/wp-content\/uploads\/2023\/08\/idckohtao.com-divemaster-skills-circuit-koh-tao-1-768x432.jpg 768w, https:\/\/idckohtao.com\/wp-content\/uploads\/2023\/08\/idckohtao.com-divemaster-skills-circuit-koh-tao-1.jpg 1280w\" sizes=\"(max-width: 1024px) 100vw, 1024px\" \/><\/p>\n<h3>OBTENEZ VOTRE PADI<\/h3>\n<p>Koh Tao est la destination la plus populaire au monde pour apprendre \u00e0 plonger et obtenir la\u00a0<a href=\"https:\/\/www.thefunkyturtle.com\/diving-courses\/open-water-course\/\" target=\"_blank\" rel=\"noopener\">certification PADI Open Water<\/a>, la licence de plong\u00e9e sous-marine compl\u00e8te la plus populaire au monde.<\/p>\n<p>Le cours PADI Open Water se compose de trois sections: d\u00e9veloppement des connaissances, formation en eau confin\u00e9e et plong\u00e9es de formation en eau libre.<\/p>\n<h3>D\u00e9veloppement des connaissances du cours Open Water<\/h3>\n<p>Vous recevrez le manuel en ligne PADI Open Water et vous devrez utiliser le manuel comme r\u00e9f\u00e9rence tout en compl\u00e9tant la section de d\u00e9veloppement des connaissances qui est divis\u00e9e en 5 modules.<\/p>\n<p>Cette section consiste \u00e0 compl\u00e9ter les 5 r\u00e9visions de connaissances \u00e0 livre ouvert et vous devez regarder 5 courtes vid\u00e9os. Le manuel comporte une s\u00e9rie de questionnaires rapides qui testent vos connaissances au fur et \u00e0 mesure de votre progression.<\/p>\n<p>Votre\u00a0<a href=\"https:\/\/idckohtao.com\/fr\/pro-level-courses\/padi-instructor-development-course\/\">instructeur<\/a>\u00a0examinera les r\u00e9visions des connaissances et \u00e9laborera toute information que vous ne comprenez pas avant d\u2019administrer un quiz de 10 questions apr\u00e8s les 4 premi\u00e8res sections.<\/p>\n<p>Une fois que vous avez pay\u00e9 un acompte, nous vous enverrons votre manuel PADI Open Water en ligne et vous pourrez commencer AUJOURD\u2019HUI.<\/p>\n<p>Pour gagner du temps, vous pouvez choisir de compl\u00e9ter l\u2019option e-Learning uniquement qui vous permet de tout faire avant votre arriv\u00e9e.<\/p>\n<p>Tout ce que vous devez faire \u00e0 votre arriv\u00e9e est un examen de 20 questions pour vous assurer que vous avez bien fait l\u2019e-Learning vous-m\u00eame et nous sommes pr\u00eats \u00e0 vous mettre \u00e0 l\u2019eau.<\/p>\n<p><img decoding=\"async\" class=\"alignnone wp-image-254 size-large\" src=\"https:\/\/idckohtao.com\/wp-content\/uploads\/2023\/08\/idckohtao.com-best-instructor-courses-koh-tao-thailand-1024x576.jpg\" alt=\"idckohtao.com-best-instructor-courses-koh-tao-thailand\" width=\"1024\" height=\"576\" srcset=\"https:\/\/idckohtao.com\/wp-content\/uploads\/2023\/08\/idckohtao.com-best-instructor-courses-koh-tao-thailand-1024x576.jpg 1024w, https:\/\/idckohtao.com\/wp-content\/uploads\/2023\/08\/idckohtao.com-best-instructor-courses-koh-tao-thailand-300x169.jpg 300w, https:\/\/idckohtao.com\/wp-content\/uploads\/2023\/08\/idckohtao.com-best-instructor-courses-koh-tao-thailand-768x432.jpg 768w, https:\/\/idckohtao.com\/wp-content\/uploads\/2023\/08\/idckohtao.com-best-instructor-courses-koh-tao-thailand-1536x864.jpg 1536w, https:\/\/idckohtao.com\/wp-content\/uploads\/2023\/08\/idckohtao.com-best-instructor-courses-koh-tao-thailand.jpg 1920w\" sizes=\"(max-width: 1024px) 100vw, 1024px\" \/><\/p>\n<h3>Cours Open Water plong\u00e9es de formation en eau confin\u00e9e<\/h3>\n<p>Il est maintenant temps que le plaisir commence.<br \/>\nDans une eau suffisamment profonde pour que vous puissiez vous tenir debout, nous vous pr\u00e9senterons lentement les comp\u00e9tences de base dont vous aurez besoin pour plonger en toute s\u00e9curit\u00e9.<\/p>\n<p>Les plong\u00e9es en eau confin\u00e9e comprennent des comp\u00e9tences telles que le nettoyage du masque, le nettoyage du d\u00e9tendeur, diverses techniques de flottabilit\u00e9 et les techniques de natation.<\/p>\n<p>L\u2019apprentissage des bases en eau peu profonde vous permet initialement d\u2019augmenter confortablement votre niveau de comp\u00e9tence et votre confiance dans un environnement contr\u00f4l\u00e9 sans distractions.<\/p>\n<p>Les plong\u00e9es d\u2019entra\u00eenement en eau confin\u00e9e durent de 3 \u00e0 6 heures en fonction de la taille de la classe, de la facilit\u00e9 avec laquelle vous trouvez les comp\u00e9tences et de votre confort dans l\u2019eau.<\/p>\n<p>N\u2019oubliez pas qu\u2019il s\u2019agit d\u2019un cours bas\u00e9 sur la performance, nous allons donc toujours \u00e0 votre rythme et cela peut souvent impliquer plusieurs sessions pour compl\u00e9ter cette section.<\/p>\n<h3>Cours Open Water plong\u00e9es de formation en eau libre<\/h3>\n<p>Nous avons laiss\u00e9 le meilleur jusqu\u2019\u00e0 la fin. Quatre plong\u00e9es de formation en eau libre, men\u00e9es sur quatre grands\u00a0<a href=\"https:\/\/idckohtao.com\/fr\/fun-diving-koh-tao\/\">sites de plong\u00e9e autour de Koh Tao<\/a>, pr\u00e9vues sur deux jours.<\/p>\n<p>Vous avez la possibilit\u00e9 de rassembler toutes vos comp\u00e9tences d\u2019apprentissage, de pratiquer certaines des comp\u00e9tences que vous avez d\u00e9j\u00e0 ma\u00eetris\u00e9es, en les adaptant cette fois \u00e0 un environnement en eau libre.<\/p>\n<p>Le reste des plong\u00e9es fera exactement ce que vous vous \u00eates inscrit pour faire \u2026 plonger.<\/p>\n<p>Explorez le r\u00e9cif de corail sous-marin, entour\u00e9 d\u2019un kal\u00e9idoscope de couleurs \u00e9tonnantes et d\u2019une\u00a0<a href=\"https:\/\/idckohtao.com\/fr\/marine-conservation\/\">abondance de diff\u00e9rents animaux de la vie marine<\/a>.<\/p>\n<p>Une chose que nous garantissons, c\u2019est que vous ne voudrez pas que la plong\u00e9e se termine.<\/p>\n<p>\u00c0 la fin de toutes les exigences du cours, vous \u00eates certifi\u00e9 plongeur PADI Open Water et vous serez qualifi\u00e9 pour plonger ind\u00e9pendamment d\u2019un\u00a0<a href=\"https:\/\/idckohtao.com\/fr\/pro-level-courses\/padi-divemaster-course\/\">PADI Dive Professional<\/a>\u00a0jusqu\u2019\u00e0 une profondeur de 18 m\u00e8tres.<\/p>\n<h3>Horaire des cours E-Learning Open Water<\/h3>\n<p><strong>Jour1:<\/strong>\u00a0Revue du questionnaire de r\u00e9vision rapide<\/p>\n<p>Plong\u00e9es d\u2019entra\u00eenement en eau confin\u00e9e 1 \u00e0 5<\/p>\n<p><strong>Jour 2:<\/strong>\u00a0Revue du questionnaire de r\u00e9vision rapide<\/p>\n<p>Plong\u00e9es en eau libre 1 &amp; 2<\/p>\n<p><strong>Jour 3:<\/strong>\u00a0Revue du questionnaire de r\u00e9vision rapide<\/p>\n<p>Plong\u00e9es en eau libre 3 &amp; 4<\/p>\n<h3>Le cours PADI Open Water comprend:<\/h3>\n<ul>\n<li>Manuel de plong\u00e9e en ligne PADI Open Water et certification PADI<\/li>\n<li>Frais de moniteur PADI<\/li>\n<li>Assurance<\/li>\n<li>Carnet de plong\u00e9e<\/li>\n<li>Location d\u2019\u00e9quipement<\/li>\n<li>Location d\u2019ordinateur de plong\u00e9e<\/li>\n<\/ul>\n<p>[\/vc_column_text]<div class=\"text-left\"><h3 class=\"section-title\">BOOK NOW<\/h3><div class=\"bt-course-price\"><h4>12,950<\/h4><a href=\"https:\/\/idckohtao.com\/fr\/packages-prices\/\" class=\"button\">R\u00c9SERVATION EN LIGNE<\/a><\/div><\/div>[\/vc_column][\/vc_row]<\/p>\n<\/div>","protected":false},"excerpt":{"rendered":"<p>[vc_row][vc_column][vc_column_text] PADI Open Water Course \u2013 Cours d\u2019entr\u00e9e de gamme pour d\u00e9butants Situ\u00e9 au\u00a0centre de plong\u00e9e Black Turtle Dive, IDC Koh Tao est reconnu dans l\u2019industrie pour la qualit\u00e9 et les normes de formation de ses\u00a0cours de plong\u00e9e\u00a0de niveau d\u00e9butant et professionnel. Le cours PADI Open Water est un point d\u2019entr\u00e9e id\u00e9al pour les plongeurs [&hellip;]<\/p>\n","protected":false},"author":1,"featured_media":5027,"parent":0,"menu_order":0,"comment_status":"closed","ping_status":"closed","template":"","meta":{"_acf_changed":false,"footnotes":""},"class_list":["post-3421","page","type-page","status-publish","has-post-thumbnail","hentry"],"acf":[],"yoast_head":"<!-- This site is optimized with the Yoast SEO Premium plugin v27.5 (Yoast SEO v27.5) - https:\/\/yoast.com\/product\/yoast-seo-premium-wordpress\/ -->\n<title>Cours Open Water PADI Koh Tao | IDC Koh Tao<\/title>\n<meta name=\"description\" content=\"Apprenez \u00e0 plonger en toute s\u00e9curit\u00e9 et obtenez votre licence PADI Open Water sur Koh Tao, qui vous certifie de plonger \u00e0 une profondeur maximale de 18 m\u00e8tres partout dans le monde.\" \/>\n<meta name=\"robots\" content=\"index, follow, max-snippet:-1, max-image-preview:large, max-video-preview:-1\" \/>\n<link rel=\"canonical\" href=\"https:\/\/idckohtao.com\/fr\/open-water-course\/\" \/>\n<meta property=\"og:locale\" content=\"fr_FR\" \/>\n<meta property=\"og:type\" content=\"article\" \/>\n<meta property=\"og:title\" content=\"Cours Open Water PADI Koh Tao | IDC Koh Tao\" \/>\n<meta property=\"og:description\" content=\"Apprenez \u00e0 plonger en toute s\u00e9curit\u00e9 et obtenez votre licence PADI Open Water sur Koh Tao, qui vous certifie de plonger \u00e0 une profondeur maximale de 18 m\u00e8tres partout dans le monde.\" \/>\n<meta property=\"og:url\" content=\"https:\/\/idckohtao.com\/fr\/open-water-course\/\" \/>\n<meta property=\"og:site_name\" content=\"IDC Koh Tao\" \/>\n<meta property=\"article:publisher\" content=\"https:\/\/www.facebook.com\/GoProIDCKohTao\" \/>\n<meta property=\"article:modified_time\" content=\"2026-04-22T04:56:54+00:00\" \/>\n<meta property=\"og:image\" content=\"https:\/\/idckohtao.com\/wp-content\/uploads\/2023\/08\/idckohtao.com-padi-instructor-development-course-at-crystal-dive-kohtao.jpg\" \/>\n\t<meta property=\"og:image:width\" content=\"2000\" \/>\n\t<meta property=\"og:image:height\" content=\"1125\" \/>\n\t<meta property=\"og:image:type\" content=\"image\/jpeg\" \/>\n<meta name=\"twitter:card\" content=\"summary_large_image\" \/>\n<meta name=\"twitter:title\" content=\"Cours Open Water PADI Koh Tao | IDC Koh Tao\" \/>\n<meta name=\"twitter:description\" content=\"Apprenez \u00e0 plonger en toute s\u00e9curit\u00e9 et obtenez votre licence PADI Open Water sur Koh Tao, qui vous certifie de plonger \u00e0 une profondeur maximale de 18 m\u00e8tres partout dans le monde.\" \/>\n<meta name=\"twitter:image\" content=\"https:\/\/idckohtao.com\/wp-content\/uploads\/2023\/08\/idckohtao.com-padi-instructor-development-course-at-crystal-dive-kohtao.jpg\" \/>\n<meta name=\"twitter:site\" content=\"@GoProIDCKohTao\" \/>\n<!-- \/ Yoast SEO Premium plugin. -->","yoast_head_json":{"title":"Cours Open Water PADI Koh Tao | IDC Koh Tao","description":"Apprenez \u00e0 plonger en toute s\u00e9curit\u00e9 et obtenez votre licence PADI Open Water sur Koh Tao, qui vous certifie de plonger \u00e0 une profondeur maximale de 18 m\u00e8tres partout dans le monde.","robots":{"index":"index","follow":"follow","max-snippet":"max-snippet:-1","max-image-preview":"max-image-preview:large","max-video-preview":"max-video-preview:-1"},"canonical":"https:\/\/idckohtao.com\/fr\/open-water-course\/","og_locale":"fr_FR","og_type":"article","og_title":"Cours Open Water PADI Koh Tao | IDC Koh Tao","og_description":"Apprenez \u00e0 plonger en toute s\u00e9curit\u00e9 et obtenez votre licence PADI Open Water sur Koh Tao, qui vous certifie de plonger \u00e0 une profondeur maximale de 18 m\u00e8tres partout dans le monde.","og_url":"https:\/\/idckohtao.com\/fr\/open-water-course\/","og_site_name":"IDC Koh Tao","article_publisher":"https:\/\/www.facebook.com\/GoProIDCKohTao","article_modified_time":"2026-04-22T04:56:54+00:00","og_image":[{"width":2000,"height":1125,"url":"https:\/\/idckohtao.com\/wp-content\/uploads\/2023\/08\/idckohtao.com-padi-instructor-development-course-at-crystal-dive-kohtao.jpg","type":"image\/jpeg"}],"twitter_card":"summary_large_image","twitter_title":"Cours Open Water PADI Koh Tao | IDC Koh Tao","twitter_description":"Apprenez \u00e0 plonger en toute s\u00e9curit\u00e9 et obtenez votre licence PADI Open Water sur Koh Tao, qui vous certifie de plonger \u00e0 une profondeur maximale de 18 m\u00e8tres partout dans le monde.","twitter_image":"https:\/\/idckohtao.com\/wp-content\/uploads\/2023\/08\/idckohtao.com-padi-instructor-development-course-at-crystal-dive-kohtao.jpg","twitter_site":"@GoProIDCKohTao","schema":{"@context":"https:\/\/schema.org","@graph":[{"@type":"NewsArticle","@id":"https:\/\/idckohtao.com\/fr\/open-water-course\/#article","isPartOf":{"@id":"https:\/\/idckohtao.com\/fr\/open-water-course\/"},"author":{"name":"ojasya","@id":"https:\/\/idckohtao.com\/fr\/#\/schema\/person\/d08d557cbfdbc171f824052dae697b02"},"headline":"Cours Open Water","datePublished":"2023-08-06T15:30:53+00:00","dateModified":"2026-04-22T04:56:54+00:00","mainEntityOfPage":{"@id":"https:\/\/idckohtao.com\/fr\/open-water-course\/"},"wordCount":878,"publisher":{"@id":"https:\/\/idckohtao.com\/fr\/#organization"},"image":{"@id":"https:\/\/idckohtao.com\/fr\/open-water-course\/#primaryimage"},"thumbnailUrl":"https:\/\/idckohtao.com\/wp-content\/uploads\/2023\/09\/idckohtao.com-fun-diving-trips-on-koh-tao-island.jpeg","inLanguage":"fr-FR"},{"@type":"WebPage","@id":"https:\/\/idckohtao.com\/fr\/open-water-course\/","url":"https:\/\/idckohtao.com\/fr\/open-water-course\/","name":"Cours Open Water PADI Koh Tao | IDC Koh Tao","isPartOf":{"@id":"https:\/\/idckohtao.com\/fr\/#website"},"primaryImageOfPage":{"@id":"https:\/\/idckohtao.com\/fr\/open-water-course\/#primaryimage"},"image":{"@id":"https:\/\/idckohtao.com\/fr\/open-water-course\/#primaryimage"},"thumbnailUrl":"https:\/\/idckohtao.com\/wp-content\/uploads\/2023\/09\/idckohtao.com-fun-diving-trips-on-koh-tao-island.jpeg","datePublished":"2023-08-06T15:30:53+00:00","dateModified":"2026-04-22T04:56:54+00:00","description":"Apprenez \u00e0 plonger en toute s\u00e9curit\u00e9 et obtenez votre licence PADI Open Water sur Koh Tao, qui vous certifie de plonger \u00e0 une profondeur maximale de 18 m\u00e8tres partout dans le monde.","breadcrumb":{"@id":"https:\/\/idckohtao.com\/fr\/open-water-course\/#breadcrumb"},"inLanguage":"fr-FR","potentialAction":[{"@type":"ReadAction","target":["https:\/\/idckohtao.com\/fr\/open-water-course\/"]}]},{"@type":"ImageObject","inLanguage":"fr-FR","@id":"https:\/\/idckohtao.com\/fr\/open-water-course\/#primaryimage","url":"https:\/\/idckohtao.com\/wp-content\/uploads\/2023\/09\/idckohtao.com-fun-diving-trips-on-koh-tao-island.jpeg","contentUrl":"https:\/\/idckohtao.com\/wp-content\/uploads\/2023\/09\/idckohtao.com-fun-diving-trips-on-koh-tao-island.jpeg","width":1200,"height":770,"caption":"PADI Open Water course certification in Thailand"},{"@type":"BreadcrumbList","@id":"https:\/\/idckohtao.com\/fr\/open-water-course\/#breadcrumb","itemListElement":[{"@type":"ListItem","position":1,"name":"Home","item":"https:\/\/idckohtao.com\/fr\/"},{"@type":"ListItem","position":2,"name":"Cours Open Water"}]},{"@type":"WebSite","@id":"https:\/\/idckohtao.com\/fr\/#website","url":"https:\/\/idckohtao.com\/fr\/","name":"IDC Koh Tao","description":"PADI IDC 5 Star Diving Center in Koh Tao - Thailand","publisher":{"@id":"https:\/\/idckohtao.com\/fr\/#organization"},"alternateName":"IDC Koh Tao in Thailand","potentialAction":[{"@type":"SearchAction","target":{"@type":"EntryPoint","urlTemplate":"https:\/\/idckohtao.com\/fr\/?s={search_term_string}"},"query-input":{"@type":"PropertyValueSpecification","valueRequired":true,"valueName":"search_term_string"}}],"inLanguage":"fr-FR"},{"@type":"Organization","@id":"https:\/\/idckohtao.com\/fr\/#organization","name":"IDC Koh Tao","alternateName":"IDC Koh Tao | Divemaster & Diving Instructor","url":"https:\/\/idckohtao.com\/fr\/","logo":{"@type":"ImageObject","inLanguage":"fr-FR","@id":"https:\/\/idckohtao.com\/fr\/#\/schema\/logo\/image\/","url":"https:\/\/idckohtao.com\/wp-content\/uploads\/2023\/09\/idckohtao.com-padi-diving-center-in-koh-tao-thailand.png","contentUrl":"https:\/\/idckohtao.com\/wp-content\/uploads\/2023\/09\/idckohtao.com-padi-diving-center-in-koh-tao-thailand.png","width":400,"height":300,"caption":"IDC Koh Tao"},"image":{"@id":"https:\/\/idckohtao.com\/fr\/#\/schema\/logo\/image\/"},"sameAs":["https:\/\/www.facebook.com\/GoProIDCKohTao","https:\/\/x.com\/GoProIDCKohTao","https:\/\/www.youtube.com\/idckohtao","https:\/\/www.instagram.com\/idc.kohtao\/"],"description":"IDC Koh Tao is a part of the Black Turtle Dive pro level training team with three PADI Course Directors being led by Award Winning PADI Course Director Matt Bolton. Our full range of pro and recreational PADI Diving Courses provides aspiring scuba divers with education, fun, excitement, adventure, and a change of lifestyle or an opportunity to pursue a new career.","email":"info@idckohtao.com","legalName":"IDC Koh Tao","foundingDate":"2004-01-04","numberOfEmployees":{"@type":"QuantitativeValue","minValue":"1","maxValue":"10"},"correctionsPolicy":"https:\/\/idckohtao.com\/privacy-policy\/","ethicsPolicy":"https:\/\/idckohtao.com\/terms\/"},{"@type":"Person","@id":"https:\/\/idckohtao.com\/fr\/#\/schema\/person\/d08d557cbfdbc171f824052dae697b02","name":"ojasya","image":{"@type":"ImageObject","inLanguage":"fr-FR","@id":"https:\/\/secure.gravatar.com\/avatar\/6fb34e36d09053a6545fc21d344613321bb1933f185132488f38052166f5a001?s=96&d=mm&r=g","url":"https:\/\/secure.gravatar.com\/avatar\/6fb34e36d09053a6545fc21d344613321bb1933f185132488f38052166f5a001?s=96&d=mm&r=g","contentUrl":"https:\/\/secure.gravatar.com\/avatar\/6fb34e36d09053a6545fc21d344613321bb1933f185132488f38052166f5a001?s=96&d=mm&r=g","caption":"ojasya"},"sameAs":["https:\/\/idckohtao.com"],"url":"https:\/\/idckohtao.com\/fr\/blog\/author\/ojasya\/"}]}},"_links":{"self":[{"href":"https:\/\/idckohtao.com\/fr\/wp-json\/wp\/v2\/pages\/3421","targetHints":{"allow":["GET"]}}],"collection":[{"href":"https:\/\/idckohtao.com\/fr\/wp-json\/wp\/v2\/pages"}],"about":[{"href":"https:\/\/idckohtao.com\/fr\/wp-json\/wp\/v2\/types\/page"}],"author":[{"embeddable":true,"href":"https:\/\/idckohtao.com\/fr\/wp-json\/wp\/v2\/users\/1"}],"replies":[{"embeddable":true,"href":"https:\/\/idckohtao.com\/fr\/wp-json\/wp\/v2\/comments?post=3421"}],"version-history":[{"count":1,"href":"https:\/\/idckohtao.com\/fr\/wp-json\/wp\/v2\/pages\/3421\/revisions"}],"predecessor-version":[{"id":7706,"href":"https:\/\/idckohtao.com\/fr\/wp-json\/wp\/v2\/pages\/3421\/revisions\/7706"}],"wp:featuredmedia":[{"embeddable":true,"href":"https:\/\/idckohtao.com\/fr\/wp-json\/wp\/v2\/media\/5027"}],"wp:attachment":[{"href":"https:\/\/idckohtao.com\/fr\/wp-json\/wp\/v2\/media?parent=3421"}],"curies":[{"name":"wp","href":"https:\/\/api.w.org\/{rel}","templated":true}]}}