{"id":3429,"date":"2023-08-09T17:14:39","date_gmt":"2023-08-09T17:14:39","guid":{"rendered":"https:\/\/idckohtao.com\/assistant-instructor\/"},"modified":"2026-01-02T06:18:58","modified_gmt":"2026-01-02T06:18:58","slug":"assistant-instructor","status":"publish","type":"page","link":"https:\/\/idckohtao.com\/fr\/pro-level-courses\/assistant-instructor\/","title":{"rendered":"Cours Assistant Instructeur PADI (AI)"},"content":{"rendered":"<div class=\"wpb-content-wrapper\"><p>[vc_row][vc_column][vc_column_text css=\u00a0\u00bb\u00a0\u00bb]<\/p>\n<h2>La premi\u00e8re partie du cours de d\u00e9veloppement d\u2019instructeur PADI (IDC)<\/h2>\n<p>Le cours PADI Assistant Instructeur offre aux Divemasters PADI et aux professionnels de la plong\u00e9e de niveau de leadership d\u2019autres organisations de plong\u00e9e la possibilit\u00e9 de poursuivre leur formation en tant qu\u2019assistants p\u00e9dagogiques et \u00e9ducateurs en plong\u00e9e.<\/p>\n<ul>\n<li>Programme de 6 jours sur Koh Tao<\/li>\n<li>Cours de pr\u00e9paration optionnel de 2 jours (revues th\u00e9oriques et comp\u00e9tences)<\/li>\n<\/ul>\n<p>Le cours PADI Assistant Instructeur est la premi\u00e8re partie du\u00a0<a href=\"https:\/\/idckohtao.com\/fr\/pro-level-courses\/padi-instructor-development-course\/\">cours d\u00e9veloppement d\u2019instructeur PADI (IDC)<\/a>. L\u2019ach\u00e8vement r\u00e9ussi permet \u00e0 un candidat de commencer la partie 2, le cours \u2018PADI Open Water Scuba Instructor\u2019 (OWSI).<\/p>\n<h3>Qu\u2019allez-vous apprendre?<\/h3>\n<p>S\u2019appuyant sur les comp\u00e9tences et les capacit\u00e9s pour organiser et superviser des activit\u00e9s de plong\u00e9e sous-marine, pendant le cours d\u2019assistant instructeur, nous nous concentrerons sur le d\u00e9veloppement des comp\u00e9tences p\u00e9dagogiques.<\/p>\n<p>Certaines des choses que nous couvrirons comprennent:<\/p>\n<ul>\n<li>Th\u00e9orie de la plong\u00e9e de niveau instructeur<\/li>\n<li>Comp\u00e9tences de qualit\u00e9 de d\u00e9monstration au niveau de l\u2019instructeur<\/li>\n<li>Instruction d\u2019apprentissage et le syst\u00e8me PADI<\/li>\n<li>Comment enseigner en classe, en piscine et en eau libre<\/li>\n<li>Normes et proc\u00e9dures g\u00e9n\u00e9rales pour les cours et programmes qu\u2019un Assistant Instructeur PADI est certifi\u00e9 pour enseigner<\/li>\n<\/ul>\n<p><img decoding=\"async\" class=\"alignnone wp-image-765 size-large\" src=\"https:\/\/idckohtao.com\/wp-content\/uploads\/2023\/08\/idc-koh-tao-confined-water-sessions-candidates-1024x579.jpg\" alt=\"idc-koh-tao-confined-water-sessions-candidates\" width=\"1024\" height=\"579\" srcset=\"https:\/\/idckohtao.com\/wp-content\/uploads\/2023\/08\/idc-koh-tao-confined-water-sessions-candidates-1024x579.jpg 1024w, https:\/\/idckohtao.com\/wp-content\/uploads\/2023\/08\/idc-koh-tao-confined-water-sessions-candidates-300x170.jpg 300w, https:\/\/idckohtao.com\/wp-content\/uploads\/2023\/08\/idc-koh-tao-confined-water-sessions-candidates-768x434.jpg 768w, https:\/\/idckohtao.com\/wp-content\/uploads\/2023\/08\/idc-koh-tao-confined-water-sessions-candidates.jpg 1080w\" sizes=\"(max-width: 1024px) 100vw, 1024px\" \/><\/p>\n<h3>Que pouvez-vous enseigner?<\/h3>\n<p>En plus des responsabilit\u00e9s et des fonctions que vous avez d\u00e9j\u00e0 en tant que\u00a0<a href=\"https:\/\/idckohtao.com\/fr\/pro-level-courses\/padi-divemaster-course\/\">Divemaster PADI<\/a>, en tant qu\u2019assistant instructeur PADI certifi\u00e9, vous pouvez:<\/p>\n<ul>\n<li>Enseigner des pr\u00e9sentations acad\u00e9miques (sous la supervision indirecte d\u2019un instructeur PADI)<\/li>\n<li>Pr\u00e9senter la formation initiale aux comp\u00e9tences pendant la formation en eau confin\u00e9e (sous la supervision directe d\u2019un instructeur PADI)<\/li>\n<li>\u00c9valuer les comp\u00e9tences des exercices en surface du cours Open Water (sous la supervision indirecte d\u2019un instructeur PADI)<\/li>\n<li>Enseigner et certifier les plongeurs sp\u00e9cialis\u00e9s \u2018PADI Peak Performance Buoyancy\u2019 (sous la direction d\u2019un instructeur PADI)<\/li>\n<li>Enseigner les cours sp\u00e9cialis\u00e9s \u2018AWARE Coral Reef Conservation\u2019<\/li>\n<li>Menez l\u2019exp\u00e9rience \u2018PADI Discover Scuba Diver\u2019 dans une piscine ou dans un environnement d\u2019eau confin\u00e9e ouverte<\/li>\n<li>Mener des missions Aqua Team \u2018PADI Seal Team\u2019<\/li>\n<li>Enseigner le cours sp\u00e9cialis\u00e9 \u2018PADI Digital Underwater Photography\u2019 (sous la direction d\u2019un instructeur PADI) apr\u00e8s avoir obtenu la qualification d\u2019instructeur sp\u00e9cialis\u00e9 \u2018PADI Digital Underwater Photography\u2019<\/li>\n<\/ul>\n<p><img decoding=\"async\" class=\"alignnone wp-image-766 size-large\" src=\"https:\/\/idckohtao.com\/wp-content\/uploads\/2023\/08\/padi-idc-koh-tao-open-water-presentation-course-director-1024x683.jpg\" alt=\"padi-idc-koh-tao-open-water-presentation-course-director\" width=\"1024\" height=\"683\" srcset=\"https:\/\/idckohtao.com\/wp-content\/uploads\/2023\/08\/padi-idc-koh-tao-open-water-presentation-course-director-1024x683.jpg 1024w, https:\/\/idckohtao.com\/wp-content\/uploads\/2023\/08\/padi-idc-koh-tao-open-water-presentation-course-director-300x200.jpg 300w, https:\/\/idckohtao.com\/wp-content\/uploads\/2023\/08\/padi-idc-koh-tao-open-water-presentation-course-director-768x512.jpg 768w, https:\/\/idckohtao.com\/wp-content\/uploads\/2023\/08\/padi-idc-koh-tao-open-water-presentation-course-director.jpg 1080w\" sizes=\"(max-width: 1024px) 100vw, 1024px\" \/><\/p>\n<h3>Frais PADI<\/h3>\n<p>Les frais de candidature pour le cours PADI Assistant Instructeur sont de <strong>152 $ AUS<\/strong>. Ils sont pay\u00e9s par le candidat directement \u00e0 PADI par carte de cr\u00e9dit.<\/p>\n<h3>Mat\u00e9riaux PADI<\/h3>\n<p>Pour votre propre ensemble de manuels et de mat\u00e9riel d\u2019instructeur PADI, vous pouvez acheter notre \u00ab Crewpack \u00bb IDC.<\/p>\n<p><strong>Prix: 25,000 THB (Inc EFR materials)<\/strong><\/p>\n<p>Le Crewpack IDC comprend:<\/p>\n<ul>\n<li>Sac \u00e0 dos PADI<\/li>\n<li>Guide p\u00e9dagogique PADI (version papier et CD-Rom)<\/li>\n<li>Manuel de connaissances sur la plong\u00e9e<\/li>\n<li>Questionnaires et examens PADI [Open Water, Rescue Diver, Divemaster]<\/li>\n<li>Manuel de l\u2019instructeur de cours de sp\u00e9cialit\u00e9 PADI (CD-Rom)<\/li>\n<li>Aper\u00e7u du cours \u2018Peak Performance Buoyancy\u2019<\/li>\n<li>Cours PADI Open Water guides de le\u00e7on (CD-Rom)<\/li>\n<li>Vente par approche positive (DVD)<\/li>\n<li>Ardoises de planification de cours de plong\u00e9e [en milieu confin\u00e9 et en eau libre)<\/li>\n<li>Cartes de rep\u00e8re d\u2019instructeur des cours Open Water, Advanced, Rescue, Divemaster<\/li>\n<li>Sticker hologramme<\/li>\n<li>Informations pour le candidat instructeur<\/li>\n<li>PADI ardoise \u2018Dive Planning &amp; Skill Practice\u2019<\/li>\n<\/ul>\n<p>[\/vc_column_text][\/vc_column][\/vc_row]<\/p>\n<\/div>","protected":false},"excerpt":{"rendered":"<p>[vc_row][vc_column][vc_column_text css=\u00a0\u00bb\u00a0\u00bb] La premi\u00e8re partie du cours de d\u00e9veloppement d\u2019instructeur PADI (IDC) Le cours PADI Assistant Instructeur offre aux Divemasters PADI et aux professionnels de la plong\u00e9e de niveau de leadership d\u2019autres organisations de plong\u00e9e la possibilit\u00e9 de poursuivre leur formation en tant qu\u2019assistants p\u00e9dagogiques et \u00e9ducateurs en plong\u00e9e. Programme de 6 jours sur Koh [&hellip;]<\/p>\n","protected":false},"author":1,"featured_media":2977,"parent":7934,"menu_order":0,"comment_status":"closed","ping_status":"closed","template":"","meta":{"_acf_changed":false,"footnotes":""},"class_list":["post-3429","page","type-page","status-publish","has-post-thumbnail","hentry"],"acf":[],"yoast_head":"<!-- This site is optimized with the Yoast SEO Premium plugin v27.5 (Yoast SEO v27.5) - https:\/\/yoast.com\/product\/yoast-seo-premium-wordpress\/ -->\n<title>IDC Koh Tao | Cours Assistant Instructeur PADI Koh Tao<\/title>\n<meta name=\"description\" content=\"Le cours PADI Assistant Instructor est la premi\u00e8re partie du cours PADI Instructor Development Course -IDC\" \/>\n<meta name=\"robots\" content=\"index, follow, max-snippet:-1, max-image-preview:large, max-video-preview:-1\" \/>\n<link rel=\"canonical\" href=\"https:\/\/idckohtao.com\/fr\/pro-level-courses\/assistant-instructor\/\" \/>\n<meta property=\"og:locale\" content=\"fr_FR\" \/>\n<meta property=\"og:type\" content=\"article\" \/>\n<meta property=\"og:title\" content=\"IDC Koh Tao | Cours Assistant Instructeur PADI Koh Tao\" \/>\n<meta property=\"og:description\" content=\"Le cours PADI Assistant Instructor est la premi\u00e8re partie du cours PADI Instructor Development Course -IDC\" \/>\n<meta property=\"og:url\" content=\"https:\/\/idckohtao.com\/fr\/pro-level-courses\/assistant-instructor\/\" \/>\n<meta property=\"og:site_name\" content=\"IDC Koh Tao\" \/>\n<meta property=\"article:publisher\" content=\"https:\/\/www.facebook.com\/GoProIDCKohTao\" \/>\n<meta property=\"article:modified_time\" content=\"2026-01-02T06:18:58+00:00\" \/>\n<meta property=\"og:image\" content=\"https:\/\/idckohtao.com\/wp-content\/uploads\/2023\/08\/idc-koh-tao-confined-water-presentations-at-regal-pool.jpg\" \/>\n\t<meta property=\"og:image:width\" content=\"1080\" \/>\n\t<meta property=\"og:image:height\" content=\"810\" \/>\n\t<meta property=\"og:image:type\" content=\"image\/jpeg\" \/>\n<meta name=\"twitter:card\" content=\"summary_large_image\" \/>\n<meta name=\"twitter:title\" content=\"IDC Koh Tao | Cours Assistant Instructeur PADI Koh Tao\" \/>\n<meta name=\"twitter:description\" content=\"Le cours PADI Assistant Instructor est la premi\u00e8re partie du cours PADI Instructor Development Course - IDC\" \/>\n<meta name=\"twitter:site\" content=\"@GoProIDCKohTao\" \/>\n<!-- \/ Yoast SEO Premium plugin. -->","yoast_head_json":{"title":"IDC Koh Tao | Cours Assistant Instructeur PADI Koh Tao","description":"Le cours PADI Assistant Instructor est la premi\u00e8re partie du cours PADI Instructor Development Course -IDC","robots":{"index":"index","follow":"follow","max-snippet":"max-snippet:-1","max-image-preview":"max-image-preview:large","max-video-preview":"max-video-preview:-1"},"canonical":"https:\/\/idckohtao.com\/fr\/pro-level-courses\/assistant-instructor\/","og_locale":"fr_FR","og_type":"article","og_title":"IDC Koh Tao | Cours Assistant Instructeur PADI Koh Tao","og_description":"Le cours PADI Assistant Instructor est la premi\u00e8re partie du cours PADI Instructor Development Course -IDC","og_url":"https:\/\/idckohtao.com\/fr\/pro-level-courses\/assistant-instructor\/","og_site_name":"IDC Koh Tao","article_publisher":"https:\/\/www.facebook.com\/GoProIDCKohTao","article_modified_time":"2026-01-02T06:18:58+00:00","og_image":[{"width":1080,"height":810,"url":"https:\/\/idckohtao.com\/wp-content\/uploads\/2023\/08\/idc-koh-tao-confined-water-presentations-at-regal-pool.jpg","type":"image\/jpeg"}],"twitter_card":"summary_large_image","twitter_title":"IDC Koh Tao | Cours Assistant Instructeur PADI Koh Tao","twitter_description":"Le cours PADI Assistant Instructor est la premi\u00e8re partie du cours PADI Instructor Development Course - IDC","twitter_site":"@GoProIDCKohTao","schema":{"@context":"https:\/\/schema.org","@graph":[{"@type":"NewsArticle","@id":"https:\/\/idckohtao.com\/fr\/pro-level-courses\/assistant-instructor\/#article","isPartOf":{"@id":"https:\/\/idckohtao.com\/fr\/pro-level-courses\/assistant-instructor\/"},"author":{"name":"ojasya","@id":"https:\/\/idckohtao.com\/fr\/#\/schema\/person\/d08d557cbfdbc171f824052dae697b02"},"headline":"Cours Assistant Instructeur PADI (AI)","datePublished":"2023-08-09T17:14:39+00:00","dateModified":"2026-01-02T06:18:58+00:00","mainEntityOfPage":{"@id":"https:\/\/idckohtao.com\/fr\/pro-level-courses\/assistant-instructor\/"},"wordCount":577,"publisher":{"@id":"https:\/\/idckohtao.com\/fr\/#organization"},"image":{"@id":"https:\/\/idckohtao.com\/fr\/pro-level-courses\/assistant-instructor\/#primaryimage"},"thumbnailUrl":"https:\/\/idckohtao.com\/wp-content\/uploads\/2023\/08\/idc-koh-tao-confined-water-presentations-at-regal-pool.jpg","inLanguage":"fr-FR"},{"@type":"WebPage","@id":"https:\/\/idckohtao.com\/fr\/pro-level-courses\/assistant-instructor\/","url":"https:\/\/idckohtao.com\/fr\/pro-level-courses\/assistant-instructor\/","name":"IDC Koh Tao | Cours Assistant Instructeur PADI Koh Tao","isPartOf":{"@id":"https:\/\/idckohtao.com\/fr\/#website"},"primaryImageOfPage":{"@id":"https:\/\/idckohtao.com\/fr\/pro-level-courses\/assistant-instructor\/#primaryimage"},"image":{"@id":"https:\/\/idckohtao.com\/fr\/pro-level-courses\/assistant-instructor\/#primaryimage"},"thumbnailUrl":"https:\/\/idckohtao.com\/wp-content\/uploads\/2023\/08\/idc-koh-tao-confined-water-presentations-at-regal-pool.jpg","datePublished":"2023-08-09T17:14:39+00:00","dateModified":"2026-01-02T06:18:58+00:00","description":"Le cours PADI Assistant Instructor est la premi\u00e8re partie du cours PADI Instructor Development Course -IDC","breadcrumb":{"@id":"https:\/\/idckohtao.com\/fr\/pro-level-courses\/assistant-instructor\/#breadcrumb"},"inLanguage":"fr-FR","potentialAction":[{"@type":"ReadAction","target":["https:\/\/idckohtao.com\/fr\/pro-level-courses\/assistant-instructor\/"]}]},{"@type":"ImageObject","inLanguage":"fr-FR","@id":"https:\/\/idckohtao.com\/fr\/pro-level-courses\/assistant-instructor\/#primaryimage","url":"https:\/\/idckohtao.com\/wp-content\/uploads\/2023\/08\/idc-koh-tao-confined-water-presentations-at-regal-pool.jpg","contentUrl":"https:\/\/idckohtao.com\/wp-content\/uploads\/2023\/08\/idc-koh-tao-confined-water-presentations-at-regal-pool.jpg","width":1080,"height":810},{"@type":"BreadcrumbList","@id":"https:\/\/idckohtao.com\/fr\/pro-level-courses\/assistant-instructor\/#breadcrumb","itemListElement":[{"@type":"ListItem","position":1,"name":"Home","item":"https:\/\/idckohtao.com\/fr\/"},{"@type":"ListItem","position":2,"name":"Pro level","item":"https:\/\/idckohtao.com\/fr\/pro-level-courses\/"},{"@type":"ListItem","position":3,"name":"Cours Assistant Instructeur PADI (AI)"}]},{"@type":"WebSite","@id":"https:\/\/idckohtao.com\/fr\/#website","url":"https:\/\/idckohtao.com\/fr\/","name":"IDC Koh Tao","description":"PADI IDC 5 Star Diving Center in Koh Tao - Thailand","publisher":{"@id":"https:\/\/idckohtao.com\/fr\/#organization"},"alternateName":"IDC Koh Tao in Thailand","potentialAction":[{"@type":"SearchAction","target":{"@type":"EntryPoint","urlTemplate":"https:\/\/idckohtao.com\/fr\/?s={search_term_string}"},"query-input":{"@type":"PropertyValueSpecification","valueRequired":true,"valueName":"search_term_string"}}],"inLanguage":"fr-FR"},{"@type":"Organization","@id":"https:\/\/idckohtao.com\/fr\/#organization","name":"IDC Koh Tao","alternateName":"IDC Koh Tao | Divemaster & Diving Instructor","url":"https:\/\/idckohtao.com\/fr\/","logo":{"@type":"ImageObject","inLanguage":"fr-FR","@id":"https:\/\/idckohtao.com\/fr\/#\/schema\/logo\/image\/","url":"https:\/\/idckohtao.com\/wp-content\/uploads\/2023\/09\/idckohtao.com-padi-diving-center-in-koh-tao-thailand.png","contentUrl":"https:\/\/idckohtao.com\/wp-content\/uploads\/2023\/09\/idckohtao.com-padi-diving-center-in-koh-tao-thailand.png","width":400,"height":300,"caption":"IDC Koh Tao"},"image":{"@id":"https:\/\/idckohtao.com\/fr\/#\/schema\/logo\/image\/"},"sameAs":["https:\/\/www.facebook.com\/GoProIDCKohTao","https:\/\/x.com\/GoProIDCKohTao","https:\/\/www.youtube.com\/idckohtao","https:\/\/www.instagram.com\/idc.kohtao\/"],"description":"IDC Koh Tao is a part of the Black Turtle Dive pro level training team with three PADI Course Directors being led by Award Winning PADI Course Director Matt Bolton. Our full range of pro and recreational PADI Diving Courses provides aspiring scuba divers with education, fun, excitement, adventure, and a change of lifestyle or an opportunity to pursue a new career.","email":"info@idckohtao.com","legalName":"IDC Koh Tao","foundingDate":"2004-01-04","numberOfEmployees":{"@type":"QuantitativeValue","minValue":"1","maxValue":"10"},"correctionsPolicy":"https:\/\/idckohtao.com\/privacy-policy\/","ethicsPolicy":"https:\/\/idckohtao.com\/terms\/"},{"@type":"Person","@id":"https:\/\/idckohtao.com\/fr\/#\/schema\/person\/d08d557cbfdbc171f824052dae697b02","name":"ojasya","image":{"@type":"ImageObject","inLanguage":"fr-FR","@id":"https:\/\/secure.gravatar.com\/avatar\/6fb34e36d09053a6545fc21d344613321bb1933f185132488f38052166f5a001?s=96&d=mm&r=g","url":"https:\/\/secure.gravatar.com\/avatar\/6fb34e36d09053a6545fc21d344613321bb1933f185132488f38052166f5a001?s=96&d=mm&r=g","contentUrl":"https:\/\/secure.gravatar.com\/avatar\/6fb34e36d09053a6545fc21d344613321bb1933f185132488f38052166f5a001?s=96&d=mm&r=g","caption":"ojasya"},"sameAs":["https:\/\/idckohtao.com"],"url":"https:\/\/idckohtao.com\/fr\/blog\/author\/ojasya\/"}]}},"_links":{"self":[{"href":"https:\/\/idckohtao.com\/fr\/wp-json\/wp\/v2\/pages\/3429","targetHints":{"allow":["GET"]}}],"collection":[{"href":"https:\/\/idckohtao.com\/fr\/wp-json\/wp\/v2\/pages"}],"about":[{"href":"https:\/\/idckohtao.com\/fr\/wp-json\/wp\/v2\/types\/page"}],"author":[{"embeddable":true,"href":"https:\/\/idckohtao.com\/fr\/wp-json\/wp\/v2\/users\/1"}],"replies":[{"embeddable":true,"href":"https:\/\/idckohtao.com\/fr\/wp-json\/wp\/v2\/comments?post=3429"}],"version-history":[{"count":1,"href":"https:\/\/idckohtao.com\/fr\/wp-json\/wp\/v2\/pages\/3429\/revisions"}],"predecessor-version":[{"id":7598,"href":"https:\/\/idckohtao.com\/fr\/wp-json\/wp\/v2\/pages\/3429\/revisions\/7598"}],"up":[{"embeddable":true,"href":"https:\/\/idckohtao.com\/fr\/wp-json\/wp\/v2\/pages\/7934"}],"wp:featuredmedia":[{"embeddable":true,"href":"https:\/\/idckohtao.com\/fr\/wp-json\/wp\/v2\/media\/2977"}],"wp:attachment":[{"href":"https:\/\/idckohtao.com\/fr\/wp-json\/wp\/v2\/media?parent=3429"}],"curies":[{"name":"wp","href":"https:\/\/api.w.org\/{rel}","templated":true}]}}