{"id":3435,"date":"2023-08-11T07:23:00","date_gmt":"2023-08-11T07:23:00","guid":{"rendered":"https:\/\/idckohtao.com\/padi-course-director-matt-bolton\/"},"modified":"2026-04-23T05:01:54","modified_gmt":"2026-04-23T05:01:54","slug":"padi-course-director-matt-bolton","status":"publish","type":"page","link":"https:\/\/idckohtao.com\/fr\/padi-course-director-matt-bolton\/","title":{"rendered":"Matt Bolton, Directeur de Cours PADI"},"content":{"rendered":"<div class=\"wpb-content-wrapper\"><p>[vc_row][vc_column][vc_column_text css=\u00a0\u00bb\u00a0\u00bb]<\/p>\n<h2>Multi Award Winning Platinum PADI Course Director Matt Bolton<\/h2>\n<h3>MATT BOLTON<\/h3>\n<h4>PADI Course Director #<strong>463559<\/strong><\/h4>\n<p><a class=\"fasc-button fasc-size-medium fasc-type-flat\" style=\"background-color: #33809e; color: #ffffff;\" target=\"_blank\" rel=\"noopener\" href=\"https:\/\/idckohtao.com\/wp-content\/uploads\/2023\/08\/Matt-Bolton-Open-Letter.pdf\">MATT&rsquo;S OPEN LETTER<\/a><\/p>\n<p>Matt travaille dans&nbsp;<a href=\"https:\/\/idckohtao.com\/fr\/blog\/why-choose-koh-tao-for-a-padi-dive-instructor-course\/\">l\u2019industrie de la plong\u00e9e<\/a> depuis plus de 28 ans et enseigne des <a href=\"https:\/\/idckohtao.com\/fr\/pro-level-courses\/padi-instructor-development-course\/\">cours de formation d\u2019instructeur<\/a> (IDC) depuis 20 ans \u00e0 <a href=\"https:\/\/idckohtao.com\/fr\/why-choose-koh-tao\/\">Koh Tao<\/a>.<\/p>\n<p>Matt est charg\u00e9 d\u2019enseigner \u00e0 de nombreux propri\u00e9taires de centres de plong\u00e9e, gestionnaires et Directeurs de Cours \u00e0 succ\u00e8s.<\/p>\n<p>Le Directeur de Cours Platinum PADI Matt Bolton est l\u2019un des rares directeurs de cours bas\u00e9s en Asie \u00e0 avoir \u00e9t\u00e9 s\u00e9lectionn\u00e9 pour participer au prestigieux cours de formation de directeur de cours au si\u00e8ge de PADI en Californie.<\/p>\n<p>Il est tr\u00e8s respect\u00e9 dans le monde de la plong\u00e9e sous-marine et Matt a \u00e9t\u00e9 invit\u00e9 \u00e0 enseigner le tout premier IDC en Inde, au Timor oriental et \u00e0 Oman.<\/p>\n<p>Matt a \u00e9galement \u00e9t\u00e9 s\u00e9lectionn\u00e9 pour enseigner \u00e0 Penang, en Malaisie, dans le cadre d\u2019une initiative gouvernementale visant \u00e0 augmenter le nombre de professionnels de la plong\u00e9e locaux travaillant dans leur industrie de la plong\u00e9e.<\/p>\n<p>L\u2019un des principaux domaines d\u2019int\u00e9r\u00eat de Matt est le secteur de la plong\u00e9e, comme en t\u00e9moigne son succ\u00e8s au sein de l\u2019industrie au niveau de la haute direction.<\/p>\n<p><img decoding=\"async\" class=\"alignnone wp-image-944 size-full\" src=\"https:\/\/idckohtao.com\/wp-content\/uploads\/2023\/08\/padi-idc-koh-tao-confined-water-presentations.jpg\" alt=\"padi-idc-koh-tao-confined-water-presentations\" width=\"1000\" height=\"608\" srcset=\"https:\/\/idckohtao.com\/wp-content\/uploads\/2023\/08\/padi-idc-koh-tao-confined-water-presentations.jpg 1000w, https:\/\/idckohtao.com\/wp-content\/uploads\/2023\/08\/padi-idc-koh-tao-confined-water-presentations-300x182.jpg 300w, https:\/\/idckohtao.com\/wp-content\/uploads\/2023\/08\/padi-idc-koh-tao-confined-water-presentations-768x467.jpg 768w\" sizes=\"(max-width: 1000px) 100vw, 1000px\" \/><\/p>\n<p>Il a construit Crystal Dive d\u2019un petit centre de plong\u00e9e non affili\u00e9 \u00e0 l\u2019une des marques de plong\u00e9e sous-marine les plus populaires et les plus performantes au monde.<\/p>\n<p>Lorsqu\u2019il n\u2019enseigne pas, Matt se concentre sur la conception de nouvelles strat\u00e9gies de marketing, en particulier dans la sph\u00e8re en ligne et le d\u00e9veloppement de nouvelles initiatives \u00e9ducatives.<\/p>\n<p>L\u2019une de ces initiatives \u00e9ducatives est l\u2019introduction du programme d\u2019\u00e9tudes sur l\u2019environnement et la conservation que Crystal sponsorise en collaboration avec Eco Koh Tao, un groupe de conservation \u00e0 but non lucratif Matt co-fond\u00e9 en 2007.<\/p>\n<p>Le travail de Matt dans le d\u00e9veloppement des instructeurs, la formation des plongeurs, la&nbsp;<a href=\"https:\/\/idckohtao.com\/fr\/marine-conservation\/\">conservation marine<\/a>&nbsp;et le secteur de la plong\u00e9e a \u00e9t\u00e9 r\u00e9compens\u00e9 d\u2019innombrables fois par des prix de l\u2019industrie.<\/p>\n<p><strong>MATT QUALIFICATIONS<br \/>\n<\/strong><\/p>\n<p>Directeur de Cours PADI<br \/>\nMarine Resource Management (MRM)<br \/>\nReef Check Trainer<br \/>\nEFR Primary, Secondary and Care for Children Instructor Trainer<br \/>\nBSAC Advanced Instructor<\/p>\n<p><img decoding=\"async\" class=\"alignnone wp-image-945 size-large\" src=\"https:\/\/idckohtao.com\/wp-content\/uploads\/2023\/08\/padi-idc-koh-tao-open-water-presentation-matt-bolton-briefing-1024x683.jpg\" alt=\"padi-idc-koh-tao-open-water-presentation-matt-bolton-briefing\" width=\"1024\" height=\"683\" srcset=\"https:\/\/idckohtao.com\/wp-content\/uploads\/2023\/08\/padi-idc-koh-tao-open-water-presentation-matt-bolton-briefing-1024x683.jpg 1024w, https:\/\/idckohtao.com\/wp-content\/uploads\/2023\/08\/padi-idc-koh-tao-open-water-presentation-matt-bolton-briefing-300x200.jpg 300w, https:\/\/idckohtao.com\/wp-content\/uploads\/2023\/08\/padi-idc-koh-tao-open-water-presentation-matt-bolton-briefing-768x512.jpg 768w, https:\/\/idckohtao.com\/wp-content\/uploads\/2023\/08\/padi-idc-koh-tao-open-water-presentation-matt-bolton-briefing.jpg 1080w\" sizes=\"(max-width: 1024px) 100vw, 1024px\" \/><\/p>\n<p><strong>FORMATEUR INSTRUCTEUR<\/strong><\/p>\n<p>Air Enrichi Nitrox<br \/>\nProfonde<br \/>\nRecherche &amp; R\u00e9cup\u00e9ration<br \/>\nNavigation<br \/>\nNuit<br \/>\nVid\u00e9ographie sous-marine<br \/>\nPhotographie sous-marine<br \/>\nPhotographie num\u00e9rique sous-marine<br \/>\nSp\u00e9cialiste en \u00e9quipement<br \/>\nPlongeur sur \u00e9pave<br \/>\nV\u00e9hicule de propulsion de plongeur<br \/>\nAWARE Identification des poissons<br \/>\nNaturaliste sous-marin<br \/>\nSp\u00e9cialiste de la sensibilisation au requin baleine<br \/>\nSp\u00e9cialiste des tortues de mer<br \/>\nFournisseur d\u2019oxyg\u00e8ne d\u2019urgence<br \/>\nEmploy\u00e9 du centre de plong\u00e9e<br \/>\nCoral Watch Coral Health Chart<br \/>\nAWARE Shark Conservation Diver<br \/>\nPlongeur de sensibilisation au requin baleine<br \/>\nAWARE Shark Conservation<br \/>\nPlongez contre les d\u00e9bris<br \/>\nPADI Sidemount Diver<\/p>\n<p><strong>R\u00c9COMPENSES, DIPL\u00d4MES ET R\u00c9ALISATIONS<\/strong><\/p>\n<p>PADI Platinum Course Director Award 2006, 07, 08, 09, 10, 11, 12, 13, 14, 15, 2016, 2017, 2018, 2019, 2020, 2021, 2022, 2023, 2024 &amp; 2025 (20 times) \u2013 Since its inception<\/p>\n<p>2017 \u2013 Awarded Outstanding Contribution to&nbsp;<a href=\"https:\/\/idckohtao.com\/fr\/\">Diver Training<\/a><\/p>\n<p>2015 \u2013 Awarded Outstanding contribution to the Dive Industry for the third time<\/p>\n<p>2013 \u2013 Awarded \u2018Outstanding contribution to Instructor Development\u2019<\/p>\n<p>2012 \u2018Outstanding Contribution to Dive Industry\u2019<\/p>\n<p>2010 Awarded \u2018Outstanding Contribution to Dive Industry\u2019<\/p>\n<p>2010 PADI Asia Pacific Instructor Development Award<\/p>\n<p>2009 PADI Asia Pacific Diver Retention Award<\/p>\n<p>2009 Project AWARE Environmental Achievement Award<\/p>\n<p>2008 PADI Asia Pacific Diver Trainer Award<\/p>\n<p>2008 Project AWARE Environmental Achievement Award<\/p>\n<p>2010 PADI Asia Pacific Marine Environmental Award<\/p>\n<p>2009 PADI Asia Pacific Outstanding Business Award<\/p>\n<p>2009 PADI Asia Pacific Marine Environmental Award<\/p>\n<p>2008 PADI Asia Pacific Instructor Development Award<\/p>\n<p>2008 PADI Asia Pacific Marine Environmental Award<\/p>\n<p><img decoding=\"async\" class=\"alignnone wp-image-946 size-large\" src=\"https:\/\/idckohtao.com\/wp-content\/uploads\/2023\/08\/crystal-dive-koh-tao-100000-reasons-to-dive-with-ceo-padi-award-1-1024x682.jpg\" alt=\"crystal-dive-koh-tao-100000-reasons-to-dive-with-ceo-padi-award\" width=\"1024\" height=\"682\" srcset=\"https:\/\/idckohtao.com\/wp-content\/uploads\/2023\/08\/crystal-dive-koh-tao-100000-reasons-to-dive-with-ceo-padi-award-1-1024x682.jpg 1024w, https:\/\/idckohtao.com\/wp-content\/uploads\/2023\/08\/crystal-dive-koh-tao-100000-reasons-to-dive-with-ceo-padi-award-1-300x200.jpg 300w, https:\/\/idckohtao.com\/wp-content\/uploads\/2023\/08\/crystal-dive-koh-tao-100000-reasons-to-dive-with-ceo-padi-award-1-768x512.jpg 768w, https:\/\/idckohtao.com\/wp-content\/uploads\/2023\/08\/crystal-dive-koh-tao-100000-reasons-to-dive-with-ceo-padi-award-1-1536x1024.jpg 1536w, https:\/\/idckohtao.com\/wp-content\/uploads\/2023\/08\/crystal-dive-koh-tao-100000-reasons-to-dive-with-ceo-padi-award-1.jpg 2000w\" sizes=\"(max-width: 1024px) 100vw, 1024px\" \/>[\/vc_column_text][\/vc_column][\/vc_row]<\/p>\n<\/div>","protected":false},"excerpt":{"rendered":"<p>[vc_row][vc_column][vc_column_text css=\u00a0\u00bb\u00a0\u00bb] Multi Award Winning Platinum PADI Course Director Matt Bolton MATT BOLTON PADI Course Director #463559 MATT&rsquo;S OPEN LETTER Matt travaille dans&nbsp;l\u2019industrie de la plong\u00e9e depuis plus de 28 ans et enseigne des cours de formation d\u2019instructeur (IDC) depuis 20 ans \u00e0 Koh Tao. Matt est charg\u00e9 d\u2019enseigner \u00e0 de nombreux propri\u00e9taires de centres [&hellip;]<\/p>\n","protected":false},"author":1,"featured_media":8142,"parent":0,"menu_order":0,"comment_status":"closed","ping_status":"closed","template":"","meta":{"_acf_changed":false,"footnotes":""},"class_list":["post-3435","page","type-page","status-publish","has-post-thumbnail","hentry"],"acf":[],"yoast_head":"<!-- This site is optimized with the Yoast SEO Premium plugin v27.5 (Yoast SEO v27.5) - https:\/\/yoast.com\/product\/yoast-seo-premium-wordpress\/ -->\n<title>IDC Koh Tao Tha\u00eflande | Matt Bolton, Directeur de Cours PADI<\/title>\n<meta name=\"description\" content=\"Compl\u00e9tez votre IDC \u00e0 Koh Tao avec Matt Bolton, Directeur de Cours prim\u00e9 PADI, et commencez votre carri\u00e8re de plong\u00e9e sous-marine au meilleur d\u00e9part possible. Rejoignez-nous\" \/>\n<meta name=\"robots\" content=\"index, follow, max-snippet:-1, max-image-preview:large, max-video-preview:-1\" \/>\n<link rel=\"canonical\" href=\"https:\/\/idckohtao.com\/fr\/padi-course-director-matt-bolton\/\" \/>\n<meta property=\"og:locale\" content=\"fr_FR\" \/>\n<meta property=\"og:type\" content=\"article\" \/>\n<meta property=\"og:title\" content=\"IDC Koh Tao Tha\u00eflande | Matt Bolton, Directeur de Cours PADI\" \/>\n<meta property=\"og:description\" content=\"Compl\u00e9tez votre IDC \u00e0 Koh Tao avec Matt Bolton, Directeur de Cours prim\u00e9 PADI, et commencez votre carri\u00e8re de plong\u00e9e sous-marine au meilleur d\u00e9part possible. Rejoignez-nous\" \/>\n<meta property=\"og:url\" content=\"https:\/\/idckohtao.com\/fr\/padi-course-director-matt-bolton\/\" \/>\n<meta property=\"og:site_name\" content=\"IDC Koh Tao\" \/>\n<meta property=\"article:publisher\" content=\"https:\/\/www.facebook.com\/GoProIDCKohTao\" \/>\n<meta property=\"article:modified_time\" content=\"2026-04-23T05:01:54+00:00\" \/>\n<meta property=\"og:image\" content=\"https:\/\/idckohtao.com\/wp-content\/uploads\/2023\/08\/crystal-dive-koh-tao-100000-reasons-to-dive-with-padi-president.jpg\" \/>\n\t<meta property=\"og:image:width\" content=\"1080\" \/>\n\t<meta property=\"og:image:height\" content=\"720\" \/>\n\t<meta property=\"og:image:type\" content=\"image\/jpeg\" \/>\n<meta name=\"twitter:card\" content=\"summary_large_image\" \/>\n<meta name=\"twitter:title\" content=\"IDC Koh Tao Tha\u00eflande | Matt Bolton, Directeur de Cours PADI\" \/>\n<meta name=\"twitter:description\" content=\"Compl\u00e9tez votre IDC \u00e0 Koh Tao avec Matt Bolton, Directeur de Cours prim\u00e9 PADI, et commencez votre carri\u00e8re de plong\u00e9e sous-marine au meilleur d\u00e9part possible. Rejoignez-nous\" \/>\n<meta name=\"twitter:site\" content=\"@GoProIDCKohTao\" \/>\n<!-- \/ Yoast SEO Premium plugin. -->","yoast_head_json":{"title":"IDC Koh Tao Tha\u00eflande | Matt Bolton, Directeur de Cours PADI","description":"Compl\u00e9tez votre IDC \u00e0 Koh Tao avec Matt Bolton, Directeur de Cours prim\u00e9 PADI, et commencez votre carri\u00e8re de plong\u00e9e sous-marine au meilleur d\u00e9part possible. Rejoignez-nous","robots":{"index":"index","follow":"follow","max-snippet":"max-snippet:-1","max-image-preview":"max-image-preview:large","max-video-preview":"max-video-preview:-1"},"canonical":"https:\/\/idckohtao.com\/fr\/padi-course-director-matt-bolton\/","og_locale":"fr_FR","og_type":"article","og_title":"IDC Koh Tao Tha\u00eflande | Matt Bolton, Directeur de Cours PADI","og_description":"Compl\u00e9tez votre IDC \u00e0 Koh Tao avec Matt Bolton, Directeur de Cours prim\u00e9 PADI, et commencez votre carri\u00e8re de plong\u00e9e sous-marine au meilleur d\u00e9part possible. Rejoignez-nous","og_url":"https:\/\/idckohtao.com\/fr\/padi-course-director-matt-bolton\/","og_site_name":"IDC Koh Tao","article_publisher":"https:\/\/www.facebook.com\/GoProIDCKohTao","article_modified_time":"2026-04-23T05:01:54+00:00","og_image":[{"width":1080,"height":720,"url":"https:\/\/idckohtao.com\/wp-content\/uploads\/2023\/08\/crystal-dive-koh-tao-100000-reasons-to-dive-with-padi-president.jpg","type":"image\/jpeg"}],"twitter_card":"summary_large_image","twitter_title":"IDC Koh Tao Tha\u00eflande | Matt Bolton, Directeur de Cours PADI","twitter_description":"Compl\u00e9tez votre IDC \u00e0 Koh Tao avec Matt Bolton, Directeur de Cours prim\u00e9 PADI, et commencez votre carri\u00e8re de plong\u00e9e sous-marine au meilleur d\u00e9part possible. Rejoignez-nous","twitter_site":"@GoProIDCKohTao","schema":{"@context":"https:\/\/schema.org","@graph":[{"@type":"NewsArticle","@id":"https:\/\/idckohtao.com\/fr\/padi-course-director-matt-bolton\/#article","isPartOf":{"@id":"https:\/\/idckohtao.com\/fr\/padi-course-director-matt-bolton\/"},"author":{"name":"ojasya","@id":"https:\/\/idckohtao.com\/fr\/#\/schema\/person\/d08d557cbfdbc171f824052dae697b02"},"headline":"Matt Bolton, Directeur de Cours PADI","datePublished":"2023-08-11T07:23:00+00:00","dateModified":"2026-04-23T05:01:54+00:00","mainEntityOfPage":{"@id":"https:\/\/idckohtao.com\/fr\/padi-course-director-matt-bolton\/"},"wordCount":601,"publisher":{"@id":"https:\/\/idckohtao.com\/fr\/#organization"},"image":{"@id":"https:\/\/idckohtao.com\/fr\/padi-course-director-matt-bolton\/#primaryimage"},"thumbnailUrl":"https:\/\/idckohtao.com\/wp-content\/uploads\/2026\/05\/idckohtao.com-padi-instructors.jpeg","inLanguage":"fr-FR"},{"@type":"WebPage","@id":"https:\/\/idckohtao.com\/fr\/padi-course-director-matt-bolton\/","url":"https:\/\/idckohtao.com\/fr\/padi-course-director-matt-bolton\/","name":"IDC Koh Tao Tha\u00eflande | Matt Bolton, Directeur de Cours PADI","isPartOf":{"@id":"https:\/\/idckohtao.com\/fr\/#website"},"primaryImageOfPage":{"@id":"https:\/\/idckohtao.com\/fr\/padi-course-director-matt-bolton\/#primaryimage"},"image":{"@id":"https:\/\/idckohtao.com\/fr\/padi-course-director-matt-bolton\/#primaryimage"},"thumbnailUrl":"https:\/\/idckohtao.com\/wp-content\/uploads\/2026\/05\/idckohtao.com-padi-instructors.jpeg","datePublished":"2023-08-11T07:23:00+00:00","dateModified":"2026-04-23T05:01:54+00:00","description":"Compl\u00e9tez votre IDC \u00e0 Koh Tao avec Matt Bolton, Directeur de Cours prim\u00e9 PADI, et commencez votre carri\u00e8re de plong\u00e9e sous-marine au meilleur d\u00e9part possible. Rejoignez-nous","breadcrumb":{"@id":"https:\/\/idckohtao.com\/fr\/padi-course-director-matt-bolton\/#breadcrumb"},"inLanguage":"fr-FR","potentialAction":[{"@type":"ReadAction","target":["https:\/\/idckohtao.com\/fr\/padi-course-director-matt-bolton\/"]}]},{"@type":"ImageObject","inLanguage":"fr-FR","@id":"https:\/\/idckohtao.com\/fr\/padi-course-director-matt-bolton\/#primaryimage","url":"https:\/\/idckohtao.com\/wp-content\/uploads\/2026\/05\/idckohtao.com-padi-instructors.jpeg","contentUrl":"https:\/\/idckohtao.com\/wp-content\/uploads\/2026\/05\/idckohtao.com-padi-instructors.jpeg","width":1200,"height":916,"caption":"Matt Bolton Receiving an Award from the PADI President"},{"@type":"BreadcrumbList","@id":"https:\/\/idckohtao.com\/fr\/padi-course-director-matt-bolton\/#breadcrumb","itemListElement":[{"@type":"ListItem","position":1,"name":"Home","item":"https:\/\/idckohtao.com\/fr\/"},{"@type":"ListItem","position":2,"name":"Matt Bolton, Directeur de Cours PADI"}]},{"@type":"WebSite","@id":"https:\/\/idckohtao.com\/fr\/#website","url":"https:\/\/idckohtao.com\/fr\/","name":"IDC Koh Tao","description":"PADI IDC 5 Star Diving Center in Koh Tao - Thailand","publisher":{"@id":"https:\/\/idckohtao.com\/fr\/#organization"},"alternateName":"IDC Koh Tao in Thailand","potentialAction":[{"@type":"SearchAction","target":{"@type":"EntryPoint","urlTemplate":"https:\/\/idckohtao.com\/fr\/?s={search_term_string}"},"query-input":{"@type":"PropertyValueSpecification","valueRequired":true,"valueName":"search_term_string"}}],"inLanguage":"fr-FR"},{"@type":"Organization","@id":"https:\/\/idckohtao.com\/fr\/#organization","name":"IDC Koh Tao","alternateName":"IDC Koh Tao | Divemaster & Diving Instructor","url":"https:\/\/idckohtao.com\/fr\/","logo":{"@type":"ImageObject","inLanguage":"fr-FR","@id":"https:\/\/idckohtao.com\/fr\/#\/schema\/logo\/image\/","url":"https:\/\/idckohtao.com\/wp-content\/uploads\/2023\/09\/idckohtao.com-padi-diving-center-in-koh-tao-thailand.png","contentUrl":"https:\/\/idckohtao.com\/wp-content\/uploads\/2023\/09\/idckohtao.com-padi-diving-center-in-koh-tao-thailand.png","width":400,"height":300,"caption":"IDC Koh Tao"},"image":{"@id":"https:\/\/idckohtao.com\/fr\/#\/schema\/logo\/image\/"},"sameAs":["https:\/\/www.facebook.com\/GoProIDCKohTao","https:\/\/x.com\/GoProIDCKohTao","https:\/\/www.youtube.com\/idckohtao","https:\/\/www.instagram.com\/idc.kohtao\/"],"description":"IDC Koh Tao is a part of the Black Turtle Dive pro level training team with three PADI Course Directors being led by Award Winning PADI Course Director Matt Bolton. Our full range of pro and recreational PADI Diving Courses provides aspiring scuba divers with education, fun, excitement, adventure, and a change of lifestyle or an opportunity to pursue a new career.","email":"info@idckohtao.com","legalName":"IDC Koh Tao","foundingDate":"2004-01-04","numberOfEmployees":{"@type":"QuantitativeValue","minValue":"1","maxValue":"10"},"correctionsPolicy":"https:\/\/idckohtao.com\/privacy-policy\/","ethicsPolicy":"https:\/\/idckohtao.com\/terms\/"},{"@type":"Person","@id":"https:\/\/idckohtao.com\/fr\/#\/schema\/person\/d08d557cbfdbc171f824052dae697b02","name":"ojasya","image":{"@type":"ImageObject","inLanguage":"fr-FR","@id":"https:\/\/secure.gravatar.com\/avatar\/6fb34e36d09053a6545fc21d344613321bb1933f185132488f38052166f5a001?s=96&d=mm&r=g","url":"https:\/\/secure.gravatar.com\/avatar\/6fb34e36d09053a6545fc21d344613321bb1933f185132488f38052166f5a001?s=96&d=mm&r=g","contentUrl":"https:\/\/secure.gravatar.com\/avatar\/6fb34e36d09053a6545fc21d344613321bb1933f185132488f38052166f5a001?s=96&d=mm&r=g","caption":"ojasya"},"sameAs":["https:\/\/idckohtao.com"],"url":"https:\/\/idckohtao.com\/fr\/blog\/author\/ojasya\/"}]}},"_links":{"self":[{"href":"https:\/\/idckohtao.com\/fr\/wp-json\/wp\/v2\/pages\/3435","targetHints":{"allow":["GET"]}}],"collection":[{"href":"https:\/\/idckohtao.com\/fr\/wp-json\/wp\/v2\/pages"}],"about":[{"href":"https:\/\/idckohtao.com\/fr\/wp-json\/wp\/v2\/types\/page"}],"author":[{"embeddable":true,"href":"https:\/\/idckohtao.com\/fr\/wp-json\/wp\/v2\/users\/1"}],"replies":[{"embeddable":true,"href":"https:\/\/idckohtao.com\/fr\/wp-json\/wp\/v2\/comments?post=3435"}],"version-history":[{"count":1,"href":"https:\/\/idckohtao.com\/fr\/wp-json\/wp\/v2\/pages\/3435\/revisions"}],"predecessor-version":[{"id":7760,"href":"https:\/\/idckohtao.com\/fr\/wp-json\/wp\/v2\/pages\/3435\/revisions\/7760"}],"wp:featuredmedia":[{"embeddable":true,"href":"https:\/\/idckohtao.com\/fr\/wp-json\/wp\/v2\/media\/8142"}],"wp:attachment":[{"href":"https:\/\/idckohtao.com\/fr\/wp-json\/wp\/v2\/media?parent=3435"}],"curies":[{"name":"wp","href":"https:\/\/api.w.org\/{rel}","templated":true}]}}