{"id":3443,"date":"2023-08-05T08:27:22","date_gmt":"2023-08-05T08:27:22","guid":{"rendered":"https:\/\/idckohtao.com\/padi-course-director-andrea-warren\/"},"modified":"2023-09-16T22:10:48","modified_gmt":"2023-09-16T22:10:48","slug":"padi-course-director-andrea-warren","status":"publish","type":"page","link":"https:\/\/idckohtao.com\/fr\/padi-course-director-andrea-warren\/","title":{"rendered":"PADI Course Director Andrea Warren"},"content":{"rendered":"<div class=\"wpb-content-wrapper\"><p>[vc_row][vc_column][vc_column_text]<\/p>\n<h2>Koh Tao Directrice de Cours PADI Platine Andrea Warren<\/h2>\n<h3>Andrea Warren<\/h3>\n<h4>PADI Course Director #<strong>339920<\/strong><\/h4>\n<p>Andrea a r\u00e9serv\u00e9 un cours de plong\u00e9e qui changerait non seulement le r\u00e9sultat de ses vacances, mais le r\u00e9sultat de\u00a0<a href=\"https:\/\/idckohtao.com\/fr\/lifestyle-packages\/\">tout son avenir<\/a>.<\/p>\n<p>Apr\u00e8s avoir termin\u00e9 son\u00a0<a href=\"https:\/\/idckohtao.com\/fr\/open-water-course\/\">cours PADI Open Water<\/a>, elle a imm\u00e9diatement \u00e9t\u00e9 expos\u00e9e \u00e0 un tout nouveau monde.<\/p>\n<p>Pas seulement le monde sous-marin, mais le royaume de devenir un plongeur professionnel, et ce qu\u2019il avait vraiment \u00e0 offrir.<\/p>\n<p>Elle a imm\u00e9diatement commenc\u00e9 \u00e0 travailler vers un\u00a0<a href=\"https:\/\/idckohtao.com\/fr\/padi-divemaster-course\/\">niveau professionnel<\/a>\u00a0et a appr\u00e9ci\u00e9 les d\u00e9fis et les le\u00e7ons qui l\u2019accompagnaient.<\/p>\n<p>Andrea travaille avec des plongeurs professionnels depuis plus de 7 ans maintenant. Beaucoup de ses \u00e9tudiants travaillent dans le monde entier comme instructeurs de plong\u00e9e sous-marine.<\/p>\n<p>Elle est \u00e9galement form\u00e9e \u00e0 la plong\u00e9e technique et s\u2019entra\u00eene constamment et continue de grandir en tant que plongeuse.<\/p>\n<p>Avant d\u2019\u00eatre Directrice de Cours PADI, Andrea \u00e9tait danseuse professionnelle et enseignante de danse \u00e0 la \u00ab British Association of Dance \u00bb.<\/p>\n<p>Elle croit que son exp\u00e9rience en danse lui a donn\u00e9 la discipline de travailler dur et les principes fondamentaux pour r\u00e9ussir.<\/p>\n<p><em>\u00ab Maintenant, je peux enseigner dans une toute nouvelle salle de classe, qui m\u2019inspire constamment chaque jour. Un de mes \u00e9l\u00e8ves a \u00e9t\u00e9 inform\u00e9 que \u201cses manifestations \u00e9taient si claires et exag\u00e9r\u00e9es, c\u2019est comme si elle avait \u00e9t\u00e9 \u00e0 l\u2019\u00e9cole.\u201d<\/em><\/p>\n<p><em>Je suppose que j\u2019ai trouv\u00e9 un moyen de combiner mes deux passions en une seule. Je sais qu\u2019en tant que Directrice de Cours PADI, je consacrerai tout pour que mes candidats ne soient que pr\u00e9par\u00e9s. Pas seulement pour l\u2019examen d\u2019instructeur, mais pour tout ce qui vient apr\u00e8s. \u00bb<\/em><\/p>\n<p><img decoding=\"async\" class=\"alignnone wp-image-172 size-large\" src=\"https:\/\/idckohtao.com\/wp-content\/uploads\/2023\/08\/idckohtao.com-andrea-warren-padi-course-director-neutral-buoyancy-1024x650.jpg\" alt=\"idckohtao.com-andrea-warren-padi-course-director-neutral-buoyancy\" width=\"1024\" height=\"650\" srcset=\"https:\/\/idckohtao.com\/wp-content\/uploads\/2023\/08\/idckohtao.com-andrea-warren-padi-course-director-neutral-buoyancy-1024x650.jpg 1024w, https:\/\/idckohtao.com\/wp-content\/uploads\/2023\/08\/idckohtao.com-andrea-warren-padi-course-director-neutral-buoyancy-300x191.jpg 300w, https:\/\/idckohtao.com\/wp-content\/uploads\/2023\/08\/idckohtao.com-andrea-warren-padi-course-director-neutral-buoyancy-768x488.jpg 768w, https:\/\/idckohtao.com\/wp-content\/uploads\/2023\/08\/idckohtao.com-andrea-warren-padi-course-director-neutral-buoyancy.jpg 1200w\" sizes=\"(max-width: 1024px) 100vw, 1024px\" \/><\/p>\n<p>Andrea travaille en tant que Directrice de Cours depuis pr\u00e8s de quatre ans. Elle est fortement impliqu\u00e9e en mati\u00e8re de d\u00e9veloppement professionnel et travaille directement avec\u00a0<a href=\"https:\/\/idckohtao.com\/fr\/padi-course-director-matt-bolton\/\">Matt Bolton, Directeur des Cours Platine<\/a>.<\/p>\n<p>Le principal centre d\u2019attention d\u2019Andrea est le\u00a0<a href=\"https:\/\/idckohtao.com\/fr\/padi-instructor-development-course\/\">IDC PADI<\/a>\u00a0et les candidats au\u00a0<a href=\"https:\/\/idckohtao.com\/fr\/blog\/divemaster-to-a-scuba-diving-instructor\/\">cours Divemaster<\/a>.<\/p>\n<p>Andrea est motiv\u00e9e par l\u2019objectif de combler le foss\u00e9 entre les programmes de formation professionnelle et de produire les meilleurs professionnels de la plong\u00e9e possibles.<\/p>\n<p>Elle se consacre \u00e0 la formation de ses candidats de niveau professionnel au meilleur de leurs capacit\u00e9s et est un ardent d\u00e9fenseur de la formation d\u2019une flottabilit\u00e9 neutre.<\/p>\n<p>Son objectif num\u00e9ro un est de pr\u00e9parer ses candidats \u00e0 r\u00e9ussir dans l\u2019industrie de la plong\u00e9e et \u00e0 atteindre les objectifs qu\u2019ils se sont fix\u00e9s.<\/p>\n<p>Lorsqu\u2019elle n\u2019enseigne pas de cours de d\u00e9veloppement d\u2019instructeur, Andrea se concentre sur les cours de sp\u00e9cialit\u00e9 d\u2019instructeur.<\/p>\n<p><img decoding=\"async\" class=\"alignnone wp-image-170 size-large\" src=\"https:\/\/idckohtao.com\/wp-content\/uploads\/2023\/08\/idckohtao.com-andrea-warren-padi-course-director-1024x1024.jpg\" alt=\"idckohtao.com-andrea-warren-padi-course-director\" width=\"1024\" height=\"1024\" srcset=\"https:\/\/idckohtao.com\/wp-content\/uploads\/2023\/08\/idckohtao.com-andrea-warren-padi-course-director-1024x1024.jpg 1024w, https:\/\/idckohtao.com\/wp-content\/uploads\/2023\/08\/idckohtao.com-andrea-warren-padi-course-director-150x150.jpg 150w, https:\/\/idckohtao.com\/wp-content\/uploads\/2023\/08\/idckohtao.com-andrea-warren-padi-course-director-300x300.jpg 300w, https:\/\/idckohtao.com\/wp-content\/uploads\/2023\/08\/idckohtao.com-andrea-warren-padi-course-director-768x768.jpg 768w, https:\/\/idckohtao.com\/wp-content\/uploads\/2023\/08\/idckohtao.com-andrea-warren-padi-course-director.jpg 1080w\" sizes=\"(max-width: 1024px) 100vw, 1024px\" \/><\/p>\n<h3>Teaching Sidemount &amp; Tec40 Diving Courses Koh Tao<\/h3>\n<p>Dans ses temps libres, elle aime\u00a0<a href=\"https:\/\/idckohtao.com\/fr\/sidemount-instructor-specialty\/\">enseigner les cours Sidemount<\/a>\u00a0et Tec40. Elle travaille \u00e0 d\u00e9velopper davantage ses comp\u00e9tences et \u00e0 devenir \u00e9ventuellement un instructeur Tec Profonde complet.<\/p>\n<p>Andrea aime enseigner, mais aime \u00e9galement \u00eatre l\u2019\u00e9l\u00e8ve. Son amour pour l\u2019apprentissage est certainement contagieux et en tant que formateur d\u2019instructeur, il vous tiendra en haleine.<\/p>\n<p>Andrea se concentre sur la prise de contact avec la population d\u00e9mographique dans l\u2019espoir que les filles puissent admirer ses r\u00e9alisations et dire: \u00ab Je peux le faire aussi \u00bb<\/p>\n<p>Elle aimerait inspirer, encourager et se passionner pour une repr\u00e9sentation plus f\u00e9minine dans le monde de la\u00a0<a href=\"https:\/\/idckohtao.com\/fr\/\">plong\u00e9e sous-marine<\/a>.<\/p>\n<p>\u00catre dans une position de leadership en tant que Directrice de Cours PADI est le moyen id\u00e9al pour elle d\u2019atteindre et de d\u00e9velopper des plongeuses jusqu\u2019au niveau professionnel.<\/p>\n<p>Andrea est un mod\u00e8le, donnant l\u2019exemple et souhaite encourager davantage de femmes \u00e0 s\u2019impliquer dans le Sidemount et la plong\u00e9e technique.<\/p>\n<p>Elle pense que lorsque d\u2019autres femmes la voient assumer les t\u00e2ches que la plong\u00e9e technique peut apporter, cela les encouragera \u00e0 sortir de leur zone de confort et \u00e0 relever de nouveaux d\u00e9fis.<\/p>\n<p><img decoding=\"async\" class=\"alignnone wp-image-173 size-large\" src=\"https:\/\/idckohtao.com\/wp-content\/uploads\/2023\/08\/idckohtao.com-andrea-warren-padi-course-director-sidemount-819x1024.jpg\" alt=\"idckohtao.com-andrea-warren-padi-course-director-sidemount\" width=\"819\" height=\"1024\" srcset=\"https:\/\/idckohtao.com\/wp-content\/uploads\/2023\/08\/idckohtao.com-andrea-warren-padi-course-director-sidemount-819x1024.jpg 819w, https:\/\/idckohtao.com\/wp-content\/uploads\/2023\/08\/idckohtao.com-andrea-warren-padi-course-director-sidemount-240x300.jpg 240w, https:\/\/idckohtao.com\/wp-content\/uploads\/2023\/08\/idckohtao.com-andrea-warren-padi-course-director-sidemount-768x960.jpg 768w, https:\/\/idckohtao.com\/wp-content\/uploads\/2023\/08\/idckohtao.com-andrea-warren-padi-course-director-sidemount.jpg 850w\" sizes=\"(max-width: 819px) 100vw, 819px\" \/><\/p>\n<p>Elle esp\u00e8re utiliser son influence sur les m\u00e9dias sociaux pour promouvoir une pr\u00e9sence f\u00e9minine plus forte au sein des programmes PADI TecRec.<\/p>\n<p>Andrea a \u00e9t\u00e9 pr\u00e9sent\u00e9e dans la vid\u00e9o Go Beyond with PADI TecRec publi\u00e9e en 2019, que vous pouvez trouver sur YouTube ou sur le compte Instagram d\u2019Andrea.<\/p>\n<p><em>\u00ab Mon p\u00e8re a dit un jour: \u2018Si vous trouvez un travail que vous aimez, vous ne travaillerez jamais un jour de votre vie.\u2019<br \/>\n<\/em><\/p>\n<p><em>Je pense que c\u2019\u00e9tait le meilleur conseil que j\u2019aurais pu recevoir et je l\u2019ai utilis\u00e9 comme catalyseur pour trouver l\u2019emploi de mes r\u00eaves en tant que\u00a0<a href=\"https:\/\/idckohtao.com\/fr\/why-choose-koh-tao\/\">directeur de cours au paradis<\/a>.<br \/>\n<\/em><\/p>\n<p><em>Now my goals are to share this wisdom and encourage others to do the same. I still have so much to learn when it comes to this industry.<br \/>\n<\/em><\/p>\n<p><em>I think that is the best part. Knowing there is so much more room for me to grow and develop.\u201d<\/em><\/p>\n<p><strong>ANDREA QUALIFICATIONS<br \/>\n<\/strong><\/p>\n<p>Directrice de Cours PADI<br \/>\nEFR Primary, Secondary and Care for Children Instructor Trainer<br \/>\nTEC INSTRUCTOR<br \/>\nProfessional Equipment Advisor- Scubapro<\/p>\n<p><strong>QUALIFICATIONS DU FORMATEUR DE L\u2019INSTRUCTEUR<\/strong><\/p>\n<p><a href=\"https:\/\/idckohtao.com\/fr\/sidemount-instructor-specialty\/\">Sidemount<\/a><br \/>\nSelf-Reliant<br \/>\nAir enrichi Nitrox<br \/>\nProfonde<br \/>\nRecherche &amp; R\u00e9cup\u00e9ration<br \/>\nNavigation<br \/>\nNuit<br \/>\nSp\u00e9cialiste en \u00e9quipement<br \/>\nPlongeur sur \u00e9pave<br \/>\nV\u00e9hicule de propulsion de plongeur<br \/>\nNaturaliste sous-marin<br \/>\nFournisseur d\u2019oxyg\u00e8ne d\u2019urgence<br \/>\nTechniques adaptatives<\/p>\n<p><strong>PRIX<\/strong><\/p>\n<p>Platinum\u00a0<a href=\"https:\/\/idckohtao.com\/fr\/why-choose-padi\/\">Course Director<\/a>\u00a02019-2020<br \/>\nPlatinum Course Director 2018-2019<br \/>\nGold Course Director 2017-2018[\/vc_column_text][\/vc_column][\/vc_row]<\/p>\n<\/div>","protected":false},"excerpt":{"rendered":"<p>[vc_row][vc_column][vc_column_text] Koh Tao Directrice de Cours PADI Platine Andrea Warren Andrea Warren PADI Course Director #339920 Andrea a r\u00e9serv\u00e9 un cours de plong\u00e9e qui changerait non seulement le r\u00e9sultat de ses vacances, mais le r\u00e9sultat de\u00a0tout son avenir. Apr\u00e8s avoir termin\u00e9 son\u00a0cours PADI Open Water, elle a imm\u00e9diatement \u00e9t\u00e9 expos\u00e9e \u00e0 un tout nouveau monde. [&hellip;]<\/p>\n","protected":false},"author":1,"featured_media":2180,"parent":0,"menu_order":0,"comment_status":"closed","ping_status":"closed","template":"","meta":{"_acf_changed":false,"footnotes":""},"class_list":["post-3443","page","type-page","status-publish","has-post-thumbnail","hentry"],"acf":[],"yoast_head":"<!-- This site is optimized with the Yoast SEO Premium plugin v27.5 (Yoast SEO v27.5) - https:\/\/yoast.com\/product\/yoast-seo-premium-wordpress\/ -->\n<title>Andrea Warren, Directrice de Cours Platine PADI | IDC Koh Tao<\/title>\n<meta name=\"description\" content=\"Andrea travaille avec des plongeurs \u00e0 un niveau professionnel depuis plus de 6 ans maintenant avec beaucoup de ses \u00e9tudiants travaillant dans le monde entier comme instructeurs de plong\u00e9e sous-marine\" \/>\n<meta name=\"robots\" content=\"index, follow, max-snippet:-1, max-image-preview:large, max-video-preview:-1\" \/>\n<link rel=\"canonical\" href=\"https:\/\/idckohtao.com\/fr\/padi-course-director-andrea-warren\/\" \/>\n<meta property=\"og:locale\" content=\"fr_FR\" \/>\n<meta property=\"og:type\" content=\"article\" \/>\n<meta property=\"og:title\" content=\"Andrea Warren, Directrice de Cours Platine PADI | IDC Koh Tao\" \/>\n<meta property=\"og:description\" content=\"Andrea travaille avec des plongeurs \u00e0 un niveau professionnel depuis plus de 6 ans maintenant avec beaucoup de ses \u00e9tudiants travaillant dans le monde entier comme instructeurs de plong\u00e9e sous-marine\" \/>\n<meta property=\"og:url\" content=\"https:\/\/idckohtao.com\/fr\/padi-course-director-andrea-warren\/\" \/>\n<meta property=\"og:site_name\" content=\"IDC Koh Tao\" \/>\n<meta property=\"article:publisher\" content=\"https:\/\/www.facebook.com\/GoProIDCKohTao\" \/>\n<meta property=\"article:modified_time\" content=\"2023-09-16T22:10:48+00:00\" \/>\n<meta property=\"og:image\" content=\"https:\/\/idckohtao.com\/wp-content\/uploads\/2023\/08\/idckohtao.com-womens-day-andrea-warren-course-director.jpg\" \/>\n\t<meta property=\"og:image:width\" content=\"1500\" \/>\n\t<meta property=\"og:image:height\" content=\"1200\" \/>\n\t<meta property=\"og:image:type\" content=\"image\/jpeg\" \/>\n<meta name=\"twitter:card\" content=\"summary_large_image\" \/>\n<meta name=\"twitter:title\" content=\"Andrea Warren, Directrice de Cours Platine PADI | IDC Koh Tao\" \/>\n<meta name=\"twitter:description\" content=\"Andrea travaille avec des plongeurs \u00e0 un niveau professionnel depuis plus de 6 ans maintenant avec beaucoup de ses \u00e9tudiants travaillant dans le monde entier comme instructeurs de plong\u00e9e sous-marine\" \/>\n<meta name=\"twitter:image\" content=\"https:\/\/idckohtao.com\/wp-content\/uploads\/2023\/08\/idckohtao.com-womens-day-andrea-warren-course-director.jpg\" \/>\n<meta name=\"twitter:site\" content=\"@GoProIDCKohTao\" \/>\n<!-- \/ Yoast SEO Premium plugin. -->","yoast_head_json":{"title":"Andrea Warren, Directrice de Cours Platine PADI | IDC Koh Tao","description":"Andrea travaille avec des plongeurs \u00e0 un niveau professionnel depuis plus de 6 ans maintenant avec beaucoup de ses \u00e9tudiants travaillant dans le monde entier comme instructeurs de plong\u00e9e sous-marine","robots":{"index":"index","follow":"follow","max-snippet":"max-snippet:-1","max-image-preview":"max-image-preview:large","max-video-preview":"max-video-preview:-1"},"canonical":"https:\/\/idckohtao.com\/fr\/padi-course-director-andrea-warren\/","og_locale":"fr_FR","og_type":"article","og_title":"Andrea Warren, Directrice de Cours Platine PADI | IDC Koh Tao","og_description":"Andrea travaille avec des plongeurs \u00e0 un niveau professionnel depuis plus de 6 ans maintenant avec beaucoup de ses \u00e9tudiants travaillant dans le monde entier comme instructeurs de plong\u00e9e sous-marine","og_url":"https:\/\/idckohtao.com\/fr\/padi-course-director-andrea-warren\/","og_site_name":"IDC Koh Tao","article_publisher":"https:\/\/www.facebook.com\/GoProIDCKohTao","article_modified_time":"2023-09-16T22:10:48+00:00","og_image":[{"width":1500,"height":1200,"url":"https:\/\/idckohtao.com\/wp-content\/uploads\/2023\/08\/idckohtao.com-womens-day-andrea-warren-course-director.jpg","type":"image\/jpeg"}],"twitter_card":"summary_large_image","twitter_title":"Andrea Warren, Directrice de Cours Platine PADI | IDC Koh Tao","twitter_description":"Andrea travaille avec des plongeurs \u00e0 un niveau professionnel depuis plus de 6 ans maintenant avec beaucoup de ses \u00e9tudiants travaillant dans le monde entier comme instructeurs de plong\u00e9e sous-marine","twitter_image":"https:\/\/idckohtao.com\/wp-content\/uploads\/2023\/08\/idckohtao.com-womens-day-andrea-warren-course-director.jpg","twitter_site":"@GoProIDCKohTao","schema":{"@context":"https:\/\/schema.org","@graph":[{"@type":"NewsArticle","@id":"https:\/\/idckohtao.com\/fr\/padi-course-director-andrea-warren\/#article","isPartOf":{"@id":"https:\/\/idckohtao.com\/fr\/padi-course-director-andrea-warren\/"},"author":{"name":"ojasya","@id":"https:\/\/idckohtao.com\/fr\/#\/schema\/person\/d08d557cbfdbc171f824052dae697b02"},"headline":"PADI Course Director Andrea Warren","datePublished":"2023-08-05T08:27:22+00:00","dateModified":"2023-09-16T22:10:48+00:00","mainEntityOfPage":{"@id":"https:\/\/idckohtao.com\/fr\/padi-course-director-andrea-warren\/"},"wordCount":928,"publisher":{"@id":"https:\/\/idckohtao.com\/fr\/#organization"},"image":{"@id":"https:\/\/idckohtao.com\/fr\/padi-course-director-andrea-warren\/#primaryimage"},"thumbnailUrl":"https:\/\/idckohtao.com\/wp-content\/uploads\/2023\/08\/idckohtao.com-andrea-warren-padi-course-director-sidemount-instructor.jpg","inLanguage":"fr-FR"},{"@type":"WebPage","@id":"https:\/\/idckohtao.com\/fr\/padi-course-director-andrea-warren\/","url":"https:\/\/idckohtao.com\/fr\/padi-course-director-andrea-warren\/","name":"Andrea Warren, Directrice de Cours Platine PADI | IDC Koh Tao","isPartOf":{"@id":"https:\/\/idckohtao.com\/fr\/#website"},"primaryImageOfPage":{"@id":"https:\/\/idckohtao.com\/fr\/padi-course-director-andrea-warren\/#primaryimage"},"image":{"@id":"https:\/\/idckohtao.com\/fr\/padi-course-director-andrea-warren\/#primaryimage"},"thumbnailUrl":"https:\/\/idckohtao.com\/wp-content\/uploads\/2023\/08\/idckohtao.com-andrea-warren-padi-course-director-sidemount-instructor.jpg","datePublished":"2023-08-05T08:27:22+00:00","dateModified":"2023-09-16T22:10:48+00:00","description":"Andrea travaille avec des plongeurs \u00e0 un niveau professionnel depuis plus de 6 ans maintenant avec beaucoup de ses \u00e9tudiants travaillant dans le monde entier comme instructeurs de plong\u00e9e sous-marine","breadcrumb":{"@id":"https:\/\/idckohtao.com\/fr\/padi-course-director-andrea-warren\/#breadcrumb"},"inLanguage":"fr-FR","potentialAction":[{"@type":"ReadAction","target":["https:\/\/idckohtao.com\/fr\/padi-course-director-andrea-warren\/"]}]},{"@type":"ImageObject","inLanguage":"fr-FR","@id":"https:\/\/idckohtao.com\/fr\/padi-course-director-andrea-warren\/#primaryimage","url":"https:\/\/idckohtao.com\/wp-content\/uploads\/2023\/08\/idckohtao.com-andrea-warren-padi-course-director-sidemount-instructor.jpg","contentUrl":"https:\/\/idckohtao.com\/wp-content\/uploads\/2023\/08\/idckohtao.com-andrea-warren-padi-course-director-sidemount-instructor.jpg","width":1200,"height":960},{"@type":"BreadcrumbList","@id":"https:\/\/idckohtao.com\/fr\/padi-course-director-andrea-warren\/#breadcrumb","itemListElement":[{"@type":"ListItem","position":1,"name":"Home","item":"https:\/\/idckohtao.com\/fr\/"},{"@type":"ListItem","position":2,"name":"PADI Course Director Andrea Warren"}]},{"@type":"WebSite","@id":"https:\/\/idckohtao.com\/fr\/#website","url":"https:\/\/idckohtao.com\/fr\/","name":"IDC Koh Tao","description":"PADI IDC 5 Star Diving Center in Koh Tao - Thailand","publisher":{"@id":"https:\/\/idckohtao.com\/fr\/#organization"},"alternateName":"IDC Koh Tao in Thailand","potentialAction":[{"@type":"SearchAction","target":{"@type":"EntryPoint","urlTemplate":"https:\/\/idckohtao.com\/fr\/?s={search_term_string}"},"query-input":{"@type":"PropertyValueSpecification","valueRequired":true,"valueName":"search_term_string"}}],"inLanguage":"fr-FR"},{"@type":"Organization","@id":"https:\/\/idckohtao.com\/fr\/#organization","name":"IDC Koh Tao","alternateName":"IDC Koh Tao | Divemaster & Diving Instructor","url":"https:\/\/idckohtao.com\/fr\/","logo":{"@type":"ImageObject","inLanguage":"fr-FR","@id":"https:\/\/idckohtao.com\/fr\/#\/schema\/logo\/image\/","url":"https:\/\/idckohtao.com\/wp-content\/uploads\/2023\/09\/idckohtao.com-padi-diving-center-in-koh-tao-thailand.png","contentUrl":"https:\/\/idckohtao.com\/wp-content\/uploads\/2023\/09\/idckohtao.com-padi-diving-center-in-koh-tao-thailand.png","width":400,"height":300,"caption":"IDC Koh Tao"},"image":{"@id":"https:\/\/idckohtao.com\/fr\/#\/schema\/logo\/image\/"},"sameAs":["https:\/\/www.facebook.com\/GoProIDCKohTao","https:\/\/x.com\/GoProIDCKohTao","https:\/\/www.youtube.com\/idckohtao","https:\/\/www.instagram.com\/idc.kohtao\/"],"description":"IDC Koh Tao is a part of the Black Turtle Dive pro level training team with three PADI Course Directors being led by Award Winning PADI Course Director Matt Bolton. Our full range of pro and recreational PADI Diving Courses provides aspiring scuba divers with education, fun, excitement, adventure, and a change of lifestyle or an opportunity to pursue a new career.","email":"info@idckohtao.com","legalName":"IDC Koh Tao","foundingDate":"2004-01-04","numberOfEmployees":{"@type":"QuantitativeValue","minValue":"1","maxValue":"10"},"correctionsPolicy":"https:\/\/idckohtao.com\/privacy-policy\/","ethicsPolicy":"https:\/\/idckohtao.com\/terms\/"},{"@type":"Person","@id":"https:\/\/idckohtao.com\/fr\/#\/schema\/person\/d08d557cbfdbc171f824052dae697b02","name":"ojasya","image":{"@type":"ImageObject","inLanguage":"fr-FR","@id":"https:\/\/secure.gravatar.com\/avatar\/6fb34e36d09053a6545fc21d344613321bb1933f185132488f38052166f5a001?s=96&d=mm&r=g","url":"https:\/\/secure.gravatar.com\/avatar\/6fb34e36d09053a6545fc21d344613321bb1933f185132488f38052166f5a001?s=96&d=mm&r=g","contentUrl":"https:\/\/secure.gravatar.com\/avatar\/6fb34e36d09053a6545fc21d344613321bb1933f185132488f38052166f5a001?s=96&d=mm&r=g","caption":"ojasya"},"sameAs":["https:\/\/idckohtao.com"],"url":"https:\/\/idckohtao.com\/fr\/blog\/author\/ojasya\/"}]}},"_links":{"self":[{"href":"https:\/\/idckohtao.com\/fr\/wp-json\/wp\/v2\/pages\/3443","targetHints":{"allow":["GET"]}}],"collection":[{"href":"https:\/\/idckohtao.com\/fr\/wp-json\/wp\/v2\/pages"}],"about":[{"href":"https:\/\/idckohtao.com\/fr\/wp-json\/wp\/v2\/types\/page"}],"author":[{"embeddable":true,"href":"https:\/\/idckohtao.com\/fr\/wp-json\/wp\/v2\/users\/1"}],"replies":[{"embeddable":true,"href":"https:\/\/idckohtao.com\/fr\/wp-json\/wp\/v2\/comments?post=3443"}],"version-history":[{"count":0,"href":"https:\/\/idckohtao.com\/fr\/wp-json\/wp\/v2\/pages\/3443\/revisions"}],"wp:featuredmedia":[{"embeddable":true,"href":"https:\/\/idckohtao.com\/fr\/wp-json\/wp\/v2\/media\/2180"}],"wp:attachment":[{"href":"https:\/\/idckohtao.com\/fr\/wp-json\/wp\/v2\/media?parent=3443"}],"curies":[{"name":"wp","href":"https:\/\/api.w.org\/{rel}","templated":true}]}}