{"id":3451,"date":"2023-08-11T06:13:31","date_gmt":"2023-08-11T06:13:31","guid":{"rendered":"https:\/\/idckohtao.com\/padi-course-director-lucas-levy\/"},"modified":"2023-10-02T10:32:50","modified_gmt":"2023-10-02T10:32:50","slug":"padi-course-director-lucas-levy","status":"publish","type":"page","link":"https:\/\/idckohtao.com\/fr\/padi-course-director-lucas-levy\/","title":{"rendered":"PADI Course Director Lucas Levy"},"content":{"rendered":"<h2>PADI Course Director Lucas Levy<\/h2>\n<h2>LUCAS LEVY<\/h2>\n<h4>PADI Course Director #<strong>395901<\/strong><\/h4>\n<p>Lucas, avec plus de 6 ans d\u2019exp\u00e9rience dans l\u2019industrie de la plong\u00e9e et 11 ans de plong\u00e9e \u00e0 travers le monde, s\u2019est solidement positionn\u00e9 en tant qu\u2019instructeur et mentor comp\u00e9tent dans l\u2019industrie de la plong\u00e9e. Depuis janvier 2018, il s\u2019engage pleinement dans l\u2019enseignement de cours de niveau professionnel \u00e0 plein temps.<\/p>\n<p>Le parcours de Lucas refl\u00e8te son \u00e9ducation multiculturelle. N\u00e9 d\u2019une m\u00e8re br\u00e9silienne et d\u2019un p\u00e8re fran\u00e7ais, il a pass\u00e9 ses premi\u00e8res ann\u00e9es au Br\u00e9sil avant de d\u00e9m\u00e9nager en France \u00e0 l\u2019\u00e2ge de 6 ans. Par cons\u00e9quent, le fran\u00e7ais et le portugais sont ses langues maternelles. Au cours de ses \u00e9tudes \u00e0 Montpellier Business School, Lucas a \u00e9tudi\u00e9 l\u2019espagnol et l\u2019anglais pendant plus de 10 ans, \u00e9largissant ainsi ses comp\u00e9tences linguistiques.<\/p>\n<p>Ayant v\u00e9cu \u00e0 l\u2019\u00e9tranger pendant une longue p\u00e9riode, Lucas a d\u00e9velopp\u00e9 une forte sensibilit\u00e9 culturelle qui am\u00e9liore grandement ses comp\u00e9tences en mati\u00e8re d\u2019enseignement de la plong\u00e9e.<\/p>\n<p>Ses voyages l\u2019ont conduit dans divers pays, notamment la Nouvelle-Cal\u00e9donie, la Nouvelle-Z\u00e9lande, les \u00c9tats-Unis, le Canada, la Croatie, le Maroc, l\u2019Espagne, le Royaume-Uni, les Pays-Bas, la R\u00e9publique dominicaine, la Malaisie, Singapour, l\u2019Indon\u00e9sie, le Chili, l\u2019Argentine, le P\u00e9rou et la Bolivie.<\/p>\n<p><img decoding=\"async\" class=\"alignnone wp-image-926 size-large\" src=\"https:\/\/idckohtao.com\/wp-content\/uploads\/2023\/08\/idckohtao.com-padi-course-director-lucas-levy-in-thailand-1024x875.jpeg\" alt=\"idckohtao.com-padi-course-director-lucas-levy-in-thailand\" width=\"1024\" height=\"875\" srcset=\"https:\/\/idckohtao.com\/wp-content\/uploads\/2023\/08\/idckohtao.com-padi-course-director-lucas-levy-in-thailand-1024x875.jpeg 1024w, https:\/\/idckohtao.com\/wp-content\/uploads\/2023\/08\/idckohtao.com-padi-course-director-lucas-levy-in-thailand-300x256.jpeg 300w, https:\/\/idckohtao.com\/wp-content\/uploads\/2023\/08\/idckohtao.com-padi-course-director-lucas-levy-in-thailand-768x656.jpeg 768w, https:\/\/idckohtao.com\/wp-content\/uploads\/2023\/08\/idckohtao.com-padi-course-director-lucas-levy-in-thailand.jpeg 1100w\" sizes=\"(max-width: 1024px) 100vw, 1024px\" \/><\/p>\n<p>Lucas fait partie d\u2019un groupe restreint de professionnels de la plong\u00e9e et de scientifiques marins bas\u00e9s \u00e0\u00a0<a href=\"https:\/\/www.blackturtledive.com\/fr\/koh-tao\/\" target=\"_blank\" rel=\"noopener noreferrer\">Koh Tao<\/a>, certifi\u00e9s par le DMCR (D\u00e9partement des ressources marines et c\u00f4ti\u00e8res) pour enseigner les techniques de propagation des coraux et de restauration des r\u00e9cifs.<\/p>\n<p>Lucas contribue activement au programme REACT chez\u00a0<a href=\"https:\/\/www.blackturtledive.com\/fr\/\" target=\"_blank\" rel=\"noopener noreferrer\">Black Turtle Dive<\/a>, qui a \u00e9t\u00e9 introduit en 2022 en collaboration avec l\u2019organisation \u00e0 but non lucratif Conservation Diver. En tant qu\u2019instructeur Conservation Diver, Lucas est qualifi\u00e9 pour enseigner diff\u00e9rents cours tels que le programme de surveillance \u00e9cologique, l\u2019\u00e9cologie des tortues\u00a0<a href=\"https:\/\/idckohtao.com\/fr\/marine-conservation\/\">marines et l\u2019\u00e9cologie<\/a>\u00a0des requins.<\/p>\n<p><strong>DIPL\u00d4MES ET QUALIFICATIONS DE LUCAS<\/strong><\/p>\n<p>Directeur de Cours PADI<br \/>\nDMCR Moniteur de propagation et protection des r\u00e9cifs coralliens<br \/>\nEFR Moniteur premiers secours et soins aux adultes et enfants<br \/>\nMoniteur Conservation Diver<\/p>\n<p><strong>FORMATEUR DE MONITEUR<\/strong><\/p>\n<p>Plong\u00e9e Profonde<br \/>\nPlong\u00e9e sur \u00e9pave<br \/>\nAir Enrichi Nitrox<br \/>\nNavigation<br \/>\nPlong\u00e9e de nuit<br \/>\nPhotographie sous-marine<br \/>\nAdaptive Techniques<br \/>\nAWARE Conservation des requins<br \/>\nDive Against Debris (Plong\u00e9e de collecte d\u2019ordures)<br \/>\nVehicule de propulsion de plongeur<br \/>\nOp\u00e9rateur d\u2019oxyg\u00e8ne d\u2019urgence<br \/>\nRecherche &amp; R\u00e9cuperation<br \/>\nSidemount<br \/>\nSelf Reliant<\/p>\n","protected":false},"excerpt":{"rendered":"<p>PADI Course Director Lucas Levy LUCAS LEVY PADI Course Director #395901 Lucas, avec plus de 6 ans d\u2019exp\u00e9rience dans l\u2019industrie de la plong\u00e9e et 11 ans de plong\u00e9e \u00e0 travers le monde, s\u2019est solidement positionn\u00e9 en tant qu\u2019instructeur et mentor comp\u00e9tent dans l\u2019industrie de la plong\u00e9e. Depuis janvier 2018, il s\u2019engage pleinement dans l\u2019enseignement de [&hellip;]<\/p>\n","protected":false},"author":1,"featured_media":4722,"parent":0,"menu_order":0,"comment_status":"closed","ping_status":"closed","template":"","meta":{"_acf_changed":false,"footnotes":""},"class_list":["post-3451","page","type-page","status-publish","has-post-thumbnail","hentry"],"acf":[],"yoast_head":"<!-- This site is optimized with the Yoast SEO Premium plugin v27.5 (Yoast SEO v27.5) - https:\/\/yoast.com\/product\/yoast-seo-premium-wordpress\/ -->\n<title>IDC Koh Tao Thailand | PADI Course Director Lucas Levy<\/title>\n<meta name=\"description\" content=\"Complete your PADI IDC on Koh Tao with PADI Course Director Lucas Levy and get your scuba diving career off to the best possible start - join us\" \/>\n<meta name=\"robots\" content=\"index, follow, max-snippet:-1, max-image-preview:large, max-video-preview:-1\" \/>\n<link rel=\"canonical\" href=\"https:\/\/idckohtao.com\/fr\/padi-course-director-lucas-levy\/\" \/>\n<meta property=\"og:locale\" content=\"fr_FR\" \/>\n<meta property=\"og:type\" content=\"article\" \/>\n<meta property=\"og:title\" content=\"IDC Koh Tao Thailand | PADI Course Director Matt Bolton\" \/>\n<meta property=\"og:description\" content=\"Complete your IDC on Koh Tao with Award Winning PADI Course Director Matt Bolton and get your scuba diving career off to the best possible start. Join us\" \/>\n<meta property=\"og:url\" content=\"https:\/\/idckohtao.com\/fr\/padi-course-director-lucas-levy\/\" \/>\n<meta property=\"og:site_name\" content=\"IDC Koh Tao\" \/>\n<meta property=\"article:publisher\" content=\"https:\/\/www.facebook.com\/GoProIDCKohTao\" \/>\n<meta property=\"article:modified_time\" content=\"2023-10-02T10:32:50+00:00\" \/>\n<meta property=\"og:image\" content=\"https:\/\/idckohtao.com\/wp-content\/uploads\/2023\/08\/idckohtao.com-best-padi-course-directors-lucas-levy.jpeg\" \/>\n\t<meta property=\"og:image:width\" content=\"1000\" \/>\n\t<meta property=\"og:image:height\" content=\"1033\" \/>\n\t<meta property=\"og:image:type\" content=\"image\/jpeg\" \/>\n<meta name=\"twitter:card\" content=\"summary_large_image\" \/>\n<meta name=\"twitter:title\" content=\"IDC Koh Tao Thailand | PADI Course Director Matt Bolton\" \/>\n<meta name=\"twitter:description\" content=\"Complete your IDC on Koh Tao with Award Winning PADI Course Director Matt Bolton and get your scuba diving career off to the best possible start. Join us\" \/>\n<meta name=\"twitter:image\" content=\"https:\/\/idckohtao.com\/wp-content\/uploads\/2023\/08\/idckohtao.com-best-padi-course-directors-lucas-levy.jpeg\" \/>\n<meta name=\"twitter:site\" content=\"@GoProIDCKohTao\" \/>\n<!-- \/ Yoast SEO Premium plugin. -->","yoast_head_json":{"title":"IDC Koh Tao Thailand | PADI Course Director Lucas Levy","description":"Complete your PADI IDC on Koh Tao with PADI Course Director Lucas Levy and get your scuba diving career off to the best possible start - join us","robots":{"index":"index","follow":"follow","max-snippet":"max-snippet:-1","max-image-preview":"max-image-preview:large","max-video-preview":"max-video-preview:-1"},"canonical":"https:\/\/idckohtao.com\/fr\/padi-course-director-lucas-levy\/","og_locale":"fr_FR","og_type":"article","og_title":"IDC Koh Tao Thailand | PADI Course Director Matt Bolton","og_description":"Complete your IDC on Koh Tao with Award Winning PADI Course Director Matt Bolton and get your scuba diving career off to the best possible start. Join us","og_url":"https:\/\/idckohtao.com\/fr\/padi-course-director-lucas-levy\/","og_site_name":"IDC Koh Tao","article_publisher":"https:\/\/www.facebook.com\/GoProIDCKohTao","article_modified_time":"2023-10-02T10:32:50+00:00","og_image":[{"width":1000,"height":1033,"url":"https:\/\/idckohtao.com\/wp-content\/uploads\/2023\/08\/idckohtao.com-best-padi-course-directors-lucas-levy.jpeg","type":"image\/jpeg"}],"twitter_card":"summary_large_image","twitter_title":"IDC Koh Tao Thailand | PADI Course Director Matt Bolton","twitter_description":"Complete your IDC on Koh Tao with Award Winning PADI Course Director Matt Bolton and get your scuba diving career off to the best possible start. Join us","twitter_image":"https:\/\/idckohtao.com\/wp-content\/uploads\/2023\/08\/idckohtao.com-best-padi-course-directors-lucas-levy.jpeg","twitter_site":"@GoProIDCKohTao","schema":{"@context":"https:\/\/schema.org","@graph":[{"@type":"NewsArticle","@id":"https:\/\/idckohtao.com\/fr\/padi-course-director-lucas-levy\/#article","isPartOf":{"@id":"https:\/\/idckohtao.com\/fr\/padi-course-director-lucas-levy\/"},"author":{"name":"ojasya","@id":"https:\/\/idckohtao.com\/fr\/#\/schema\/person\/d08d557cbfdbc171f824052dae697b02"},"headline":"PADI Course Director Lucas Levy","datePublished":"2023-08-11T06:13:31+00:00","dateModified":"2023-10-02T10:32:50+00:00","mainEntityOfPage":{"@id":"https:\/\/idckohtao.com\/fr\/padi-course-director-lucas-levy\/"},"wordCount":432,"publisher":{"@id":"https:\/\/idckohtao.com\/fr\/#organization"},"image":{"@id":"https:\/\/idckohtao.com\/fr\/padi-course-director-lucas-levy\/#primaryimage"},"thumbnailUrl":"https:\/\/idckohtao.com\/wp-content\/uploads\/2023\/09\/idckohtao.com-lucas-levy-padi-course-director-in-koh-tao-thailand.jpg","inLanguage":"fr-FR"},{"@type":"WebPage","@id":"https:\/\/idckohtao.com\/fr\/padi-course-director-lucas-levy\/","url":"https:\/\/idckohtao.com\/fr\/padi-course-director-lucas-levy\/","name":"IDC Koh Tao Thailand | PADI Course Director Lucas Levy","isPartOf":{"@id":"https:\/\/idckohtao.com\/fr\/#website"},"primaryImageOfPage":{"@id":"https:\/\/idckohtao.com\/fr\/padi-course-director-lucas-levy\/#primaryimage"},"image":{"@id":"https:\/\/idckohtao.com\/fr\/padi-course-director-lucas-levy\/#primaryimage"},"thumbnailUrl":"https:\/\/idckohtao.com\/wp-content\/uploads\/2023\/09\/idckohtao.com-lucas-levy-padi-course-director-in-koh-tao-thailand.jpg","datePublished":"2023-08-11T06:13:31+00:00","dateModified":"2023-10-02T10:32:50+00:00","description":"Complete your PADI IDC on Koh Tao with PADI Course Director Lucas Levy and get your scuba diving career off to the best possible start - join us","breadcrumb":{"@id":"https:\/\/idckohtao.com\/fr\/padi-course-director-lucas-levy\/#breadcrumb"},"inLanguage":"fr-FR","potentialAction":[{"@type":"ReadAction","target":["https:\/\/idckohtao.com\/fr\/padi-course-director-lucas-levy\/"]}]},{"@type":"ImageObject","inLanguage":"fr-FR","@id":"https:\/\/idckohtao.com\/fr\/padi-course-director-lucas-levy\/#primaryimage","url":"https:\/\/idckohtao.com\/wp-content\/uploads\/2023\/09\/idckohtao.com-lucas-levy-padi-course-director-in-koh-tao-thailand.jpg","contentUrl":"https:\/\/idckohtao.com\/wp-content\/uploads\/2023\/09\/idckohtao.com-lucas-levy-padi-course-director-in-koh-tao-thailand.jpg","width":900,"height":844,"caption":"lucas levy padi course director on koh tao in thailand"},{"@type":"BreadcrumbList","@id":"https:\/\/idckohtao.com\/fr\/padi-course-director-lucas-levy\/#breadcrumb","itemListElement":[{"@type":"ListItem","position":1,"name":"Home","item":"https:\/\/idckohtao.com\/fr\/"},{"@type":"ListItem","position":2,"name":"PADI Course Director Lucas Levy"}]},{"@type":"WebSite","@id":"https:\/\/idckohtao.com\/fr\/#website","url":"https:\/\/idckohtao.com\/fr\/","name":"IDC Koh Tao","description":"PADI IDC 5 Star Diving Center in Koh Tao - Thailand","publisher":{"@id":"https:\/\/idckohtao.com\/fr\/#organization"},"alternateName":"IDC Koh Tao in Thailand","potentialAction":[{"@type":"SearchAction","target":{"@type":"EntryPoint","urlTemplate":"https:\/\/idckohtao.com\/fr\/?s={search_term_string}"},"query-input":{"@type":"PropertyValueSpecification","valueRequired":true,"valueName":"search_term_string"}}],"inLanguage":"fr-FR"},{"@type":"Organization","@id":"https:\/\/idckohtao.com\/fr\/#organization","name":"IDC Koh Tao","alternateName":"IDC Koh Tao | Divemaster & Diving Instructor","url":"https:\/\/idckohtao.com\/fr\/","logo":{"@type":"ImageObject","inLanguage":"fr-FR","@id":"https:\/\/idckohtao.com\/fr\/#\/schema\/logo\/image\/","url":"https:\/\/idckohtao.com\/wp-content\/uploads\/2023\/09\/idckohtao.com-padi-diving-center-in-koh-tao-thailand.png","contentUrl":"https:\/\/idckohtao.com\/wp-content\/uploads\/2023\/09\/idckohtao.com-padi-diving-center-in-koh-tao-thailand.png","width":400,"height":300,"caption":"IDC Koh Tao"},"image":{"@id":"https:\/\/idckohtao.com\/fr\/#\/schema\/logo\/image\/"},"sameAs":["https:\/\/www.facebook.com\/GoProIDCKohTao","https:\/\/x.com\/GoProIDCKohTao","https:\/\/www.youtube.com\/idckohtao","https:\/\/www.instagram.com\/idc.kohtao\/"],"description":"IDC Koh Tao is a part of the Black Turtle Dive pro level training team with three PADI Course Directors being led by Award Winning PADI Course Director Matt Bolton. Our full range of pro and recreational PADI Diving Courses provides aspiring scuba divers with education, fun, excitement, adventure, and a change of lifestyle or an opportunity to pursue a new career.","email":"info@idckohtao.com","legalName":"IDC Koh Tao","foundingDate":"2004-01-04","numberOfEmployees":{"@type":"QuantitativeValue","minValue":"1","maxValue":"10"},"correctionsPolicy":"https:\/\/idckohtao.com\/privacy-policy\/","ethicsPolicy":"https:\/\/idckohtao.com\/terms\/"},{"@type":"Person","@id":"https:\/\/idckohtao.com\/fr\/#\/schema\/person\/d08d557cbfdbc171f824052dae697b02","name":"ojasya","image":{"@type":"ImageObject","inLanguage":"fr-FR","@id":"https:\/\/secure.gravatar.com\/avatar\/6fb34e36d09053a6545fc21d344613321bb1933f185132488f38052166f5a001?s=96&d=mm&r=g","url":"https:\/\/secure.gravatar.com\/avatar\/6fb34e36d09053a6545fc21d344613321bb1933f185132488f38052166f5a001?s=96&d=mm&r=g","contentUrl":"https:\/\/secure.gravatar.com\/avatar\/6fb34e36d09053a6545fc21d344613321bb1933f185132488f38052166f5a001?s=96&d=mm&r=g","caption":"ojasya"},"sameAs":["https:\/\/idckohtao.com"],"url":"https:\/\/idckohtao.com\/fr\/blog\/author\/ojasya\/"}]}},"_links":{"self":[{"href":"https:\/\/idckohtao.com\/fr\/wp-json\/wp\/v2\/pages\/3451","targetHints":{"allow":["GET"]}}],"collection":[{"href":"https:\/\/idckohtao.com\/fr\/wp-json\/wp\/v2\/pages"}],"about":[{"href":"https:\/\/idckohtao.com\/fr\/wp-json\/wp\/v2\/types\/page"}],"author":[{"embeddable":true,"href":"https:\/\/idckohtao.com\/fr\/wp-json\/wp\/v2\/users\/1"}],"replies":[{"embeddable":true,"href":"https:\/\/idckohtao.com\/fr\/wp-json\/wp\/v2\/comments?post=3451"}],"version-history":[{"count":0,"href":"https:\/\/idckohtao.com\/fr\/wp-json\/wp\/v2\/pages\/3451\/revisions"}],"wp:featuredmedia":[{"embeddable":true,"href":"https:\/\/idckohtao.com\/fr\/wp-json\/wp\/v2\/media\/4722"}],"wp:attachment":[{"href":"https:\/\/idckohtao.com\/fr\/wp-json\/wp\/v2\/media?parent=3451"}],"curies":[{"name":"wp","href":"https:\/\/api.w.org\/{rel}","templated":true}]}}