{"id":3454,"date":"2023-08-08T12:57:54","date_gmt":"2023-08-08T12:57:54","guid":{"rendered":"https:\/\/idckohtao.com\/padi-education-materials\/"},"modified":"2026-04-23T08:33:15","modified_gmt":"2026-04-23T08:33:15","slug":"padi-education-materials","status":"publish","type":"page","link":"https:\/\/idckohtao.com\/fr\/padi-education-materials\/","title":{"rendered":"Mat\u00e9riel p\u00e9dagogique PADI"},"content":{"rendered":"<div class=\"wpb-content-wrapper\"><p>[vc_row][vc_column][vc_column_text css=\u00a0\u00bb\u00a0\u00bb]<\/p>\n<h2>PADI Divemaster Digital Crewpak with Slate Crewpak \u2013 Price: 8,000THB<\/h2>\n<ul>\n<li>PADI Divemaster Crewpak Digitale\n<ul>\n<li>Divemaster e-Learning<\/li>\n<li>Encyclop\u00e9die de la plong\u00e9e r\u00e9cr\u00e9ative<\/li>\n<li>Planificateur de plong\u00e9e r\u00e9cr\u00e9ative \u00e9lectronique num\u00e9rique (e-RDPML)<\/li>\n<li>ReActivate e-Learning<\/li>\n<\/ul>\n<\/li>\n<li>PADI Divemaster Crewpak des ardoises\n<ul>\n<li>Sacoche pour ordinateur portable PADI Pro<\/li>\n<li>Manuel de l\u2019instructeur PADI avec classeur \u00e0 3 anneaux PADI<\/li>\n<li>Ardoises Divemaster<\/li>\n<li>Ardoise DSD<\/li>\n<li>Carnet de plong\u00e9e<\/li>\n<\/ul>\n<\/li>\n<\/ul>\n<p><img decoding=\"async\" class=\"alignnone wp-image-365 size-full\" src=\"https:\/\/idckohtao.com\/wp-content\/uploads\/2023\/08\/new_pix_dm_crewpack.jpg\" alt=\"new_pix_dm_crewpack\" width=\"335\" height=\"216\" srcset=\"https:\/\/idckohtao.com\/wp-content\/uploads\/2023\/08\/new_pix_dm_crewpack.jpg 335w, https:\/\/idckohtao.com\/wp-content\/uploads\/2023\/08\/new_pix_dm_crewpack-300x193.jpg 300w\" sizes=\"(max-width: 335px) 100vw, 335px\" \/><\/p>\n<h2>Manuel de l\u2019instructeur des premiers secours \u2013 Prix: 5 000 THB<\/h2>\n<div class=\"et_pb_column et_pb_column_2_3 et_pb_column_33 et_pb_css_mix_blend_mode_passthrough\">\n<div class=\"et_pb_module et_pb_text et_pb_text_17 et_pb_bg_layout_light et_pb_text_align_left\">\n<div class=\"et_pb_text_inner\">\n<p>Manuel de l\u2019instructeur de premi\u00e8re intervention primaire, secondaire et soins aux enfants (Digital)<\/p>\n<\/div>\n<\/div>\n<\/div>\n<p><img decoding=\"async\" class=\"alignnone wp-image-366 size-full\" src=\"https:\/\/idckohtao.com\/wp-content\/uploads\/2023\/08\/materials-efri.jpg\" alt=\"materials-efri\" width=\"335\" height=\"235\" srcset=\"https:\/\/idckohtao.com\/wp-content\/uploads\/2023\/08\/materials-efri.jpg 335w, https:\/\/idckohtao.com\/wp-content\/uploads\/2023\/08\/materials-efri-300x210.jpg 300w\" sizes=\"(max-width: 335px) 100vw, 335px\" \/><\/p>\n<h2>PADI IDC Crewpack \u2013 Prix: 25 000 THB<\/h2>\n<ul>\n<li>PADI IDC Crewpak Digitale\n<ul>\n<li>IDC e-Learning<\/li>\n<li>Guide p\u00e9dagogique PADI<\/li>\n<li>Cahier de connaissances sur la plong\u00e9e<\/li>\n<li>Livrets des questionnaires et examens PADI (Open Water, Rescue Diver, Divemaster)<\/li>\n<li>Guide de l\u2019instructeur sp\u00e9cialis\u00e9 Project AWARE<\/li>\n<li>Didacticiel sur les resources IDC et le \u2018Online Processing Center\u2019<\/li>\n<li>Guide de l\u2019instructeur sp\u00e9cialis\u00e9 en flottabilit\u00e9<\/li>\n<li>Guides de cours normatifs PADI Open Water<\/li>\n<\/ul>\n<\/li>\n<li>PADI IDC Crewpak Physique\n<ul>\n<li>Sac \u00e0 dos PADI<\/li>\n<li>Ardoise de planification des le\u00e7ons de plong\u00e9e [eau confin\u00e9e et eau libre)<\/li>\n<li>Ardoise de planification et des comp\u00e9tences PADI<\/li>\n<li>Ardoises d\u2019instructeur Open Water, Advanced, Rescue Diver, Divemaster<\/li>\n<\/ul>\n<\/li>\n<\/ul>\n<p><img decoding=\"async\" class=\"alignnone wp-image-367 size-full\" src=\"https:\/\/idckohtao.com\/wp-content\/uploads\/2023\/08\/new_pix_idc_crewpack.jpg\" alt=\"new_pix_idc_crewpack\" width=\"450\" height=\"268\" srcset=\"https:\/\/idckohtao.com\/wp-content\/uploads\/2023\/08\/new_pix_idc_crewpack.jpg 450w, https:\/\/idckohtao.com\/wp-content\/uploads\/2023\/08\/new_pix_idc_crewpack-300x179.jpg 300w\" sizes=\"(max-width: 450px) 100vw, 450px\" \/><\/p>\n<h2>IDC Staff Instructeur PADI \u2013 Prix: 13 000 THB<\/h2>\n<ul>\n<li>Manuel du directeur de cours PADI (Digital)<\/li>\n<li>Ardoise d\u2019\u00e9valuation de la pr\u00e9sentation en eau libre<\/li>\n<li>Ardoise d\u2019\u00e9valuation de la pr\u00e9sentation en eau confin\u00e9e<\/li>\n<\/ul>\n<p><img decoding=\"async\" class=\"alignnone wp-image-368 size-full\" src=\"https:\/\/idckohtao.com\/wp-content\/uploads\/2023\/08\/materials-cd.jpg\" alt=\"materials-cd\" width=\"335\" height=\"401\" srcset=\"https:\/\/idckohtao.com\/wp-content\/uploads\/2023\/08\/materials-cd.jpg 335w, https:\/\/idckohtao.com\/wp-content\/uploads\/2023\/08\/materials-cd-251x300.jpg 251w\" sizes=\"(max-width: 335px) 100vw, 335px\" \/>[\/vc_column_text][\/vc_column][\/vc_row]<\/p>\n<\/div>","protected":false},"excerpt":{"rendered":"<p>[vc_row][vc_column][vc_column_text css=\u00a0\u00bb\u00a0\u00bb] PADI Divemaster Digital Crewpak with Slate Crewpak \u2013 Price: 8,000THB PADI Divemaster Crewpak Digitale Divemaster e-Learning Encyclop\u00e9die de la plong\u00e9e r\u00e9cr\u00e9ative Planificateur de plong\u00e9e r\u00e9cr\u00e9ative \u00e9lectronique num\u00e9rique (e-RDPML) ReActivate e-Learning PADI Divemaster Crewpak des ardoises Sacoche pour ordinateur portable PADI Pro Manuel de l\u2019instructeur PADI avec classeur \u00e0 3 anneaux PADI Ardoises Divemaster [&hellip;]<\/p>\n","protected":false},"author":1,"featured_media":2624,"parent":0,"menu_order":0,"comment_status":"closed","ping_status":"closed","template":"","meta":{"_acf_changed":false,"footnotes":""},"class_list":["post-3454","page","type-page","status-publish","has-post-thumbnail","hentry"],"acf":[],"yoast_head":"<!-- This site is optimized with the Yoast SEO Premium plugin v27.5 (Yoast SEO v27.5) - https:\/\/yoast.com\/product\/yoast-seo-premium-wordpress\/ -->\n<title>IDC Koh Tao | Mat\u00e9riel p\u00e9dagogique PADI<\/title>\n<meta name=\"description\" content=\"IDC Koh Tao comprend tout le mat\u00e9riel p\u00e9dagogique PADI avec des stages de plong\u00e9e sous-marine et des packages &quot;Lifestyle&quot;\" \/>\n<meta name=\"robots\" content=\"index, follow, max-snippet:-1, max-image-preview:large, max-video-preview:-1\" \/>\n<link rel=\"canonical\" href=\"https:\/\/idckohtao.com\/fr\/padi-education-materials\/\" \/>\n<meta property=\"og:locale\" content=\"fr_FR\" \/>\n<meta property=\"og:type\" content=\"article\" \/>\n<meta property=\"og:title\" content=\"IDC Koh Tao | Mat\u00e9riel p\u00e9dagogique PADI\" \/>\n<meta property=\"og:description\" content=\"IDC Koh Tao comprend tout le mat\u00e9riel p\u00e9dagogique PADI avec des stages de plong\u00e9e sous-marine et des packages &quot;Lifestyle&quot;\" \/>\n<meta property=\"og:url\" content=\"https:\/\/idckohtao.com\/fr\/padi-education-materials\/\" \/>\n<meta property=\"og:site_name\" content=\"IDC Koh Tao\" \/>\n<meta property=\"article:publisher\" content=\"https:\/\/www.facebook.com\/GoProIDCKohTao\" \/>\n<meta property=\"article:modified_time\" content=\"2026-04-23T08:33:15+00:00\" \/>\n<meta property=\"og:image\" content=\"https:\/\/idckohtao.com\/wp-content\/uploads\/2023\/08\/idc-koh-tao-knowledge-development-presentation-padi-materials.jpg\" \/>\n\t<meta property=\"og:image:width\" content=\"1080\" \/>\n\t<meta property=\"og:image:height\" content=\"608\" \/>\n\t<meta property=\"og:image:type\" content=\"image\/jpeg\" \/>\n<meta name=\"twitter:card\" content=\"summary_large_image\" \/>\n<meta name=\"twitter:title\" content=\"IDC Koh Tao | Mat\u00e9riel p\u00e9dagogique PADI\" \/>\n<meta name=\"twitter:description\" content=\"IDC Koh Tao comprend tout le mat\u00e9riel p\u00e9dagogique PADI avec des stages de plong\u00e9e sous-marine et des packages &quot;Lifestyle&quot;\" \/>\n<meta name=\"twitter:site\" content=\"@GoProIDCKohTao\" \/>\n<!-- \/ Yoast SEO Premium plugin. -->","yoast_head_json":{"title":"IDC Koh Tao | Mat\u00e9riel p\u00e9dagogique PADI","description":"IDC Koh Tao comprend tout le mat\u00e9riel p\u00e9dagogique PADI avec des stages de plong\u00e9e sous-marine et des packages \"Lifestyle\"","robots":{"index":"index","follow":"follow","max-snippet":"max-snippet:-1","max-image-preview":"max-image-preview:large","max-video-preview":"max-video-preview:-1"},"canonical":"https:\/\/idckohtao.com\/fr\/padi-education-materials\/","og_locale":"fr_FR","og_type":"article","og_title":"IDC Koh Tao | Mat\u00e9riel p\u00e9dagogique PADI","og_description":"IDC Koh Tao comprend tout le mat\u00e9riel p\u00e9dagogique PADI avec des stages de plong\u00e9e sous-marine et des packages \"Lifestyle\"","og_url":"https:\/\/idckohtao.com\/fr\/padi-education-materials\/","og_site_name":"IDC Koh Tao","article_publisher":"https:\/\/www.facebook.com\/GoProIDCKohTao","article_modified_time":"2026-04-23T08:33:15+00:00","og_image":[{"width":1080,"height":608,"url":"https:\/\/idckohtao.com\/wp-content\/uploads\/2023\/08\/idc-koh-tao-knowledge-development-presentation-padi-materials.jpg","type":"image\/jpeg"}],"twitter_card":"summary_large_image","twitter_title":"IDC Koh Tao | Mat\u00e9riel p\u00e9dagogique PADI","twitter_description":"IDC Koh Tao comprend tout le mat\u00e9riel p\u00e9dagogique PADI avec des stages de plong\u00e9e sous-marine et des packages \"Lifestyle\"","twitter_site":"@GoProIDCKohTao","schema":{"@context":"https:\/\/schema.org","@graph":[{"@type":"NewsArticle","@id":"https:\/\/idckohtao.com\/fr\/padi-education-materials\/#article","isPartOf":{"@id":"https:\/\/idckohtao.com\/fr\/padi-education-materials\/"},"author":{"name":"ojasya","@id":"https:\/\/idckohtao.com\/fr\/#\/schema\/person\/d08d557cbfdbc171f824052dae697b02"},"headline":"Mat\u00e9riel p\u00e9dagogique PADI","datePublished":"2023-08-08T12:57:54+00:00","dateModified":"2026-04-23T08:33:15+00:00","mainEntityOfPage":{"@id":"https:\/\/idckohtao.com\/fr\/padi-education-materials\/"},"wordCount":248,"publisher":{"@id":"https:\/\/idckohtao.com\/fr\/#organization"},"image":{"@id":"https:\/\/idckohtao.com\/fr\/padi-education-materials\/#primaryimage"},"thumbnailUrl":"https:\/\/idckohtao.com\/wp-content\/uploads\/2023\/08\/idc-koh-tao-knowledge-development-presentation-padi-materials.jpg","inLanguage":"fr-FR"},{"@type":"WebPage","@id":"https:\/\/idckohtao.com\/fr\/padi-education-materials\/","url":"https:\/\/idckohtao.com\/fr\/padi-education-materials\/","name":"IDC Koh Tao | Mat\u00e9riel p\u00e9dagogique PADI","isPartOf":{"@id":"https:\/\/idckohtao.com\/fr\/#website"},"primaryImageOfPage":{"@id":"https:\/\/idckohtao.com\/fr\/padi-education-materials\/#primaryimage"},"image":{"@id":"https:\/\/idckohtao.com\/fr\/padi-education-materials\/#primaryimage"},"thumbnailUrl":"https:\/\/idckohtao.com\/wp-content\/uploads\/2023\/08\/idc-koh-tao-knowledge-development-presentation-padi-materials.jpg","datePublished":"2023-08-08T12:57:54+00:00","dateModified":"2026-04-23T08:33:15+00:00","description":"IDC Koh Tao comprend tout le mat\u00e9riel p\u00e9dagogique PADI avec des stages de plong\u00e9e sous-marine et des packages \"Lifestyle\"","breadcrumb":{"@id":"https:\/\/idckohtao.com\/fr\/padi-education-materials\/#breadcrumb"},"inLanguage":"fr-FR","potentialAction":[{"@type":"ReadAction","target":["https:\/\/idckohtao.com\/fr\/padi-education-materials\/"]}]},{"@type":"ImageObject","inLanguage":"fr-FR","@id":"https:\/\/idckohtao.com\/fr\/padi-education-materials\/#primaryimage","url":"https:\/\/idckohtao.com\/wp-content\/uploads\/2023\/08\/idc-koh-tao-knowledge-development-presentation-padi-materials.jpg","contentUrl":"https:\/\/idckohtao.com\/wp-content\/uploads\/2023\/08\/idc-koh-tao-knowledge-development-presentation-padi-materials.jpg","width":1080,"height":608},{"@type":"BreadcrumbList","@id":"https:\/\/idckohtao.com\/fr\/padi-education-materials\/#breadcrumb","itemListElement":[{"@type":"ListItem","position":1,"name":"Home","item":"https:\/\/idckohtao.com\/fr\/"},{"@type":"ListItem","position":2,"name":"Mat\u00e9riel p\u00e9dagogique PADI"}]},{"@type":"WebSite","@id":"https:\/\/idckohtao.com\/fr\/#website","url":"https:\/\/idckohtao.com\/fr\/","name":"IDC Koh Tao","description":"PADI IDC 5 Star Diving Center in Koh Tao - Thailand","publisher":{"@id":"https:\/\/idckohtao.com\/fr\/#organization"},"alternateName":"IDC Koh Tao in Thailand","potentialAction":[{"@type":"SearchAction","target":{"@type":"EntryPoint","urlTemplate":"https:\/\/idckohtao.com\/fr\/?s={search_term_string}"},"query-input":{"@type":"PropertyValueSpecification","valueRequired":true,"valueName":"search_term_string"}}],"inLanguage":"fr-FR"},{"@type":"Organization","@id":"https:\/\/idckohtao.com\/fr\/#organization","name":"IDC Koh Tao","alternateName":"IDC Koh Tao | Divemaster & Diving Instructor","url":"https:\/\/idckohtao.com\/fr\/","logo":{"@type":"ImageObject","inLanguage":"fr-FR","@id":"https:\/\/idckohtao.com\/fr\/#\/schema\/logo\/image\/","url":"https:\/\/idckohtao.com\/wp-content\/uploads\/2023\/09\/idckohtao.com-padi-diving-center-in-koh-tao-thailand.png","contentUrl":"https:\/\/idckohtao.com\/wp-content\/uploads\/2023\/09\/idckohtao.com-padi-diving-center-in-koh-tao-thailand.png","width":400,"height":300,"caption":"IDC Koh Tao"},"image":{"@id":"https:\/\/idckohtao.com\/fr\/#\/schema\/logo\/image\/"},"sameAs":["https:\/\/www.facebook.com\/GoProIDCKohTao","https:\/\/x.com\/GoProIDCKohTao","https:\/\/www.youtube.com\/idckohtao","https:\/\/www.instagram.com\/idc.kohtao\/"],"description":"IDC Koh Tao is a part of the Black Turtle Dive pro level training team with three PADI Course Directors being led by Award Winning PADI Course Director Matt Bolton. Our full range of pro and recreational PADI Diving Courses provides aspiring scuba divers with education, fun, excitement, adventure, and a change of lifestyle or an opportunity to pursue a new career.","email":"info@idckohtao.com","legalName":"IDC Koh Tao","foundingDate":"2004-01-04","numberOfEmployees":{"@type":"QuantitativeValue","minValue":"1","maxValue":"10"},"correctionsPolicy":"https:\/\/idckohtao.com\/privacy-policy\/","ethicsPolicy":"https:\/\/idckohtao.com\/terms\/"},{"@type":"Person","@id":"https:\/\/idckohtao.com\/fr\/#\/schema\/person\/d08d557cbfdbc171f824052dae697b02","name":"ojasya","image":{"@type":"ImageObject","inLanguage":"fr-FR","@id":"https:\/\/secure.gravatar.com\/avatar\/6fb34e36d09053a6545fc21d344613321bb1933f185132488f38052166f5a001?s=96&d=mm&r=g","url":"https:\/\/secure.gravatar.com\/avatar\/6fb34e36d09053a6545fc21d344613321bb1933f185132488f38052166f5a001?s=96&d=mm&r=g","contentUrl":"https:\/\/secure.gravatar.com\/avatar\/6fb34e36d09053a6545fc21d344613321bb1933f185132488f38052166f5a001?s=96&d=mm&r=g","caption":"ojasya"},"sameAs":["https:\/\/idckohtao.com"],"url":"https:\/\/idckohtao.com\/fr\/blog\/author\/ojasya\/"}]}},"_links":{"self":[{"href":"https:\/\/idckohtao.com\/fr\/wp-json\/wp\/v2\/pages\/3454","targetHints":{"allow":["GET"]}}],"collection":[{"href":"https:\/\/idckohtao.com\/fr\/wp-json\/wp\/v2\/pages"}],"about":[{"href":"https:\/\/idckohtao.com\/fr\/wp-json\/wp\/v2\/types\/page"}],"author":[{"embeddable":true,"href":"https:\/\/idckohtao.com\/fr\/wp-json\/wp\/v2\/users\/1"}],"replies":[{"embeddable":true,"href":"https:\/\/idckohtao.com\/fr\/wp-json\/wp\/v2\/comments?post=3454"}],"version-history":[{"count":2,"href":"https:\/\/idckohtao.com\/fr\/wp-json\/wp\/v2\/pages\/3454\/revisions"}],"predecessor-version":[{"id":7780,"href":"https:\/\/idckohtao.com\/fr\/wp-json\/wp\/v2\/pages\/3454\/revisions\/7780"}],"wp:featuredmedia":[{"embeddable":true,"href":"https:\/\/idckohtao.com\/fr\/wp-json\/wp\/v2\/media\/2624"}],"wp:attachment":[{"href":"https:\/\/idckohtao.com\/fr\/wp-json\/wp\/v2\/media?parent=3454"}],"curies":[{"name":"wp","href":"https:\/\/api.w.org\/{rel}","templated":true}]}}