{"id":3461,"date":"2023-08-07T11:47:56","date_gmt":"2023-08-07T11:47:56","guid":{"rendered":"https:\/\/idckohtao.com\/padi-emergency-o2-provider-specialty-instructor-course\/"},"modified":"2024-12-21T09:16:26","modified_gmt":"2024-12-21T09:16:26","slug":"padi-emergency-o2-provider-specialty-instructor-course","status":"publish","type":"page","link":"https:\/\/idckohtao.com\/fr\/pro-level-courses\/padi-emergency-o2-provider-specialty-instructor-course\/","title":{"rendered":"Cours d&rsquo;instructeur sp\u00e9cialis\u00e9 PADI Emergency O2 Provider"},"content":{"rendered":"<div class=\"wpb-content-wrapper\"><p>[vc_row][vc_column][vc_column_text css=\u00a0\u00bb\u00a0\u00bb]<\/p>\n<h2>MSDT \u2013 Cours d\u2019instructeur sp\u00e9cialis\u00e9 PADI, Koh Tao, Tha\u00eflande<\/h2>\n<p><b>Apprenez \u00e0 vos plongeurs \u00e0 mieux respirer en cas d\u2019urgence.<br \/>\n<\/b><\/p>\n<p>En tant que plongeur sous-marin \u2013 et en particulier un niveau de Rescue ou sup\u00e9rieur, il est imp\u00e9ratif que vous soyez form\u00e9 \u00e0 l\u2019utilisation de l\u2019oxyg\u00e8ne d\u2019urgence.<\/p>\n<p>En tant qu\u2019instructeur de fournisseur d\u2019oxyg\u00e8ne d\u2019urgence, vous serez en mesure d\u2019enseigner \u00e0 vos plongeurs comment reconna\u00eetre et traiter les conditions qui n\u00e9cessitent la fourniture d\u2019oxyg\u00e8ne, ce qui signifie qu\u2019ils peuvent \u00eatre le meilleur bin\u00f4me possible en cas d\u2019accident.<\/p>\n<p><b>En tant qu\u2019instructeur sp\u00e9cialis\u00e9 O2, vous enseignerez notamment \u00e0 vos \u00e9l\u00e8ves:<br \/>\n<\/b><\/p>\n<ul>\n<li>Comment reconna\u00eetre les maladies de la plong\u00e9e pouvant \u00eatre trait\u00e9es avec de l\u2019oxyg\u00e8ne<\/li>\n<li>Assembler et d\u00e9monter l\u2019\u00e9quipement d\u2019oxyg\u00e8ne d\u2019urgence<\/li>\n<li>Utilisez un masque de poche sur un plongeur qui ne respire pas<\/li>\n<li>D\u00e9ployer un masque sans recycleur et une valve d\u2019inhalateur \u00e0 la demande sur un plongeur respirant<\/li>\n<li>Les dangers de l\u2019utilisation de l\u2019oxyg\u00e8ne<\/li>\n<\/ul>\n<p><img decoding=\"async\" class=\"alignnone wp-image-302 size-large\" src=\"https:\/\/idckohtao.com\/wp-content\/uploads\/2023\/08\/idckohtao.com-emergency-o2-provider-instructor-specialty-1024x835.jpg\" alt=\"idckohtao.com-emergency-o2-provider-instructor-specialty\" width=\"1024\" height=\"835\" srcset=\"https:\/\/idckohtao.com\/wp-content\/uploads\/2023\/08\/idckohtao.com-emergency-o2-provider-instructor-specialty-1024x835.jpg 1024w, https:\/\/idckohtao.com\/wp-content\/uploads\/2023\/08\/idckohtao.com-emergency-o2-provider-instructor-specialty-300x245.jpg 300w, https:\/\/idckohtao.com\/wp-content\/uploads\/2023\/08\/idckohtao.com-emergency-o2-provider-instructor-specialty-768x626.jpg 768w, https:\/\/idckohtao.com\/wp-content\/uploads\/2023\/08\/idckohtao.com-emergency-o2-provider-instructor-specialty.jpg 1080w\" sizes=\"(max-width: 1024px) 100vw, 1024px\" \/><\/p>\n<p>En plus des plongeurs et des Divemasters que vous formez, les capitaines de bateau, les matelots de pont, les sauveteurs ainsi que les autres membres du personnel travaillant au centre de plong\u00e9e se tourneront vers vous pour garder leurs comp\u00e9tences en premiers soins, RCP et O2 aff\u00fbt\u00e9es. Et avec l\u2019avantage suppl\u00e9mentaire qu\u2019il n\u2019y a pas de pr\u00e9requis, de restrictions d\u2019\u00e2ge ou de s\u00e9ances d\u2019eau impliqu\u00e9s dans ce cours, vous ouvrez un monde de nouvelles opportunit\u00e9s de formation.<\/p>\n<p><b>Qui peut s\u2019inscrire au cours d\u2019instructeur sp\u00e9cialis\u00e9 PADI Emergency O2 Provider?<br \/>\n<\/b><\/p>\n<p>Un\u00a0<strong>Divemaster PAD<\/strong>I renouvel\u00e9,\u00a0<strong>Assistant Instructeur<\/strong>\u00a0ou\u00a0<strong><a href=\"https:\/\/idckohtao.com\/fr\/pro-level-courses\/padi-instructor-development-course\/\">Instructeur PADI (OWSI)<\/a><\/strong>\u00a0renouvel\u00e9<\/p>\n<p><b>Qu\u2019allez-vous apprendre?<\/b><\/p>\n<p>Vous participerez aux sessions suivantes:<\/p>\n<ul>\n<li>Pr\u00e9senter et \u00eatre \u00e9valu\u00e9 sur une pr\u00e9sentation normative de la r\u00e9vision des connaissances du sp\u00e9cialit\u00e9 O2<\/li>\n<li>PADI \u2018Emergency Oxygen Provider\u2019 normes, proc\u00e9dures et programme d\u2019\u00e9tudes sp\u00e9cialis\u00e9s<\/li>\n<li>Comment organiser, diriger et commercialiser le cours de sp\u00e9cialit\u00e9 PADI \u2018Emergency Oxygen Provider\u2019<\/li>\n<li>Session pratique \u2013 o\u00f9 vous apprendrez comment d\u00e9montrer, ex\u00e9cuter et \u00e9valuer les comp\u00e9tences de niveau \u00e9tudiant du cours PADI \u2018Emergency Oxygen Provider\u2019<\/li>\n<\/ul>\n<p>En tant qu\u2019instructeur de sp\u00e9cialit\u00e9 PADI \u2018Emergency Oxygen Provider\u2019, vous \u00eates certifi\u00e9 pour enseigner de mani\u00e8re ind\u00e9pendante le <strong>cours de sp\u00e9cialit\u00e9 PADI \u2018Emergency Oxygen Provider<\/strong>\u2019<\/p>\n<p><b>Mat\u00e9riaux PADI:<\/b><\/p>\n<p><i>Veuillez apporter le mat\u00e9riel suivant avec votre manuel d\u2019instructeur de cours de sp\u00e9cialit\u00e9 PADI. Vous les avez re\u00e7ues dans le cadre du \u2018IDC Crewpack\u2019 pendant votre IDC. \u2013 Manuel de l\u2019instructeur des cours de sp\u00e9cialit\u00e9 PADI (CD-Rom)<\/i><\/p>\n<p><i><\/i>De plus, vous aurez besoin d\u2019une copie du manuel de l\u2019instructeur PADI. Depuis 2010, le manuel de l\u2019instructeur est disponible en t\u00e9l\u00e9chargement gratuit pour tous les membres PADI renouvel\u00e9s sur\u00a0<a href=\"https:\/\/www.padi.com\/mypadi\/\" target=\"_blank\" rel=\"noopener\">www.padi.com\/mypad<\/a><\/p>\n<p>PADI FEE 2025: $AUD 139[\/vc_column_text]<div class=\"text-left\"><div class=\"bt-course-price\"><h4>Prix du cours: 3,000 THB<\/h4><a href=\"https:\/\/idckohtao.com\/packages-prices\/\" class=\"button\">R\u00c9SERVATION EN LIGNE<\/a><\/div><\/div>[\/vc_column][\/vc_row]<\/p>\n<\/div>","protected":false},"excerpt":{"rendered":"<p>[vc_row][vc_column][vc_column_text css=\u00a0\u00bb\u00a0\u00bb] MSDT \u2013 Cours d\u2019instructeur sp\u00e9cialis\u00e9 PADI, Koh Tao, Tha\u00eflande Apprenez \u00e0 vos plongeurs \u00e0 mieux respirer en cas d\u2019urgence. En tant que plongeur sous-marin \u2013 et en particulier un niveau de Rescue ou sup\u00e9rieur, il est imp\u00e9ratif que vous soyez form\u00e9 \u00e0 l\u2019utilisation de l\u2019oxyg\u00e8ne d\u2019urgence. En tant qu\u2019instructeur de fournisseur d\u2019oxyg\u00e8ne d\u2019urgence, [&hellip;]<\/p>\n","protected":false},"author":1,"featured_media":4739,"parent":7934,"menu_order":0,"comment_status":"closed","ping_status":"closed","template":"","meta":{"_acf_changed":false,"footnotes":""},"class_list":["post-3461","page","type-page","status-publish","has-post-thumbnail","hentry"],"acf":[],"yoast_head":"<!-- This site is optimized with the Yoast SEO Premium plugin v27.5 (Yoast SEO v27.5) - https:\/\/yoast.com\/product\/yoast-seo-premium-wordpress\/ -->\n<title>IDC Koh Tao | Cours d&#039;instructeur PADI Emergency O2 Provider<\/title>\n<meta name=\"description\" content=\"Notre cours d&#039;instructeur sp\u00e9cialis\u00e9 PADI Emergency O2 sur Koh Tao vous certifie en tant qu&#039;instructeur et vous ouvre un monde de nouvelles opportunit\u00e9s de formation\" \/>\n<meta name=\"robots\" content=\"index, follow, max-snippet:-1, max-image-preview:large, max-video-preview:-1\" \/>\n<link rel=\"canonical\" href=\"https:\/\/idckohtao.com\/fr\/pro-level-courses\/padi-emergency-o2-provider-specialty-instructor-course\/\" \/>\n<meta property=\"og:locale\" content=\"fr_FR\" \/>\n<meta property=\"og:type\" content=\"article\" \/>\n<meta property=\"og:title\" content=\"IDC Koh Tao | Cours d&#039;instructeur PADI Emergency O2 Provider\" \/>\n<meta property=\"og:description\" content=\"Notre cours d&#039;instructeur sp\u00e9cialis\u00e9 PADI Emergency O2 sur Koh Tao vous certifie en tant qu&#039;instructeur et vous ouvre un monde de nouvelles opportunit\u00e9s de formation\" \/>\n<meta property=\"og:url\" content=\"https:\/\/idckohtao.com\/fr\/pro-level-courses\/padi-emergency-o2-provider-specialty-instructor-course\/\" \/>\n<meta property=\"og:site_name\" content=\"IDC Koh Tao\" \/>\n<meta property=\"article:publisher\" content=\"https:\/\/www.facebook.com\/GoProIDCKohTao\" \/>\n<meta property=\"article:modified_time\" content=\"2024-12-21T09:16:26+00:00\" \/>\n<meta property=\"og:image\" content=\"https:\/\/idckohtao.com\/wp-content\/uploads\/2023\/09\/idckohtao.com-emergency-o2-provider-course-for-diving-instructors-in-thailand.jpeg\" \/>\n\t<meta property=\"og:image:width\" content=\"1200\" \/>\n\t<meta property=\"og:image:height\" content=\"900\" \/>\n\t<meta property=\"og:image:type\" content=\"image\/jpeg\" \/>\n<meta name=\"twitter:card\" content=\"summary_large_image\" \/>\n<meta name=\"twitter:title\" content=\"IDC Koh Tao | Cours d&#039;instructeur PADI Emergency O2 Provider\" \/>\n<meta name=\"twitter:description\" content=\"Notre cours d&#039;instructeur sp\u00e9cialis\u00e9 PADI Emergency O2 sur Koh Tao vous certifie en tant qu&#039;instructeur et vous ouvre un monde de nouvelles opportunit\u00e9s de formation\" \/>\n<meta name=\"twitter:site\" content=\"@GoProIDCKohTao\" \/>\n<!-- \/ Yoast SEO Premium plugin. -->","yoast_head_json":{"title":"IDC Koh Tao | Cours d'instructeur PADI Emergency O2 Provider","description":"Notre cours d'instructeur sp\u00e9cialis\u00e9 PADI Emergency O2 sur Koh Tao vous certifie en tant qu'instructeur et vous ouvre un monde de nouvelles opportunit\u00e9s de formation","robots":{"index":"index","follow":"follow","max-snippet":"max-snippet:-1","max-image-preview":"max-image-preview:large","max-video-preview":"max-video-preview:-1"},"canonical":"https:\/\/idckohtao.com\/fr\/pro-level-courses\/padi-emergency-o2-provider-specialty-instructor-course\/","og_locale":"fr_FR","og_type":"article","og_title":"IDC Koh Tao | Cours d'instructeur PADI Emergency O2 Provider","og_description":"Notre cours d'instructeur sp\u00e9cialis\u00e9 PADI Emergency O2 sur Koh Tao vous certifie en tant qu'instructeur et vous ouvre un monde de nouvelles opportunit\u00e9s de formation","og_url":"https:\/\/idckohtao.com\/fr\/pro-level-courses\/padi-emergency-o2-provider-specialty-instructor-course\/","og_site_name":"IDC Koh Tao","article_publisher":"https:\/\/www.facebook.com\/GoProIDCKohTao","article_modified_time":"2024-12-21T09:16:26+00:00","og_image":[{"width":1200,"height":900,"url":"https:\/\/idckohtao.com\/wp-content\/uploads\/2023\/09\/idckohtao.com-emergency-o2-provider-course-for-diving-instructors-in-thailand.jpeg","type":"image\/jpeg"}],"twitter_card":"summary_large_image","twitter_title":"IDC Koh Tao | Cours d'instructeur PADI Emergency O2 Provider","twitter_description":"Notre cours d'instructeur sp\u00e9cialis\u00e9 PADI Emergency O2 sur Koh Tao vous certifie en tant qu'instructeur et vous ouvre un monde de nouvelles opportunit\u00e9s de formation","twitter_site":"@GoProIDCKohTao","schema":{"@context":"https:\/\/schema.org","@graph":[{"@type":"NewsArticle","@id":"https:\/\/idckohtao.com\/fr\/pro-level-courses\/padi-emergency-o2-provider-specialty-instructor-course\/#article","isPartOf":{"@id":"https:\/\/idckohtao.com\/fr\/pro-level-courses\/padi-emergency-o2-provider-specialty-instructor-course\/"},"author":{"name":"ojasya","@id":"https:\/\/idckohtao.com\/fr\/#\/schema\/person\/d08d557cbfdbc171f824052dae697b02"},"headline":"Cours d&rsquo;instructeur sp\u00e9cialis\u00e9 PADI Emergency O2 Provider","datePublished":"2023-08-07T11:47:56+00:00","dateModified":"2024-12-21T09:16:26+00:00","mainEntityOfPage":{"@id":"https:\/\/idckohtao.com\/fr\/pro-level-courses\/padi-emergency-o2-provider-specialty-instructor-course\/"},"wordCount":525,"publisher":{"@id":"https:\/\/idckohtao.com\/fr\/#organization"},"image":{"@id":"https:\/\/idckohtao.com\/fr\/pro-level-courses\/padi-emergency-o2-provider-specialty-instructor-course\/#primaryimage"},"thumbnailUrl":"https:\/\/idckohtao.com\/wp-content\/uploads\/2023\/09\/idckohtao.com-emergency-o2-provider-course-for-diving-instructors-in-thailand.jpeg","inLanguage":"fr-FR"},{"@type":"WebPage","@id":"https:\/\/idckohtao.com\/fr\/pro-level-courses\/padi-emergency-o2-provider-specialty-instructor-course\/","url":"https:\/\/idckohtao.com\/fr\/pro-level-courses\/padi-emergency-o2-provider-specialty-instructor-course\/","name":"IDC Koh Tao | Cours d'instructeur PADI Emergency O2 Provider","isPartOf":{"@id":"https:\/\/idckohtao.com\/fr\/#website"},"primaryImageOfPage":{"@id":"https:\/\/idckohtao.com\/fr\/pro-level-courses\/padi-emergency-o2-provider-specialty-instructor-course\/#primaryimage"},"image":{"@id":"https:\/\/idckohtao.com\/fr\/pro-level-courses\/padi-emergency-o2-provider-specialty-instructor-course\/#primaryimage"},"thumbnailUrl":"https:\/\/idckohtao.com\/wp-content\/uploads\/2023\/09\/idckohtao.com-emergency-o2-provider-course-for-diving-instructors-in-thailand.jpeg","datePublished":"2023-08-07T11:47:56+00:00","dateModified":"2024-12-21T09:16:26+00:00","description":"Notre cours d'instructeur sp\u00e9cialis\u00e9 PADI Emergency O2 sur Koh Tao vous certifie en tant qu'instructeur et vous ouvre un monde de nouvelles opportunit\u00e9s de formation","breadcrumb":{"@id":"https:\/\/idckohtao.com\/fr\/pro-level-courses\/padi-emergency-o2-provider-specialty-instructor-course\/#breadcrumb"},"inLanguage":"fr-FR","potentialAction":[{"@type":"ReadAction","target":["https:\/\/idckohtao.com\/fr\/pro-level-courses\/padi-emergency-o2-provider-specialty-instructor-course\/"]}]},{"@type":"ImageObject","inLanguage":"fr-FR","@id":"https:\/\/idckohtao.com\/fr\/pro-level-courses\/padi-emergency-o2-provider-specialty-instructor-course\/#primaryimage","url":"https:\/\/idckohtao.com\/wp-content\/uploads\/2023\/09\/idckohtao.com-emergency-o2-provider-course-for-diving-instructors-in-thailand.jpeg","contentUrl":"https:\/\/idckohtao.com\/wp-content\/uploads\/2023\/09\/idckohtao.com-emergency-o2-provider-course-for-diving-instructors-in-thailand.jpeg","width":1200,"height":900,"caption":"Emergency O2 Provider Instructor Demonstration"},{"@type":"BreadcrumbList","@id":"https:\/\/idckohtao.com\/fr\/pro-level-courses\/padi-emergency-o2-provider-specialty-instructor-course\/#breadcrumb","itemListElement":[{"@type":"ListItem","position":1,"name":"Home","item":"https:\/\/idckohtao.com\/fr\/"},{"@type":"ListItem","position":2,"name":"Pro level","item":"https:\/\/idckohtao.com\/fr\/pro-level-courses\/"},{"@type":"ListItem","position":3,"name":"Cours d&#8217;instructeur sp\u00e9cialis\u00e9 PADI Emergency O2 Provider"}]},{"@type":"WebSite","@id":"https:\/\/idckohtao.com\/fr\/#website","url":"https:\/\/idckohtao.com\/fr\/","name":"IDC Koh Tao","description":"PADI IDC 5 Star Diving Center in Koh Tao - Thailand","publisher":{"@id":"https:\/\/idckohtao.com\/fr\/#organization"},"alternateName":"IDC Koh Tao in Thailand","potentialAction":[{"@type":"SearchAction","target":{"@type":"EntryPoint","urlTemplate":"https:\/\/idckohtao.com\/fr\/?s={search_term_string}"},"query-input":{"@type":"PropertyValueSpecification","valueRequired":true,"valueName":"search_term_string"}}],"inLanguage":"fr-FR"},{"@type":"Organization","@id":"https:\/\/idckohtao.com\/fr\/#organization","name":"IDC Koh Tao","alternateName":"IDC Koh Tao | Divemaster & Diving Instructor","url":"https:\/\/idckohtao.com\/fr\/","logo":{"@type":"ImageObject","inLanguage":"fr-FR","@id":"https:\/\/idckohtao.com\/fr\/#\/schema\/logo\/image\/","url":"https:\/\/idckohtao.com\/wp-content\/uploads\/2023\/09\/idckohtao.com-padi-diving-center-in-koh-tao-thailand.png","contentUrl":"https:\/\/idckohtao.com\/wp-content\/uploads\/2023\/09\/idckohtao.com-padi-diving-center-in-koh-tao-thailand.png","width":400,"height":300,"caption":"IDC Koh Tao"},"image":{"@id":"https:\/\/idckohtao.com\/fr\/#\/schema\/logo\/image\/"},"sameAs":["https:\/\/www.facebook.com\/GoProIDCKohTao","https:\/\/x.com\/GoProIDCKohTao","https:\/\/www.youtube.com\/idckohtao","https:\/\/www.instagram.com\/idc.kohtao\/"],"description":"IDC Koh Tao is a part of the Black Turtle Dive pro level training team with three PADI Course Directors being led by Award Winning PADI Course Director Matt Bolton. Our full range of pro and recreational PADI Diving Courses provides aspiring scuba divers with education, fun, excitement, adventure, and a change of lifestyle or an opportunity to pursue a new career.","email":"info@idckohtao.com","legalName":"IDC Koh Tao","foundingDate":"2004-01-04","numberOfEmployees":{"@type":"QuantitativeValue","minValue":"1","maxValue":"10"},"correctionsPolicy":"https:\/\/idckohtao.com\/privacy-policy\/","ethicsPolicy":"https:\/\/idckohtao.com\/terms\/"},{"@type":"Person","@id":"https:\/\/idckohtao.com\/fr\/#\/schema\/person\/d08d557cbfdbc171f824052dae697b02","name":"ojasya","image":{"@type":"ImageObject","inLanguage":"fr-FR","@id":"https:\/\/secure.gravatar.com\/avatar\/6fb34e36d09053a6545fc21d344613321bb1933f185132488f38052166f5a001?s=96&d=mm&r=g","url":"https:\/\/secure.gravatar.com\/avatar\/6fb34e36d09053a6545fc21d344613321bb1933f185132488f38052166f5a001?s=96&d=mm&r=g","contentUrl":"https:\/\/secure.gravatar.com\/avatar\/6fb34e36d09053a6545fc21d344613321bb1933f185132488f38052166f5a001?s=96&d=mm&r=g","caption":"ojasya"},"sameAs":["https:\/\/idckohtao.com"],"url":"https:\/\/idckohtao.com\/fr\/blog\/author\/ojasya\/"}]}},"_links":{"self":[{"href":"https:\/\/idckohtao.com\/fr\/wp-json\/wp\/v2\/pages\/3461","targetHints":{"allow":["GET"]}}],"collection":[{"href":"https:\/\/idckohtao.com\/fr\/wp-json\/wp\/v2\/pages"}],"about":[{"href":"https:\/\/idckohtao.com\/fr\/wp-json\/wp\/v2\/types\/page"}],"author":[{"embeddable":true,"href":"https:\/\/idckohtao.com\/fr\/wp-json\/wp\/v2\/users\/1"}],"replies":[{"embeddable":true,"href":"https:\/\/idckohtao.com\/fr\/wp-json\/wp\/v2\/comments?post=3461"}],"version-history":[{"count":1,"href":"https:\/\/idckohtao.com\/fr\/wp-json\/wp\/v2\/pages\/3461\/revisions"}],"predecessor-version":[{"id":7013,"href":"https:\/\/idckohtao.com\/fr\/wp-json\/wp\/v2\/pages\/3461\/revisions\/7013"}],"up":[{"embeddable":true,"href":"https:\/\/idckohtao.com\/fr\/wp-json\/wp\/v2\/pages\/7934"}],"wp:featuredmedia":[{"embeddable":true,"href":"https:\/\/idckohtao.com\/fr\/wp-json\/wp\/v2\/media\/4739"}],"wp:attachment":[{"href":"https:\/\/idckohtao.com\/fr\/wp-json\/wp\/v2\/media?parent=3461"}],"curies":[{"name":"wp","href":"https:\/\/api.w.org\/{rel}","templated":true}]}}