{"id":3467,"date":"2023-08-10T10:41:02","date_gmt":"2023-08-10T10:41:02","guid":{"rendered":"https:\/\/idckohtao.com\/padi-ie\/"},"modified":"2023-09-16T22:10:52","modified_gmt":"2023-09-16T22:10:52","slug":"padi-ie","status":"publish","type":"page","link":"https:\/\/idckohtao.com\/fr\/pro-level-courses\/padi-ie\/","title":{"rendered":"Examens d&rsquo;instructeur PADI"},"content":{"rendered":"<div class=\"wpb-content-wrapper\"><p>[vc_row][vc_column][vc_column_text]<\/p>\n<h2>DC Koh Tao \u2013 PADI IE (Examens d\u2019instructeur)<\/h2>\n<p>Apr\u00e8s avoir r\u00e9ussi toutes les exigences de performance du cours de d\u00e9veloppement d\u2019instructeur PADI, vous y \u00eates presque. Il n\u2019y a qu\u2019une derni\u00e8re \u00e9tape importante\u2026.<\/p>\n<p>Les<strong>\u00a0examens d\u2019instructeur PADI<\/strong>, ou \u00ab IE \u00bb comme on l\u2019appelle.<\/p>\n<p>Le PADI IE est men\u00e9 \u00e0 Koh Tao par des examinateurs du si\u00e8ge de PADI Asia Pacific en Australie. Il y a 12 IE sur Koh Tao tout au long de l\u2019ann\u00e9e qui devraient s\u2019ex\u00e9cuter imm\u00e9diatement apr\u00e8s l\u2019IDC.<\/p>\n<p>Donc, si notre IDC est un programme de 14 jours, l\u2019IE commence le jour 15.<\/p>\n<p>L\u2019horaire ressemble \u00e0 ceci.<\/p>\n<p><strong>Jour 1<\/strong><\/p>\n<p>Matin: Orientation \u00e0 l\u2019examen d\u2019instructeur PADI<br \/>\nMatin: Examen d\u2019examen des syst\u00e8mes, normes et proc\u00e9dures (90 min)<br \/>\nMatin: Examens de la th\u00e9orie de la plong\u00e9e (90 min)<\/p>\n<p>Matin: Pause d\u00e9jeuner<\/p>\n<p>Apr\u00e8s-midi: Pr\u00e9sentations p\u00e9dagogiques en eau confin\u00e9e (piscine)<\/p>\n<p><strong>Jour 2<\/strong><\/p>\n<p>Matin: Pr\u00e9sentations sur le d\u00e9veloppement des connaissances (en classe)<\/p>\n<p>Matin: Pause d\u00e9jeuner<\/p>\n<p>Apr\u00e8s-midi: Pr\u00e9sentations p\u00e9dagogiques en eau libre (site de plong\u00e9e local)<br \/>\nApr\u00e8s-midi: Examen d\u2019instructeur PADI C\u00e9r\u00e9monie de cl\u00f4ture et pr\u00e9sentation<\/p>\n<p>Ensuite, bien s\u00fbr, apr\u00e8s la c\u00e9r\u00e9monie de cl\u00f4ture, il est temps pour les c\u00e9l\u00e9brations et la f\u00eate IE!<\/p>\n<p><img decoding=\"async\" class=\"alignnone wp-image-883 size-large\" src=\"https:\/\/idckohtao.com\/wp-content\/uploads\/2023\/08\/idc-koh-tao-instructor-examinations-padi-ie-crystal-dive-koh-tao-1024x768.jpg\" alt=\"idc-koh-tao-instructor-examinations-padi-ie-crystal-dive-koh-tao\" width=\"1024\" height=\"768\" srcset=\"https:\/\/idckohtao.com\/wp-content\/uploads\/2023\/08\/idc-koh-tao-instructor-examinations-padi-ie-crystal-dive-koh-tao-1024x768.jpg 1024w, https:\/\/idckohtao.com\/wp-content\/uploads\/2023\/08\/idc-koh-tao-instructor-examinations-padi-ie-crystal-dive-koh-tao-300x225.jpg 300w, https:\/\/idckohtao.com\/wp-content\/uploads\/2023\/08\/idc-koh-tao-instructor-examinations-padi-ie-crystal-dive-koh-tao-768x576.jpg 768w, https:\/\/idckohtao.com\/wp-content\/uploads\/2023\/08\/idc-koh-tao-instructor-examinations-padi-ie-crystal-dive-koh-tao.jpg 1080w\" sizes=\"(max-width: 1024px) 100vw, 1024px\" \/>[\/vc_column_text]<div class=\"text-left\"><h3 class=\"section-title\">Les tarifs les plus comp\u00e9titifs partout en Tha\u00eflande<\/h3><div class=\"bt-course-price\"><a href=\"https:\/\/idckohtao.com\/fr\/packages-prices\/\" class=\"button\">R\u00c9SERVEZ<\/a><\/div><\/div>[\/vc_column][\/vc_row]<\/p>\n<\/div>","protected":false},"excerpt":{"rendered":"<p>[vc_row][vc_column][vc_column_text] DC Koh Tao \u2013 PADI IE (Examens d\u2019instructeur) Apr\u00e8s avoir r\u00e9ussi toutes les exigences de performance du cours de d\u00e9veloppement d\u2019instructeur PADI, vous y \u00eates presque. Il n\u2019y a qu\u2019une derni\u00e8re \u00e9tape importante\u2026. Les\u00a0examens d\u2019instructeur PADI, ou \u00ab IE \u00bb comme on l\u2019appelle. Le PADI IE est men\u00e9 \u00e0 Koh Tao par des examinateurs [&hellip;]<\/p>\n","protected":false},"author":1,"featured_media":4698,"parent":7934,"menu_order":0,"comment_status":"closed","ping_status":"closed","template":"","meta":{"_acf_changed":false,"footnotes":""},"class_list":["post-3467","page","type-page","status-publish","has-post-thumbnail","hentry"],"acf":[],"yoast_head":"<!-- This site is optimized with the Yoast SEO Premium plugin v27.5 (Yoast SEO v27.5) - https:\/\/yoast.com\/product\/yoast-seo-premium-wordpress\/ -->\n<title>IDC Koh Tao | Examens d&#039;instructeur PADI IE | Crystal Dive<\/title>\n<meta name=\"description\" content=\"T\u00e9l\u00e9chargez le programme complet et les dates PADI IE sur IDC Koh Tao Thailand. Chaque mois, \u00e0 Crystal Dive, nous h\u00e9bergeons le PADI IE pour les futurs professionnels de la plong\u00e9e sous-marine\" \/>\n<meta name=\"robots\" content=\"index, follow, max-snippet:-1, max-image-preview:large, max-video-preview:-1\" \/>\n<link rel=\"canonical\" href=\"https:\/\/idckohtao.com\/fr\/pro-level-courses\/padi-ie\/\" \/>\n<meta property=\"og:locale\" content=\"fr_FR\" \/>\n<meta property=\"og:type\" content=\"article\" \/>\n<meta property=\"og:title\" content=\"IDC Koh Tao | Examens d&#039;instructeur PADI IE | Crystal Dive\" \/>\n<meta property=\"og:description\" content=\"T\u00e9l\u00e9chargez le programme complet et les dates PADI IE sur IDC Koh Tao Thailand. Chaque mois, \u00e0 Crystal Dive, nous h\u00e9bergeons le PADI IE pour les futurs professionnels de la plong\u00e9e sous-marine\" \/>\n<meta property=\"og:url\" content=\"https:\/\/idckohtao.com\/fr\/pro-level-courses\/padi-ie\/\" \/>\n<meta property=\"og:site_name\" content=\"IDC Koh Tao\" \/>\n<meta property=\"article:publisher\" content=\"https:\/\/www.facebook.com\/GoProIDCKohTao\" \/>\n<meta property=\"article:modified_time\" content=\"2023-09-16T22:10:52+00:00\" \/>\n<meta property=\"og:image\" content=\"https:\/\/idckohtao.com\/wp-content\/uploads\/2023\/09\/idckohtao.com-padi-idc-instructor-examinations-in-thailand.jpeg\" \/>\n\t<meta property=\"og:image:width\" content=\"1200\" \/>\n\t<meta property=\"og:image:height\" content=\"900\" \/>\n\t<meta property=\"og:image:type\" content=\"image\/jpeg\" \/>\n<meta name=\"twitter:card\" content=\"summary_large_image\" \/>\n<meta name=\"twitter:title\" content=\"IDC Koh Tao | Examens d&#039;instructeur PADI IE | Crystal Dive\" \/>\n<meta name=\"twitter:description\" content=\"T\u00e9l\u00e9chargez le programme complet et les dates PADI IE sur IDC Koh Tao Thailand. Chaque mois, \u00e0 Crystal Dive, nous h\u00e9bergeons le PADI IE pour les futurs professionnels de la plong\u00e9e sous-marine\" \/>\n<meta name=\"twitter:site\" content=\"@GoProIDCKohTao\" \/>\n<!-- \/ Yoast SEO Premium plugin. -->","yoast_head_json":{"title":"IDC Koh Tao | Examens d'instructeur PADI IE | Crystal Dive","description":"T\u00e9l\u00e9chargez le programme complet et les dates PADI IE sur IDC Koh Tao Thailand. Chaque mois, \u00e0 Crystal Dive, nous h\u00e9bergeons le PADI IE pour les futurs professionnels de la plong\u00e9e sous-marine","robots":{"index":"index","follow":"follow","max-snippet":"max-snippet:-1","max-image-preview":"max-image-preview:large","max-video-preview":"max-video-preview:-1"},"canonical":"https:\/\/idckohtao.com\/fr\/pro-level-courses\/padi-ie\/","og_locale":"fr_FR","og_type":"article","og_title":"IDC Koh Tao | Examens d'instructeur PADI IE | Crystal Dive","og_description":"T\u00e9l\u00e9chargez le programme complet et les dates PADI IE sur IDC Koh Tao Thailand. Chaque mois, \u00e0 Crystal Dive, nous h\u00e9bergeons le PADI IE pour les futurs professionnels de la plong\u00e9e sous-marine","og_url":"https:\/\/idckohtao.com\/fr\/pro-level-courses\/padi-ie\/","og_site_name":"IDC Koh Tao","article_publisher":"https:\/\/www.facebook.com\/GoProIDCKohTao","article_modified_time":"2023-09-16T22:10:52+00:00","og_image":[{"width":1200,"height":900,"url":"https:\/\/idckohtao.com\/wp-content\/uploads\/2023\/09\/idckohtao.com-padi-idc-instructor-examinations-in-thailand.jpeg","type":"image\/jpeg"}],"twitter_card":"summary_large_image","twitter_title":"IDC Koh Tao | Examens d'instructeur PADI IE | Crystal Dive","twitter_description":"T\u00e9l\u00e9chargez le programme complet et les dates PADI IE sur IDC Koh Tao Thailand. Chaque mois, \u00e0 Crystal Dive, nous h\u00e9bergeons le PADI IE pour les futurs professionnels de la plong\u00e9e sous-marine","twitter_site":"@GoProIDCKohTao","schema":{"@context":"https:\/\/schema.org","@graph":[{"@type":"NewsArticle","@id":"https:\/\/idckohtao.com\/fr\/pro-level-courses\/padi-ie\/#article","isPartOf":{"@id":"https:\/\/idckohtao.com\/fr\/pro-level-courses\/padi-ie\/"},"author":{"name":"ojasya","@id":"https:\/\/idckohtao.com\/fr\/#\/schema\/person\/d08d557cbfdbc171f824052dae697b02"},"headline":"Examens d&rsquo;instructeur PADI","datePublished":"2023-08-10T10:41:02+00:00","dateModified":"2023-09-16T22:10:52+00:00","mainEntityOfPage":{"@id":"https:\/\/idckohtao.com\/fr\/pro-level-courses\/padi-ie\/"},"wordCount":284,"publisher":{"@id":"https:\/\/idckohtao.com\/fr\/#organization"},"image":{"@id":"https:\/\/idckohtao.com\/fr\/pro-level-courses\/padi-ie\/#primaryimage"},"thumbnailUrl":"https:\/\/idckohtao.com\/wp-content\/uploads\/2023\/09\/idckohtao.com-padi-idc-instructor-examinations-in-thailand.jpeg","inLanguage":"fr-FR"},{"@type":"WebPage","@id":"https:\/\/idckohtao.com\/fr\/pro-level-courses\/padi-ie\/","url":"https:\/\/idckohtao.com\/fr\/pro-level-courses\/padi-ie\/","name":"IDC Koh Tao | Examens d'instructeur PADI IE | Crystal Dive","isPartOf":{"@id":"https:\/\/idckohtao.com\/fr\/#website"},"primaryImageOfPage":{"@id":"https:\/\/idckohtao.com\/fr\/pro-level-courses\/padi-ie\/#primaryimage"},"image":{"@id":"https:\/\/idckohtao.com\/fr\/pro-level-courses\/padi-ie\/#primaryimage"},"thumbnailUrl":"https:\/\/idckohtao.com\/wp-content\/uploads\/2023\/09\/idckohtao.com-padi-idc-instructor-examinations-in-thailand.jpeg","datePublished":"2023-08-10T10:41:02+00:00","dateModified":"2023-09-16T22:10:52+00:00","description":"T\u00e9l\u00e9chargez le programme complet et les dates PADI IE sur IDC Koh Tao Thailand. Chaque mois, \u00e0 Crystal Dive, nous h\u00e9bergeons le PADI IE pour les futurs professionnels de la plong\u00e9e sous-marine","breadcrumb":{"@id":"https:\/\/idckohtao.com\/fr\/pro-level-courses\/padi-ie\/#breadcrumb"},"inLanguage":"fr-FR","potentialAction":[{"@type":"ReadAction","target":["https:\/\/idckohtao.com\/fr\/pro-level-courses\/padi-ie\/"]}]},{"@type":"ImageObject","inLanguage":"fr-FR","@id":"https:\/\/idckohtao.com\/fr\/pro-level-courses\/padi-ie\/#primaryimage","url":"https:\/\/idckohtao.com\/wp-content\/uploads\/2023\/09\/idckohtao.com-padi-idc-instructor-examinations-in-thailand.jpeg","contentUrl":"https:\/\/idckohtao.com\/wp-content\/uploads\/2023\/09\/idckohtao.com-padi-idc-instructor-examinations-in-thailand.jpeg","width":1200,"height":900,"caption":"padi ie - diving instructor examinations on koh tao in thailand"},{"@type":"BreadcrumbList","@id":"https:\/\/idckohtao.com\/fr\/pro-level-courses\/padi-ie\/#breadcrumb","itemListElement":[{"@type":"ListItem","position":1,"name":"Home","item":"https:\/\/idckohtao.com\/fr\/"},{"@type":"ListItem","position":2,"name":"Pro level","item":"https:\/\/idckohtao.com\/fr\/pro-level-courses\/"},{"@type":"ListItem","position":3,"name":"Examens d&rsquo;instructeur PADI"}]},{"@type":"WebSite","@id":"https:\/\/idckohtao.com\/fr\/#website","url":"https:\/\/idckohtao.com\/fr\/","name":"IDC Koh Tao","description":"PADI IDC 5 Star Diving Center in Koh Tao - Thailand","publisher":{"@id":"https:\/\/idckohtao.com\/fr\/#organization"},"alternateName":"IDC Koh Tao in Thailand","potentialAction":[{"@type":"SearchAction","target":{"@type":"EntryPoint","urlTemplate":"https:\/\/idckohtao.com\/fr\/?s={search_term_string}"},"query-input":{"@type":"PropertyValueSpecification","valueRequired":true,"valueName":"search_term_string"}}],"inLanguage":"fr-FR"},{"@type":"Organization","@id":"https:\/\/idckohtao.com\/fr\/#organization","name":"IDC Koh Tao","alternateName":"IDC Koh Tao | Divemaster & Diving Instructor","url":"https:\/\/idckohtao.com\/fr\/","logo":{"@type":"ImageObject","inLanguage":"fr-FR","@id":"https:\/\/idckohtao.com\/fr\/#\/schema\/logo\/image\/","url":"https:\/\/idckohtao.com\/wp-content\/uploads\/2023\/09\/idckohtao.com-padi-diving-center-in-koh-tao-thailand.png","contentUrl":"https:\/\/idckohtao.com\/wp-content\/uploads\/2023\/09\/idckohtao.com-padi-diving-center-in-koh-tao-thailand.png","width":400,"height":300,"caption":"IDC Koh Tao"},"image":{"@id":"https:\/\/idckohtao.com\/fr\/#\/schema\/logo\/image\/"},"sameAs":["https:\/\/www.facebook.com\/GoProIDCKohTao","https:\/\/x.com\/GoProIDCKohTao","https:\/\/www.youtube.com\/idckohtao","https:\/\/www.instagram.com\/idc.kohtao\/"],"description":"IDC Koh Tao is a part of the Black Turtle Dive pro level training team with three PADI Course Directors being led by Award Winning PADI Course Director Matt Bolton. Our full range of pro and recreational PADI Diving Courses provides aspiring scuba divers with education, fun, excitement, adventure, and a change of lifestyle or an opportunity to pursue a new career.","email":"info@idckohtao.com","legalName":"IDC Koh Tao","foundingDate":"2004-01-04","numberOfEmployees":{"@type":"QuantitativeValue","minValue":"1","maxValue":"10"},"correctionsPolicy":"https:\/\/idckohtao.com\/privacy-policy\/","ethicsPolicy":"https:\/\/idckohtao.com\/terms\/"},{"@type":"Person","@id":"https:\/\/idckohtao.com\/fr\/#\/schema\/person\/d08d557cbfdbc171f824052dae697b02","name":"ojasya","image":{"@type":"ImageObject","inLanguage":"fr-FR","@id":"https:\/\/secure.gravatar.com\/avatar\/6fb34e36d09053a6545fc21d344613321bb1933f185132488f38052166f5a001?s=96&d=mm&r=g","url":"https:\/\/secure.gravatar.com\/avatar\/6fb34e36d09053a6545fc21d344613321bb1933f185132488f38052166f5a001?s=96&d=mm&r=g","contentUrl":"https:\/\/secure.gravatar.com\/avatar\/6fb34e36d09053a6545fc21d344613321bb1933f185132488f38052166f5a001?s=96&d=mm&r=g","caption":"ojasya"},"sameAs":["https:\/\/idckohtao.com"],"url":"https:\/\/idckohtao.com\/fr\/blog\/author\/ojasya\/"}]}},"_links":{"self":[{"href":"https:\/\/idckohtao.com\/fr\/wp-json\/wp\/v2\/pages\/3467","targetHints":{"allow":["GET"]}}],"collection":[{"href":"https:\/\/idckohtao.com\/fr\/wp-json\/wp\/v2\/pages"}],"about":[{"href":"https:\/\/idckohtao.com\/fr\/wp-json\/wp\/v2\/types\/page"}],"author":[{"embeddable":true,"href":"https:\/\/idckohtao.com\/fr\/wp-json\/wp\/v2\/users\/1"}],"replies":[{"embeddable":true,"href":"https:\/\/idckohtao.com\/fr\/wp-json\/wp\/v2\/comments?post=3467"}],"version-history":[{"count":0,"href":"https:\/\/idckohtao.com\/fr\/wp-json\/wp\/v2\/pages\/3467\/revisions"}],"up":[{"embeddable":true,"href":"https:\/\/idckohtao.com\/fr\/wp-json\/wp\/v2\/pages\/7934"}],"wp:featuredmedia":[{"embeddable":true,"href":"https:\/\/idckohtao.com\/fr\/wp-json\/wp\/v2\/media\/4698"}],"wp:attachment":[{"href":"https:\/\/idckohtao.com\/fr\/wp-json\/wp\/v2\/media?parent=3467"}],"curies":[{"name":"wp","href":"https:\/\/api.w.org\/{rel}","templated":true}]}}