{"id":3485,"date":"2023-08-09T07:58:41","date_gmt":"2023-08-09T07:58:41","guid":{"rendered":"https:\/\/idckohtao.com\/scuba-diving-internships\/"},"modified":"2023-09-16T22:10:54","modified_gmt":"2023-09-16T22:10:54","slug":"scuba-diving-internships","status":"publish","type":"page","link":"https:\/\/idckohtao.com\/fr\/pro-level-courses\/scuba-diving-internships\/","title":{"rendered":"Stages De Plong\u00e9e"},"content":{"rendered":"<div class=\"wpb-content-wrapper\"><p>[vc_row][vc_column][vc_column_text]<\/p>\n<h2>Nos stages de plong\u00e9e sous-marine PADI vous offrent une exp\u00e9rience du monde r\u00e9el<\/h2>\n<h2>Stages de plong\u00e9e sous-marine modernes et flexibles<\/h2>\n<p>Situ\u00e9 au\u00a0<a href=\"https:\/\/www.blackturtledive.com\/\" target=\"_blank\" rel=\"noopener noreferrer\">centre de plong\u00e9e Black Turtle Dive<\/a>, IDC Koh Tao propose des stages de plong\u00e9e flexibles aux personnes qui souhaitent apprendre \u00e0 plonger sur une longue p\u00e9riode.<\/p>\n<p>Nous proposons une gamme compl\u00e8te de stages et pouvons personnaliser votre programme de formation de plongeur en fonction de vos besoins et de votre calendrier.<\/p>\n<p>Nous offrons aux non-plongeurs, aux d\u00e9butants et aux plongeurs avanc\u00e9s la possibilit\u00e9 de travailler avec notre \u00e9quipe de formation de plongeurs de niveau professionnel pour faire de vous un\u00a0<a href=\"https:\/\/idckohtao.com\/fr\/padi-diving-courses\/\">plongeur<\/a>\u00a0plus confiant et comp\u00e9tent.<\/p>\n<p>Situ\u00e9 sur la plage de la c\u00f4te ouest de l\u2019\u00eele de Koh Tao, IDC Koh Tao est le cadre id\u00e9al pour la formation de plongeurs et pour admirer les couchers de soleil de Koh Tao de renomm\u00e9e mondiale.<\/p>\n<p>Quel que soit votre niveau de certification actuel, nous proposons des programmes de\u00a0<a href=\"https:\/\/idckohtao.com\/fr\/instructor-internship\/\">stages Instructor<\/a>\u00a0&amp;\u00a0<a href=\"https:\/\/idckohtao.com\/fr\/divemaster-internship\/\">Divemaster PADI<\/a>\u00a0tout compris. Celles-ci sont id\u00e9ales si vous voulez un\u00a0<a href=\"https:\/\/idckohtao.com\/fr\/lifestyle-packages\/\">changement de style de vie<\/a>, une interruption de carri\u00e8re ou si vous pr\u00e9voyez une ann\u00e9e\u00a0<a href=\"https:\/\/www.blackturtledive.com\/scuba-diving-internship\/\" target=\"_blank\" rel=\"noopener noreferrer\">sabbatique<\/a>\u00a0courte ou prolong\u00e9e en Tha\u00eflande.<\/p>\n<p>Si vous recherchez l\u2019aventure, le plaisir, l\u2019excitation, un nouveau d\u00e9fi, le sentiment d\u2019accomplissement avec une \u00e9norme satisfaction personnelle, alors nos\u00a0<strong>stages de plong\u00e9e sous-marine<\/strong>\u00a0sont con\u00e7us en pensant \u00e0 vous.<\/p>\n<p>Si vous \u00eates un\u00a0<a href=\"https:\/\/idckohtao.com\/fr\/padi-divemaster-course\/\">aspirant professionnel de la plong\u00e9e sous-marine<\/a>, notre formation de plongeur prim\u00e9e vous mettra sur la bonne voie avec une exp\u00e9rience d\u2019enseignement dans le monde r\u00e9el, soutenue par une \u00e9quipe\u00a0<a href=\"https:\/\/idckohtao.com\/fr\/padi-master-instructor\/\">d\u2019instructeurs<\/a>\u00a0et de\u00a0<a href=\"https:\/\/idckohtao.com\/fr\/padi-course-director-matt-bolton\/\">directeurs de cours<\/a>\u00a0tr\u00e8s exp\u00e9riment\u00e9s.<\/p>\n<h2>Professionnel PADI hautement qualifi\u00e9 et employable<\/h2>\n<p>Nos stages de plong\u00e9e sous-marine tout compris offrent bien plus que de simples cases \u00e0 cocher pour la certification. En plus des exigences de formation standard, en tant que stagiaire, vous \u00eates un membre de l\u2019\u00e9quipe tr\u00e8s appr\u00e9ci\u00e9.<\/p>\n<p>En travaillant avec des instructeurs et divemasters exp\u00e9riment\u00e9s, vous pouvez vous attendre \u00e0 une exp\u00e9rience du monde r\u00e9el qui vous aidera \u00e0 devenir le professionnel de plong\u00e9e hautement qualifi\u00e9 et employable que vous aspirez \u00e0 devenir.<\/p>\n<p>De nombreux propri\u00e9taires de centres de plong\u00e9e, directeurs de cours PADI, y compris le personnel PADI, ont termin\u00e9 leur formation de niveau professionnel \u00e0\u00a0<a href=\"https:\/\/idckohtao.com\/fr\/why-choose-idc-koh-tao\/\">IDC Koh Tao<\/a>. Une fois qu\u2019un employeur potentiel reconna\u00eet sur votre CV que vous avez \u00e9t\u00e9 form\u00e9 \u00e0 IDC Koh Tao, ils peuvent \u00eatre s\u00fbrs que votre niveau de formation est au plus haut niveau.<\/p>\n<p><img decoding=\"async\" class=\"alignnone wp-image-686 size-large\" src=\"https:\/\/idckohtao.com\/wp-content\/uploads\/2023\/08\/idckohtao.com-padi-instructor-development-course-and-instructor-internship-on-kohtao-sunset-mae-haad-beach-1024x683.jpg\" alt=\"idckohtao.com-padi-instructor-development-course-and-instructor-internship-on-kohtao-sunset-mae-haad-beach\" width=\"1024\" height=\"683\" srcset=\"https:\/\/idckohtao.com\/wp-content\/uploads\/2023\/08\/idckohtao.com-padi-instructor-development-course-and-instructor-internship-on-kohtao-sunset-mae-haad-beach-1024x683.jpg 1024w, https:\/\/idckohtao.com\/wp-content\/uploads\/2023\/08\/idckohtao.com-padi-instructor-development-course-and-instructor-internship-on-kohtao-sunset-mae-haad-beach-300x200.jpg 300w, https:\/\/idckohtao.com\/wp-content\/uploads\/2023\/08\/idckohtao.com-padi-instructor-development-course-and-instructor-internship-on-kohtao-sunset-mae-haad-beach-768x512.jpg 768w, https:\/\/idckohtao.com\/wp-content\/uploads\/2023\/08\/idckohtao.com-padi-instructor-development-course-and-instructor-internship-on-kohtao-sunset-mae-haad-beach.jpg 1080w\" sizes=\"(max-width: 1024px) 100vw, 1024px\" \/><\/p>\n<h2>Initiatives de conservation marine<\/h2>\n<p>Notre \u00e9quipe interne de\u00a0<a href=\"https:\/\/idckohtao.com\/fr\/marine-conservation\/\">conservation \u00e9cologique<\/a>\u00a0est une organisation leader dans toute l\u2019Asie du Sud-Est pour fournir une \u00e9ducation \u00e0 la\u00a0<a href=\"https:\/\/www.thefunkyturtle.com\/conservation\/marine-conservation\/\" target=\"_blank\" rel=\"noopener\">conservation marine<\/a>\u00a0et elle a un certain nombre de projets \u00e9cologiques en cours \u00e0 tout moment.<\/p>\n<p>En tant que professionnels responsables, nous pensons qu\u2019il est essentiel que les plongeurs comprennent bien comment nous impactons l\u2019environnement et la pr\u00e9servation de ses ressources naturelles. Nous int\u00e9grons un programme de conservation marine \u00e0 chacun de nos stages de plong\u00e9e sous-marine.<\/p>\n<h2>Stages de plong\u00e9e flexibles PADI<\/h2>\n<p>Avec 20 ans d\u2019expertise dans l\u2019industrie de la plong\u00e9e et\u00a0<a href=\"https:\/\/idckohtao.com\/fr\/why-choose-koh-tao\/\">situ\u00e9 \u00e0 Koh Tao<\/a>, la premi\u00e8re destination de formation de plongeurs au monde, nous savons que chaque candidat a des besoins individuels.<\/p>\n<p>Nous exploitons un syst\u00e8me de \u00ab calendrier flexible \u00bb pour vous aider \u00e0 planifier votre temps avec nous en fonction de vos besoins. Nos stages sont adapt\u00e9s d\u2019une mani\u00e8re qui convient \u00e0 votre emploi du temps et \u00e0 vos plans.<\/p>\n<p>Bien s\u00fbr, dans ce cadre, toutes les exigences de performance doivent \u00eatre remplies pour la certification et nous pouvons convenir des d\u00e9tails les plus fins et de l\u2019itin\u00e9raire complet\u00a0<a href=\"https:\/\/www.thefunkyturtle.com\/travel-to-koh-tao\/\" target=\"_blank\" rel=\"noopener\">avant votre arriv\u00e9e<\/a>.<\/p>\n<p><img decoding=\"async\" class=\"alignnone wp-image-312 size-large\" src=\"https:\/\/idckohtao.com\/wp-content\/uploads\/2023\/08\/idckohtao.com-padi-instructor-development-course-and-scuba-diving-internship-lifestyle-packages-on-kohtao-crystal-dive-pools-1024x683.jpg\" alt=\"idckohtao.com-padi-instructor-development-course-and-scuba-diving-internship-lifestyle-packages-on-kohtao-crystal-dive-pools\" width=\"1024\" height=\"683\" srcset=\"https:\/\/idckohtao.com\/wp-content\/uploads\/2023\/08\/idckohtao.com-padi-instructor-development-course-and-scuba-diving-internship-lifestyle-packages-on-kohtao-crystal-dive-pools-1024x683.jpg 1024w, https:\/\/idckohtao.com\/wp-content\/uploads\/2023\/08\/idckohtao.com-padi-instructor-development-course-and-scuba-diving-internship-lifestyle-packages-on-kohtao-crystal-dive-pools-300x200.jpg 300w, https:\/\/idckohtao.com\/wp-content\/uploads\/2023\/08\/idckohtao.com-padi-instructor-development-course-and-scuba-diving-internship-lifestyle-packages-on-kohtao-crystal-dive-pools-768x512.jpg 768w, https:\/\/idckohtao.com\/wp-content\/uploads\/2023\/08\/idckohtao.com-padi-instructor-development-course-and-scuba-diving-internship-lifestyle-packages-on-kohtao-crystal-dive-pools.jpg 1080w\" sizes=\"(max-width: 1024px) 100vw, 1024px\" \/><\/p>\n<h2>Pourquoi choisir IDC Koh Tao?<\/h2>\n<ul>\n<li><a href=\"https:\/\/idckohtao.com\/fr\/padi-course-director-andrea-warren\/\">Directeurs de cours PADI<\/a>\u00a0prim\u00e9s<\/li>\n<li>Le centre de plong\u00e9e PADI le plus prim\u00e9 de Koh Tao<\/li>\n<li>Assurance plongeur de niveau professionnel<\/li>\n<li>Programme de stages en milieu de travail r\u00e9el<\/li>\n<li>Horaire sur mesure et flexible<\/li>\n<li>Coordinateurs de programme d\u00e9di\u00e9s<\/li>\n<li>Leaders en \u00e9ducation \u00e0 la conservation marine<\/li>\n<li>Toutes les installations sont situ\u00e9es sur place<\/li>\n<li>Cours de vid\u00e9ographie sous-marine<\/li>\n<li>Cours d\u2019apn\u00e9e PADI<\/li>\n<li>Centre de d\u00e9veloppement de carri\u00e8re prim\u00e9 5 \u00e9toiles (CDC)<\/li>\n<\/ul>\n<p><a href=\"https:\/\/idckohtao.com\/fr\/\">IDC Koh Tao<\/a>\u00a0est un centre de d\u00e9veloppement de carri\u00e8re PADI (CDC) r\u00e9compens\u00e9 de 5 \u00e9toiles et multi r\u00e9compenses. Quelles que soient vos aspirations professionnelles en plong\u00e9e, nous pouvons vous proposer une offre de stage unique et sur mesure. Veuillez consulter notre FAQ ou envoyez-nous un message pour plus de d\u00e9tails.[\/vc_column_text]<div class=\"text-left\"><h3 class=\"section-title\">Les tarifs les plus comp\u00e9titifs partout en Tha\u00eflande<\/h3><div class=\"bt-course-price\"><a href=\"https:\/\/idckohtao.com\/fr\/packages-prices\/\" class=\"button\">R\u00c9SERVEZ<\/a><\/div><\/div>[\/vc_column][\/vc_row]<\/p>\n<\/div>","protected":false},"excerpt":{"rendered":"<p>[vc_row][vc_column][vc_column_text] Nos stages de plong\u00e9e sous-marine PADI vous offrent une exp\u00e9rience du monde r\u00e9el Stages de plong\u00e9e sous-marine modernes et flexibles Situ\u00e9 au\u00a0centre de plong\u00e9e Black Turtle Dive, IDC Koh Tao propose des stages de plong\u00e9e flexibles aux personnes qui souhaitent apprendre \u00e0 plonger sur une longue p\u00e9riode. Nous proposons une gamme compl\u00e8te de stages [&hellip;]<\/p>\n","protected":false},"author":1,"featured_media":5213,"parent":7934,"menu_order":0,"comment_status":"closed","ping_status":"closed","template":"","meta":{"_acf_changed":false,"footnotes":""},"class_list":["post-3485","page","type-page","status-publish","has-post-thumbnail","hentry"],"acf":[],"yoast_head":"<!-- This site is optimized with the Yoast SEO Premium plugin v27.5 (Yoast SEO v27.5) - https:\/\/yoast.com\/product\/yoast-seo-premium-wordpress\/ -->\n<title>Stages de plong\u00e9e sous-marine PADI Koh Tao Tha\u00eflande | IDC Koh Tao<\/title>\n<meta name=\"description\" content=\"Stages de plong\u00e9e sous-marine PADI \u00e0 Koh Tao, Tha\u00eflande. Cours de stage de plong\u00e9e complets au niveau Divemaster PADI et Instructor PADI avec une exp\u00e9rience de travail r\u00e9elle\" \/>\n<meta name=\"robots\" content=\"index, follow, max-snippet:-1, max-image-preview:large, max-video-preview:-1\" \/>\n<link rel=\"canonical\" href=\"https:\/\/idckohtao.com\/fr\/pro-level-courses\/scuba-diving-internships\/\" \/>\n<meta property=\"og:locale\" content=\"fr_FR\" \/>\n<meta property=\"og:type\" content=\"article\" \/>\n<meta property=\"og:title\" content=\"Stages de plong\u00e9e sous-marine PADI Koh Tao Tha\u00eflande | IDC Koh Tao\" \/>\n<meta property=\"og:description\" content=\"Stages de plong\u00e9e sous-marine PADI \u00e0 Koh Tao, Tha\u00eflande. Cours de stage de plong\u00e9e complets au niveau Divemaster PADI et Instructor PADI avec une exp\u00e9rience de travail r\u00e9elle\" \/>\n<meta property=\"og:url\" content=\"https:\/\/idckohtao.com\/fr\/pro-level-courses\/scuba-diving-internships\/\" \/>\n<meta property=\"og:site_name\" content=\"IDC Koh Tao\" \/>\n<meta property=\"article:publisher\" content=\"https:\/\/www.facebook.com\/GoProIDCKohTao\" \/>\n<meta property=\"article:modified_time\" content=\"2023-09-16T22:10:54+00:00\" \/>\n<meta property=\"og:image\" content=\"https:\/\/idckohtao.com\/wp-content\/uploads\/2023\/08\/padi-idc-koh-tao-idc-pool-training-course-director-lifestyle-packages.jpg\" \/>\n\t<meta property=\"og:image:width\" content=\"1042\" \/>\n\t<meta property=\"og:image:height\" content=\"630\" \/>\n\t<meta property=\"og:image:type\" content=\"image\/jpeg\" \/>\n<meta name=\"twitter:card\" content=\"summary_large_image\" \/>\n<meta name=\"twitter:title\" content=\"Stages de plong\u00e9e sous-marine PADI Koh Tao Tha\u00eflande | IDC Koh Tao\" \/>\n<meta name=\"twitter:description\" content=\"Stages de plong\u00e9e sous-marine PADI \u00e0 Koh Tao, Tha\u00eflande. Cours de stage de plong\u00e9e complets au niveau Divemaster PADI et Instructor PADI avec une exp\u00e9rience de travail r\u00e9elle\" \/>\n<meta name=\"twitter:image\" content=\"https:\/\/idckohtao.com\/wp-content\/uploads\/2023\/08\/padi-idc-koh-tao-idc-pool-training-course-director-lifestyle-packages.jpg\" \/>\n<meta name=\"twitter:site\" content=\"@GoProIDCKohTao\" \/>\n<!-- \/ Yoast SEO Premium plugin. -->","yoast_head_json":{"title":"Stages de plong\u00e9e sous-marine PADI Koh Tao Tha\u00eflande | IDC Koh Tao","description":"Stages de plong\u00e9e sous-marine PADI \u00e0 Koh Tao, Tha\u00eflande. Cours de stage de plong\u00e9e complets au niveau Divemaster PADI et Instructor PADI avec une exp\u00e9rience de travail r\u00e9elle","robots":{"index":"index","follow":"follow","max-snippet":"max-snippet:-1","max-image-preview":"max-image-preview:large","max-video-preview":"max-video-preview:-1"},"canonical":"https:\/\/idckohtao.com\/fr\/pro-level-courses\/scuba-diving-internships\/","og_locale":"fr_FR","og_type":"article","og_title":"Stages de plong\u00e9e sous-marine PADI Koh Tao Tha\u00eflande | IDC Koh Tao","og_description":"Stages de plong\u00e9e sous-marine PADI \u00e0 Koh Tao, Tha\u00eflande. Cours de stage de plong\u00e9e complets au niveau Divemaster PADI et Instructor PADI avec une exp\u00e9rience de travail r\u00e9elle","og_url":"https:\/\/idckohtao.com\/fr\/pro-level-courses\/scuba-diving-internships\/","og_site_name":"IDC Koh Tao","article_publisher":"https:\/\/www.facebook.com\/GoProIDCKohTao","article_modified_time":"2023-09-16T22:10:54+00:00","og_image":[{"width":1042,"height":630,"url":"https:\/\/idckohtao.com\/wp-content\/uploads\/2023\/08\/padi-idc-koh-tao-idc-pool-training-course-director-lifestyle-packages.jpg","type":"image\/jpeg"}],"twitter_card":"summary_large_image","twitter_title":"Stages de plong\u00e9e sous-marine PADI Koh Tao Tha\u00eflande | IDC Koh Tao","twitter_description":"Stages de plong\u00e9e sous-marine PADI \u00e0 Koh Tao, Tha\u00eflande. Cours de stage de plong\u00e9e complets au niveau Divemaster PADI et Instructor PADI avec une exp\u00e9rience de travail r\u00e9elle","twitter_image":"https:\/\/idckohtao.com\/wp-content\/uploads\/2023\/08\/padi-idc-koh-tao-idc-pool-training-course-director-lifestyle-packages.jpg","twitter_site":"@GoProIDCKohTao","schema":{"@context":"https:\/\/schema.org","@graph":[{"@type":"NewsArticle","@id":"https:\/\/idckohtao.com\/fr\/pro-level-courses\/scuba-diving-internships\/#article","isPartOf":{"@id":"https:\/\/idckohtao.com\/fr\/pro-level-courses\/scuba-diving-internships\/"},"author":{"name":"ojasya","@id":"https:\/\/idckohtao.com\/fr\/#\/schema\/person\/d08d557cbfdbc171f824052dae697b02"},"headline":"Stages De Plong\u00e9e","datePublished":"2023-08-09T07:58:41+00:00","dateModified":"2023-09-16T22:10:54+00:00","mainEntityOfPage":{"@id":"https:\/\/idckohtao.com\/fr\/pro-level-courses\/scuba-diving-internships\/"},"wordCount":838,"publisher":{"@id":"https:\/\/idckohtao.com\/fr\/#organization"},"image":{"@id":"https:\/\/idckohtao.com\/fr\/pro-level-courses\/scuba-diving-internships\/#primaryimage"},"thumbnailUrl":"https:\/\/idckohtao.com\/wp-content\/uploads\/2023\/09\/idckohtao.com-scuba-internships-in-thailand.jpg","inLanguage":"fr-FR"},{"@type":"WebPage","@id":"https:\/\/idckohtao.com\/fr\/pro-level-courses\/scuba-diving-internships\/","url":"https:\/\/idckohtao.com\/fr\/pro-level-courses\/scuba-diving-internships\/","name":"Stages de plong\u00e9e sous-marine PADI Koh Tao Tha\u00eflande | IDC Koh Tao","isPartOf":{"@id":"https:\/\/idckohtao.com\/fr\/#website"},"primaryImageOfPage":{"@id":"https:\/\/idckohtao.com\/fr\/pro-level-courses\/scuba-diving-internships\/#primaryimage"},"image":{"@id":"https:\/\/idckohtao.com\/fr\/pro-level-courses\/scuba-diving-internships\/#primaryimage"},"thumbnailUrl":"https:\/\/idckohtao.com\/wp-content\/uploads\/2023\/09\/idckohtao.com-scuba-internships-in-thailand.jpg","datePublished":"2023-08-09T07:58:41+00:00","dateModified":"2023-09-16T22:10:54+00:00","description":"Stages de plong\u00e9e sous-marine PADI \u00e0 Koh Tao, Tha\u00eflande. Cours de stage de plong\u00e9e complets au niveau Divemaster PADI et Instructor PADI avec une exp\u00e9rience de travail r\u00e9elle","breadcrumb":{"@id":"https:\/\/idckohtao.com\/fr\/pro-level-courses\/scuba-diving-internships\/#breadcrumb"},"inLanguage":"fr-FR","potentialAction":[{"@type":"ReadAction","target":["https:\/\/idckohtao.com\/fr\/pro-level-courses\/scuba-diving-internships\/"]}]},{"@type":"ImageObject","inLanguage":"fr-FR","@id":"https:\/\/idckohtao.com\/fr\/pro-level-courses\/scuba-diving-internships\/#primaryimage","url":"https:\/\/idckohtao.com\/wp-content\/uploads\/2023\/09\/idckohtao.com-scuba-internships-in-thailand.jpg","contentUrl":"https:\/\/idckohtao.com\/wp-content\/uploads\/2023\/09\/idckohtao.com-scuba-internships-in-thailand.jpg","width":1200,"height":900,"caption":"Scuba Internships in Thailand"},{"@type":"BreadcrumbList","@id":"https:\/\/idckohtao.com\/fr\/pro-level-courses\/scuba-diving-internships\/#breadcrumb","itemListElement":[{"@type":"ListItem","position":1,"name":"Home","item":"https:\/\/idckohtao.com\/fr\/"},{"@type":"ListItem","position":2,"name":"Pro level","item":"https:\/\/idckohtao.com\/fr\/pro-level-courses\/"},{"@type":"ListItem","position":3,"name":"Stages De Plong\u00e9e"}]},{"@type":"WebSite","@id":"https:\/\/idckohtao.com\/fr\/#website","url":"https:\/\/idckohtao.com\/fr\/","name":"IDC Koh Tao","description":"PADI IDC 5 Star Diving Center in Koh Tao - Thailand","publisher":{"@id":"https:\/\/idckohtao.com\/fr\/#organization"},"alternateName":"IDC Koh Tao in Thailand","potentialAction":[{"@type":"SearchAction","target":{"@type":"EntryPoint","urlTemplate":"https:\/\/idckohtao.com\/fr\/?s={search_term_string}"},"query-input":{"@type":"PropertyValueSpecification","valueRequired":true,"valueName":"search_term_string"}}],"inLanguage":"fr-FR"},{"@type":"Organization","@id":"https:\/\/idckohtao.com\/fr\/#organization","name":"IDC Koh Tao","alternateName":"IDC Koh Tao | Divemaster & Diving Instructor","url":"https:\/\/idckohtao.com\/fr\/","logo":{"@type":"ImageObject","inLanguage":"fr-FR","@id":"https:\/\/idckohtao.com\/fr\/#\/schema\/logo\/image\/","url":"https:\/\/idckohtao.com\/wp-content\/uploads\/2023\/09\/idckohtao.com-padi-diving-center-in-koh-tao-thailand.png","contentUrl":"https:\/\/idckohtao.com\/wp-content\/uploads\/2023\/09\/idckohtao.com-padi-diving-center-in-koh-tao-thailand.png","width":400,"height":300,"caption":"IDC Koh Tao"},"image":{"@id":"https:\/\/idckohtao.com\/fr\/#\/schema\/logo\/image\/"},"sameAs":["https:\/\/www.facebook.com\/GoProIDCKohTao","https:\/\/x.com\/GoProIDCKohTao","https:\/\/www.youtube.com\/idckohtao","https:\/\/www.instagram.com\/idc.kohtao\/"],"description":"IDC Koh Tao is a part of the Black Turtle Dive pro level training team with three PADI Course Directors being led by Award Winning PADI Course Director Matt Bolton. Our full range of pro and recreational PADI Diving Courses provides aspiring scuba divers with education, fun, excitement, adventure, and a change of lifestyle or an opportunity to pursue a new career.","email":"info@idckohtao.com","legalName":"IDC Koh Tao","foundingDate":"2004-01-04","numberOfEmployees":{"@type":"QuantitativeValue","minValue":"1","maxValue":"10"},"correctionsPolicy":"https:\/\/idckohtao.com\/privacy-policy\/","ethicsPolicy":"https:\/\/idckohtao.com\/terms\/"},{"@type":"Person","@id":"https:\/\/idckohtao.com\/fr\/#\/schema\/person\/d08d557cbfdbc171f824052dae697b02","name":"ojasya","image":{"@type":"ImageObject","inLanguage":"fr-FR","@id":"https:\/\/secure.gravatar.com\/avatar\/6fb34e36d09053a6545fc21d344613321bb1933f185132488f38052166f5a001?s=96&d=mm&r=g","url":"https:\/\/secure.gravatar.com\/avatar\/6fb34e36d09053a6545fc21d344613321bb1933f185132488f38052166f5a001?s=96&d=mm&r=g","contentUrl":"https:\/\/secure.gravatar.com\/avatar\/6fb34e36d09053a6545fc21d344613321bb1933f185132488f38052166f5a001?s=96&d=mm&r=g","caption":"ojasya"},"sameAs":["https:\/\/idckohtao.com"],"url":"https:\/\/idckohtao.com\/fr\/blog\/author\/ojasya\/"}]}},"_links":{"self":[{"href":"https:\/\/idckohtao.com\/fr\/wp-json\/wp\/v2\/pages\/3485","targetHints":{"allow":["GET"]}}],"collection":[{"href":"https:\/\/idckohtao.com\/fr\/wp-json\/wp\/v2\/pages"}],"about":[{"href":"https:\/\/idckohtao.com\/fr\/wp-json\/wp\/v2\/types\/page"}],"author":[{"embeddable":true,"href":"https:\/\/idckohtao.com\/fr\/wp-json\/wp\/v2\/users\/1"}],"replies":[{"embeddable":true,"href":"https:\/\/idckohtao.com\/fr\/wp-json\/wp\/v2\/comments?post=3485"}],"version-history":[{"count":0,"href":"https:\/\/idckohtao.com\/fr\/wp-json\/wp\/v2\/pages\/3485\/revisions"}],"up":[{"embeddable":true,"href":"https:\/\/idckohtao.com\/fr\/wp-json\/wp\/v2\/pages\/7934"}],"wp:featuredmedia":[{"embeddable":true,"href":"https:\/\/idckohtao.com\/fr\/wp-json\/wp\/v2\/media\/5213"}],"wp:attachment":[{"href":"https:\/\/idckohtao.com\/fr\/wp-json\/wp\/v2\/media?parent=3485"}],"curies":[{"name":"wp","href":"https:\/\/api.w.org\/{rel}","templated":true}]}}