{"id":3489,"date":"2023-08-11T08:01:01","date_gmt":"2023-08-11T08:01:01","guid":{"rendered":"https:\/\/idckohtao.com\/search-recovery-instructor-specialty\/"},"modified":"2026-01-01T09:23:49","modified_gmt":"2026-01-01T09:23:49","slug":"search-recovery-instructor-specialty","status":"publish","type":"page","link":"https:\/\/idckohtao.com\/fr\/pro-level-courses\/search-recovery-instructor-specialty\/","title":{"rendered":"Sp\u00e9cialit\u00e9 D&rsquo;instructeur De Recherche Et R\u00e9cup\u00e9ration"},"content":{"rendered":"<div class=\"wpb-content-wrapper\"><p>[vc_row][vc_column][vc_column_text css=\u00a0\u00bb\u00a0\u00bb]<\/p>\n<h2>Cours d\u2019instructeur sp\u00e9cialis\u00e9 PADI in Koh Tao<\/h2>\n<p>Si vous avez d\u00e9j\u00e0 perdu quelque chose dans l\u2019eau \u00e0 partir d\u2019un bateau ou pendant la plong\u00e9e et que vous souhaitez le trouver et le r\u00e9cup\u00e9rer, vous devrez comprendre comment organiser, planifier et ex\u00e9cuter les proc\u00e9dures de recherche et de r\u00e9cup\u00e9ration avec pr\u00e9cision.<\/p>\n<p>Il y a une \u00e9norme diff\u00e9rence entre un groupe de plongeurs cherchant au hasard quelque chose sous l\u2019eau et une recherche organis\u00e9e utilisant des techniques appropri\u00e9es de recherche et de r\u00e9cup\u00e9ration. La fa\u00e7on dont vous vous y prendrez fera la diff\u00e9rence entre le succ\u00e8s et l\u2019\u00e9chec.<\/p>\n<p>En tant qu\u2019instructeur sp\u00e9cialis\u00e9 Recherche et R\u00e9cup\u00e9ration PADI, vous enseignerez \u00e0 vos \u00e9l\u00e8ves des moyens efficaces de rechercher des objets sous l\u2019eau qui augmenteront vos chances de r\u00e9ussir \u00e0 trouver des objets manquants.<\/p>\n<p>Vous enseignerez \u00e9galement les diff\u00e9rentes techniques de levage utilis\u00e9es pour amener en toute s\u00e9curit\u00e9 des objets de diff\u00e9rentes tailles et formes \u00e0 la surface. La recherche et la r\u00e9cup\u00e9ration peuvent \u00eatre difficiles mais aussi tr\u00e8s amusantes.<\/p>\n<p><img decoding=\"async\" class=\"alignnone wp-image-966 size-large\" src=\"https:\/\/idckohtao.com\/wp-content\/uploads\/2023\/08\/crystal-dive-koh-tao-divemaster-open-water-workshops-rig-and-lift-1024x768.jpg\" alt=\"crystal-dive-koh-tao-divemaster-open-water-workshops-rig-and-lift\" width=\"1024\" height=\"768\" srcset=\"https:\/\/idckohtao.com\/wp-content\/uploads\/2023\/08\/crystal-dive-koh-tao-divemaster-open-water-workshops-rig-and-lift-1024x768.jpg 1024w, https:\/\/idckohtao.com\/wp-content\/uploads\/2023\/08\/crystal-dive-koh-tao-divemaster-open-water-workshops-rig-and-lift-300x225.jpg 300w, https:\/\/idckohtao.com\/wp-content\/uploads\/2023\/08\/crystal-dive-koh-tao-divemaster-open-water-workshops-rig-and-lift-768x576.jpg 768w, https:\/\/idckohtao.com\/wp-content\/uploads\/2023\/08\/crystal-dive-koh-tao-divemaster-open-water-workshops-rig-and-lift.jpg 1080w\" sizes=\"(max-width: 1024px) 100vw, 1024px\" \/><\/p>\n<p><strong>Plong\u00e9es de Recherche &amp; R\u00e9cup\u00e9ration autour de Koh Tao<br \/>\n<\/strong><\/p>\n<p>La topographie, les profondeurs et les conditions diff\u00e9rentes sur les sites de plong\u00e9e autour de Koh Tao en font un endroit parfait pour les plongeurs en recherche et r\u00e9cup\u00e9ration. En tant qu\u2019instructeur sp\u00e9cialis\u00e9 Recherche et R\u00e9cup\u00e9ration PADI, vous effectuerez des exercices avec des \u00e9l\u00e8ves plongeurs qui identifieront les probl\u00e8mes, les dangers et les techniques utilis\u00e9es dans les techniques de recherche, de navigation et de levage.<\/p>\n<p>Sur un site de plong\u00e9e adapt\u00e9 \u00e0 ce type d\u2019entra\u00eenement, vous effectuerez des recherches sous-marines \u00e0 l\u2019aide de la boussole et de la navigation naturelle. De plus, vous utiliserez des sacs de levage et d\u2019autres m\u00e9thodes de r\u00e9cup\u00e9ration adapt\u00e9es pour \u00e9lever en toute s\u00e9curit\u00e9 des objets de diff\u00e9rentes tailles et formes du fond marin. Apr\u00e8s avoir termin\u00e9 ce cours, vous serez l\u2019instructeur sp\u00e9cialis\u00e9 avec lequel tout le monde voudra plonger.<\/p>\n<p><strong>Qui peut s\u2019inscrire au cours d\u2019instructeur de sp\u00e9cialit\u00e9 Recherche et R\u00e9cup\u00e9ration PADI?<br \/>\n<\/strong><\/p>\n<p>Un\u00a0<a href=\"https:\/\/idckohtao.com\/fr\/pro-level-courses\/padi-instructor-development-course\/\">Instructeur PADI (OWSI)<\/a>\u00a0renouvel\u00e9<\/p>\n<p><strong>Remarque<\/strong>: les candidats IDC \/ OWSI peuvent participer au cours de formation de sp\u00e9cialit\u00e9 d\u2019instructeur Recherche et R\u00e9cup\u00e9ration PADI, mais ne peuvent demander la certification d\u2019instructeur de sp\u00e9cialit\u00e9 qu\u2019apr\u00e8s avoir r\u00e9ussi l\u2019examen pour instructeur (IE).<\/p>\n<p>Les instructeurs sp\u00e9cialis\u00e9s en recherche et r\u00e9cup\u00e9ration doivent avoir suivi un cours de formation suivi par un Directeur de cours PADI et avoir prouv\u00e9 leur exp\u00e9rience avant la certification. Il s\u2019agit d\u2019une exigence de sortie de cours.<\/p>\n<h2>Ce que vous apprendrez<\/h2>\n<p>Vous participerez aux sessions suivantes:<\/p>\n<ul>\n<li>Pr\u00e9senter et \u00eatre \u00e9valu\u00e9 sur une pr\u00e9sentation normative de la r\u00e9vision des connaissances de sp\u00e9cialit\u00e9 du plongeur de recherche et de r\u00e9cup\u00e9ration<\/li>\n<li>Recherche et R\u00e9cup\u00e9ration sp\u00e9cialit\u00e9 PADI normes, proc\u00e9dures et programme d\u2019\u00e9tudes<\/li>\n<li>Comment organiser et animer le cours de sp\u00e9cialit\u00e9 Recherche et R\u00e9cup\u00e9ration PADI<\/li>\n<li>Sessions de formation en eau libre \u2013 o\u00f9 vous apprendrez comment d\u00e9montrer, ex\u00e9cuter et \u00e9valuer les comp\u00e9tences de niveau \u00e9tudiant du cours de sp\u00e9cialit\u00e9 Recherche et R\u00e9cup\u00e9ration PADI<\/li>\n<\/ul>\n<p>Vous effectuerez les plong\u00e9es de formation en eau libre sur un ou plusieurs des nombreux sites de plong\u00e9e locaux adapt\u00e9s \u00e0 ce type de formation.<\/p>\n<p>En tant qu\u2019instructeur sp\u00e9cialis\u00e9 Recherche et R\u00e9cup\u00e9ration PADI, vous \u00eates certifi\u00e9 pour enseigner ind\u00e9pendamment le <strong><span style=\"text-decoration: underline;\">cours sp\u00e9cialis\u00e9 Recherche et R\u00e9cup\u00e9ration PADI<\/span><\/strong>.<\/p>\n<p><img decoding=\"async\" class=\"alignnone wp-image-965 size-large\" src=\"https:\/\/idckohtao.com\/wp-content\/uploads\/2023\/08\/crystal-dive-koh-tao-tying-knots-inflate-lift-bag-1024x768.jpg\" alt=\"crystal-dive-koh-tao-tying-knots-inflate-lift-bag\" width=\"1024\" height=\"768\" srcset=\"https:\/\/idckohtao.com\/wp-content\/uploads\/2023\/08\/crystal-dive-koh-tao-tying-knots-inflate-lift-bag-1024x768.jpg 1024w, https:\/\/idckohtao.com\/wp-content\/uploads\/2023\/08\/crystal-dive-koh-tao-tying-knots-inflate-lift-bag-300x225.jpg 300w, https:\/\/idckohtao.com\/wp-content\/uploads\/2023\/08\/crystal-dive-koh-tao-tying-knots-inflate-lift-bag-768x576.jpg 768w, https:\/\/idckohtao.com\/wp-content\/uploads\/2023\/08\/crystal-dive-koh-tao-tying-knots-inflate-lift-bag.jpg 1080w\" sizes=\"(max-width: 1024px) 100vw, 1024px\" \/>[\/vc_column_text]<div class=\"text-left\"><div class=\"bt-course-price\"><h4>Prix du cours: 4.000 THB<\/h4><a href=\"https:\/\/idckohtao.com\/nl\/packages-prices\" class=\"button\">RESERVEER ONLINE<\/a><\/div><\/div>[vc_column_text css=\u00a0\u00bb\u00a0\u00bb]<\/p>\n<h3>Mat\u00e9riaux PADI:<\/h3>\n<p><i>Veuillez apporter le mat\u00e9riel suivant avec votre manuel d\u2019instructeur de cours de sp\u00e9cialit\u00e9 PADI. Vous les avez re\u00e7ues dans le cadre du \u2018IDC Crewpack\u2019 pendant votre IDC. \u2013 Manuel de l\u2019instructeur des cours de sp\u00e9cialit\u00e9 PADI (CD-Rom)<br \/>\n<\/i><\/p>\n<p>De plus, vous aurez besoin d\u2019une copie du manuel de l\u2019instructeur PADI. Depuis 2010, le manuel de l\u2019instructeur est disponible en t\u00e9l\u00e9chargement gratuit pour tous les membres PADI renouvel\u00e9s sur\u00a0<a href=\"https:\/\/www.padi.com\/mypadi\/\" target=\"_blank\" rel=\"noopener\">www.padi.com\/mypadi<\/a><\/p>\n<h3>Frais PADI<\/h3>\n<p>Instructeur du Sp\u00e9cialit\u00e9 Recherche &amp; R\u00e9cup\u00e9ration PADI frais de candidature:\u00a0<strong>145 AUD$<\/strong>[\/vc_column_text][\/vc_column][\/vc_row]<\/p>\n<\/div>","protected":false},"excerpt":{"rendered":"<p>[vc_row][vc_column][vc_column_text css=\u00a0\u00bb\u00a0\u00bb] Cours d\u2019instructeur sp\u00e9cialis\u00e9 PADI in Koh Tao Si vous avez d\u00e9j\u00e0 perdu quelque chose dans l\u2019eau \u00e0 partir d\u2019un bateau ou pendant la plong\u00e9e et que vous souhaitez le trouver et le r\u00e9cup\u00e9rer, vous devrez comprendre comment organiser, planifier et ex\u00e9cuter les proc\u00e9dures de recherche et de r\u00e9cup\u00e9ration avec pr\u00e9cision. Il y a [&hellip;]<\/p>\n","protected":false},"author":1,"featured_media":5109,"parent":7934,"menu_order":0,"comment_status":"closed","ping_status":"closed","template":"","meta":{"_acf_changed":false,"footnotes":""},"class_list":["post-3489","page","type-page","status-publish","has-post-thumbnail","hentry"],"acf":[],"yoast_head":"<!-- This site is optimized with the Yoast SEO Premium plugin v27.5 (Yoast SEO v27.5) - https:\/\/yoast.com\/product\/yoast-seo-premium-wordpress\/ -->\n<title>Cours sp\u00e9cialis\u00e9 de recherche et de r\u00e9cup\u00e9ration PADI<\/title>\n<meta name=\"description\" content=\"Notre cours d&#039;instructeur sp\u00e9cialis\u00e9 en recherche et r\u00e9cup\u00e9ration PADI sur Koh Tao vous certifie d&#039;enseigner aux \u00e9tudiants des moyens efficaces de rechercher des objets sous l&#039;eau\" \/>\n<meta name=\"robots\" content=\"index, follow, max-snippet:-1, max-image-preview:large, max-video-preview:-1\" \/>\n<link rel=\"canonical\" href=\"https:\/\/idckohtao.com\/fr\/pro-level-courses\/search-recovery-instructor-specialty\/\" \/>\n<meta property=\"og:locale\" content=\"fr_FR\" \/>\n<meta property=\"og:type\" content=\"article\" \/>\n<meta property=\"og:title\" content=\"IDC Koh Tao | Cours sp\u00e9cialis\u00e9 de recherche et de r\u00e9cup\u00e9ration PADI\" \/>\n<meta property=\"og:description\" content=\"Notre cours d&#039;instructeur sp\u00e9cialis\u00e9 en recherche et r\u00e9cup\u00e9ration PADI sur Koh Tao vous certifie d&#039;enseigner aux \u00e9tudiants des moyens efficaces de rechercher des objets sous l&#039;eau\" \/>\n<meta property=\"og:url\" content=\"https:\/\/idckohtao.com\/fr\/pro-level-courses\/search-recovery-instructor-specialty\/\" \/>\n<meta property=\"og:site_name\" content=\"IDC Koh Tao\" \/>\n<meta property=\"article:publisher\" content=\"https:\/\/www.facebook.com\/GoProIDCKohTao\" \/>\n<meta property=\"article:modified_time\" content=\"2026-01-01T09:23:49+00:00\" \/>\n<meta property=\"og:image\" content=\"https:\/\/idckohtao.com\/wp-content\/uploads\/2023\/09\/idckohtao.com-search-and-recovery-specialty-instructor-koh-tao.jpeg\" \/>\n\t<meta property=\"og:image:width\" content=\"1200\" \/>\n\t<meta property=\"og:image:height\" content=\"900\" \/>\n\t<meta property=\"og:image:type\" content=\"image\/jpeg\" \/>\n<meta name=\"twitter:card\" content=\"summary_large_image\" \/>\n<meta name=\"twitter:title\" content=\"IDC Koh Tao | Cours sp\u00e9cialis\u00e9 de recherche et de r\u00e9cup\u00e9ration PADI\" \/>\n<meta name=\"twitter:description\" content=\"Notre cours d&#039;instructeur sp\u00e9cialis\u00e9 en recherche et r\u00e9cup\u00e9ration PADI sur Koh Tao vous certifie d&#039;enseigner aux \u00e9tudiants des moyens efficaces de rechercher des objets sous l&#039;eau\" \/>\n<meta name=\"twitter:site\" content=\"@GoProIDCKohTao\" \/>\n<!-- \/ Yoast SEO Premium plugin. -->","yoast_head_json":{"title":"Cours sp\u00e9cialis\u00e9 de recherche et de r\u00e9cup\u00e9ration PADI","description":"Notre cours d'instructeur sp\u00e9cialis\u00e9 en recherche et r\u00e9cup\u00e9ration PADI sur Koh Tao vous certifie d'enseigner aux \u00e9tudiants des moyens efficaces de rechercher des objets sous l'eau","robots":{"index":"index","follow":"follow","max-snippet":"max-snippet:-1","max-image-preview":"max-image-preview:large","max-video-preview":"max-video-preview:-1"},"canonical":"https:\/\/idckohtao.com\/fr\/pro-level-courses\/search-recovery-instructor-specialty\/","og_locale":"fr_FR","og_type":"article","og_title":"IDC Koh Tao | Cours sp\u00e9cialis\u00e9 de recherche et de r\u00e9cup\u00e9ration PADI","og_description":"Notre cours d'instructeur sp\u00e9cialis\u00e9 en recherche et r\u00e9cup\u00e9ration PADI sur Koh Tao vous certifie d'enseigner aux \u00e9tudiants des moyens efficaces de rechercher des objets sous l'eau","og_url":"https:\/\/idckohtao.com\/fr\/pro-level-courses\/search-recovery-instructor-specialty\/","og_site_name":"IDC Koh Tao","article_publisher":"https:\/\/www.facebook.com\/GoProIDCKohTao","article_modified_time":"2026-01-01T09:23:49+00:00","og_image":[{"width":1200,"height":900,"url":"https:\/\/idckohtao.com\/wp-content\/uploads\/2023\/09\/idckohtao.com-search-and-recovery-specialty-instructor-koh-tao.jpeg","type":"image\/jpeg"}],"twitter_card":"summary_large_image","twitter_title":"IDC Koh Tao | Cours sp\u00e9cialis\u00e9 de recherche et de r\u00e9cup\u00e9ration PADI","twitter_description":"Notre cours d'instructeur sp\u00e9cialis\u00e9 en recherche et r\u00e9cup\u00e9ration PADI sur Koh Tao vous certifie d'enseigner aux \u00e9tudiants des moyens efficaces de rechercher des objets sous l'eau","twitter_site":"@GoProIDCKohTao","schema":{"@context":"https:\/\/schema.org","@graph":[{"@type":"NewsArticle","@id":"https:\/\/idckohtao.com\/fr\/pro-level-courses\/search-recovery-instructor-specialty\/#article","isPartOf":{"@id":"https:\/\/idckohtao.com\/fr\/pro-level-courses\/search-recovery-instructor-specialty\/"},"author":{"name":"ojasya","@id":"https:\/\/idckohtao.com\/fr\/#\/schema\/person\/d08d557cbfdbc171f824052dae697b02"},"headline":"Sp\u00e9cialit\u00e9 D&rsquo;instructeur De Recherche Et R\u00e9cup\u00e9ration","datePublished":"2023-08-11T08:01:01+00:00","dateModified":"2026-01-01T09:23:49+00:00","mainEntityOfPage":{"@id":"https:\/\/idckohtao.com\/fr\/pro-level-courses\/search-recovery-instructor-specialty\/"},"wordCount":773,"publisher":{"@id":"https:\/\/idckohtao.com\/fr\/#organization"},"image":{"@id":"https:\/\/idckohtao.com\/fr\/pro-level-courses\/search-recovery-instructor-specialty\/#primaryimage"},"thumbnailUrl":"https:\/\/idckohtao.com\/wp-content\/uploads\/2023\/09\/idckohtao.com-search-and-recovery-specialty-instructor-koh-tao.jpeg","inLanguage":"fr-FR"},{"@type":"WebPage","@id":"https:\/\/idckohtao.com\/fr\/pro-level-courses\/search-recovery-instructor-specialty\/","url":"https:\/\/idckohtao.com\/fr\/pro-level-courses\/search-recovery-instructor-specialty\/","name":"Cours sp\u00e9cialis\u00e9 de recherche et de r\u00e9cup\u00e9ration PADI","isPartOf":{"@id":"https:\/\/idckohtao.com\/fr\/#website"},"primaryImageOfPage":{"@id":"https:\/\/idckohtao.com\/fr\/pro-level-courses\/search-recovery-instructor-specialty\/#primaryimage"},"image":{"@id":"https:\/\/idckohtao.com\/fr\/pro-level-courses\/search-recovery-instructor-specialty\/#primaryimage"},"thumbnailUrl":"https:\/\/idckohtao.com\/wp-content\/uploads\/2023\/09\/idckohtao.com-search-and-recovery-specialty-instructor-koh-tao.jpeg","datePublished":"2023-08-11T08:01:01+00:00","dateModified":"2026-01-01T09:23:49+00:00","description":"Notre cours d'instructeur sp\u00e9cialis\u00e9 en recherche et r\u00e9cup\u00e9ration PADI sur Koh Tao vous certifie d'enseigner aux \u00e9tudiants des moyens efficaces de rechercher des objets sous l'eau","breadcrumb":{"@id":"https:\/\/idckohtao.com\/fr\/pro-level-courses\/search-recovery-instructor-specialty\/#breadcrumb"},"inLanguage":"fr-FR","potentialAction":[{"@type":"ReadAction","target":["https:\/\/idckohtao.com\/fr\/pro-level-courses\/search-recovery-instructor-specialty\/"]}]},{"@type":"ImageObject","inLanguage":"fr-FR","@id":"https:\/\/idckohtao.com\/fr\/pro-level-courses\/search-recovery-instructor-specialty\/#primaryimage","url":"https:\/\/idckohtao.com\/wp-content\/uploads\/2023\/09\/idckohtao.com-search-and-recovery-specialty-instructor-koh-tao.jpeg","contentUrl":"https:\/\/idckohtao.com\/wp-content\/uploads\/2023\/09\/idckohtao.com-search-and-recovery-specialty-instructor-koh-tao.jpeg","width":1200,"height":900,"caption":"Search & Recovery Instructor Specialty course in Thailand"},{"@type":"BreadcrumbList","@id":"https:\/\/idckohtao.com\/fr\/pro-level-courses\/search-recovery-instructor-specialty\/#breadcrumb","itemListElement":[{"@type":"ListItem","position":1,"name":"Home","item":"https:\/\/idckohtao.com\/fr\/"},{"@type":"ListItem","position":2,"name":"Pro level","item":"https:\/\/idckohtao.com\/fr\/pro-level-courses\/"},{"@type":"ListItem","position":3,"name":"Sp\u00e9cialit\u00e9 D&rsquo;instructeur De Recherche Et R\u00e9cup\u00e9ration"}]},{"@type":"WebSite","@id":"https:\/\/idckohtao.com\/fr\/#website","url":"https:\/\/idckohtao.com\/fr\/","name":"IDC Koh Tao","description":"PADI IDC 5 Star Diving Center in Koh Tao - Thailand","publisher":{"@id":"https:\/\/idckohtao.com\/fr\/#organization"},"alternateName":"IDC Koh Tao in Thailand","potentialAction":[{"@type":"SearchAction","target":{"@type":"EntryPoint","urlTemplate":"https:\/\/idckohtao.com\/fr\/?s={search_term_string}"},"query-input":{"@type":"PropertyValueSpecification","valueRequired":true,"valueName":"search_term_string"}}],"inLanguage":"fr-FR"},{"@type":"Organization","@id":"https:\/\/idckohtao.com\/fr\/#organization","name":"IDC Koh Tao","alternateName":"IDC Koh Tao | Divemaster & Diving Instructor","url":"https:\/\/idckohtao.com\/fr\/","logo":{"@type":"ImageObject","inLanguage":"fr-FR","@id":"https:\/\/idckohtao.com\/fr\/#\/schema\/logo\/image\/","url":"https:\/\/idckohtao.com\/wp-content\/uploads\/2023\/09\/idckohtao.com-padi-diving-center-in-koh-tao-thailand.png","contentUrl":"https:\/\/idckohtao.com\/wp-content\/uploads\/2023\/09\/idckohtao.com-padi-diving-center-in-koh-tao-thailand.png","width":400,"height":300,"caption":"IDC Koh Tao"},"image":{"@id":"https:\/\/idckohtao.com\/fr\/#\/schema\/logo\/image\/"},"sameAs":["https:\/\/www.facebook.com\/GoProIDCKohTao","https:\/\/x.com\/GoProIDCKohTao","https:\/\/www.youtube.com\/idckohtao","https:\/\/www.instagram.com\/idc.kohtao\/"],"description":"IDC Koh Tao is a part of the Black Turtle Dive pro level training team with three PADI Course Directors being led by Award Winning PADI Course Director Matt Bolton. Our full range of pro and recreational PADI Diving Courses provides aspiring scuba divers with education, fun, excitement, adventure, and a change of lifestyle or an opportunity to pursue a new career.","email":"info@idckohtao.com","legalName":"IDC Koh Tao","foundingDate":"2004-01-04","numberOfEmployees":{"@type":"QuantitativeValue","minValue":"1","maxValue":"10"},"correctionsPolicy":"https:\/\/idckohtao.com\/privacy-policy\/","ethicsPolicy":"https:\/\/idckohtao.com\/terms\/"},{"@type":"Person","@id":"https:\/\/idckohtao.com\/fr\/#\/schema\/person\/d08d557cbfdbc171f824052dae697b02","name":"ojasya","image":{"@type":"ImageObject","inLanguage":"fr-FR","@id":"https:\/\/secure.gravatar.com\/avatar\/6fb34e36d09053a6545fc21d344613321bb1933f185132488f38052166f5a001?s=96&d=mm&r=g","url":"https:\/\/secure.gravatar.com\/avatar\/6fb34e36d09053a6545fc21d344613321bb1933f185132488f38052166f5a001?s=96&d=mm&r=g","contentUrl":"https:\/\/secure.gravatar.com\/avatar\/6fb34e36d09053a6545fc21d344613321bb1933f185132488f38052166f5a001?s=96&d=mm&r=g","caption":"ojasya"},"sameAs":["https:\/\/idckohtao.com"],"url":"https:\/\/idckohtao.com\/fr\/blog\/author\/ojasya\/"}]}},"_links":{"self":[{"href":"https:\/\/idckohtao.com\/fr\/wp-json\/wp\/v2\/pages\/3489","targetHints":{"allow":["GET"]}}],"collection":[{"href":"https:\/\/idckohtao.com\/fr\/wp-json\/wp\/v2\/pages"}],"about":[{"href":"https:\/\/idckohtao.com\/fr\/wp-json\/wp\/v2\/types\/page"}],"author":[{"embeddable":true,"href":"https:\/\/idckohtao.com\/fr\/wp-json\/wp\/v2\/users\/1"}],"replies":[{"embeddable":true,"href":"https:\/\/idckohtao.com\/fr\/wp-json\/wp\/v2\/comments?post=3489"}],"version-history":[{"count":2,"href":"https:\/\/idckohtao.com\/fr\/wp-json\/wp\/v2\/pages\/3489\/revisions"}],"predecessor-version":[{"id":7568,"href":"https:\/\/idckohtao.com\/fr\/wp-json\/wp\/v2\/pages\/3489\/revisions\/7568"}],"up":[{"embeddable":true,"href":"https:\/\/idckohtao.com\/fr\/wp-json\/wp\/v2\/pages\/7934"}],"wp:featuredmedia":[{"embeddable":true,"href":"https:\/\/idckohtao.com\/fr\/wp-json\/wp\/v2\/media\/5109"}],"wp:attachment":[{"href":"https:\/\/idckohtao.com\/fr\/wp-json\/wp\/v2\/media?parent=3489"}],"curies":[{"name":"wp","href":"https:\/\/api.w.org\/{rel}","templated":true}]}}