{"id":3526,"date":"2023-08-10T08:39:18","date_gmt":"2023-08-10T08:39:18","guid":{"rendered":"https:\/\/idckohtao.com\/sidemount-instructor-specialty\/"},"modified":"2026-01-01T09:34:55","modified_gmt":"2026-01-01T09:34:55","slug":"sidemount-instructor-specialty","status":"publish","type":"page","link":"https:\/\/idckohtao.com\/fr\/pro-level-courses\/sidemount-instructor-specialty\/","title":{"rendered":"Sp\u00e9cialit\u00e9 D&rsquo;instructeur Sidemount"},"content":{"rendered":"<div class=\"wpb-content-wrapper\"><p>[vc_row][vc_column][vc_column_text css=\u00a0\u00bb\u00a0\u00bb]<\/p>\n<h2>Cours d\u2019instructeur sp\u00e9cialis\u00e9 PADI Sidemount Diver Koh Tao<\/h2>\n<p>Doublez les bouteilles, doublez l\u2019air, doublez votre temps de plong\u00e9e, plonger sur une configuration \u00e0 deux bouteilles n\u2019a jamais \u00e9t\u00e9 aussi populaire.<\/p>\n<p>Il existe de nombreux\u00a0<a href=\"https:\/\/idckohtao.com\/fr\/\">plongeurs<\/a>\u00a0qui ne peuvent pas couvrir le site de plong\u00e9e en raison compl\u00e8te \u00e0 cause de la consommation d\u2019air ou, comme nous, tous aimeraient rester sous l\u2019eau plus longtemps.<\/p>\n<p>Non seulement une configuration sidemount vous permet de maximiser votre temps de fond, mais c\u2019est une fa\u00e7on plus s\u00fbre de plonger.<\/p>\n<p>Avoir plus d\u2019air sur une plong\u00e9e vous permet de planifier votre plong\u00e9e de mani\u00e8re \u00e0 avoir une plus grande r\u00e9serve pour vous ou votre bin\u00f4me dans le cas peu probable d\u2019une panne d\u2019\u00e9quipement ou d\u2019une erreur de plongeur.<\/p>\n<p>Il vous apprend \u00e0 g\u00e9rer les probl\u00e8mes sous l\u2019eau plus efficacement et \u00e0 avoir plus confiance en vous sous l\u2019eau.<\/p>\n<p>Pour les autres plongeurs, ils choisissent sidemount en raison des avantages pour la sant\u00e9. La configuration \u00e9tant du c\u00f4t\u00e9 du plongeur, elle enl\u00e8ve le poids du dos et peut \u00eatre une option de soulagement de la douleur pour de nombreuses personnes souffrant de probl\u00e8mes de dos.<\/p>\n<p>En tant qu\u2019instructeur sp\u00e9cialis\u00e9 PADI Sidemount, vous apprendrez \u00e0 vos \u00e9l\u00e8ves plongeurs \u00e0 se concentrer davantage sur leur \u00e9quilibre, leur efficacit\u00e9 de frappe et, plus important encore, leurs capacit\u00e9s de flottabilit\u00e9 neutres.<\/p>\n<p>\u00catre capable de\u00a0<a href=\"https:\/\/idckohtao.com\/fr\/blog\/the-importance-of-neutral-buoyancy-as-a-dive-professional\/\">ma\u00eetriser pleinement la flottabilit\u00e9 neutre<\/a>\u00a0est non seulement une comp\u00e9tence de base pour tout plongeur, mais cela favorise \u00e9galement une conscience environnementale positive.<\/p>\n<h3>Plong\u00e9e Sidemount autour de Koh Tao<\/h3>\n<p>Avec plus de\u00a0<a href=\"https:\/\/idckohtao.com\/fr\/fun-diving-koh-tao\/\">26 sites de plong\u00e9e<\/a>\u00a0au choix toute l\u2019ann\u00e9e, Koh Tao offre une grande vari\u00e9t\u00e9 de topographies et de profondeurs et est parfait pour une configuration Sidemount.<\/p>\n<p>Il y a une \u00e9norme liste d\u2019options pour plonger dans les\u00a0<a href=\"https:\/\/idckohtao.com\/fr\/why-choose-koh-tao\/\">eaux autour de Koh Tao<\/a>\u00a0telles que; sites peu profonds parfaits pour les ateliers de formation, sites profonds pour la plong\u00e9e amusante d\u00e9tendue et une \u00e9pave pour ma\u00eetriser la p\u00e9n\u00e9tration et la flottabilit\u00e9 neutre.<\/p>\n<p>En tant qu\u2019instructeur sp\u00e9cialis\u00e9 PADI Sidemount, chaque cours que vous enseignez sera compl\u00e8tement diff\u00e9rent avec la libert\u00e9 que Sidemount vous donne.<\/p>\n<p><img decoding=\"async\" class=\"alignnone wp-image-860 size-large\" src=\"https:\/\/idckohtao.com\/wp-content\/uploads\/2023\/08\/idckohtao.com-padi-course-director-1-1-1024x819.jpg\" alt=\"idckohtao.com-padi-course-director \" width=\"1024\" height=\"819\" srcset=\"https:\/\/idckohtao.com\/wp-content\/uploads\/2023\/08\/idckohtao.com-padi-course-director-1-1-1024x819.jpg 1024w, https:\/\/idckohtao.com\/wp-content\/uploads\/2023\/08\/idckohtao.com-padi-course-director-1-1-300x240.jpg 300w, https:\/\/idckohtao.com\/wp-content\/uploads\/2023\/08\/idckohtao.com-padi-course-director-1-1-768x614.jpg 768w, https:\/\/idckohtao.com\/wp-content\/uploads\/2023\/08\/idckohtao.com-padi-course-director-1-1.jpg 1500w\" sizes=\"(max-width: 1024px) 100vw, 1024px\" \/><\/p>\n<h3>Cours d\u2019instructeur sp\u00e9cialis\u00e9 PADI Sidemount \u2013 qui peut s\u2019inscrire?<b><br \/>\n<\/b><\/h3>\n<p>Un\u00a0<a href=\"https:\/\/idckohtao.com\/fr\/pro-level-courses\/padi-instructor-development-course\/\">Instructeur PADI (OWSI) renouvel\u00e9<\/a><\/p>\n<p><strong>Remarque:<\/strong>\u00a0Les candidats IDC \/ OWSI peuvent participer au cours de formation d\u2019instructeur sp\u00e9cialis\u00e9 PADI Sidemount mais ne peuvent demander la certification d\u2019instructeur sp\u00e9cialis\u00e9 qu\u2019apr\u00e8s avoir r\u00e9ussi l\u2019examen pour instructeurs (IE).<\/p>\n<p>Plongeur PADI Sidemount ou \u00e9quivalent avec un minimum de 10 plong\u00e9es sidemount.<\/p>\n<p><strong>Remarque:<\/strong>\u00a0Il s\u2019agit d\u2019une exigence de sortie de cours, les plong\u00e9es peuvent \u00eatre effectu\u00e9es apr\u00e8s le cours de formation d\u2019instructeur.<\/p>\n<h3>Cours d\u2019instructeur PADI Sidemount \u2013 ce que vous apprenez<\/h3>\n<p>Vous participerez aux sessions suivantes:<\/p>\n<ul>\n<li>But et objectifs du cours PADI Sidemount<\/li>\n<li>Normes et proc\u00e9dures du cours PADI Sidemount, y compris les pr\u00e9requis de l\u2019instructeur et des \u00e9tudiants, la supervision, les ratios, la profondeur du site et les heures requis<\/li>\n<li>Consid\u00e9rations de formation en eau libre PADI Sidemount<\/li>\n<li>Besoins d\u2019\u00e9quipement PADI Sidemount pour l\u2019instructeur et l\u2019\u00e9tudiant<\/li>\n<li>Comment organiser le cours de sp\u00e9cialit\u00e9 PADI Sidemount afin que les \u00e9l\u00e8ves plongeurs puissent r\u00e9pondre \u00e0 toutes les exigences de performance<\/li>\n<\/ul>\n<p>Vous terminerez les plong\u00e9es de\u00a0<a href=\"https:\/\/idckohtao.com\/fr\/pro-level-courses\/master-scuba-diver-trainer-program\/\">formation en eau libre<\/a>\u00a0sur l\u2019un des nombreux sites de plong\u00e9e locaux adapt\u00e9s \u00e0 cette formation.<\/p>\n<p>En tant qu\u2019instructeur sp\u00e9cialis\u00e9 PADI Sidemount, vous \u00eates certifi\u00e9 pour enseigner de mani\u00e8re ind\u00e9pendante le cours sp\u00e9cialis\u00e9 PADI Sidemount.<\/p>\n<p><b>Mat\u00e9riaux PADI<\/b><\/p>\n<p><i>Veuillez apporter le mat\u00e9riel suivant avec votre manuel d\u2019instructeur de cours de sp\u00e9cialit\u00e9 PADI. Vous les avez re\u00e7ues dans le cadre du IDC Crewpack pendant votre IDC.<br \/>\n<\/i><\/p>\n<p>En outre, vous aurez \u00e9galement besoin d\u2019une copie du manuel de l\u2019instructeur PADI. Depuis 2010, le manuel de l\u2019instructeur est disponible en t\u00e9l\u00e9chargement gratuit pour tous les membres PADI renouvel\u00e9s sur\u00a0<a href=\"https:\/\/www.padi.com\/mypadi\/\" target=\"_blank\" rel=\"noopener\">www.padi.com\/mypadi<\/a><\/p>\n<p><b>Frais PADI<\/b><\/p>\n<p>Sp\u00e9cialit\u00e9 PADI Sidemount Instructeur frais d\u2019inscription:\u00a0<strong>145 $ AUS<\/strong>[\/vc_column_text]<div class=\"text-left\"><div class=\"bt-course-price\"><h4>Prix sur demande<\/h4><a href=\"https:\/\/idckohtao.com\/fr\/contact\" class=\"button\">CONTACTEZ-NOUS<\/a><\/div><\/div>[\/vc_column][\/vc_row]<\/p>\n<\/div>","protected":false},"excerpt":{"rendered":"<p>[vc_row][vc_column][vc_column_text css=\u00a0\u00bb\u00a0\u00bb] Cours d\u2019instructeur sp\u00e9cialis\u00e9 PADI Sidemount Diver Koh Tao Doublez les bouteilles, doublez l\u2019air, doublez votre temps de plong\u00e9e, plonger sur une configuration \u00e0 deux bouteilles n\u2019a jamais \u00e9t\u00e9 aussi populaire. Il existe de nombreux\u00a0plongeurs\u00a0qui ne peuvent pas couvrir le site de plong\u00e9e en raison compl\u00e8te \u00e0 cause de la consommation d\u2019air ou, comme [&hellip;]<\/p>\n","protected":false},"author":1,"featured_media":4612,"parent":7934,"menu_order":0,"comment_status":"closed","ping_status":"closed","template":"","meta":{"_acf_changed":false,"footnotes":""},"class_list":["post-3526","page","type-page","status-publish","has-post-thumbnail","hentry"],"acf":[],"yoast_head":"<!-- This site is optimized with the Yoast SEO Premium plugin v27.5 (Yoast SEO v27.5) - https:\/\/yoast.com\/product\/yoast-seo-premium-wordpress\/ -->\n<title>Instructeur sp\u00e9cialis\u00e9 PADI Sidemount | IDC Koh Tao<\/title>\n<meta name=\"description\" content=\"En tant qu&#039;instructeur sp\u00e9cialis\u00e9 PADI Sidemount, vous enseignerez \u00e0 vos \u00e9l\u00e8ves plongeurs comment se concentrer davantage sur leur \u00e9quilibre, leur efficacit\u00e9 de frappe et leurs capacit\u00e9s de flottabilit\u00e9 neutres\" \/>\n<meta name=\"robots\" content=\"index, follow, max-snippet:-1, max-image-preview:large, max-video-preview:-1\" \/>\n<link rel=\"canonical\" href=\"https:\/\/idckohtao.com\/fr\/pro-level-courses\/sidemount-instructor-specialty\/\" \/>\n<meta property=\"og:locale\" content=\"fr_FR\" \/>\n<meta property=\"og:type\" content=\"article\" \/>\n<meta property=\"og:title\" content=\"Instructeur sp\u00e9cialis\u00e9 PADI Sidemount | IDC Koh Tao\" \/>\n<meta property=\"og:description\" content=\"En tant qu&#039;instructeur sp\u00e9cialis\u00e9 PADI Sidemount, vous enseignerez \u00e0 vos \u00e9l\u00e8ves plongeurs comment se concentrer davantage sur leur \u00e9quilibre, leur efficacit\u00e9 de frappe et leurs capacit\u00e9s de flottabilit\u00e9 neutres\" \/>\n<meta property=\"og:url\" content=\"https:\/\/idckohtao.com\/fr\/pro-level-courses\/sidemount-instructor-specialty\/\" \/>\n<meta property=\"og:site_name\" content=\"IDC Koh Tao\" \/>\n<meta property=\"article:publisher\" content=\"https:\/\/www.facebook.com\/GoProIDCKohTao\" \/>\n<meta property=\"article:modified_time\" content=\"2026-01-01T09:34:55+00:00\" \/>\n<meta property=\"og:image\" content=\"https:\/\/idckohtao.com\/wp-content\/uploads\/2023\/09\/idckohtao.com-sidemount-diving-courses-in-thailand.jpeg\" \/>\n\t<meta property=\"og:image:width\" content=\"1200\" \/>\n\t<meta property=\"og:image:height\" content=\"900\" \/>\n\t<meta property=\"og:image:type\" content=\"image\/jpeg\" \/>\n<meta name=\"twitter:card\" content=\"summary_large_image\" \/>\n<meta name=\"twitter:title\" content=\"Instructeur sp\u00e9cialis\u00e9 PADI Sidemount | IDC Koh Tao\" \/>\n<meta name=\"twitter:description\" content=\"En tant qu&#039;instructeur sp\u00e9cialis\u00e9 PADI Sidemount, vous enseignerez \u00e0 vos \u00e9l\u00e8ves plongeurs comment se concentrer davantage sur leur \u00e9quilibre, leur efficacit\u00e9 de frappe et leurs capacit\u00e9s de flottabilit\u00e9 neutres\" \/>\n<meta name=\"twitter:site\" content=\"@GoProIDCKohTao\" \/>\n<!-- \/ Yoast SEO Premium plugin. -->","yoast_head_json":{"title":"Instructeur sp\u00e9cialis\u00e9 PADI Sidemount | IDC Koh Tao","description":"En tant qu'instructeur sp\u00e9cialis\u00e9 PADI Sidemount, vous enseignerez \u00e0 vos \u00e9l\u00e8ves plongeurs comment se concentrer davantage sur leur \u00e9quilibre, leur efficacit\u00e9 de frappe et leurs capacit\u00e9s de flottabilit\u00e9 neutres","robots":{"index":"index","follow":"follow","max-snippet":"max-snippet:-1","max-image-preview":"max-image-preview:large","max-video-preview":"max-video-preview:-1"},"canonical":"https:\/\/idckohtao.com\/fr\/pro-level-courses\/sidemount-instructor-specialty\/","og_locale":"fr_FR","og_type":"article","og_title":"Instructeur sp\u00e9cialis\u00e9 PADI Sidemount | IDC Koh Tao","og_description":"En tant qu'instructeur sp\u00e9cialis\u00e9 PADI Sidemount, vous enseignerez \u00e0 vos \u00e9l\u00e8ves plongeurs comment se concentrer davantage sur leur \u00e9quilibre, leur efficacit\u00e9 de frappe et leurs capacit\u00e9s de flottabilit\u00e9 neutres","og_url":"https:\/\/idckohtao.com\/fr\/pro-level-courses\/sidemount-instructor-specialty\/","og_site_name":"IDC Koh Tao","article_publisher":"https:\/\/www.facebook.com\/GoProIDCKohTao","article_modified_time":"2026-01-01T09:34:55+00:00","og_image":[{"width":1200,"height":900,"url":"https:\/\/idckohtao.com\/wp-content\/uploads\/2023\/09\/idckohtao.com-sidemount-diving-courses-in-thailand.jpeg","type":"image\/jpeg"}],"twitter_card":"summary_large_image","twitter_title":"Instructeur sp\u00e9cialis\u00e9 PADI Sidemount | IDC Koh Tao","twitter_description":"En tant qu'instructeur sp\u00e9cialis\u00e9 PADI Sidemount, vous enseignerez \u00e0 vos \u00e9l\u00e8ves plongeurs comment se concentrer davantage sur leur \u00e9quilibre, leur efficacit\u00e9 de frappe et leurs capacit\u00e9s de flottabilit\u00e9 neutres","twitter_site":"@GoProIDCKohTao","schema":{"@context":"https:\/\/schema.org","@graph":[{"@type":"NewsArticle","@id":"https:\/\/idckohtao.com\/fr\/pro-level-courses\/sidemount-instructor-specialty\/#article","isPartOf":{"@id":"https:\/\/idckohtao.com\/fr\/pro-level-courses\/sidemount-instructor-specialty\/"},"author":{"name":"ojasya","@id":"https:\/\/idckohtao.com\/fr\/#\/schema\/person\/d08d557cbfdbc171f824052dae697b02"},"headline":"Sp\u00e9cialit\u00e9 D&rsquo;instructeur Sidemount","datePublished":"2023-08-10T08:39:18+00:00","dateModified":"2026-01-01T09:34:55+00:00","mainEntityOfPage":{"@id":"https:\/\/idckohtao.com\/fr\/pro-level-courses\/sidemount-instructor-specialty\/"},"wordCount":735,"publisher":{"@id":"https:\/\/idckohtao.com\/fr\/#organization"},"image":{"@id":"https:\/\/idckohtao.com\/fr\/pro-level-courses\/sidemount-instructor-specialty\/#primaryimage"},"thumbnailUrl":"https:\/\/idckohtao.com\/wp-content\/uploads\/2023\/09\/idckohtao.com-sidemount-diving-courses-in-thailand.jpeg","inLanguage":"fr-FR"},{"@type":"WebPage","@id":"https:\/\/idckohtao.com\/fr\/pro-level-courses\/sidemount-instructor-specialty\/","url":"https:\/\/idckohtao.com\/fr\/pro-level-courses\/sidemount-instructor-specialty\/","name":"Instructeur sp\u00e9cialis\u00e9 PADI Sidemount | IDC Koh Tao","isPartOf":{"@id":"https:\/\/idckohtao.com\/fr\/#website"},"primaryImageOfPage":{"@id":"https:\/\/idckohtao.com\/fr\/pro-level-courses\/sidemount-instructor-specialty\/#primaryimage"},"image":{"@id":"https:\/\/idckohtao.com\/fr\/pro-level-courses\/sidemount-instructor-specialty\/#primaryimage"},"thumbnailUrl":"https:\/\/idckohtao.com\/wp-content\/uploads\/2023\/09\/idckohtao.com-sidemount-diving-courses-in-thailand.jpeg","datePublished":"2023-08-10T08:39:18+00:00","dateModified":"2026-01-01T09:34:55+00:00","description":"En tant qu'instructeur sp\u00e9cialis\u00e9 PADI Sidemount, vous enseignerez \u00e0 vos \u00e9l\u00e8ves plongeurs comment se concentrer davantage sur leur \u00e9quilibre, leur efficacit\u00e9 de frappe et leurs capacit\u00e9s de flottabilit\u00e9 neutres","breadcrumb":{"@id":"https:\/\/idckohtao.com\/fr\/pro-level-courses\/sidemount-instructor-specialty\/#breadcrumb"},"inLanguage":"fr-FR","potentialAction":[{"@type":"ReadAction","target":["https:\/\/idckohtao.com\/fr\/pro-level-courses\/sidemount-instructor-specialty\/"]}]},{"@type":"ImageObject","inLanguage":"fr-FR","@id":"https:\/\/idckohtao.com\/fr\/pro-level-courses\/sidemount-instructor-specialty\/#primaryimage","url":"https:\/\/idckohtao.com\/wp-content\/uploads\/2023\/09\/idckohtao.com-sidemount-diving-courses-in-thailand.jpeg","contentUrl":"https:\/\/idckohtao.com\/wp-content\/uploads\/2023\/09\/idckohtao.com-sidemount-diving-courses-in-thailand.jpeg","width":1200,"height":900,"caption":"PADI Sidemount Specialty Instructor Course in Thailand"},{"@type":"BreadcrumbList","@id":"https:\/\/idckohtao.com\/fr\/pro-level-courses\/sidemount-instructor-specialty\/#breadcrumb","itemListElement":[{"@type":"ListItem","position":1,"name":"Home","item":"https:\/\/idckohtao.com\/fr\/"},{"@type":"ListItem","position":2,"name":"Pro level","item":"https:\/\/idckohtao.com\/fr\/pro-level-courses\/"},{"@type":"ListItem","position":3,"name":"Sp\u00e9cialit\u00e9 D&rsquo;instructeur Sidemount"}]},{"@type":"WebSite","@id":"https:\/\/idckohtao.com\/fr\/#website","url":"https:\/\/idckohtao.com\/fr\/","name":"IDC Koh Tao","description":"PADI IDC 5 Star Diving Center in Koh Tao - Thailand","publisher":{"@id":"https:\/\/idckohtao.com\/fr\/#organization"},"alternateName":"IDC Koh Tao in Thailand","potentialAction":[{"@type":"SearchAction","target":{"@type":"EntryPoint","urlTemplate":"https:\/\/idckohtao.com\/fr\/?s={search_term_string}"},"query-input":{"@type":"PropertyValueSpecification","valueRequired":true,"valueName":"search_term_string"}}],"inLanguage":"fr-FR"},{"@type":"Organization","@id":"https:\/\/idckohtao.com\/fr\/#organization","name":"IDC Koh Tao","alternateName":"IDC Koh Tao | Divemaster & Diving Instructor","url":"https:\/\/idckohtao.com\/fr\/","logo":{"@type":"ImageObject","inLanguage":"fr-FR","@id":"https:\/\/idckohtao.com\/fr\/#\/schema\/logo\/image\/","url":"https:\/\/idckohtao.com\/wp-content\/uploads\/2023\/09\/idckohtao.com-padi-diving-center-in-koh-tao-thailand.png","contentUrl":"https:\/\/idckohtao.com\/wp-content\/uploads\/2023\/09\/idckohtao.com-padi-diving-center-in-koh-tao-thailand.png","width":400,"height":300,"caption":"IDC Koh Tao"},"image":{"@id":"https:\/\/idckohtao.com\/fr\/#\/schema\/logo\/image\/"},"sameAs":["https:\/\/www.facebook.com\/GoProIDCKohTao","https:\/\/x.com\/GoProIDCKohTao","https:\/\/www.youtube.com\/idckohtao","https:\/\/www.instagram.com\/idc.kohtao\/"],"description":"IDC Koh Tao is a part of the Black Turtle Dive pro level training team with three PADI Course Directors being led by Award Winning PADI Course Director Matt Bolton. Our full range of pro and recreational PADI Diving Courses provides aspiring scuba divers with education, fun, excitement, adventure, and a change of lifestyle or an opportunity to pursue a new career.","email":"info@idckohtao.com","legalName":"IDC Koh Tao","foundingDate":"2004-01-04","numberOfEmployees":{"@type":"QuantitativeValue","minValue":"1","maxValue":"10"},"correctionsPolicy":"https:\/\/idckohtao.com\/privacy-policy\/","ethicsPolicy":"https:\/\/idckohtao.com\/terms\/"},{"@type":"Person","@id":"https:\/\/idckohtao.com\/fr\/#\/schema\/person\/d08d557cbfdbc171f824052dae697b02","name":"ojasya","image":{"@type":"ImageObject","inLanguage":"fr-FR","@id":"https:\/\/secure.gravatar.com\/avatar\/6fb34e36d09053a6545fc21d344613321bb1933f185132488f38052166f5a001?s=96&d=mm&r=g","url":"https:\/\/secure.gravatar.com\/avatar\/6fb34e36d09053a6545fc21d344613321bb1933f185132488f38052166f5a001?s=96&d=mm&r=g","contentUrl":"https:\/\/secure.gravatar.com\/avatar\/6fb34e36d09053a6545fc21d344613321bb1933f185132488f38052166f5a001?s=96&d=mm&r=g","caption":"ojasya"},"sameAs":["https:\/\/idckohtao.com"],"url":"https:\/\/idckohtao.com\/fr\/blog\/author\/ojasya\/"}]}},"_links":{"self":[{"href":"https:\/\/idckohtao.com\/fr\/wp-json\/wp\/v2\/pages\/3526","targetHints":{"allow":["GET"]}}],"collection":[{"href":"https:\/\/idckohtao.com\/fr\/wp-json\/wp\/v2\/pages"}],"about":[{"href":"https:\/\/idckohtao.com\/fr\/wp-json\/wp\/v2\/types\/page"}],"author":[{"embeddable":true,"href":"https:\/\/idckohtao.com\/fr\/wp-json\/wp\/v2\/users\/1"}],"replies":[{"embeddable":true,"href":"https:\/\/idckohtao.com\/fr\/wp-json\/wp\/v2\/comments?post=3526"}],"version-history":[{"count":2,"href":"https:\/\/idckohtao.com\/fr\/wp-json\/wp\/v2\/pages\/3526\/revisions"}],"predecessor-version":[{"id":7575,"href":"https:\/\/idckohtao.com\/fr\/wp-json\/wp\/v2\/pages\/3526\/revisions\/7575"}],"up":[{"embeddable":true,"href":"https:\/\/idckohtao.com\/fr\/wp-json\/wp\/v2\/pages\/7934"}],"wp:featuredmedia":[{"embeddable":true,"href":"https:\/\/idckohtao.com\/fr\/wp-json\/wp\/v2\/media\/4612"}],"wp:attachment":[{"href":"https:\/\/idckohtao.com\/fr\/wp-json\/wp\/v2\/media?parent=3526"}],"curies":[{"name":"wp","href":"https:\/\/api.w.org\/{rel}","templated":true}]}}