{"id":3537,"date":"2023-08-11T08:48:34","date_gmt":"2023-08-11T08:48:34","guid":{"rendered":"https:\/\/idckohtao.com\/underwater-naturalist-instructor-specialty\/"},"modified":"2026-01-01T09:45:51","modified_gmt":"2026-01-01T09:45:51","slug":"underwater-naturalist-instructor-specialty","status":"publish","type":"page","link":"https:\/\/idckohtao.com\/fr\/pro-level-courses\/underwater-naturalist-instructor-specialty\/","title":{"rendered":"Sp\u00e9cialit\u00e9 D&rsquo; Instructeur Naturaliste Sous-marin"},"content":{"rendered":"<div class=\"wpb-content-wrapper\"><p>[vc_row][vc_column][vc_column_text]<\/p>\n<h2>MSDT \u2013 Cours d\u2019instructeur sp\u00e9cialis\u00e9 PADI, Koh Tao, Tha\u00eflande<\/h2>\n<p>Souhaitez-vous apprendre plus sur l\u2019\u00e9cosyst\u00e8me marin \u00e0 vos \u00e9l\u00e8ves et vous assurer de pouvoir r\u00e9pondre \u00e0 toutes leurs questions sur des sujets tels que les diff\u00e9rents groupes de vie aquatique et comment ils interagissent les uns avec les autres?<\/p>\n<p>Aimeriez-vous avoir les connaissances n\u00e9cessaires pour vous assurer que vos \u00e9l\u00e8ves plongeurs comprennent vraiment ce qu\u2019ils observent dans l\u2019environnement sous-marin?<\/p>\n<p><b>Diversit\u00e9 de la vie autour de Koh Tao<br \/>\n<\/b><\/p>\n<p>Koh Tao poss\u00e8de un \u00e9ventail de vie marine diversifi\u00e9e et poss\u00e8de une vari\u00e9t\u00e9 de sites de plong\u00e9e, des r\u00e9cifs peu profonds aux pinacles de granit profonds. Il existe de nombreux sites de plong\u00e9e id\u00e9aux pour vous permettre d\u2019effectuer cette sp\u00e9cialit\u00e9 PADI populaire.<\/p>\n<p>Le cours sp\u00e9cialis\u00e9 PADI \u2018Underwater Naturalist\u2019 peut \u00eatre programm\u00e9 sur 1 jour. Vous enseignerez \u00e0 vos \u00e9l\u00e8ves comment visualiser les \u00e9cosyst\u00e8mes aquatiques de mani\u00e8re objective et les aiderez \u00e0 comprendre les interactions et les relations complexes entre les organismes marins.<\/p>\n<p>Le cours de sp\u00e9cialit\u00e9 PADI \u2018Underwater Naturalist\u2019 demande \u00e0 vos \u00e9tudiants d\u2019identifier 2 types de plantes aquatiques, 4 types de vert\u00e9br\u00e9s et 4 types d\u2019invert\u00e9br\u00e9s ainsi que de localiser et d\u2019identifier un certain nombre d\u2019interrelations d\u00e9montrant la symbiose.<\/p>\n<p><img decoding=\"async\" class=\"alignnone wp-image-994 size-large\" src=\"https:\/\/idckohtao.com\/wp-content\/uploads\/2023\/08\/idckohtao.com-padi-underwater-naturalist-instructor-specialty-kohtao-1-1-1024x640.jpg\" alt=\"idckohtao.com-padi-underwater-naturalist-instructor-specialty-kohtao-1\" width=\"1024\" height=\"640\" srcset=\"https:\/\/idckohtao.com\/wp-content\/uploads\/2023\/08\/idckohtao.com-padi-underwater-naturalist-instructor-specialty-kohtao-1-1-1024x640.jpg 1024w, https:\/\/idckohtao.com\/wp-content\/uploads\/2023\/08\/idckohtao.com-padi-underwater-naturalist-instructor-specialty-kohtao-1-1-300x188.jpg 300w, https:\/\/idckohtao.com\/wp-content\/uploads\/2023\/08\/idckohtao.com-padi-underwater-naturalist-instructor-specialty-kohtao-1-1-768x480.jpg 768w, https:\/\/idckohtao.com\/wp-content\/uploads\/2023\/08\/idckohtao.com-padi-underwater-naturalist-instructor-specialty-kohtao-1-1.jpg 1080w\" sizes=\"(max-width: 1024px) 100vw, 1024px\" \/><\/p>\n<p>Tout au long du cours, vous discuterez des signes d\u2019effets humains sur l\u2019environnement et enseignerez \u00e0 vos \u00e9tudiants comment d\u00e9montrer des interactions passives et responsables minimales et les techniques de plong\u00e9e n\u00e9cessaires qui leur permettront de le faire.<\/p>\n<p><b>Qui peut s\u2019inscrire au cours sp\u00e9cialis\u00e9 PADI \u2018Underwater Naturalist\u2019 Instructeur?<\/b><\/p>\n<p>Un\u00a0<a href=\"https:\/\/idckohtao.com\/fr\/pro-level-courses\/padi-instructor-development-course\/\">Instructeur PADI (OWSI)<\/a>\u00a0renouvel\u00e9<\/p>\n<p><strong>Remarque:<\/strong>\u00a0Les candidats IDC \/ OWSI peuvent participer au cours de formation d\u2019instructeur sp\u00e9cialis\u00e9 PADI \u2018Underwater Naturalist\u2019, mais ne peuvent demander la certification d\u2019instructeur sp\u00e9cialis\u00e9 qu\u2019apr\u00e8s avoir r\u00e9ussi l\u2019examen pour instructeur (IE).<\/p>\n<p>Les instructeurs sp\u00e9cialis\u00e9s PADI \u2018Underwater Naturalist\u2019 doivent avoir effectu\u00e9 au moins 10 plong\u00e9es naturalistes avant la certification. Il s\u2019agit d\u2019une exigence de sortie de cours et les plong\u00e9es peuvent \u00eatre effectu\u00e9es apr\u00e8s le cours de formation d\u2019instructeur.<\/p>\n<p><b>Qu\u2019allez-vous apprendre?<\/b><\/p>\n<p>Vous participerez aux sessions suivantes:<\/p>\n<ul>\n<li>Pr\u00e9senter et \u00eatre \u00e9valu\u00e9 sur une pr\u00e9sentation normative de la r\u00e9vision des connaissances de la sp\u00e9cialit\u00e9 PADI \u2018Underwater Naturalist\u2019<\/li>\n<li>Normes, proc\u00e9dures et programme de la sp\u00e9cialit\u00e9 PADI \u2018Underwater Naturalist\u2019<\/li>\n<li>Comment organiser, diriger et commercialiser le cours de sp\u00e9cialit\u00e9 PADI \u2018Underwater Naturalist\u2019<\/li>\n<li>Session de formation en eau libre \u2013 o\u00f9 vous apprendrez comment d\u00e9montrer, ex\u00e9cuter et \u00e9valuer les comp\u00e9tences de niveau \u00e9tudiant du cours sp\u00e9cialis\u00e9 PADI \u2018Underwater Naturalist\u2019<\/li>\n<\/ul>\n<p><img decoding=\"async\" class=\"alignnone wp-image-995 size-large\" src=\"https:\/\/idckohtao.com\/wp-content\/uploads\/2023\/08\/idckohtao.com-padi-underwater-naturalist-instructor-specialty-1024x688.jpg\" alt=\"idckohtao.com-padi-underwater-naturalist-instructor-specialty\" width=\"1024\" height=\"688\" srcset=\"https:\/\/idckohtao.com\/wp-content\/uploads\/2023\/08\/idckohtao.com-padi-underwater-naturalist-instructor-specialty-1024x688.jpg 1024w, https:\/\/idckohtao.com\/wp-content\/uploads\/2023\/08\/idckohtao.com-padi-underwater-naturalist-instructor-specialty-300x202.jpg 300w, https:\/\/idckohtao.com\/wp-content\/uploads\/2023\/08\/idckohtao.com-padi-underwater-naturalist-instructor-specialty-768x516.jpg 768w, https:\/\/idckohtao.com\/wp-content\/uploads\/2023\/08\/idckohtao.com-padi-underwater-naturalist-instructor-specialty.jpg 1080w\" sizes=\"(max-width: 1024px) 100vw, 1024px\" \/><\/p>\n<p>Vous effectuerez la plong\u00e9e de formation en eau libre sur l\u2019un des nombreux sites de plong\u00e9e locaux adapt\u00e9s \u00e0 ce type de formation.<\/p>\n<p>En tant qu\u2019instructeur de sp\u00e9cialit\u00e9 PADI \u2018Underwater Naturalist\u2019, vous \u00eates certifi\u00e9 pour enseigner de mani\u00e8re <strong>ind\u00e9pendante le cours de sp\u00e9cialit\u00e9 PADI \u2018Underwater Naturalist\u2019<\/strong>[\/vc_column_text]<div class=\"text-left\"><div class=\"bt-course-price\"><h4>Prix du cours: 4,000 THB<\/h4><a href=\"https:\/\/idckohtao.com\/fr\/packages-prices\" class=\"button\">R\u00c9SERVATION EN LIGNE<\/a><\/div><\/div>[vc_column_text css=\u00a0\u00bb\u00a0\u00bb]<b>Mat\u00e9riaux PADI:<\/b><\/p>\n<p><i>Veuillez apporter le mat\u00e9riel suivant avec votre manuel d\u2019instructeur de cours de sp\u00e9cialit\u00e9 PADI. Vous les avez re\u00e7ues dans le cadre du \u2018IDC Crewpack\u2019 pendant votre IDC. \u2013 Manuel de l\u2019instructeur des cours de sp\u00e9cialit\u00e9 PADI (CD-Rom)<br \/>\n<\/i><\/p>\n<p>De plus, vous aurez besoin d\u2019une copie du manuel de l\u2019instructeur PADI. Depuis 2010, le manuel de l\u2019instructeur est disponible en t\u00e9l\u00e9chargement gratuit pour tous les membres PADI renouvel\u00e9s sur\u00a0<a href=\"https:\/\/www.padi.com\/mypadi\/\" target=\"_blank\" rel=\"noopener\">www.padi.com\/mypadi<\/a><\/p>\n<p><b>Frais PADI<\/b><\/p>\n<p>Instructeur du Sp\u00e9cialit\u00e9 PADI \u2018Underwater Naturalist\u2019 frais de candidature:\u00a0<strong>145 $AUD<\/strong><\/p>\n<p>[\/vc_column_text][\/vc_column][\/vc_row]<\/p>\n<\/div>","protected":false},"excerpt":{"rendered":"<p>[vc_row][vc_column][vc_column_text] MSDT \u2013 Cours d\u2019instructeur sp\u00e9cialis\u00e9 PADI, Koh Tao, Tha\u00eflande Souhaitez-vous apprendre plus sur l\u2019\u00e9cosyst\u00e8me marin \u00e0 vos \u00e9l\u00e8ves et vous assurer de pouvoir r\u00e9pondre \u00e0 toutes leurs questions sur des sujets tels que les diff\u00e9rents groupes de vie aquatique et comment ils interagissent les uns avec les autres? Aimeriez-vous avoir les connaissances n\u00e9cessaires pour [&hellip;]<\/p>\n","protected":false},"author":1,"featured_media":5229,"parent":7934,"menu_order":0,"comment_status":"closed","ping_status":"closed","template":"","meta":{"_acf_changed":false,"footnotes":""},"class_list":["post-3537","page","type-page","status-publish","has-post-thumbnail","hentry"],"acf":[],"yoast_head":"<!-- This site is optimized with the Yoast SEO Premium plugin v27.5 (Yoast SEO v27.5) - https:\/\/yoast.com\/product\/yoast-seo-premium-wordpress\/ -->\n<title>IDC Koh Tao | Cours d&#039;instructeur naturaliste sous-marin PADI<\/title>\n<meta name=\"description\" content=\"Notre cours d&#039;instructeur sp\u00e9cialis\u00e9 sous-marin naturaliste PADI \u00e0 Koh Tao vous certifie en tant qu&#039;instructeur sp\u00e9cialis\u00e9 pour enseigner aux \u00e9tudiants l&#039;environnement sous-marin\" \/>\n<meta name=\"robots\" content=\"index, follow, max-snippet:-1, max-image-preview:large, max-video-preview:-1\" \/>\n<link rel=\"canonical\" href=\"https:\/\/idckohtao.com\/fr\/pro-level-courses\/underwater-naturalist-instructor-specialty\/\" \/>\n<meta property=\"og:locale\" content=\"fr_FR\" \/>\n<meta property=\"og:type\" content=\"article\" \/>\n<meta property=\"og:title\" content=\"IDC Koh Tao | Cours d&#039;instructeur naturaliste sous-marin PADI\" \/>\n<meta property=\"og:description\" content=\"Notre cours d&#039;instructeur sp\u00e9cialis\u00e9 sous-marin naturaliste PADI \u00e0 Koh Tao vous certifie en tant qu&#039;instructeur sp\u00e9cialis\u00e9 pour enseigner aux \u00e9tudiants l&#039;environnement sous-marin\" \/>\n<meta property=\"og:url\" content=\"https:\/\/idckohtao.com\/fr\/pro-level-courses\/underwater-naturalist-instructor-specialty\/\" \/>\n<meta property=\"og:site_name\" content=\"IDC Koh Tao\" \/>\n<meta property=\"article:publisher\" content=\"https:\/\/www.facebook.com\/GoProIDCKohTao\" \/>\n<meta property=\"article:modified_time\" content=\"2026-01-01T09:45:51+00:00\" \/>\n<meta property=\"og:image\" content=\"https:\/\/idckohtao.com\/wp-content\/uploads\/2023\/09\/idckohtao.com-underwater-naturalist-instructor-course-in-koh-tao-thailand.jpeg\" \/>\n\t<meta property=\"og:image:width\" content=\"1200\" \/>\n\t<meta property=\"og:image:height\" content=\"774\" \/>\n\t<meta property=\"og:image:type\" content=\"image\/jpeg\" \/>\n<meta name=\"twitter:card\" content=\"summary_large_image\" \/>\n<meta name=\"twitter:title\" content=\"IDC Koh Tao | Cours d&#039;instructeur naturaliste sous-marin PADI\" \/>\n<meta name=\"twitter:description\" content=\"Notre cours d&#039;instructeur sp\u00e9cialis\u00e9 sous-marin naturaliste PADI \u00e0 Koh Tao vous certifie en tant qu&#039;instructeur sp\u00e9cialis\u00e9 pour enseigner aux \u00e9tudiants l&#039;environnement sous-marin\" \/>\n<meta name=\"twitter:site\" content=\"@GoProIDCKohTao\" \/>\n<!-- \/ Yoast SEO Premium plugin. -->","yoast_head_json":{"title":"IDC Koh Tao | Cours d'instructeur naturaliste sous-marin PADI","description":"Notre cours d'instructeur sp\u00e9cialis\u00e9 sous-marin naturaliste PADI \u00e0 Koh Tao vous certifie en tant qu'instructeur sp\u00e9cialis\u00e9 pour enseigner aux \u00e9tudiants l'environnement sous-marin","robots":{"index":"index","follow":"follow","max-snippet":"max-snippet:-1","max-image-preview":"max-image-preview:large","max-video-preview":"max-video-preview:-1"},"canonical":"https:\/\/idckohtao.com\/fr\/pro-level-courses\/underwater-naturalist-instructor-specialty\/","og_locale":"fr_FR","og_type":"article","og_title":"IDC Koh Tao | Cours d'instructeur naturaliste sous-marin PADI","og_description":"Notre cours d'instructeur sp\u00e9cialis\u00e9 sous-marin naturaliste PADI \u00e0 Koh Tao vous certifie en tant qu'instructeur sp\u00e9cialis\u00e9 pour enseigner aux \u00e9tudiants l'environnement sous-marin","og_url":"https:\/\/idckohtao.com\/fr\/pro-level-courses\/underwater-naturalist-instructor-specialty\/","og_site_name":"IDC Koh Tao","article_publisher":"https:\/\/www.facebook.com\/GoProIDCKohTao","article_modified_time":"2026-01-01T09:45:51+00:00","og_image":[{"width":1200,"height":774,"url":"https:\/\/idckohtao.com\/wp-content\/uploads\/2023\/09\/idckohtao.com-underwater-naturalist-instructor-course-in-koh-tao-thailand.jpeg","type":"image\/jpeg"}],"twitter_card":"summary_large_image","twitter_title":"IDC Koh Tao | Cours d'instructeur naturaliste sous-marin PADI","twitter_description":"Notre cours d'instructeur sp\u00e9cialis\u00e9 sous-marin naturaliste PADI \u00e0 Koh Tao vous certifie en tant qu'instructeur sp\u00e9cialis\u00e9 pour enseigner aux \u00e9tudiants l'environnement sous-marin","twitter_site":"@GoProIDCKohTao","schema":{"@context":"https:\/\/schema.org","@graph":[{"@type":"NewsArticle","@id":"https:\/\/idckohtao.com\/fr\/pro-level-courses\/underwater-naturalist-instructor-specialty\/#article","isPartOf":{"@id":"https:\/\/idckohtao.com\/fr\/pro-level-courses\/underwater-naturalist-instructor-specialty\/"},"author":{"name":"ojasya","@id":"https:\/\/idckohtao.com\/fr\/#\/schema\/person\/d08d557cbfdbc171f824052dae697b02"},"headline":"Sp\u00e9cialit\u00e9 D&rsquo; Instructeur Naturaliste Sous-marin","datePublished":"2023-08-11T08:48:34+00:00","dateModified":"2026-01-01T09:45:51+00:00","mainEntityOfPage":{"@id":"https:\/\/idckohtao.com\/fr\/pro-level-courses\/underwater-naturalist-instructor-specialty\/"},"wordCount":635,"publisher":{"@id":"https:\/\/idckohtao.com\/fr\/#organization"},"image":{"@id":"https:\/\/idckohtao.com\/fr\/pro-level-courses\/underwater-naturalist-instructor-specialty\/#primaryimage"},"thumbnailUrl":"https:\/\/idckohtao.com\/wp-content\/uploads\/2023\/09\/idckohtao.com-underwater-naturalist-instructor-course-in-koh-tao-thailand.jpeg","inLanguage":"fr-FR"},{"@type":"WebPage","@id":"https:\/\/idckohtao.com\/fr\/pro-level-courses\/underwater-naturalist-instructor-specialty\/","url":"https:\/\/idckohtao.com\/fr\/pro-level-courses\/underwater-naturalist-instructor-specialty\/","name":"IDC Koh Tao | Cours d'instructeur naturaliste sous-marin PADI","isPartOf":{"@id":"https:\/\/idckohtao.com\/fr\/#website"},"primaryImageOfPage":{"@id":"https:\/\/idckohtao.com\/fr\/pro-level-courses\/underwater-naturalist-instructor-specialty\/#primaryimage"},"image":{"@id":"https:\/\/idckohtao.com\/fr\/pro-level-courses\/underwater-naturalist-instructor-specialty\/#primaryimage"},"thumbnailUrl":"https:\/\/idckohtao.com\/wp-content\/uploads\/2023\/09\/idckohtao.com-underwater-naturalist-instructor-course-in-koh-tao-thailand.jpeg","datePublished":"2023-08-11T08:48:34+00:00","dateModified":"2026-01-01T09:45:51+00:00","description":"Notre cours d'instructeur sp\u00e9cialis\u00e9 sous-marin naturaliste PADI \u00e0 Koh Tao vous certifie en tant qu'instructeur sp\u00e9cialis\u00e9 pour enseigner aux \u00e9tudiants l'environnement sous-marin","breadcrumb":{"@id":"https:\/\/idckohtao.com\/fr\/pro-level-courses\/underwater-naturalist-instructor-specialty\/#breadcrumb"},"inLanguage":"fr-FR","potentialAction":[{"@type":"ReadAction","target":["https:\/\/idckohtao.com\/fr\/pro-level-courses\/underwater-naturalist-instructor-specialty\/"]}]},{"@type":"ImageObject","inLanguage":"fr-FR","@id":"https:\/\/idckohtao.com\/fr\/pro-level-courses\/underwater-naturalist-instructor-specialty\/#primaryimage","url":"https:\/\/idckohtao.com\/wp-content\/uploads\/2023\/09\/idckohtao.com-underwater-naturalist-instructor-course-in-koh-tao-thailand.jpeg","contentUrl":"https:\/\/idckohtao.com\/wp-content\/uploads\/2023\/09\/idckohtao.com-underwater-naturalist-instructor-course-in-koh-tao-thailand.jpeg","width":1200,"height":774,"caption":"Underwater Naturalist Instructor course in Koh Tao Thailand"},{"@type":"BreadcrumbList","@id":"https:\/\/idckohtao.com\/fr\/pro-level-courses\/underwater-naturalist-instructor-specialty\/#breadcrumb","itemListElement":[{"@type":"ListItem","position":1,"name":"Home","item":"https:\/\/idckohtao.com\/fr\/"},{"@type":"ListItem","position":2,"name":"Pro level","item":"https:\/\/idckohtao.com\/fr\/pro-level-courses\/"},{"@type":"ListItem","position":3,"name":"Sp\u00e9cialit\u00e9 D&rsquo; Instructeur Naturaliste Sous-marin"}]},{"@type":"WebSite","@id":"https:\/\/idckohtao.com\/fr\/#website","url":"https:\/\/idckohtao.com\/fr\/","name":"IDC Koh Tao","description":"PADI IDC 5 Star Diving Center in Koh Tao - Thailand","publisher":{"@id":"https:\/\/idckohtao.com\/fr\/#organization"},"alternateName":"IDC Koh Tao in Thailand","potentialAction":[{"@type":"SearchAction","target":{"@type":"EntryPoint","urlTemplate":"https:\/\/idckohtao.com\/fr\/?s={search_term_string}"},"query-input":{"@type":"PropertyValueSpecification","valueRequired":true,"valueName":"search_term_string"}}],"inLanguage":"fr-FR"},{"@type":"Organization","@id":"https:\/\/idckohtao.com\/fr\/#organization","name":"IDC Koh Tao","alternateName":"IDC Koh Tao | Divemaster & Diving Instructor","url":"https:\/\/idckohtao.com\/fr\/","logo":{"@type":"ImageObject","inLanguage":"fr-FR","@id":"https:\/\/idckohtao.com\/fr\/#\/schema\/logo\/image\/","url":"https:\/\/idckohtao.com\/wp-content\/uploads\/2023\/09\/idckohtao.com-padi-diving-center-in-koh-tao-thailand.png","contentUrl":"https:\/\/idckohtao.com\/wp-content\/uploads\/2023\/09\/idckohtao.com-padi-diving-center-in-koh-tao-thailand.png","width":400,"height":300,"caption":"IDC Koh Tao"},"image":{"@id":"https:\/\/idckohtao.com\/fr\/#\/schema\/logo\/image\/"},"sameAs":["https:\/\/www.facebook.com\/GoProIDCKohTao","https:\/\/x.com\/GoProIDCKohTao","https:\/\/www.youtube.com\/idckohtao","https:\/\/www.instagram.com\/idc.kohtao\/"],"description":"IDC Koh Tao is a part of the Black Turtle Dive pro level training team with three PADI Course Directors being led by Award Winning PADI Course Director Matt Bolton. Our full range of pro and recreational PADI Diving Courses provides aspiring scuba divers with education, fun, excitement, adventure, and a change of lifestyle or an opportunity to pursue a new career.","email":"info@idckohtao.com","legalName":"IDC Koh Tao","foundingDate":"2004-01-04","numberOfEmployees":{"@type":"QuantitativeValue","minValue":"1","maxValue":"10"},"correctionsPolicy":"https:\/\/idckohtao.com\/privacy-policy\/","ethicsPolicy":"https:\/\/idckohtao.com\/terms\/"},{"@type":"Person","@id":"https:\/\/idckohtao.com\/fr\/#\/schema\/person\/d08d557cbfdbc171f824052dae697b02","name":"ojasya","image":{"@type":"ImageObject","inLanguage":"fr-FR","@id":"https:\/\/secure.gravatar.com\/avatar\/6fb34e36d09053a6545fc21d344613321bb1933f185132488f38052166f5a001?s=96&d=mm&r=g","url":"https:\/\/secure.gravatar.com\/avatar\/6fb34e36d09053a6545fc21d344613321bb1933f185132488f38052166f5a001?s=96&d=mm&r=g","contentUrl":"https:\/\/secure.gravatar.com\/avatar\/6fb34e36d09053a6545fc21d344613321bb1933f185132488f38052166f5a001?s=96&d=mm&r=g","caption":"ojasya"},"sameAs":["https:\/\/idckohtao.com"],"url":"https:\/\/idckohtao.com\/fr\/blog\/author\/ojasya\/"}]}},"_links":{"self":[{"href":"https:\/\/idckohtao.com\/fr\/wp-json\/wp\/v2\/pages\/3537","targetHints":{"allow":["GET"]}}],"collection":[{"href":"https:\/\/idckohtao.com\/fr\/wp-json\/wp\/v2\/pages"}],"about":[{"href":"https:\/\/idckohtao.com\/fr\/wp-json\/wp\/v2\/types\/page"}],"author":[{"embeddable":true,"href":"https:\/\/idckohtao.com\/fr\/wp-json\/wp\/v2\/users\/1"}],"replies":[{"embeddable":true,"href":"https:\/\/idckohtao.com\/fr\/wp-json\/wp\/v2\/comments?post=3537"}],"version-history":[{"count":2,"href":"https:\/\/idckohtao.com\/fr\/wp-json\/wp\/v2\/pages\/3537\/revisions"}],"predecessor-version":[{"id":7582,"href":"https:\/\/idckohtao.com\/fr\/wp-json\/wp\/v2\/pages\/3537\/revisions\/7582"}],"up":[{"embeddable":true,"href":"https:\/\/idckohtao.com\/fr\/wp-json\/wp\/v2\/pages\/7934"}],"wp:featuredmedia":[{"embeddable":true,"href":"https:\/\/idckohtao.com\/fr\/wp-json\/wp\/v2\/media\/5229"}],"wp:attachment":[{"href":"https:\/\/idckohtao.com\/fr\/wp-json\/wp\/v2\/media?parent=3537"}],"curies":[{"name":"wp","href":"https:\/\/api.w.org\/{rel}","templated":true}]}}