{"id":3540,"date":"2023-08-11T06:22:21","date_gmt":"2023-08-11T06:22:21","guid":{"rendered":"https:\/\/idckohtao.com\/underwater-navigation-instructor-specialty\/"},"modified":"2026-01-01T09:38:35","modified_gmt":"2026-01-01T09:38:35","slug":"underwater-navigation-instructor-specialty","status":"publish","type":"page","link":"https:\/\/idckohtao.com\/fr\/pro-level-courses\/underwater-navigation-instructor-specialty\/","title":{"rendered":"Underwater Navigation Instructor Specialty"},"content":{"rendered":"<div class=\"wpb-content-wrapper\"><p>[vc_row][vc_column][vc_column_text css=\u00a0\u00bb\u00a0\u00bb]<\/p>\n<h2>Cours d\u2019instructeur sp\u00e9cialis\u00e9 PADI, Koh Tao, Tha\u00eflande<\/h2>\n<p>Deux plongeurs enthousiastes et inexp\u00e9riment\u00e9s sont obs\u00e9d\u00e9s par plus que toute autre chose. La quantit\u00e9 d\u2019air qu\u2019ils utilisent et se perdre \u2013 ou plus pr\u00e9cis\u00e9ment \u2013 \u00e0 se retrouver sous l\u2019eau.<\/p>\n<p>En tant qu\u2019OWSI qui a termin\u00e9 avec succ\u00e8s le processus IDC \/ IE, vous \u00eates d\u00e9j\u00e0 certifi\u00e9 pour enseigner le cours de sp\u00e9cialit\u00e9 \u2018Peak Performance Buoyancy\u2019 vous permettant de r\u00e9pondre \u00e0 l\u2019une des pr\u00e9occupations les plus courantes que vos plongeurs vous poseront \u00e0 travers la formation.<\/p>\n<p>Alors pourquoi ne pas vous familiariser avec l\u2019enseignement de la navigation sous-marine? De cette fa\u00e7on, vous pouvez montrer \u00e0 vos \u00e9l\u00e8ves la bonne voie \u00e0 suivre, les aider \u00e0 affiner leurs comp\u00e9tences d\u2019observation et leur apprendre \u00e0 utiliser leur boussole avec plus de pr\u00e9cision sous l\u2019eau.<\/p>\n<p>En tant qu\u2019instructeur sp\u00e9cialis\u00e9 en navigation sous-marine, vous pourrez enseigner \u00e0 vos \u00e9l\u00e8ves comment estimer la distance sous l\u2019eau, utiliser des r\u00e9f\u00e9rences naturelles pour trouver leur chemin autour du site de plong\u00e9e, parcourir des mod\u00e8les \u00e0 plusieurs tours et leur apprendre \u00e0 cartographier un site de plong\u00e9e.<\/p>\n<p><b>Naviguer autour de Koh Tao<br \/>\n<\/b><\/p>\n<p>Koh Tao poss\u00e8de une vaste gamme de sites de plong\u00e9e peu profonds, id\u00e9aux pour former les plongeurs \u00e0 la navigation sous-marine. Une vari\u00e9t\u00e9 de sites offrant des fonds sablonneux, des r\u00e9cifs avec de nombreux points de r\u00e9f\u00e9rence naturels ainsi que des sites avec un courant doux, Koh Tao est parfait pour un plongeur pour apprendre et affiner ses comp\u00e9tences en navigation sous-marine.<\/p>\n<p><img decoding=\"async\" class=\"alignnone wp-image-935 size-large\" src=\"https:\/\/idckohtao.com\/wp-content\/uploads\/2023\/08\/idc-koh-tao-padi-specialties-navigation-msdt-skills-1-1024x768.jpg\" alt=\"idc-koh-tao-padi-specialties-navigation-msdt-skills\" width=\"1024\" height=\"768\" srcset=\"https:\/\/idckohtao.com\/wp-content\/uploads\/2023\/08\/idc-koh-tao-padi-specialties-navigation-msdt-skills-1-1024x768.jpg 1024w, https:\/\/idckohtao.com\/wp-content\/uploads\/2023\/08\/idc-koh-tao-padi-specialties-navigation-msdt-skills-1-300x225.jpg 300w, https:\/\/idckohtao.com\/wp-content\/uploads\/2023\/08\/idc-koh-tao-padi-specialties-navigation-msdt-skills-1-768x576.jpg 768w, https:\/\/idckohtao.com\/wp-content\/uploads\/2023\/08\/idc-koh-tao-padi-specialties-navigation-msdt-skills-1.jpg 1080w\" sizes=\"(max-width: 1024px) 100vw, 1024px\" \/><\/p>\n<p><b>Qui peut s\u2019inscrire au cours d\u2019instructeur sp\u00e9cialis\u00e9 en navigation sous-marine PADI?<br \/>\n<\/b><\/p>\n<p>Un\u00a0<a href=\"https:\/\/idckohtao.com\/fr\/pro-level-courses\/padi-instructor-development-course\/\">Instructeur PADI (OWSI)<\/a>\u00a0renouvel\u00e9<\/p>\n<p><strong>Remarque:<\/strong>\u00a0Les candidats IDC \/ OWSI peuvent participer au cours de formation d\u2019instructeur sp\u00e9cialis\u00e9 en navigation sous-marine PADI, mais ne peuvent demander la certification d\u2019instructeur sp\u00e9cialis\u00e9 qu\u2019apr\u00e8s avoir r\u00e9ussi l\u2019examen pour instructeur (IE).<\/p>\n<p>Les instructeurs sp\u00e9cialis\u00e9s en navigation sous-marine doivent avoir effectu\u00e9 au moins 10 plong\u00e9es en navigation avant la certification. Il s\u2019agit d\u2019une condition de sortie de cours et les plong\u00e9es peuvent \u00eatre effectu\u00e9es apr\u00e8s le cours de formation d\u2019instructeur.<\/p>\n<h2><b>Qu\u2019allez-vous apprendre?<\/b><\/h2>\n<p>Vous participerez aux sessions suivantes:<\/p>\n<ul>\n<li>Pr\u00e9senter et \u00eatre \u00e9valu\u00e9 sur une pr\u00e9sentation normative de la r\u00e9vision des connaissances de la navigation sous-marine<\/li>\n<li>Normes, proc\u00e9dures et programme du cours de sp\u00e9cialit\u00e9 de navigation sous-marine PADI<\/li>\n<li>Comment organiser, diriger et commercialiser le cours de sp\u00e9cialit\u00e9 de navigation sous-marine PADI<\/li>\n<li>Sessions de formation en eau libre \u2013 o\u00f9 vous apprendrez comment d\u00e9montrer, ex\u00e9cuter et \u00e9valuer les comp\u00e9tences de niveau \u00e9tudiant du cours de sp\u00e9cialit\u00e9 de navigation sous-marine PADI.<\/li>\n<\/ul>\n<p>Vous effectuerez les plong\u00e9es de formation en eau libre sur l\u2019un des nombreux sites de plong\u00e9e locaux adapt\u00e9s \u00e0 ce type de formation.<\/p>\n<p>En tant qu\u2019instructeur de sp\u00e9cialit\u00e9 de navigation sous-marine PADI, vous \u00eates certifi\u00e9 pour enseigner de mani\u00e8re ind\u00e9pendante le cours de sp\u00e9cialit\u00e9 de navigation sous-marine PADI<\/p>\n<p><img decoding=\"async\" class=\"alignnone wp-image-934 size-large\" src=\"https:\/\/idckohtao.com\/wp-content\/uploads\/2023\/08\/idckohtao.com-open-water-presentations-navigation-1024x768.jpg\" alt=\"idckohtao.com-open-water-presentations-navigation\" width=\"1024\" height=\"768\" srcset=\"https:\/\/idckohtao.com\/wp-content\/uploads\/2023\/08\/idckohtao.com-open-water-presentations-navigation-1024x768.jpg 1024w, https:\/\/idckohtao.com\/wp-content\/uploads\/2023\/08\/idckohtao.com-open-water-presentations-navigation-300x225.jpg 300w, https:\/\/idckohtao.com\/wp-content\/uploads\/2023\/08\/idckohtao.com-open-water-presentations-navigation-768x576.jpg 768w, https:\/\/idckohtao.com\/wp-content\/uploads\/2023\/08\/idckohtao.com-open-water-presentations-navigation.jpg 1080w\" sizes=\"(max-width: 1024px) 100vw, 1024px\" \/><\/p>\n<p><b>Mat\u00e9riaux PADI:<\/b><\/p>\n<p><i>Veuillez apporter le mat\u00e9riel suivant avec votre manuel d\u2019instructeur de cours de sp\u00e9cialit\u00e9 PADI. Vous les avez re\u00e7ues dans le cadre du \u2018IDC Crewpack\u2019 pendant votre IDC.- Manuel de l\u2019instructeur des cours de sp\u00e9cialit\u00e9 PADI (CD-Rom)<br \/>\n<\/i><\/p>\n<p>De plus, vous aurez besoin d\u2019une copie du manuel de l\u2019instructeur PADI. Depuis 2010, le manuel de l\u2019instructeur est disponible en t\u00e9l\u00e9chargement gratuit pour tous les membres PADI renouvel\u00e9s sur\u00a0<a href=\"https:\/\/www.padi.com\/mypadi\/\" target=\"_blank\" rel=\"noopener\">www.padi.com\/mypadi<\/a><\/p>\n<p><b>Frais PADI<\/b><\/p>\n<p>Instructeur du Sp\u00e9cialit\u00e9 de navigation sous-marine PADI frais de candidature:\u00a0<strong>145 $AUD<\/strong>[\/vc_column_text]<div class=\"text-left\"><div class=\"bt-course-price\"><h4>Prix du cours: 4,000 THB<\/h4><a href=\"https:\/\/idckohtao.com\/fr\/packages-prices\" class=\"button\">R\u00c9SERVATION EN LIGNE<\/a><\/div><\/div>[\/vc_column][\/vc_row]<\/p>\n<\/div>","protected":false},"excerpt":{"rendered":"<p>[vc_row][vc_column][vc_column_text css=\u00a0\u00bb\u00a0\u00bb] Cours d\u2019instructeur sp\u00e9cialis\u00e9 PADI, Koh Tao, Tha\u00eflande Deux plongeurs enthousiastes et inexp\u00e9riment\u00e9s sont obs\u00e9d\u00e9s par plus que toute autre chose. La quantit\u00e9 d\u2019air qu\u2019ils utilisent et se perdre \u2013 ou plus pr\u00e9cis\u00e9ment \u2013 \u00e0 se retrouver sous l\u2019eau. En tant qu\u2019OWSI qui a termin\u00e9 avec succ\u00e8s le processus IDC \/ IE, vous \u00eates [&hellip;]<\/p>\n","protected":false},"author":1,"featured_media":5237,"parent":7934,"menu_order":0,"comment_status":"closed","ping_status":"closed","template":"","meta":{"_acf_changed":false,"footnotes":""},"class_list":["post-3540","page","type-page","status-publish","has-post-thumbnail","hentry"],"acf":[],"yoast_head":"<!-- This site is optimized with the Yoast SEO Premium plugin v27.5 (Yoast SEO v27.5) - https:\/\/yoast.com\/product\/yoast-seo-premium-wordpress\/ -->\n<title>IDC Koh Tao | Cours d&#039;instructeur de navigation sous-marine PADI<\/title>\n<meta name=\"description\" content=\"Notre cours de sp\u00e9cialit\u00e9 d&#039;instructeur de navigation sous-marine PADI \u00e0 Koh Tao vous certifie en tant qu&#039;instructeur de sp\u00e9cialit\u00e9 pour enseigner aux \u00e9tudiants comment naviguer sous l&#039;eau\" \/>\n<meta name=\"robots\" content=\"index, follow, max-snippet:-1, max-image-preview:large, max-video-preview:-1\" \/>\n<link rel=\"canonical\" href=\"https:\/\/idckohtao.com\/fr\/pro-level-courses\/underwater-navigation-instructor-specialty\/\" \/>\n<meta property=\"og:locale\" content=\"fr_FR\" \/>\n<meta property=\"og:type\" content=\"article\" \/>\n<meta property=\"og:title\" content=\"IDC Koh Tao | Cours d&#039;instructeur de navigation sous-marine PADI\" \/>\n<meta property=\"og:description\" content=\"Notre cours de sp\u00e9cialit\u00e9 d&#039;instructeur de navigation sous-marine PADI \u00e0 Koh Tao vous certifie en tant qu&#039;instructeur de sp\u00e9cialit\u00e9 pour enseigner aux \u00e9tudiants comment naviguer sous l&#039;eau\" \/>\n<meta property=\"og:url\" content=\"https:\/\/idckohtao.com\/fr\/pro-level-courses\/underwater-navigation-instructor-specialty\/\" \/>\n<meta property=\"og:site_name\" content=\"IDC Koh Tao\" \/>\n<meta property=\"article:publisher\" content=\"https:\/\/www.facebook.com\/GoProIDCKohTao\" \/>\n<meta property=\"article:modified_time\" content=\"2026-01-01T09:38:35+00:00\" \/>\n<meta property=\"og:image\" content=\"https:\/\/idckohtao.com\/wp-content\/uploads\/2023\/09\/idckohtao.com-underwater-navigation-instructor-courses-in-thailand.jpeg\" \/>\n\t<meta property=\"og:image:width\" content=\"1200\" \/>\n\t<meta property=\"og:image:height\" content=\"863\" \/>\n\t<meta property=\"og:image:type\" content=\"image\/jpeg\" \/>\n<meta name=\"twitter:card\" content=\"summary_large_image\" \/>\n<meta name=\"twitter:title\" content=\"IDC Koh Tao | Cours d&#039;instructeur de navigation sous-marine PADI\" \/>\n<meta name=\"twitter:description\" content=\"Notre cours de sp\u00e9cialit\u00e9 d&#039;instructeur de navigation sous-marine PADI \u00e0 Koh Tao vous certifie en tant qu&#039;instructeur de sp\u00e9cialit\u00e9 pour enseigner aux \u00e9tudiants comment naviguer sous l&#039;eau\" \/>\n<meta name=\"twitter:site\" content=\"@GoProIDCKohTao\" \/>\n<!-- \/ Yoast SEO Premium plugin. -->","yoast_head_json":{"title":"IDC Koh Tao | Cours d'instructeur de navigation sous-marine PADI","description":"Notre cours de sp\u00e9cialit\u00e9 d'instructeur de navigation sous-marine PADI \u00e0 Koh Tao vous certifie en tant qu'instructeur de sp\u00e9cialit\u00e9 pour enseigner aux \u00e9tudiants comment naviguer sous l'eau","robots":{"index":"index","follow":"follow","max-snippet":"max-snippet:-1","max-image-preview":"max-image-preview:large","max-video-preview":"max-video-preview:-1"},"canonical":"https:\/\/idckohtao.com\/fr\/pro-level-courses\/underwater-navigation-instructor-specialty\/","og_locale":"fr_FR","og_type":"article","og_title":"IDC Koh Tao | Cours d'instructeur de navigation sous-marine PADI","og_description":"Notre cours de sp\u00e9cialit\u00e9 d'instructeur de navigation sous-marine PADI \u00e0 Koh Tao vous certifie en tant qu'instructeur de sp\u00e9cialit\u00e9 pour enseigner aux \u00e9tudiants comment naviguer sous l'eau","og_url":"https:\/\/idckohtao.com\/fr\/pro-level-courses\/underwater-navigation-instructor-specialty\/","og_site_name":"IDC Koh Tao","article_publisher":"https:\/\/www.facebook.com\/GoProIDCKohTao","article_modified_time":"2026-01-01T09:38:35+00:00","og_image":[{"width":1200,"height":863,"url":"https:\/\/idckohtao.com\/wp-content\/uploads\/2023\/09\/idckohtao.com-underwater-navigation-instructor-courses-in-thailand.jpeg","type":"image\/jpeg"}],"twitter_card":"summary_large_image","twitter_title":"IDC Koh Tao | Cours d'instructeur de navigation sous-marine PADI","twitter_description":"Notre cours de sp\u00e9cialit\u00e9 d'instructeur de navigation sous-marine PADI \u00e0 Koh Tao vous certifie en tant qu'instructeur de sp\u00e9cialit\u00e9 pour enseigner aux \u00e9tudiants comment naviguer sous l'eau","twitter_site":"@GoProIDCKohTao","schema":{"@context":"https:\/\/schema.org","@graph":[{"@type":"NewsArticle","@id":"https:\/\/idckohtao.com\/fr\/pro-level-courses\/underwater-navigation-instructor-specialty\/#article","isPartOf":{"@id":"https:\/\/idckohtao.com\/fr\/pro-level-courses\/underwater-navigation-instructor-specialty\/"},"author":{"name":"ojasya","@id":"https:\/\/idckohtao.com\/fr\/#\/schema\/person\/d08d557cbfdbc171f824052dae697b02"},"headline":"Underwater Navigation Instructor Specialty","datePublished":"2023-08-11T06:22:21+00:00","dateModified":"2026-01-01T09:38:35+00:00","mainEntityOfPage":{"@id":"https:\/\/idckohtao.com\/fr\/pro-level-courses\/underwater-navigation-instructor-specialty\/"},"wordCount":646,"publisher":{"@id":"https:\/\/idckohtao.com\/fr\/#organization"},"image":{"@id":"https:\/\/idckohtao.com\/fr\/pro-level-courses\/underwater-navigation-instructor-specialty\/#primaryimage"},"thumbnailUrl":"https:\/\/idckohtao.com\/wp-content\/uploads\/2023\/09\/idckohtao.com-underwater-navigation-instructor-courses-in-thailand.jpeg","inLanguage":"fr-FR"},{"@type":"WebPage","@id":"https:\/\/idckohtao.com\/fr\/pro-level-courses\/underwater-navigation-instructor-specialty\/","url":"https:\/\/idckohtao.com\/fr\/pro-level-courses\/underwater-navigation-instructor-specialty\/","name":"IDC Koh Tao | Cours d'instructeur de navigation sous-marine PADI","isPartOf":{"@id":"https:\/\/idckohtao.com\/fr\/#website"},"primaryImageOfPage":{"@id":"https:\/\/idckohtao.com\/fr\/pro-level-courses\/underwater-navigation-instructor-specialty\/#primaryimage"},"image":{"@id":"https:\/\/idckohtao.com\/fr\/pro-level-courses\/underwater-navigation-instructor-specialty\/#primaryimage"},"thumbnailUrl":"https:\/\/idckohtao.com\/wp-content\/uploads\/2023\/09\/idckohtao.com-underwater-navigation-instructor-courses-in-thailand.jpeg","datePublished":"2023-08-11T06:22:21+00:00","dateModified":"2026-01-01T09:38:35+00:00","description":"Notre cours de sp\u00e9cialit\u00e9 d'instructeur de navigation sous-marine PADI \u00e0 Koh Tao vous certifie en tant qu'instructeur de sp\u00e9cialit\u00e9 pour enseigner aux \u00e9tudiants comment naviguer sous l'eau","breadcrumb":{"@id":"https:\/\/idckohtao.com\/fr\/pro-level-courses\/underwater-navigation-instructor-specialty\/#breadcrumb"},"inLanguage":"fr-FR","potentialAction":[{"@type":"ReadAction","target":["https:\/\/idckohtao.com\/fr\/pro-level-courses\/underwater-navigation-instructor-specialty\/"]}]},{"@type":"ImageObject","inLanguage":"fr-FR","@id":"https:\/\/idckohtao.com\/fr\/pro-level-courses\/underwater-navigation-instructor-specialty\/#primaryimage","url":"https:\/\/idckohtao.com\/wp-content\/uploads\/2023\/09\/idckohtao.com-underwater-navigation-instructor-courses-in-thailand.jpeg","contentUrl":"https:\/\/idckohtao.com\/wp-content\/uploads\/2023\/09\/idckohtao.com-underwater-navigation-instructor-courses-in-thailand.jpeg","width":1200,"height":863,"caption":"Underwater Navigation Instructor Course on Koh Tao, Thailand"},{"@type":"BreadcrumbList","@id":"https:\/\/idckohtao.com\/fr\/pro-level-courses\/underwater-navigation-instructor-specialty\/#breadcrumb","itemListElement":[{"@type":"ListItem","position":1,"name":"Home","item":"https:\/\/idckohtao.com\/fr\/"},{"@type":"ListItem","position":2,"name":"Pro level","item":"https:\/\/idckohtao.com\/fr\/pro-level-courses\/"},{"@type":"ListItem","position":3,"name":"Underwater Navigation Instructor Specialty"}]},{"@type":"WebSite","@id":"https:\/\/idckohtao.com\/fr\/#website","url":"https:\/\/idckohtao.com\/fr\/","name":"IDC Koh Tao","description":"PADI IDC 5 Star Diving Center in Koh Tao - Thailand","publisher":{"@id":"https:\/\/idckohtao.com\/fr\/#organization"},"alternateName":"IDC Koh Tao in Thailand","potentialAction":[{"@type":"SearchAction","target":{"@type":"EntryPoint","urlTemplate":"https:\/\/idckohtao.com\/fr\/?s={search_term_string}"},"query-input":{"@type":"PropertyValueSpecification","valueRequired":true,"valueName":"search_term_string"}}],"inLanguage":"fr-FR"},{"@type":"Organization","@id":"https:\/\/idckohtao.com\/fr\/#organization","name":"IDC Koh Tao","alternateName":"IDC Koh Tao | Divemaster & Diving Instructor","url":"https:\/\/idckohtao.com\/fr\/","logo":{"@type":"ImageObject","inLanguage":"fr-FR","@id":"https:\/\/idckohtao.com\/fr\/#\/schema\/logo\/image\/","url":"https:\/\/idckohtao.com\/wp-content\/uploads\/2023\/09\/idckohtao.com-padi-diving-center-in-koh-tao-thailand.png","contentUrl":"https:\/\/idckohtao.com\/wp-content\/uploads\/2023\/09\/idckohtao.com-padi-diving-center-in-koh-tao-thailand.png","width":400,"height":300,"caption":"IDC Koh Tao"},"image":{"@id":"https:\/\/idckohtao.com\/fr\/#\/schema\/logo\/image\/"},"sameAs":["https:\/\/www.facebook.com\/GoProIDCKohTao","https:\/\/x.com\/GoProIDCKohTao","https:\/\/www.youtube.com\/idckohtao","https:\/\/www.instagram.com\/idc.kohtao\/"],"description":"IDC Koh Tao is a part of the Black Turtle Dive pro level training team with three PADI Course Directors being led by Award Winning PADI Course Director Matt Bolton. Our full range of pro and recreational PADI Diving Courses provides aspiring scuba divers with education, fun, excitement, adventure, and a change of lifestyle or an opportunity to pursue a new career.","email":"info@idckohtao.com","legalName":"IDC Koh Tao","foundingDate":"2004-01-04","numberOfEmployees":{"@type":"QuantitativeValue","minValue":"1","maxValue":"10"},"correctionsPolicy":"https:\/\/idckohtao.com\/privacy-policy\/","ethicsPolicy":"https:\/\/idckohtao.com\/terms\/"},{"@type":"Person","@id":"https:\/\/idckohtao.com\/fr\/#\/schema\/person\/d08d557cbfdbc171f824052dae697b02","name":"ojasya","image":{"@type":"ImageObject","inLanguage":"fr-FR","@id":"https:\/\/secure.gravatar.com\/avatar\/6fb34e36d09053a6545fc21d344613321bb1933f185132488f38052166f5a001?s=96&d=mm&r=g","url":"https:\/\/secure.gravatar.com\/avatar\/6fb34e36d09053a6545fc21d344613321bb1933f185132488f38052166f5a001?s=96&d=mm&r=g","contentUrl":"https:\/\/secure.gravatar.com\/avatar\/6fb34e36d09053a6545fc21d344613321bb1933f185132488f38052166f5a001?s=96&d=mm&r=g","caption":"ojasya"},"sameAs":["https:\/\/idckohtao.com"],"url":"https:\/\/idckohtao.com\/fr\/blog\/author\/ojasya\/"}]}},"_links":{"self":[{"href":"https:\/\/idckohtao.com\/fr\/wp-json\/wp\/v2\/pages\/3540","targetHints":{"allow":["GET"]}}],"collection":[{"href":"https:\/\/idckohtao.com\/fr\/wp-json\/wp\/v2\/pages"}],"about":[{"href":"https:\/\/idckohtao.com\/fr\/wp-json\/wp\/v2\/types\/page"}],"author":[{"embeddable":true,"href":"https:\/\/idckohtao.com\/fr\/wp-json\/wp\/v2\/users\/1"}],"replies":[{"embeddable":true,"href":"https:\/\/idckohtao.com\/fr\/wp-json\/wp\/v2\/comments?post=3540"}],"version-history":[{"count":2,"href":"https:\/\/idckohtao.com\/fr\/wp-json\/wp\/v2\/pages\/3540\/revisions"}],"predecessor-version":[{"id":7577,"href":"https:\/\/idckohtao.com\/fr\/wp-json\/wp\/v2\/pages\/3540\/revisions\/7577"}],"up":[{"embeddable":true,"href":"https:\/\/idckohtao.com\/fr\/wp-json\/wp\/v2\/pages\/7934"}],"wp:featuredmedia":[{"embeddable":true,"href":"https:\/\/idckohtao.com\/fr\/wp-json\/wp\/v2\/media\/5237"}],"wp:attachment":[{"href":"https:\/\/idckohtao.com\/fr\/wp-json\/wp\/v2\/media?parent=3540"}],"curies":[{"name":"wp","href":"https:\/\/api.w.org\/{rel}","templated":true}]}}